{"id":50553,"date":"2025-11-14T20:55:42","date_gmt":"2025-11-15T01:55:42","guid":{"rendered":"https:\/\/cusointernational.org\/offrez-un-avenir-meilleur\/"},"modified":"2025-12-16T17:48:39","modified_gmt":"2025-12-16T22:48:39","slug":"avenir-meilleur","status":"publish","type":"page","link":"https:\/\/cusointernational.org\/fr\/avenir-meilleur\/","title":{"rendered":"Offrez un avenir meilleur"},"content":{"rendered":"\r\n<h1>\r\n\t\t\tCette ann\u00e9e pour les f\u00eates \t<\/h1>\r\n<h1>\r\n\t\t\tN&#8217;OFFREZ PAS DE PR\u00c9SENT<br \/>&#8230;\t<\/h1>\r\n<h2>\r\n\t\t\tOffrez un avenir meilleur\t<\/h2>\r\n\t<p>Avec Cuso International, votre don se transforme en outils, en savoirs-faire et en courage. Il change des trajectoires, laisse une trace, ouvre les possibles. Le <em>vrai<\/em> cadeau durable.<\/p>\r\n\t<a href=\"#XKXDDPDY\"><\/a> \r\n<h2>\r\n\t\t\tQuel avenir voulez-vous offrir?\t<\/h2>\r\n\t<p>Votre don de fin d&#8217;ann\u00e9e ira l\u00e0 o\u00f9 les besoins sont les plus urgents. Mais pour vous aider \u00e0 imaginer son impact, voici des exemples de ce que votre g\u00e9n\u00e9rosit\u00e9 peut accomplir.<\/p>\r\n\t<a href=\"#XPQAJHWB\"><\/a><br \/>\r\n\t<a href=\"#XFRRKSEJ\"><\/a><br \/>\r\n\t<a href=\"#XUNMAYMD\"><\/a><br \/>\r\n<h2>\r\n\t\t\tQuelle est l&#8217;\u00e9tendue de votre g\u00e9n\u00e9rosit\u00e9?\t<\/h2>\r\n\t<p>Dans plusieurs projets d&#8217;adaptation aux changements climatiques soutenus par Cuso, les retomb\u00e9es se mesurent en rendement agricole et en s\u00e9curit\u00e9 alimentaire am\u00e9lior\u00e9s, ainsi qu&#8217;en portions de terre revitalis\u00e9e. Faites le test et voyez la port\u00e9e potentielle de votre don!<\/p>\r\n\t<a href=\"#XMDWHQXK\"><\/a><br \/><br \/>\r\n\t<p>* Bas\u00e9 sur les co\u00fbts r\u00e9els de la part financ\u00e9e par Cuso et les retomb\u00e9es estim\u00e9es d&#8217;un projet r\u00e9cent au B\u00e9nin.<\/p>\r\n<h2>\r\n\t\t\tL&#8217;effet boule de neige (ou l&#8217;effet Cuso)\t<\/h2>\r\n\t<p>Quand nous formons, soutenons ou accompagnons une personne; qu&#8217;il s&#8217;agisse d&#8217;un jeune leader, d&#8217;une agricultrice ou d&#8217;un chercheur d&#8217;emploi; l&#8217;impact de ses nouveaux acquis la d\u00e9passe largement. Chaque action se multiplie. Chaque changement en inspire un autre. Petit \u00e0 petit, un mouvement grandit en un effet boule de neige porteur d&#8217;avenir.<\/p>\r\n\t<a href=\"#XKXDDPDY\"><\/a> \r\n<h2>\r\n\t\t\tCuso et vous : c&#8217;est donnant-donnant\t<\/h2>\r\n\t<p>Calculez le co\u00fbt r\u00e9el de votre don de fin d&#8217;ann\u00e9e, apr\u00e8s d\u00e9ductions fiscales.<\/p>\r\n<p><strong>Avez-vous fait un ou plusieurs dons de bienfaisance totalisant 200 $ ou plus depuis le d\u00e9but de l&#8217;ann\u00e9e 2025?<\/strong><\/p>\r\n\t<style>\r\n    @import url('https:\/\/fonts.googleapis.com\/css2?family=Noto+Sans:ital,wght@0,300;0,400;0,500;0,600;0,700;1,300;1,400;1,500;1,600;1,700&display=swap');\r\n    *{-webkit-box-sizing:border-box;-moz-box-sizing:border-box;-ms-box-sizing:border-box;box-sizing:border-box;outline:none}body{font-size:100%;line-height:1.6875}.grid{margin:0 auto;max-width:1000px;width:100%}img{max-width:100%;height:auto;display:block;margin-left:auto;margin-right:auto}.wfull{width:100%;max-width:100%}.w320{max-width:320px}.w640{max-width:640px}.w960{max-width:960px}.row{width:100%}.row .row{width:auto;margin:0 -15px}.c1{width:8.33%}.c2{width:16.66%}.c3{width:25%}.c4{width:33.33%}.c5{width:41.66%}.c6{width:50%}.c7{width:58.33%}.c8{width:66.66%}.c9{width:75%}.c10{width:83.33%}.c11{width:91.66%}.c12{width:100%}.c1,.c2,.c3,.c4,.c5,.c6,.c7,.c8,.c9,.c10,.c11,.c12{min-height:1px;float:left;padding-left:15px;padding-right:15px;position:relative}.s1{margin-left:8.33%}.s2{margin-left:16.66%}.s3{margin-left:25%}.s4{margin-left:33.33%}.s5{margin-left:41.66%}.s6{margin-left:50%}.s7{margin-left:58.33%}.s8{margin-left:66.66%}.s9{margin-left:75%}.s10{margin-left:83.33%}.s11{margin-left:91.66%}.end{float:right !important}.noleftpadding{padding-left:0 !important}.norightpadding{padding-right:0 !important}.nosidepadding{padding-left:0 !important;padding-right:0 !important}.smallleftpadding{padding-left:10px !important}.smallrightpadding{padding-right:10px !important}.smallsidepadding{padding-left:10px !important;padding-right:10px !important}.aligncenter{text-align:center}\r\n    .content-area {\r\n      background: none;\r\n      color: #2C2C2C;\r\n      font-family: 'Noto Sans', sans-serif;\r\n      font-size: 16px;\r\n      line-height: 24px;\r\n    }\r\n    .calc-main {\r\n      -ms-behavior: url(\/backgroundsize.min.htc);\r\n      background-position: top;\r\n      background-size: cover;\r\n      padding: 0 0;\r\n    }\r\n    .calc-main .c5 {\r\n      width: 100%;\r\n    }\r\n    .calc-main .c7 {\r\n      width: 20%;\r\n    }\r\n    .impact-wrap{\r\n      font-size: 25px;\r\n      font-weight: 600;\r\n      text-transform: uppercase;\r\n      margin-top: 20px;\r\n      color: #008fbb;\r\n      max-width: 250px;\r\n      margin-left: auto;\r\n      margin-right: auto;\r\n    }\r\n    .featured-box {\r\n      background: transparent;\r\n      border-radius: 8px;\r\n      cursor: default;\r\n      padding: 0px;\r\n      text-align: center;\r\n    }\r\n    .data-table {\r\n      padding: 4px 15px;\r\n      position: relative;\r\n    }\r\n    .data-table table {\r\n      text-align: left;\r\n      width: 100%;\r\n    }\r\n    .data-table th {\r\n      font-weight: 600;\r\n    }\r\n    .data-table th,\r\n    .data-table td {\r\n      line-height: 20px;\r\n      padding: 8px 0;\r\n      width: 33.33%;\r\n    }\r\n    .data-table thead tr:first-child {\r\n      border-bottom: 1px solid #fff;\r\n    }\r\n    .data-table thead tr:first-child th {\r\n      font-size: 18px;\r\n    }\r\n    .data-table tbody tr {\r\n      border-top: 1px solid #fff;\r\n    }\r\n    .table-close {\r\n      background-image: url();\r\n      background-position: center;\r\n      background-repeat: no-repeat;\r\n      background-size: 12px;\r\n      cursor: pointer;\r\n      height: 32px;\r\n      position: absolute;\r\n      right: 0;\r\n      top: 0;\r\n      width: 32px;\r\n    }\r\n    .featured-box h2 {\r\n      color: #017397;\r\n      font-family: 'Noto Sans', sans-serif;\r\n      font-size: 32px;\r\n      font-weight: 700;\r\n      line-height: 36px;\r\n      margin: auto;\r\n    }\r\n    .featured-box h2 em {\r\n      font-weight: 500;\r\n    }\r\n    .featured-box h3 {\r\n      text-transform: capitalize;\r\n      font-size: 16px;\r\n      font-weight: normal;\r\n      color: #017397;\r\n      line-height: 20px;\r\n      font-style: italic;\r\n    }\r\n    .featured-box p {\r\n      font-size: 17px;\r\n      margin: 15px auto;\r\n      max-width: 335px;\r\n      line-height: 19px;\r\n    }\r\n    .have-donated {\r\n      overflow: hidden;\r\n    }\r\n    .have-donated button {\r\n      background: #fff;\r\n      border-radius: 8px;\r\n      border: 1px solid #007396;\r\n      display: block;\r\n      float: left;\r\n      font-size: 16px;\r\n      height: auto;\r\n      min-height: 30px;\r\n      padding: 0;\r\n      width: 200px;\r\n      width: calc(50% - 1px);\r\n      font-family: 'Noto Sans', sans-serif;\r\n      color: #000;\r\n      padding: 16px;\r\n      font-size: 18px;\r\n      font-style: normal;\r\n      font-weight: 400;\r\n      line-height: 30px;\r\n    }\r\n    .have-donated button:first-of-type {\r\n      margin-right: 0px;\r\n    }\r\n    .have-donated button:hover,\r\n    .have-donated button.active {\r\n      background: #007396;\r\n      color: #fff;\r\n      height: auto;\r\n      cursor: pointer;\r\n    }\r\n    #province-select {\r\n      width: 100%;\r\n      margin-top: 10px;\r\n      padding: 16px;\r\n      border: 1px solid #007396;\r\n      border-radius: 8px;\r\n      cursor: pointer;\r\n      background: #fff;\r\n      font-size: 18px;\r\n      font-style: normal;\r\n      font-weight: 400;\r\n      line-height: 30px;\r\n    }\r\n    #province-select,\r\n    ::picker(#province-select) {\r\n      appearance: base-select;\r\n    }\r\n    #province-select::picker-icon {\r\n      color: #007396;\r\n      transition: 0.4s rotate;\r\n    }\r\n    #province-select:open::picker-icon {\r\n      rotate: 180deg;\r\n    }\r\n    .featured-box .amount-label {\r\n      color: #2C2C2C;\r\n      text-align: center;\r\n      font-family: \"Noto Sans\";\r\n      font-size: 16px;\r\n      font-style: normal;\r\n      font-weight: 700;\r\n      line-height: 26px;\r\n      margin-top: 26px;\r\n      margin-bottom: 8px;\r\n      max-width: 300px;\r\n      margin-left: auto;\r\n      margin-right: auto;\r\n    }\r\n    .currency-label {\r\n      position: relative;\r\n    }\r\n    .currency-label input[type=\"text\"] {\r\n      -webkit-appearance: none;\r\n      -moz-appearance: none;\r\n      appearance: none;\r\n      background: #fff;\r\n      border: 1px solid #DDD;\r\n      border-radius: 8px;\r\n      color: #2C2C2C;\r\n      display: block;\r\n      font-family: \"Noto Sans\";\r\n      font-size: 18px;\r\n      font-style: normal;\r\n      font-weight: 400;\r\n      line-height: 30px;\r\n      padding: 16px;\r\n      width: 100%;\r\n      text-align: left;\r\n    }\r\n    .result {\r\n      background: #D1D3D4;\r\n      font-family: 'Noto Sans', sans-serif;\r\n      border-radius: 0 0 0 0;\r\n      color: #4D4D4F;\r\n      font-weight: 500;\r\n      line-height: 1.2;\r\n      padding: 10px;\r\n    }\r\n    .tax-credit {\r\n      position: relative;\r\n    }\r\n    .credit-label {\r\n      color: #2C2C2C;\r\n      text-align: center;\r\n      font-family: \"Noto Sans\";\r\n      font-size: 16px;\r\n      font-style: normal;\r\n      font-weight: 700;\r\n      line-height: 26px;\r\n      margin-top: 0px;\r\n      margin-bottom: 8px;\r\n      margin-left: auto;\r\n      margin-right: auto;\r\n      max-width: 400px;\r\n    }\r\n    .credit-sum:before {\r\n      color: #F86618;\r\n      content: '$';\r\n    }\r\n    .credit-sum {\r\n      color: #F86618;\r\n      font-family: 'Noto Sans', sans-serif;\r\n      font-size: 50px;\r\n      font-style: normal;\r\n      font-weight: 700;\r\n      line-height: 60px;\r\n    }\r\n    .estimates {\r\n      color: #2C2C2C;\r\n      text-align: center;\r\n      font-family: \"Noto Sans\";\r\n      font-size: 16px;\r\n      font-style: normal;\r\n      font-weight: 400;\r\n      line-height: 26px;\r\n      margin: 0 auto;\r\n      margin-top: 8px;\r\n      margin-bottom: 36px;\r\n    }\r\n    .table-open {\r\n      background-image: url(#);\r\n      background-position: center;\r\n      background-repeat: no-repeat;\r\n      background-size: 16px;\r\n      cursor: pointer;\r\n      height: 32px;\r\n      margin-top: -16px;\r\n      position: absolute;\r\n      right: 24px;\r\n      top: 50%;\r\n      width: 32px;\r\n    }\r\n    .give-now {\r\n      background: #FFCA38!important;\r\n      border: none;\r\n      border-radius: 50px!important;\r\n      color: #2C2C2C!important;\r\n      font-family: \"Noto Sans\";\r\n      font-size: 19px;\r\n      font-style: normal;\r\n      font-weight: 700;\r\n      line-height: 22px;\r\n      width:100%;\r\n      padding: 20px 40px;\r\n    }\r\n    .donate-btn-container a{\r\n      border-bottom-color: transparent !important;\r\n    }\r\n    .ss-lock {\r\n      display: none;\r\n    }\r\n    .ss-lock:before {\r\n      font-size: 12px;\r\n      line-height: 12px;\r\n    }\r\n    .info-switch {\r\n      cursor: pointer;\r\n      font-size: 20px;\r\n      font-weight: 600;\r\n      padding: 28px 0;\r\n      text-align: center;\r\n    }\r\n    .info-switch .ss-navigatedown:after {\r\n      font-size: 16px;\r\n      line-height: 16px;\r\n      vertical-align: middle;\r\n    }\r\n    .info-switch .ss-navigatedown.up:after {\r\n      content: '\uf500';\r\n    }\r\n    .info-section {\r\n      border-top: 1px solid #bbb;\r\n      padding-bottom: 56px;\r\n    }\r\n    .info-section p,\r\n    .info-section ul{\r\n      margin: 24px 0;\r\n    }\r\n    .info-section strong {\r\n      font-size: 20px;\r\n    }\r\n    .info-section blockquote {\r\n      background: rgba(26,191,223,0.1);\r\n      border-radius: 4px;\r\n      border: none;\r\n      color: #4d4d4f;\r\n      font-family: 'Noto Sans', sans-serif;\r\n      font-size: 20px;\r\n      line-height: 24px;\r\n      margin: 24px 0;\r\n      overflow: hidden;\r\n      padding: 0 15px;\r\n    }\r\n    .info-section blockquote p {\r\n      margin: 24px 0;\r\n    }\r\n    .menu-main-container,\r\n    .newsletter-signup,\r\n    .footer-donate {\r\n      display: none;\r\n    }\r\n    @media all and (max-width: 768px) {\r\n      .featured-box > h2 {\r\n        font-size: 30px;\r\n        line-height: 1.2;\r\n      }\r\n      .calc-main {\r\n        \/* background: #404040 !important; *\/\r\n      }\r\n      .calc-main .c5,\r\n      .calc-main .c7 {\r\n        width: 100%;\r\n      }\r\n      .featured-box {\r\n        margin: 0 auto;\r\n        max-width: 420px;\r\n      }\r\n      .table-open {\r\n        right: 8px;\r\n      }\r\n      .ss-lock {\r\n        margin-bottom: 24px;\r\n        opacity: 1;\r\n      }\r\n    }\r\n    \/* Overwrite h2 lowercase *\/\r\n    h2 {\r\n      \/*text-transform: capitalize;*\/\r\n    }\r\n.result,\r\n.impact-wrap {\r\ndisplay:none;}\r\n    <\/style>\r\n    <main>\r\n    <button value=\"yes\">Oui<\/button>\r\n    <button  value=\"no\">Non<\/button>\r\n    <br \/>    \r\n    <select id=\"province-select\">\r\n    <option id=\"AB\" value=\"AB\">l&#8217;Alberta<\/option>\r\n    <option id=\"BC\" value=\"BC\">la Colombie-Britannique<\/option>\r\n    <option id=\"MB\" value=\"MB\">le Manitoba<\/option>\r\n    <option id=\"NB\" value=\"NB\">le Nouveau-Brunswick<\/option>\r\n    <option id=\"NL\" value=\"NL\">la Terre-Neuve-et-Labrador<\/option>\r\n    <option id=\"NS\" value=\"NS\">les Territoires du Nord-Ouest <\/option>\r\n    <option id=\"NT\" value=\"NT\">la Nouvelle-\u00c9cosse<\/option>\r\n    <option id=\"NU\" value=\"NU\">le Nunavut<\/option>\r\n    <option id=\"ON\" value=\"ON\">l&#8217;Ontario<\/option>\r\n    <option id=\"PE\" value=\"PE\">l&#8217;\u00eele du Prince-\u00c9douard<\/option>\r\n    <option id=\"QC\" value=\"QC\">le Qu\u00e9bec<\/option>\r\n    <option id=\"SK\" value=\"SK\">la Saskatchewan<\/option>\r\n    <option id=\"YT\" value=\"YT\">les Territoires du Yukon<\/option>\r\n    <\/select>\r\n    <br \/>    Le montant que vous donnez aujourd&#8217;hui \u00e0 Cuso International :<br \/>    \r\n    <input type=\"text\" name=\"amount\" id=\"amount\" value=\"$200\"\/>\r\n    <input type=\"hidden\" name=\"where\" value=\"\"\/>\r\n    <br \/>    Votre don sera multipli\u00e9 par sept!.<br \/>    LA VALEUR TOTALE DE VOTRE IMPACT S&#8217;\u00c9L\u00c8VE \u00c0 1400 $\r\n      Apr\u00e8s d\u00e9ductions fiscales, votre don pourrait vous co\u00fbter seulement :50.00*Estimation selon les r\u00e8gles fiscales de l&#8217;ARC, peut varier selon votre situation.<a href=\"https:\/\/donate.cfccanada.ca\/page\/118022https:\/\/cusointernational.donorsupport.co\/page\/Give1\"><button>Faire un don<\/button><\/a>\r\n    <br \/>    Parfaitement s\u00e9curitaire<table>\r\n    <thead>\r\n    <tr>\r\n    <th colspan=\"3\">Your tax credit means your contribution costs less!<\/th>\r\n    <\/tr>\r\n    <tr>\r\n    <th>Your Donation<\/th>\r\n    <th>Your Tax Credit<\/th>\r\n    <th>Cost After Tax Credit<\/th>\r\n    <\/tr>\r\n    <\/thead>\r\n    \r\n    \r\n    <\/table>\r\n<h2>\r\n\t\t\tUn monde de musique vous attend\t<\/h2>\r\n\t<p>Chaque don vous donne acc\u00e8s \u00e0 notre liste musicale exclusive de fin d&#8217;ann\u00e9e, avec des chansons et des rythmes provenant des pays o\u00f9 votre soutien fait une diff\u00e9rence. C\u00e9l\u00e9brons ensemble les \u00e9changes et la solidarit\u00e9!<\/p>\r\n\t<a href=\"#XKXDDPDY\"><\/a> \r\n<h2>\r\n\t\t\tSaisissez le\t<\/h2>\r\n\t\t\t\t<img decoding=\"async\" src=\"https:\/\/cusointernational.org\/wp-content\/uploads\/\/cuso-holiday-2025-momentum-logo.svg\" alt=\"Momentum logo\" itemprop=\"image\" height=\"38\" width=\"152\" title=\"cuso-holiday-2025-momentum-logo\" onerror=\"this.style.display='none'\" loading=\"lazy\" \/>\r\n\t<p>Petite \u00e9tincelle, grand effet. Faites grandir le changement, mois apr\u00e8s mois. Joignez-vous \u00e0 plus de 2 000 donateurs mensuels qui participent au Momentum de Cuso. Commencez par une bulle de joie!<\/p>\r\n\t<a href=\"#XTSHUQPL\"><\/a>\r\n<h2>\r\n\t\t\tSuivez le rythme du changement\t<\/h2>\r\n\t<p>Des histoires d&#8217;impact, des nouvelles de nos projets et, \u00e0 l&#8217;occasion, de nos campagnes de collecte de fonds : tout \u00e7a livr\u00e9 directement dans votre bo\u00eete courriel.<\/p>\r\n\t<div class=\"feathrBeeFormPreview\" data-form-name=\"Newsletter Signup Form French\" id=\"form-QadyqVbHdX\"><\/div>\n            <script src=\"https:\/\/fthr-content.cusointernational.org\/forms-js\/embed.js\"><\/script>\n            <script>\n            FeathrForms.generateForm({\n            id: \"form-QadyqVbHdX\",\n            url: \"https:\/\/fthr-content.cusointernational.org\/QadyqVbHdX\"\n            });\n            <\/script>\r\n\t\t\t\t<img decoding=\"async\" src=\"https:\/\/cusointernational.org\/wp-content\/uploads\/\/logo-cuso-footer.svg\" alt=\"Cuso International Logo\" itemprop=\"image\" height=\"73\" width=\"160\" title=\"logo-cuso-footer\" onerror=\"this.style.display='none'\" loading=\"lazy\" \/>\r\n\t<p>Tous droits r\u00e9serv\u00e9s. \u00a92025 Cuso International<br \/>Organisme de bienfaisance enregistr\u00e9 au Canada (No. 81111 6813 RR0001)<br \/>et aux \u00c9tats-Unis (EIN 30-0545486)<\/p>\r\n\t<p><a href=\"https:\/\/cusointernational.org\/fr\/denonciation-et-conformite\/\">Avis l\u00e9gal et droit \u00e0 la vie priv\u00e9e<\/a><br \/><a href=\"\/\">Cuso International Accueil<\/a><\/p>\r\n<\/main>\r\n","protected":false},"excerpt":{"rendered":"<p>Cette ann\u00e9e pour les f\u00eates N&#8217;OFFREZ PAS DE PR\u00c9SENT&#8230; Offrez un avenir meilleur Avec Cuso International, votre don se transforme en outils, en savoirs-faire et en courage. Il change des trajectoires, laisse une trace, ouvre les possibles. Le vrai cadeau durable. Quel avenir voulez-vous offrir? Votre don de fin d&#8217;ann\u00e9e ira l\u00e0 o\u00f9 les besoins&hellip;<\/p>\n","protected":false},"author":6,"featured_media":50708,"parent":0,"menu_order":0,"comment_status":"closed","ping_status":"closed","template":"","meta":{"_acf_changed":false,"footnotes":""},"tags":[],"class_list":["post-50553","page","type-page","status-publish","has-post-thumbnail","hentry"],"acf":[],"yoast_head":"<!-- This site is optimized with the Yoast SEO plugin v27.5 - https:\/\/yoast.com\/product\/yoast-seo-wordpress\/ -->\n<title>Offrez un avenir meilleur - Cuso International<\/title>\n<meta name=\"description\" content=\"Cet hiver, n\u2019offrez pas un cadeau. Offrez un avenir meilleur. Votre don se transforme en outils, en savoir-faire et en courage. Le vrai cadeau durable.\" \/>\n<meta name=\"robots\" content=\"index, follow, max-snippet:-1, max-image-preview:large, max-video-preview:-1\" \/>\n<link rel=\"canonical\" href=\"https:\/\/cusointernational.org\/fr\/avenir-meilleur\/\" \/>\n<meta property=\"og:locale\" content=\"fr_FR\" \/>\n<meta property=\"og:type\" content=\"article\" \/>\n<meta property=\"og:title\" content=\"Offrez un avenir meilleur - Cuso International\" \/>\n<meta property=\"og:description\" content=\"Cet hiver, n\u2019offrez pas un cadeau. Offrez un avenir meilleur. Votre don se transforme en outils, en savoir-faire et en courage. Le vrai cadeau durable.\" \/>\n<meta property=\"og:url\" content=\"https:\/\/cusointernational.org\/fr\/avenir-meilleur\/\" \/>\n<meta property=\"og:site_name\" content=\"Cuso International\" \/>\n<meta property=\"article:modified_time\" content=\"2025-12-16T22:48:39+00:00\" \/>\n<meta property=\"og:image\" content=\"https:\/\/cusointernational.org\/wp-content\/uploads\/Cuso-YearEnd-Fcbk-Share-1200x630-FR.jpg\" \/>\n\t<meta property=\"og:image:width\" content=\"1200\" \/>\n\t<meta property=\"og:image:height\" content=\"630\" \/>\n\t<meta property=\"og:image:type\" content=\"image\/jpeg\" \/>\n<meta name=\"twitter:card\" content=\"summary_large_image\" \/>\n<meta name=\"twitter:label1\" content=\"Dur\u00e9e de lecture estim\u00e9e\" \/>\n\t<meta name=\"twitter:data1\" content=\"3 minutes\" \/>\n<script type=\"application\/ld+json\" class=\"yoast-schema-graph\">{\"@context\":\"https:\\\/\\\/schema.org\",\"@graph\":[{\"@type\":\"WebPage\",\"@id\":\"https:\\\/\\\/cusointernational.org\\\/fr\\\/avenir-meilleur\\\/\",\"url\":\"https:\\\/\\\/cusointernational.org\\\/fr\\\/avenir-meilleur\\\/\",\"name\":\"Offrez un avenir meilleur - Cuso International\",\"isPartOf\":{\"@id\":\"https:\\\/\\\/cusointernational.org\\\/fr\\\/#website\"},\"primaryImageOfPage\":{\"@id\":\"https:\\\/\\\/cusointernational.org\\\/fr\\\/avenir-meilleur\\\/#primaryimage\"},\"image\":{\"@id\":\"https:\\\/\\\/cusointernational.org\\\/fr\\\/avenir-meilleur\\\/#primaryimage\"},\"thumbnailUrl\":\"https:\\\/\\\/cusointernational.org\\\/wp-content\\\/uploads\\\/Cuso-YearEnd-Fcbk-Share-1200x630-FR.jpg\",\"datePublished\":\"2025-11-15T01:55:42+00:00\",\"dateModified\":\"2025-12-16T22:48:39+00:00\",\"description\":\"Cet hiver, n\u2019offrez pas un cadeau. Offrez un avenir meilleur. Votre don se transforme en outils, en savoir-faire et en courage. Le vrai cadeau durable.\",\"breadcrumb\":{\"@id\":\"https:\\\/\\\/cusointernational.org\\\/fr\\\/avenir-meilleur\\\/#breadcrumb\"},\"inLanguage\":\"fr-FR\",\"potentialAction\":[{\"@type\":\"ReadAction\",\"target\":[\"https:\\\/\\\/cusointernational.org\\\/fr\\\/avenir-meilleur\\\/\"]}]},{\"@type\":\"ImageObject\",\"inLanguage\":\"fr-FR\",\"@id\":\"https:\\\/\\\/cusointernational.org\\\/fr\\\/avenir-meilleur\\\/#primaryimage\",\"url\":\"https:\\\/\\\/cusointernational.org\\\/wp-content\\\/uploads\\\/Cuso-YearEnd-Fcbk-Share-1200x630-FR.jpg\",\"contentUrl\":\"https:\\\/\\\/cusointernational.org\\\/wp-content\\\/uploads\\\/Cuso-YearEnd-Fcbk-Share-1200x630-FR.jpg\",\"width\":1200,\"height\":630},{\"@type\":\"BreadcrumbList\",\"@id\":\"https:\\\/\\\/cusointernational.org\\\/fr\\\/avenir-meilleur\\\/#breadcrumb\",\"itemListElement\":[{\"@type\":\"ListItem\",\"position\":1,\"name\":\"Home\",\"item\":\"https:\\\/\\\/cusointernational.org\\\/fr\\\/\"},{\"@type\":\"ListItem\",\"position\":2,\"name\":\"Offrez un avenir meilleur\"}]},{\"@type\":\"WebSite\",\"@id\":\"https:\\\/\\\/cusointernational.org\\\/fr\\\/#website\",\"url\":\"https:\\\/\\\/cusointernational.org\\\/fr\\\/\",\"name\":\"Cuso International\",\"description\":\"Connecting communities around the world with skilled Canadians to help end poverty\",\"potentialAction\":[{\"@type\":\"SearchAction\",\"target\":{\"@type\":\"EntryPoint\",\"urlTemplate\":\"https:\\\/\\\/cusointernational.org\\\/fr\\\/?s={search_term_string}\"},\"query-input\":{\"@type\":\"PropertyValueSpecification\",\"valueRequired\":true,\"valueName\":\"search_term_string\"}}],\"inLanguage\":\"fr-FR\"}]}<\/script>\n<!-- \/ Yoast SEO plugin. -->","yoast_head_json":{"title":"Offrez un avenir meilleur - Cuso International","description":"Cet hiver, n\u2019offrez pas un cadeau. Offrez un avenir meilleur. Votre don se transforme en outils, en savoir-faire et en courage. Le vrai cadeau durable.","robots":{"index":"index","follow":"follow","max-snippet":"max-snippet:-1","max-image-preview":"max-image-preview:large","max-video-preview":"max-video-preview:-1"},"canonical":"https:\/\/cusointernational.org\/fr\/avenir-meilleur\/","og_locale":"fr_FR","og_type":"article","og_title":"Offrez un avenir meilleur - Cuso International","og_description":"Cet hiver, n\u2019offrez pas un cadeau. Offrez un avenir meilleur. Votre don se transforme en outils, en savoir-faire et en courage. Le vrai cadeau durable.","og_url":"https:\/\/cusointernational.org\/fr\/avenir-meilleur\/","og_site_name":"Cuso International","article_modified_time":"2025-12-16T22:48:39+00:00","og_image":[{"width":1200,"height":630,"url":"https:\/\/cusointernational.org\/wp-content\/uploads\/Cuso-YearEnd-Fcbk-Share-1200x630-FR.jpg","type":"image\/jpeg"}],"twitter_card":"summary_large_image","twitter_misc":{"Dur\u00e9e de lecture estim\u00e9e":"3 minutes"},"schema":{"@context":"https:\/\/schema.org","@graph":[{"@type":"WebPage","@id":"https:\/\/cusointernational.org\/fr\/avenir-meilleur\/","url":"https:\/\/cusointernational.org\/fr\/avenir-meilleur\/","name":"Offrez un avenir meilleur - Cuso International","isPartOf":{"@id":"https:\/\/cusointernational.org\/fr\/#website"},"primaryImageOfPage":{"@id":"https:\/\/cusointernational.org\/fr\/avenir-meilleur\/#primaryimage"},"image":{"@id":"https:\/\/cusointernational.org\/fr\/avenir-meilleur\/#primaryimage"},"thumbnailUrl":"https:\/\/cusointernational.org\/wp-content\/uploads\/Cuso-YearEnd-Fcbk-Share-1200x630-FR.jpg","datePublished":"2025-11-15T01:55:42+00:00","dateModified":"2025-12-16T22:48:39+00:00","description":"Cet hiver, n\u2019offrez pas un cadeau. Offrez un avenir meilleur. Votre don se transforme en outils, en savoir-faire et en courage. Le vrai cadeau durable.","breadcrumb":{"@id":"https:\/\/cusointernational.org\/fr\/avenir-meilleur\/#breadcrumb"},"inLanguage":"fr-FR","potentialAction":[{"@type":"ReadAction","target":["https:\/\/cusointernational.org\/fr\/avenir-meilleur\/"]}]},{"@type":"ImageObject","inLanguage":"fr-FR","@id":"https:\/\/cusointernational.org\/fr\/avenir-meilleur\/#primaryimage","url":"https:\/\/cusointernational.org\/wp-content\/uploads\/Cuso-YearEnd-Fcbk-Share-1200x630-FR.jpg","contentUrl":"https:\/\/cusointernational.org\/wp-content\/uploads\/Cuso-YearEnd-Fcbk-Share-1200x630-FR.jpg","width":1200,"height":630},{"@type":"BreadcrumbList","@id":"https:\/\/cusointernational.org\/fr\/avenir-meilleur\/#breadcrumb","itemListElement":[{"@type":"ListItem","position":1,"name":"Home","item":"https:\/\/cusointernational.org\/fr\/"},{"@type":"ListItem","position":2,"name":"Offrez un avenir meilleur"}]},{"@type":"WebSite","@id":"https:\/\/cusointernational.org\/fr\/#website","url":"https:\/\/cusointernational.org\/fr\/","name":"Cuso International","description":"Connecting communities around the world with skilled Canadians to help end poverty","potentialAction":[{"@type":"SearchAction","target":{"@type":"EntryPoint","urlTemplate":"https:\/\/cusointernational.org\/fr\/?s={search_term_string}"},"query-input":{"@type":"PropertyValueSpecification","valueRequired":true,"valueName":"search_term_string"}}],"inLanguage":"fr-FR"}]}},"_links":{"self":[{"href":"https:\/\/cusointernational.org\/fr\/wp-json\/wp\/v2\/pages\/50553","targetHints":{"allow":["GET"]}}],"collection":[{"href":"https:\/\/cusointernational.org\/fr\/wp-json\/wp\/v2\/pages"}],"about":[{"href":"https:\/\/cusointernational.org\/fr\/wp-json\/wp\/v2\/types\/page"}],"author":[{"embeddable":true,"href":"https:\/\/cusointernational.org\/fr\/wp-json\/wp\/v2\/users\/6"}],"replies":[{"embeddable":true,"href":"https:\/\/cusointernational.org\/fr\/wp-json\/wp\/v2\/comments?post=50553"}],"version-history":[{"count":0,"href":"https:\/\/cusointernational.org\/fr\/wp-json\/wp\/v2\/pages\/50553\/revisions"}],"wp:featuredmedia":[{"embeddable":true,"href":"https:\/\/cusointernational.org\/fr\/wp-json\/wp\/v2\/media\/50708"}],"wp:attachment":[{"href":"https:\/\/cusointernational.org\/fr\/wp-json\/wp\/v2\/media?parent=50553"}],"wp:term":[{"taxonomy":"post_tag","embeddable":true,"href":"https:\/\/cusointernational.org\/fr\/wp-json\/wp\/v2\/tags?post=50553"}],"curies":[{"name":"wp","href":"https:\/\/api.w.org\/{rel}","templated":true}]}}