{"id":50484,"date":"2025-11-09T21:19:43","date_gmt":"2025-11-10T02:19:43","guid":{"rendered":"https:\/\/cusointernational.org\/du-fosse-numerique-a-la-resilience-mondiale-comment-les-canadiens-peuvent-contribuer-a-reduire-lecart\/"},"modified":"2025-11-25T11:53:35","modified_gmt":"2025-11-25T16:53:35","slug":"gt2025","status":"publish","type":"page","link":"https:\/\/cusointernational.org\/fr\/gt2025\/","title":{"rendered":"Du foss\u00e9 num\u00e9rique \u00e0 la r\u00e9silience mondiale : comment\u202fles Canadiens peuvent\u202fcontribuer \u00e0 r\u00e9duire l\u2019\u00e9cart\u202f"},"content":{"rendered":"\n\n<h2>\n\t\t\tDu foss\u00e9 num\u00e9rique \u00e0 la r\u00e9silience mondiale : comment\u202fles Canadiens peuvent\u202fcontribuer \u00e0 r\u00e9duire l&#8217;\u00e9cart\u202f \t<\/h2>\n\t<a href=\"#XHASXDPC\"><\/a> \n\t<p><em><strong>Depuis plus de 60 ans, les Canadiennes et Canadiens appuient\u202fCuso\u202fInternational dans la lutte contre les in\u00e9galit\u00e9s \u00e0 l&#8217;\u00e9chelle mondiale.\u202fAujourd&#8217;hui, l&#8217;organisation stimule l&#8217;innovation et renforce la r\u00e9silience gr\u00e2ce \u00e0 l&#8217;inclusion num\u00e9rique.<\/strong><\/em><\/p>\n<p>Qu&#8217;il s&#8217;agisse du Vendredi fou ou du Cyberlundi, les tendances et la consommation captent notre attention jour apr\u00e8s jour. Nous tenons souvent pour acquis tout ce qui est \u00e0 port\u00e9e de main : les nouvelles technologies, les outils de pointe ou encore des formations qui permettent d&#8217;acqu\u00e9rir des comp\u00e9tences num\u00e9riques avanc\u00e9es.<\/p>\n<p>Mais cette r\u00e9alit\u00e9 n&#8217;est pas celle de tous. Dans de nombreuses communaut\u00e9s marginalis\u00e9es autour du globe &#8211; en particulier pour les filles et les femmes &#8211; le foss\u00e9 num\u00e9rique se creuse davantage.<\/p>\n<p>Cuso International s&#8217;emploie \u00e0 r\u00e9duire cet \u00e9cart. En collaborant avec des organisations locales, Cuso facilite un acc\u00e8s plus rapide aux march\u00e9s, \u00e0 l&#8217;innovation et \u00e0 l&#8217;entrepreneuriat, particuli\u00e8rement pour les jeunes et les femmes.<\/p>\n\t<p>Parmi les initiatives phares, le projet TechWomen Factory offre une formation en science des donn\u00e9es, en d\u00e9veloppement Web et en arts num\u00e9riques au Cameroun. Men\u00e9 en partenariat avec une organisation locale, le programme vise principalement les femmes de 18 \u00e0 35 ans, afin d&#8217;enrichir leurs comp\u00e9tences et d&#8217;am\u00e9liorer leurs perspectives professionnelles.<\/p>\n<p>Tatiane Tchiguia, 29 ans, fait partie de ces femmes. Passionn\u00e9e de cin\u00e9ma depuis l&#8217;enfance, elle a d\u00fb surmonter de nombreux obstacles pour exceller \u00e0 l&#8217;\u00e9cole.<\/p>\n<p>En rejoignant le programme de Cuso, elle a d\u00e9velopp\u00e9 des comp\u00e9tences en arts num\u00e9riques, notamment en montage vid\u00e9o. Aujourd&#8217;hui dipl\u00f4m\u00e9e, elle travaille comme cin\u00e9aste et productrice sur divers projets. Elle a d&#8217;ailleurs r\u00e9alis\u00e9 son premier court-m\u00e9trage, <em>La T\u00e2che<\/em>, qui met en lumi\u00e8re la probl\u00e9matique des mariages pr\u00e9coces, et elle s&#8217;implique dans des associations de techniciennes en cin\u00e9ma. Elle r\u00eave de devenir une grande r\u00e9alisatrice et productrice, \u00e0 l&#8217;image d&#8217;Ava DuVernay.<\/p>\n\t<p>Une autre participante, Matchim Kouan Lucrece Jacky, 24 ans, a vu de pr\u00e8s les ravages du paludisme, qui tue des millions de personnes chaque ann\u00e9e. Cela l&#8217;a pouss\u00e9e \u00e0 agir. Elle a obtenu une ma\u00eetrise en \u00e9pid\u00e9miologie, anim\u00e9e par le d\u00e9sir de devenir une leader en sant\u00e9 publique, notamment au sein de la Banque mondiale. <\/p>\n<p>Dipl\u00f4m\u00e9e du programme en science des donn\u00e9es de la TechWomen Factory, Matchim estime maintenant poss\u00e9der les comp\u00e9tences n\u00e9cessaires pour analyser des donn\u00e9es et \u00e9valuer les facteurs de risque li\u00e9s au paludisme, au Cameroun comme en C\u00f4te d&#8217;Ivoire, o\u00f9 elle souhaite aussi mener des recherches.<\/p>\n<h3>\n\t\t\t\u00ab Avec les bons outils num\u00e9riques, les gens peuvent surmonter des barri\u00e8res bien ancr\u00e9es et\u202fvoir s&#8217;ouvrir de\u202fnouvelles possibilit\u00e9s \u00bb\t<\/h3>\n\t<p>En 2026,\u202fCuso pr\u00e9voit lancer un nouveau projet\u202fpour\u202frenforcer la confiance, les comp\u00e9tences et l&#8217;ambition de jeunes filles au Cameroun. L&#8217;initiative formera 80 jeunes issus de milieux d\u00e9favoris\u00e9s &#8211; dont plusieurs adolescentes de 15 \u00e0 18 ans &#8211; aux comp\u00e9tences technologiques cl\u00e9s : ateliers pratiques en programmation, intelligence artificielle, cybers\u00e9curit\u00e9, mod\u00e9lisation 3D et \u00e9lectronique. Elles seront mises en lien avec de r\u00e9elles\u202fopportunit\u00e9s de carri\u00e8res\u202fet encourag\u00e9es \u00e0 participer \u00e0 du mentorat entre pairs dans leurs \u00e9coles.\u202fComme\u202fTatiane\u202fet\u202fMatchim, cette nouvelle g\u00e9n\u00e9ration de filles pourra r\u00eaver plus grand. Et cela sera possible gr\u00e2ce aux donateurs et\u202faux\u202fdonatrices de\u202fCuso.<\/p>\n\t<p><strong>Il en co\u00fbte 125 $ pour financer un mois de formation pour une jeune fille issue d&#8217;un milieu d\u00e9favoris\u00e9, dans des comp\u00e9tences technologiques essentielles. Mais l&#8217;effet Cuso va bien au-del\u00e0 : cette jeune influencera positivement d&#8217;autres jeunes dans son \u00e9cole et sa communaut\u00e9, et inspirera ultimement davantage de filles et de femmes \u00e0 s&#8217;engager dans les m\u00e9tiers du num\u00e9rique.<\/strong><\/p>\n\t<p>&nbsp;<\/p>\n<p>L&#8217;acc\u00e8s aux outils num\u00e9riques peut transformer une vie. Sur les plans personnel, professionnel et social. Que ce soit au Cameroun, en Jama\u00efque ou en \u00c9thiopie, Cuso sait \u00e0 quel point il est crucial de cr\u00e9er des espaces s\u00fbrs pour l&#8217;apprentissage, le leadership et l&#8217;expression. Et les Canadiennes et Canadiens peuvent y contribuer. En partageant les savoirs, nous ouvrons les possibles pour toutes et tous.<\/p>\n<p><strong>Ce\u202fVendredi\u202ffou, Cyberlundi ou\u202fMardi\u202fje donne, #CHANGEZUNEVIE, pas\u202fvotre t\u00e9l\u00e9phone.<\/strong><\/p>\n\t\t\t\t<img decoding=\"async\" src=\"https:\/\/cusointernational.org\/wp-content\/uploads\/GT_DonationSection-FR.png\" alt=\"GT_DonationSection-FR\" itemprop=\"image\" height=\"643\" width=\"786\" title=\"GT_DonationSection-FR\" onerror=\"this.style.display='none'\" loading=\"lazy\" \/>\n\t<a href=\"#XFBJLLFM\"><\/a>\n\t<p>*Les montants sugg\u00e9r\u00e9s sont des exemples bas\u00e9s sur les co\u00fbts r\u00e9els d&#8217;un cours intensif d&#8217;un mois en technologies pour les jeunes au Cameroun. Les co\u00fbts peuvent varier d&#8217;un pays \u00e0 l&#8217;autre, et votre don sera dirig\u00e9 l\u00e0 o\u00f9 les besoins sont les plus grands.<\/p>\n\t\t\t<a href=\"javascript:void(0)\" title=\"Click Here\" target=\"_self\"  data-modal=  role=\"button\" aria-label=\"La T\u00e2che cr\u00e9\u00e9 par : Tatiane Tchiguia\">\n\t\t\t\t\t\t\tLa T\u00e2che cr\u00e9\u00e9 par : Tatiane Tchiguia\n\t\t<\/a>\n\n","protected":false},"excerpt":{"rendered":"<p>Du foss\u00e9 num\u00e9rique \u00e0 la r\u00e9silience mondiale : comment\u202fles Canadiens peuvent\u202fcontribuer \u00e0 r\u00e9duire l&#8217;\u00e9cart\u202f Depuis plus de 60 ans, les Canadiennes et Canadiens appuient\u202fCuso\u202fInternational dans la lutte contre les in\u00e9galit\u00e9s \u00e0 l&#8217;\u00e9chelle mondiale.\u202fAujourd&#8217;hui, l&#8217;organisation stimule l&#8217;innovation et renforce la r\u00e9silience gr\u00e2ce \u00e0 l&#8217;inclusion num\u00e9rique. Qu&#8217;il s&#8217;agisse du Vendredi fou ou du Cyberlundi, les tendances et&hellip;<\/p>\n","protected":false},"author":48,"featured_media":50238,"parent":0,"menu_order":0,"comment_status":"closed","ping_status":"closed","template":"","meta":{"_acf_changed":false,"footnotes":""},"tags":[],"class_list":["post-50484","page","type-page","status-publish","has-post-thumbnail","hentry"],"acf":[],"yoast_head":"<!-- This site is optimized with the Yoast SEO plugin v27.4 - https:\/\/yoast.com\/product\/yoast-seo-wordpress\/ -->\n<title>Mardi Je Donne 2025 | Cuso International<\/title>\n<meta name=\"description\" content=\"Du foss\u00e9 num\u00e9rique \u00e0 la r\u00e9silience mondiale : comment\u202fles Canadiens peuvent\u202fcontribuer \u00e0 r\u00e9duire l\u2019\u00e9cart\u202f\" \/>\n<meta name=\"robots\" content=\"index, follow, max-snippet:-1, max-image-preview:large, max-video-preview:-1\" \/>\n<link rel=\"canonical\" href=\"https:\/\/cusointernational.org\/fr\/gt2025\/\" \/>\n<meta property=\"og:locale\" content=\"fr_FR\" \/>\n<meta property=\"og:type\" content=\"article\" \/>\n<meta property=\"og:title\" content=\"Mardi Je Donne 2025 | Cuso International\" \/>\n<meta property=\"og:description\" content=\"Du foss\u00e9 num\u00e9rique \u00e0 la r\u00e9silience mondiale : comment\u202fles Canadiens peuvent\u202fcontribuer \u00e0 r\u00e9duire l\u2019\u00e9cart\u202f\" \/>\n<meta property=\"og:url\" content=\"https:\/\/cusointernational.org\/fr\/gt2025\/\" \/>\n<meta property=\"og:site_name\" content=\"Cuso International\" \/>\n<meta property=\"article:modified_time\" content=\"2025-11-25T16:53:35+00:00\" \/>\n<meta property=\"og:image\" content=\"https:\/\/cusointernational.org\/wp-content\/uploads\/02.-Tchoukeu-Tongna-Hilary-Mariole-Development-Web-scaled.jpg\" \/>\n\t<meta property=\"og:image:width\" content=\"2560\" \/>\n\t<meta property=\"og:image:height\" content=\"1707\" \/>\n\t<meta property=\"og:image:type\" content=\"image\/jpeg\" \/>\n<meta name=\"twitter:card\" content=\"summary_large_image\" \/>\n<meta name=\"twitter:label1\" content=\"Dur\u00e9e de lecture estim\u00e9e\" \/>\n\t<meta name=\"twitter:data1\" content=\"4 minutes\" \/>\n<script type=\"application\/ld+json\" class=\"yoast-schema-graph\">{\"@context\":\"https:\\\/\\\/schema.org\",\"@graph\":[{\"@type\":\"WebPage\",\"@id\":\"https:\\\/\\\/cusointernational.org\\\/fr\\\/gt2025\\\/\",\"url\":\"https:\\\/\\\/cusointernational.org\\\/fr\\\/gt2025\\\/\",\"name\":\"Mardi Je Donne 2025 | Cuso International\",\"isPartOf\":{\"@id\":\"https:\\\/\\\/cusointernational.org\\\/fr\\\/#website\"},\"primaryImageOfPage\":{\"@id\":\"https:\\\/\\\/cusointernational.org\\\/fr\\\/gt2025\\\/#primaryimage\"},\"image\":{\"@id\":\"https:\\\/\\\/cusointernational.org\\\/fr\\\/gt2025\\\/#primaryimage\"},\"thumbnailUrl\":\"https:\\\/\\\/cusointernational.org\\\/wp-content\\\/uploads\\\/02.-Tchoukeu-Tongna-Hilary-Mariole-Development-Web-scaled.jpg\",\"datePublished\":\"2025-11-10T02:19:43+00:00\",\"dateModified\":\"2025-11-25T16:53:35+00:00\",\"description\":\"Du foss\u00e9 num\u00e9rique \u00e0 la r\u00e9silience mondiale : comment\u202fles Canadiens peuvent\u202fcontribuer \u00e0 r\u00e9duire l\u2019\u00e9cart\u202f\",\"breadcrumb\":{\"@id\":\"https:\\\/\\\/cusointernational.org\\\/fr\\\/gt2025\\\/#breadcrumb\"},\"inLanguage\":\"fr-FR\",\"potentialAction\":[{\"@type\":\"ReadAction\",\"target\":[\"https:\\\/\\\/cusointernational.org\\\/fr\\\/gt2025\\\/\"]}]},{\"@type\":\"ImageObject\",\"inLanguage\":\"fr-FR\",\"@id\":\"https:\\\/\\\/cusointernational.org\\\/fr\\\/gt2025\\\/#primaryimage\",\"url\":\"https:\\\/\\\/cusointernational.org\\\/wp-content\\\/uploads\\\/02.-Tchoukeu-Tongna-Hilary-Mariole-Development-Web-scaled.jpg\",\"contentUrl\":\"https:\\\/\\\/cusointernational.org\\\/wp-content\\\/uploads\\\/02.-Tchoukeu-Tongna-Hilary-Mariole-Development-Web-scaled.jpg\",\"width\":2560,\"height\":1707,\"caption\":\"Zambou Sonia, 28\"},{\"@type\":\"BreadcrumbList\",\"@id\":\"https:\\\/\\\/cusointernational.org\\\/fr\\\/gt2025\\\/#breadcrumb\",\"itemListElement\":[{\"@type\":\"ListItem\",\"position\":1,\"name\":\"Home\",\"item\":\"https:\\\/\\\/cusointernational.org\\\/fr\\\/\"},{\"@type\":\"ListItem\",\"position\":2,\"name\":\"Du foss\u00e9 num\u00e9rique \u00e0 la r\u00e9silience mondiale : comment\u202fles Canadiens peuvent\u202fcontribuer \u00e0 r\u00e9duire l\u2019\u00e9cart\u202f\"}]},{\"@type\":\"WebSite\",\"@id\":\"https:\\\/\\\/cusointernational.org\\\/fr\\\/#website\",\"url\":\"https:\\\/\\\/cusointernational.org\\\/fr\\\/\",\"name\":\"Cuso International\",\"description\":\"Connecting communities around the world with skilled Canadians to help end poverty\",\"potentialAction\":[{\"@type\":\"SearchAction\",\"target\":{\"@type\":\"EntryPoint\",\"urlTemplate\":\"https:\\\/\\\/cusointernational.org\\\/fr\\\/?s={search_term_string}\"},\"query-input\":{\"@type\":\"PropertyValueSpecification\",\"valueRequired\":true,\"valueName\":\"search_term_string\"}}],\"inLanguage\":\"fr-FR\"}]}<\/script>\n<!-- \/ Yoast SEO plugin. -->","yoast_head_json":{"title":"Mardi Je Donne 2025 | Cuso International","description":"Du foss\u00e9 num\u00e9rique \u00e0 la r\u00e9silience mondiale : comment\u202fles Canadiens peuvent\u202fcontribuer \u00e0 r\u00e9duire l\u2019\u00e9cart\u202f","robots":{"index":"index","follow":"follow","max-snippet":"max-snippet:-1","max-image-preview":"max-image-preview:large","max-video-preview":"max-video-preview:-1"},"canonical":"https:\/\/cusointernational.org\/fr\/gt2025\/","og_locale":"fr_FR","og_type":"article","og_title":"Mardi Je Donne 2025 | Cuso International","og_description":"Du foss\u00e9 num\u00e9rique \u00e0 la r\u00e9silience mondiale : comment\u202fles Canadiens peuvent\u202fcontribuer \u00e0 r\u00e9duire l\u2019\u00e9cart\u202f","og_url":"https:\/\/cusointernational.org\/fr\/gt2025\/","og_site_name":"Cuso International","article_modified_time":"2025-11-25T16:53:35+00:00","og_image":[{"width":2560,"height":1707,"url":"https:\/\/cusointernational.org\/wp-content\/uploads\/02.-Tchoukeu-Tongna-Hilary-Mariole-Development-Web-scaled.jpg","type":"image\/jpeg"}],"twitter_card":"summary_large_image","twitter_misc":{"Dur\u00e9e de lecture estim\u00e9e":"4 minutes"},"schema":{"@context":"https:\/\/schema.org","@graph":[{"@type":"WebPage","@id":"https:\/\/cusointernational.org\/fr\/gt2025\/","url":"https:\/\/cusointernational.org\/fr\/gt2025\/","name":"Mardi Je Donne 2025 | Cuso International","isPartOf":{"@id":"https:\/\/cusointernational.org\/fr\/#website"},"primaryImageOfPage":{"@id":"https:\/\/cusointernational.org\/fr\/gt2025\/#primaryimage"},"image":{"@id":"https:\/\/cusointernational.org\/fr\/gt2025\/#primaryimage"},"thumbnailUrl":"https:\/\/cusointernational.org\/wp-content\/uploads\/02.-Tchoukeu-Tongna-Hilary-Mariole-Development-Web-scaled.jpg","datePublished":"2025-11-10T02:19:43+00:00","dateModified":"2025-11-25T16:53:35+00:00","description":"Du foss\u00e9 num\u00e9rique \u00e0 la r\u00e9silience mondiale : comment\u202fles Canadiens peuvent\u202fcontribuer \u00e0 r\u00e9duire l\u2019\u00e9cart\u202f","breadcrumb":{"@id":"https:\/\/cusointernational.org\/fr\/gt2025\/#breadcrumb"},"inLanguage":"fr-FR","potentialAction":[{"@type":"ReadAction","target":["https:\/\/cusointernational.org\/fr\/gt2025\/"]}]},{"@type":"ImageObject","inLanguage":"fr-FR","@id":"https:\/\/cusointernational.org\/fr\/gt2025\/#primaryimage","url":"https:\/\/cusointernational.org\/wp-content\/uploads\/02.-Tchoukeu-Tongna-Hilary-Mariole-Development-Web-scaled.jpg","contentUrl":"https:\/\/cusointernational.org\/wp-content\/uploads\/02.-Tchoukeu-Tongna-Hilary-Mariole-Development-Web-scaled.jpg","width":2560,"height":1707,"caption":"Zambou Sonia, 28"},{"@type":"BreadcrumbList","@id":"https:\/\/cusointernational.org\/fr\/gt2025\/#breadcrumb","itemListElement":[{"@type":"ListItem","position":1,"name":"Home","item":"https:\/\/cusointernational.org\/fr\/"},{"@type":"ListItem","position":2,"name":"Du foss\u00e9 num\u00e9rique \u00e0 la r\u00e9silience mondiale : comment\u202fles Canadiens peuvent\u202fcontribuer \u00e0 r\u00e9duire l\u2019\u00e9cart\u202f"}]},{"@type":"WebSite","@id":"https:\/\/cusointernational.org\/fr\/#website","url":"https:\/\/cusointernational.org\/fr\/","name":"Cuso International","description":"Connecting communities around the world with skilled Canadians to help end poverty","potentialAction":[{"@type":"SearchAction","target":{"@type":"EntryPoint","urlTemplate":"https:\/\/cusointernational.org\/fr\/?s={search_term_string}"},"query-input":{"@type":"PropertyValueSpecification","valueRequired":true,"valueName":"search_term_string"}}],"inLanguage":"fr-FR"}]}},"_links":{"self":[{"href":"https:\/\/cusointernational.org\/fr\/wp-json\/wp\/v2\/pages\/50484","targetHints":{"allow":["GET"]}}],"collection":[{"href":"https:\/\/cusointernational.org\/fr\/wp-json\/wp\/v2\/pages"}],"about":[{"href":"https:\/\/cusointernational.org\/fr\/wp-json\/wp\/v2\/types\/page"}],"author":[{"embeddable":true,"href":"https:\/\/cusointernational.org\/fr\/wp-json\/wp\/v2\/users\/48"}],"replies":[{"embeddable":true,"href":"https:\/\/cusointernational.org\/fr\/wp-json\/wp\/v2\/comments?post=50484"}],"version-history":[{"count":0,"href":"https:\/\/cusointernational.org\/fr\/wp-json\/wp\/v2\/pages\/50484\/revisions"}],"wp:featuredmedia":[{"embeddable":true,"href":"https:\/\/cusointernational.org\/fr\/wp-json\/wp\/v2\/media\/50238"}],"wp:attachment":[{"href":"https:\/\/cusointernational.org\/fr\/wp-json\/wp\/v2\/media?parent=50484"}],"wp:term":[{"taxonomy":"post_tag","embeddable":true,"href":"https:\/\/cusointernational.org\/fr\/wp-json\/wp\/v2\/tags?post=50484"}],"curies":[{"name":"wp","href":"https:\/\/api.w.org\/{rel}","templated":true}]}}