{"id":49616,"date":"2025-08-12T15:16:22","date_gmt":"2025-08-12T19:16:22","guid":{"rendered":"https:\/\/cusointernational.org\/momentum\/"},"modified":"2025-12-04T17:40:27","modified_gmt":"2025-12-04T22:40:27","slug":"momentum","status":"publish","type":"page","link":"https:\/\/cusointernational.org\/fr\/momentum\/","title":{"rendered":"Momentum"},"content":{"rendered":"\n\n\t\t\t\t<img decoding=\"async\" src=\"https:\/\/cusointernational.org\/wp-content\/uploads\/cuso-momentum-hero-0825.webp\" alt=\"Woman in colorful patterned clothing holding a tool over her shoulder, standing beside tall green crops in a field.\" itemprop=\"image\" height=\"1300\" width=\"2000\" title=\"cuso-momentum-hero-0825\" onerror=\"this.style.display='none'\" loading=\"lazy\" \/>\n\t\t\t\t<img decoding=\"async\" src=\"https:\/\/cusointernational.org\/wp-content\/uploads\/\/logo-momentum-white.svg\" alt=\"Momentum Logo\" itemprop=\"image\" height=\"59\" width=\"232\" title=\"logo-momentum-white\" onerror=\"this.style.display='none'\" loading=\"lazy\" \/>\n<h1>\n\t\t\tChaque mois. Une solidarit\u00e9 renouvel\u00e9e.\t<\/h1>\n\t<p>Discr\u00e8tement. Simplement. Un mouvement de fond qui gagne en force, mois apr\u00e8s mois. Un engagement durable pour ouvrir les possibles. Voici le MOMENTUM de Cuso: <em>votre<\/em> moment pour briller, inspirer et redonner. Bienvenue dans une communaut\u00e9 convaincue que la solidarit\u00e9 peut changer le monde.<\/p>\n\t<p><strong>Saisissez le momentum. Choisissez le don mensuel.<\/strong><\/p>\n\t<a href=\"#XMSFDBQR\"><\/a><br \/>\n\t<p>*Les montants mensuels sugg\u00e9r\u00e9s refl\u00e8tent l&#8217;impact d&#8217;un projet de Cuso en agriculture durable au B\u00e9nin. Ils peuvent varier selon le pays et le type de projet.<\/p>\n<h2>\n\t\t\tPourquoi choisir MOMENTUM?\t<\/h2>\n\t<p>Soyons honn\u00eates. Le don mensuel est probablement <em>la<\/em> mani\u00e8re de donner que les organismes comme le n\u00f4tre pr\u00e9f\u00e8rent, car il renforce notre r\u00e9silience. Chez Cuso, nous avons la chance de pouvoir compter sur plus de 2 000 donateurs mensuels engag\u00e9s qui, \u00e0 eux seuls, g\u00e9n\u00e8rent 35\u202f% de nos dons.<\/p>\n\t<p><strong>Pourquoi on les aime tant?<\/strong><\/p>\n<ul>\n<li><strong>Moins, c&#8217;est plus.<\/strong> Les dons mensuels nous permettent de r\u00e9duire nos co\u00fbts de collecte de fonds et notre consommation de papier.<\/li>\n<li><strong>Un max d&#8217;impact.<\/strong> Ils nous permettent de mieux planifier nos budgets, au profit de nos b\u00e9n\u00e9ficiaires.<\/li>\n<\/ul>\n\t<p><strong>Vos avantages?<\/strong><\/p>\n<ul>\n<li><strong>Sans tracas.<\/strong> Choisissez le montant; on s&#8217;occupe du reste via des pr\u00e9l\u00e8vements automatiques.<\/li>\n<li><strong>Facile \u00e0 modifier.<\/strong> Vous pouvez ajuster ou arr\u00eater votre contribution \u00e0 tout moment.<\/li>\n<li><strong>Re\u00e7u instantan\u00e9.<\/strong> Vous recevez vos re\u00e7us fiscaux directement dans votre bo\u00eete courriel.<\/li>\n<li><strong>Don intelligent.<\/strong> Vous soutenez notre cause tout en g\u00e9rant votre budget judicieusement.<\/li>\n<\/ul>\n\t<p><strong>Le meilleur dans tout \u00e7a? Nos donateurs mensuels forment une communaut\u00e9 tiss\u00e9e serr\u00e9e, ayant acc\u00e8s aux coulisses de nos projets, \u00e0 des primeurs et \u00e0 des surprises tout au long de l&#8217;ann\u00e9e.<\/strong><\/p>\n\t\t\t\t<img decoding=\"async\" src=\"https:\/\/cusointernational.org\/wp-content\/uploads\/\/logo-momentum-colour.svg\" alt=\"Momentum logo\" itemprop=\"image\" height=\"52\" width=\"202\" title=\"logo-momentum-colour\" onerror=\"this.style.display='none'\" loading=\"lazy\" \/>\n\t<a href=\"#XHMGYUFX\"><\/a>\n\t<p>personnes donnent chaque mois \u00e0 Cuso, partageant les savoirs pour ouvrir les possibles. <strong>Rejoignez-les!<\/strong><\/p>\n\t<a href=\"#XXBPHDAA\"><\/a>\n<h2>\n\t\t\tMoments de Cuso\t<\/h2>\n\t<p>Quand vous optez pour le don mensuel avec Cuso, vous cr\u00e9ez des moments comme ceux-ci. Toute l&#8217;ann\u00e9e. Partout.<\/p>\n\t\t\t\t<img decoding=\"async\" src=\"https:\/\/cusointernational.org\/wp-content\/uploads\/cuso-momentum-honduras-2.webp\" alt=\"Three men smiling beside a blue water tank setup outdoors.\" itemprop=\"image\" height=\"1000\" width=\"1000\" title=\"cuso-momentum-honduras-2\" onerror=\"this.style.display='none'\" loading=\"lazy\" \/>\n\t<p><strong>Voir l&#8217;eau couler chez soi pour la premi\u00e8re fois au Honduras<\/strong><\/p>\n\t\t\t<a href=\"https:\/\/cusointernational.org\/fr\/recit\/aider-les-personnes-en-situation-de-handicap-a-obtenir-les-ressources-dont-elles-ont-besoin-en-milieu-rural-au-honduras\/\" target=\"_self\">\n\t\t\t\t\t\t\tEN SAVOIR PLUS\n\t\t\t\t\t<\/a>\n\t\t\t\t<img decoding=\"async\" src=\"https:\/\/cusointernational.org\/wp-content\/uploads\/MomentOfCuso_Jamaica.webp\" alt=\"A woman hugging a child while smiling indoors.\" itemprop=\"image\" height=\"1000\" width=\"1000\" title=\"MomentOfCuso_Jamaica\" onerror=\"this.style.display='none'\" loading=\"lazy\" \/>\n\t<p><strong>Serrer la rel\u00e8ve tech f\u00e9minine dans ses bras en Jama\u00efque<\/strong><\/p>\n\t\t\t<a href=\"https:\/\/cusointernational.org\/fr\/recit\/le-programme-code-queens-prepare-une-nouvelle-generation-de-jeunes-femmes-qualifiees-et-confiantes-a-exceller-dans-les-stem-en-jamaique\/\" target=\"_self\">\n\t\t\t\t\t\t\tEN SAVOIR PLUS\n\t\t\t\t\t<\/a>\n\t\t\t\t<img decoding=\"async\" src=\"https:\/\/cusointernational.org\/wp-content\/uploads\/MomentOfCuso_Cameroon_large.webp\" alt=\"Two women standing together outdoors, smiling, with farmland behind them.\" itemprop=\"image\" height=\"1000\" width=\"1000\" title=\"MomentOfCuso_Cameroon_large\" onerror=\"this.style.display='none'\" loading=\"lazy\" \/>\n\t<p><strong>R\u00e9sister aux changements climatiques au Cameroun<\/strong><\/p>\n\t\t\t<a href=\"https:\/\/cusointernational.org\/fr\/recit\/cameroun-une-agriculture-durable-et-resistante-au-climat-grace-a-un-meilleur-acces-aux-informations-climatiques\/\" target=\"_self\">\n\t\t\t\t\t\t\tEN SAVOIR PLUS\n\t\t\t\t\t<\/a>\n<h2>\n\t\t\tRencontrez la communaut\u00e9 MOMENTUM\t<\/h2>\n\t<p>Comme vous, nos donateurs mensuels sont des personnes g\u00e9n\u00e9reuses et passionn\u00e9es. Chaque mois, ils soutiennent comp\u00e9tences, opportunit\u00e9s et changement durable dans le monde. D\u00e9couvrez pourquoi ils donnent et comment ensemble, nous pouvons aller plus loin et plus vite.<\/p>\n<br \/>\n<br \/>\n\t\t\t\t<img decoding=\"async\" src=\"https:\/\/cusointernational.org\/wp-content\/uploads\/Community_Sarah.webp\" alt=\"Older woman with curly hair and glasses smiling in front of a wooden fence.\" itemprop=\"image\" height=\"500\" width=\"500\" title=\"Community_Sarah\" onerror=\"this.style.display='none'\" loading=\"lazy\" \/>\n\t<blockquote><p>\u00ab Mon exp\u00e9rience de volontaire avec Cuso au Ghana a marqu\u00e9 ma jeunesse et ma vie. Aujourd&#8217;hui, donner chaque mois me permet de rester connect\u00e9e \u00e0 cette fibre de solidarit\u00e9 internationale. \u00bb<\/p><\/blockquote>\n<p>&#8211; Sarah, Winnipeg<\/p>\n\t\t\t\t<img decoding=\"async\" src=\"https:\/\/cusointernational.org\/wp-content\/uploads\/Community_DarleneAndMark.webp\" alt=\"\"Smiling older couple standing outdoors in front of trees and water, with buildings in the background.\" itemprop=\"image\" height=\"500\" width=\"500\" title=\"Community_DarleneAndMark\" onerror=\"this.style.display='none'\" loading=\"lazy\" \/>\n\t<blockquote><p>\u00ab Les dons mensuels nous conviennent car ils nous permettent de redonner une part de nos revenus. Et l&#8217;engagement constant de Cuso \u00e0 s&#8217;am\u00e9liorer nous rend fiers de les soutenir, nous motivant \u00e0 continuer. \u00bb<\/p><\/blockquote>\n<p>&#8211; Darlene et Mark, Vancouver <\/p>\n\t\t\t\t<img decoding=\"async\" src=\"https:\/\/cusointernational.org\/wp-content\/uploads\/donor-arianne.webp\" alt=\"Woman with light brown hair wearing a blue shirt and white sweater, smiling outdoors.\" itemprop=\"image\" height=\"500\" width=\"500\" title=\"donor-arianne\" onerror=\"this.style.display='none'\" loading=\"lazy\" \/>\n\t<blockquote><p>\u00ab Le don mensuel avec Cuso est facile et s&#8217;adapte \u00e0 mon budget. Comme un abonnement Netflix, c&#8217;est automatique. Mais au lieu de me divertir, je contribue \u00e0 un r\u00e9el changement. Et dans le prochain \u00e9pisode : encore plus d&#8217;histoires inspirantes! \u00bb<\/p><\/blockquote>\n<p>&#8211; Arianne, Montr\u00e9al<\/p>\n<h2>\n\t\t\tDes questions?\t<\/h2>\n<h3>\n\t\t\tFAQ\t<\/h3>\n\t\t\t\t\t\t<h5>Comment m&#8217;inscrire?<\/h5>\n\t\t\t<p>Choisissez le montant que vous souhaitez donner chaque mois, la carte de cr\u00e9dit que vous voulez utiliser et activez les paiements automatiques en <a href=\"https:\/\/cusointernational.org\/fr\/momentum\/?form=FUNCALGMLVJ\">cliquant ici<\/a>. Cela ne vous prendra que quelques minutes.<\/p>\n\t\t\t\t\t\t<h5>Puis-je modifier ou mettre mes pr\u00e9l\u00e8vements sur pause?<\/h5>\n\t\t\t<p>Oui! \u00c0 tout moment, vous pouvez augmenter, diminuer ou mettre vos dons mensuels sur pause depuis votre portail donateur. En vous inscrivant en ligne, vous recevrez un courriel contenant un bouton pour g\u00e9rer vos dons mensuels.<\/p>\n\t\t\t\t\t\t<h5>Mon don est-il s\u00e9curis\u00e9?<\/h5>\n\t\t\t<p>Absolument. Tous les paiements sont trait\u00e9s de fa\u00e7on s\u00e9curis\u00e9e et confidentielle.<\/p>\n\n\t\t\t\t\t\t<h5>Vais-je recevoir un re\u00e7u fiscal?<\/h5>\n\t\t\t<p>Oui, vous recevrez un re\u00e7u pour fins d&#8217;imp\u00f4ts apr\u00e8s chaque don mensuel pr\u00e9lev\u00e9, qui vous sera envoy\u00e9 directement dans votre bo\u00eete de courriel.<\/p>\n\n\t\t\t\t\t\t<h5>Et si je veux arr\u00eater?<\/h5>\n\t\t\t<p>Vous pouvez annuler \u00e0 tout moment, sans justification. En vous inscrivant en ligne, vous recevrez un courriel contenant un bouton pour g\u00e9rer ou annuler vos dons mensuels.<\/p>\n\t\t\t\t\t\t<h5>Pourquoi donner chaque mois\u202f?<\/h5>\n\t\t\t<p>Les dons mensuels nous aident \u00e0 planifier nos budgets, \u00e0 r\u00e9duire nos co\u00fbts et \u00e0 soutenir des programmes \u00e0 long terme pour un impact durable. C&#8217;est pourquoi nous pr\u00e9f\u00e9rons 12 dons mensuels de 10\u202f$ plut\u00f4t qu&#8217;un don unique de 120\u202f$. Mais, bien s\u00fbr, nous sommes reconnaissants pour chaque don que quelqu&#8217;un choisit g\u00e9n\u00e9reusement de faire.<\/p>\n\n<h3>\n\t\t\tContactez-nous\t<\/h3>\n\t<p>Nous sommes l\u00e0 pour vous aider. N&#8217;h\u00e9sitez pas \u00e0 nous contacter pour toute question concernant notre programme de dons mensuels MOMENTUM. Nous vous garantissons qu&#8217;une vraie personne vous r\u00e9pondra.<\/p>\n<p>Appelez sans frais au +1\u202f888\u202f434\u20112876, poste\u202f222 ou \u00e9crivez \u00e0 <a href=\"mailto:donorrelations@cusointernational.org\">donorrelations@cusointernational.org<\/a><\/p>\n<h2>\n\t\t\tD&#8217;autres fa\u00e7ons d&#8217;avoir de l&#8217;impact\t<\/h2>\n\t\t\t<a href=\"https:\/\/cusointernational.org\/fr\/don-testamentaire\/\" target=\"_self\">\n\t\t\t\t\t\t\tFaites un don testamentaire\n\t\t\t\t\t<\/a>\n\t\t\t<a href=\"https:\/\/cusointernational.org\/fr\/passez-a-laction\/recueillir-des-fonds-avec-nous\/\" target=\"_self\">\n\t\t\t\t\t\t\tRecueillez des fonds avec nous\n\t\t\t\t\t<\/a>\n\t\t\t<a href=\"https:\/\/cusointernational.donorsupport.co\/page\/Give?_lang=fr&#038;_gl=1*169d8yq*_gcl_au*NDk1MjM2MTczLjE3NTA3MzA3MDA.*_ga*MTgzNjI2NTExLjE3MjY2ODgzODY.*_ga_BJRG4CT2TM*czE3NTY0OTcwNzMkbzE2OCRnMSR0MTc1NjUwMDYzOSRqNDMkbDAkaDE4NzY0MzI0MDg.\" target=\"_self\">\n\t\t\t\t\t\t\tDonnez en hommage\n\t\t\t\t\t<\/a>\n\t\t\t<a href=\"https:\/\/cusointernational.org\/fr\/passez-a-laction\/volontaire\/cooperation-volontaire\/\" target=\"_self\">\n\t\t\t\t\t\t\tDevenez b\u00e9n\u00e9vole\n\t\t\t\t\t<\/a>\n\t<a href=\"#XXBPHDAA\"><\/a>\n\t\t\t\t<img decoding=\"async\" src=\"https:\/\/cusointernational.org\/wp-content\/uploads\/\/logo-cuso-footer.svg\" alt=\"Cuso International Logo\" itemprop=\"image\" height=\"73\" width=\"160\" title=\"logo-cuso-footer\" onerror=\"this.style.display='none'\" loading=\"lazy\" \/>\n\t<p>Tous droits r\u00e9serv\u00e9s. \u00a92025 Cuso International<br \/>Organisme de bienfaisance enregistr\u00e9 au Canada (No. 81111 6813 RR0001) <br \/>et aux \u00c9tats-Unis (EIN 30-0545486)<\/p>\n\t<p><a href=\"https:\/\/cusointernational.org\/fr\/denonciation-et-conformite\/#privacy\">Politique de confidentialit\u00e9<\/a><br \/><a href=\"\/fr\/\">Cuso International Accueil<\/a><\/p>\n\n","protected":false},"excerpt":{"rendered":"<p>Chaque mois. Une solidarit\u00e9 renouvel\u00e9e. Discr\u00e8tement. Simplement. Un mouvement de fond qui gagne en force, mois apr\u00e8s mois. Un engagement durable pour ouvrir les possibles. Voici le MOMENTUM de Cuso: votre moment pour briller, inspirer et redonner. Bienvenue dans une communaut\u00e9 convaincue que la solidarit\u00e9 peut changer le monde. Saisissez le momentum. Choisissez le don&hellip;<\/p>\n","protected":false},"author":6,"featured_media":49788,"parent":0,"menu_order":0,"comment_status":"closed","ping_status":"closed","template":"","meta":{"_acf_changed":false,"footnotes":""},"tags":[],"class_list":["post-49616","page","type-page","status-publish","has-post-thumbnail","hentry"],"acf":[],"yoast_head":"<!-- This site is optimized with the Yoast SEO plugin v27.3 - https:\/\/yoast.com\/product\/yoast-seo-wordpress\/ -->\n<title>Momentum - Cuso International<\/title>\n<meta name=\"description\" content=\"Saisissez le momentum. Choisissez le don mensuel.\" \/>\n<meta name=\"robots\" content=\"index, follow, max-snippet:-1, max-image-preview:large, max-video-preview:-1\" \/>\n<link rel=\"canonical\" href=\"https:\/\/cusointernational.org\/fr\/momentum\/\" \/>\n<meta property=\"og:locale\" content=\"fr_FR\" \/>\n<meta property=\"og:type\" content=\"article\" \/>\n<meta property=\"og:title\" content=\"Momentum - Cuso International\" \/>\n<meta property=\"og:description\" content=\"Saisissez le momentum. Choisissez le don mensuel.\" \/>\n<meta property=\"og:url\" content=\"https:\/\/cusointernational.org\/fr\/momentum\/\" \/>\n<meta property=\"og:site_name\" content=\"Cuso International\" \/>\n<meta property=\"article:modified_time\" content=\"2025-12-04T22:40:27+00:00\" \/>\n<meta property=\"og:image\" content=\"https:\/\/cusointernational.org\/wp-content\/uploads\/momentum-cover-photo.jpg\" \/>\n\t<meta property=\"og:image:width\" content=\"1068\" \/>\n\t<meta property=\"og:image:height\" content=\"740\" \/>\n\t<meta property=\"og:image:type\" content=\"image\/jpeg\" \/>\n<meta name=\"twitter:card\" content=\"summary_large_image\" \/>\n<meta name=\"twitter:label1\" content=\"Dur\u00e9e de lecture estim\u00e9e\" \/>\n\t<meta name=\"twitter:data1\" content=\"6 minutes\" \/>\n<script type=\"application\/ld+json\" class=\"yoast-schema-graph\">{\"@context\":\"https:\\\/\\\/schema.org\",\"@graph\":[{\"@type\":\"WebPage\",\"@id\":\"https:\\\/\\\/cusointernational.org\\\/fr\\\/momentum\\\/\",\"url\":\"https:\\\/\\\/cusointernational.org\\\/fr\\\/momentum\\\/\",\"name\":\"Momentum - Cuso International\",\"isPartOf\":{\"@id\":\"https:\\\/\\\/cusointernational.org\\\/fr\\\/#website\"},\"primaryImageOfPage\":{\"@id\":\"https:\\\/\\\/cusointernational.org\\\/fr\\\/momentum\\\/#primaryimage\"},\"image\":{\"@id\":\"https:\\\/\\\/cusointernational.org\\\/fr\\\/momentum\\\/#primaryimage\"},\"thumbnailUrl\":\"https:\\\/\\\/cusointernational.org\\\/wp-content\\\/uploads\\\/momentum-cover-photo.jpg\",\"datePublished\":\"2025-08-12T19:16:22+00:00\",\"dateModified\":\"2025-12-04T22:40:27+00:00\",\"description\":\"Saisissez le momentum. Choisissez le don mensuel.\",\"breadcrumb\":{\"@id\":\"https:\\\/\\\/cusointernational.org\\\/fr\\\/momentum\\\/#breadcrumb\"},\"inLanguage\":\"fr-FR\",\"potentialAction\":[{\"@type\":\"ReadAction\",\"target\":[\"https:\\\/\\\/cusointernational.org\\\/fr\\\/momentum\\\/\"]}]},{\"@type\":\"ImageObject\",\"inLanguage\":\"fr-FR\",\"@id\":\"https:\\\/\\\/cusointernational.org\\\/fr\\\/momentum\\\/#primaryimage\",\"url\":\"https:\\\/\\\/cusointernational.org\\\/wp-content\\\/uploads\\\/momentum-cover-photo.jpg\",\"contentUrl\":\"https:\\\/\\\/cusointernational.org\\\/wp-content\\\/uploads\\\/momentum-cover-photo.jpg\",\"width\":1068,\"height\":740},{\"@type\":\"BreadcrumbList\",\"@id\":\"https:\\\/\\\/cusointernational.org\\\/fr\\\/momentum\\\/#breadcrumb\",\"itemListElement\":[{\"@type\":\"ListItem\",\"position\":1,\"name\":\"Home\",\"item\":\"https:\\\/\\\/cusointernational.org\\\/fr\\\/\"},{\"@type\":\"ListItem\",\"position\":2,\"name\":\"Momentum\"}]},{\"@type\":\"WebSite\",\"@id\":\"https:\\\/\\\/cusointernational.org\\\/fr\\\/#website\",\"url\":\"https:\\\/\\\/cusointernational.org\\\/fr\\\/\",\"name\":\"Cuso International\",\"description\":\"Connecting communities around the world with skilled Canadians to help end poverty\",\"potentialAction\":[{\"@type\":\"SearchAction\",\"target\":{\"@type\":\"EntryPoint\",\"urlTemplate\":\"https:\\\/\\\/cusointernational.org\\\/fr\\\/?s={search_term_string}\"},\"query-input\":{\"@type\":\"PropertyValueSpecification\",\"valueRequired\":true,\"valueName\":\"search_term_string\"}}],\"inLanguage\":\"fr-FR\"}]}<\/script>\n<!-- \/ Yoast SEO plugin. -->","yoast_head_json":{"title":"Momentum - Cuso International","description":"Saisissez le momentum. Choisissez le don mensuel.","robots":{"index":"index","follow":"follow","max-snippet":"max-snippet:-1","max-image-preview":"max-image-preview:large","max-video-preview":"max-video-preview:-1"},"canonical":"https:\/\/cusointernational.org\/fr\/momentum\/","og_locale":"fr_FR","og_type":"article","og_title":"Momentum - Cuso International","og_description":"Saisissez le momentum. Choisissez le don mensuel.","og_url":"https:\/\/cusointernational.org\/fr\/momentum\/","og_site_name":"Cuso International","article_modified_time":"2025-12-04T22:40:27+00:00","og_image":[{"width":1068,"height":740,"url":"https:\/\/cusointernational.org\/wp-content\/uploads\/momentum-cover-photo.jpg","type":"image\/jpeg"}],"twitter_card":"summary_large_image","twitter_misc":{"Dur\u00e9e de lecture estim\u00e9e":"6 minutes"},"schema":{"@context":"https:\/\/schema.org","@graph":[{"@type":"WebPage","@id":"https:\/\/cusointernational.org\/fr\/momentum\/","url":"https:\/\/cusointernational.org\/fr\/momentum\/","name":"Momentum - Cuso International","isPartOf":{"@id":"https:\/\/cusointernational.org\/fr\/#website"},"primaryImageOfPage":{"@id":"https:\/\/cusointernational.org\/fr\/momentum\/#primaryimage"},"image":{"@id":"https:\/\/cusointernational.org\/fr\/momentum\/#primaryimage"},"thumbnailUrl":"https:\/\/cusointernational.org\/wp-content\/uploads\/momentum-cover-photo.jpg","datePublished":"2025-08-12T19:16:22+00:00","dateModified":"2025-12-04T22:40:27+00:00","description":"Saisissez le momentum. Choisissez le don mensuel.","breadcrumb":{"@id":"https:\/\/cusointernational.org\/fr\/momentum\/#breadcrumb"},"inLanguage":"fr-FR","potentialAction":[{"@type":"ReadAction","target":["https:\/\/cusointernational.org\/fr\/momentum\/"]}]},{"@type":"ImageObject","inLanguage":"fr-FR","@id":"https:\/\/cusointernational.org\/fr\/momentum\/#primaryimage","url":"https:\/\/cusointernational.org\/wp-content\/uploads\/momentum-cover-photo.jpg","contentUrl":"https:\/\/cusointernational.org\/wp-content\/uploads\/momentum-cover-photo.jpg","width":1068,"height":740},{"@type":"BreadcrumbList","@id":"https:\/\/cusointernational.org\/fr\/momentum\/#breadcrumb","itemListElement":[{"@type":"ListItem","position":1,"name":"Home","item":"https:\/\/cusointernational.org\/fr\/"},{"@type":"ListItem","position":2,"name":"Momentum"}]},{"@type":"WebSite","@id":"https:\/\/cusointernational.org\/fr\/#website","url":"https:\/\/cusointernational.org\/fr\/","name":"Cuso International","description":"Connecting communities around the world with skilled Canadians to help end poverty","potentialAction":[{"@type":"SearchAction","target":{"@type":"EntryPoint","urlTemplate":"https:\/\/cusointernational.org\/fr\/?s={search_term_string}"},"query-input":{"@type":"PropertyValueSpecification","valueRequired":true,"valueName":"search_term_string"}}],"inLanguage":"fr-FR"}]}},"_links":{"self":[{"href":"https:\/\/cusointernational.org\/fr\/wp-json\/wp\/v2\/pages\/49616","targetHints":{"allow":["GET"]}}],"collection":[{"href":"https:\/\/cusointernational.org\/fr\/wp-json\/wp\/v2\/pages"}],"about":[{"href":"https:\/\/cusointernational.org\/fr\/wp-json\/wp\/v2\/types\/page"}],"author":[{"embeddable":true,"href":"https:\/\/cusointernational.org\/fr\/wp-json\/wp\/v2\/users\/6"}],"replies":[{"embeddable":true,"href":"https:\/\/cusointernational.org\/fr\/wp-json\/wp\/v2\/comments?post=49616"}],"version-history":[{"count":0,"href":"https:\/\/cusointernational.org\/fr\/wp-json\/wp\/v2\/pages\/49616\/revisions"}],"wp:featuredmedia":[{"embeddable":true,"href":"https:\/\/cusointernational.org\/fr\/wp-json\/wp\/v2\/media\/49788"}],"wp:attachment":[{"href":"https:\/\/cusointernational.org\/fr\/wp-json\/wp\/v2\/media?parent=49616"}],"wp:term":[{"taxonomy":"post_tag","embeddable":true,"href":"https:\/\/cusointernational.org\/fr\/wp-json\/wp\/v2\/tags?post=49616"}],"curies":[{"name":"wp","href":"https:\/\/api.w.org\/{rel}","templated":true}]}}