{"id":48830,"date":"2025-03-19T10:38:29","date_gmt":"2025-03-19T14:38:29","guid":{"rendered":"https:\/\/cusointernational.org\/?page_id=48830"},"modified":"2025-03-19T13:45:23","modified_gmt":"2025-03-19T17:45:23","slug":"salle-de-presse","status":"publish","type":"page","link":"https:\/\/cusointernational.org\/fr\/salle-de-presse\/","title":{"rendered":"Salle de presse \u2013 Cuso International"},"content":{"rendered":"\n\n<h1>\n\t\tSalle de presse\n\t<\/h1>\n\t<p>Bienvenue dans la salle des m\u00e9dias de Cuso International. Vous y trouverez des ressources, des images haute r\u00e9solution, des logos et des mises \u00e0 jour sur notre travail dans le monde. D\u00e9couvrez comment nous cr\u00e9ons un changement durable et encourageons la collaboration mondiale.<\/p>\n\t<p>Bienvenue chez Cuso International (Cuso), o\u00f9 nous partageons des comp\u00e9tences pour b\u00e2tir un avenir meilleur. Nous croyons au pouvoir transformateur de la collaboration et de l&#8217;action. Depuis plus de six d\u00e9cennies, nous travaillons en partenariat avec des communaut\u00e9s \u00e0 travers le monde afin de g\u00e9n\u00e9rer un changement durable, de favoriser la croissance \u00e9conomique, le bien-\u00eatre social et la r\u00e9silience.\u00a0<\/p>\n<h3>\n\t\tAper\u00e7u de l&#8217;organisation \n\t<\/h3>\n\t<ul>\n<li><strong>Mission:<\/strong> Partager des comp\u00e9tences pour b\u00e2tir un avenir meilleur &#8211; Nous travaillons aux c\u00f4t\u00e9s des communaut\u00e9s pour combattre les causes profondes de la pauvret\u00e9 et autonomiser les individus afin qu&#8217;ils atteignent une prosp\u00e9rit\u00e9 durable.\u00a0<\/li>\n<li><strong>Vision:<\/strong> Un monde o\u00f9 chaque personne a l&#8217;occasion de r\u00e9aliser pleinement son potentiel et de participer activement \u00e0 sa communaut\u00e9.\u00a0<\/li>\n<li><strong>Historique:<\/strong> Plus de 60 ans d&#8217;exp\u00e9rience en d\u00e9veloppement international.\u00a0<\/li>\n<li><strong>Pr\u00e9sence mondiale:<\/strong> Activit\u00e9s dans 19 pays. <strong><a href=\"https:\/\/cusointernational.org\/fr\/travail\/regions-desservies\/\">Voir notre carte des pays.<\/a><\/strong><\/li>\n<\/ul>\n<h4>\n\t\tImpact 2023 &#8211; 24\n\t<\/h4>\n\t\t743,920\n\t\t\t\t\tParticipants directs et indirects \n\t\t19\n\t\t\t\t\tPays \n\t\t13,518\n\t\t\t\t\tDonateurs\n\t\t174\n\t\t\t\t\tVolontaires \n<h3>\n\t\tR\u00e9alisations et engagements \n\t<\/h3>\n\t\t\t\t<img loading=\"lazy\" decoding=\"async\" src=\"https:\/\/cusointernational.org\/wp-content\/uploads\/icon-home-become-a-volunteer.svg\" alt=\"Volunteer icon\" itemprop=\"image\" height=\"112\" width=\"112\" title=\"icon-home-become-a-volunteer\" onerror=\"this.style.display='none'\"  \/>\n<h4>\n\t\tRelations mondiales et commerce\n\t<\/h4>\n\t<p>Cuso favorise des partenariats durables entre le Canada et des acteurs internationaux, renfor\u00e7ant ainsi les relations commerciales et les opportunit\u00e9s \u00e9conomiques.\u00a0<\/p>\n\t\t\t\t<img loading=\"lazy\" decoding=\"async\" src=\"https:\/\/cusointernational.org\/wp-content\/uploads\/icon-focus-volunteerism.svg\" alt=\"Hand icon\" itemprop=\"image\" height=\"112\" width=\"112\" title=\"icon-focus-volunteerism\" onerror=\"this.style.display='none'\"  \/>\n<h4>\n\t\tExpertise volontaire\n\t<\/h4>\n\t<p>Avec plus de 60 ans d&#8217;exp\u00e9rience, Cuso a mobilis\u00e9 plus de 15 000 volontaires qualifi\u00e9s afin de r\u00e9pondre efficacement aux besoins en temps r\u00e9el.<\/p>\n\t\t\t<a href=\"https:\/\/cusointernational.org\/fr\/passez-a-laction\/volontaire\/cooperation-volontaire\/\" target=\"_self\">\n\t\t\t\t\t\t\tEn savoir plus\n\t\t\t\t\t<\/a>\n\t\t\t\t<img loading=\"lazy\" decoding=\"async\" src=\"https:\/\/cusointernational.org\/wp-content\/uploads\/opportunities-icon.svg\" alt=\"opportunities-icon\" itemprop=\"image\" height=\"112\" width=\"112\" title=\"opportunities-icon\" onerror=\"this.style.display='none'\"  \/>\n<h4>\n\t\tProsp\u00e9rit\u00e9 durable\n\t<\/h4>\n\t<p>Nos programmes offrent des formations professionnelles et connectent les participants \u00e0 des emplois d\u00e9cents et \u00e0 des opportunit\u00e9s entrepreneuriales, assurant ainsi une stabilit\u00e9 d&#8217;emploi \u00e0 long terme.<\/p>\n\t\t\t<a href=\"https:\/\/cusointernational.org\/fr\/travail\/\" target=\"_self\">\n\t\t\t\t\t\t\tEn savoir plus\n\t\t\t\t\t<\/a>\n\t\t\t\t<img loading=\"lazy\" decoding=\"async\" src=\"https:\/\/cusointernational.org\/wp-content\/uploads\/icon-focus-gender-equality.svg\" alt=\"Female icon\" itemprop=\"image\" height=\"112\" width=\"112\" title=\"icon-focus-gender-equality\" onerror=\"this.style.display='none'\"  \/>\n<h4>\n\t\tGroupes en qu\u00eate d&#8217;\u00e9quit\u00e9\n\t<\/h4>\n\t<p> Nos projets appuient les communaut\u00e9s marginalis\u00e9es, incluant les femmes, les personnes LGBTQI+, les peuples autochtones, les jeunes et les r\u00e9fugi\u00e9s.<\/p>\n\t\t\t\t<img loading=\"lazy\" decoding=\"async\" src=\"https:\/\/cusointernational.org\/wp-content\/uploads\/icon-about-partnership.svg\" alt=\"Hands and heart icon\" itemprop=\"image\" height=\"112\" width=\"112\" title=\"icon-about-partnership\" onerror=\"this.style.display='none'\"  \/>\n<h4>\n\t\tCatalyseur d&#8217;innovation sociale\n\t<\/h4>\n\t<p>Cuso investit dans des initiatives port\u00e9es par les communaut\u00e9s locales, s&#8217;assurant que les acteurs locaux dirigent et b\u00e9n\u00e9ficient directement de nos programmes.<\/p>\n<h2>\n\t\tCommuniqu\u00e9s de presse \n\t<\/h2>\n\t<p>Restez \u00e0 jour sur nos derni\u00e8res nouvelles, annonces et r\u00e9alisations :\u00a0<\/p>\n\t<div class=\"stories_all grid_wrapper latest_two\"><div class=\"story_card_wrapper\"><div class=\"story_card_wrapper_content ken_burns\" style=\"background: url('https:\/\/cusointernational.org\/wp-content\/uploads\/flag-of-tanzania-vector.jpg') no-repeat\"><a style=\"display:block\" href=https:\/\/cusointernational.org\/fr\/nouvelle\/mise-a-jour-sur-la-tanzanie-novembre-2025\/><div class=\"story_card\"><div class=\"story_meta\"><span class=\"story_badge latest_two_badge\">News<\/span><span class=\"story_date\">novembre 5, 2025<\/span><\/div><div class=\"story_title\"><h3 class=\"h4 white\">Mise \u00e0 jour sur la Tanzanie : novembre 2025<\/h3><\/div><\/div><\/div><\/a><\/div><div class=\"story_card_wrapper\"><div class=\"story_card_wrapper_content ken_burns\" style=\"background: url('https:\/\/cusointernational.org\/wp-content\/uploads\/jason-hafso-C2keINMOhIE-unsplash-scaled.jpg') no-repeat\"><a style=\"display:block\" href=https:\/\/cusointernational.org\/fr\/nouvelle\/les-canadiens-reaffirment-leur-appui-a-laide-internationale-lors-dun-dialogue-national\/><div class=\"story_card\"><div class=\"story_meta\"><span class=\"story_badge latest_two_badge\">News<\/span><span class=\"story_date\">septembre 24, 2025<\/span><\/div><div class=\"story_title\"><h3 class=\"h4 white\">Les Canadiens r\u00e9affirment leur appui \u00e0 l\u2019aide internationale lors d\u2019un dialogue national<\/h3><\/div><\/div><\/div><\/a><\/div><\/div>\n\t\t\t<a href=\"https:\/\/cusointernational.org\/fr\/nouvelles\/?tax%5B%5D=press-release-fr&#038;search=\" target=\"_self\">\n\t\t\t\t\t\t\tCommuniqu\u00e9s de presse \n\t\t\t\t\t<\/a>\n<h2>\n\t\tFoire aux questions (FAQ) \n\t<\/h2>\n\t\t\t\t\t\t<h5>Quelle est la mission de Cuso International? <\/h5>\n\t\t\t<p>Partager des comp\u00e9tences pour b\u00e2tir un avenir meilleur &#8211; lutter contre la pauvret\u00e9 et les in\u00e9galit\u00e9s par le b\u00e9n\u00e9volat et la collaboration.<\/p>\n\t\t\t\t\t\t<h5>O\u00f9 Cuso International intervient-elle?<\/h5>\n\t\t\t<p>Nous menons des projets actifs dans 19 pays. <strong><a href=\"https:\/\/cusointernational.org\/fr\/travail\/regions-desservies\/\">Voir notre carte des pays.<\/a><\/strong><\/p>\n\t\t\t\t\t\t<h5>Comment puis-je m&#8217;impliquer ou devenir volontaire? <\/h5>\n\t\t\t<p>Les individus peuvent participer comme <strong><a href=\"https:\/\/cusointernational.org\/fr\/passez-a-laction\/volontaire\/cooperation-volontaire\/\">volontaires<\/a><\/strong> qualifi\u00e9s<strong>, <em><a href=\"https:\/\/cusointernational.donorsupport.co\/page\/Give?_lang=fr\">faire un don <\/a><\/em><\/strong>ou s&#8217;engager dans nos <strong><a href=\"https:\/\/cusointernational.org\/fr\/travail\/\">programmes<\/a><\/strong>. Consultez notre page \u00ab Impliquez-vous \u00bb pour en savoir plus.<\/p>\n\t\t\t\t\t\t<h5>Quels sont les principaux domaines d&#8217;intervention de Cuso? <\/h5>\n\t\t\t<p><a href=\"https:\/\/cusointernational.org\/fr\/egalite-des-genres-et-inclusion-sociale\/\"><strong> \u00c9galit\u00e9 des genres et inclusion sociale<\/strong><\/a>, <strong><a href=\"https:\/\/cusointernational.org\/fr\/ameliorer-la-resilience-economique\/\">r\u00e9silience \u00e9conomique, <\/a><\/strong>\u00e9ducation, autonomisation des jeunes et <strong><a href=\"https:\/\/cusointernational.org\/fr\/miser-sur-les-cooperants-volontaires\/\">action <\/a><\/strong><strong>climatique<\/strong>.<\/p>\n<h3>\n\t\tContact m\u00e9dia \n\t<\/h3>\n\t<p>Pour les demandes m\u00e9dias, veuillez communiquer avec :\u00a0<\/p>\n<p><strong>D\u00e9partement des communications\u00a0<\/strong><\/p>\n<p>Courriel : <a href=\"mailto:media@cusointernational.org\">media@cusointernational.org<\/a>\u00a0<\/p>\n<h3>\n\t\tRessources visuelles \n\t<\/h3>\n\t<p>Images haute r\u00e9solution et logos disponibles \u00e0 l&#8217;usage des m\u00e9dias, illustrant la diversit\u00e9 et la port\u00e9e mondiale de nos programmes. Veuillez respecter les directives d&#8217;utilisation fournies.\u00a0<\/p>\n\t\t\t<a href=\"https:\/\/cuso365.sharepoint.com\/:f:\/s\/Cuso\/EgnDF1FyLAdCp0W8uAo3dzABMjhmRRyR5VxuGvPbp9EKyw?e=oG05om\" target=\"_self\">\n\t\t\t\t\t\tT\u00c9L\u00c9CHARGER LES ACTIFS VISUELS\n\t\t\t\t\t<\/a>\n<h3>\n\t\tPublications et rapports \n\t<\/h3>\n\t<p>Consultez nos rapports annuels complets, plans strat\u00e9giques et documents de recherche :<\/p>\n\t\t\t<a href=\"https:\/\/cusointernational.org\/fr\/publications-de-cuso\/rapport-annuel-2023-24\/\" target=\"_blank\" rel=\"noopener\">\n\t\t\t\t\t\t\tLIRE LE DERNIER RAPPORT ANNUEL\n\t\t\t\t\t<\/a>\n\t\t\t<a href=\"https:\/\/cusointernational.org\/fr\/plan-strategique-2023\/\" target=\"_blank\" rel=\"noopener\">\n\t\t\t\t\t\t\tPLAN STRAT\u00c9GIQUE\n\t\t\t\t\t<\/a>\n\t\t\t<a href=\"https:\/\/cusointernational.org\/fr\/publications-de-cuso\/\" target=\"_blank\" rel=\"noopener\">\n\t\t\t\t\t\t\tPUBLICATIONS\n\t\t\t\t\t<\/a>\n<h2>\n\t\tR\u00e9cits inspirants \n\t<\/h2>\n\t<p>D\u00e9couvrez des histoires inspirantes et des t\u00e9moignages de volontaires, de partenaires et de b\u00e9n\u00e9ficiaires mettant en valeur l&#8217;impact de Cuso International :\u00a0<\/p>\n\t<div class=\"stories_all grid_wrapper latest_two\"><div class=\"story_card_wrapper\"><div class=\"story_card_wrapper_content ken_burns\" style=\"background: url('https:\/\/cusointernational.org\/wp-content\/uploads\/Maureen-scaled.jpg') no-repeat\"><a style=\"display:block\" href=https:\/\/cusointernational.org\/fr\/recit\/une-passion-pour-la-nutrition-et-un-heritage-de-service\/><div class=\"story_card\"><div class=\"story_meta\"><span class=\"story_badge latest_two_badge\">Story<\/span><span class=\"story_date\">mars 10, 2026<\/span><\/div><div class=\"story_title\"><h3 class=\"h4 white\">Une Passion pour la Nutrition et un H\u00e9ritage de Service<\/h3><\/div><\/div><\/div><\/a><\/div><div class=\"story_card_wrapper\"><div class=\"story_card_wrapper_content ken_burns\" style=\"background: url('https:\/\/cusointernational.org\/wp-content\/uploads\/2025-09-12-DEMUS-Street-Activity-10.jpg') no-repeat\"><a style=\"display:block\" href=https:\/\/cusointernational.org\/fr\/recit\/briser-les-prejuges-et-les-stereotypes-lies-au-genre-grace-a-lhumour\/><div class=\"story_card\"><div class=\"story_meta\"><span class=\"story_badge latest_two_badge\">Story<\/span><span class=\"story_date\">mars 10, 2026<\/span><\/div><div class=\"story_title\"><h3 class=\"h4 white\">Briser les pr\u00e9jug\u00e9s et les st\u00e9r\u00e9otypes li\u00e9s au genre gr\u00e2ce \u00e0 l'humour<\/h3><\/div><\/div><\/div><\/a><\/div><\/div>\n\t\t\t<a href=\"https:\/\/cusointernational.org\/fr\/recits\/\" target=\"_self\">\n\t\t\t\t\t\t\tLIRE D&#8217;AUTRES HISTOIRES\n\t\t\t\t\t<\/a>\n<h2>\n\t\tJoignez-vous \u00e0 nous pour changer les choses \n\t<\/h2>\n\t<p>Votre soutien alimente notre mission et permet aux communaut\u00e9s de prosp\u00e9rer. Que vous deveniez volontaire, donateur ou partenaire, votre contribution soutient des solutions durables qui changent des vies.\u00a0<\/p>\n\t\t\t<a href=\"https:\/\/cusointernational.donorsupport.co\/page\/Give?_lang=fr\" target=\"_self\">\n\t\t\t\t\t\tFAIRE UN DON\n\t\t\t\t\t<\/a>\n\t\t\t<a href=\"https:\/\/cusointernational.org\/fr\/passez-a-laction\/volontaire\/cooperation-volontaire\/\" target=\"_self\">\n\t\t\t\t\t\tCOOP\u00c9RATION VOLONTAIRE\n\t\t\t\t\t<\/a>\n\t<p><strong>Merci pour votre int\u00e9r\u00eat envers Cuso International et pour votre soutien \u00e0 partager les histoires inspirantes de nos volontaires et de nos communaut\u00e9s partenaires<\/strong>.\u00a0<\/p>\n<h3>\n\t\tSuivez-nous sur les r\u00e9seaux sociaux : \n\t<\/h3>\n\n","protected":false},"excerpt":{"rendered":"<p>Salle de presse Bienvenue dans la salle des m\u00e9dias de Cuso International. Vous y trouverez des ressources, des images haute r\u00e9solution, des logos et des mises \u00e0 jour sur notre travail dans le monde. D\u00e9couvrez comment nous cr\u00e9ons un changement durable et encourageons la collaboration mondiale. Bienvenue chez Cuso International (Cuso), o\u00f9 nous partageons des&hellip;<\/p>\n","protected":false},"author":38,"featured_media":48822,"parent":0,"menu_order":0,"comment_status":"closed","ping_status":"closed","template":"","meta":{"_acf_changed":false,"footnotes":""},"tags":[],"class_list":["post-48830","page","type-page","status-publish","has-post-thumbnail","hentry"],"acf":[],"yoast_head":"<!-- This site is optimized with the Yoast SEO plugin v27.6 - https:\/\/yoast.com\/product\/yoast-seo-wordpress\/ -->\n<title>Cuso International | Salle de presse<\/title>\n<meta name=\"description\" content=\"Cuso International : plus de 60 ans au service du changement durable. Visitez notre salle de presse pour des mises \u00e0 jour et des ressources.\" \/>\n<meta name=\"robots\" content=\"index, follow, max-snippet:-1, max-image-preview:large, max-video-preview:-1\" \/>\n<link rel=\"canonical\" href=\"https:\/\/cusointernational.org\/fr\/salle-de-presse\/\" \/>\n<meta property=\"og:locale\" content=\"fr_FR\" \/>\n<meta property=\"og:type\" content=\"article\" \/>\n<meta property=\"og:title\" content=\"Cuso International | Salle de presse\" \/>\n<meta property=\"og:description\" content=\"Cuso International : plus de 60 ans au service du changement durable. Visitez notre salle de presse pour des mises \u00e0 jour et des ressources.\" \/>\n<meta property=\"og:url\" content=\"https:\/\/cusointernational.org\/fr\/salle-de-presse\/\" \/>\n<meta property=\"og:site_name\" content=\"Cuso International\" \/>\n<meta property=\"article:modified_time\" content=\"2025-03-19T17:45:23+00:00\" \/>\n<meta property=\"og:image\" content=\"https:\/\/cusointernational.org\/wp-content\/uploads\/Media-Room-Picture.png\" \/>\n\t<meta property=\"og:image:width\" content=\"1080\" \/>\n\t<meta property=\"og:image:height\" content=\"1080\" \/>\n\t<meta property=\"og:image:type\" content=\"image\/png\" \/>\n<meta name=\"twitter:card\" content=\"summary_large_image\" \/>\n<meta name=\"twitter:label1\" content=\"Dur\u00e9e de lecture estim\u00e9e\" \/>\n\t<meta name=\"twitter:data1\" content=\"4 minutes\" \/>\n<script type=\"application\/ld+json\" class=\"yoast-schema-graph\">{\"@context\":\"https:\\\/\\\/schema.org\",\"@graph\":[{\"@type\":\"WebPage\",\"@id\":\"https:\\\/\\\/cusointernational.org\\\/fr\\\/salle-de-presse\\\/\",\"url\":\"https:\\\/\\\/cusointernational.org\\\/fr\\\/salle-de-presse\\\/\",\"name\":\"Cuso International | Salle de presse\",\"isPartOf\":{\"@id\":\"https:\\\/\\\/cusointernational.org\\\/fr\\\/#website\"},\"primaryImageOfPage\":{\"@id\":\"https:\\\/\\\/cusointernational.org\\\/fr\\\/salle-de-presse\\\/#primaryimage\"},\"image\":{\"@id\":\"https:\\\/\\\/cusointernational.org\\\/fr\\\/salle-de-presse\\\/#primaryimage\"},\"thumbnailUrl\":\"https:\\\/\\\/cusointernational.org\\\/wp-content\\\/uploads\\\/Media-Room-Picture.png\",\"datePublished\":\"2025-03-19T14:38:29+00:00\",\"dateModified\":\"2025-03-19T17:45:23+00:00\",\"description\":\"Cuso International : plus de 60 ans au service du changement durable. Visitez notre salle de presse pour des mises \u00e0 jour et des ressources.\",\"breadcrumb\":{\"@id\":\"https:\\\/\\\/cusointernational.org\\\/fr\\\/salle-de-presse\\\/#breadcrumb\"},\"inLanguage\":\"fr-FR\",\"potentialAction\":[{\"@type\":\"ReadAction\",\"target\":[\"https:\\\/\\\/cusointernational.org\\\/fr\\\/salle-de-presse\\\/\"]}]},{\"@type\":\"ImageObject\",\"inLanguage\":\"fr-FR\",\"@id\":\"https:\\\/\\\/cusointernational.org\\\/fr\\\/salle-de-presse\\\/#primaryimage\",\"url\":\"https:\\\/\\\/cusointernational.org\\\/wp-content\\\/uploads\\\/Media-Room-Picture.png\",\"contentUrl\":\"https:\\\/\\\/cusointernational.org\\\/wp-content\\\/uploads\\\/Media-Room-Picture.png\",\"width\":1080,\"height\":1080,\"caption\":\"Media Room\"},{\"@type\":\"BreadcrumbList\",\"@id\":\"https:\\\/\\\/cusointernational.org\\\/fr\\\/salle-de-presse\\\/#breadcrumb\",\"itemListElement\":[{\"@type\":\"ListItem\",\"position\":1,\"name\":\"Home\",\"item\":\"https:\\\/\\\/cusointernational.org\\\/fr\\\/\"},{\"@type\":\"ListItem\",\"position\":2,\"name\":\"Salle de presse \u2013 Cuso International\"}]},{\"@type\":\"WebSite\",\"@id\":\"https:\\\/\\\/cusointernational.org\\\/fr\\\/#website\",\"url\":\"https:\\\/\\\/cusointernational.org\\\/fr\\\/\",\"name\":\"Cuso International\",\"description\":\"Connecting communities around the world with skilled Canadians to help end poverty\",\"potentialAction\":[{\"@type\":\"SearchAction\",\"target\":{\"@type\":\"EntryPoint\",\"urlTemplate\":\"https:\\\/\\\/cusointernational.org\\\/fr\\\/?s={search_term_string}\"},\"query-input\":{\"@type\":\"PropertyValueSpecification\",\"valueRequired\":true,\"valueName\":\"search_term_string\"}}],\"inLanguage\":\"fr-FR\"}]}<\/script>\n<!-- \/ Yoast SEO plugin. -->","yoast_head_json":{"title":"Cuso International | Salle de presse","description":"Cuso International : plus de 60 ans au service du changement durable. Visitez notre salle de presse pour des mises \u00e0 jour et des ressources.","robots":{"index":"index","follow":"follow","max-snippet":"max-snippet:-1","max-image-preview":"max-image-preview:large","max-video-preview":"max-video-preview:-1"},"canonical":"https:\/\/cusointernational.org\/fr\/salle-de-presse\/","og_locale":"fr_FR","og_type":"article","og_title":"Cuso International | Salle de presse","og_description":"Cuso International : plus de 60 ans au service du changement durable. Visitez notre salle de presse pour des mises \u00e0 jour et des ressources.","og_url":"https:\/\/cusointernational.org\/fr\/salle-de-presse\/","og_site_name":"Cuso International","article_modified_time":"2025-03-19T17:45:23+00:00","og_image":[{"width":1080,"height":1080,"url":"https:\/\/cusointernational.org\/wp-content\/uploads\/Media-Room-Picture.png","type":"image\/png"}],"twitter_card":"summary_large_image","twitter_misc":{"Dur\u00e9e de lecture estim\u00e9e":"4 minutes"},"schema":{"@context":"https:\/\/schema.org","@graph":[{"@type":"WebPage","@id":"https:\/\/cusointernational.org\/fr\/salle-de-presse\/","url":"https:\/\/cusointernational.org\/fr\/salle-de-presse\/","name":"Cuso International | Salle de presse","isPartOf":{"@id":"https:\/\/cusointernational.org\/fr\/#website"},"primaryImageOfPage":{"@id":"https:\/\/cusointernational.org\/fr\/salle-de-presse\/#primaryimage"},"image":{"@id":"https:\/\/cusointernational.org\/fr\/salle-de-presse\/#primaryimage"},"thumbnailUrl":"https:\/\/cusointernational.org\/wp-content\/uploads\/Media-Room-Picture.png","datePublished":"2025-03-19T14:38:29+00:00","dateModified":"2025-03-19T17:45:23+00:00","description":"Cuso International : plus de 60 ans au service du changement durable. Visitez notre salle de presse pour des mises \u00e0 jour et des ressources.","breadcrumb":{"@id":"https:\/\/cusointernational.org\/fr\/salle-de-presse\/#breadcrumb"},"inLanguage":"fr-FR","potentialAction":[{"@type":"ReadAction","target":["https:\/\/cusointernational.org\/fr\/salle-de-presse\/"]}]},{"@type":"ImageObject","inLanguage":"fr-FR","@id":"https:\/\/cusointernational.org\/fr\/salle-de-presse\/#primaryimage","url":"https:\/\/cusointernational.org\/wp-content\/uploads\/Media-Room-Picture.png","contentUrl":"https:\/\/cusointernational.org\/wp-content\/uploads\/Media-Room-Picture.png","width":1080,"height":1080,"caption":"Media Room"},{"@type":"BreadcrumbList","@id":"https:\/\/cusointernational.org\/fr\/salle-de-presse\/#breadcrumb","itemListElement":[{"@type":"ListItem","position":1,"name":"Home","item":"https:\/\/cusointernational.org\/fr\/"},{"@type":"ListItem","position":2,"name":"Salle de presse \u2013 Cuso International"}]},{"@type":"WebSite","@id":"https:\/\/cusointernational.org\/fr\/#website","url":"https:\/\/cusointernational.org\/fr\/","name":"Cuso International","description":"Connecting communities around the world with skilled Canadians to help end poverty","potentialAction":[{"@type":"SearchAction","target":{"@type":"EntryPoint","urlTemplate":"https:\/\/cusointernational.org\/fr\/?s={search_term_string}"},"query-input":{"@type":"PropertyValueSpecification","valueRequired":true,"valueName":"search_term_string"}}],"inLanguage":"fr-FR"}]}},"_links":{"self":[{"href":"https:\/\/cusointernational.org\/fr\/wp-json\/wp\/v2\/pages\/48830","targetHints":{"allow":["GET"]}}],"collection":[{"href":"https:\/\/cusointernational.org\/fr\/wp-json\/wp\/v2\/pages"}],"about":[{"href":"https:\/\/cusointernational.org\/fr\/wp-json\/wp\/v2\/types\/page"}],"author":[{"embeddable":true,"href":"https:\/\/cusointernational.org\/fr\/wp-json\/wp\/v2\/users\/38"}],"replies":[{"embeddable":true,"href":"https:\/\/cusointernational.org\/fr\/wp-json\/wp\/v2\/comments?post=48830"}],"version-history":[{"count":0,"href":"https:\/\/cusointernational.org\/fr\/wp-json\/wp\/v2\/pages\/48830\/revisions"}],"wp:featuredmedia":[{"embeddable":true,"href":"https:\/\/cusointernational.org\/fr\/wp-json\/wp\/v2\/media\/48822"}],"wp:attachment":[{"href":"https:\/\/cusointernational.org\/fr\/wp-json\/wp\/v2\/media?parent=48830"}],"wp:term":[{"taxonomy":"post_tag","embeddable":true,"href":"https:\/\/cusointernational.org\/fr\/wp-json\/wp\/v2\/tags?post=48830"}],"curies":[{"name":"wp","href":"https:\/\/api.w.org\/{rel}","templated":true}]}}