{"id":48523,"date":"2024-12-28T18:49:56","date_gmt":"2024-12-28T23:49:56","guid":{"rendered":"https:\/\/cusointernational.org\/fr-our-work\/"},"modified":"2025-02-26T17:23:36","modified_gmt":"2025-02-26T22:23:36","slug":"travail","status":"publish","type":"page","link":"https:\/\/cusointernational.org\/fr\/travail\/","title":{"rendered":"Notre Travail"},"content":{"rendered":"\r\n\r\n\t<p>Our Focus<\/p>\r\n<h1>\r\n\t\tOur Work at a Glance\r\n\t<\/h1>\r\n\t<p>Together with our partners we&#8217;re solving problems, creating solutions and building a more prosperous and inclusive world for all.<\/p>\r\n\t\t\t<a href=\"https:\/\/cusointernational.donorsupport.co\/page\/Give\" target=\"_self\">\r\n\t\t\t\t\t\tDONATE TODAY\r\n\t\t\t\t\t<\/a>\r\n<h2>\r\n\t\tWhy Cuso International?\r\n\t<\/h2>\r\n\t<p>Because Cuso International is focused on the long-term. We work with others to create opportunity by delivering resources and sharing the skills needed to thrive. When women, girls and youth are uplifted, their families and communities prosper too. They become the change-makers and mentors, sharing their new skills and knowledge with others. The impact of our work doesn&#8217;t stop when our projects come to an end. It continues to grow.<\/p>\r\n<h3>\r\n\t\tSharing skills for better futures: &#8216;The Cuso International Effect&#8217;\r\n\t<\/h3>\r\n\t<p>We know that change starts with sharing what you know. That&#8217;s why we&#8217;ve been sharing the skills needed to create long-lasting change for over 60 years and counting. Generations of people in more than 100 countries have benefited from training, mentoring and support to hone their skills. In turn, they become the mentors-training and supporting countless others.<\/p>\r\n<blockquote><p>&#8220;I signed up and I followed the training for one year and six months. After my training I decided not to work for anyone. I want to be independent.&#8221;<\/p><\/blockquote>\r\n<p>Nadette is saving for her own plot of land thanks to an agricultural training program in Porto Nuevo, Benin and she&#8217;s inspiring other young women to take up the challenge.<\/p>\r\n<h3>\r\n\t\tWhere Cuso International works\r\n\t<\/h3>\r\n\t<p>We reach millions of people through our programs in Africa, Latin America and the Caribbean as well as Northern Canada.<\/p>\r\n<p>Cuso International staff, volunteers and partners are currently working in:<\/p>\r\n<p>Benin, Cameroon, Canada (Northwest Territories), Colombia, Democratic Republic of the Congo, Dominica, Ethiopia, Grenada, Honduras, Jamaica, Nigeria, Peru, St. Lucia, St. Vincent and the Grenadines and Tanzania.<\/p>\r\n\t\t\t<a href=\"https:\/\/cusointernational.org\/work\/regions-we-serve\/\" target=\"_self\">\r\n\t\t\t\t\t\t\tSEE REGIONS WE SERVE\r\n\t\t\t\t\t<\/a>\r\n\t\t\t\t<img loading=\"lazy\" decoding=\"async\" src=\"https:\/\/cusointernational.org\/wp-content\/uploads\/Cuso_MapGraphic_2022.svg\" alt=\"Where we work - Cuso International\" itemprop=\"image\" height=\"296\" width=\"600\" title=\"Cuso_MapGraphic_2022\" onerror=\"this.style.display='none'\"  \/>\r\n<h3>\r\n\t\tExplore our focus areas\r\n\t<\/h3>\r\n\t\t\t\t<img loading=\"lazy\" decoding=\"async\" src=\"https:\/\/cusointernational.org\/wp-content\/uploads\/icon-focus-gender-equality.svg\" alt=\"Female icon\" itemprop=\"image\" height=\"112\" width=\"112\" title=\"icon-focus-gender-equality\" onerror=\"this.style.display='none'\"  \/>\r\n<h4>\r\n\t\tStrengthen gender equality and social inclusion\r\n\t<\/h4>\r\n\t<p>We&#8217;re actively addressing inequality, injustice, and marginalization in the pursuit of equality.<\/p>\r\n\t\t\t<a href=\"https:\/\/cusointernational.org\/our-focus\/gender-equality-and-social-inclusion\/\" target=\"_self\">\r\n\t\t\t\t\t\t\tLEARN MORE\r\n\t\t\t\t\t<\/a>\r\n\t\t\t\t<img loading=\"lazy\" decoding=\"async\" src=\"https:\/\/cusointernational.org\/wp-content\/uploads\/icon-focus-economic-opportunity.svg\" alt=\"Money icon\" itemprop=\"image\" height=\"112\" width=\"112\" title=\"icon-focus-economic-opportunity\" onerror=\"this.style.display='none'\"  \/>\r\n<h4>\r\n\t\tImprove economic resilience through sustainable solutions\r\n\t<\/h4>\r\n\t<p>We&#8217;re engaging in partnerships that support marginalized people and communities to overcome poverty and inequality.<\/p>\r\n\t\t\t<a href=\"https:\/\/cusointernational.org\/our-focus\/improve-economic-resilience\/\" target=\"_self\">\r\n\t\t\t\t\t\t\tLEARN MORE\r\n\t\t\t\t\t<\/a>\r\n\t\t\t\t<img loading=\"lazy\" decoding=\"async\" src=\"https:\/\/cusointernational.org\/wp-content\/uploads\/icon-focus-volunteerism.svg\" alt=\"Hand icon\" itemprop=\"image\" height=\"112\" width=\"112\" title=\"icon-focus-volunteerism\" onerror=\"this.style.display='none'\"  \/>\r\n<h4>\r\n\t\tAdvance climate action\r\n\t<\/h4>\r\n\t<p>We&#8217;re promoting, advocating, innovating, and partnering for inclusive and effective climate action.<\/p>\r\n\t\t\t<a href=\"https:\/\/cusointernational.org\/our-focus\/advancing-climate-action\/\" target=\"_self\">\r\n\t\t\t\t\t\t\tLEARN MORE\r\n\t\t\t\t\t<\/a>\r\n<h2>\r\n\t\tStories that inspire\r\n\t<\/h2>\r\n\t<div class=\"stories_all grid_wrapper latest_two\"><div class=\"story_card_wrapper\"><div class=\"story_card_wrapper_content ken_burns\" style=\"background: url('https:\/\/cusointernational.org\/wp-content\/uploads\/Maureen-scaled.jpg') no-repeat\"><a style=\"display:block\" href=https:\/\/cusointernational.org\/fr\/recit\/une-passion-pour-la-nutrition-et-un-heritage-de-service\/><div class=\"story_card\"><div class=\"story_meta\"><span class=\"story_badge latest_two_badge\">Story<\/span><span class=\"story_date\">mars 10, 2026<\/span><\/div><div class=\"story_title\"><h3 class=\"h4 white\">Une Passion pour la Nutrition et un H\u00e9ritage de Service<\/h3><\/div><\/div><\/div><\/a><\/div><div class=\"story_card_wrapper\"><div class=\"story_card_wrapper_content ken_burns\" style=\"background: url('https:\/\/cusointernational.org\/wp-content\/uploads\/2025-09-12-DEMUS-Street-Activity-10.jpg') no-repeat\"><a style=\"display:block\" href=https:\/\/cusointernational.org\/fr\/recit\/briser-les-prejuges-et-les-stereotypes-lies-au-genre-grace-a-lhumour\/><div class=\"story_card\"><div class=\"story_meta\"><span class=\"story_badge latest_two_badge\">Story<\/span><span class=\"story_date\">mars 10, 2026<\/span><\/div><div class=\"story_title\"><h3 class=\"h4 white\">Briser les pr\u00e9jug\u00e9s et les st\u00e9r\u00e9otypes li\u00e9s au genre gr\u00e2ce \u00e0 l'humour<\/h3><\/div><\/div><\/div><\/a><\/div><\/div>\r\n\r\n","protected":false},"excerpt":{"rendered":"<p>Our Focus Our Work at a Glance Together with our partners we&#8217;re solving problems, creating solutions and building a more prosperous and inclusive world for all. DONATE TODAY Why Cuso International? Because Cuso International is focused on the long-term. We work with others to create opportunity by delivering resources and sharing the skills needed to&hellip;<\/p>\n","protected":false},"author":6,"featured_media":36471,"parent":0,"menu_order":0,"comment_status":"closed","ping_status":"closed","template":"","meta":{"_acf_changed":false,"footnotes":""},"tags":[],"class_list":["post-48523","page","type-page","status-publish","has-post-thumbnail","hentry"],"acf":[],"yoast_head":"<!-- This site is optimized with the Yoast SEO plugin v27.5 - https:\/\/yoast.com\/product\/yoast-seo-wordpress\/ -->\n<title>Notre Travail - Cuso International<\/title>\n<meta name=\"description\" content=\"D\u00e9couvrez comment nous r\u00e9solvons les probl\u00e8mes, cr\u00e9ons des solutions et construisons un monde plus prosp\u00e8re et plus inclusif pour tous.\" \/>\n<meta name=\"robots\" content=\"index, nofollow, max-snippet:-1, max-image-preview:large, max-video-preview:-1\" \/>\n<link rel=\"canonical\" href=\"https:\/\/cusointernational.org\/fr\/travail\/\" \/>\n<meta property=\"og:locale\" content=\"fr_FR\" \/>\n<meta property=\"og:type\" content=\"article\" \/>\n<meta property=\"og:title\" content=\"Notre Travail - Cuso International\" \/>\n<meta property=\"og:description\" content=\"D\u00e9couvrez comment nous r\u00e9solvons les probl\u00e8mes, cr\u00e9ons des solutions et construisons un monde plus prosp\u00e8re et plus inclusif pour tous.\" \/>\n<meta property=\"og:url\" content=\"https:\/\/cusointernational.org\/fr\/travail\/\" \/>\n<meta property=\"og:site_name\" content=\"Cuso International\" \/>\n<meta property=\"article:modified_time\" content=\"2025-02-26T22:23:36+00:00\" \/>\n<meta property=\"og:image\" content=\"https:\/\/cusointernational.org\/wp-content\/uploads\/Cuso-featured-image.png\" \/>\n\t<meta property=\"og:image:width\" content=\"1600\" \/>\n\t<meta property=\"og:image:height\" content=\"1000\" \/>\n\t<meta property=\"og:image:type\" content=\"image\/png\" \/>\n<meta name=\"twitter:card\" content=\"summary_large_image\" \/>\n<meta name=\"twitter:label1\" content=\"Dur\u00e9e de lecture estim\u00e9e\" \/>\n\t<meta name=\"twitter:data1\" content=\"3 minutes\" \/>\n<script type=\"application\/ld+json\" class=\"yoast-schema-graph\">{\"@context\":\"https:\\\/\\\/schema.org\",\"@graph\":[{\"@type\":\"WebPage\",\"@id\":\"https:\\\/\\\/cusointernational.org\\\/fr\\\/travail\\\/\",\"url\":\"https:\\\/\\\/cusointernational.org\\\/fr\\\/travail\\\/\",\"name\":\"Notre Travail - Cuso International\",\"isPartOf\":{\"@id\":\"https:\\\/\\\/cusointernational.org\\\/fr\\\/#website\"},\"primaryImageOfPage\":{\"@id\":\"https:\\\/\\\/cusointernational.org\\\/fr\\\/travail\\\/#primaryimage\"},\"image\":{\"@id\":\"https:\\\/\\\/cusointernational.org\\\/fr\\\/travail\\\/#primaryimage\"},\"thumbnailUrl\":\"https:\\\/\\\/cusointernational.org\\\/wp-content\\\/uploads\\\/Cuso-featured-image.png\",\"datePublished\":\"2024-12-28T23:49:56+00:00\",\"dateModified\":\"2025-02-26T22:23:36+00:00\",\"description\":\"D\u00e9couvrez comment nous r\u00e9solvons les probl\u00e8mes, cr\u00e9ons des solutions et construisons un monde plus prosp\u00e8re et plus inclusif pour tous.\",\"breadcrumb\":{\"@id\":\"https:\\\/\\\/cusointernational.org\\\/fr\\\/travail\\\/#breadcrumb\"},\"inLanguage\":\"fr-FR\",\"potentialAction\":[{\"@type\":\"ReadAction\",\"target\":[\"https:\\\/\\\/cusointernational.org\\\/fr\\\/travail\\\/\"]}]},{\"@type\":\"ImageObject\",\"inLanguage\":\"fr-FR\",\"@id\":\"https:\\\/\\\/cusointernational.org\\\/fr\\\/travail\\\/#primaryimage\",\"url\":\"https:\\\/\\\/cusointernational.org\\\/wp-content\\\/uploads\\\/Cuso-featured-image.png\",\"contentUrl\":\"https:\\\/\\\/cusointernational.org\\\/wp-content\\\/uploads\\\/Cuso-featured-image.png\",\"width\":1600,\"height\":1000,\"caption\":\"Cuso logo on light blue background\"},{\"@type\":\"BreadcrumbList\",\"@id\":\"https:\\\/\\\/cusointernational.org\\\/fr\\\/travail\\\/#breadcrumb\",\"itemListElement\":[{\"@type\":\"ListItem\",\"position\":1,\"name\":\"Home\",\"item\":\"https:\\\/\\\/cusointernational.org\\\/fr\\\/\"},{\"@type\":\"ListItem\",\"position\":2,\"name\":\"Notre Travail\"}]},{\"@type\":\"WebSite\",\"@id\":\"https:\\\/\\\/cusointernational.org\\\/fr\\\/#website\",\"url\":\"https:\\\/\\\/cusointernational.org\\\/fr\\\/\",\"name\":\"Cuso International\",\"description\":\"Connecting communities around the world with skilled Canadians to help end poverty\",\"potentialAction\":[{\"@type\":\"SearchAction\",\"target\":{\"@type\":\"EntryPoint\",\"urlTemplate\":\"https:\\\/\\\/cusointernational.org\\\/fr\\\/?s={search_term_string}\"},\"query-input\":{\"@type\":\"PropertyValueSpecification\",\"valueRequired\":true,\"valueName\":\"search_term_string\"}}],\"inLanguage\":\"fr-FR\"}]}<\/script>\n<!-- \/ Yoast SEO plugin. -->","yoast_head_json":{"title":"Notre Travail - Cuso International","description":"D\u00e9couvrez comment nous r\u00e9solvons les probl\u00e8mes, cr\u00e9ons des solutions et construisons un monde plus prosp\u00e8re et plus inclusif pour tous.","robots":{"index":"index","follow":"nofollow","max-snippet":"max-snippet:-1","max-image-preview":"max-image-preview:large","max-video-preview":"max-video-preview:-1"},"canonical":"https:\/\/cusointernational.org\/fr\/travail\/","og_locale":"fr_FR","og_type":"article","og_title":"Notre Travail - Cuso International","og_description":"D\u00e9couvrez comment nous r\u00e9solvons les probl\u00e8mes, cr\u00e9ons des solutions et construisons un monde plus prosp\u00e8re et plus inclusif pour tous.","og_url":"https:\/\/cusointernational.org\/fr\/travail\/","og_site_name":"Cuso International","article_modified_time":"2025-02-26T22:23:36+00:00","og_image":[{"width":1600,"height":1000,"url":"https:\/\/cusointernational.org\/wp-content\/uploads\/Cuso-featured-image.png","type":"image\/png"}],"twitter_card":"summary_large_image","twitter_misc":{"Dur\u00e9e de lecture estim\u00e9e":"3 minutes"},"schema":{"@context":"https:\/\/schema.org","@graph":[{"@type":"WebPage","@id":"https:\/\/cusointernational.org\/fr\/travail\/","url":"https:\/\/cusointernational.org\/fr\/travail\/","name":"Notre Travail - Cuso International","isPartOf":{"@id":"https:\/\/cusointernational.org\/fr\/#website"},"primaryImageOfPage":{"@id":"https:\/\/cusointernational.org\/fr\/travail\/#primaryimage"},"image":{"@id":"https:\/\/cusointernational.org\/fr\/travail\/#primaryimage"},"thumbnailUrl":"https:\/\/cusointernational.org\/wp-content\/uploads\/Cuso-featured-image.png","datePublished":"2024-12-28T23:49:56+00:00","dateModified":"2025-02-26T22:23:36+00:00","description":"D\u00e9couvrez comment nous r\u00e9solvons les probl\u00e8mes, cr\u00e9ons des solutions et construisons un monde plus prosp\u00e8re et plus inclusif pour tous.","breadcrumb":{"@id":"https:\/\/cusointernational.org\/fr\/travail\/#breadcrumb"},"inLanguage":"fr-FR","potentialAction":[{"@type":"ReadAction","target":["https:\/\/cusointernational.org\/fr\/travail\/"]}]},{"@type":"ImageObject","inLanguage":"fr-FR","@id":"https:\/\/cusointernational.org\/fr\/travail\/#primaryimage","url":"https:\/\/cusointernational.org\/wp-content\/uploads\/Cuso-featured-image.png","contentUrl":"https:\/\/cusointernational.org\/wp-content\/uploads\/Cuso-featured-image.png","width":1600,"height":1000,"caption":"Cuso logo on light blue background"},{"@type":"BreadcrumbList","@id":"https:\/\/cusointernational.org\/fr\/travail\/#breadcrumb","itemListElement":[{"@type":"ListItem","position":1,"name":"Home","item":"https:\/\/cusointernational.org\/fr\/"},{"@type":"ListItem","position":2,"name":"Notre Travail"}]},{"@type":"WebSite","@id":"https:\/\/cusointernational.org\/fr\/#website","url":"https:\/\/cusointernational.org\/fr\/","name":"Cuso International","description":"Connecting communities around the world with skilled Canadians to help end poverty","potentialAction":[{"@type":"SearchAction","target":{"@type":"EntryPoint","urlTemplate":"https:\/\/cusointernational.org\/fr\/?s={search_term_string}"},"query-input":{"@type":"PropertyValueSpecification","valueRequired":true,"valueName":"search_term_string"}}],"inLanguage":"fr-FR"}]}},"_links":{"self":[{"href":"https:\/\/cusointernational.org\/fr\/wp-json\/wp\/v2\/pages\/48523","targetHints":{"allow":["GET"]}}],"collection":[{"href":"https:\/\/cusointernational.org\/fr\/wp-json\/wp\/v2\/pages"}],"about":[{"href":"https:\/\/cusointernational.org\/fr\/wp-json\/wp\/v2\/types\/page"}],"author":[{"embeddable":true,"href":"https:\/\/cusointernational.org\/fr\/wp-json\/wp\/v2\/users\/6"}],"replies":[{"embeddable":true,"href":"https:\/\/cusointernational.org\/fr\/wp-json\/wp\/v2\/comments?post=48523"}],"version-history":[{"count":0,"href":"https:\/\/cusointernational.org\/fr\/wp-json\/wp\/v2\/pages\/48523\/revisions"}],"wp:featuredmedia":[{"embeddable":true,"href":"https:\/\/cusointernational.org\/fr\/wp-json\/wp\/v2\/media\/36471"}],"wp:attachment":[{"href":"https:\/\/cusointernational.org\/fr\/wp-json\/wp\/v2\/media?parent=48523"}],"wp:term":[{"taxonomy":"post_tag","embeddable":true,"href":"https:\/\/cusointernational.org\/fr\/wp-json\/wp\/v2\/tags?post=48523"}],"curies":[{"name":"wp","href":"https:\/\/api.w.org\/{rel}","templated":true}]}}