{"id":48400,"date":"2024-12-28T19:36:04","date_gmt":"2024-12-29T00:36:04","guid":{"rendered":"https:\/\/cusointernational.org\/global-reach\/tanzanie\/"},"modified":"2025-07-16T15:54:53","modified_gmt":"2025-07-16T19:54:53","slug":"tanzanie","status":"publish","type":"page","link":"https:\/\/cusointernational.org\/fr\/travail\/regions-desservies\/tanzanie\/","title":{"rendered":"Tanzanie"},"content":{"rendered":"\n<h2>\n\t\t\t\u00c0 la loupe : les projets<br \/>Tanzanie\t<\/h2>\n\t<p><strong>De la promotion de l&#8217;\u00e9galit\u00e9 des genres et de l&#8217;inclusion sociale au renforcement de la r\u00e9silience \u00e9conomique et \u00e0 l&#8217;avancement de l&#8217;action climatique, d\u00e9couvrez notre travail en Tanzanie.<\/strong><\/p>\n<h2>\n\t\t\tL&#8217;effet Cuso\t<\/h2>\n\t\t\t\t<img decoding=\"async\" src=\"https:\/\/cusointernational.org\/wp-content\/uploads\/tanzania-intro-stats.webp\" alt=\"A woman in a colorful dress pours juice into a cup under a canopy, supporting Cuso International's work in Tanzania.\" itemprop=\"image\" height=\"700\" width=\"700\" title=\"tanzania-intro-stats\" onerror=\"this.style.display='none'\" loading='lazy' \/>\n\t\t61,823\n\t\t\t\t\tNombre de participants touch\u00e9s par le programme SHARE, dont 55% de femmes et de filles.  \n\t\t4\n\t\t\t\t\tNombre de centres d&#8217;affaires \u00e9tablis pour fournir des services de d\u00e9veloppement commercial aux petites et moyennes PME. \n\t\t66\n\t\t\t\t\tExperts techniques collaborant avec des partenaires dans le cadre du projet SHARE (21 canadiens et 45 sud-sud). \n\t\t14\n\t\t\t\t\tNombre de partenaires locaux et internationaux dans tous les projets. 86% des partenaires sont des organisations nationales locales. \n<h2>\n\t\t\tDes solutions locales\t<\/h2>\n\t<p>Nous savons que les solutions universelles appartiennent au pass\u00e9. Voil\u00e0 pourquoi nous soutenons des solutions hyperlocales con\u00e7ues par et pour les habitants, les sp\u00e9cificit\u00e9s locales et l&#8217;\u00e9conomie de la Tanzanie.<\/p>\n\t\t\t\t\t<a href=\"#\" id=\"fl-tabs--label-0\" data-index=\"0\" aria-selected=\"true\" aria-controls=\"fl-tabs--panel-0\" aria-expanded=\"true\" role=\"tab\" tabindex=\"0\">\t\t\t\tStimuler la croissance inclusive pour les PME\t\t\t<\/a>\n\t\t\t\t\t<a href=\"#\" id=\"fl-tabs--label-1\" data-index=\"1\" aria-selected=\"false\" aria-controls=\"fl-tabs--panel-1\" aria-expanded=\"false\" role=\"tab\" tabindex=\"0\">\t\t\t\tPromouvoir l&#8217;\u00e9galit\u00e9 entre les hommes et les femmes et l&#8217;acc\u00e8s \u00e0 l&#8217;\u00e9conomie\t\t\t<\/a>\n\t\t\t\t\t<a href=\"#\" id=\"fl-tabs--label-2\" data-index=\"2\" aria-selected=\"false\" aria-controls=\"fl-tabs--panel-2\" aria-expanded=\"false\" role=\"tab\" tabindex=\"0\">\t\t\t\tAm\u00e9liorer les services de sant\u00e9 maternelle et infantile\t\t\t<\/a>\n\t\t\t\t\t<a href=\"#\" id=\"fl-tabs--label-3\" data-index=\"3\" aria-selected=\"false\" aria-controls=\"fl-tabs--panel-3\" aria-expanded=\"false\" role=\"tab\" tabindex=\"0\">\t\t\t\tRenforcement des services de sant\u00e9 maternelle et infantile et de sant\u00e9 sexuelle et reproductive tenant compte de la dimension de genre.\t\t\t<\/a>\n\t\t\t\t\t<a href=\"#\" id=\"fl-tabs--label-4\" data-index=\"4\" aria-selected=\"false\" aria-controls=\"fl-tabs--panel-4\" aria-expanded=\"false\" role=\"tab\" tabindex=\"0\">\t\t\t\tFavoriser un engagement communautaire inclusif\t\t\t<\/a>\n\t\t\t\tStimuler la croissance inclusive pour les PME\n                                        <img decoding=\"async\" src=\"https:\/\/cusointernational.org\/wp-content\/uploads\/tanzania-testimonial-women-entrepreneur.webp\" alt=\"A woman in a white coat and hat smiles, holding dried beans over a container in Tanzania with Cuso International.\"\/>                    <h3>Projet de d\u00e9veloppement des entreprises locales en Tanzanie (T-LED)<\/h3><p>L&#8217;initiative T-LED visait \u00e0 accro\u00eetre les emplois durables pour les femmes et les hommes travaillant dans les petites et moyennes entreprises (PME) et \u00e0 am\u00e9liorer la prestation de services de d\u00e9veloppement des affaires et de services financiers adapt\u00e9s au march\u00e9 et sensibles au genre pour les PME.<\/p>\n\t\t\t\t\t\t\t\t<a href=\"https:\/\/cusointernational.org\/fr\/recit\/un-programme-dentrepreneuriat-aide-une-tanzanienne-a-fonder-une-entreprise-viticole-prospere\/\" target=\"_self\">\n\t\t\t\t\t\t\t\t\tEN SAVOIR PLUS\n\t\t\t\t\t\t\t\t<\/a>\n\t\t\t\tPromouvoir l&#8217;\u00e9galit\u00e9 entre les hommes et les femmes et l&#8217;acc\u00e8s \u00e0 l&#8217;\u00e9conomie\n                                        <img decoding=\"async\" src=\"https:\/\/cusointernational.org\/wp-content\/uploads\/tanzania-project-rick-harvey.webp\" alt=\"A group outside a brick building with barred windows and a small open door in Tanzania.\"\/>                    <h3>Partage de l&#8217;expertise canadienne en mati\u00e8re de d\u00e9veloppement inclusif et d&#8217;\u00e9galit\u00e9 entre les femmes et les hommes (SHARE)<\/h3><p>Ajouter une description : Depuis 2020, le programme SHARE apporte une assistance technique cibl\u00e9e \u00e0 des partenaires locaux, notamment des organisations de d\u00e9fense des droits des femmes, des institutions gouvernementales et des acteurs du secteur priv\u00e9. Il vise \u00e0 faire progresser l&#8217;\u00e9galit\u00e9 des genres, \u00e0 \u00e9largir l&#8217;acc\u00e8s aux opportunit\u00e9s \u00e9conomiques et \u00e0 promouvoir l&#8217;inclusion sociale et l&#8217;\u00e9galit\u00e9 des genres (GESI).<\/p>\n\t\t\t\t\t\t\t\t<a href=\"https:\/\/cusointernational.org\/fr\/partage-du-savoir-faire-canadien-pour-un-developpement-inclusif-et-legalite-entre-les-sexes-programme-share\/\" target=\"_self\">\n\t\t\t\t\t\t\t\t\tEN SAVOIR PLUS\n\t\t\t\t\t\t\t\t<\/a>\n\t\t\t\tAm\u00e9liorer les services de sant\u00e9 maternelle et infantile\n                                        <img decoding=\"async\" src=\"https:\/\/cusointernational.org\/wp-content\/uploads\/tanzania-testimonial-mza.webp\" alt=\"A mother with her newborn baby, supported by two women in pink, beams at Cuso International Tanzania's hospital.\"\/>                    <h3>Am\u00e9liorer les services de sant\u00e9 maternelle et infantile<\/h3><p>Ajouter une description : Le programme MSL visait \u00e0 contribuer \u00e0 la r\u00e9duction de la mortalit\u00e9 maternelle et infantile en am\u00e9liorant la prestation et l&#8217;utilisation de services de sant\u00e9 essentiels de qualit\u00e9, respectueux et adapt\u00e9s aux besoins des femmes en \u00e2ge de procr\u00e9er, des m\u00e8res, des femmes enceintes et des nouveau-n\u00e9s.<\/p>\n\t\t\t\t\t\t\t\t<a href=\"https:\/\/cusointernational.org\/news\/cuso-international-midwives-save-lives\/\" target=\"_self\">\n\t\t\t\t\t\t\t\t\tEN SAVOIR PLUS\n\t\t\t\t\t\t\t\t<\/a>\n\t\t\t\tRenforcement des services de sant\u00e9 maternelle et infantile et de sant\u00e9 sexuelle et reproductive tenant compte de la dimension de genre.\n                                        <img decoding=\"async\" src=\"https:\/\/cusointernational.org\/wp-content\/uploads\/tanzania-project-20190111.webp\" alt=\"Eight women smile outdoors, with lush Tanzanian palm leaves in the backdrop, supported by Cuso International.\"\/>                    <h3>Volontaires pour la coop\u00e9ration internationale et l&#8217;autonomisation (VOICE)<\/h3><p> Vise \u00e0 renforcer la capacit\u00e9 des prestataires de soins de sant\u00e9 \u00e0 offrir des services de qualit\u00e9 en sant\u00e9 reproductive, maternelle, n\u00e9onatale et infantile (SRMNI) sensibles au genre et \u00e0 promouvoir l&#8217;\u00e9galit\u00e9 des genres en abordant les violences bas\u00e9es sur le genre (VBG) ainsi que la sant\u00e9 sexuelle et les droits reproductifs des jeunes femmes.<\/p>\n\t\t\t\tFavoriser un engagement communautaire inclusif\n                                        <img decoding=\"async\" src=\"https:\/\/cusointernational.org\/wp-content\/uploads\/RWVL-Tanzania.jpg\" alt=\"Renewed Women's Voice and Leadership\"\/>                    <h3>Renouvellement de la voix et du commandement des femmes &#8211; Tanzanie<\/h3><p>RWVL-T soutiendra et renforcera la capacit\u00e9 des organisations f\u00e9ministes \u00e0 mener des changements transformateurs. Le projet vise \u00e0 promouvoir la collaboration et \u00e0 favoriser un engagement communautaire inclusif afin de garantir que les voix des femmes dans toutes leurs diversit\u00e9s soient entendues et que leurs droits soient respect\u00e9s.<\/p>\n<h2>\n\t\t\tPartenariat pour un monde durable et inclusif\t<\/h2>\n\t<p>Avec nos partenaires, nous r\u00e9solvons des probl\u00e8mes, nous cr\u00e9ons des solutions et nous construisons un monde plus prosp\u00e8re et plus inclusif pour tous.<\/p>\n<h2>\n\t\t\tLes voix du changement en \u00c9thiopie\t<\/h2>\n\t<p>Rencontrez les personnes qui ont eu la chance d&#8217;exp\u00e9rimenter l&#8217;effet Cuso en Tanzanie.<\/p>\n\t\t\t<a href=\"https:\/\/cusointernational.org\/fr\/recits\/\" target=\"_self\">\n\t\t\t\t\t\t\tVOIR PLUS DE R\u00c9CITS\n\t\t\t\t\t<\/a>\n\t\t\t\t<img decoding=\"async\" src=\"https:\/\/cusointernational.org\/wp-content\/uploads\/tanzania-testimonial-Genovefa.webp\" alt=\"A person smiling and holding two jars of peanut butter at Cuso International's Tanzania office.\" itemprop=\"image\" height=\"700\" width=\"700\" title=\"tanzania-testimonial-Genovefa\" onerror=\"this.style.display='none'\" loading='lazy' \/>\n\t<blockquote><p>\u00ab SIDO conna\u00eet un grand succ\u00e8s. Ce programme fournit \u00e0 des femmes comme moi la formation essentielle pour mieux g\u00e9rer nos entreprises et soutenir celles des autres \u00bb.<\/p><\/blockquote>\n<p>&#8211; Genovefa, SIDO<\/p>\n\t\t\t\t<img decoding=\"async\" src=\"https:\/\/cusointernational.org\/wp-content\/uploads\/tanzania-testimonial-pius.webp\" alt=\"Three people smiling indoors in casual attire, possibly in a shopping area with Cuso International Tanzania vibes.\" itemprop=\"image\" height=\"700\" width=\"700\" title=\"tanzania-testimonial-pius\" onerror=\"this.style.display='none'\" loading='lazy' \/>\n\t<blockquote><p>\u00ab Le plus grand d\u00e9fi que j&#8217;ai rencontr\u00e9 \u00e9tait l&#8217;acc\u00e8s au capital financier, un d\u00e9fi auquel la plupart des Tanzaniens sont confront\u00e9s. Sans ce programme, je n&#8217;aurais toujours aucune id\u00e9e de par o\u00f9 commencer pour cr\u00e9er mon entreprise \u00bb.<\/p><\/blockquote>\n<p>&#8211; Pius, SIDO<\/p>\n\t\t\t\t<img decoding=\"async\" src=\"https:\/\/cusointernational.org\/wp-content\/uploads\/tanzania-testimonial-Theresia.webp\" alt=\"Two people smiling, holding &quot;Tej&quot; bottles in a shop, reminiscent of Cuso International Tanzania's vibrant markets.\" itemprop=\"image\" height=\"700\" width=\"700\" title=\"tanzania-testimonial-Theresia\" onerror=\"this.style.display='none'\" loading='lazy' \/>\n\t<blockquote><p>\u00ab Nous aidons aussi les autres. Je remercie tous ceux qui ont particip\u00e9 et contribu\u00e9 \u00e0 la croissance de TEJO \u00bb.<\/p><\/blockquote>\n<p>&#8211; Theresia, SIDO<\/p>\n\t\t\t\t<img decoding=\"async\" src=\"https:\/\/cusointernational.org\/wp-content\/uploads\/tanzania-force-for-good.webp\" alt=\"Six people stand outdoors, smiling amid lush trees, embodying the spirit of Cuso International Tanzania.\" itemprop=\"image\" height=\"1200\" width=\"1800\" title=\"tanzania-force-for-good\" onerror=\"this.style.display='none'\" loading='lazy' \/>\n<h2>\n\t\t\tSoyez une force pour le bien\t<\/h2>\n\t<p>Soutenez la prochaine g\u00e9n\u00e9ration de solutions locales pour acc\u00e9l\u00e9rer l&#8217;\u00e9galit\u00e9 des genres, l&#8217;action climatique et la r\u00e9silience \u00e9conomique en Tanzanie.<\/p>\n\t\t\t<a href=\"https:\/\/cusointernational.org\/fr\/faire-un-don\/\" target=\"_self\">\n\t\t\t\t\t\tDONNEZ AUJOURD&#8217;HUI !\n\t\t\t\t\t<\/a>\n\t<p>Votre don sera jumel\u00e9 six fois par Affaires mondiales Canada.<\/p>\n<h2>\n\t\t\tPassez \u00e0 l&#8217;\u00e9tape suivante !\t<\/h2>\n\t\t\t\t<img decoding=\"async\" src=\"https:\/\/cusointernational.org\/wp-content\/uploads\/icon-donate-lecagy.svg\" alt=\"Scroll and heart icon\" itemprop=\"image\" height=\"112\" width=\"112\" title=\"icon-donate-lecagy\" onerror=\"this.style.display='none'\" loading='lazy' \/>\n<h3>\n\t\t\tD\u00e9couvrez les histoires de la Tanzanie\t<\/h3>\n\t<p>Des \u00eatres authentiques. Des r\u00e9cits authentiques. D\u00e9couvrez comment des vies ont \u00e9t\u00e9 transform\u00e9es alors que nous \u0153uvrons pour un avenir lib\u00e9r\u00e9 de la pauvret\u00e9 et des in\u00e9galit\u00e9s.<\/p>\n\t\t\t<a href=\"https:\/\/cusointernational.org\/fr\/recits\/?search=tanzania\" target=\"_self\">\n\t\t\t\t\t\t\tVOIR D&#8217;HISTOIRES\n\t\t\t\t\t<\/a>\n\t\t\t\t<img decoding=\"async\" src=\"https:\/\/cusointernational.org\/wp-content\/uploads\/globe_icon.svg\" alt=\"Globe icon\" itemprop=\"image\" height=\"112\" width=\"112\" title=\"globe_icon\" onerror=\"this.style.display='none'\" loading='lazy' \/>\n<h3>\n\t\t\tVolontaire en Tanzanie\t<\/h3>\n\t<p>Le b\u00e9n\u00e9volat est essentiel \u00e0 l&#8217;impact mondial de Cuso International. Rejoignez-nous pour faire une v\u00e9ritable diff\u00e9rence en Tanzanie.<\/p>\n\t\t\t<a href=\"https:\/\/cusointernational.org\/fr\/passez-a-laction\/volontaire\/cooperation-volontaire\/\" target=\"_self\">\n\t\t\t\t\t\t\tVOIR LES OPPORTUNIT\u00c9S\n\t\t\t\t\t<\/a>\n\t\t\t\t<img decoding=\"async\" src=\"https:\/\/cusointernational.org\/wp-content\/uploads\/icon-about-respect.svg\" alt=\"Eye icon\" itemprop=\"image\" height=\"112\" width=\"112\" title=\"icon-about-respect\" onerror=\"this.style.display='none'\" loading='lazy' \/>\n<h3>\n\t\t\tEn savoir plus sur notre travail\t<\/h3>\n\t<p>Avec nos partenaires, nous r\u00e9solvons des probl\u00e8mes, nous cr\u00e9ons des solutions et nous construisons un monde plus prosp\u00e8re et plus inclusif pour tous.<\/p>\n\t\t\t<a href=\"https:\/\/cusointernational.org\/fr\/notre-travail-en-un-coup-doeil\/\" target=\"_self\">\n\t\t\t\t\t\t\tCOMMENCER \u00c0 EXPLORER\n\t\t\t\t\t<\/a>\n\n","protected":false},"excerpt":{"rendered":"<p>\u00c0 la loupe : les projetsTanzanie De la promotion de l&#8217;\u00e9galit\u00e9 des genres et de l&#8217;inclusion sociale au renforcement de la r\u00e9silience \u00e9conomique et \u00e0 l&#8217;avancement de l&#8217;action climatique, d\u00e9couvrez notre travail en Tanzanie. L&#8217;effet Cuso 61,823 Nombre de participants touch\u00e9s par le programme SHARE, dont 55% de femmes et de filles. 4 Nombre de&hellip;<\/p>\n","protected":false},"author":6,"featured_media":48003,"parent":48331,"menu_order":0,"comment_status":"closed","ping_status":"closed","template":"","meta":{"_acf_changed":false,"footnotes":""},"tags":[],"class_list":["post-48400","page","type-page","status-publish","has-post-thumbnail","hentry"],"acf":[],"yoast_head":"<!-- This site is optimized with the Yoast SEO plugin v27.4 - https:\/\/yoast.com\/product\/yoast-seo-wordpress\/ -->\n<title>Tanzanie - Cuso International<\/title>\n<meta name=\"description\" content=\"D\u00e9couvrez notre travail en Tanzanie.\" \/>\n<meta name=\"robots\" content=\"index, nofollow, max-snippet:-1, max-image-preview:large, max-video-preview:-1\" \/>\n<link rel=\"canonical\" href=\"https:\/\/cusointernational.org\/fr\/travail\/regions-desservies\/tanzanie\/\" \/>\n<meta property=\"og:locale\" content=\"fr_FR\" \/>\n<meta property=\"og:type\" content=\"article\" \/>\n<meta property=\"og:title\" content=\"Tanzanie - Cuso International\" \/>\n<meta property=\"og:description\" content=\"D\u00e9couvrez notre travail en Tanzanie.\" \/>\n<meta property=\"og:url\" content=\"https:\/\/cusointernational.org\/fr\/travail\/regions-desservies\/tanzanie\/\" \/>\n<meta property=\"og:site_name\" content=\"Cuso International\" \/>\n<meta property=\"article:modified_time\" content=\"2025-07-16T19:54:53+00:00\" \/>\n<meta property=\"og:image\" content=\"https:\/\/cusointernational.org\/wp-content\/uploads\/tanzania-hero.webp\" \/>\n\t<meta property=\"og:image:width\" content=\"1800\" \/>\n\t<meta property=\"og:image:height\" content=\"1200\" \/>\n\t<meta property=\"og:image:type\" content=\"image\/webp\" \/>\n<meta name=\"twitter:card\" content=\"summary_large_image\" \/>\n<meta name=\"twitter:label1\" content=\"Dur\u00e9e de lecture estim\u00e9e\" \/>\n\t<meta name=\"twitter:data1\" content=\"6 minutes\" \/>\n<script type=\"application\/ld+json\" class=\"yoast-schema-graph\">{\"@context\":\"https:\\\/\\\/schema.org\",\"@graph\":[{\"@type\":\"WebPage\",\"@id\":\"https:\\\/\\\/cusointernational.org\\\/fr\\\/travail\\\/regions-desservies\\\/tanzanie\\\/\",\"url\":\"https:\\\/\\\/cusointernational.org\\\/fr\\\/travail\\\/regions-desservies\\\/tanzanie\\\/\",\"name\":\"Tanzanie - Cuso International\",\"isPartOf\":{\"@id\":\"https:\\\/\\\/cusointernational.org\\\/fr\\\/#website\"},\"primaryImageOfPage\":{\"@id\":\"https:\\\/\\\/cusointernational.org\\\/fr\\\/travail\\\/regions-desservies\\\/tanzanie\\\/#primaryimage\"},\"image\":{\"@id\":\"https:\\\/\\\/cusointernational.org\\\/fr\\\/travail\\\/regions-desservies\\\/tanzanie\\\/#primaryimage\"},\"thumbnailUrl\":\"https:\\\/\\\/cusointernational.org\\\/wp-content\\\/uploads\\\/tanzania-hero.webp\",\"datePublished\":\"2024-12-29T00:36:04+00:00\",\"dateModified\":\"2025-07-16T19:54:53+00:00\",\"description\":\"D\u00e9couvrez notre travail en Tanzanie.\",\"breadcrumb\":{\"@id\":\"https:\\\/\\\/cusointernational.org\\\/fr\\\/travail\\\/regions-desservies\\\/tanzanie\\\/#breadcrumb\"},\"inLanguage\":\"fr-FR\",\"potentialAction\":[{\"@type\":\"ReadAction\",\"target\":[\"https:\\\/\\\/cusointernational.org\\\/fr\\\/travail\\\/regions-desservies\\\/tanzanie\\\/\"]}]},{\"@type\":\"ImageObject\",\"inLanguage\":\"fr-FR\",\"@id\":\"https:\\\/\\\/cusointernational.org\\\/fr\\\/travail\\\/regions-desservies\\\/tanzanie\\\/#primaryimage\",\"url\":\"https:\\\/\\\/cusointernational.org\\\/wp-content\\\/uploads\\\/tanzania-hero.webp\",\"contentUrl\":\"https:\\\/\\\/cusointernational.org\\\/wp-content\\\/uploads\\\/tanzania-hero.webp\",\"width\":1800,\"height\":1200,\"caption\":\"Tanzania Cuso International\"},{\"@type\":\"BreadcrumbList\",\"@id\":\"https:\\\/\\\/cusointernational.org\\\/fr\\\/travail\\\/regions-desservies\\\/tanzanie\\\/#breadcrumb\",\"itemListElement\":[{\"@type\":\"ListItem\",\"position\":1,\"name\":\"Home\",\"item\":\"https:\\\/\\\/cusointernational.org\\\/fr\\\/\"},{\"@type\":\"ListItem\",\"position\":2,\"name\":\"Notre Travail\",\"item\":\"https:\\\/\\\/cusointernational.org\\\/fr\\\/travail\\\/\"},{\"@type\":\"ListItem\",\"position\":3,\"name\":\"R\u00e9gions desservies\",\"item\":\"https:\\\/\\\/cusointernational.org\\\/fr\\\/work\\\/regions-we-serve\\\/\"},{\"@type\":\"ListItem\",\"position\":4,\"name\":\"Tanzanie\"}]},{\"@type\":\"WebSite\",\"@id\":\"https:\\\/\\\/cusointernational.org\\\/fr\\\/#website\",\"url\":\"https:\\\/\\\/cusointernational.org\\\/fr\\\/\",\"name\":\"Cuso International\",\"description\":\"Connecting communities around the world with skilled Canadians to help end poverty\",\"potentialAction\":[{\"@type\":\"SearchAction\",\"target\":{\"@type\":\"EntryPoint\",\"urlTemplate\":\"https:\\\/\\\/cusointernational.org\\\/fr\\\/?s={search_term_string}\"},\"query-input\":{\"@type\":\"PropertyValueSpecification\",\"valueRequired\":true,\"valueName\":\"search_term_string\"}}],\"inLanguage\":\"fr-FR\"}]}<\/script>\n<!-- \/ Yoast SEO plugin. -->","yoast_head_json":{"title":"Tanzanie - Cuso International","description":"D\u00e9couvrez notre travail en Tanzanie.","robots":{"index":"index","follow":"nofollow","max-snippet":"max-snippet:-1","max-image-preview":"max-image-preview:large","max-video-preview":"max-video-preview:-1"},"canonical":"https:\/\/cusointernational.org\/fr\/travail\/regions-desservies\/tanzanie\/","og_locale":"fr_FR","og_type":"article","og_title":"Tanzanie - Cuso International","og_description":"D\u00e9couvrez notre travail en Tanzanie.","og_url":"https:\/\/cusointernational.org\/fr\/travail\/regions-desservies\/tanzanie\/","og_site_name":"Cuso International","article_modified_time":"2025-07-16T19:54:53+00:00","og_image":[{"width":1800,"height":1200,"url":"https:\/\/cusointernational.org\/wp-content\/uploads\/tanzania-hero.webp","type":"image\/webp"}],"twitter_card":"summary_large_image","twitter_misc":{"Dur\u00e9e de lecture estim\u00e9e":"6 minutes"},"schema":{"@context":"https:\/\/schema.org","@graph":[{"@type":"WebPage","@id":"https:\/\/cusointernational.org\/fr\/travail\/regions-desservies\/tanzanie\/","url":"https:\/\/cusointernational.org\/fr\/travail\/regions-desservies\/tanzanie\/","name":"Tanzanie - Cuso International","isPartOf":{"@id":"https:\/\/cusointernational.org\/fr\/#website"},"primaryImageOfPage":{"@id":"https:\/\/cusointernational.org\/fr\/travail\/regions-desservies\/tanzanie\/#primaryimage"},"image":{"@id":"https:\/\/cusointernational.org\/fr\/travail\/regions-desservies\/tanzanie\/#primaryimage"},"thumbnailUrl":"https:\/\/cusointernational.org\/wp-content\/uploads\/tanzania-hero.webp","datePublished":"2024-12-29T00:36:04+00:00","dateModified":"2025-07-16T19:54:53+00:00","description":"D\u00e9couvrez notre travail en Tanzanie.","breadcrumb":{"@id":"https:\/\/cusointernational.org\/fr\/travail\/regions-desservies\/tanzanie\/#breadcrumb"},"inLanguage":"fr-FR","potentialAction":[{"@type":"ReadAction","target":["https:\/\/cusointernational.org\/fr\/travail\/regions-desservies\/tanzanie\/"]}]},{"@type":"ImageObject","inLanguage":"fr-FR","@id":"https:\/\/cusointernational.org\/fr\/travail\/regions-desservies\/tanzanie\/#primaryimage","url":"https:\/\/cusointernational.org\/wp-content\/uploads\/tanzania-hero.webp","contentUrl":"https:\/\/cusointernational.org\/wp-content\/uploads\/tanzania-hero.webp","width":1800,"height":1200,"caption":"Tanzania Cuso International"},{"@type":"BreadcrumbList","@id":"https:\/\/cusointernational.org\/fr\/travail\/regions-desservies\/tanzanie\/#breadcrumb","itemListElement":[{"@type":"ListItem","position":1,"name":"Home","item":"https:\/\/cusointernational.org\/fr\/"},{"@type":"ListItem","position":2,"name":"Notre Travail","item":"https:\/\/cusointernational.org\/fr\/travail\/"},{"@type":"ListItem","position":3,"name":"R\u00e9gions desservies","item":"https:\/\/cusointernational.org\/fr\/work\/regions-we-serve\/"},{"@type":"ListItem","position":4,"name":"Tanzanie"}]},{"@type":"WebSite","@id":"https:\/\/cusointernational.org\/fr\/#website","url":"https:\/\/cusointernational.org\/fr\/","name":"Cuso International","description":"Connecting communities around the world with skilled Canadians to help end poverty","potentialAction":[{"@type":"SearchAction","target":{"@type":"EntryPoint","urlTemplate":"https:\/\/cusointernational.org\/fr\/?s={search_term_string}"},"query-input":{"@type":"PropertyValueSpecification","valueRequired":true,"valueName":"search_term_string"}}],"inLanguage":"fr-FR"}]}},"_links":{"self":[{"href":"https:\/\/cusointernational.org\/fr\/wp-json\/wp\/v2\/pages\/48400","targetHints":{"allow":["GET"]}}],"collection":[{"href":"https:\/\/cusointernational.org\/fr\/wp-json\/wp\/v2\/pages"}],"about":[{"href":"https:\/\/cusointernational.org\/fr\/wp-json\/wp\/v2\/types\/page"}],"author":[{"embeddable":true,"href":"https:\/\/cusointernational.org\/fr\/wp-json\/wp\/v2\/users\/6"}],"replies":[{"embeddable":true,"href":"https:\/\/cusointernational.org\/fr\/wp-json\/wp\/v2\/comments?post=48400"}],"version-history":[{"count":0,"href":"https:\/\/cusointernational.org\/fr\/wp-json\/wp\/v2\/pages\/48400\/revisions"}],"up":[{"embeddable":true,"href":"https:\/\/cusointernational.org\/fr\/wp-json\/wp\/v2\/pages\/48331"}],"wp:featuredmedia":[{"embeddable":true,"href":"https:\/\/cusointernational.org\/fr\/wp-json\/wp\/v2\/media\/48003"}],"wp:attachment":[{"href":"https:\/\/cusointernational.org\/fr\/wp-json\/wp\/v2\/media?parent=48400"}],"wp:term":[{"taxonomy":"post_tag","embeddable":true,"href":"https:\/\/cusointernational.org\/fr\/wp-json\/wp\/v2\/tags?post=48400"}],"curies":[{"name":"wp","href":"https:\/\/api.w.org\/{rel}","templated":true}]}}