{"id":48396,"date":"2024-12-28T19:32:02","date_gmt":"2024-12-29T00:32:02","guid":{"rendered":"https:\/\/cusointernational.org\/global-reach\/nigeria\/"},"modified":"2025-02-26T17:23:32","modified_gmt":"2025-02-26T22:23:32","slug":"nigeria","status":"publish","type":"page","link":"https:\/\/cusointernational.org\/fr\/travail\/regions-desservies\/nigeria\/","title":{"rendered":"Nig\u00e9ria"},"content":{"rendered":"\r\n<h2>\r\n\t\t\u00c0 la loupe : les projets<br \/>Nig\u00e9ria\r\n\t<\/h2>\r\n\t<p><strong>De la promotion de l&#8217;\u00e9galit\u00e9 des genres et de l&#8217;inclusion sociale, en soutenant les femmes et les r\u00e9fugi\u00e9s nig\u00e9rians, au renforcement de la r\u00e9silience \u00e9conomique et \u00e0 l&#8217;action climatique, d\u00e9couvrez notre travail au Nigeria.<\/strong><\/p>\r\n<h2>\r\n\t\tL&#8217;effet Cuso\r\n\t<\/h2>\r\n\t\t\t\t<img loading=\"lazy\" decoding=\"async\" src=\"https:\/\/cusointernational.org\/wp-content\/uploads\/nigeria-intro-stats.webp\" alt=\"Nigeria Stats\" itemprop=\"image\" height=\"700\" width=\"700\" title=\"nigeria-intro-stats\" onerror=\"this.style.display='none'\"  \/>\r\n\t\t7,424\r\n\t\t\t\t\tPlus de 7 424 participants form\u00e9s depuis 2019, aboutissant \u00e0 la cr\u00e9ation de plus de 5 000 emplois et de 1 977 micro et petites entreprises.  (MPE).\r\n\t\t60 %\r\n\t\t\t\t\tPromotion des pratiques agricoles intelligentes face au climat et des \u00e9quipements \u00e9conomes en \u00e9nergie, b\u00e9n\u00e9ficiant \u00e0 jusqu&#8217;\u00e0 60 % des m\u00e9nages.\r\n\t\t1,840\r\n\t\t\t\t\tParticipants form\u00e9s aux pratiques agricoles durables gr\u00e2ce \u00e0 l&#8217;\u00c9cole de champ pour agriculteurs.\r\n<h2>\r\n\t\tDes solutions locales\r\n\t<\/h2>\r\n\t<p>Nous savons que les solutions universelles appartiennent au pass\u00e9. Voil\u00e0 pourquoi nous soutenons des solutions hyperlocales con\u00e7ues par et pour les habitants, les sp\u00e9cificit\u00e9s locales et l&#8217;\u00e9conomie du Nigeria.<\/p>\r\n\t\t\t\t\t<a href=\"#\" id=\"fl-tabs--label-0\" data-index=\"0\" aria-selected=\"true\" aria-controls=\"fl-tabs--panel-0\" aria-expanded=\"true\" role=\"tab\" tabindex=\"0\">\t\t\t\tRenforcer l&#8217;autonomie des r\u00e9fugi\u00e9s par la formation\t\t\t<\/a>\r\n\t\t\t\tRenforcer l&#8217;autonomie des r\u00e9fugi\u00e9s par la formation\r\n                                        <img decoding=\"async\" src=\"https:\/\/cusointernational.org\/wp-content\/uploads\/nigeria-project-skills.webp\" alt=\"Nigeria SKILLS\"\/>                    <h3>SKILLS (Skills for Improvement of Lives and Livelihoods for Cameroonian Refugees &#8211; Comp\u00e9tences pour l&#8217;am\u00e9lioration de la vie et des moyens de subsistance des r\u00e9fugi\u00e9s camerounais) <\/h3><p>L&#8217;initiative SKILLS (Comp\u00e9tences pour l&#8217;am\u00e9lioration des vies et des moyens de subsistance des r\u00e9fugi\u00e9s camerounais) est un projet phare financ\u00e9 par le Haut-Commissariat des Nations Unies pour les r\u00e9fugi\u00e9s (HCR). Lanc\u00e9e en 2019, SKILLS se concentre sur le soutien aux r\u00e9fugi\u00e9s camerounais au Nigeria en offrant des formations en entrepreneuriat et en m\u00e9tiers techniques. Ce programme vise \u00e0 r\u00e9pondre aux enjeux de la s\u00e9curit\u00e9 alimentaire, \u00e0 favoriser l&#8217;ind\u00e9pendance \u00e9conomique et \u00e0 renforcer la r\u00e9silience des communaut\u00e9s r\u00e9fugi\u00e9es. Sa mission principale est d&#8217;aider les participants \u00e0 cr\u00e9er et d\u00e9velopper des micro et petites entreprises (MPE), contribuant ainsi \u00e0 leur autonomie et \u00e0 l&#8217;am\u00e9lioration de leur qualit\u00e9 de vie.<\/p>\r\n\t\t\t\t\t\t\t\t<a href=\"https:\/\/cusointernational.org\/fr\/competences-pour-lamelioration-de-la-qualite-de-vie-et-des-moyens-de-subsistance-des-refugies\/\" target=\"_self\">\r\n\t\t\t\t\t\t\t\t\tEN SAVOIR PLUS\r\n\t\t\t\t\t\t\t\t<\/a>\r\n<h2>\r\n\t\tPartenariat pour un monde durable et inclusif\r\n\t<\/h2>\r\n\t<p>Avec nos partenaires, nous r\u00e9solvons des probl\u00e8mes, nous cr\u00e9ons des solutions et nous construisons un monde plus prosp\u00e8re et plus inclusif pour tous.<\/p>\r\n<h2>\r\n\t\tLes voix du changement en Nig\u00e9ria\r\n\t<\/h2>\r\n\t<p>Rencontrez les personnes qui ont eu la chance d&#8217;exp\u00e9rimenter l&#8217;effet Cuso au Nig\u00e9ria.<\/p>\r\n\t\t\t<a href=\"https:\/\/cusointernational.org\/fr\/recits\/\" target=\"_self\">\r\n\t\t\t\t\t\t\tVOIR PLUS DE R\u00c9CITS\r\n\t\t\t\t\t<\/a>\r\n\t\t\t\t<img loading=\"lazy\" decoding=\"async\" src=\"https:\/\/cusointernational.org\/wp-content\/uploads\/nigeria-testimonial-louise.webp\" alt=\"Louise Nigeria\" itemprop=\"image\" height=\"700\" width=\"700\" title=\"nigeria-testimonial-louise\" onerror=\"this.style.display='none'\"  \/>\r\n\t<blockquote>\u00ab Le projet est tr\u00e8s important. Beaucoup d&#8217;entre nous auraient souffert sans ce projet. Pour ma part, je peux maintenant m&#8217;occuper de ma famille. Gr\u00e2ce \u00e0 SKILLS, nous avons pu prendre un nouveau d\u00e9part. La vie est beaucoup plus facile maintenant \u00bb.\r\n<\/blockquote>\r\n<p>&#8211; Louise, SKILLS<\/p>\r\n\t\t\t\t<img loading=\"lazy\" decoding=\"async\" src=\"https:\/\/cusointernational.org\/wp-content\/uploads\/nigeria-testimonial-annette.webp\" alt=\"Annette Nigeria\" itemprop=\"image\" height=\"700\" width=\"700\" title=\"nigeria-testimonial-annette\" onerror=\"this.style.display='none'\"  \/>\r\n\t<blockquote><p>\u00ab Ce programme a \u00e9t\u00e9 extr\u00eamement b\u00e9n\u00e9fique, en particulier les formations. J&#8217;ai beaucoup appris pendant les formations et j&#8217;ai appliqu\u00e9 ces connaissances \u00e0 mon entreprise, qui s&#8217;est beaucoup d\u00e9velopp\u00e9e. J&#8217;ai maintenant des contrats pour faire des g\u00e2teaux et des p\u00e2tisseries. J&#8217;ai aussi l&#8217;occasion de cuisiner pour des occasions et je suis pay\u00e9e \u00bb.<\/p><\/blockquote>\r\n<p>&#8211; Annette, SKILLS<\/p>\r\n\t\t\t\t<img loading=\"lazy\" decoding=\"async\" src=\"https:\/\/cusointernational.org\/wp-content\/uploads\/nigeria-force-for-good.webp\" alt=\"Nigeria Cuso International\" itemprop=\"image\" height=\"1200\" width=\"1800\" title=\"nigeria-force-for-good\" onerror=\"this.style.display='none'\"  \/>\r\n<h2>\r\n\t\tSoyez une force pour le bien\r\n\t<\/h2>\r\n\t<p>Soutenez la prochaine vague de solutions locales pour acc\u00e9l\u00e9rer l&#8217;\u00e9galit\u00e9 des genres, l&#8217;action climatique et la r\u00e9silience \u00e9conomique au Nig\u00e9ria.<\/p>\r\n\t\t\t<a href=\"https:\/\/cusointernational.org\/fr\/faire-un-don\/\" target=\"_self\">\r\n\t\t\t\t\t\tDONNEZ AUJOURD&#8217;HUI !\r\n\t\t\t\t\t<\/a>\r\n\t<p>Votre don sera jumel\u00e9 six fois par Affaires mondiales Canada.<\/p>\r\n<h2>\r\n\t\tPassez \u00e0 l&#8217;\u00e9tape suivante !\r\n\t<\/h2>\r\n\t\t\t\t<img loading=\"lazy\" decoding=\"async\" src=\"https:\/\/cusointernational.org\/wp-content\/uploads\/icon-donate-lecagy.svg\" alt=\"Scroll and heart icon\" itemprop=\"image\" height=\"112\" width=\"112\" title=\"icon-donate-lecagy\" onerror=\"this.style.display='none'\"  \/>\r\n<h3>\r\n\t\tD\u00e9couvrez des histoires du Nig\u00e9ria\r\n\t<\/h3>\r\n\t<p>Des \u00eatres authentiques. Des r\u00e9cits authentiques. D\u00e9couvrez comment des vies ont \u00e9t\u00e9 transform\u00e9es alors que nous \u0153uvrons pour un avenir lib\u00e9r\u00e9 de la pauvret\u00e9 et des in\u00e9galit\u00e9s.<\/p>\r\n\t\t\t<a href=\"https:\/\/cusointernational.org\/fr\/recits\/?search=nigeria\" target=\"_self\">\r\n\t\t\t\t\t\t\tVOIR D&#8217;HISTOIRES\r\n\t\t\t\t\t<\/a>\r\n\t\t\t\t<img loading=\"lazy\" decoding=\"async\" src=\"https:\/\/cusointernational.org\/wp-content\/uploads\/globe_icon.svg\" alt=\"Globe icon\" itemprop=\"image\" height=\"112\" width=\"112\" title=\"globe_icon\" onerror=\"this.style.display='none'\"  \/>\r\n<h3>\r\n\t\tVolontaire au Nig\u00e9ria\r\n\t<\/h3>\r\n\t<p>Le b\u00e9n\u00e9volat est essentiel \u00e0 l&#8217;impact mondial de Cuso International. Rejoignez-nous pour faire une v\u00e9ritable diff\u00e9rence au Nig\u00e9ria.<\/p>\r\n\t\t\t<a href=\"https:\/\/cusointernational.org\/fr\/passez-a-laction\/volontaire\/cooperation-volontaire\/\" target=\"_self\">\r\n\t\t\t\t\t\t\tVOIR LES OPPORTUNIT\u00c9S\r\n\t\t\t\t\t<\/a>\r\n\t\t\t\t<img loading=\"lazy\" decoding=\"async\" src=\"https:\/\/cusointernational.org\/wp-content\/uploads\/icon-about-respect.svg\" alt=\"Eye icon\" itemprop=\"image\" height=\"112\" width=\"112\" title=\"icon-about-respect\" onerror=\"this.style.display='none'\"  \/>\r\n<h3>\r\n\t\tEn savoir plus sur notre travail\r\n\t<\/h3>\r\n\t<p>Avec nos partenaires, nous r\u00e9solvons des probl\u00e8mes, nous cr\u00e9ons des solutions et nous construisons un monde plus prosp\u00e8re et plus inclusif pour tous.<\/p>\r\n\t\t\t<a href=\"https:\/\/cusointernational.org\/fr\/notre-travail-en-un-coup-doeil\/\" target=\"_self\">\r\n\t\t\t\t\t\t\tCOMMENCER \u00c0 EXPLORER\r\n\t\t\t\t\t<\/a>\r\n\r\n","protected":false},"excerpt":{"rendered":"<p>\u00c0 la loupe : les projetsNig\u00e9ria De la promotion de l&#8217;\u00e9galit\u00e9 des genres et de l&#8217;inclusion sociale, en soutenant les femmes et les r\u00e9fugi\u00e9s nig\u00e9rians, au renforcement de la r\u00e9silience \u00e9conomique et \u00e0 l&#8217;action climatique, d\u00e9couvrez notre travail au Nigeria. L&#8217;effet Cuso 7,424 Plus de 7 424 participants form\u00e9s depuis 2019, aboutissant \u00e0 la cr\u00e9ation&hellip;<\/p>\n","protected":false},"author":6,"featured_media":47916,"parent":48331,"menu_order":0,"comment_status":"closed","ping_status":"closed","template":"","meta":{"_acf_changed":false,"footnotes":""},"tags":[],"class_list":["post-48396","page","type-page","status-publish","has-post-thumbnail","hentry"],"acf":[],"yoast_head":"<!-- This site is optimized with the Yoast SEO plugin v27.4 - https:\/\/yoast.com\/product\/yoast-seo-wordpress\/ -->\n<title>Nig\u00e9ria - Cuso International<\/title>\n<meta name=\"description\" content=\"D\u00e9couvrez notre travail au Nigeria.\" \/>\n<meta name=\"robots\" content=\"index, nofollow, max-snippet:-1, max-image-preview:large, max-video-preview:-1\" \/>\n<link rel=\"canonical\" href=\"https:\/\/cusointernational.org\/fr\/travail\/regions-desservies\/nigeria\/\" \/>\n<meta property=\"og:locale\" content=\"fr_FR\" \/>\n<meta property=\"og:type\" content=\"article\" \/>\n<meta property=\"og:title\" content=\"Nig\u00e9ria - Cuso International\" \/>\n<meta property=\"og:description\" content=\"D\u00e9couvrez notre travail au Nigeria.\" \/>\n<meta property=\"og:url\" content=\"https:\/\/cusointernational.org\/fr\/travail\/regions-desservies\/nigeria\/\" \/>\n<meta property=\"og:site_name\" content=\"Cuso International\" \/>\n<meta property=\"article:modified_time\" content=\"2025-02-26T22:23:32+00:00\" \/>\n<meta property=\"og:image\" content=\"https:\/\/cusointernational.org\/wp-content\/uploads\/nigeria-hero.webp\" \/>\n\t<meta property=\"og:image:width\" content=\"1800\" \/>\n\t<meta property=\"og:image:height\" content=\"1200\" \/>\n\t<meta property=\"og:image:type\" content=\"image\/webp\" \/>\n<meta name=\"twitter:card\" content=\"summary_large_image\" \/>\n<meta name=\"twitter:label1\" content=\"Dur\u00e9e de lecture estim\u00e9e\" \/>\n\t<meta name=\"twitter:data1\" content=\"4 minutes\" \/>\n<script type=\"application\/ld+json\" class=\"yoast-schema-graph\">{\"@context\":\"https:\\\/\\\/schema.org\",\"@graph\":[{\"@type\":\"WebPage\",\"@id\":\"https:\\\/\\\/cusointernational.org\\\/fr\\\/travail\\\/regions-desservies\\\/nigeria\\\/\",\"url\":\"https:\\\/\\\/cusointernational.org\\\/fr\\\/travail\\\/regions-desservies\\\/nigeria\\\/\",\"name\":\"Nig\u00e9ria - Cuso International\",\"isPartOf\":{\"@id\":\"https:\\\/\\\/cusointernational.org\\\/fr\\\/#website\"},\"primaryImageOfPage\":{\"@id\":\"https:\\\/\\\/cusointernational.org\\\/fr\\\/travail\\\/regions-desservies\\\/nigeria\\\/#primaryimage\"},\"image\":{\"@id\":\"https:\\\/\\\/cusointernational.org\\\/fr\\\/travail\\\/regions-desservies\\\/nigeria\\\/#primaryimage\"},\"thumbnailUrl\":\"https:\\\/\\\/cusointernational.org\\\/wp-content\\\/uploads\\\/nigeria-hero.webp\",\"datePublished\":\"2024-12-29T00:32:02+00:00\",\"dateModified\":\"2025-02-26T22:23:32+00:00\",\"description\":\"D\u00e9couvrez notre travail au Nigeria.\",\"breadcrumb\":{\"@id\":\"https:\\\/\\\/cusointernational.org\\\/fr\\\/travail\\\/regions-desservies\\\/nigeria\\\/#breadcrumb\"},\"inLanguage\":\"fr-FR\",\"potentialAction\":[{\"@type\":\"ReadAction\",\"target\":[\"https:\\\/\\\/cusointernational.org\\\/fr\\\/travail\\\/regions-desservies\\\/nigeria\\\/\"]}]},{\"@type\":\"ImageObject\",\"inLanguage\":\"fr-FR\",\"@id\":\"https:\\\/\\\/cusointernational.org\\\/fr\\\/travail\\\/regions-desservies\\\/nigeria\\\/#primaryimage\",\"url\":\"https:\\\/\\\/cusointernational.org\\\/wp-content\\\/uploads\\\/nigeria-hero.webp\",\"contentUrl\":\"https:\\\/\\\/cusointernational.org\\\/wp-content\\\/uploads\\\/nigeria-hero.webp\",\"width\":1800,\"height\":1200,\"caption\":\"Nigeria Cuso International\"},{\"@type\":\"BreadcrumbList\",\"@id\":\"https:\\\/\\\/cusointernational.org\\\/fr\\\/travail\\\/regions-desservies\\\/nigeria\\\/#breadcrumb\",\"itemListElement\":[{\"@type\":\"ListItem\",\"position\":1,\"name\":\"Home\",\"item\":\"https:\\\/\\\/cusointernational.org\\\/fr\\\/\"},{\"@type\":\"ListItem\",\"position\":2,\"name\":\"Notre Travail\",\"item\":\"https:\\\/\\\/cusointernational.org\\\/fr\\\/travail\\\/\"},{\"@type\":\"ListItem\",\"position\":3,\"name\":\"R\u00e9gions desservies\",\"item\":\"https:\\\/\\\/cusointernational.org\\\/fr\\\/work\\\/regions-we-serve\\\/\"},{\"@type\":\"ListItem\",\"position\":4,\"name\":\"Nig\u00e9ria\"}]},{\"@type\":\"WebSite\",\"@id\":\"https:\\\/\\\/cusointernational.org\\\/fr\\\/#website\",\"url\":\"https:\\\/\\\/cusointernational.org\\\/fr\\\/\",\"name\":\"Cuso International\",\"description\":\"Connecting communities around the world with skilled Canadians to help end poverty\",\"potentialAction\":[{\"@type\":\"SearchAction\",\"target\":{\"@type\":\"EntryPoint\",\"urlTemplate\":\"https:\\\/\\\/cusointernational.org\\\/fr\\\/?s={search_term_string}\"},\"query-input\":{\"@type\":\"PropertyValueSpecification\",\"valueRequired\":true,\"valueName\":\"search_term_string\"}}],\"inLanguage\":\"fr-FR\"}]}<\/script>\n<!-- \/ Yoast SEO plugin. -->","yoast_head_json":{"title":"Nig\u00e9ria - Cuso International","description":"D\u00e9couvrez notre travail au Nigeria.","robots":{"index":"index","follow":"nofollow","max-snippet":"max-snippet:-1","max-image-preview":"max-image-preview:large","max-video-preview":"max-video-preview:-1"},"canonical":"https:\/\/cusointernational.org\/fr\/travail\/regions-desservies\/nigeria\/","og_locale":"fr_FR","og_type":"article","og_title":"Nig\u00e9ria - Cuso International","og_description":"D\u00e9couvrez notre travail au Nigeria.","og_url":"https:\/\/cusointernational.org\/fr\/travail\/regions-desservies\/nigeria\/","og_site_name":"Cuso International","article_modified_time":"2025-02-26T22:23:32+00:00","og_image":[{"width":1800,"height":1200,"url":"https:\/\/cusointernational.org\/wp-content\/uploads\/nigeria-hero.webp","type":"image\/webp"}],"twitter_card":"summary_large_image","twitter_misc":{"Dur\u00e9e de lecture estim\u00e9e":"4 minutes"},"schema":{"@context":"https:\/\/schema.org","@graph":[{"@type":"WebPage","@id":"https:\/\/cusointernational.org\/fr\/travail\/regions-desservies\/nigeria\/","url":"https:\/\/cusointernational.org\/fr\/travail\/regions-desservies\/nigeria\/","name":"Nig\u00e9ria - Cuso International","isPartOf":{"@id":"https:\/\/cusointernational.org\/fr\/#website"},"primaryImageOfPage":{"@id":"https:\/\/cusointernational.org\/fr\/travail\/regions-desservies\/nigeria\/#primaryimage"},"image":{"@id":"https:\/\/cusointernational.org\/fr\/travail\/regions-desservies\/nigeria\/#primaryimage"},"thumbnailUrl":"https:\/\/cusointernational.org\/wp-content\/uploads\/nigeria-hero.webp","datePublished":"2024-12-29T00:32:02+00:00","dateModified":"2025-02-26T22:23:32+00:00","description":"D\u00e9couvrez notre travail au Nigeria.","breadcrumb":{"@id":"https:\/\/cusointernational.org\/fr\/travail\/regions-desservies\/nigeria\/#breadcrumb"},"inLanguage":"fr-FR","potentialAction":[{"@type":"ReadAction","target":["https:\/\/cusointernational.org\/fr\/travail\/regions-desservies\/nigeria\/"]}]},{"@type":"ImageObject","inLanguage":"fr-FR","@id":"https:\/\/cusointernational.org\/fr\/travail\/regions-desservies\/nigeria\/#primaryimage","url":"https:\/\/cusointernational.org\/wp-content\/uploads\/nigeria-hero.webp","contentUrl":"https:\/\/cusointernational.org\/wp-content\/uploads\/nigeria-hero.webp","width":1800,"height":1200,"caption":"Nigeria Cuso International"},{"@type":"BreadcrumbList","@id":"https:\/\/cusointernational.org\/fr\/travail\/regions-desservies\/nigeria\/#breadcrumb","itemListElement":[{"@type":"ListItem","position":1,"name":"Home","item":"https:\/\/cusointernational.org\/fr\/"},{"@type":"ListItem","position":2,"name":"Notre Travail","item":"https:\/\/cusointernational.org\/fr\/travail\/"},{"@type":"ListItem","position":3,"name":"R\u00e9gions desservies","item":"https:\/\/cusointernational.org\/fr\/work\/regions-we-serve\/"},{"@type":"ListItem","position":4,"name":"Nig\u00e9ria"}]},{"@type":"WebSite","@id":"https:\/\/cusointernational.org\/fr\/#website","url":"https:\/\/cusointernational.org\/fr\/","name":"Cuso International","description":"Connecting communities around the world with skilled Canadians to help end poverty","potentialAction":[{"@type":"SearchAction","target":{"@type":"EntryPoint","urlTemplate":"https:\/\/cusointernational.org\/fr\/?s={search_term_string}"},"query-input":{"@type":"PropertyValueSpecification","valueRequired":true,"valueName":"search_term_string"}}],"inLanguage":"fr-FR"}]}},"_links":{"self":[{"href":"https:\/\/cusointernational.org\/fr\/wp-json\/wp\/v2\/pages\/48396","targetHints":{"allow":["GET"]}}],"collection":[{"href":"https:\/\/cusointernational.org\/fr\/wp-json\/wp\/v2\/pages"}],"about":[{"href":"https:\/\/cusointernational.org\/fr\/wp-json\/wp\/v2\/types\/page"}],"author":[{"embeddable":true,"href":"https:\/\/cusointernational.org\/fr\/wp-json\/wp\/v2\/users\/6"}],"replies":[{"embeddable":true,"href":"https:\/\/cusointernational.org\/fr\/wp-json\/wp\/v2\/comments?post=48396"}],"version-history":[{"count":0,"href":"https:\/\/cusointernational.org\/fr\/wp-json\/wp\/v2\/pages\/48396\/revisions"}],"up":[{"embeddable":true,"href":"https:\/\/cusointernational.org\/fr\/wp-json\/wp\/v2\/pages\/48331"}],"wp:featuredmedia":[{"embeddable":true,"href":"https:\/\/cusointernational.org\/fr\/wp-json\/wp\/v2\/media\/47916"}],"wp:attachment":[{"href":"https:\/\/cusointernational.org\/fr\/wp-json\/wp\/v2\/media?parent=48396"}],"wp:term":[{"taxonomy":"post_tag","embeddable":true,"href":"https:\/\/cusointernational.org\/fr\/wp-json\/wp\/v2\/tags?post=48396"}],"curies":[{"name":"wp","href":"https:\/\/api.w.org\/{rel}","templated":true}]}}