{"id":48394,"date":"2024-12-28T19:29:19","date_gmt":"2024-12-29T00:29:19","guid":{"rendered":"https:\/\/cusointernational.org\/global-reach\/honduras\/"},"modified":"2025-02-26T17:23:32","modified_gmt":"2025-02-26T22:23:32","slug":"honduras","status":"publish","type":"page","link":"https:\/\/cusointernational.org\/fr\/travail\/regions-desservies\/honduras\/","title":{"rendered":"Honduras"},"content":{"rendered":"\r\n<h2>\r\n\t\t\u00c0 la loupe : les projets<br \/>Honduras\r\n\t<\/h2>\r\n\t<p><strong>De la promotion de l&#8217;\u00e9galit\u00e9 des genres et de l&#8217;inclusion sociale au renforcement de la r\u00e9silience \u00e9conomique et de l&#8217;action climatique, d\u00e9couvrez notre travail au Honduras.<\/strong><\/p>\r\n<h2>\r\n\t\tL&#8217;effet Cuso\r\n\t<\/h2>\r\n\t\t\t\t<img loading=\"lazy\" decoding=\"async\" src=\"https:\/\/cusointernational.org\/wp-content\/uploads\/honduras-intro-stats.webp\" alt=\"Honduras stas\" itemprop=\"image\" height=\"700\" width=\"700\" title=\"honduras-intro-stats\" onerror=\"this.style.display='none'\"  \/>\r\n\t\t +3,300\r\n\t\t\t\t\tNombre de personnes ayant b\u00e9n\u00e9fici\u00e9 de nos programmes au Honduras \r\n\t\t12\r\n\t\t\t\t\tPartenaires strat\u00e9giques locaux\r\n\t\t35\r\n\t\t\t\t\tB\u00e9n\u00e9voles impliqu\u00e9s dans nos programmes\r\n<h2>\r\n\t\tDes solutions locales\r\n\t<\/h2>\r\n\t<p>Nous savons que les solutions universelles appartiennent au pass\u00e9. Voil\u00e0 pourquoi nous soutenons des solutions hyperlocales con\u00e7ues par et pour les habitants, les sp\u00e9cificit\u00e9s locales et l&#8217;\u00e9conomie du Honduras.<\/p>\r\n\t\t\t\t\t<a href=\"#\" id=\"fl-tabs--label-0\" data-index=\"0\" aria-selected=\"true\" aria-controls=\"fl-tabs--panel-0\" aria-expanded=\"true\" role=\"tab\" tabindex=\"0\">\t\t\t\tRenforcer les communaut\u00e9s gr\u00e2ce \u00e0 des partenaires b\u00e9n\u00e9voles\t\t\t<\/a>\r\n\t\t\t\t\t<a href=\"#\" id=\"fl-tabs--label-1\" data-index=\"1\" aria-selected=\"false\" aria-controls=\"fl-tabs--panel-1\" aria-expanded=\"false\" role=\"tab\" tabindex=\"0\">\t\t\t\tInitiatives inclusives de gestion des risques de catastrophes\t\t\t<\/a>\r\n\t\t\t\tRenforcer les communaut\u00e9s gr\u00e2ce \u00e0 des partenaires b\u00e9n\u00e9voles\r\n                                        <img decoding=\"async\" src=\"https:\/\/cusointernational.org\/wp-content\/uploads\/honduras-project-1.webp\" alt=\"Honduras Cuso International\"\/>                    <h3>SHARE<\/h3><p>Le programme de volontariat financ\u00e9 par le Canada a soutenu 3 300 b\u00e9n\u00e9ficiaires, en abordant les questions de genre, de changement climatique et de d\u00e9veloppement \u00e9conomique. Les partenariats ont favoris\u00e9 l&#8217;\u00e9laboration d&#8217;outils, la recherche et le renforcement des capacit\u00e9s, permettant ainsi des actions communautaires efficaces et un d\u00e9veloppement durable.<\/p>\r\n\t\t\t\t\t\t\t\t<a href=\"https:\/\/cusointernational.org\/fr\/partage-du-savoir-faire-canadien-pour-un-developpement-inclusif-et-legalite-entre-les-sexes-programme-share\/\" target=\"_self\">\r\n\t\t\t\t\t\t\t\t\tEN SAVOIR PLUS\r\n\t\t\t\t\t\t\t\t<\/a>\r\n\t\t\t\tInitiatives inclusives de gestion des risques de catastrophes\r\n                                        <img decoding=\"async\" src=\"https:\/\/cusointernational.org\/wp-content\/uploads\/honduras-project-las-barras.webp\" alt=\"Honduras Cuso International\"\/>                    <h3>Application du cadre de Sendai, BMZ <\/h3><p>Renforcer les processus de gestion des risques qui sont inclusifs, en promouvant la participation des personnes handicap\u00e9es dans la r\u00e9duction des catastrophes. Promouvoir la participation au niveau communautaire et influencer les politiques nationales avec l&#8217;organe directeur de la gestion des risques.<\/p>\r\n<h2>\r\n\t\tPartenariat pour un monde durable et inclusif\r\n\t<\/h2>\r\n\t<p>Avec nos partenaires, nous r\u00e9solvons des probl\u00e8mes, nous cr\u00e9ons des solutions et nous construisons un monde plus prosp\u00e8re et plus inclusif pour tous.<\/p>\r\n<h2>\r\n\t\tLes voix du changement en Honduras\r\n\t<\/h2>\r\n\t<p>Rencontrez les personnes qui ont eu la chance d&#8217;exp\u00e9rimenter l&#8217;effet Cuso au Honduras.<\/p>\r\n\t\t\t<a href=\"https:\/\/cusointernational.org\/fr\/recits\/\" target=\"_self\">\r\n\t\t\t\t\t\t\tVOIR PLUS DE R\u00c9CITS\r\n\t\t\t\t\t<\/a>\r\n\t\t\t\t<img loading=\"lazy\" decoding=\"async\" src=\"https:\/\/cusointernational.org\/wp-content\/uploads\/honduras-testimonial-Sandra-Betanco.webp\" alt=\"Sandra\" itemprop=\"image\" height=\"700\" width=\"700\" title=\"honduras-testimonial-Sandra Betanco\" onerror=\"this.style.display='none'\"  \/>\r\n\t<blockquote><p>\u00ab Avant de participer aux formations, nous semions \u00e0 la main et devions embaucher des personnes pour nous aider \u00e0 irriguer et \u00e0 pulv\u00e9riser. Gr\u00e2ce aux kits agricoles qui nous ont \u00e9t\u00e9 remis, nous n&#8217;avons plus \u00e0 payer quelqu&#8217;un d&#8217;autre. Nous sommes autonomes avec nos cultures \u00bb<\/p><\/blockquote>\r\n<p>&#8211; Sandra, Fundaci\u00f3n de los Centros Familiares Educativos para el Desarrollo de Honduras (Fondation des centres familiaux \u00e9ducatifs pour le d\u00e9veloppement du Honduras)<\/p>\r\n\t\t\t\t<img loading=\"lazy\" decoding=\"async\" src=\"https:\/\/cusointernational.org\/wp-content\/uploads\/honduras-testimonial-Maria-Gomez.webp\" alt=\"Maria Honduras\" itemprop=\"image\" height=\"700\" width=\"700\" title=\"honduras-testimonial-Maria Gomez\" onerror=\"this.style.display='none'\"  \/>\r\n\t<blockquote><p>\u00ab Pour moi, tout ce processus a \u00e9t\u00e9 un apprentissage, une pratique et certainement beaucoup d&#8217;int\u00e9r\u00eat. Maintenant, je sais comment \u00e9pargner. Avant, je n&#8217;\u00e9conomisais m\u00eame pas un lempira et maintenant j&#8217;ai mon propre fonds pour toute urgence qui pourrait survenir \u00bb, a d\u00e9clar\u00e9 Mar\u00eda, responsable du projet de formation \u00e0 l&#8217;adaptation climatique pour les entreprises agricoles et les municipalit\u00e9s du Programme alimentaire mondial. \u00bb<\/p><\/blockquote>\r\n<p>&#8211; Mar\u00eda, projet de formation \u00e0 l&#8217;adaptation climatique pour les entreprises agroalimentaires et les municipalit\u00e9s du Programme alimentaire mondial.<\/p>\r\n\t\t\t\t<img loading=\"lazy\" decoding=\"async\" src=\"https:\/\/cusointernational.org\/wp-content\/uploads\/honduras-testimonial-Aleida-Garcia-Gomez.webp\" alt=\"Aleida Honduras\" itemprop=\"image\" height=\"700\" width=\"700\" title=\"honduras-testimonial-Aleida Garcia Gomez\" onerror=\"this.style.display='none'\"  \/>\r\n\t<blockquote><p>\u00ab Je suis tr\u00e8s heureuse de participer \u00e0 ce projet \u00bb, dit-elle. \u00ab Je renforce l&#8217;habitude d&#8217;\u00e9pargner. C&#8217;est quelque chose que je n&#8217;avais pas avant parce que je n&#8217;en connaissais pas l&#8217;importance \u00bb<\/p><\/blockquote>\r\n<p>&#8211; Aleida, projet de formation \u00e0 l&#8217;adaptation climatique pour les entreprises agroalimentaires et les municipalit\u00e9s du Programme alimentaire mondial.<\/p>\r\n\t\t\t\t<img loading=\"lazy\" decoding=\"async\" src=\"https:\/\/cusointernational.org\/wp-content\/uploads\/honduras-force-for-good.webp\" alt=\"honduras-force-for-good\" itemprop=\"image\" height=\"1200\" width=\"1800\" title=\"honduras-force-for-good\" onerror=\"this.style.display='none'\"  \/>\r\n<h2>\r\n\t\tSoyez une force pour le bien\r\n\t<\/h2>\r\n\t<p>Soutenez la prochaine vague de solutions locales pour acc\u00e9l\u00e9rer l&#8217;\u00e9galit\u00e9 des genres, l&#8217;action climatique et la r\u00e9silience \u00e9conomique au Honduras.<\/p>\r\n\t\t\t<a href=\"https:\/\/cusointernational.org\/fr\/faire-un-don\/\" target=\"_self\">\r\n\t\t\t\t\t\tDONNEZ AUJOURD&#8217;HUI !\r\n\t\t\t\t\t<\/a>\r\n\t<p>Votre don sera jumel\u00e9 six fois par Affaires mondiales Canada.<\/p>\r\n<h2>\r\n\t\tPassez \u00e0 l&#8217;\u00e9tape suivante !\r\n\t<\/h2>\r\n\t\t\t\t<img loading=\"lazy\" decoding=\"async\" src=\"https:\/\/cusointernational.org\/wp-content\/uploads\/icon-donate-lecagy.svg\" alt=\"Scroll and heart icon\" itemprop=\"image\" height=\"112\" width=\"112\" title=\"icon-donate-lecagy\" onerror=\"this.style.display='none'\"  \/>\r\n<h3>\r\n\t\tD\u00e9couvrez les histoires de l&#8217;Honduras\r\n\t<\/h3>\r\n\t<p>Des \u00eatres authentiques. Des r\u00e9cits authentiques. D\u00e9couvrez comment des vies ont \u00e9t\u00e9 transform\u00e9es alors que nous \u0153uvrons pour un avenir lib\u00e9r\u00e9 de la pauvret\u00e9 et des in\u00e9galit\u00e9s.<\/p>\r\n\t\t\t<a href=\"https:\/\/cusointernational.org\/fr\/recits\/?search=honduras\" target=\"_self\">\r\n\t\t\t\t\t\t\tVOIR D&#8217;HISTOIRES\r\n\t\t\t\t\t<\/a>\r\n\t\t\t\t<img loading=\"lazy\" decoding=\"async\" src=\"https:\/\/cusointernational.org\/wp-content\/uploads\/globe_icon.svg\" alt=\"Globe icon\" itemprop=\"image\" height=\"112\" width=\"112\" title=\"globe_icon\" onerror=\"this.style.display='none'\"  \/>\r\n<h3>\r\n\t\tVolontaire au Honduras\r\n\t<\/h3>\r\n\t<p>Le b\u00e9n\u00e9volat est essentiel \u00e0 l&#8217;impact mondial de Cuso International. Rejoignez-nous pour faire une v\u00e9ritable diff\u00e9rence au Honduras.<\/p>\r\n\t\t\t<a href=\"https:\/\/cusointernational.org\/fr\/passez-a-laction\/volontaire\/cooperation-volontaire\/\" target=\"_self\">\r\n\t\t\t\t\t\t\tVOIR LES OPPORTUNIT\u00c9S\r\n\t\t\t\t\t<\/a>\r\n\t\t\t\t<img loading=\"lazy\" decoding=\"async\" src=\"https:\/\/cusointernational.org\/wp-content\/uploads\/icon-about-respect.svg\" alt=\"Eye icon\" itemprop=\"image\" height=\"112\" width=\"112\" title=\"icon-about-respect\" onerror=\"this.style.display='none'\"  \/>\r\n<h3>\r\n\t\tEn savoir plus sur notre travail\r\n\t<\/h3>\r\n\t<p>Avec nos partenaires, nous r\u00e9solvons des probl\u00e8mes, nous cr\u00e9ons des solutions et nous construisons un monde plus prosp\u00e8re et plus inclusif pour tous.<\/p>\r\n\t\t\t<a href=\"https:\/\/cusointernational.org\/fr\/notre-travail-en-un-coup-doeil\/\" target=\"_self\">\r\n\t\t\t\t\t\t\tCOMMENCER \u00c0 EXPLORER\r\n\t\t\t\t\t<\/a>\r\n\r\n","protected":false},"excerpt":{"rendered":"<p>\u00c0 la loupe : les projetsHonduras De la promotion de l&#8217;\u00e9galit\u00e9 des genres et de l&#8217;inclusion sociale au renforcement de la r\u00e9silience \u00e9conomique et de l&#8217;action climatique, d\u00e9couvrez notre travail au Honduras. L&#8217;effet Cuso +3,300 Nombre de personnes ayant b\u00e9n\u00e9fici\u00e9 de nos programmes au Honduras 12 Partenaires strat\u00e9giques locaux 35 B\u00e9n\u00e9voles impliqu\u00e9s dans nos programmes&hellip;<\/p>\n","protected":false},"author":6,"featured_media":47877,"parent":48331,"menu_order":0,"comment_status":"closed","ping_status":"closed","template":"","meta":{"_acf_changed":false,"footnotes":""},"tags":[],"class_list":["post-48394","page","type-page","status-publish","has-post-thumbnail","hentry"],"acf":[],"yoast_head":"<!-- This site is optimized with the Yoast SEO plugin v27.4 - https:\/\/yoast.com\/product\/yoast-seo-wordpress\/ -->\n<title>Honduras - Cuso International<\/title>\n<meta name=\"description\" content=\"D\u00e9couvrez notre travail au Honduras.\" \/>\n<meta name=\"robots\" content=\"index, nofollow, max-snippet:-1, max-image-preview:large, max-video-preview:-1\" \/>\n<link rel=\"canonical\" href=\"https:\/\/cusointernational.org\/fr\/travail\/regions-desservies\/honduras\/\" \/>\n<meta property=\"og:locale\" content=\"fr_FR\" \/>\n<meta property=\"og:type\" content=\"article\" \/>\n<meta property=\"og:title\" content=\"Honduras - Cuso International\" \/>\n<meta property=\"og:description\" content=\"D\u00e9couvrez notre travail au Honduras.\" \/>\n<meta property=\"og:url\" content=\"https:\/\/cusointernational.org\/fr\/travail\/regions-desservies\/honduras\/\" \/>\n<meta property=\"og:site_name\" content=\"Cuso International\" \/>\n<meta property=\"article:modified_time\" content=\"2025-02-26T22:23:32+00:00\" \/>\n<meta property=\"og:image\" content=\"https:\/\/cusointernational.org\/wp-content\/uploads\/honduras-hero.webp\" \/>\n\t<meta property=\"og:image:width\" content=\"1800\" \/>\n\t<meta property=\"og:image:height\" content=\"1200\" \/>\n\t<meta property=\"og:image:type\" content=\"image\/webp\" \/>\n<meta name=\"twitter:card\" content=\"summary_large_image\" \/>\n<meta name=\"twitter:label1\" content=\"Dur\u00e9e de lecture estim\u00e9e\" \/>\n\t<meta name=\"twitter:data1\" content=\"5 minutes\" \/>\n<script type=\"application\/ld+json\" class=\"yoast-schema-graph\">{\"@context\":\"https:\\\/\\\/schema.org\",\"@graph\":[{\"@type\":\"WebPage\",\"@id\":\"https:\\\/\\\/cusointernational.org\\\/fr\\\/travail\\\/regions-desservies\\\/honduras\\\/\",\"url\":\"https:\\\/\\\/cusointernational.org\\\/fr\\\/travail\\\/regions-desservies\\\/honduras\\\/\",\"name\":\"Honduras - Cuso International\",\"isPartOf\":{\"@id\":\"https:\\\/\\\/cusointernational.org\\\/fr\\\/#website\"},\"primaryImageOfPage\":{\"@id\":\"https:\\\/\\\/cusointernational.org\\\/fr\\\/travail\\\/regions-desservies\\\/honduras\\\/#primaryimage\"},\"image\":{\"@id\":\"https:\\\/\\\/cusointernational.org\\\/fr\\\/travail\\\/regions-desservies\\\/honduras\\\/#primaryimage\"},\"thumbnailUrl\":\"https:\\\/\\\/cusointernational.org\\\/wp-content\\\/uploads\\\/honduras-hero.webp\",\"datePublished\":\"2024-12-29T00:29:19+00:00\",\"dateModified\":\"2025-02-26T22:23:32+00:00\",\"description\":\"D\u00e9couvrez notre travail au Honduras.\",\"breadcrumb\":{\"@id\":\"https:\\\/\\\/cusointernational.org\\\/fr\\\/travail\\\/regions-desservies\\\/honduras\\\/#breadcrumb\"},\"inLanguage\":\"fr-FR\",\"potentialAction\":[{\"@type\":\"ReadAction\",\"target\":[\"https:\\\/\\\/cusointernational.org\\\/fr\\\/travail\\\/regions-desservies\\\/honduras\\\/\"]}]},{\"@type\":\"ImageObject\",\"inLanguage\":\"fr-FR\",\"@id\":\"https:\\\/\\\/cusointernational.org\\\/fr\\\/travail\\\/regions-desservies\\\/honduras\\\/#primaryimage\",\"url\":\"https:\\\/\\\/cusointernational.org\\\/wp-content\\\/uploads\\\/honduras-hero.webp\",\"contentUrl\":\"https:\\\/\\\/cusointernational.org\\\/wp-content\\\/uploads\\\/honduras-hero.webp\",\"width\":1800,\"height\":1200,\"caption\":\"Honduras Cuso International\"},{\"@type\":\"BreadcrumbList\",\"@id\":\"https:\\\/\\\/cusointernational.org\\\/fr\\\/travail\\\/regions-desservies\\\/honduras\\\/#breadcrumb\",\"itemListElement\":[{\"@type\":\"ListItem\",\"position\":1,\"name\":\"Home\",\"item\":\"https:\\\/\\\/cusointernational.org\\\/fr\\\/\"},{\"@type\":\"ListItem\",\"position\":2,\"name\":\"Notre Travail\",\"item\":\"https:\\\/\\\/cusointernational.org\\\/fr\\\/travail\\\/\"},{\"@type\":\"ListItem\",\"position\":3,\"name\":\"R\u00e9gions desservies\",\"item\":\"https:\\\/\\\/cusointernational.org\\\/fr\\\/work\\\/regions-we-serve\\\/\"},{\"@type\":\"ListItem\",\"position\":4,\"name\":\"Honduras\"}]},{\"@type\":\"WebSite\",\"@id\":\"https:\\\/\\\/cusointernational.org\\\/fr\\\/#website\",\"url\":\"https:\\\/\\\/cusointernational.org\\\/fr\\\/\",\"name\":\"Cuso International\",\"description\":\"Connecting communities around the world with skilled Canadians to help end poverty\",\"potentialAction\":[{\"@type\":\"SearchAction\",\"target\":{\"@type\":\"EntryPoint\",\"urlTemplate\":\"https:\\\/\\\/cusointernational.org\\\/fr\\\/?s={search_term_string}\"},\"query-input\":{\"@type\":\"PropertyValueSpecification\",\"valueRequired\":true,\"valueName\":\"search_term_string\"}}],\"inLanguage\":\"fr-FR\"}]}<\/script>\n<!-- \/ Yoast SEO plugin. -->","yoast_head_json":{"title":"Honduras - Cuso International","description":"D\u00e9couvrez notre travail au Honduras.","robots":{"index":"index","follow":"nofollow","max-snippet":"max-snippet:-1","max-image-preview":"max-image-preview:large","max-video-preview":"max-video-preview:-1"},"canonical":"https:\/\/cusointernational.org\/fr\/travail\/regions-desservies\/honduras\/","og_locale":"fr_FR","og_type":"article","og_title":"Honduras - Cuso International","og_description":"D\u00e9couvrez notre travail au Honduras.","og_url":"https:\/\/cusointernational.org\/fr\/travail\/regions-desservies\/honduras\/","og_site_name":"Cuso International","article_modified_time":"2025-02-26T22:23:32+00:00","og_image":[{"width":1800,"height":1200,"url":"https:\/\/cusointernational.org\/wp-content\/uploads\/honduras-hero.webp","type":"image\/webp"}],"twitter_card":"summary_large_image","twitter_misc":{"Dur\u00e9e de lecture estim\u00e9e":"5 minutes"},"schema":{"@context":"https:\/\/schema.org","@graph":[{"@type":"WebPage","@id":"https:\/\/cusointernational.org\/fr\/travail\/regions-desservies\/honduras\/","url":"https:\/\/cusointernational.org\/fr\/travail\/regions-desservies\/honduras\/","name":"Honduras - Cuso International","isPartOf":{"@id":"https:\/\/cusointernational.org\/fr\/#website"},"primaryImageOfPage":{"@id":"https:\/\/cusointernational.org\/fr\/travail\/regions-desservies\/honduras\/#primaryimage"},"image":{"@id":"https:\/\/cusointernational.org\/fr\/travail\/regions-desservies\/honduras\/#primaryimage"},"thumbnailUrl":"https:\/\/cusointernational.org\/wp-content\/uploads\/honduras-hero.webp","datePublished":"2024-12-29T00:29:19+00:00","dateModified":"2025-02-26T22:23:32+00:00","description":"D\u00e9couvrez notre travail au Honduras.","breadcrumb":{"@id":"https:\/\/cusointernational.org\/fr\/travail\/regions-desservies\/honduras\/#breadcrumb"},"inLanguage":"fr-FR","potentialAction":[{"@type":"ReadAction","target":["https:\/\/cusointernational.org\/fr\/travail\/regions-desservies\/honduras\/"]}]},{"@type":"ImageObject","inLanguage":"fr-FR","@id":"https:\/\/cusointernational.org\/fr\/travail\/regions-desservies\/honduras\/#primaryimage","url":"https:\/\/cusointernational.org\/wp-content\/uploads\/honduras-hero.webp","contentUrl":"https:\/\/cusointernational.org\/wp-content\/uploads\/honduras-hero.webp","width":1800,"height":1200,"caption":"Honduras Cuso International"},{"@type":"BreadcrumbList","@id":"https:\/\/cusointernational.org\/fr\/travail\/regions-desservies\/honduras\/#breadcrumb","itemListElement":[{"@type":"ListItem","position":1,"name":"Home","item":"https:\/\/cusointernational.org\/fr\/"},{"@type":"ListItem","position":2,"name":"Notre Travail","item":"https:\/\/cusointernational.org\/fr\/travail\/"},{"@type":"ListItem","position":3,"name":"R\u00e9gions desservies","item":"https:\/\/cusointernational.org\/fr\/work\/regions-we-serve\/"},{"@type":"ListItem","position":4,"name":"Honduras"}]},{"@type":"WebSite","@id":"https:\/\/cusointernational.org\/fr\/#website","url":"https:\/\/cusointernational.org\/fr\/","name":"Cuso International","description":"Connecting communities around the world with skilled Canadians to help end poverty","potentialAction":[{"@type":"SearchAction","target":{"@type":"EntryPoint","urlTemplate":"https:\/\/cusointernational.org\/fr\/?s={search_term_string}"},"query-input":{"@type":"PropertyValueSpecification","valueRequired":true,"valueName":"search_term_string"}}],"inLanguage":"fr-FR"}]}},"_links":{"self":[{"href":"https:\/\/cusointernational.org\/fr\/wp-json\/wp\/v2\/pages\/48394","targetHints":{"allow":["GET"]}}],"collection":[{"href":"https:\/\/cusointernational.org\/fr\/wp-json\/wp\/v2\/pages"}],"about":[{"href":"https:\/\/cusointernational.org\/fr\/wp-json\/wp\/v2\/types\/page"}],"author":[{"embeddable":true,"href":"https:\/\/cusointernational.org\/fr\/wp-json\/wp\/v2\/users\/6"}],"replies":[{"embeddable":true,"href":"https:\/\/cusointernational.org\/fr\/wp-json\/wp\/v2\/comments?post=48394"}],"version-history":[{"count":0,"href":"https:\/\/cusointernational.org\/fr\/wp-json\/wp\/v2\/pages\/48394\/revisions"}],"up":[{"embeddable":true,"href":"https:\/\/cusointernational.org\/fr\/wp-json\/wp\/v2\/pages\/48331"}],"wp:featuredmedia":[{"embeddable":true,"href":"https:\/\/cusointernational.org\/fr\/wp-json\/wp\/v2\/media\/47877"}],"wp:attachment":[{"href":"https:\/\/cusointernational.org\/fr\/wp-json\/wp\/v2\/media?parent=48394"}],"wp:term":[{"taxonomy":"post_tag","embeddable":true,"href":"https:\/\/cusointernational.org\/fr\/wp-json\/wp\/v2\/tags?post=48394"}],"curies":[{"name":"wp","href":"https:\/\/api.w.org\/{rel}","templated":true}]}}