{"id":48392,"date":"2024-12-28T19:26:26","date_gmt":"2024-12-29T00:26:26","guid":{"rendered":"https:\/\/cusointernational.org\/global-reach\/ethiopie\/"},"modified":"2025-02-26T17:22:54","modified_gmt":"2025-02-26T22:22:54","slug":"ethiopie","status":"publish","type":"page","link":"https:\/\/cusointernational.org\/fr\/travail\/regions-desservies\/ethiopie\/","title":{"rendered":"\u00c9thiopie"},"content":{"rendered":"\r\n<h2>\r\n\t\t\u00c0 la loupe : les projets<br \/>\u00c9thiopie\r\n\t<\/h2>\r\n\t<p><strong>Qu&#8217;il s&#8217;agisse de favoriser l&#8217;\u00e9galit\u00e9 des genres et l&#8217;inclusion sociale, de renforcer la r\u00e9silience \u00e9conomique ou de promouvoir l&#8217;action climatique, explorez notre travail en \u00c9thiopie.<\/strong><\/p>\r\n<h2>\r\n\t\tL&#8217;effet Cuso\r\n\t<\/h2>\r\n\t\t\t\t<img loading=\"lazy\" decoding=\"async\" src=\"https:\/\/cusointernational.org\/wp-content\/uploads\/ethiopia-intro-stats.webp\" alt=\"Ethiopia stats\" itemprop=\"image\" height=\"700\" width=\"700\" title=\"ethiopia-intro-stats\" onerror=\"this.style.display='none'\"  \/>\r\n\t\t14,336\r\n\t\t\t\t\tMembres de la communaut\u00e9 sensibilis\u00e9s gr\u00e2ce \u00e0 diverses formations et s\u00e9ances d&#8217;information abordant les obstacles li\u00e9s au genre pour l&#8217;\u00e9ducation des filles.\r\n\t\t7,500\r\n\t\t\t\t\t\u00c9tudiants \u00e2g\u00e9s de 15 \u00e0 25 ans cibl\u00e9s par le syst\u00e8me de soutien \u00e0 l&#8217;\u00e9ducation \r\n\t\t7\r\n\t\t\t\t\t\u00c9coles secondaires cibl\u00e9es soutenues par le syst\u00e8me de soutien scolaire\r\n\t\t3\r\n\t\t\t\t\tManuels de formation th\u00e9matiques \u00e9labor\u00e9s sur le GESI, l&#8217;action climatique et la SMSPS \r\n<h2>\r\n\t\tDes solutions locales\r\n\t<\/h2>\r\n\t<p>C&#8217;est pourquoi nous soutenons des solutions hyperlocalis\u00e9es, con\u00e7ues pour le peuple, le lieu et l&#8217;\u00e9conomie de l&#8217;\u00c9thiopie.<\/p>\r\n\t\t\t\t\t<a href=\"#\" id=\"fl-tabs--label-0\" data-index=\"0\" aria-selected=\"true\" aria-controls=\"fl-tabs--panel-0\" aria-expanded=\"true\" role=\"tab\" tabindex=\"0\">\t\t\t\tOuvrir les portes de l&#8217;\u00e9ducation aux filles\t\t\t<\/a>\r\n\t\t\t\t\t<a href=\"#\" id=\"fl-tabs--label-1\" data-index=\"1\" aria-selected=\"false\" aria-controls=\"fl-tabs--panel-1\" aria-expanded=\"false\" role=\"tab\" tabindex=\"0\">\t\t\t\tVolontaires canadiens qualifi\u00e9s pour la jeunesse et l&#8217;\u00e9galit\u00e9\t\t\t<\/a>\r\n\t\t\t\tOuvrir les portes de l&#8217;\u00e9ducation aux filles\r\n                                        <img decoding=\"async\" src=\"https:\/\/cusointernational.org\/wp-content\/uploads\/project-education-ethiopia.jpg\" alt=\"Woman smiling\"\/>                    <h3>U &#8211; GIRSLS 2<\/h3><p>Le projet U-GIRLS 2 vise \u00e0 am\u00e9liorer l&#8217;acc\u00e8s \u00e0 l&#8217;enseignement sup\u00e9rieur pour les lyc\u00e9ennes en \u00c9thiopie en appliquant une approche holistique et multisectorielle afin d&#8217;autonomiser les filles et les jeunes femmes gr\u00e2ce \u00e0 une \u00e9ducation de qualit\u00e9.<\/p>\r\n\t\t\t\t\t\t\t\t<a href=\"https:\/\/cusointernational.org\/fr\/programme-les-filles-aussi-u-girls-2\/\" target=\"_self\">\r\n\t\t\t\t\t\t\t\t\tEN SAVOIR PLUS\r\n\t\t\t\t\t\t\t\t<\/a>\r\n\t\t\t\tVolontaires canadiens qualifi\u00e9s pour la jeunesse et l&#8217;\u00e9galit\u00e9\r\n                                        <img decoding=\"async\" src=\"https:\/\/cusointernational.org\/wp-content\/uploads\/MicrosoftTeams-image-e1667325740916.jpg\" alt=\"Cuso International Volunteers\"\/>                    <h3>SHARE<\/h3><p>Le programme SHARE en \u00c9thiopie collabore avec des partenaires strat\u00e9giques pour recruter des volontaires canadiens qualifi\u00e9s et hautement \u00e9duqu\u00e9s, afin de renforcer les capacit\u00e9s et offrir des formations aux partenaires et aux b\u00e9n\u00e9ficiaires, dans le but de traiter les enjeux li\u00e9s \u00e0 l&#8217;\u00e9galit\u00e9 des genres et au ch\u00f4mage des jeunes.<\/p>\r\n\t\t\t\t\t\t\t\t<a href=\"https:\/\/cusointernational.org\/fr\/partage-du-savoir-faire-canadien-pour-un-developpement-inclusif-et-legalite-entre-les-sexes-programme-share\/\" target=\"_self\">\r\n\t\t\t\t\t\t\t\t\tEN SAVOIR PLUS\r\n\t\t\t\t\t\t\t\t<\/a>\r\n<h2>\r\n\t\tPartenariat pour un monde durable et inclusif\r\n\t<\/h2>\r\n\t<p>Avec nos partenaires, nous r\u00e9solvons des probl\u00e8mes, nous cr\u00e9ons des solutions et nous construisons un monde plus prosp\u00e8re et plus inclusif pour tous.<\/p>\r\n<h2>\r\n\t\tLes voix du changement en \u00c9thiopie\r\n\t<\/h2>\r\n\t<p>Rencontrez les personnes qui ont eu la chance d&#8217;exp\u00e9rimenter l&#8217;effet Cuso en \u00c9thiopie.<\/p>\r\n\t\t\t<a href=\"https:\/\/cusointernational.org\/fr\/recits\/\" target=\"_self\">\r\n\t\t\t\t\t\t\tVOIR PLUS D&#8217;HISTOIRES\r\n\t\t\t\t\t<\/a>\r\n\t\t\t\t<img loading=\"lazy\" decoding=\"async\" src=\"https:\/\/cusointernational.org\/wp-content\/uploads\/ethiopia-testimonial-Sebrina.webp\" alt=\"Sebrina U-GIRLS 2\" itemprop=\"image\" height=\"700\" width=\"700\" title=\"ethiopia-testimonial-Sebrina\" onerror=\"this.style.display='none'\"  \/>\r\n\t<blockquote><p>\u00ab Ce programme aide les filles \u00e0 s&#8217;\u00e9manciper et \u00e0 devenir des leaders dans diff\u00e9rents domaines. Sans ce soutien, il serait tr\u00e8s difficile de survivre, de participer aux cours et d&#8217;acheter du mat\u00e9riel \u00bb.<\/p><\/blockquote>\r\n<p>&#8211; Sebrina, U-GIRLS 2<\/p>\r\n\t\t\t\t<img loading=\"lazy\" decoding=\"async\" src=\"https:\/\/cusointernational.org\/wp-content\/uploads\/ethiopia-testimonial-Adonayit.webp\" alt=\"Adonayit U-GIRLS 2\" itemprop=\"image\" height=\"700\" width=\"700\" title=\"ethiopia-testimonial-Adonayit\" onerror=\"this.style.display='none'\"  \/>\r\n\t<blockquote><p>\u00ab Ma confiance en moi s&#8217;est am\u00e9lior\u00e9e. Je peux maintenant m&#8217;exprimer en public et je vois les choses diff\u00e9remment. Je suis motiv\u00e9e pour poursuivre mes r\u00eaves et les r\u00e9aliser \u00bb.<\/p><\/blockquote>\r\n<p>&#8211; Adonayit, U-GIRLS 2<\/p>\r\n\t\t\t\t<img loading=\"lazy\" decoding=\"async\" src=\"https:\/\/cusointernational.org\/wp-content\/uploads\/ethiopia-force-for-good.webp\" alt=\"ethiopia-force-for-good\" itemprop=\"image\" height=\"1200\" width=\"1800\" title=\"ethiopia-force-for-good\" onerror=\"this.style.display='none'\"  \/>\r\n<h2>\r\n\t\t\u00catre une force pour le bien\r\n\t<\/h2>\r\n\t<p>Soutenez la prochaine vague de solutions locales pour acc\u00e9l\u00e9rer l&#8217;\u00e9galit\u00e9 des genres, l&#8217;action climatique et la r\u00e9silience \u00e9conomique en \u00c9thiopie.<\/p>\r\n\t\t\t<a href=\"https:\/\/cusointernational.org\/fr\/faire-un-don\/\" target=\"_self\">\r\n\t\t\t\t\t\tDONNEZ AUJOURD&#8217;HUI !\r\n\t\t\t\t\t<\/a>\r\n\t<p>Votre don sera jumel\u00e9 six fois par Affaires mondiales Canada.<\/p>\r\n<h2>\r\n\t\tPassez \u00e0 l&#8217;\u00e9tape suivante !\r\n\t<\/h2>\r\n\t\t\t\t<img loading=\"lazy\" decoding=\"async\" src=\"https:\/\/cusointernational.org\/wp-content\/uploads\/icon-donate-lecagy.svg\" alt=\"Scroll and heart icon\" itemprop=\"image\" height=\"112\" width=\"112\" title=\"icon-donate-lecagy\" onerror=\"this.style.display='none'\"  \/>\r\n<h3>\r\n\t\tD\u00e9couvrez les histoires de l&#8217;\u00c9thiopie\r\n\t<\/h3>\r\n\t<p>Des personnes r\u00e9elles. Des histoires authentiques. D\u00e9couvrez comment des vies ont \u00e9t\u00e9 transform\u00e9es alors que nous b\u00e2tissons un avenir sans pauvret\u00e9 ni in\u00e9galit\u00e9s.<\/p>\r\n\t\t\t<a href=\"https:\/\/cusointernational.org\/fr\/recits\/?search=ethiopia\" target=\"_self\">\r\n\t\t\t\t\t\t\tVOIR D&#8217;HISTOIRES\r\n\t\t\t\t\t<\/a>\r\n\t\t\t\t<img loading=\"lazy\" decoding=\"async\" src=\"https:\/\/cusointernational.org\/wp-content\/uploads\/globe_icon.svg\" alt=\"Globe icon\" itemprop=\"image\" height=\"112\" width=\"112\" title=\"globe_icon\" onerror=\"this.style.display='none'\"  \/>\r\n<h3>\r\n\t\tVolontaire en \u00c9thiopie\r\n\t<\/h3>\r\n\t<p>Le b\u00e9n\u00e9volat est essentiel \u00e0 l&#8217;impact mondial de Cuso International. Rejoignez-nous pour faire une v\u00e9ritable diff\u00e9rence en \u00c9thiopie.<\/p>\r\n\t\t\t<a href=\"https:\/\/cusointernational.org\/fr\/passez-a-laction\/volontaire\/cooperation-volontaire\/\" target=\"_self\">\r\n\t\t\t\t\t\t\tVOIR LES OPPORTUNIT\u00c9S\r\n\t\t\t\t\t<\/a>\r\n\t\t\t\t<img loading=\"lazy\" decoding=\"async\" src=\"https:\/\/cusointernational.org\/wp-content\/uploads\/icon-about-respect.svg\" alt=\"Eye icon\" itemprop=\"image\" height=\"112\" width=\"112\" title=\"icon-about-respect\" onerror=\"this.style.display='none'\"  \/>\r\n<h3>\r\n\t\tEn savoir plus sur notre travail\r\n\t<\/h3>\r\n\t<p>Avec nos partenaires, nous r\u00e9solvons des probl\u00e8mes, nous cr\u00e9ons des solutions et nous construisons un monde plus prosp\u00e8re et plus inclusif pour tous.<\/p>\r\n\t\t\t<a href=\"https:\/\/cusointernational.org\/fr\/notre-travail-en-un-coup-doeil\/\" target=\"_self\">\r\n\t\t\t\t\t\t\tCOMMENCER \u00c0 EXPLORER\r\n\t\t\t\t\t<\/a>\r\n\r\n","protected":false},"excerpt":{"rendered":"<p>\u00c0 la loupe : les projets\u00c9thiopie Qu&#8217;il s&#8217;agisse de favoriser l&#8217;\u00e9galit\u00e9 des genres et l&#8217;inclusion sociale, de renforcer la r\u00e9silience \u00e9conomique ou de promouvoir l&#8217;action climatique, explorez notre travail en \u00c9thiopie. L&#8217;effet Cuso 14,336 Membres de la communaut\u00e9 sensibilis\u00e9s gr\u00e2ce \u00e0 diverses formations et s\u00e9ances d&#8217;information abordant les obstacles li\u00e9s au genre pour l&#8217;\u00e9ducation des&hellip;<\/p>\n","protected":false},"author":6,"featured_media":47826,"parent":48331,"menu_order":0,"comment_status":"closed","ping_status":"closed","template":"","meta":{"_acf_changed":false,"footnotes":""},"tags":[],"class_list":["post-48392","page","type-page","status-publish","has-post-thumbnail","hentry"],"acf":[],"yoast_head":"<!-- This site is optimized with the Yoast SEO plugin v27.3 - https:\/\/yoast.com\/product\/yoast-seo-wordpress\/ -->\n<title>\u00c9thiopie - Cuso International<\/title>\n<meta name=\"description\" content=\"Explorez notre travail en \u00c9thiopie.\" \/>\n<meta name=\"robots\" content=\"index, nofollow, max-snippet:-1, max-image-preview:large, max-video-preview:-1\" \/>\n<link rel=\"canonical\" href=\"https:\/\/cusointernational.org\/fr\/travail\/regions-desservies\/ethiopie\/\" \/>\n<meta property=\"og:locale\" content=\"fr_FR\" \/>\n<meta property=\"og:type\" content=\"article\" \/>\n<meta property=\"og:title\" content=\"\u00c9thiopie - Cuso International\" \/>\n<meta property=\"og:description\" content=\"Explorez notre travail en \u00c9thiopie.\" \/>\n<meta property=\"og:url\" content=\"https:\/\/cusointernational.org\/fr\/travail\/regions-desservies\/ethiopie\/\" \/>\n<meta property=\"og:site_name\" content=\"Cuso International\" \/>\n<meta property=\"article:modified_time\" content=\"2025-02-26T22:22:54+00:00\" \/>\n<meta property=\"og:image\" content=\"https:\/\/cusointernational.org\/wp-content\/uploads\/ethiopia-hero.webp\" \/>\n\t<meta property=\"og:image:width\" content=\"1800\" \/>\n\t<meta property=\"og:image:height\" content=\"1200\" \/>\n\t<meta property=\"og:image:type\" content=\"image\/webp\" \/>\n<meta name=\"twitter:card\" content=\"summary_large_image\" \/>\n<meta name=\"twitter:label1\" content=\"Dur\u00e9e de lecture estim\u00e9e\" \/>\n\t<meta name=\"twitter:data1\" content=\"4 minutes\" \/>\n<script type=\"application\/ld+json\" class=\"yoast-schema-graph\">{\"@context\":\"https:\\\/\\\/schema.org\",\"@graph\":[{\"@type\":\"WebPage\",\"@id\":\"https:\\\/\\\/cusointernational.org\\\/fr\\\/travail\\\/regions-desservies\\\/ethiopie\\\/\",\"url\":\"https:\\\/\\\/cusointernational.org\\\/fr\\\/travail\\\/regions-desservies\\\/ethiopie\\\/\",\"name\":\"\u00c9thiopie - Cuso International\",\"isPartOf\":{\"@id\":\"https:\\\/\\\/cusointernational.org\\\/fr\\\/#website\"},\"primaryImageOfPage\":{\"@id\":\"https:\\\/\\\/cusointernational.org\\\/fr\\\/travail\\\/regions-desservies\\\/ethiopie\\\/#primaryimage\"},\"image\":{\"@id\":\"https:\\\/\\\/cusointernational.org\\\/fr\\\/travail\\\/regions-desservies\\\/ethiopie\\\/#primaryimage\"},\"thumbnailUrl\":\"https:\\\/\\\/cusointernational.org\\\/wp-content\\\/uploads\\\/ethiopia-hero.webp\",\"datePublished\":\"2024-12-29T00:26:26+00:00\",\"dateModified\":\"2025-02-26T22:22:54+00:00\",\"description\":\"Explorez notre travail en \u00c9thiopie.\",\"breadcrumb\":{\"@id\":\"https:\\\/\\\/cusointernational.org\\\/fr\\\/travail\\\/regions-desservies\\\/ethiopie\\\/#breadcrumb\"},\"inLanguage\":\"fr-FR\",\"potentialAction\":[{\"@type\":\"ReadAction\",\"target\":[\"https:\\\/\\\/cusointernational.org\\\/fr\\\/travail\\\/regions-desservies\\\/ethiopie\\\/\"]}]},{\"@type\":\"ImageObject\",\"inLanguage\":\"fr-FR\",\"@id\":\"https:\\\/\\\/cusointernational.org\\\/fr\\\/travail\\\/regions-desservies\\\/ethiopie\\\/#primaryimage\",\"url\":\"https:\\\/\\\/cusointernational.org\\\/wp-content\\\/uploads\\\/ethiopia-hero.webp\",\"contentUrl\":\"https:\\\/\\\/cusointernational.org\\\/wp-content\\\/uploads\\\/ethiopia-hero.webp\",\"width\":1800,\"height\":1200,\"caption\":\"Ethiopia Cuso International\"},{\"@type\":\"BreadcrumbList\",\"@id\":\"https:\\\/\\\/cusointernational.org\\\/fr\\\/travail\\\/regions-desservies\\\/ethiopie\\\/#breadcrumb\",\"itemListElement\":[{\"@type\":\"ListItem\",\"position\":1,\"name\":\"Home\",\"item\":\"https:\\\/\\\/cusointernational.org\\\/fr\\\/\"},{\"@type\":\"ListItem\",\"position\":2,\"name\":\"Notre Travail\",\"item\":\"https:\\\/\\\/cusointernational.org\\\/fr\\\/travail\\\/\"},{\"@type\":\"ListItem\",\"position\":3,\"name\":\"R\u00e9gions desservies\",\"item\":\"https:\\\/\\\/cusointernational.org\\\/fr\\\/work\\\/regions-we-serve\\\/\"},{\"@type\":\"ListItem\",\"position\":4,\"name\":\"\u00c9thiopie\"}]},{\"@type\":\"WebSite\",\"@id\":\"https:\\\/\\\/cusointernational.org\\\/fr\\\/#website\",\"url\":\"https:\\\/\\\/cusointernational.org\\\/fr\\\/\",\"name\":\"Cuso International\",\"description\":\"Connecting communities around the world with skilled Canadians to help end poverty\",\"potentialAction\":[{\"@type\":\"SearchAction\",\"target\":{\"@type\":\"EntryPoint\",\"urlTemplate\":\"https:\\\/\\\/cusointernational.org\\\/fr\\\/?s={search_term_string}\"},\"query-input\":{\"@type\":\"PropertyValueSpecification\",\"valueRequired\":true,\"valueName\":\"search_term_string\"}}],\"inLanguage\":\"fr-FR\"}]}<\/script>\n<!-- \/ Yoast SEO plugin. -->","yoast_head_json":{"title":"\u00c9thiopie - Cuso International","description":"Explorez notre travail en \u00c9thiopie.","robots":{"index":"index","follow":"nofollow","max-snippet":"max-snippet:-1","max-image-preview":"max-image-preview:large","max-video-preview":"max-video-preview:-1"},"canonical":"https:\/\/cusointernational.org\/fr\/travail\/regions-desservies\/ethiopie\/","og_locale":"fr_FR","og_type":"article","og_title":"\u00c9thiopie - Cuso International","og_description":"Explorez notre travail en \u00c9thiopie.","og_url":"https:\/\/cusointernational.org\/fr\/travail\/regions-desservies\/ethiopie\/","og_site_name":"Cuso International","article_modified_time":"2025-02-26T22:22:54+00:00","og_image":[{"width":1800,"height":1200,"url":"https:\/\/cusointernational.org\/wp-content\/uploads\/ethiopia-hero.webp","type":"image\/webp"}],"twitter_card":"summary_large_image","twitter_misc":{"Dur\u00e9e de lecture estim\u00e9e":"4 minutes"},"schema":{"@context":"https:\/\/schema.org","@graph":[{"@type":"WebPage","@id":"https:\/\/cusointernational.org\/fr\/travail\/regions-desservies\/ethiopie\/","url":"https:\/\/cusointernational.org\/fr\/travail\/regions-desservies\/ethiopie\/","name":"\u00c9thiopie - Cuso International","isPartOf":{"@id":"https:\/\/cusointernational.org\/fr\/#website"},"primaryImageOfPage":{"@id":"https:\/\/cusointernational.org\/fr\/travail\/regions-desservies\/ethiopie\/#primaryimage"},"image":{"@id":"https:\/\/cusointernational.org\/fr\/travail\/regions-desservies\/ethiopie\/#primaryimage"},"thumbnailUrl":"https:\/\/cusointernational.org\/wp-content\/uploads\/ethiopia-hero.webp","datePublished":"2024-12-29T00:26:26+00:00","dateModified":"2025-02-26T22:22:54+00:00","description":"Explorez notre travail en \u00c9thiopie.","breadcrumb":{"@id":"https:\/\/cusointernational.org\/fr\/travail\/regions-desservies\/ethiopie\/#breadcrumb"},"inLanguage":"fr-FR","potentialAction":[{"@type":"ReadAction","target":["https:\/\/cusointernational.org\/fr\/travail\/regions-desservies\/ethiopie\/"]}]},{"@type":"ImageObject","inLanguage":"fr-FR","@id":"https:\/\/cusointernational.org\/fr\/travail\/regions-desservies\/ethiopie\/#primaryimage","url":"https:\/\/cusointernational.org\/wp-content\/uploads\/ethiopia-hero.webp","contentUrl":"https:\/\/cusointernational.org\/wp-content\/uploads\/ethiopia-hero.webp","width":1800,"height":1200,"caption":"Ethiopia Cuso International"},{"@type":"BreadcrumbList","@id":"https:\/\/cusointernational.org\/fr\/travail\/regions-desservies\/ethiopie\/#breadcrumb","itemListElement":[{"@type":"ListItem","position":1,"name":"Home","item":"https:\/\/cusointernational.org\/fr\/"},{"@type":"ListItem","position":2,"name":"Notre Travail","item":"https:\/\/cusointernational.org\/fr\/travail\/"},{"@type":"ListItem","position":3,"name":"R\u00e9gions desservies","item":"https:\/\/cusointernational.org\/fr\/work\/regions-we-serve\/"},{"@type":"ListItem","position":4,"name":"\u00c9thiopie"}]},{"@type":"WebSite","@id":"https:\/\/cusointernational.org\/fr\/#website","url":"https:\/\/cusointernational.org\/fr\/","name":"Cuso International","description":"Connecting communities around the world with skilled Canadians to help end poverty","potentialAction":[{"@type":"SearchAction","target":{"@type":"EntryPoint","urlTemplate":"https:\/\/cusointernational.org\/fr\/?s={search_term_string}"},"query-input":{"@type":"PropertyValueSpecification","valueRequired":true,"valueName":"search_term_string"}}],"inLanguage":"fr-FR"}]}},"_links":{"self":[{"href":"https:\/\/cusointernational.org\/fr\/wp-json\/wp\/v2\/pages\/48392","targetHints":{"allow":["GET"]}}],"collection":[{"href":"https:\/\/cusointernational.org\/fr\/wp-json\/wp\/v2\/pages"}],"about":[{"href":"https:\/\/cusointernational.org\/fr\/wp-json\/wp\/v2\/types\/page"}],"author":[{"embeddable":true,"href":"https:\/\/cusointernational.org\/fr\/wp-json\/wp\/v2\/users\/6"}],"replies":[{"embeddable":true,"href":"https:\/\/cusointernational.org\/fr\/wp-json\/wp\/v2\/comments?post=48392"}],"version-history":[{"count":0,"href":"https:\/\/cusointernational.org\/fr\/wp-json\/wp\/v2\/pages\/48392\/revisions"}],"up":[{"embeddable":true,"href":"https:\/\/cusointernational.org\/fr\/wp-json\/wp\/v2\/pages\/48331"}],"wp:featuredmedia":[{"embeddable":true,"href":"https:\/\/cusointernational.org\/fr\/wp-json\/wp\/v2\/media\/47826"}],"wp:attachment":[{"href":"https:\/\/cusointernational.org\/fr\/wp-json\/wp\/v2\/media?parent=48392"}],"wp:term":[{"taxonomy":"post_tag","embeddable":true,"href":"https:\/\/cusointernational.org\/fr\/wp-json\/wp\/v2\/tags?post=48392"}],"curies":[{"name":"wp","href":"https:\/\/api.w.org\/{rel}","templated":true}]}}