{"id":48390,"date":"2024-12-28T19:24:37","date_gmt":"2024-12-29T00:24:37","guid":{"rendered":"https:\/\/cusointernational.org\/global-reach\/republique-democratique-du-congo\/"},"modified":"2025-03-06T15:00:47","modified_gmt":"2025-03-06T20:00:47","slug":"republique-democratique-du-congo","status":"publish","type":"page","link":"https:\/\/cusointernational.org\/fr\/travail\/regions-desservies\/republique-democratique-du-congo\/","title":{"rendered":"R\u00e9publique d\u00e9mocratique du Congo"},"content":{"rendered":"\n<h2>\n\t\t\u00c0 la loupe : les projets<br \/>R\u00e9publique d\u00e9mocratique du Congo\n\t<\/h2>\n\t<p><strong>De la promotion de l&#8217;\u00e9galit\u00e9 des genres et de l&#8217;inclusion sociale au renforcement de la r\u00e9silience \u00e9conomique et \u00e0 l&#8217;avancement de l&#8217;action climatique, d\u00e9couvrez notre travail en R\u00e9publique d\u00e9mocratique du Congo.<\/strong><\/p>\n<h2>\n\t\tL&#8217;effet Cuso\n\t<\/h2>\n\t\t\t\t<img loading=\"lazy\" decoding=\"async\" src=\"https:\/\/cusointernational.org\/wp-content\/uploads\/drc-intro-stats.webp\" alt=\"Women in the DRC sit at a table, smiling and talking, with water bottles and a bag nearby. Cuso International supports them.\" itemprop=\"image\" height=\"700\" width=\"700\" title=\"drc-intro-stats\" onerror=\"this.style.display='none'\"  \/>\n\t\t3,014\n\t\t\t\t\tGr\u00e2ce \u00e0 notre projet Talents Pluriels, 3014 jeunes ont \u00e9t\u00e9 form\u00e9s en entrepreneuriat, d\u00e9veloppant des comp\u00e9tences essentielles pour r\u00e9ussir.\n\t\t1,197\n\t\t\t\t\tGr\u00e2ce au projet Talents Pluriels, 1197 jeunes ont \u00e9t\u00e9 form\u00e9s pour am\u00e9liorer leur employabilit\u00e9 et renforcer leurs comp\u00e9tences professionnelles.\n\t\t55\n\t\t\t\t\tGr\u00e2ce au projet Talents Pluriels, 55 gestionnaires ont \u00e9t\u00e9 form\u00e9s \u00e0 des politiques RH s\u00e9curitaires et inclusives.\n\t\t41\n\t\t\t\t\tLors de 41 r\u00e9unions de soutien familial, 780 familles ont \u00e9t\u00e9 sensibilis\u00e9es \u00e0 l&#8217;\u00e9galit\u00e9 des genres et \u00e0 l&#8217;inclusion sociale.\n<h2>\n\t\tDes solutions locales\n\t<\/h2>\n\t<p>Nous savons que les solutions universelles appartiennent au pass\u00e9. Voil\u00e0 pourquoi nous soutenons des solutions hyperlocales con\u00e7ues par et pour les habitants, les sp\u00e9cificit\u00e9s locales et l&#8217;\u00e9conomie de la R\u00e9publique d\u00e9mocratique du Congo.<\/p>\n\t\t\t\t\t<a href=\"#\" id=\"fl-tabs--label-0\" data-index=\"0\" aria-selected=\"true\" aria-controls=\"fl-tabs--panel-0\" aria-expanded=\"true\" role=\"tab\" tabindex=\"0\">\t\t\t\tPartager l&#8217;expertise canadienne pour un d\u00e9veloppement inclusif et de qualit\u00e9\t\t\t<\/a>\n\t\t\t\t\t<a href=\"#\" id=\"fl-tabs--label-1\" data-index=\"1\" aria-selected=\"false\" aria-controls=\"fl-tabs--panel-1\" aria-expanded=\"false\" role=\"tab\" tabindex=\"0\">\t\t\t\tTransformer la pauvret\u00e9 par l&#8217;\u00e9galit\u00e9 des sexes\t\t\t<\/a>\n\t\t\t\tPartager l&#8217;expertise canadienne pour un d\u00e9veloppement inclusif et de qualit\u00e9\n                                        <img decoding=\"async\" src=\"https:\/\/cusointernational.org\/wp-content\/uploads\/drc-project-share.webp\" alt=\"In a lush green setting, a smiling woman carries a large bowl on her head, alongside another with a blue container in the DRC.\"\/>                    <h3>SHARE (Partager l&#8217;expertise canadienne pour un d\u00e9veloppement inclusif et de qualit\u00e9)<\/h3><p>Lanc\u00e9 en 2020 pour une dur\u00e9e de 8 ans, ce programme offre une assistance technique aux partenaires locaux dans 10 pays d&#8217;Afrique et d&#8217;Am\u00e9rique latine. Il vise \u00e0 promouvoir l&#8217;\u00e9galit\u00e9 des genres, \u00e0 augmenter l&#8217;acc\u00e8s aux opportunit\u00e9s \u00e9conomiques et \u00e0 renforcer les r\u00e9seaux pour une inclusion sociale accrue.<\/p>\n\t\t\t\t\t\t\t\t<a href=\"https:\/\/cusointernational.org\/fr\/partage-du-savoir-faire-canadien-pour-un-developpement-inclusif-et-legalite-entre-les-sexes-programme-share\/\" target=\"_self\">\n\t\t\t\t\t\t\t\t\tEN SAVOIR PLUS\n\t\t\t\t\t\t\t\t<\/a>\n\t\t\t\tTransformer la pauvret\u00e9 par l&#8217;\u00e9galit\u00e9 des sexes\n                                        <img decoding=\"async\" src=\"https:\/\/cusointernational.org\/wp-content\/uploads\/drc-project-tlents-pluriels.webp\" alt=\"At an indoor event, two women pose near vibrant fabric displays, promoting Cuso International in the DRC.\"\/>                    <h3>Talent Pluriels<\/h3><p><a href=\"https:\/\/www.cusointernational-talentspluriels.org\/\" target=\"_blank\" rel=\"noopener\">Ce projet novateur<\/a>, le premier de son genre dans le pays, vise \u00e0 r\u00e9duire la pauvret\u00e9 en int\u00e9grant une analyse approfondie des in\u00e9galit\u00e9s de genre pour s&#8217;attaquer aux disparit\u00e9s sociales \u00e0 l&#8217;origine de ce d\u00e9s\u00e9quilibre \u00e9conomique. Il engage plus de quatre minist\u00e8res gouvernementaux, et ce, malgr\u00e9 un contexte \u00e0 la fois complexe et exigeant.<\/p>\n\t\t\t\t\t\t\t\t<a href=\"https:\/\/cusointernational.org\/fr\/talents-pluriels\/\" target=\"_self\">\n\t\t\t\t\t\t\t\t\tEN SAVOIR PLUS\n\t\t\t\t\t\t\t\t<\/a>\n<h2>\n\t\tPartenariat pour un monde durable et inclusif\n\t<\/h2>\n\t<p>Avec nos partenaires, nous r\u00e9solvons des probl\u00e8mes, nous cr\u00e9ons des solutions et nous construisons un monde plus prosp\u00e8re et plus inclusif pour tous.<\/p>\n<h2>\n\t\tLes voix du changement en RDC\n\t<\/h2>\n\t<p>Rencontrez les personnes qui ont eu l&#8217;opportunit\u00e9 de vivre l&#8217;impact de Cuso en R\u00e9publique d\u00e9mocratique du Congo.<\/p>\n\t\t\t<a href=\"https:\/\/cusointernational.org\/fr\/recits\/\" target=\"_self\">\n\t\t\t\t\t\t\tVOIR PLUS DE R\u00c9CITS\n\t\t\t\t\t<\/a>\n\t\t\t\t<img loading=\"lazy\" decoding=\"async\" src=\"https:\/\/cusointernational.org\/wp-content\/uploads\/cuso-testimonial-Olivier.webp\" alt=\"Person in black and white dress, standing with crutches in front of a leafy green backdrop, representing Cuso International.\" itemprop=\"image\" height=\"700\" width=\"700\" title=\"cuso-testimonial-Olivier\" onerror=\"this.style.display='none'\"  \/>\n\t<blockquote><p>\u00ab Les r\u00e9sultats obtenus apr\u00e8s la formation me fait reconna\u00eetre que les jeunes entrepreneurs LGBTQ+ sont soutenus dans leurs talents \u00e0 Bukavu \u00bb.<\/p><\/blockquote>\n<p>&#8211; Olivier SHUKURU<\/p>\n\t\t\t\t<img loading=\"lazy\" decoding=\"async\" src=\"https:\/\/cusointernational.org\/wp-content\/uploads\/drc-testimonial-SAFI-MUBENGWA-Gentille.webp\" alt=\"A man sewing with a Cuso International machine, surrounded by vibrant fabrics and spools of thread in DRC.\" itemprop=\"image\" height=\"700\" width=\"700\" title=\"drc-testimonial-SAFI MUBENGWA Gentille\" onerror=\"this.style.display='none'\"  \/>\n\t<blockquote><p> \u00ab Ce qui m&#8217;a fort persuad\u00e9e, c&#8217;est que Cuso m&#8217;a donn\u00e9 la possibilit\u00e9 d&#8217;\u00eatre parmi les autres sans tenir compte de ma situation d&#8217;handicap \u00bb.<\/p><\/blockquote>\n<p>&#8211; SAFI MUBENGWA Gentille<\/p>\n\t\t\t\t<img loading=\"lazy\" decoding=\"async\" src=\"https:\/\/cusointernational.org\/wp-content\/uploads\/drc-testimonial-NAKISS.webp\" alt=\"A person holding a large check smiles on stage with Cuso International banners visible.\" itemprop=\"image\" height=\"700\" width=\"700\" title=\"drc-testimonial-NAKISS\" onerror=\"this.style.display='none'\"  \/>\n\t<blockquote><p>\u00ab Je suis infiniment reconnaissant envers Talent Pluriel et esp\u00e8re pouvoir continuer \u00e0 faire une diff\u00e9rence positive dans la vie des autres, tout comme le projet l&#8217;a fait pour moi. \u00bb<\/p><\/blockquote>\n<p>&#8211; NAKISS<\/p>\n\t\t\t\t<img loading=\"lazy\" decoding=\"async\" src=\"https:\/\/cusointernational.org\/wp-content\/uploads\/drc-testimonial-Noella-Bopima.webp\" alt=\"Woman in red headwrap and top, smiling slightly, sitting in a car, supporting Cuso International DRC.\" itemprop=\"image\" height=\"700\" width=\"700\" title=\"drc-testimonial-Noe\u0308lla Bopima\" onerror=\"this.style.display='none'\"  \/>\n\t<blockquote><p>\u00ab Je tiens \u00e0 exprimer ma profonde gratitude envers Cuso International et ses bailleurs de fonds pour m&#8217;avoir offert l&#8217;opportunit\u00e9 de participer au projet Talents Pluriels et de r\u00e9aliser mon stage avec RDCED. Ce stage a \u00e9t\u00e9 une exp\u00e9rience enrichissante qui a ouvert de nombreuses portes pour ma carri\u00e8re professionnelle. \u00bb<\/p><\/blockquote>\n<p>&#8211; No\u00eblla Bopima<\/p>\n\t\t\t\t<img loading=\"lazy\" decoding=\"async\" src=\"https:\/\/cusointernational.org\/wp-content\/uploads\/drc-force-for-good.webp\" alt=\"A diverse group poses outside a building, smiling and holding flags from Cuso International and DRC.\" itemprop=\"image\" height=\"1200\" width=\"1800\" title=\"drc-force-for-good\" onerror=\"this.style.display='none'\"  \/>\n<h2>\n\t\tSoyez une force pour le bien\n\t<\/h2>\n\t<p>Soutenez la prochaine vague de solutions locales pour acc\u00e9l\u00e9rer l&#8217;\u00e9galit\u00e9 des genres, l&#8217;action climatique et la r\u00e9silience \u00e9conomique en R\u00e9publique d\u00e9mocratique du Congo.<\/p>\n\t\t\t<a href=\"https:\/\/cusointernational.org\/fr\/faire-un-don\/\" target=\"_self\">\n\t\t\t\t\t\tDONNEZ AUJOURD&#8217;HUI !\n\t\t\t\t\t<\/a>\n\t<p>Votre don sera jumel\u00e9 six fois par Affaires mondiales Canada.<\/p>\n<h2>\n\t\tPassez \u00e0 l&#8217;\u00e9tape suivante !\n\t<\/h2>\n\t\t\t\t<img loading=\"lazy\" decoding=\"async\" src=\"https:\/\/cusointernational.org\/wp-content\/uploads\/icon-donate-lecagy.svg\" alt=\"Scroll and heart icon\" itemprop=\"image\" height=\"112\" width=\"112\" title=\"icon-donate-lecagy\" onerror=\"this.style.display='none'\"  \/>\n<h3>\n\t\tD\u00e9couvrez les histoires de la RDC\n\t<\/h3>\n\t<p>Des personnes r\u00e9elles. Des histoires authentiques. D\u00e9couvrez comment des vies ont \u00e9t\u00e9 transform\u00e9es alors que nous \u0153uvrons pour un avenir sans pauvret\u00e9 ni in\u00e9galit\u00e9s.<\/p>\n\t\t\t<a href=\"https:\/\/cusointernational.org\/fr\/recits\/?search=democratic+republic+of+congo\" target=\"_self\">\n\t\t\t\t\t\t\tVOIR D&#8217;HISTOIRES\n\t\t\t\t\t<\/a>\n\t\t\t\t<img loading=\"lazy\" decoding=\"async\" src=\"https:\/\/cusointernational.org\/wp-content\/uploads\/globe_icon.svg\" alt=\"Globe icon\" itemprop=\"image\" height=\"112\" width=\"112\" title=\"globe_icon\" onerror=\"this.style.display='none'\"  \/>\n<h3>\n\t\tVolontaire en RDC\n\t<\/h3>\n\t<p>Le b\u00e9n\u00e9volat est au c\u0153ur de l&#8217;impact mondial de Cuso International. Rejoignez-nous pour faire une r\u00e9elle diff\u00e9rence en R\u00e9publique d\u00e9mocratique du Congo.<\/p>\n\t\t\t<a href=\"https:\/\/cusointernational.org\/fr\/passez-a-laction\/volontaire\/cooperation-volontaire\/\" target=\"_self\">\n\t\t\t\t\t\t\tVOIR LES OPPORTUNIT\u00c9S\n\t\t\t\t\t<\/a>\n\t\t\t\t<img loading=\"lazy\" decoding=\"async\" src=\"https:\/\/cusointernational.org\/wp-content\/uploads\/icon-about-respect.svg\" alt=\"Eye icon\" itemprop=\"image\" height=\"112\" width=\"112\" title=\"icon-about-respect\" onerror=\"this.style.display='none'\"  \/>\n<h3>\n\t\tEn savoir plus sur notre travail\n\t<\/h3>\n\t<p>Avec nos partenaires, nous r\u00e9solvons des probl\u00e8mes, nous cr\u00e9ons des solutions et nous construisons un monde plus prosp\u00e8re et plus inclusif pour tous.<\/p>\n\t\t\t<a href=\"https:\/\/cusointernational.org\/fr\/notre-travail-en-un-coup-doeil\/\" target=\"_self\">\n\t\t\t\t\t\t\tCOMMENCER \u00c0 EXPLORER\n\t\t\t\t\t<\/a>\n\n","protected":false},"excerpt":{"rendered":"<p>\u00c0 la loupe : les projetsR\u00e9publique d\u00e9mocratique du Congo De la promotion de l&#8217;\u00e9galit\u00e9 des genres et de l&#8217;inclusion sociale au renforcement de la r\u00e9silience \u00e9conomique et \u00e0 l&#8217;avancement de l&#8217;action climatique, d\u00e9couvrez notre travail en R\u00e9publique d\u00e9mocratique du Congo. L&#8217;effet Cuso 3,014 Gr\u00e2ce \u00e0 notre projet Talents Pluriels, 3014 jeunes ont \u00e9t\u00e9 form\u00e9s en&hellip;<\/p>\n","protected":false},"author":6,"featured_media":47754,"parent":48331,"menu_order":0,"comment_status":"closed","ping_status":"closed","template":"","meta":{"_acf_changed":false,"footnotes":""},"tags":[],"class_list":["post-48390","page","type-page","status-publish","has-post-thumbnail","hentry"],"acf":[],"yoast_head":"<!-- This site is optimized with the Yoast SEO plugin v27.4 - https:\/\/yoast.com\/product\/yoast-seo-wordpress\/ -->\n<title>R\u00e9publique d\u00e9mocratique du Congo - Cuso International<\/title>\n<meta name=\"description\" content=\"D\u00e9couvrez notre travail en R\u00e9publique d\u00e9mocratique du Congo.\" \/>\n<meta name=\"robots\" content=\"index, nofollow, max-snippet:-1, max-image-preview:large, max-video-preview:-1\" \/>\n<link rel=\"canonical\" href=\"https:\/\/cusointernational.org\/fr\/travail\/regions-desservies\/republique-democratique-du-congo\/\" \/>\n<meta property=\"og:locale\" content=\"fr_FR\" \/>\n<meta property=\"og:type\" content=\"article\" \/>\n<meta property=\"og:title\" content=\"R\u00e9publique d\u00e9mocratique du Congo - Cuso International\" \/>\n<meta property=\"og:description\" content=\"D\u00e9couvrez notre travail en R\u00e9publique d\u00e9mocratique du Congo.\" \/>\n<meta property=\"og:url\" content=\"https:\/\/cusointernational.org\/fr\/travail\/regions-desservies\/republique-democratique-du-congo\/\" \/>\n<meta property=\"og:site_name\" content=\"Cuso International\" \/>\n<meta property=\"article:modified_time\" content=\"2025-03-06T20:00:47+00:00\" \/>\n<meta property=\"og:image\" content=\"https:\/\/cusointernational.org\/wp-content\/uploads\/drc-hero.webp\" \/>\n\t<meta property=\"og:image:width\" content=\"1800\" \/>\n\t<meta property=\"og:image:height\" content=\"1200\" \/>\n\t<meta property=\"og:image:type\" content=\"image\/webp\" \/>\n<meta name=\"twitter:card\" content=\"summary_large_image\" \/>\n<meta name=\"twitter:label1\" content=\"Dur\u00e9e de lecture estim\u00e9e\" \/>\n\t<meta name=\"twitter:data1\" content=\"5 minutes\" \/>\n<script type=\"application\/ld+json\" class=\"yoast-schema-graph\">{\"@context\":\"https:\\\/\\\/schema.org\",\"@graph\":[{\"@type\":\"WebPage\",\"@id\":\"https:\\\/\\\/cusointernational.org\\\/fr\\\/travail\\\/regions-desservies\\\/republique-democratique-du-congo\\\/\",\"url\":\"https:\\\/\\\/cusointernational.org\\\/fr\\\/travail\\\/regions-desservies\\\/republique-democratique-du-congo\\\/\",\"name\":\"R\u00e9publique d\u00e9mocratique du Congo - Cuso International\",\"isPartOf\":{\"@id\":\"https:\\\/\\\/cusointernational.org\\\/fr\\\/#website\"},\"primaryImageOfPage\":{\"@id\":\"https:\\\/\\\/cusointernational.org\\\/fr\\\/travail\\\/regions-desservies\\\/republique-democratique-du-congo\\\/#primaryimage\"},\"image\":{\"@id\":\"https:\\\/\\\/cusointernational.org\\\/fr\\\/travail\\\/regions-desservies\\\/republique-democratique-du-congo\\\/#primaryimage\"},\"thumbnailUrl\":\"https:\\\/\\\/cusointernational.org\\\/wp-content\\\/uploads\\\/drc-hero.webp\",\"datePublished\":\"2024-12-29T00:24:37+00:00\",\"dateModified\":\"2025-03-06T20:00:47+00:00\",\"description\":\"D\u00e9couvrez notre travail en R\u00e9publique d\u00e9mocratique du Congo.\",\"breadcrumb\":{\"@id\":\"https:\\\/\\\/cusointernational.org\\\/fr\\\/travail\\\/regions-desservies\\\/republique-democratique-du-congo\\\/#breadcrumb\"},\"inLanguage\":\"fr-FR\",\"potentialAction\":[{\"@type\":\"ReadAction\",\"target\":[\"https:\\\/\\\/cusointernational.org\\\/fr\\\/travail\\\/regions-desservies\\\/republique-democratique-du-congo\\\/\"]}]},{\"@type\":\"ImageObject\",\"inLanguage\":\"fr-FR\",\"@id\":\"https:\\\/\\\/cusointernational.org\\\/fr\\\/travail\\\/regions-desservies\\\/republique-democratique-du-congo\\\/#primaryimage\",\"url\":\"https:\\\/\\\/cusointernational.org\\\/wp-content\\\/uploads\\\/drc-hero.webp\",\"contentUrl\":\"https:\\\/\\\/cusointernational.org\\\/wp-content\\\/uploads\\\/drc-hero.webp\",\"width\":1800,\"height\":1200,\"caption\":\"Cuso International DRC\"},{\"@type\":\"BreadcrumbList\",\"@id\":\"https:\\\/\\\/cusointernational.org\\\/fr\\\/travail\\\/regions-desservies\\\/republique-democratique-du-congo\\\/#breadcrumb\",\"itemListElement\":[{\"@type\":\"ListItem\",\"position\":1,\"name\":\"Home\",\"item\":\"https:\\\/\\\/cusointernational.org\\\/fr\\\/\"},{\"@type\":\"ListItem\",\"position\":2,\"name\":\"Notre Travail\",\"item\":\"https:\\\/\\\/cusointernational.org\\\/fr\\\/travail\\\/\"},{\"@type\":\"ListItem\",\"position\":3,\"name\":\"R\u00e9gions desservies\",\"item\":\"https:\\\/\\\/cusointernational.org\\\/fr\\\/work\\\/regions-we-serve\\\/\"},{\"@type\":\"ListItem\",\"position\":4,\"name\":\"R\u00e9publique d\u00e9mocratique du Congo\"}]},{\"@type\":\"WebSite\",\"@id\":\"https:\\\/\\\/cusointernational.org\\\/fr\\\/#website\",\"url\":\"https:\\\/\\\/cusointernational.org\\\/fr\\\/\",\"name\":\"Cuso International\",\"description\":\"Connecting communities around the world with skilled Canadians to help end poverty\",\"potentialAction\":[{\"@type\":\"SearchAction\",\"target\":{\"@type\":\"EntryPoint\",\"urlTemplate\":\"https:\\\/\\\/cusointernational.org\\\/fr\\\/?s={search_term_string}\"},\"query-input\":{\"@type\":\"PropertyValueSpecification\",\"valueRequired\":true,\"valueName\":\"search_term_string\"}}],\"inLanguage\":\"fr-FR\"}]}<\/script>\n<!-- \/ Yoast SEO plugin. -->","yoast_head_json":{"title":"R\u00e9publique d\u00e9mocratique du Congo - Cuso International","description":"D\u00e9couvrez notre travail en R\u00e9publique d\u00e9mocratique du Congo.","robots":{"index":"index","follow":"nofollow","max-snippet":"max-snippet:-1","max-image-preview":"max-image-preview:large","max-video-preview":"max-video-preview:-1"},"canonical":"https:\/\/cusointernational.org\/fr\/travail\/regions-desservies\/republique-democratique-du-congo\/","og_locale":"fr_FR","og_type":"article","og_title":"R\u00e9publique d\u00e9mocratique du Congo - Cuso International","og_description":"D\u00e9couvrez notre travail en R\u00e9publique d\u00e9mocratique du Congo.","og_url":"https:\/\/cusointernational.org\/fr\/travail\/regions-desservies\/republique-democratique-du-congo\/","og_site_name":"Cuso International","article_modified_time":"2025-03-06T20:00:47+00:00","og_image":[{"width":1800,"height":1200,"url":"https:\/\/cusointernational.org\/wp-content\/uploads\/drc-hero.webp","type":"image\/webp"}],"twitter_card":"summary_large_image","twitter_misc":{"Dur\u00e9e de lecture estim\u00e9e":"5 minutes"},"schema":{"@context":"https:\/\/schema.org","@graph":[{"@type":"WebPage","@id":"https:\/\/cusointernational.org\/fr\/travail\/regions-desservies\/republique-democratique-du-congo\/","url":"https:\/\/cusointernational.org\/fr\/travail\/regions-desservies\/republique-democratique-du-congo\/","name":"R\u00e9publique d\u00e9mocratique du Congo - Cuso International","isPartOf":{"@id":"https:\/\/cusointernational.org\/fr\/#website"},"primaryImageOfPage":{"@id":"https:\/\/cusointernational.org\/fr\/travail\/regions-desservies\/republique-democratique-du-congo\/#primaryimage"},"image":{"@id":"https:\/\/cusointernational.org\/fr\/travail\/regions-desservies\/republique-democratique-du-congo\/#primaryimage"},"thumbnailUrl":"https:\/\/cusointernational.org\/wp-content\/uploads\/drc-hero.webp","datePublished":"2024-12-29T00:24:37+00:00","dateModified":"2025-03-06T20:00:47+00:00","description":"D\u00e9couvrez notre travail en R\u00e9publique d\u00e9mocratique du Congo.","breadcrumb":{"@id":"https:\/\/cusointernational.org\/fr\/travail\/regions-desservies\/republique-democratique-du-congo\/#breadcrumb"},"inLanguage":"fr-FR","potentialAction":[{"@type":"ReadAction","target":["https:\/\/cusointernational.org\/fr\/travail\/regions-desservies\/republique-democratique-du-congo\/"]}]},{"@type":"ImageObject","inLanguage":"fr-FR","@id":"https:\/\/cusointernational.org\/fr\/travail\/regions-desservies\/republique-democratique-du-congo\/#primaryimage","url":"https:\/\/cusointernational.org\/wp-content\/uploads\/drc-hero.webp","contentUrl":"https:\/\/cusointernational.org\/wp-content\/uploads\/drc-hero.webp","width":1800,"height":1200,"caption":"Cuso International DRC"},{"@type":"BreadcrumbList","@id":"https:\/\/cusointernational.org\/fr\/travail\/regions-desservies\/republique-democratique-du-congo\/#breadcrumb","itemListElement":[{"@type":"ListItem","position":1,"name":"Home","item":"https:\/\/cusointernational.org\/fr\/"},{"@type":"ListItem","position":2,"name":"Notre Travail","item":"https:\/\/cusointernational.org\/fr\/travail\/"},{"@type":"ListItem","position":3,"name":"R\u00e9gions desservies","item":"https:\/\/cusointernational.org\/fr\/work\/regions-we-serve\/"},{"@type":"ListItem","position":4,"name":"R\u00e9publique d\u00e9mocratique du Congo"}]},{"@type":"WebSite","@id":"https:\/\/cusointernational.org\/fr\/#website","url":"https:\/\/cusointernational.org\/fr\/","name":"Cuso International","description":"Connecting communities around the world with skilled Canadians to help end poverty","potentialAction":[{"@type":"SearchAction","target":{"@type":"EntryPoint","urlTemplate":"https:\/\/cusointernational.org\/fr\/?s={search_term_string}"},"query-input":{"@type":"PropertyValueSpecification","valueRequired":true,"valueName":"search_term_string"}}],"inLanguage":"fr-FR"}]}},"_links":{"self":[{"href":"https:\/\/cusointernational.org\/fr\/wp-json\/wp\/v2\/pages\/48390","targetHints":{"allow":["GET"]}}],"collection":[{"href":"https:\/\/cusointernational.org\/fr\/wp-json\/wp\/v2\/pages"}],"about":[{"href":"https:\/\/cusointernational.org\/fr\/wp-json\/wp\/v2\/types\/page"}],"author":[{"embeddable":true,"href":"https:\/\/cusointernational.org\/fr\/wp-json\/wp\/v2\/users\/6"}],"replies":[{"embeddable":true,"href":"https:\/\/cusointernational.org\/fr\/wp-json\/wp\/v2\/comments?post=48390"}],"version-history":[{"count":0,"href":"https:\/\/cusointernational.org\/fr\/wp-json\/wp\/v2\/pages\/48390\/revisions"}],"up":[{"embeddable":true,"href":"https:\/\/cusointernational.org\/fr\/wp-json\/wp\/v2\/pages\/48331"}],"wp:featuredmedia":[{"embeddable":true,"href":"https:\/\/cusointernational.org\/fr\/wp-json\/wp\/v2\/media\/47754"}],"wp:attachment":[{"href":"https:\/\/cusointernational.org\/fr\/wp-json\/wp\/v2\/media?parent=48390"}],"wp:term":[{"taxonomy":"post_tag","embeddable":true,"href":"https:\/\/cusointernational.org\/fr\/wp-json\/wp\/v2\/tags?post=48390"}],"curies":[{"name":"wp","href":"https:\/\/api.w.org\/{rel}","templated":true}]}}