{"id":48387,"date":"2024-12-28T19:23:04","date_gmt":"2024-12-29T00:23:04","guid":{"rendered":"https:\/\/cusointernational.org\/global-reach\/colombie\/"},"modified":"2025-05-09T09:48:11","modified_gmt":"2025-05-09T13:48:11","slug":"colombie","status":"publish","type":"page","link":"https:\/\/cusointernational.org\/fr\/travail\/regions-desservies\/colombie\/","title":{"rendered":"Colombie"},"content":{"rendered":"\n<h2>\n\t\t\u00c0 la loupe : les projets<br \/>Colombie\n\t<\/h2>\n\t<p><strong>Notre impact va au-del\u00e0 de l&#8217;emploi&#8230; Qu&#8217;il s&#8217;agisse de faire progresser l&#8217;\u00e9galit\u00e9 des sexes, de favoriser une croissance \u00e9conomique inclusive ou de b\u00e2tir des communaut\u00e9s r\u00e9silientes, d\u00e9couvrez notre travail en Colombie.<\/strong><\/p>\n<h2>\n\t\tL&#8217;effet Cuso\n\t<\/h2>\n\t\t\t\t<img loading=\"lazy\" decoding=\"async\" src=\"https:\/\/cusointernational.org\/wp-content\/uploads\/colombia-hero.webp\" alt=\"Colombia stats\" itemprop=\"image\" height=\"1200\" width=\"1800\" title=\"colombia-hero\" onerror=\"this.style.display='none'\"  \/>\n\t\t14,241\n\t\t\t\t\t14 241 participants ont \u00e9t\u00e9 mis en relation avec un emploi formel \n\t\t22,030\n\t\t\t\t\tLes participants ont re\u00e7u une formation sur les comp\u00e9tences non techniques, une formation compl\u00e9mentaire ou une formation sur les petites entreprises\n\t\t1,698\n\t\t\t\t\trenforcement des petits entrepreneurs\n\t\t28,405\n\t\t\t\t\tb\u00e9n\u00e9ficiaires directs, dont 23 710 femmes.\n\t\t\t<a href=\"https:\/\/cusointernational.org\/wp-content\/uploads\/Cuso-Colombie.pdf\" target=\"_blank\" rel=\"noopener\">\n\t\t\t\t\t\t\tCuso en Colombie\n\t\t\t\t\t<\/a>\n<h2>\n\t\tDes solutions locales\n\t<\/h2>\n\t<p>Nous savons que les solutions universelles appartiennent au pass\u00e9, ce qui nous pousse \u00e0 soutenir des solutions hyperlocales con\u00e7ues par et pour les habitants, les sp\u00e9cificit\u00e9s locales et l&#8217;\u00e9conomie de la Colombie.<\/p>\n\t\t\t\t\t<a href=\"#\" id=\"fl-tabs--label-0\" data-index=\"0\" aria-selected=\"true\" aria-controls=\"fl-tabs--panel-0\" aria-expanded=\"true\" role=\"tab\" tabindex=\"0\">\t\t\t\tRenforcer la r\u00e9silience \u00e9conomique des communaut\u00e9s vuln\u00e9rables\t\t\t<\/a>\n\t\t\t\t\t<a href=\"#\" id=\"fl-tabs--label-1\" data-index=\"1\" aria-selected=\"false\" aria-controls=\"fl-tabs--panel-1\" aria-expanded=\"false\" role=\"tab\" tabindex=\"0\">\t\t\t\tSoutenir les femmes, les jeunes et les victimes de conflits\t\t\t<\/a>\n\t\t\t\t\t<a href=\"#\" id=\"fl-tabs--label-2\" data-index=\"2\" aria-selected=\"false\" aria-controls=\"fl-tabs--panel-2\" aria-expanded=\"false\" role=\"tab\" tabindex=\"0\">\t\t\t\tFormation et emploi pour les migrants v\u00e9n\u00e9zu\u00e9liens\t\t\t<\/a>\n\t\t\t\t\t<a href=\"#\" id=\"fl-tabs--label-3\" data-index=\"3\" aria-selected=\"false\" aria-controls=\"fl-tabs--panel-3\" aria-expanded=\"false\" role=\"tab\" tabindex=\"0\">\t\t\t\tProgramme de volontariat Renforcement des capacit\u00e9s organisationnelles locales\t\t\t<\/a>\n\t\t\t\tRenforcer la r\u00e9silience \u00e9conomique des communaut\u00e9s vuln\u00e9rables\n                                        <img decoding=\"async\" src=\"https:\/\/cusointernational.org\/wp-content\/uploads\/colombia-project-vencit.webp\" alt=\"Smiling woman in a black off-shoulder top stands outside, embraced by green foliage in Colombia.\"\/>                    <h3>VENSIT<\/h3><p>Au cours des cinq premi\u00e8res phases de mise en \u0153uvre du projet, 554 participants ont \u00e9t\u00e9 int\u00e9gr\u00e9s \u00e0 un emploi formel, dont 60,5 % \u00e9taient des femmes et 66,4 % des migrants v\u00e9n\u00e9zu\u00e9liens (56 % de femmes).<\/p>\n<p>De plus, 475 participants ont re\u00e7u des certificats de formation compl\u00e9mentaire ou socio-professionnelle.<\/p>\n<p>Dans la phase VI de mise en \u0153uvre, au 15 septembre 2024, 94 participants ont \u00e9t\u00e9 int\u00e9gr\u00e9s \u00e0 un emploi formel, dont 53,2 % sont des femmes et 41,5 % des migrants v\u00e9n\u00e9zu\u00e9liens (46,2 % de femmes).<\/p>\n<p>Au total, 453 participants ont b\u00e9n\u00e9fici\u00e9 d&#8217;orientations professionnelles, de coaching, de formations compl\u00e9mentaires socio-professionnelles ou de formations pour petites entreprises ; parmi eux, 67 participants ont suivi une formation compl\u00e9mentaire socio-professionnelle.<\/p>\n<p>20 petites entreprises individuelles et 4 petites entreprises collectives ont \u00e9t\u00e9 identifi\u00e9es et accompagn\u00e9es pour renforcer leurs activit\u00e9s.<\/p>\n\t\t\t\tSoutenir les femmes, les jeunes et les victimes de conflits\n                                        <img decoding=\"async\" src=\"https:\/\/cusointernational.org\/wp-content\/uploads\/colombia-project-scope.webp\" alt=\"Smiling worker in a white uniform and yellow ear protection at the Cuso International Colombia chocolate factory.\"\/>                    <h3>SCOPE<\/h3><p>Gr\u00e2ce au projet <a href=\"https:\/\/empleosparaconstruirfuturo.org\/\" target=\"_blank\" rel=\"noopener\">Empleos para Construir Futuro<\/a>, nous avons aid\u00e9 davantage de femmes, de jeunes, de victimes du conflit arm\u00e9 et de migrants \u00e0 acc\u00e9der \u00e0 <a href=\"https:\/\/www.youtube.com\/watch?v=PUd5qwC-egM\" target=\"_blank\" rel=\"noopener\">l&#8217;emploi et \u00e0 des opportunit\u00e9s entrepreneuriales<\/a>.<\/p>\n\t\t\t\t\t\t\t\t<a href=\"https:\/\/cusointernational.org\/fr\/programme-colombien-de-possibilites-de-consolidation-de-la-paix-et-demplois-durables-programme-scope\/\" target=\"_self\">\n\t\t\t\t\t\t\t\t\tEN SAVOIR PLUS\n\t\t\t\t\t\t\t\t<\/a>\n\t\t\t\tFormation et emploi pour les migrants v\u00e9n\u00e9zu\u00e9liens\n                                        <img decoding=\"async\" src=\"https:\/\/cusointernational.org\/wp-content\/uploads\/colombia-project-Luis-Marino-Santacruz.webp\" alt=\"Person smiling, holding a bag on a balcony in Colombia with cityscape and mountains, working with Cuso International.\"\/>                    <h3>CARIS<\/h3><p>\u00c0 l&#8217;issue du projet, un total de 112 participants ont suivi une formation en comp\u00e9tences douces ou compl\u00e9mentaires, dont 48 ont b\u00e9n\u00e9fici\u00e9 d&#8217;une formation compl\u00e9mentaire certifi\u00e9e.<\/p>\n<p>En tout, 37 participants ont acc\u00e9d\u00e9 \u00e0 un emploi formel, dont 51,4 % \u00e9taient des femmes et 91,9 % des migrants v\u00e9n\u00e9zu\u00e9liens (52,9 % de femmes).<\/p>\n\t\t\t\tProgramme de volontariat Renforcement des capacit\u00e9s organisationnelles locales\n                                        <img decoding=\"async\" src=\"https:\/\/cusointernational.org\/wp-content\/uploads\/colombia-project-1.webp\" alt=\"Man in blue jacket and white hard hat smiling while operating a forklift for Cuso International in Colombia.\"\/>                    <h3>Partage de l&#8217;expertise canadienne pour le d\u00e9veloppement inclusif et l&#8217;\u00e9galit\u00e9 des sexes (SHARE)<\/h3><p>Le programme de b\u00e9n\u00e9volat collabore avec des partenaires issus de diff\u00e9rents secteurs dans le but de renforcer les capacit\u00e9s des organisations locales, gr\u00e2ce \u00e0 un \u00e9change de connaissances, d&#8217;exp\u00e9riences et de meilleures pratiques entre les b\u00e9n\u00e9voles et les organisations, afin de contribuer au d\u00e9veloppement durable des communaut\u00e9s.<\/p>\n\t\t\t\t\t\t\t\t<a href=\"https:\/\/cusointernational.org\/fr\/partage-du-savoir-faire-canadien-pour-un-developpement-inclusif-et-legalite-entre-les-sexes-programme-share\/\" target=\"_self\">\n\t\t\t\t\t\t\t\t\tEN SAVOIR PLUS\n\t\t\t\t\t\t\t\t<\/a>\n<h2>\n\t\tPartenariat pour un monde durable et inclusif\n\t<\/h2>\n\t<p>Avec nos partenaires, nous r\u00e9solvons des probl\u00e8mes, nous cr\u00e9ons des solutions et nous construisons un monde plus prosp\u00e8re et plus inclusif pour tous.<\/p>\n<h2>\n\t\tLes voix du changement en Colombie\n\t<\/h2>\n\t<p>D\u00e9couvrez les personnes qui ont eu la chance de vivre l&#8217;impact de Cuso en Colombie.<\/p>\n\t\t\t<a href=\"https:\/\/cusointernational.org\/fr\/recits\/\" target=\"_self\">\n\t\t\t\t\t\t\tVOIR PLUS DE R\u00c9CITS\n\t\t\t\t\t<\/a>\n\t\t\t\t<img loading=\"lazy\" decoding=\"async\" src=\"https:\/\/cusointernational.org\/wp-content\/uploads\/colombia-testimonial-Kimberly-Armas-.webp\" alt=\"A person smiles, seated on a brown chair, in a green Cuso International Colombia shirt with pink gloves, colorful background.\" itemprop=\"image\" height=\"700\" width=\"700\" title=\"colombia-testimonial-Kimberly Armas\" onerror=\"this.style.display='none'\"  \/>\n\t<blockquote><p>\u00ab Commencer mon entreprise en tant que migrant v\u00e9n\u00e9zu\u00e9lien pendant la pand\u00e9mie a \u00e9t\u00e9 une exp\u00e9rience bouleversante. Cela m&#8217;a profond\u00e9ment marqu\u00e9, mais m&#8217;a aussi rendu immens\u00e9ment reconnaissant pour tout le soutien technique et \u00e9motionnel que j&#8217;ai re\u00e7u. Ce soutien, combin\u00e9 \u00e0 la passion que je ressens pour l&#8217;art, m&#8217;a motiv\u00e9 \u00e0 ouvrir mon salon de coiffure, BerlyFlow. \u00bb<\/p><\/blockquote>\n&#8211; Kimberly Armas<br \/>\nParticipante au projet IXD de renforcement des entreprises &#8211; Cali, Valle del Cauca.\n\t\t\t\t<img loading=\"lazy\" decoding=\"async\" src=\"https:\/\/cusointernational.org\/wp-content\/uploads\/colombia-testimonial-Luis-Marino-Santacruz.webp\" alt=\"Smiling person in a white chef's coat, sitting indoors with a yellow backdrop and Cuso International signage visible.\" itemprop=\"image\" height=\"700\" width=\"700\" title=\"colombia-testimonial-Luis Marino Santacruz\" onerror=\"this.style.display='none'\"  \/>\n\t<blockquote><p>\u00ab Je suis n\u00e9 et j&#8217;ai grandi parmi les feuilles de tamale, j&#8217;ai \u00e9t\u00e9 envelopp\u00e9 par l&#8217;odeur du rago\u00fbt, j&#8217;ai compt\u00e9 le ma\u00efs dans les paumes de mes mains et ma th\u00e9i\u00e8re pleine de caf\u00e9&#8230; ma m\u00e8re a \u00e9t\u00e9 la source d&#8217;inspiration de mon entreprise \u00bb.<\/p><\/blockquote>\n<p>&#8211; Luis Marino Santacruz, Participant au projet IXD de renforcement des entreprises &#8211; Pasto, Nari\u00f1o.<\/p>\n\t\t\t\t<img loading=\"lazy\" decoding=\"async\" src=\"https:\/\/cusointernational.org\/wp-content\/uploads\/colombia-testimonial-Jennifer-Marcano.webp\" alt=\"A person with blue hair using a laptop, while a blurred Cuso International Colombia poster hangs in the background.\" itemprop=\"image\" height=\"700\" width=\"700\" title=\"colombia-testimonial-Jennifer Marcano\" onerror=\"this.style.display='none'\"  \/>\n\t<blockquote><p>\u00ab J&#8217;ai perdu des opportunit\u00e9s d&#8217;emploi en raison de mon apparence physique et de mon orientation sexuelle. C&#8217;est pourquoi il est important que les entreprises aient des politiques d&#8217;inclusion des migrants et des personnes LGTBI+, car nous sommes des personnes, des talents qui contribuent \u00e0 l&#8217;\u00e9quipe \u00bb.<\/p><\/blockquote>\n<p>&#8211; Jennifer Marcano, Participante au projet IXD &#8211; Company Listos -Cali, Valle del Cauca.<\/p>\n\t\t\t\t<img loading=\"lazy\" decoding=\"async\" src=\"https:\/\/cusointernational.org\/wp-content\/uploads\/colombia-testimonial-Diana-Marcelo-Ocoro.webp\" alt=\"Person in a white hard hat and blue shirt stands outside, representing Cuso International in Colombia.\" itemprop=\"image\" height=\"700\" width=\"700\" title=\"colombia-testimonial-Diana Marcelo Ocoro\" onerror=\"this.style.display='none'\"  \/>\n\t<blockquote><p>\u00ab Je suis une m\u00e8re c\u00e9libataire et gr\u00e2ce \u00e0 mon travail, j&#8217;ai pu \u00e9lever mes enfants, leur donner un toit, de la nourriture et une \u00e9ducation. Nous, les femmes, sommes dans une partie de l&#8217;usine et nous avons pu faire notre travail \u00bb.<\/p><\/blockquote>\n<p>&#8211; Diana Marcelo Ocor\u00f3, Participante au projet d&#8217;employabilit\u00e9 SCOPE &#8211; Dimel Cali, Valle del Cauca<\/p>\n\t\t\t\t<img loading=\"lazy\" decoding=\"async\" src=\"https:\/\/cusointernational.org\/wp-content\/uploads\/colombia-force-for-good.webp\" alt=\"A group smiling and posing outdoors in rural Colombia with Cuso International.\" itemprop=\"image\" height=\"1200\" width=\"1800\" title=\"colombia-force-for-good\" onerror=\"this.style.display='none'\"  \/>\n<h2>\n\t\tSoyez une force pour le bien\n\t<\/h2>\n\t<p>Soutenez la prochaine vague de solutions locales pour acc\u00e9l\u00e9rer l&#8217;\u00e9galit\u00e9 des genres, l&#8217;action climatique et la r\u00e9silience \u00e9conomique en Colombie.<\/p>\n\t\t\t<a href=\"https:\/\/cusointernational.org\/fr\/faire-un-don\/\" target=\"_self\">\n\t\t\t\t\t\tDONNEZ AUJOURD&#8217;HUI !\n\t\t\t\t\t<\/a>\n\t<p>Votre don sera jumel\u00e9 six fois par Affaires mondiales Canada.<\/p>\n<h2>\n\t\tPassez \u00e0 l&#8217;\u00e9tape suivante !\n\t<\/h2>\n\t\t\t\t<img loading=\"lazy\" decoding=\"async\" src=\"https:\/\/cusointernational.org\/wp-content\/uploads\/icon-donate-lecagy.svg\" alt=\"Scroll and heart icon\" itemprop=\"image\" height=\"112\" width=\"112\" title=\"icon-donate-lecagy\" onerror=\"this.style.display='none'\"  \/>\n<h3>\n\t\tD\u00e9couvrez les histoires de la Colombie\n\t<\/h3>\n\t<p>Des histoires vraies, des parcours authentiques. D\u00e9couvrez comment des vies ont \u00e9t\u00e9 transform\u00e9es tandis que nous b\u00e2tissons un avenir lib\u00e9r\u00e9 de la pauvret\u00e9 et des in\u00e9galit\u00e9s.<\/p>\n\t\t\t<a href=\"https:\/\/cusointernational.org\/fr\/recits\/?search=colombia\" target=\"_self\">\n\t\t\t\t\t\t\tVOIR D&#8217;HISTOIRES\n\t\t\t\t\t<\/a>\n\t\t\t\t<img loading=\"lazy\" decoding=\"async\" src=\"https:\/\/cusointernational.org\/wp-content\/uploads\/globe_icon.svg\" alt=\"Globe icon\" itemprop=\"image\" height=\"112\" width=\"112\" title=\"globe_icon\" onerror=\"this.style.display='none'\"  \/>\n<h3>\n\t\tVolontaire en Colombie\n\t<\/h3>\n\t<p>Le b\u00e9n\u00e9volat est au c\u0153ur de l&#8217;impact mondial de Cuso International. Rejoignez-nous pour faire une v\u00e9ritable diff\u00e9rence en Colombie.<\/p>\n\t\t\t<a href=\"https:\/\/cusointernational.org\/fr\/passez-a-laction\/volontaire\/cooperation-volontaire\/\" target=\"_self\">\n\t\t\t\t\t\t\tVOIR LES OPPORTUNIT\u00c9S\n\t\t\t\t\t<\/a>\n\t\t\t\t<img loading=\"lazy\" decoding=\"async\" src=\"https:\/\/cusointernational.org\/wp-content\/uploads\/icon-about-respect.svg\" alt=\"Eye icon\" itemprop=\"image\" height=\"112\" width=\"112\" title=\"icon-about-respect\" onerror=\"this.style.display='none'\"  \/>\n<h3>\n\t\tEn savoir plus sur notre travail\n\t<\/h3>\n\t<p>Avec nos partenaires, nous r\u00e9solvons des probl\u00e8mes, nous cr\u00e9ons des solutions et nous construisons un monde plus prosp\u00e8re et plus inclusif pour tous.<\/p>\n\t\t\t<a href=\"https:\/\/cusointernational.org\/fr\/notre-travail-en-un-coup-doeil\/\" target=\"_self\">\n\t\t\t\t\t\t\tCOMMENCER \u00c0 EXPLORER\n\t\t\t\t\t<\/a>\n\n","protected":false},"excerpt":{"rendered":"<p>\u00c0 la loupe : les projetsColombie Notre impact va au-del\u00e0 de l&#8217;emploi&#8230; Qu&#8217;il s&#8217;agisse de faire progresser l&#8217;\u00e9galit\u00e9 des sexes, de favoriser une croissance \u00e9conomique inclusive ou de b\u00e2tir des communaut\u00e9s r\u00e9silientes, d\u00e9couvrez notre travail en Colombie. L&#8217;effet Cuso 14,241 14 241 participants ont \u00e9t\u00e9 mis en relation avec un emploi formel 22,030 Les participants&hellip;<\/p>\n","protected":false},"author":6,"featured_media":48447,"parent":48331,"menu_order":0,"comment_status":"closed","ping_status":"closed","template":"","meta":{"_acf_changed":false,"footnotes":""},"tags":[],"class_list":["post-48387","page","type-page","status-publish","has-post-thumbnail","hentry"],"acf":[],"yoast_head":"<!-- This site is optimized with the Yoast SEO plugin v27.5 - https:\/\/yoast.com\/product\/yoast-seo-wordpress\/ -->\n<title>Colombie - Cuso International<\/title>\n<meta name=\"description\" content=\"D\u00e9couvrez notre travail en Colombie.\" \/>\n<meta name=\"robots\" content=\"index, nofollow, max-snippet:-1, max-image-preview:large, max-video-preview:-1\" \/>\n<link rel=\"canonical\" href=\"https:\/\/cusointernational.org\/fr\/travail\/regions-desservies\/colombie\/\" \/>\n<meta property=\"og:locale\" content=\"fr_FR\" \/>\n<meta property=\"og:type\" content=\"article\" \/>\n<meta property=\"og:title\" content=\"Colombie - Cuso International\" \/>\n<meta property=\"og:description\" content=\"D\u00e9couvrez notre travail en Colombie.\" \/>\n<meta property=\"og:url\" content=\"https:\/\/cusointernational.org\/fr\/travail\/regions-desservies\/colombie\/\" \/>\n<meta property=\"og:site_name\" content=\"Cuso International\" \/>\n<meta property=\"article:modified_time\" content=\"2025-05-09T13:48:11+00:00\" \/>\n<meta property=\"og:image\" content=\"https:\/\/cusointernational.org\/wp-content\/uploads\/Colombia-Cuso-International-768x512.png\" \/>\n\t<meta property=\"og:image:width\" content=\"768\" \/>\n\t<meta property=\"og:image:height\" content=\"512\" \/>\n\t<meta property=\"og:image:type\" content=\"image\/png\" \/>\n<meta name=\"twitter:card\" content=\"summary_large_image\" \/>\n<meta name=\"twitter:label1\" content=\"Dur\u00e9e de lecture estim\u00e9e\" \/>\n\t<meta name=\"twitter:data1\" content=\"6 minutes\" \/>\n<script type=\"application\/ld+json\" class=\"yoast-schema-graph\">{\"@context\":\"https:\\\/\\\/schema.org\",\"@graph\":[{\"@type\":\"WebPage\",\"@id\":\"https:\\\/\\\/cusointernational.org\\\/fr\\\/travail\\\/regions-desservies\\\/colombie\\\/\",\"url\":\"https:\\\/\\\/cusointernational.org\\\/fr\\\/travail\\\/regions-desservies\\\/colombie\\\/\",\"name\":\"Colombie - Cuso International\",\"isPartOf\":{\"@id\":\"https:\\\/\\\/cusointernational.org\\\/fr\\\/#website\"},\"primaryImageOfPage\":{\"@id\":\"https:\\\/\\\/cusointernational.org\\\/fr\\\/travail\\\/regions-desservies\\\/colombie\\\/#primaryimage\"},\"image\":{\"@id\":\"https:\\\/\\\/cusointernational.org\\\/fr\\\/travail\\\/regions-desservies\\\/colombie\\\/#primaryimage\"},\"thumbnailUrl\":\"https:\\\/\\\/cusointernational.org\\\/wp-content\\\/uploads\\\/Colombia-Cuso-International.png\",\"datePublished\":\"2024-12-29T00:23:04+00:00\",\"dateModified\":\"2025-05-09T13:48:11+00:00\",\"description\":\"D\u00e9couvrez notre travail en Colombie.\",\"breadcrumb\":{\"@id\":\"https:\\\/\\\/cusointernational.org\\\/fr\\\/travail\\\/regions-desservies\\\/colombie\\\/#breadcrumb\"},\"inLanguage\":\"fr-FR\",\"potentialAction\":[{\"@type\":\"ReadAction\",\"target\":[\"https:\\\/\\\/cusointernational.org\\\/fr\\\/travail\\\/regions-desservies\\\/colombie\\\/\"]}]},{\"@type\":\"ImageObject\",\"inLanguage\":\"fr-FR\",\"@id\":\"https:\\\/\\\/cusointernational.org\\\/fr\\\/travail\\\/regions-desservies\\\/colombie\\\/#primaryimage\",\"url\":\"https:\\\/\\\/cusointernational.org\\\/wp-content\\\/uploads\\\/Colombia-Cuso-International.png\",\"contentUrl\":\"https:\\\/\\\/cusointernational.org\\\/wp-content\\\/uploads\\\/Colombia-Cuso-International.png\",\"width\":1800,\"height\":1200,\"caption\":\"Colombia Cuso International\"},{\"@type\":\"BreadcrumbList\",\"@id\":\"https:\\\/\\\/cusointernational.org\\\/fr\\\/travail\\\/regions-desservies\\\/colombie\\\/#breadcrumb\",\"itemListElement\":[{\"@type\":\"ListItem\",\"position\":1,\"name\":\"Home\",\"item\":\"https:\\\/\\\/cusointernational.org\\\/fr\\\/\"},{\"@type\":\"ListItem\",\"position\":2,\"name\":\"Notre Travail\",\"item\":\"https:\\\/\\\/cusointernational.org\\\/fr\\\/travail\\\/\"},{\"@type\":\"ListItem\",\"position\":3,\"name\":\"R\u00e9gions desservies\",\"item\":\"https:\\\/\\\/cusointernational.org\\\/fr\\\/work\\\/regions-we-serve\\\/\"},{\"@type\":\"ListItem\",\"position\":4,\"name\":\"Colombie\"}]},{\"@type\":\"WebSite\",\"@id\":\"https:\\\/\\\/cusointernational.org\\\/fr\\\/#website\",\"url\":\"https:\\\/\\\/cusointernational.org\\\/fr\\\/\",\"name\":\"Cuso International\",\"description\":\"Connecting communities around the world with skilled Canadians to help end poverty\",\"potentialAction\":[{\"@type\":\"SearchAction\",\"target\":{\"@type\":\"EntryPoint\",\"urlTemplate\":\"https:\\\/\\\/cusointernational.org\\\/fr\\\/?s={search_term_string}\"},\"query-input\":{\"@type\":\"PropertyValueSpecification\",\"valueRequired\":true,\"valueName\":\"search_term_string\"}}],\"inLanguage\":\"fr-FR\"}]}<\/script>\n<!-- \/ Yoast SEO plugin. -->","yoast_head_json":{"title":"Colombie - Cuso International","description":"D\u00e9couvrez notre travail en Colombie.","robots":{"index":"index","follow":"nofollow","max-snippet":"max-snippet:-1","max-image-preview":"max-image-preview:large","max-video-preview":"max-video-preview:-1"},"canonical":"https:\/\/cusointernational.org\/fr\/travail\/regions-desservies\/colombie\/","og_locale":"fr_FR","og_type":"article","og_title":"Colombie - Cuso International","og_description":"D\u00e9couvrez notre travail en Colombie.","og_url":"https:\/\/cusointernational.org\/fr\/travail\/regions-desservies\/colombie\/","og_site_name":"Cuso International","article_modified_time":"2025-05-09T13:48:11+00:00","og_image":[{"width":768,"height":512,"url":"https:\/\/cusointernational.org\/wp-content\/uploads\/Colombia-Cuso-International-768x512.png","type":"image\/png"}],"twitter_card":"summary_large_image","twitter_misc":{"Dur\u00e9e de lecture estim\u00e9e":"6 minutes"},"schema":{"@context":"https:\/\/schema.org","@graph":[{"@type":"WebPage","@id":"https:\/\/cusointernational.org\/fr\/travail\/regions-desservies\/colombie\/","url":"https:\/\/cusointernational.org\/fr\/travail\/regions-desservies\/colombie\/","name":"Colombie - Cuso International","isPartOf":{"@id":"https:\/\/cusointernational.org\/fr\/#website"},"primaryImageOfPage":{"@id":"https:\/\/cusointernational.org\/fr\/travail\/regions-desservies\/colombie\/#primaryimage"},"image":{"@id":"https:\/\/cusointernational.org\/fr\/travail\/regions-desservies\/colombie\/#primaryimage"},"thumbnailUrl":"https:\/\/cusointernational.org\/wp-content\/uploads\/Colombia-Cuso-International.png","datePublished":"2024-12-29T00:23:04+00:00","dateModified":"2025-05-09T13:48:11+00:00","description":"D\u00e9couvrez notre travail en Colombie.","breadcrumb":{"@id":"https:\/\/cusointernational.org\/fr\/travail\/regions-desservies\/colombie\/#breadcrumb"},"inLanguage":"fr-FR","potentialAction":[{"@type":"ReadAction","target":["https:\/\/cusointernational.org\/fr\/travail\/regions-desservies\/colombie\/"]}]},{"@type":"ImageObject","inLanguage":"fr-FR","@id":"https:\/\/cusointernational.org\/fr\/travail\/regions-desservies\/colombie\/#primaryimage","url":"https:\/\/cusointernational.org\/wp-content\/uploads\/Colombia-Cuso-International.png","contentUrl":"https:\/\/cusointernational.org\/wp-content\/uploads\/Colombia-Cuso-International.png","width":1800,"height":1200,"caption":"Colombia Cuso International"},{"@type":"BreadcrumbList","@id":"https:\/\/cusointernational.org\/fr\/travail\/regions-desservies\/colombie\/#breadcrumb","itemListElement":[{"@type":"ListItem","position":1,"name":"Home","item":"https:\/\/cusointernational.org\/fr\/"},{"@type":"ListItem","position":2,"name":"Notre Travail","item":"https:\/\/cusointernational.org\/fr\/travail\/"},{"@type":"ListItem","position":3,"name":"R\u00e9gions desservies","item":"https:\/\/cusointernational.org\/fr\/work\/regions-we-serve\/"},{"@type":"ListItem","position":4,"name":"Colombie"}]},{"@type":"WebSite","@id":"https:\/\/cusointernational.org\/fr\/#website","url":"https:\/\/cusointernational.org\/fr\/","name":"Cuso International","description":"Connecting communities around the world with skilled Canadians to help end poverty","potentialAction":[{"@type":"SearchAction","target":{"@type":"EntryPoint","urlTemplate":"https:\/\/cusointernational.org\/fr\/?s={search_term_string}"},"query-input":{"@type":"PropertyValueSpecification","valueRequired":true,"valueName":"search_term_string"}}],"inLanguage":"fr-FR"}]}},"_links":{"self":[{"href":"https:\/\/cusointernational.org\/fr\/wp-json\/wp\/v2\/pages\/48387","targetHints":{"allow":["GET"]}}],"collection":[{"href":"https:\/\/cusointernational.org\/fr\/wp-json\/wp\/v2\/pages"}],"about":[{"href":"https:\/\/cusointernational.org\/fr\/wp-json\/wp\/v2\/types\/page"}],"author":[{"embeddable":true,"href":"https:\/\/cusointernational.org\/fr\/wp-json\/wp\/v2\/users\/6"}],"replies":[{"embeddable":true,"href":"https:\/\/cusointernational.org\/fr\/wp-json\/wp\/v2\/comments?post=48387"}],"version-history":[{"count":0,"href":"https:\/\/cusointernational.org\/fr\/wp-json\/wp\/v2\/pages\/48387\/revisions"}],"up":[{"embeddable":true,"href":"https:\/\/cusointernational.org\/fr\/wp-json\/wp\/v2\/pages\/48331"}],"wp:featuredmedia":[{"embeddable":true,"href":"https:\/\/cusointernational.org\/fr\/wp-json\/wp\/v2\/media\/48447"}],"wp:attachment":[{"href":"https:\/\/cusointernational.org\/fr\/wp-json\/wp\/v2\/media?parent=48387"}],"wp:term":[{"taxonomy":"post_tag","embeddable":true,"href":"https:\/\/cusointernational.org\/fr\/wp-json\/wp\/v2\/tags?post=48387"}],"curies":[{"name":"wp","href":"https:\/\/api.w.org\/{rel}","templated":true}]}}