{"id":48385,"date":"2024-12-28T19:16:29","date_gmt":"2024-12-29T00:16:29","guid":{"rendered":"https:\/\/cusointernational.org\/global-reach\/caraibes\/"},"modified":"2025-10-23T14:19:39","modified_gmt":"2025-10-23T18:19:39","slug":"caraibes","status":"publish","type":"page","link":"https:\/\/cusointernational.org\/fr\/travail\/regions-desservies\/caraibes\/","title":{"rendered":"Cara\u00efbes"},"content":{"rendered":"\n<h2>\n\t\t\tZoom sur le travail<br \/>Cara\u00efbes\t<\/h2>\n\t<p><strong>D\u00e9couvrez notre travail dans les Cara\u00efbes : de l&#8217;autonomisation des femmes et la promotion de l&#8217;\u00e9galit\u00e9 de genre \u00e0 la promotion de la durabilit\u00e9 et au renforcement de la r\u00e9silience des communaut\u00e9s.<\/strong><\/p>\n<h2>\n\t\t\tL&#8217;effet Cuso\t<\/h2>\n\t\t\t\t<img decoding=\"async\" src=\"https:\/\/cusointernational.org\/wp-content\/uploads\/caribbean-intro-stats.webp\" alt=\"Two people walking outdoors, one gesturing while talking, amid lush greenery in the Caribbean.\" itemprop=\"image\" height=\"700\" width=\"700\" title=\"caribbean-intro-stats\" onerror=\"this.style.display='none'\" loading=\"lazy\" \/>\n\t\t4\n\t\t\t\t\tL&#8217;initiative du changement avec 4 projets actifs \u00e0 travers la r\u00e9gion des Cara\u00efbes.\n\t\t14\n\t\t\t\t\tCollaborer avec 14 partenaires locaux pour cr\u00e9er un impact durable dans les Cara\u00efbes.\n\t\t\t<a href=\"https:\/\/cusointernational.org\/wp-content\/uploads\/Cuso-in-the-Caribbean.pdf\" target=\"_blank\" rel=\"noopener\">\n\t\t\t\t\t\t\t Cuso aux Cara\u00efbes\n\t\t\t\t\t<\/a>\n<h2>\n\t\t\tDes solutions locales\t<\/h2>\n\t<p>Sachant que les solutions universelles ne r\u00e9pondent plus aux d\u00e9fis actuels, nous soutenons des solutions hyper localis\u00e9es, cr\u00e9\u00e9es par et pour les personnes, les lieux et l&#8217;\u00e9conomie des Cara\u00efbes.<\/p>\n\t\t\t\t\t<a href=\"#\" id=\"fl-tabs--label-0\" data-index=\"0\" aria-selected=\"true\" aria-controls=\"fl-tabs--panel-0\" aria-expanded=\"true\" role=\"tab\" tabindex=\"0\">\t\t\t\tPartage de l&#8217;expertise canadienne pour un d\u00e9veloppement inclusif et l&#8217;\u00e9galit\u00e9 de genre\t\t\t<\/a>\n\t\t\t\t\t<a href=\"#\" id=\"fl-tabs--label-1\" data-index=\"1\" aria-selected=\"false\" aria-controls=\"fl-tabs--panel-1\" aria-expanded=\"false\" role=\"tab\" tabindex=\"0\">\t\t\t\tPlans d&#8217;action pour l&#8217;\u00e9galit\u00e9 entre les hommes et les femmes\t\t\t<\/a>\n\t\t\t\t\t<a href=\"#\" id=\"fl-tabs--label-2\" data-index=\"2\" aria-selected=\"false\" aria-controls=\"fl-tabs--panel-2\" aria-expanded=\"false\" role=\"tab\" tabindex=\"0\">\t\t\t\tOrganisations carib\u00e9ennes pour un environnement r\u00e9silient\t\t\t<\/a>\n\t\t\t\t\t<a href=\"#\" id=\"fl-tabs--label-3\" data-index=\"3\" aria-selected=\"false\" aria-controls=\"fl-tabs--panel-3\" aria-expanded=\"false\" role=\"tab\" tabindex=\"0\">\t\t\t\tConstruire des soci\u00e9t\u00e9s \u00e9quilibr\u00e9es, ax\u00e9es sur les droits, inclusives, coh\u00e9sives et fond\u00e9es sur la connaissance\t\t\t<\/a>\n\t\t\t\tPartage de l&#8217;expertise canadienne pour un d\u00e9veloppement inclusif et l&#8217;\u00e9galit\u00e9 de genre\n                                        <img decoding=\"async\" src=\"https:\/\/cusointernational.org\/wp-content\/uploads\/cuso-caribbean-code-queens-2025.webp\" alt=\"\"\/>                    <h3>Partage de l&#8217;expertise canadienne pour un d\u00e9veloppement inclusif et l&#8217;\u00e9galit\u00e9 de genre (SHARE)<\/h3><p>Depuis 2020, le programme SHARE est mis en \u0153uvre en Jama\u00efque pour promouvoir l&#8217;\u00e9galit\u00e9 de genre, am\u00e9liorer l&#8217;acc\u00e8s \u00e0 des opportunit\u00e9s \u00e9conomiques d\u00e9centes et renforcer les r\u00e9seaux qui soutiennent l&#8217;inclusion sociale et l&#8217;autonomisation de toutes les communaut\u00e9s.<\/p>\n\t\t\t\t\t\t\t\t<a href=\"https:\/\/cusointernational.org\/fr\/partage-du-savoir-faire-canadien-pour-un-developpement-inclusif-et-legalite-entre-les-sexes-programme-share\/\" target=\"_self\">\n\t\t\t\t\t\t\t\t\tEN SAVOIR PLUS\n\t\t\t\t\t\t\t\t<\/a>\n\t\t\t\tPlans d&#8217;action pour l&#8217;\u00e9galit\u00e9 entre les hommes et les femmes\n                                        <img decoding=\"async\" src=\"https:\/\/cusointernational.org\/wp-content\/uploads\/caribbean-project-blueprint.webp\" alt=\"Three women at a conference table in the Caribbean, smiling and engaged in discussion, with Cuso International notebooks.\"\/>                    <h3>BLUEPRINTS<\/h3><p>Fournir une assistance technique aux minist\u00e8res, d\u00e9partements et agences pour int\u00e9grer l&#8217;\u00e9galit\u00e9 entre les hommes et les femmes dans les programmes et services offerts aux groupes vuln\u00e9rables.<\/p>\n\t\t\t\t\t\t\t\t<a href=\"https:\/\/cusointernational.org\/fr\/blueprints\/\" target=\"_self\">\n\t\t\t\t\t\t\t\t\tEN SAVOIR PLUS\n\t\t\t\t\t\t\t\t<\/a>\n\t\t\t\tOrganisations carib\u00e9ennes pour un environnement r\u00e9silient\n                                        <img decoding=\"async\" src=\"https:\/\/cusointernational.org\/wp-content\/uploads\/caribbean-project-CORE.webp\" alt=\"Aerial view of colorful boats moored at a Caribbean dock in clear water.\"\/>                    <h3>Organisations carib\u00e9ennes pour un environnement r\u00e9silient (CORE)<\/h3><p>Fournir une assistance technique aux National Conservation Trusts dans 8 pays pour int\u00e9grer l&#8217;\u00e9galit\u00e9 de genre dans les initiatives climatiques et am\u00e9liorer leur programmation et leurs op\u00e9rations pour une protection et une gestion efficaces de l&#8217;environnement.<\/p>\n\t\t\t\tConstruire des soci\u00e9t\u00e9s \u00e9quilibr\u00e9es, ax\u00e9es sur les droits, inclusives, coh\u00e9sives et fond\u00e9es sur la connaissance\n                                        <img decoding=\"async\" src=\"https:\/\/cusointernational.org\/wp-content\/uploads\/caribbean-projects-building-bricks.webp\" alt=\"A hand holds a rainbow ribbon, symbolizing LGBTQ+ pride, against a blurred brick pavement in the Caribbean.\"\/>                    <h3>Construire des soci\u00e9t\u00e9s \u00e9quilibr\u00e9es, ax\u00e9es sur les droits, inclusives, coh\u00e9sives et fond\u00e9es sur la connaissance  (BRIQUES DE CONSTRUCTION) <\/h3><p>D\u00e9fendre les droits des personnes LGBTQIA+ afin d&#8217;am\u00e9liorer les exp\u00e9riences v\u00e9cues et d&#8217;\u00e9largir l&#8217;acc\u00e8s aux programmes et aux services dans les Cara\u00efbes.<\/p>\n<h2>\n\t\t\tPartenariat pour un monde durable et inclusif\t<\/h2>\n\t<p>Avec nos partenaires, nous r\u00e9solvons des probl\u00e8mes, nous cr\u00e9ons des solutions et nous construisons un monde plus prosp\u00e8re et plus inclusif pour tous.<\/p>\n<h2>\n\t\t\tLes voix du changement dans les Cara\u00efbes\t<\/h2>\n\t<p>D\u00e9couvrez celles et ceux qui ont eu l&#8217;opportunit\u00e9 de vivre l&#8217;effet Cuso dans les Cara\u00efbes.<\/p>\n<br \/>\n<br \/>\n\t\t\t<a href=\"https:\/\/cusointernational.org\/fr\/recits\/\" target=\"_self\">\n\t\t\t\t\t\t\tVOIR PLUS DE R\u00c9CITS\n\t\t\t\t\t<\/a>\n\t\t\t\t<img decoding=\"async\" src=\"https:\/\/cusointernational.org\/wp-content\/uploads\/caribbean-testimonial-Daveisha.webp\" alt=\"Two people in hats and casual clothes planting in a Caribbean garden, smiling for Cuso International.\" itemprop=\"image\" height=\"700\" width=\"700\" title=\"caribbean-testimonial-Daveisha\" onerror=\"this.style.display='none'\" loading=\"lazy\" \/>\n\t<blockquote><p>\u00ab Je suis plus confiant dans mes comp\u00e9tences. J&#8217;ai toujours aim\u00e9 l&#8217;agriculture, mais je ne savais pas quoi faire. Maintenant, je sais comment et quoi faire. Je me sens responsabilis\u00e9e et je suis enthousiaste \u00e0 propos de la vie \u00bb.<\/p><\/blockquote>\n<p>&#8211; Daveisha, Abilities Foundation<\/p>\n\t\t\t\t<img decoding=\"async\" src=\"https:\/\/cusointernational.org\/wp-content\/uploads\/caribbean-testimonial-Beyone-Buckley.webp\" alt=\"A smiling person with natural hair dons a floral shirt and a chin mask, inspired by Cuso International in the Caribbean.\" itemprop=\"image\" height=\"700\" width=\"700\" title=\"caribbean-testimonial-Beyone Buckley\" onerror=\"this.style.display='none'\" loading=\"lazy\" \/>\n\t<blockquote><p>\u00ab Lorsqu&#8217;ils ont des projets et que quelqu&#8217;un comme moi peut y participer, je me sens bien et j&#8217;ai l&#8217;impression qu&#8217;il y a quelque chose \u00e0 faire pour moi. Auparavant, je ne connaissais pas la s\u00e9curit\u00e9 alimentaire et l&#8217;agriculture d&#8217;arri\u00e8re-cour, et je devais d\u00e9pendre des autres pour me nourrir. Maintenant, j&#8217;ai une nouvelle comp\u00e9tence et je peux planter \u00e0 la maison et aider ma grand-m\u00e8re \u00bb.<\/p><\/blockquote>\n<p>&#8211; Beyone, Abilities Foundation<\/p>\n\t\t\t\t<img decoding=\"async\" src=\"https:\/\/cusointernational.org\/wp-content\/uploads\/cuso-caribbean-force-for-good-2025.webp\" alt=\"cuso-caribbean-force-for-good-2025\" itemprop=\"image\" height=\"1300\" width=\"2000\" title=\"cuso-caribbean-force-for-good-2025\" onerror=\"this.style.display='none'\" loading=\"lazy\" \/>\n<h2>\n\t\t\t\u00catre une force pour le bien\t<\/h2>\n\t<p>Soutenir la prochaine vague de solutions locales pour acc\u00e9l\u00e9rer l&#8217;\u00e9galit\u00e9 de genre, l&#8217;action climatique et la r\u00e9silience \u00e9conomique dans les Cara\u00efbes.<\/p>\n\t\t\t<a href=\"https:\/\/cusointernational.donorsupport.co\/page\/Give?_lang=fr&#038;_gl=1*1ufoggn*_gcl_au*MTgwNzQ5MjY0LjE3NTkxMDQyNTI.*_ga*MTgzNjI2NTExLjE3MjY2ODgzODY.*_ga_BJRG4CT2TM*czE3NjA1NzIwNDQkbzIwNCRnMSR0MTc2MDU3MzIwNCRqNTYkbDAkaDU3MjI3NTE2Ng..\" target=\"_self\">\n\t\t\t\t\t\tDONNEZ AUJOURD&#8217;HUI !\n\t\t\t\t\t<\/a>\n\t<p>Votre don sera jumel\u00e9 six fois par Affaires mondiales Canada.<\/p>\n<h2>\n\t\t\tPassez \u00e0 l&#8217;\u00e9tape suivante !\t<\/h2>\n\t\t\t\t<img decoding=\"async\" src=\"https:\/\/cusointernational.org\/wp-content\/uploads\/icon-donate-lecagy.svg\" alt=\"Scroll and heart icon\" itemprop=\"image\" height=\"112\" width=\"112\" title=\"icon-donate-lecagy\" onerror=\"this.style.display='none'\" loading=\"lazy\" \/>\n<h3>\n\t\t\tD\u00e9couvrez les histoires du Cara\u00efbes\t<\/h3>\n\t<p>Des \u00eatres authentiques. Des r\u00e9cits authentiques. D\u00e9couvrez les transformations survenues sur le terrain gr\u00e2ce \u00e0 notre lutte pour \u00e9liminer la pauvret\u00e9 et les in\u00e9galit\u00e9s.<\/p>\n\t\t\t<a href=\"https:\/\/cusointernational.org\/fr\/recits\/?search=jamaica\" target=\"_self\">\n\t\t\t\t\t\t\tVOIR D&#8217;HISTOIRES\n\t\t\t\t\t<\/a>\n\t\t\t\t<img decoding=\"async\" src=\"https:\/\/cusointernational.org\/wp-content\/uploads\/globe_icon.svg\" alt=\"Globe icon\" itemprop=\"image\" height=\"112\" width=\"112\" title=\"globe_icon\" onerror=\"this.style.display='none'\" loading=\"lazy\" \/>\n<h3>\n\t\t\tVolontaire dans les Cara\u00efbes\t<\/h3>\n\t<p>Le volontariat est la cl\u00e9 de l&#8217;impact global de Cuso International. Rejoignez-nous pour faire une r\u00e9elle diff\u00e9rence dans les Cara\u00efbes.<\/p>\n\t\t\t<a href=\"https:\/\/cusointernational.org\/fr\/passez-a-laction\/volontaire\/cooperation-volontaire\/\" target=\"_self\">\n\t\t\t\t\t\t\tVOIR LES OPPORTUNIT\u00c9S\n\t\t\t\t\t<\/a>\n\t\t\t\t<img decoding=\"async\" src=\"https:\/\/cusointernational.org\/wp-content\/uploads\/icon-about-respect.svg\" alt=\"Eye icon\" itemprop=\"image\" height=\"112\" width=\"112\" title=\"icon-about-respect\" onerror=\"this.style.display='none'\" loading=\"lazy\" \/>\n<h3>\n\t\t\tEn savoir plus sur notre travail\t<\/h3>\n\t<p>Avec nos partenaires, nous r\u00e9solvons des probl\u00e8mes, nous cr\u00e9ons des solutions et nous construisons un monde plus prosp\u00e8re et plus inclusif pour tous.<\/p>\n\t\t\t<a href=\"https:\/\/cusointernational.org\/fr\/notre-travail-en-un-coup-doeil\/\" target=\"_self\">\n\t\t\t\t\t\t\tCOMMENCER \u00c0 EXPLORER\n\t\t\t\t\t<\/a>\n\n","protected":false},"excerpt":{"rendered":"<p>Zoom sur le travailCara\u00efbes D\u00e9couvrez notre travail dans les Cara\u00efbes : de l&#8217;autonomisation des femmes et la promotion de l&#8217;\u00e9galit\u00e9 de genre \u00e0 la promotion de la durabilit\u00e9 et au renforcement de la r\u00e9silience des communaut\u00e9s. L&#8217;effet Cuso 4 L&#8217;initiative du changement avec 4 projets actifs \u00e0 travers la r\u00e9gion des Cara\u00efbes. 14 Collaborer avec&hellip;<\/p>\n","protected":false},"author":6,"featured_media":50196,"parent":48331,"menu_order":0,"comment_status":"closed","ping_status":"closed","template":"","meta":{"_acf_changed":false,"footnotes":""},"tags":[],"class_list":["post-48385","page","type-page","status-publish","has-post-thumbnail","hentry"],"acf":[],"yoast_head":"<!-- This site is optimized with the Yoast SEO plugin v27.4 - https:\/\/yoast.com\/product\/yoast-seo-wordpress\/ -->\n<title>Cara\u00efbes - Cuso International<\/title>\n<meta name=\"description\" content=\"D\u00e9couvrez notre travail dans les Cara\u00efbes.\" \/>\n<meta name=\"robots\" content=\"index, nofollow, max-snippet:-1, max-image-preview:large, max-video-preview:-1\" \/>\n<link rel=\"canonical\" href=\"https:\/\/cusointernational.org\/fr\/travail\/regions-desservies\/caraibes\/\" \/>\n<meta property=\"og:locale\" content=\"fr_FR\" \/>\n<meta property=\"og:type\" content=\"article\" \/>\n<meta property=\"og:title\" content=\"Cara\u00efbes - Cuso International\" \/>\n<meta property=\"og:description\" content=\"D\u00e9couvrez notre travail dans les Cara\u00efbes.\" \/>\n<meta property=\"og:url\" content=\"https:\/\/cusointernational.org\/fr\/travail\/regions-desservies\/caraibes\/\" \/>\n<meta property=\"og:site_name\" content=\"Cuso International\" \/>\n<meta property=\"article:modified_time\" content=\"2025-10-23T18:19:39+00:00\" \/>\n<meta property=\"og:image\" content=\"https:\/\/cusointernational.org\/wp-content\/uploads\/cuso-caribbean-feature-2025.webp\" \/>\n\t<meta property=\"og:image:width\" content=\"2000\" \/>\n\t<meta property=\"og:image:height\" content=\"1300\" \/>\n\t<meta property=\"og:image:type\" content=\"image\/webp\" \/>\n<meta name=\"twitter:card\" content=\"summary_large_image\" \/>\n<meta name=\"twitter:label1\" content=\"Dur\u00e9e de lecture estim\u00e9e\" \/>\n\t<meta name=\"twitter:data1\" content=\"5 minutes\" \/>\n<script type=\"application\/ld+json\" class=\"yoast-schema-graph\">{\"@context\":\"https:\\\/\\\/schema.org\",\"@graph\":[{\"@type\":\"WebPage\",\"@id\":\"https:\\\/\\\/cusointernational.org\\\/fr\\\/travail\\\/regions-desservies\\\/caraibes\\\/\",\"url\":\"https:\\\/\\\/cusointernational.org\\\/fr\\\/travail\\\/regions-desservies\\\/caraibes\\\/\",\"name\":\"Cara\u00efbes - Cuso International\",\"isPartOf\":{\"@id\":\"https:\\\/\\\/cusointernational.org\\\/fr\\\/#website\"},\"primaryImageOfPage\":{\"@id\":\"https:\\\/\\\/cusointernational.org\\\/fr\\\/travail\\\/regions-desservies\\\/caraibes\\\/#primaryimage\"},\"image\":{\"@id\":\"https:\\\/\\\/cusointernational.org\\\/fr\\\/travail\\\/regions-desservies\\\/caraibes\\\/#primaryimage\"},\"thumbnailUrl\":\"https:\\\/\\\/cusointernational.org\\\/wp-content\\\/uploads\\\/cuso-caribbean-feature-2025.webp\",\"datePublished\":\"2024-12-29T00:16:29+00:00\",\"dateModified\":\"2025-10-23T18:19:39+00:00\",\"description\":\"D\u00e9couvrez notre travail dans les Cara\u00efbes.\",\"breadcrumb\":{\"@id\":\"https:\\\/\\\/cusointernational.org\\\/fr\\\/travail\\\/regions-desservies\\\/caraibes\\\/#breadcrumb\"},\"inLanguage\":\"fr-FR\",\"potentialAction\":[{\"@type\":\"ReadAction\",\"target\":[\"https:\\\/\\\/cusointernational.org\\\/fr\\\/travail\\\/regions-desservies\\\/caraibes\\\/\"]}]},{\"@type\":\"ImageObject\",\"inLanguage\":\"fr-FR\",\"@id\":\"https:\\\/\\\/cusointernational.org\\\/fr\\\/travail\\\/regions-desservies\\\/caraibes\\\/#primaryimage\",\"url\":\"https:\\\/\\\/cusointernational.org\\\/wp-content\\\/uploads\\\/cuso-caribbean-feature-2025.webp\",\"contentUrl\":\"https:\\\/\\\/cusointernational.org\\\/wp-content\\\/uploads\\\/cuso-caribbean-feature-2025.webp\",\"width\":2000,\"height\":1300},{\"@type\":\"BreadcrumbList\",\"@id\":\"https:\\\/\\\/cusointernational.org\\\/fr\\\/travail\\\/regions-desservies\\\/caraibes\\\/#breadcrumb\",\"itemListElement\":[{\"@type\":\"ListItem\",\"position\":1,\"name\":\"Home\",\"item\":\"https:\\\/\\\/cusointernational.org\\\/fr\\\/\"},{\"@type\":\"ListItem\",\"position\":2,\"name\":\"Notre Travail\",\"item\":\"https:\\\/\\\/cusointernational.org\\\/fr\\\/travail\\\/\"},{\"@type\":\"ListItem\",\"position\":3,\"name\":\"R\u00e9gions desservies\",\"item\":\"https:\\\/\\\/cusointernational.org\\\/fr\\\/work\\\/regions-we-serve\\\/\"},{\"@type\":\"ListItem\",\"position\":4,\"name\":\"Cara\u00efbes\"}]},{\"@type\":\"WebSite\",\"@id\":\"https:\\\/\\\/cusointernational.org\\\/fr\\\/#website\",\"url\":\"https:\\\/\\\/cusointernational.org\\\/fr\\\/\",\"name\":\"Cuso International\",\"description\":\"Connecting communities around the world with skilled Canadians to help end poverty\",\"potentialAction\":[{\"@type\":\"SearchAction\",\"target\":{\"@type\":\"EntryPoint\",\"urlTemplate\":\"https:\\\/\\\/cusointernational.org\\\/fr\\\/?s={search_term_string}\"},\"query-input\":{\"@type\":\"PropertyValueSpecification\",\"valueRequired\":true,\"valueName\":\"search_term_string\"}}],\"inLanguage\":\"fr-FR\"}]}<\/script>\n<!-- \/ Yoast SEO plugin. -->","yoast_head_json":{"title":"Cara\u00efbes - Cuso International","description":"D\u00e9couvrez notre travail dans les Cara\u00efbes.","robots":{"index":"index","follow":"nofollow","max-snippet":"max-snippet:-1","max-image-preview":"max-image-preview:large","max-video-preview":"max-video-preview:-1"},"canonical":"https:\/\/cusointernational.org\/fr\/travail\/regions-desservies\/caraibes\/","og_locale":"fr_FR","og_type":"article","og_title":"Cara\u00efbes - Cuso International","og_description":"D\u00e9couvrez notre travail dans les Cara\u00efbes.","og_url":"https:\/\/cusointernational.org\/fr\/travail\/regions-desservies\/caraibes\/","og_site_name":"Cuso International","article_modified_time":"2025-10-23T18:19:39+00:00","og_image":[{"width":2000,"height":1300,"url":"https:\/\/cusointernational.org\/wp-content\/uploads\/cuso-caribbean-feature-2025.webp","type":"image\/webp"}],"twitter_card":"summary_large_image","twitter_misc":{"Dur\u00e9e de lecture estim\u00e9e":"5 minutes"},"schema":{"@context":"https:\/\/schema.org","@graph":[{"@type":"WebPage","@id":"https:\/\/cusointernational.org\/fr\/travail\/regions-desservies\/caraibes\/","url":"https:\/\/cusointernational.org\/fr\/travail\/regions-desservies\/caraibes\/","name":"Cara\u00efbes - Cuso International","isPartOf":{"@id":"https:\/\/cusointernational.org\/fr\/#website"},"primaryImageOfPage":{"@id":"https:\/\/cusointernational.org\/fr\/travail\/regions-desservies\/caraibes\/#primaryimage"},"image":{"@id":"https:\/\/cusointernational.org\/fr\/travail\/regions-desservies\/caraibes\/#primaryimage"},"thumbnailUrl":"https:\/\/cusointernational.org\/wp-content\/uploads\/cuso-caribbean-feature-2025.webp","datePublished":"2024-12-29T00:16:29+00:00","dateModified":"2025-10-23T18:19:39+00:00","description":"D\u00e9couvrez notre travail dans les Cara\u00efbes.","breadcrumb":{"@id":"https:\/\/cusointernational.org\/fr\/travail\/regions-desservies\/caraibes\/#breadcrumb"},"inLanguage":"fr-FR","potentialAction":[{"@type":"ReadAction","target":["https:\/\/cusointernational.org\/fr\/travail\/regions-desservies\/caraibes\/"]}]},{"@type":"ImageObject","inLanguage":"fr-FR","@id":"https:\/\/cusointernational.org\/fr\/travail\/regions-desservies\/caraibes\/#primaryimage","url":"https:\/\/cusointernational.org\/wp-content\/uploads\/cuso-caribbean-feature-2025.webp","contentUrl":"https:\/\/cusointernational.org\/wp-content\/uploads\/cuso-caribbean-feature-2025.webp","width":2000,"height":1300},{"@type":"BreadcrumbList","@id":"https:\/\/cusointernational.org\/fr\/travail\/regions-desservies\/caraibes\/#breadcrumb","itemListElement":[{"@type":"ListItem","position":1,"name":"Home","item":"https:\/\/cusointernational.org\/fr\/"},{"@type":"ListItem","position":2,"name":"Notre Travail","item":"https:\/\/cusointernational.org\/fr\/travail\/"},{"@type":"ListItem","position":3,"name":"R\u00e9gions desservies","item":"https:\/\/cusointernational.org\/fr\/work\/regions-we-serve\/"},{"@type":"ListItem","position":4,"name":"Cara\u00efbes"}]},{"@type":"WebSite","@id":"https:\/\/cusointernational.org\/fr\/#website","url":"https:\/\/cusointernational.org\/fr\/","name":"Cuso International","description":"Connecting communities around the world with skilled Canadians to help end poverty","potentialAction":[{"@type":"SearchAction","target":{"@type":"EntryPoint","urlTemplate":"https:\/\/cusointernational.org\/fr\/?s={search_term_string}"},"query-input":{"@type":"PropertyValueSpecification","valueRequired":true,"valueName":"search_term_string"}}],"inLanguage":"fr-FR"}]}},"_links":{"self":[{"href":"https:\/\/cusointernational.org\/fr\/wp-json\/wp\/v2\/pages\/48385","targetHints":{"allow":["GET"]}}],"collection":[{"href":"https:\/\/cusointernational.org\/fr\/wp-json\/wp\/v2\/pages"}],"about":[{"href":"https:\/\/cusointernational.org\/fr\/wp-json\/wp\/v2\/types\/page"}],"author":[{"embeddable":true,"href":"https:\/\/cusointernational.org\/fr\/wp-json\/wp\/v2\/users\/6"}],"replies":[{"embeddable":true,"href":"https:\/\/cusointernational.org\/fr\/wp-json\/wp\/v2\/comments?post=48385"}],"version-history":[{"count":0,"href":"https:\/\/cusointernational.org\/fr\/wp-json\/wp\/v2\/pages\/48385\/revisions"}],"up":[{"embeddable":true,"href":"https:\/\/cusointernational.org\/fr\/wp-json\/wp\/v2\/pages\/48331"}],"wp:featuredmedia":[{"embeddable":true,"href":"https:\/\/cusointernational.org\/fr\/wp-json\/wp\/v2\/media\/50196"}],"wp:attachment":[{"href":"https:\/\/cusointernational.org\/fr\/wp-json\/wp\/v2\/media?parent=48385"}],"wp:term":[{"taxonomy":"post_tag","embeddable":true,"href":"https:\/\/cusointernational.org\/fr\/wp-json\/wp\/v2\/tags?post=48385"}],"curies":[{"name":"wp","href":"https:\/\/api.w.org\/{rel}","templated":true}]}}