{"id":48383,"date":"2024-12-28T19:21:10","date_gmt":"2024-12-29T00:21:10","guid":{"rendered":"https:\/\/cusointernational.org\/global-reach\/canada\/"},"modified":"2025-11-27T12:59:52","modified_gmt":"2025-11-27T17:59:52","slug":"canada","status":"publish","type":"page","link":"https:\/\/cusointernational.org\/fr\/travail\/regions-desservies\/canada\/","title":{"rendered":"Canada"},"content":{"rendered":"\n<h2>\n\t\t\t\u00c0 la loupe : les projets<br \/>Canada Territoires du Nord-Ouest\t<\/h2>\n\t<p><strong>Qu&#8217;il s&#8217;agisse de soutenir les communaut\u00e9s autochtones, de promouvoir le d\u00e9veloppement durable ou d&#8217;am\u00e9liorer les capacit\u00e9s locales, d\u00e9couvrez notre travail dans les Territoires du Nord-Ouest.<\/strong><\/p>\n<h2>\n\t\t\tL&#8217;effet Cuso\t<\/h2>\n\t\t\t\t<img decoding=\"async\" src=\"https:\/\/cusointernational.org\/wp-content\/uploads\/canada-intro-stats.webp\" alt=\"canada-intro-stats\" itemprop=\"image\" height=\"700\" width=\"700\" title=\"canada-intro-stats\" onerror=\"this.style.display='none'\" loading=\"lazy\" \/>\n\t\t72\n\t\t\t\t\tDepuis 2016, Cuso International a mobilis\u00e9 et d\u00e9ploy\u00e9 72 volontaires dans 11 communaut\u00e9s des Territoires du Nord-Ouest.\n\t\t6\n\t\t\t\t\tmois de dialogue et de consultation avec les communaut\u00e9s autochtones, ancr\u00e9s dans les savoirs, les modes de vie et les pratiques autochtones.\n<h2>\n\t\t\tDes solutions locales\t<\/h2>\n\t<p>C&#8217;est pourquoi nous soutenons des solutions hyper localis\u00e9es con\u00e7ues pour les personnes, le lieu et l&#8217;\u00e9conomie du Territoires du Nord-Ouest. <\/p>\n\t\t\t\t\t<a href=\"#\" id=\"fl-tabs--label-0\" data-index=\"0\" aria-selected=\"true\" aria-controls=\"fl-tabs--panel-0\" aria-expanded=\"true\" role=\"tab\" tabindex=\"0\">\t\t\t\tSoutenir les peuples autochtones dans les Territoires du Nord-Ouest\t\t\t<\/a>\n\t\t\t\t\t<a href=\"#\" id=\"fl-tabs--label-1\" data-index=\"1\" aria-selected=\"false\" aria-controls=\"fl-tabs--panel-1\" aria-expanded=\"false\" role=\"tab\" tabindex=\"0\">\t\t\t\tSoutenir la jeunesse autochtone de l&#8217;Arctique pour les ODD\t\t\t<\/a>\n\t\t\t\t\t<a href=\"#\" id=\"fl-tabs--label-2\" data-index=\"2\" aria-selected=\"false\" aria-controls=\"fl-tabs--panel-2\" aria-expanded=\"false\" role=\"tab\" tabindex=\"0\">\t\t\t\tPlacements de volontaires pour l&#8217;\u00e9ducation nordique\t\t\t<\/a>\n\t\t\t\tSoutenir les peuples autochtones dans les Territoires du Nord-Ouest\n                                        <img decoding=\"async\" src=\"https:\/\/cusointernational.org\/wp-content\/uploads\/Image-11-1.jpg\" alt=\"\"\/>                    <h3>Programme pour les populations autochtones du Nord<\/h3><p>L&#8217;objectif de ce projet est d&#8217;autonomiser les jeunes autochtones, en particulier dans l&#8217;Arctique canadien, en les aidant \u00e0 concevoir et \u00e0 mettre en \u0153uvre des projets communautaires qui r\u00e9pondent aux besoins locaux. Cuso y parviendra en<\/p>\n<ol>\n<li>Embaucher et former des jeunes autochtones<\/li>\n<li>Soutenir des organisations dirig\u00e9es par des autochtones<\/li>\n<li>en accordant des micro-subventions et en donnant acc\u00e8s \u00e0 des fonds.<\/li>\n<\/ol>\n\t\t\t\t\t\t\t\t<a href=\"https:\/\/cusointernational.org\/fr\/programme-des-autochtones-du-canada\/\" target=\"_self\">\n\t\t\t\t\t\t\t\t\tEN SAVOIR PLUS\n\t\t\t\t\t\t\t\t<\/a>\n\t\t\t\tSoutenir la jeunesse autochtone de l&#8217;Arctique pour les ODD\n                                        <img decoding=\"async\" src=\"https:\/\/cusointernational.org\/wp-content\/uploads\/canada-program-peter.webp\" alt=\"Person in a dark hoodie stands before bookshelves filled with books, evoking the solitude of the Northwest Territories.\"\/>                    <h3>Favoriser et int\u00e9grer les connaissances autochtones locales des territoires du Nord (FLINT)<\/h3><p>Ce projet vise \u00e0 soutenir les jeunes autochtones des territoires du Nord (Nunavut, TNO et Yukon) en les sensibilisant aux ODD, en les faisant participer aux dialogues communautaires et en encourageant les initiatives men\u00e9es par les jeunes. Pour ce faire, Cuso mettra en \u0153uvre les moyens suivants<\/p>\n<ol>\n<li>Dialogues entre les communaut\u00e9s et les jeunes pour discuter des ODD, identifier les obstacles et proposer des interventions men\u00e9es par les jeunes.<\/li>\n<li>D\u00e9velopper et distribuer des ressources et des outils \u00e9ducatifs sur les ODD cr\u00e9\u00e9s par et pour les jeunes.<\/li>\n<li>Mettre en \u0153uvre des initiatives men\u00e9es par des jeunes autochtones en faveur des ODD.<\/li>\n<\/ol>\n\t\t\t\tPlacements de volontaires pour l&#8217;\u00e9ducation nordique\n                                        <img decoding=\"async\" src=\"https:\/\/cusointernational.org\/wp-content\/uploads\/canada-program-Supporting-education-in-Canadas-Northwest-Territories.webp\" alt=\"A group of eight people smiling indoors, holding gift bags in the Northwest Territories, with a congratulatory banner.\"\/>                    <h3>Volontaires pour l&#8217;enseignement \u00e0 distance dans les T.N.-O.<\/h3><p>Notre programme propose des placements de b\u00e9n\u00e9voles au sein du Beaufort Delta Council et du South Slave Divisional Education Council, offrant ainsi des possibilit\u00e9s d&#8217;\u00e9changes culturels enrichissants et travaillant en partenariat avec les communaut\u00e9s et les b\u00e9n\u00e9voles pour am\u00e9liorer les aides \u00e0 l&#8217;\u00e9ducation dans les Territoires du Nord-Ouest.<\/p>\n<h2>\n\t\t\tPartenariat pour un monde durable et inclusif\t<\/h2>\n\t<p>Avec nos partenaires, nous r\u00e9solvons des probl\u00e8mes, nous cr\u00e9ons des solutions et nous construisons un monde plus prosp\u00e8re et plus inclusif pour tous.<\/p>\n<h2>\n\t\t\tLes voix du changement dans les Territoires du Nord-Ouest\t<\/h2>\n\t<p>Rencontrez les personnes qui ont eu la chance d&#8217;exp\u00e9rimenter l&#8217;effet Cuso dans les Territoires du Nord-Ouest.<\/p>\n\t\t\t<a href=\"https:\/\/cusointernational.org\/fr\/recits\/\" target=\"_self\">\n\t\t\t\t\t\t\tVOIR PLUS DE R\u00c9CITS\n\t\t\t\t\t<\/a>\n\t\t\t\t<img decoding=\"async\" src=\"https:\/\/cusointernational.org\/wp-content\/uploads\/canada-program-Supporting-education-in-Canadas-Northwest-Territories.webp\" alt=\"canada-program-Supporting-education-in-Canadas-Northwest-Territories\" itemprop=\"image\" height=\"500\" width=\"800\" title=\"canada-program-Supporting-education-in-Canadas-Northwest-Territories\" onerror=\"this.style.display='none'\" loading=\"lazy\" \/>\n\t<blockquote><p>\u00ab Dans le monde d&#8217;aujourd&#8217;hui, l&#8217;\u00e9ducation peut vous mener dans des endroits tr\u00e8s int\u00e9ressants. Il m&#8217;a fallu venir jusqu&#8217;ici pour vivre cette exp\u00e9rience \u00bb, a d\u00e9clar\u00e9 le b\u00e9n\u00e9vole bas\u00e9 \u00e0 Toronto. \u00ab Faire en sorte que ces enfants s&#8217;int\u00e9ressent \u00e0 l&#8217;\u00e9ducation et \u00e0 ce qu&#8217;elle peut leur apporter, c&#8217;est le but du jeu. \u00bb<\/p><\/blockquote>\n<p>&#8211; Parker, programme canadien<\/p>\n\t\t\t\t<img decoding=\"async\" src=\"https:\/\/cusointernational.org\/wp-content\/uploads\/canada-testimonial-Margot-Fergunson.webp\" alt=\"canada-testimonial-Margot Fergunson\" itemprop=\"image\" height=\"700\" width=\"700\" title=\"canada-testimonial-Margot Fergunson\" onerror=\"this.style.display='none'\" loading=\"lazy\" \/>\n\t<blockquote><p>\u00ab Je pense que l&#8217;un des aspects de mon s\u00e9jour ici que j&#8217;ai vraiment appr\u00e9ci\u00e9, c&#8217;est que j&#8217;ai pu avoir un impact sur les gens \u00bb, a-t-elle d\u00e9clar\u00e9. \u00ab Je pense que si les gens venaient ici, ils comprendraient que les Territoires du Nord-Ouest sont un endroit merveilleux. C&#8217;est tellement beau. Je pense que si plus de gens venaient ici, il y aurait une meilleure r\u00e9partition des ressources au Canada. \u00bb<\/p><\/blockquote>\n<p>&#8211; Margot, programme canadien<\/p>\n\t\t\t\t<img decoding=\"async\" src=\"https:\/\/cusointernational.org\/wp-content\/uploads\/canada-testimonial-Kim-Quy-Nguyen.webp\" alt=\"canada-testimonial-Kim-Quy-Nguyen\" itemprop=\"image\" height=\"700\" width=\"700\" title=\"canada-testimonial-Kim-Quy-Nguyen\" onerror=\"this.style.display='none'\" loading=\"lazy\" \/>\n\t<blockquote><p>\u00ab Avec une \u00e9l\u00e8ve en particulier, je pouvais voir qu&#8217;elle \u00e9tait tr\u00e8s intelligente et qu&#8217;elle r\u00e9ussissait bien \u00e0 r\u00e9soudre des probl\u00e8mes en math\u00e9matiques. Mais elle manquait souvent l&#8217;\u00e9cole, ne respectait pas les \u00e9ch\u00e9ances et ne faisait pas le travail \u00e0 la maison. \u00bb<\/p><\/blockquote>\n<p>&#8211; Kim Quy Nguyen, Programme du Nord canadien<\/p>\n\t\t\t\t<img decoding=\"async\" src=\"https:\/\/cusointernational.org\/wp-content\/uploads\/Image-11-1.jpg\" alt=\"Image (11) (1)\" itemprop=\"image\" height=\"1153\" width=\"2016\" title=\"Image (11) (1)\" onerror=\"this.style.display='none'\" loading=\"lazy\" \/>\n<h2>\n\t\t\t\u00catre une force pour le bien\t<\/h2>\n\t<p>Support the next wave of locally-driven solutions to accelerate gender equality, climate action, and economic resilience in the Northwest Territories.<\/p>\n\t\t\t<a href=\"https:\/\/cusointernational.org\/fr\/faire-un-don\/\" target=\"_self\">\n\t\t\t\t\t\tDONNEZ AUJOURD&#8217;HUI !\n\t\t\t\t\t<\/a>\n\t<p>Votre don sera jumel\u00e9 six fois par Affaires mondiales Canada.<\/p>\n<h2>\n\t\t\tPassez \u00e0 l&#8217;\u00e9tape suivante !\t<\/h2>\n\t\t\t\t<img decoding=\"async\" src=\"https:\/\/cusointernational.org\/wp-content\/uploads\/\/icon-donate-lecagy.svg\" alt=\"Scroll and heart icon\" itemprop=\"image\" height=\"112\" width=\"112\" title=\"icon-donate-lecagy\" onerror=\"this.style.display='none'\" loading=\"lazy\" \/>\n<h3>\n\t\t\tD\u00e9couvrez les histoires des Territoires du Nord-Ouest\t<\/h3>\n\t<p>Des \u00eatres authentiques. Des r\u00e9cits authentiques. D\u00e9couvrez les transformations survenues sur le terrain gr\u00e2ce \u00e0 notre lutte pour \u00e9liminer la pauvret\u00e9 et les in\u00e9galit\u00e9s.<\/p>\n\t\t\t<a href=\"https:\/\/cusointernational.org\/fr\/recits\/?search=northwest+territories\" target=\"_self\">\n\t\t\t\t\t\t\tVOIR D&#8217;HISTOIRES\n\t\t\t\t\t<\/a>\n\t\t\t\t<img decoding=\"async\" src=\"https:\/\/cusointernational.org\/wp-content\/uploads\/\/globe_icon.svg\" alt=\"Globe icon\" itemprop=\"image\" height=\"112\" width=\"112\" title=\"globe_icon\" onerror=\"this.style.display='none'\" loading=\"lazy\" \/>\n<h3>\n\t\t\tVolontaire dans les Territoires du Nord-Ouest\t<\/h3>\n\t<p>Le b\u00e9n\u00e9volat est la cl\u00e9 de l&#8217;impact mondial de Cuso International. Rejoignez-nous pour faire une r\u00e9elle diff\u00e9rence dans les Territoires du Nord-Ouest.<\/p>\n\t\t\t<a href=\"https:\/\/cusointernational.org\/fr\/passez-a-laction\/volontaire\/cooperation-volontaire\/\" target=\"_self\">\n\t\t\t\t\t\t\tVOIR LES OPPORTUNIT\u00c9S\n\t\t\t\t\t<\/a>\n\t\t\t\t<img decoding=\"async\" src=\"https:\/\/cusointernational.org\/wp-content\/uploads\/\/icon-about-respect.svg\" alt=\"Eye icon\" itemprop=\"image\" height=\"112\" width=\"112\" title=\"icon-about-respect\" onerror=\"this.style.display='none'\" loading=\"lazy\" \/>\n<h3>\n\t\t\tEn savoir plus sur notre travail\t<\/h3>\n\t<p>Avec nos partenaires, nous r\u00e9solvons des probl\u00e8mes, nous cr\u00e9ons des solutions et nous construisons un monde plus prosp\u00e8re et plus inclusif pour tous.<\/p>\n\t\t\t<a href=\"https:\/\/cusointernational.org\/fr\/notre-travail-en-un-coup-doeil\/\" target=\"_self\">\n\t\t\t\t\t\t\tCOMMENCER \u00c0 EXPLORER\n\t\t\t\t\t<\/a>\n\n","protected":false},"excerpt":{"rendered":"<p>\u00c0 la loupe : les projetsCanada Territoires du Nord-Ouest Qu&#8217;il s&#8217;agisse de soutenir les communaut\u00e9s autochtones, de promouvoir le d\u00e9veloppement durable ou d&#8217;am\u00e9liorer les capacit\u00e9s locales, d\u00e9couvrez notre travail dans les Territoires du Nord-Ouest. L&#8217;effet Cuso 72 Depuis 2016, Cuso International a mobilis\u00e9 et d\u00e9ploy\u00e9 72 volontaires dans 11 communaut\u00e9s des Territoires du Nord-Ouest. 6&hellip;<\/p>\n","protected":false},"author":6,"featured_media":47490,"parent":48331,"menu_order":0,"comment_status":"closed","ping_status":"closed","template":"","meta":{"_acf_changed":false,"footnotes":""},"tags":[],"class_list":["post-48383","page","type-page","status-publish","has-post-thumbnail","hentry"],"acf":[],"yoast_head":"<!-- This site is optimized with the Yoast SEO plugin v27.5 - https:\/\/yoast.com\/product\/yoast-seo-wordpress\/ -->\n<title>Canada - Cuso International<\/title>\n<meta name=\"description\" content=\"D\u00e9couvrez notre travail dans les Territoires du Nord-Ouest.\" \/>\n<meta name=\"robots\" content=\"index, nofollow, max-snippet:-1, max-image-preview:large, max-video-preview:-1\" \/>\n<link rel=\"canonical\" href=\"https:\/\/cusointernational.org\/fr\/travail\/regions-desservies\/canada\/\" \/>\n<meta property=\"og:locale\" content=\"fr_FR\" \/>\n<meta property=\"og:type\" content=\"article\" \/>\n<meta property=\"og:title\" content=\"Canada - Cuso International\" \/>\n<meta property=\"og:description\" content=\"D\u00e9couvrez notre travail dans les Territoires du Nord-Ouest.\" \/>\n<meta property=\"og:url\" content=\"https:\/\/cusointernational.org\/fr\/travail\/regions-desservies\/canada\/\" \/>\n<meta property=\"og:site_name\" content=\"Cuso International\" \/>\n<meta property=\"article:modified_time\" content=\"2025-11-27T17:59:52+00:00\" \/>\n<meta property=\"og:image\" content=\"https:\/\/cusointernational.org\/wp-content\/uploads\/canada-hero.webp\" \/>\n\t<meta property=\"og:image:width\" content=\"1800\" \/>\n\t<meta property=\"og:image:height\" content=\"1200\" \/>\n\t<meta property=\"og:image:type\" content=\"image\/webp\" \/>\n<meta name=\"twitter:card\" content=\"summary_large_image\" \/>\n<meta name=\"twitter:label1\" content=\"Dur\u00e9e de lecture estim\u00e9e\" \/>\n\t<meta name=\"twitter:data1\" content=\"7 minutes\" \/>\n<script type=\"application\/ld+json\" class=\"yoast-schema-graph\">{\"@context\":\"https:\\\/\\\/schema.org\",\"@graph\":[{\"@type\":\"WebPage\",\"@id\":\"https:\\\/\\\/cusointernational.org\\\/fr\\\/travail\\\/regions-desservies\\\/canada\\\/\",\"url\":\"https:\\\/\\\/cusointernational.org\\\/fr\\\/travail\\\/regions-desservies\\\/canada\\\/\",\"name\":\"Canada - Cuso International\",\"isPartOf\":{\"@id\":\"https:\\\/\\\/cusointernational.org\\\/fr\\\/#website\"},\"primaryImageOfPage\":{\"@id\":\"https:\\\/\\\/cusointernational.org\\\/fr\\\/travail\\\/regions-desservies\\\/canada\\\/#primaryimage\"},\"image\":{\"@id\":\"https:\\\/\\\/cusointernational.org\\\/fr\\\/travail\\\/regions-desservies\\\/canada\\\/#primaryimage\"},\"thumbnailUrl\":\"https:\\\/\\\/cusointernational.org\\\/wp-content\\\/uploads\\\/canada-hero.webp\",\"datePublished\":\"2024-12-29T00:21:10+00:00\",\"dateModified\":\"2025-11-27T17:59:52+00:00\",\"description\":\"D\u00e9couvrez notre travail dans les Territoires du Nord-Ouest.\",\"breadcrumb\":{\"@id\":\"https:\\\/\\\/cusointernational.org\\\/fr\\\/travail\\\/regions-desservies\\\/canada\\\/#breadcrumb\"},\"inLanguage\":\"fr-FR\",\"potentialAction\":[{\"@type\":\"ReadAction\",\"target\":[\"https:\\\/\\\/cusointernational.org\\\/fr\\\/travail\\\/regions-desservies\\\/canada\\\/\"]}]},{\"@type\":\"ImageObject\",\"inLanguage\":\"fr-FR\",\"@id\":\"https:\\\/\\\/cusointernational.org\\\/fr\\\/travail\\\/regions-desservies\\\/canada\\\/#primaryimage\",\"url\":\"https:\\\/\\\/cusointernational.org\\\/wp-content\\\/uploads\\\/canada-hero.webp\",\"contentUrl\":\"https:\\\/\\\/cusointernational.org\\\/wp-content\\\/uploads\\\/canada-hero.webp\",\"width\":1800,\"height\":1200,\"caption\":\"Cuso International Northwest Territories\"},{\"@type\":\"BreadcrumbList\",\"@id\":\"https:\\\/\\\/cusointernational.org\\\/fr\\\/travail\\\/regions-desservies\\\/canada\\\/#breadcrumb\",\"itemListElement\":[{\"@type\":\"ListItem\",\"position\":1,\"name\":\"Home\",\"item\":\"https:\\\/\\\/cusointernational.org\\\/fr\\\/\"},{\"@type\":\"ListItem\",\"position\":2,\"name\":\"Notre Travail\",\"item\":\"https:\\\/\\\/cusointernational.org\\\/fr\\\/travail\\\/\"},{\"@type\":\"ListItem\",\"position\":3,\"name\":\"R\u00e9gions desservies\",\"item\":\"https:\\\/\\\/cusointernational.org\\\/fr\\\/work\\\/regions-we-serve\\\/\"},{\"@type\":\"ListItem\",\"position\":4,\"name\":\"Canada\"}]},{\"@type\":\"WebSite\",\"@id\":\"https:\\\/\\\/cusointernational.org\\\/fr\\\/#website\",\"url\":\"https:\\\/\\\/cusointernational.org\\\/fr\\\/\",\"name\":\"Cuso International\",\"description\":\"Connecting communities around the world with skilled Canadians to help end poverty\",\"potentialAction\":[{\"@type\":\"SearchAction\",\"target\":{\"@type\":\"EntryPoint\",\"urlTemplate\":\"https:\\\/\\\/cusointernational.org\\\/fr\\\/?s={search_term_string}\"},\"query-input\":{\"@type\":\"PropertyValueSpecification\",\"valueRequired\":true,\"valueName\":\"search_term_string\"}}],\"inLanguage\":\"fr-FR\"}]}<\/script>\n<!-- \/ Yoast SEO plugin. -->","yoast_head_json":{"title":"Canada - Cuso International","description":"D\u00e9couvrez notre travail dans les Territoires du Nord-Ouest.","robots":{"index":"index","follow":"nofollow","max-snippet":"max-snippet:-1","max-image-preview":"max-image-preview:large","max-video-preview":"max-video-preview:-1"},"canonical":"https:\/\/cusointernational.org\/fr\/travail\/regions-desservies\/canada\/","og_locale":"fr_FR","og_type":"article","og_title":"Canada - Cuso International","og_description":"D\u00e9couvrez notre travail dans les Territoires du Nord-Ouest.","og_url":"https:\/\/cusointernational.org\/fr\/travail\/regions-desservies\/canada\/","og_site_name":"Cuso International","article_modified_time":"2025-11-27T17:59:52+00:00","og_image":[{"width":1800,"height":1200,"url":"https:\/\/cusointernational.org\/wp-content\/uploads\/canada-hero.webp","type":"image\/webp"}],"twitter_card":"summary_large_image","twitter_misc":{"Dur\u00e9e de lecture estim\u00e9e":"7 minutes"},"schema":{"@context":"https:\/\/schema.org","@graph":[{"@type":"WebPage","@id":"https:\/\/cusointernational.org\/fr\/travail\/regions-desservies\/canada\/","url":"https:\/\/cusointernational.org\/fr\/travail\/regions-desservies\/canada\/","name":"Canada - Cuso International","isPartOf":{"@id":"https:\/\/cusointernational.org\/fr\/#website"},"primaryImageOfPage":{"@id":"https:\/\/cusointernational.org\/fr\/travail\/regions-desservies\/canada\/#primaryimage"},"image":{"@id":"https:\/\/cusointernational.org\/fr\/travail\/regions-desservies\/canada\/#primaryimage"},"thumbnailUrl":"https:\/\/cusointernational.org\/wp-content\/uploads\/canada-hero.webp","datePublished":"2024-12-29T00:21:10+00:00","dateModified":"2025-11-27T17:59:52+00:00","description":"D\u00e9couvrez notre travail dans les Territoires du Nord-Ouest.","breadcrumb":{"@id":"https:\/\/cusointernational.org\/fr\/travail\/regions-desservies\/canada\/#breadcrumb"},"inLanguage":"fr-FR","potentialAction":[{"@type":"ReadAction","target":["https:\/\/cusointernational.org\/fr\/travail\/regions-desservies\/canada\/"]}]},{"@type":"ImageObject","inLanguage":"fr-FR","@id":"https:\/\/cusointernational.org\/fr\/travail\/regions-desservies\/canada\/#primaryimage","url":"https:\/\/cusointernational.org\/wp-content\/uploads\/canada-hero.webp","contentUrl":"https:\/\/cusointernational.org\/wp-content\/uploads\/canada-hero.webp","width":1800,"height":1200,"caption":"Cuso International Northwest Territories"},{"@type":"BreadcrumbList","@id":"https:\/\/cusointernational.org\/fr\/travail\/regions-desservies\/canada\/#breadcrumb","itemListElement":[{"@type":"ListItem","position":1,"name":"Home","item":"https:\/\/cusointernational.org\/fr\/"},{"@type":"ListItem","position":2,"name":"Notre Travail","item":"https:\/\/cusointernational.org\/fr\/travail\/"},{"@type":"ListItem","position":3,"name":"R\u00e9gions desservies","item":"https:\/\/cusointernational.org\/fr\/work\/regions-we-serve\/"},{"@type":"ListItem","position":4,"name":"Canada"}]},{"@type":"WebSite","@id":"https:\/\/cusointernational.org\/fr\/#website","url":"https:\/\/cusointernational.org\/fr\/","name":"Cuso International","description":"Connecting communities around the world with skilled Canadians to help end poverty","potentialAction":[{"@type":"SearchAction","target":{"@type":"EntryPoint","urlTemplate":"https:\/\/cusointernational.org\/fr\/?s={search_term_string}"},"query-input":{"@type":"PropertyValueSpecification","valueRequired":true,"valueName":"search_term_string"}}],"inLanguage":"fr-FR"}]}},"_links":{"self":[{"href":"https:\/\/cusointernational.org\/fr\/wp-json\/wp\/v2\/pages\/48383","targetHints":{"allow":["GET"]}}],"collection":[{"href":"https:\/\/cusointernational.org\/fr\/wp-json\/wp\/v2\/pages"}],"about":[{"href":"https:\/\/cusointernational.org\/fr\/wp-json\/wp\/v2\/types\/page"}],"author":[{"embeddable":true,"href":"https:\/\/cusointernational.org\/fr\/wp-json\/wp\/v2\/users\/6"}],"replies":[{"embeddable":true,"href":"https:\/\/cusointernational.org\/fr\/wp-json\/wp\/v2\/comments?post=48383"}],"version-history":[{"count":0,"href":"https:\/\/cusointernational.org\/fr\/wp-json\/wp\/v2\/pages\/48383\/revisions"}],"up":[{"embeddable":true,"href":"https:\/\/cusointernational.org\/fr\/wp-json\/wp\/v2\/pages\/48331"}],"wp:featuredmedia":[{"embeddable":true,"href":"https:\/\/cusointernational.org\/fr\/wp-json\/wp\/v2\/media\/47490"}],"wp:attachment":[{"href":"https:\/\/cusointernational.org\/fr\/wp-json\/wp\/v2\/media?parent=48383"}],"wp:term":[{"taxonomy":"post_tag","embeddable":true,"href":"https:\/\/cusointernational.org\/fr\/wp-json\/wp\/v2\/tags?post=48383"}],"curies":[{"name":"wp","href":"https:\/\/api.w.org\/{rel}","templated":true}]}}