{"id":48378,"date":"2024-12-28T19:19:28","date_gmt":"2024-12-29T00:19:28","guid":{"rendered":"https:\/\/cusointernational.org\/global-reach\/cameroun\/"},"modified":"2025-05-06T13:58:49","modified_gmt":"2025-05-06T17:58:49","slug":"cameroun","status":"publish","type":"page","link":"https:\/\/cusointernational.org\/fr\/travail\/regions-desservies\/cameroun\/","title":{"rendered":"Cameroun"},"content":{"rendered":"\n<h2>\n\t\t\u00c0 la loupe : les projets<br \/>Cameroun\n\t<\/h2>\n\t<p><strong>D\u00e9couvrez notre travail au Cameroun, qu&#8217;il s&#8217;agisse d&#8217;aider les communaut\u00e9s marginalis\u00e9es, de promouvoir l&#8217;\u00e9galit\u00e9 entre les hommes et les femmes ou d&#8217;am\u00e9liorer les perspectives \u00e9conomiques.<\/strong><\/p>\n<h2>\n\t\tL&#8217;effet Cuso\n\t<\/h2>\n\t\t\t\t<img loading=\"lazy\" decoding=\"async\" src=\"https:\/\/cusointernational.org\/wp-content\/uploads\/cameroon-intro-stats.webp\" alt=\"Two women in Cameroon, smiling and taking a selfie, capture the lush green backdrop on their smartphones. Cuso International.\" itemprop=\"image\" height=\"700\" width=\"700\" title=\"cameroon-intro-stats\" onerror=\"this.style.display='none'\"  \/>\n\t\t40 +\n\t\t\t\t\tactivit\u00e9s inclusives mises en \u0153uvre au Cameroun depuis le lancement de SHARE en 2020.\n\t\t53 %\n\t\t\t\t\tdes 109 000 b\u00e9n\u00e9ficiaires atteints via SHARE sont des femmes et des jeunes filles.\n\t\t38\n\t\t\t\t\texpertises (28 canadiennes et 10 camerounaises) ont \u00e9t\u00e9 d\u00e9ploy\u00e9es pour l&#8217;impl\u00e9mentation sur le terrain.\n\t\t\t<a href=\"https:\/\/cusointernational.org\/wp-content\/uploads\/Cuso-Cameroun.pdf\" target=\"_blank\" rel=\"noopener\">\n\t\t\t\t\t\t\tCuso au Cameroun\n\t\t\t\t\t<\/a>\n<h2>\n\t\tDes solutions locales\n\t<\/h2>\n\t<p>C&#8217;est pourquoi nous soutenons des solutions hyper localis\u00e9es con\u00e7ues pour les personnes, le lieu et l&#8217;\u00e9conomie du Cameroun.<\/p>\n\t\t\t\t\t<a href=\"#\" id=\"fl-tabs--label-0\" data-index=\"0\" aria-selected=\"true\" aria-controls=\"fl-tabs--panel-0\" aria-expanded=\"true\" role=\"tab\" tabindex=\"0\">\t\t\t\tTechwomen factory by caysti, les comp\u00e9tences num\u00e9riques au profit des secteurs \u00e9conomiques de croissance\t\t\t<\/a>\n\t\t\t\t\t<a href=\"#\" id=\"fl-tabs--label-1\" data-index=\"1\" aria-selected=\"false\" aria-controls=\"fl-tabs--panel-1\" aria-expanded=\"false\" role=\"tab\" tabindex=\"0\">\t\t\t\tAtteindre l&#8217;inaccessible gr\u00e2ce \u00e0 l&#8217;information climatologique \t\t\t<\/a>\n\t\t\t\t\t<a href=\"#\" id=\"fl-tabs--label-2\" data-index=\"2\" aria-selected=\"false\" aria-controls=\"fl-tabs--panel-2\" aria-expanded=\"false\" role=\"tab\" tabindex=\"0\">\t\t\t\tLes reines pour la paix s`engagent contre les violences bas\u00e9es sur le genre et contre le mariage des enfants de waa cameroun \t\t\t<\/a>\n\t\t\t\tTechwomen factory by caysti, les comp\u00e9tences num\u00e9riques au profit des secteurs \u00e9conomiques de croissance\n                                        <img decoding=\"async\" src=\"https:\/\/cusointernational.org\/wp-content\/uploads\/Cameroon-Program-helps-women-pursue-a-career-in-IT-.png\" alt=\"Cameroon Program helps women pursue a career in IT\"\/>                    <h3>Techwomen Factory<\/h3><p>Ce projet visait \u00e0 doter 179 jeunes camerounais, de comp\u00e9tences techniques en art num\u00e9rique, d\u00e9veloppement web et data science. Sur 146 b\u00e9n\u00e9ficiaires qui ont achev\u00e9 leur formation, nous avons atteint un taux d&#8217;insertion professionnelle 68 %.<\/p>\n\t\t\t\t\t\t\t\t<a href=\"https:\/\/cusointernational.org\/fr\/recit\/une-pepiniere-dentreprises-technologiques-facilite-lapprentissage-au-cameroun\/\" target=\"_self\">\n\t\t\t\t\t\t\t\t\tEN SAVOIR PLUS\n\t\t\t\t\t\t\t\t<\/a>\n\t\t\t\tAtteindre l&#8217;inaccessible gr\u00e2ce \u00e0 l&#8217;information climatologique \n                                        <img decoding=\"async\" src=\"https:\/\/cusointernational.org\/wp-content\/uploads\/cameroon-project-Tech-for-Climate-Resilient-Women-Farmers.webp\" alt=\"Two people smile at a smartphone in lush greenery, capturing the joy of Cuso International Cameroon.\"\/>                    <h3>La technologie au service des agricultrices r\u00e9sistantes au changement climatique<\/h3><p>Face aux effets n\u00e9fastes des changements climatiques au Cameroun, ce projet vise \u00e0 rendre accessible les informations climatiques aux petites agricultrices, \u00e0 travers les radios communautaires. Ces informations, transmises en langues locales, facilitent ainsi une prise de d\u00e9cision \u00e9clair\u00e9e et une meilleure planification de leurs activit\u00e9s agricoles face aux risques climatiques.<\/p>\n\t\t\t\t\t\t\t\t<a href=\"https:\/\/cusointernational.org\/fr\/recit\/une-application-a-la-rescousse\/\" target=\"_self\">\n\t\t\t\t\t\t\t\t\tEN SAVOIR PLUS\n\t\t\t\t\t\t\t\t<\/a>\n\t\t\t\tLes reines pour la paix s`engagent contre les violences bas\u00e9es sur le genre et contre le mariage des enfants de waa cameroun \n                                        <img decoding=\"async\" src=\"https:\/\/cusointernational.org\/wp-content\/uploads\/cameroon-project-Queens-For-Peace.webp\" alt=\"Group of women in colorful clothing and headwraps, smiling outside a building, embodying Cuso International Cameroon.\"\/>                    <h3>Les reines pour la paix s`engagent<\/h3><p>Ce projet vise \u00e0 sensibiliser et mobiliser les reines, les femmes des chefs traditionnels et leaders respect\u00e9es dans leurs communaut\u00e9s, pour lutter contre le mariage des enfants et changer les mentalit\u00e9s afin prot\u00e9ger ces enfants.<\/p>\n\t\t\t\t\t\t\t\t<a href=\"https:\/\/cusointernational.org\/fr\/recit\/des-femmes-et-des-meres-deviennent-des-agentes-de-transformation-communautaire-au-cameroun\/\" target=\"_self\">\n\t\t\t\t\t\t\t\t\tEN SAVOIR PLUS\n\t\t\t\t\t\t\t\t<\/a>\n<h2>\n\t\tPartenariat pour un monde durable et inclusif\n\t<\/h2>\n\t<p>Avec nos partenaires, nous r\u00e9solvons des probl\u00e8mes, nous cr\u00e9ons des solutions et nous construisons un monde plus prosp\u00e8re et plus inclusif pour tous.<\/p>\n<h2>\n\t\tLes voix du changement au Cameroun\n\t<\/h2>\n\t<p>Rencontrez les personnes qui ont eu la chance d&#8217;exp\u00e9rimenter l&#8217;effet Cuso au Cameroun.<\/p>\n\t\t\t<a href=\"https:\/\/cusointernational.org\/fr\/recits\/\" target=\"_self\">\n\t\t\t\t\t\t\tVOIR PLUS DE R\u00c9CITS\n\t\t\t\t\t<\/a>\n\t\t\t\t<img loading=\"lazy\" decoding=\"async\" src=\"https:\/\/cusointernational.org\/wp-content\/uploads\/cameroon-testimonial-Emilienne-A.webp\" alt=\"A woman in a white shirt smiles, giving a thumbs up next to Cuso International juice bottles in Cameroon.\" itemprop=\"image\" height=\"700\" width=\"700\" title=\"cameroon-testimonial-Emilienne A\" onerror=\"this.style.display='none'\"  \/>\n\t<blockquote><p>\u00ab Apr\u00e8s ma formation en art num\u00e9rique du Projet TechWomen Factory, je produis des jus de fruits dans de meilleurs emballages. Mes ventes augmentent et je contribue d\u00e9sormais aux charges familiales et celles de ma m\u00e8re rest\u00e9 au village\u00bb<\/p><\/blockquote>\n<p>&#8211; Emilienne A., IDP &#8211; D\u00e9sormais productrice et graphiste de Juce<\/p>\n\t\t\t\t<img loading=\"lazy\" decoding=\"async\" src=\"https:\/\/cusointernational.org\/wp-content\/uploads\/cameroon-testimonial-adidja-Moussa-Data-Science.webp\" alt=\"A smiling person in a colorful headscarf and patterned clothing, with the blurred outdoors of Cameroon behind them.\" itemprop=\"image\" height=\"700\" width=\"700\" title=\"cameroon-testimonial-adidja-Moussa-Data-Science\" onerror=\"this.style.display='none'\"  \/>\n\t<blockquote><p>\u00ab Nous avions perdu espoir, mais gr\u00e2ce \u00e0 TechWomen Factory, nous avons d\u00e9couvert nos talents et nous esp\u00e9rons donner le meilleur de nous-m\u00eames.\u00bb<\/p><\/blockquote>\n<p>&#8211; Hadidja, TechWomen Factory<\/p>\n\t\t\t\t<img loading=\"lazy\" decoding=\"async\" src=\"https:\/\/cusointernational.org\/wp-content\/uploads\/cameroon-testimonial-therese.webp\" alt=\"A woman in a white coat holds a child, standing in a Cuso International classroom in Cameroon with desks and people.\" itemprop=\"image\" height=\"700\" width=\"700\" title=\"cameroon-testimonial-therese\" onerror=\"this.style.display='none'\"  \/>\n\t<blockquote><p>\u00ab Ce programme de formation donne aux filles une chance d&#8217;apprendre un m\u00e9tier et de gagner de l&#8217;argent avec ce qu&#8217;elles ont appris \u00bb.<\/p><\/blockquote>\n<p>&#8211; Th\u00e9r\u00e8se, Programme de formation en sant\u00e9<\/p>\n\t\t\t\t<img loading=\"lazy\" decoding=\"async\" src=\"https:\/\/cusointernational.org\/wp-content\/uploads\/cameroon-force-for-good.webp\" alt=\"A group of women joyfully dancing and laughing outside a brick building in rural Cameroon.\" itemprop=\"image\" height=\"1200\" width=\"1800\" title=\"cameroon-force-for-good\" onerror=\"this.style.display='none'\"  \/>\n<h2>\n\t\tEngagez-vous pour le bien commun\n\t<\/h2>\n\t<p>Soutenir la prochaine vague de solutions locales pour acc\u00e9l\u00e9rer l&#8217;\u00e9galit\u00e9 de genre, l&#8217;action climatique et la r\u00e9silience \u00e9conomique au Cameroun.<\/p>\n\t\t\t<a href=\"https:\/\/cusointernational.org\/fr\/faire-un-don\/\" target=\"_self\">\n\t\t\t\t\t\tDONNEZ AUJOURD&#8217;HUI !\n\t\t\t\t\t<\/a>\n\t<p>Votre don sera jumel\u00e9 six fois par Affaires mondiales Canada.<\/p>\n<h2>\n\t\tPassez \u00e0 l&#8217;\u00e9tape suivante !\n\t<\/h2>\n\t\t\t\t<img loading=\"lazy\" decoding=\"async\" src=\"https:\/\/cusointernational.org\/wp-content\/uploads\/icon-donate-lecagy.svg\" alt=\"Scroll and heart icon\" itemprop=\"image\" height=\"112\" width=\"112\" title=\"icon-donate-lecagy\" onerror=\"this.style.display='none'\"  \/>\n<h3>\n\t\tD\u00e9couvrez les histoires du Cameroun\n\t<\/h3>\n\t<p>Des \u00eatres authentiques. Des r\u00e9cits authentiques. D\u00e9couvrez les transformations survenues sur le terrain gr\u00e2ce \u00e0 notre lutte pour \u00e9liminer la pauvret\u00e9 et les in\u00e9galit\u00e9s.<\/p>\n\t\t\t<a href=\"https:\/\/cusointernational.org\/fr\/recits\/?search=cameroon\" target=\"_self\">\n\t\t\t\t\t\t\tVOIR D&#8217;HISTOIRES\n\t\t\t\t\t<\/a>\n\t\t\t\t<img loading=\"lazy\" decoding=\"async\" src=\"https:\/\/cusointernational.org\/wp-content\/uploads\/globe_icon.svg\" alt=\"Globe icon\" itemprop=\"image\" height=\"112\" width=\"112\" title=\"globe_icon\" onerror=\"this.style.display='none'\"  \/>\n<h3>\n\t\tVolontaire au Cameroun\n\t<\/h3>\n\t<p>Le volontariat est la cl\u00e9 de l&#8217;impact global de Cuso International. Rejoignez-nous pour faire une r\u00e9elle diff\u00e9rence au Cameroun.<\/p>\n\t\t\t<a href=\"https:\/\/cusointernational.org\/fr\/passez-a-laction\/volontaire\/cooperation-volontaire\/\" target=\"_self\">\n\t\t\t\t\t\t\tVOIR LES OPPORTUNIT\u00c9S\n\t\t\t\t\t<\/a>\n\t\t\t\t<img loading=\"lazy\" decoding=\"async\" src=\"https:\/\/cusointernational.org\/wp-content\/uploads\/icon-about-respect.svg\" alt=\"Eye icon\" itemprop=\"image\" height=\"112\" width=\"112\" title=\"icon-about-respect\" onerror=\"this.style.display='none'\"  \/>\n<h3>\n\t\tEn savoir plus sur notre travail\n\t<\/h3>\n\t<p>Avec nos partenaires, nous r\u00e9solvons des probl\u00e8mes, nous cr\u00e9ons des solutions et nous construisons un monde plus prosp\u00e8re et plus inclusif pour tous.<\/p>\n\t\t\t<a href=\"https:\/\/cusointernational.org\/fr\/notre-travail-en-un-coup-doeil\/\" target=\"_self\">\n\t\t\t\t\t\t\tCOMMENCER \u00c0 EXPLORER\n\t\t\t\t\t<\/a>\n\n","protected":false},"excerpt":{"rendered":"<p>\u00c0 la loupe : les projetsCameroun D\u00e9couvrez notre travail au Cameroun, qu&#8217;il s&#8217;agisse d&#8217;aider les communaut\u00e9s marginalis\u00e9es, de promouvoir l&#8217;\u00e9galit\u00e9 entre les hommes et les femmes ou d&#8217;am\u00e9liorer les perspectives \u00e9conomiques. L&#8217;effet Cuso 40 + activit\u00e9s inclusives mises en \u0153uvre au Cameroun depuis le lancement de SHARE en 2020. 53 % des 109 000 b\u00e9n\u00e9ficiaires&hellip;<\/p>\n","protected":false},"author":6,"featured_media":47433,"parent":48331,"menu_order":0,"comment_status":"closed","ping_status":"closed","template":"","meta":{"_acf_changed":false,"footnotes":""},"tags":[],"class_list":["post-48378","page","type-page","status-publish","has-post-thumbnail","hentry"],"acf":[],"yoast_head":"<!-- This site is optimized with the Yoast SEO plugin v27.4 - https:\/\/yoast.com\/product\/yoast-seo-wordpress\/ -->\n<title>Cameroun - Cuso International<\/title>\n<meta name=\"description\" content=\"D\u00e9couvrez notre travail au Cameroun\" \/>\n<meta name=\"robots\" content=\"index, nofollow, max-snippet:-1, max-image-preview:large, max-video-preview:-1\" \/>\n<link rel=\"canonical\" href=\"https:\/\/cusointernational.org\/fr\/travail\/regions-desservies\/cameroun\/\" \/>\n<meta property=\"og:locale\" content=\"fr_FR\" \/>\n<meta property=\"og:type\" content=\"article\" \/>\n<meta property=\"og:title\" content=\"Cameroun - Cuso International\" \/>\n<meta property=\"og:description\" content=\"D\u00e9couvrez notre travail au Cameroun\" \/>\n<meta property=\"og:url\" content=\"https:\/\/cusointernational.org\/fr\/travail\/regions-desservies\/cameroun\/\" \/>\n<meta property=\"og:site_name\" content=\"Cuso International\" \/>\n<meta property=\"article:modified_time\" content=\"2025-05-06T17:58:49+00:00\" \/>\n<meta property=\"og:image\" content=\"https:\/\/cusointernational.org\/wp-content\/uploads\/cameroon-hero.webp\" \/>\n\t<meta property=\"og:image:width\" content=\"1800\" \/>\n\t<meta property=\"og:image:height\" content=\"1200\" \/>\n\t<meta property=\"og:image:type\" content=\"image\/webp\" \/>\n<meta name=\"twitter:card\" content=\"summary_large_image\" \/>\n<meta name=\"twitter:label1\" content=\"Dur\u00e9e de lecture estim\u00e9e\" \/>\n\t<meta name=\"twitter:data1\" content=\"5 minutes\" \/>\n<script type=\"application\/ld+json\" class=\"yoast-schema-graph\">{\"@context\":\"https:\\\/\\\/schema.org\",\"@graph\":[{\"@type\":\"WebPage\",\"@id\":\"https:\\\/\\\/cusointernational.org\\\/fr\\\/travail\\\/regions-desservies\\\/cameroun\\\/\",\"url\":\"https:\\\/\\\/cusointernational.org\\\/fr\\\/travail\\\/regions-desservies\\\/cameroun\\\/\",\"name\":\"Cameroun - Cuso International\",\"isPartOf\":{\"@id\":\"https:\\\/\\\/cusointernational.org\\\/fr\\\/#website\"},\"primaryImageOfPage\":{\"@id\":\"https:\\\/\\\/cusointernational.org\\\/fr\\\/travail\\\/regions-desservies\\\/cameroun\\\/#primaryimage\"},\"image\":{\"@id\":\"https:\\\/\\\/cusointernational.org\\\/fr\\\/travail\\\/regions-desservies\\\/cameroun\\\/#primaryimage\"},\"thumbnailUrl\":\"https:\\\/\\\/cusointernational.org\\\/wp-content\\\/uploads\\\/cameroon-hero.webp\",\"datePublished\":\"2024-12-29T00:19:28+00:00\",\"dateModified\":\"2025-05-06T17:58:49+00:00\",\"description\":\"D\u00e9couvrez notre travail au Cameroun\",\"breadcrumb\":{\"@id\":\"https:\\\/\\\/cusointernational.org\\\/fr\\\/travail\\\/regions-desservies\\\/cameroun\\\/#breadcrumb\"},\"inLanguage\":\"fr-FR\",\"potentialAction\":[{\"@type\":\"ReadAction\",\"target\":[\"https:\\\/\\\/cusointernational.org\\\/fr\\\/travail\\\/regions-desservies\\\/cameroun\\\/\"]}]},{\"@type\":\"ImageObject\",\"inLanguage\":\"fr-FR\",\"@id\":\"https:\\\/\\\/cusointernational.org\\\/fr\\\/travail\\\/regions-desservies\\\/cameroun\\\/#primaryimage\",\"url\":\"https:\\\/\\\/cusointernational.org\\\/wp-content\\\/uploads\\\/cameroon-hero.webp\",\"contentUrl\":\"https:\\\/\\\/cusointernational.org\\\/wp-content\\\/uploads\\\/cameroon-hero.webp\",\"width\":1800,\"height\":1200,\"caption\":\"Cuso International Cameroon\"},{\"@type\":\"BreadcrumbList\",\"@id\":\"https:\\\/\\\/cusointernational.org\\\/fr\\\/travail\\\/regions-desservies\\\/cameroun\\\/#breadcrumb\",\"itemListElement\":[{\"@type\":\"ListItem\",\"position\":1,\"name\":\"Home\",\"item\":\"https:\\\/\\\/cusointernational.org\\\/fr\\\/\"},{\"@type\":\"ListItem\",\"position\":2,\"name\":\"Notre Travail\",\"item\":\"https:\\\/\\\/cusointernational.org\\\/fr\\\/travail\\\/\"},{\"@type\":\"ListItem\",\"position\":3,\"name\":\"R\u00e9gions desservies\",\"item\":\"https:\\\/\\\/cusointernational.org\\\/fr\\\/work\\\/regions-we-serve\\\/\"},{\"@type\":\"ListItem\",\"position\":4,\"name\":\"Cameroun\"}]},{\"@type\":\"WebSite\",\"@id\":\"https:\\\/\\\/cusointernational.org\\\/fr\\\/#website\",\"url\":\"https:\\\/\\\/cusointernational.org\\\/fr\\\/\",\"name\":\"Cuso International\",\"description\":\"Connecting communities around the world with skilled Canadians to help end poverty\",\"potentialAction\":[{\"@type\":\"SearchAction\",\"target\":{\"@type\":\"EntryPoint\",\"urlTemplate\":\"https:\\\/\\\/cusointernational.org\\\/fr\\\/?s={search_term_string}\"},\"query-input\":{\"@type\":\"PropertyValueSpecification\",\"valueRequired\":true,\"valueName\":\"search_term_string\"}}],\"inLanguage\":\"fr-FR\"}]}<\/script>\n<!-- \/ Yoast SEO plugin. -->","yoast_head_json":{"title":"Cameroun - Cuso International","description":"D\u00e9couvrez notre travail au Cameroun","robots":{"index":"index","follow":"nofollow","max-snippet":"max-snippet:-1","max-image-preview":"max-image-preview:large","max-video-preview":"max-video-preview:-1"},"canonical":"https:\/\/cusointernational.org\/fr\/travail\/regions-desservies\/cameroun\/","og_locale":"fr_FR","og_type":"article","og_title":"Cameroun - Cuso International","og_description":"D\u00e9couvrez notre travail au Cameroun","og_url":"https:\/\/cusointernational.org\/fr\/travail\/regions-desservies\/cameroun\/","og_site_name":"Cuso International","article_modified_time":"2025-05-06T17:58:49+00:00","og_image":[{"width":1800,"height":1200,"url":"https:\/\/cusointernational.org\/wp-content\/uploads\/cameroon-hero.webp","type":"image\/webp"}],"twitter_card":"summary_large_image","twitter_misc":{"Dur\u00e9e de lecture estim\u00e9e":"5 minutes"},"schema":{"@context":"https:\/\/schema.org","@graph":[{"@type":"WebPage","@id":"https:\/\/cusointernational.org\/fr\/travail\/regions-desservies\/cameroun\/","url":"https:\/\/cusointernational.org\/fr\/travail\/regions-desservies\/cameroun\/","name":"Cameroun - Cuso International","isPartOf":{"@id":"https:\/\/cusointernational.org\/fr\/#website"},"primaryImageOfPage":{"@id":"https:\/\/cusointernational.org\/fr\/travail\/regions-desservies\/cameroun\/#primaryimage"},"image":{"@id":"https:\/\/cusointernational.org\/fr\/travail\/regions-desservies\/cameroun\/#primaryimage"},"thumbnailUrl":"https:\/\/cusointernational.org\/wp-content\/uploads\/cameroon-hero.webp","datePublished":"2024-12-29T00:19:28+00:00","dateModified":"2025-05-06T17:58:49+00:00","description":"D\u00e9couvrez notre travail au Cameroun","breadcrumb":{"@id":"https:\/\/cusointernational.org\/fr\/travail\/regions-desservies\/cameroun\/#breadcrumb"},"inLanguage":"fr-FR","potentialAction":[{"@type":"ReadAction","target":["https:\/\/cusointernational.org\/fr\/travail\/regions-desservies\/cameroun\/"]}]},{"@type":"ImageObject","inLanguage":"fr-FR","@id":"https:\/\/cusointernational.org\/fr\/travail\/regions-desservies\/cameroun\/#primaryimage","url":"https:\/\/cusointernational.org\/wp-content\/uploads\/cameroon-hero.webp","contentUrl":"https:\/\/cusointernational.org\/wp-content\/uploads\/cameroon-hero.webp","width":1800,"height":1200,"caption":"Cuso International Cameroon"},{"@type":"BreadcrumbList","@id":"https:\/\/cusointernational.org\/fr\/travail\/regions-desservies\/cameroun\/#breadcrumb","itemListElement":[{"@type":"ListItem","position":1,"name":"Home","item":"https:\/\/cusointernational.org\/fr\/"},{"@type":"ListItem","position":2,"name":"Notre Travail","item":"https:\/\/cusointernational.org\/fr\/travail\/"},{"@type":"ListItem","position":3,"name":"R\u00e9gions desservies","item":"https:\/\/cusointernational.org\/fr\/work\/regions-we-serve\/"},{"@type":"ListItem","position":4,"name":"Cameroun"}]},{"@type":"WebSite","@id":"https:\/\/cusointernational.org\/fr\/#website","url":"https:\/\/cusointernational.org\/fr\/","name":"Cuso International","description":"Connecting communities around the world with skilled Canadians to help end poverty","potentialAction":[{"@type":"SearchAction","target":{"@type":"EntryPoint","urlTemplate":"https:\/\/cusointernational.org\/fr\/?s={search_term_string}"},"query-input":{"@type":"PropertyValueSpecification","valueRequired":true,"valueName":"search_term_string"}}],"inLanguage":"fr-FR"}]}},"_links":{"self":[{"href":"https:\/\/cusointernational.org\/fr\/wp-json\/wp\/v2\/pages\/48378","targetHints":{"allow":["GET"]}}],"collection":[{"href":"https:\/\/cusointernational.org\/fr\/wp-json\/wp\/v2\/pages"}],"about":[{"href":"https:\/\/cusointernational.org\/fr\/wp-json\/wp\/v2\/types\/page"}],"author":[{"embeddable":true,"href":"https:\/\/cusointernational.org\/fr\/wp-json\/wp\/v2\/users\/6"}],"replies":[{"embeddable":true,"href":"https:\/\/cusointernational.org\/fr\/wp-json\/wp\/v2\/comments?post=48378"}],"version-history":[{"count":0,"href":"https:\/\/cusointernational.org\/fr\/wp-json\/wp\/v2\/pages\/48378\/revisions"}],"up":[{"embeddable":true,"href":"https:\/\/cusointernational.org\/fr\/wp-json\/wp\/v2\/pages\/48331"}],"wp:featuredmedia":[{"embeddable":true,"href":"https:\/\/cusointernational.org\/fr\/wp-json\/wp\/v2\/media\/47433"}],"wp:attachment":[{"href":"https:\/\/cusointernational.org\/fr\/wp-json\/wp\/v2\/media?parent=48378"}],"wp:term":[{"taxonomy":"post_tag","embeddable":true,"href":"https:\/\/cusointernational.org\/fr\/wp-json\/wp\/v2\/tags?post=48378"}],"curies":[{"name":"wp","href":"https:\/\/api.w.org\/{rel}","templated":true}]}}