{"id":47006,"date":"2024-12-03T13:58:53","date_gmt":"2024-12-03T18:58:53","guid":{"rendered":"https:\/\/cusointernational.org\/emergency-landing-page-french\/"},"modified":"2024-12-10T13:34:00","modified_gmt":"2024-12-10T18:34:00","slug":"canadapost-fr","status":"publish","type":"page","link":"https:\/\/cusointernational.org\/fr\/canadapost-fr\/","title":{"rendered":"Canada Post Fr"},"content":{"rendered":"\n\n<h2>\n\t\t Suivi sur la gr\u00e8ve \u00e0 Postes Canada\n\t<\/h2>\n<h4>\n\t\tAssurez-vous que votre don parvienne aux personnes dans le besoin d\u00e8s maintenant\n\t<\/h4>\n\t<p>La gr\u00e8ve chez Postes Canada ne retarde pas seulement la distribution du courrier&#8230; Elle emp\u00eache aussi l&#8217;aide de parvenir sur le terrain en cette p\u00e9riode cruciale de l&#8217;ann\u00e9e. <strong>Comme les dons tardent \u00e0 arriver, le financement de nos pr\u00e9cieux programmes est incertain.<\/strong><\/p>\n<p>Nous esp\u00e9rons donc que vous pourrez faire un don ponctuel en ligne d\u00e8s aujourd&#8217;hui. En faisant un don sur notre site Web, votre impact sera imm\u00e9diat. Vous nous aiderez ainsi \u00e0 poursuivre notre mission : am\u00e9liorer les conditions de vie des plus\u00a0 d\u00e9munis.<\/p>\n<p>N&#8217;oubliez pas : en donnant d&#8217;ici le 31 d\u00e9cembre, vous aurez droit \u00e0 un re\u00e7u fiscal pour 2024. <strong>Mieux encore, Affaires mondiales Canada nous versera une contrepartie de 6 $ par dollar de don re\u00e7u!<\/strong><\/p>\n\t<meta itemprop=\"url\" content=\"https:\/\/cusointernational.org\/wp-content\/uploads\/Canada-Post-FR.mp4\" \/><div style=\"width: 640px;\" class=\"wp-video\"><video class=\"wp-video-shortcode\" id=\"video-47006-1\" width=\"640\" height=\"360\" preload=\"metadata\" controls=\"controls\"><source type=\"video\/mp4\" src=\"https:\/\/cusointernational.org\/wp-content\/uploads\/Canada-Post-FR.mp4?_=1\" \/><source type=\"video\/mp4\" src=\"https:\/\/cusointernational.org\/wp-content\/uploads\/Canada-Post-FR.mp4?_=1\" \/><source type=\"video\/mp4\" src=\"https:\/\/cusointernational.org\/wp-content\/uploads\/Canada-Post-FR.mp4?_=1\" \/><a href=\"https:\/\/cusointernational.org\/wp-content\/uploads\/Canada-Post-FR.mp4\">https:\/\/cusointernational.org\/wp-content\/uploads\/Canada-Post-FR.mp4<\/a><\/video><\/div>\n\t<a href=\"#XLFCGEHZ\"><\/a>  \n\n","protected":false},"excerpt":{"rendered":"<p>Suivi sur la gr\u00e8ve \u00e0 Postes Canada Assurez-vous que votre don parvienne aux personnes dans le besoin d\u00e8s maintenant La gr\u00e8ve chez Postes Canada ne retarde pas seulement la distribution du courrier&#8230; Elle emp\u00eache aussi l&#8217;aide de parvenir sur le terrain en cette p\u00e9riode cruciale de l&#8217;ann\u00e9e. Comme les dons tardent \u00e0 arriver, le financement&hellip;<\/p>\n","protected":false},"author":39,"featured_media":0,"parent":0,"menu_order":0,"comment_status":"closed","ping_status":"closed","template":"","meta":{"_acf_changed":false,"footnotes":""},"tags":[],"class_list":["post-47006","page","type-page","status-publish","hentry"],"acf":[],"yoast_head":"<!-- This site is optimized with the Yoast SEO plugin v27.5 - https:\/\/yoast.com\/product\/yoast-seo-wordpress\/ -->\n<title>Canada Post Fr - Cuso International<\/title>\n<meta name=\"robots\" content=\"index, follow, max-snippet:-1, max-image-preview:large, max-video-preview:-1\" \/>\n<link rel=\"canonical\" href=\"https:\/\/cusointernational.org\/fr\/canadapost-fr\/\" \/>\n<meta property=\"og:locale\" content=\"fr_FR\" \/>\n<meta property=\"og:type\" content=\"article\" \/>\n<meta property=\"og:title\" content=\"Canada Post Fr - Cuso International\" \/>\n<meta property=\"og:description\" content=\"Suivi sur la gr\u00e8ve \u00e0 Postes Canada Assurez-vous que votre don parvienne aux personnes dans le besoin d\u00e8s maintenant La gr\u00e8ve chez Postes Canada ne retarde pas seulement la distribution du courrier&#8230; Elle emp\u00eache aussi l&#8217;aide de parvenir sur le terrain en cette p\u00e9riode cruciale de l&#8217;ann\u00e9e. Comme les dons tardent \u00e0 arriver, le financement&hellip;\" \/>\n<meta property=\"og:url\" content=\"https:\/\/cusointernational.org\/fr\/canadapost-fr\/\" \/>\n<meta property=\"og:site_name\" content=\"Cuso International\" \/>\n<meta property=\"article:modified_time\" content=\"2024-12-10T18:34:00+00:00\" \/>\n<meta name=\"twitter:card\" content=\"summary_large_image\" \/>\n<meta name=\"twitter:label1\" content=\"Dur\u00e9e de lecture estim\u00e9e\" \/>\n\t<meta name=\"twitter:data1\" content=\"1 minute\" \/>\n<script type=\"application\/ld+json\" class=\"yoast-schema-graph\">{\"@context\":\"https:\\\/\\\/schema.org\",\"@graph\":[{\"@type\":\"WebPage\",\"@id\":\"https:\\\/\\\/cusointernational.org\\\/fr\\\/canadapost-fr\\\/\",\"url\":\"https:\\\/\\\/cusointernational.org\\\/fr\\\/canadapost-fr\\\/\",\"name\":\"Canada Post Fr - Cuso International\",\"isPartOf\":{\"@id\":\"https:\\\/\\\/cusointernational.org\\\/fr\\\/#website\"},\"datePublished\":\"2024-12-03T18:58:53+00:00\",\"dateModified\":\"2024-12-10T18:34:00+00:00\",\"breadcrumb\":{\"@id\":\"https:\\\/\\\/cusointernational.org\\\/fr\\\/canadapost-fr\\\/#breadcrumb\"},\"inLanguage\":\"fr-FR\",\"potentialAction\":[{\"@type\":\"ReadAction\",\"target\":[\"https:\\\/\\\/cusointernational.org\\\/fr\\\/canadapost-fr\\\/\"]}]},{\"@type\":\"BreadcrumbList\",\"@id\":\"https:\\\/\\\/cusointernational.org\\\/fr\\\/canadapost-fr\\\/#breadcrumb\",\"itemListElement\":[{\"@type\":\"ListItem\",\"position\":1,\"name\":\"Home\",\"item\":\"https:\\\/\\\/cusointernational.org\\\/fr\\\/\"},{\"@type\":\"ListItem\",\"position\":2,\"name\":\"Canada Post Fr\"}]},{\"@type\":\"WebSite\",\"@id\":\"https:\\\/\\\/cusointernational.org\\\/fr\\\/#website\",\"url\":\"https:\\\/\\\/cusointernational.org\\\/fr\\\/\",\"name\":\"Cuso International\",\"description\":\"Connecting communities around the world with skilled Canadians to help end poverty\",\"potentialAction\":[{\"@type\":\"SearchAction\",\"target\":{\"@type\":\"EntryPoint\",\"urlTemplate\":\"https:\\\/\\\/cusointernational.org\\\/fr\\\/?s={search_term_string}\"},\"query-input\":{\"@type\":\"PropertyValueSpecification\",\"valueRequired\":true,\"valueName\":\"search_term_string\"}}],\"inLanguage\":\"fr-FR\"}]}<\/script>\n<!-- \/ Yoast SEO plugin. -->","yoast_head_json":{"title":"Canada Post Fr - Cuso International","robots":{"index":"index","follow":"follow","max-snippet":"max-snippet:-1","max-image-preview":"max-image-preview:large","max-video-preview":"max-video-preview:-1"},"canonical":"https:\/\/cusointernational.org\/fr\/canadapost-fr\/","og_locale":"fr_FR","og_type":"article","og_title":"Canada Post Fr - Cuso International","og_description":"Suivi sur la gr\u00e8ve \u00e0 Postes Canada Assurez-vous que votre don parvienne aux personnes dans le besoin d\u00e8s maintenant La gr\u00e8ve chez Postes Canada ne retarde pas seulement la distribution du courrier&#8230; Elle emp\u00eache aussi l&#8217;aide de parvenir sur le terrain en cette p\u00e9riode cruciale de l&#8217;ann\u00e9e. Comme les dons tardent \u00e0 arriver, le financement&hellip;","og_url":"https:\/\/cusointernational.org\/fr\/canadapost-fr\/","og_site_name":"Cuso International","article_modified_time":"2024-12-10T18:34:00+00:00","twitter_card":"summary_large_image","twitter_misc":{"Dur\u00e9e de lecture estim\u00e9e":"1 minute"},"schema":{"@context":"https:\/\/schema.org","@graph":[{"@type":"WebPage","@id":"https:\/\/cusointernational.org\/fr\/canadapost-fr\/","url":"https:\/\/cusointernational.org\/fr\/canadapost-fr\/","name":"Canada Post Fr - Cuso International","isPartOf":{"@id":"https:\/\/cusointernational.org\/fr\/#website"},"datePublished":"2024-12-03T18:58:53+00:00","dateModified":"2024-12-10T18:34:00+00:00","breadcrumb":{"@id":"https:\/\/cusointernational.org\/fr\/canadapost-fr\/#breadcrumb"},"inLanguage":"fr-FR","potentialAction":[{"@type":"ReadAction","target":["https:\/\/cusointernational.org\/fr\/canadapost-fr\/"]}]},{"@type":"BreadcrumbList","@id":"https:\/\/cusointernational.org\/fr\/canadapost-fr\/#breadcrumb","itemListElement":[{"@type":"ListItem","position":1,"name":"Home","item":"https:\/\/cusointernational.org\/fr\/"},{"@type":"ListItem","position":2,"name":"Canada Post Fr"}]},{"@type":"WebSite","@id":"https:\/\/cusointernational.org\/fr\/#website","url":"https:\/\/cusointernational.org\/fr\/","name":"Cuso International","description":"Connecting communities around the world with skilled Canadians to help end poverty","potentialAction":[{"@type":"SearchAction","target":{"@type":"EntryPoint","urlTemplate":"https:\/\/cusointernational.org\/fr\/?s={search_term_string}"},"query-input":{"@type":"PropertyValueSpecification","valueRequired":true,"valueName":"search_term_string"}}],"inLanguage":"fr-FR"}]}},"_links":{"self":[{"href":"https:\/\/cusointernational.org\/fr\/wp-json\/wp\/v2\/pages\/47006","targetHints":{"allow":["GET"]}}],"collection":[{"href":"https:\/\/cusointernational.org\/fr\/wp-json\/wp\/v2\/pages"}],"about":[{"href":"https:\/\/cusointernational.org\/fr\/wp-json\/wp\/v2\/types\/page"}],"author":[{"embeddable":true,"href":"https:\/\/cusointernational.org\/fr\/wp-json\/wp\/v2\/users\/39"}],"replies":[{"embeddable":true,"href":"https:\/\/cusointernational.org\/fr\/wp-json\/wp\/v2\/comments?post=47006"}],"version-history":[{"count":0,"href":"https:\/\/cusointernational.org\/fr\/wp-json\/wp\/v2\/pages\/47006\/revisions"}],"wp:attachment":[{"href":"https:\/\/cusointernational.org\/fr\/wp-json\/wp\/v2\/media?parent=47006"}],"wp:term":[{"taxonomy":"post_tag","embeddable":true,"href":"https:\/\/cusointernational.org\/fr\/wp-json\/wp\/v2\/tags?post=47006"}],"curies":[{"name":"wp","href":"https:\/\/api.w.org\/{rel}","templated":true}]}}