{"id":46344,"date":"2024-09-12T15:05:24","date_gmt":"2024-09-12T19:05:24","guid":{"rendered":"https:\/\/cusointernational.org\/?page_id=46344"},"modified":"2024-09-18T19:52:46","modified_gmt":"2024-09-18T23:52:46","slug":"automne2024","status":"publish","type":"page","link":"https:\/\/cusointernational.org\/fr\/automne2024\/","title":{"rendered":"Automne 2024 Bulletin"},"content":{"rendered":"\r\n<h2>\r\n\t\tIMPACT\r\n\t<\/h2>\r\n\t<p>Vos dons en action &#8211; Automne 2024<\/p>\r\n<p>Que ce soit en d\u00e9mantelant les obstacles au Cameroun ou en red\u00e9finissant les r\u00f4les au Congo, votre g\u00e9n\u00e9rosit\u00e9 change des vies! D\u00e9couvrez d&#8217;incroyables r\u00e9cits de transformation, comme celui d&#8217;Habiba, une jeune femme inspirante qui d\u00e9fie les st\u00e9r\u00e9otypes de genre dans le domaine de la technologie de l&#8217;information gr\u00e2ce \u00e0 votre aide! Apprenez-en plus sur l&#8217;impact de votre don dans la lutte contre la pauvret\u00e9 et les in\u00e9galit\u00e9s \u00e0 travers le monde.<\/p>\r\n\t\t\t\t\t<a href=\"#\" id=\"fl-tabs--label-0\" data-index=\"0\" aria-selected=\"true\" aria-controls=\"fl-tabs--panel-0\" aria-expanded=\"true\" role=\"tab\" tabindex=\"0\">\t\t\t\tFemmes en technologie\t\t\t<\/a>\r\n\t\t\t\t\t<a href=\"#\" id=\"fl-tabs--label-1\" data-index=\"1\" aria-selected=\"false\" aria-controls=\"fl-tabs--panel-1\" aria-expanded=\"false\" role=\"tab\" tabindex=\"0\">\t\t\t\t\u00c9galit\u00e9 de genres\t\t\t<\/a>\r\n\t\t\t\t\t<a href=\"#\" id=\"fl-tabs--label-2\" data-index=\"2\" aria-selected=\"false\" aria-controls=\"fl-tabs--panel-2\" aria-expanded=\"false\" role=\"tab\" tabindex=\"0\">\t\t\t\tPossibilit\u00e9s \u00e9conomiques\t\t\t<\/a>\r\n\t\t\t\t\t<a href=\"#\" id=\"fl-tabs--label-3\" data-index=\"3\" aria-selected=\"false\" aria-controls=\"fl-tabs--panel-3\" aria-expanded=\"false\" role=\"tab\" tabindex=\"0\">\t\t\t\tCuso Recherche de mots\t\t\t<\/a>\r\n\t\t\t\tFemmes en technologie\r\n                                        <img decoding=\"async\" src=\"https:\/\/cusointernational.org\/wp-content\/uploads\/story-1-image.png\" alt=\"A woman giving a speech at Techwomen Factory conference\"\/>                    <h3>Votre appui aide \u00e0 red\u00e9finir les r\u00f4les de genre<\/h3><p>Nous aidons les Camerounaises \u00e0 vivre de leur passion<\/p>\r\n<p>Au Cameroun, les normes sexosp\u00e9cifiques veulent que les femmes se marient jeunes et se consacrent \u00e0 leurs obligations familiales. Habiba, une Foulani musulmane voil\u00e9e dans la trentaine, tente de se d\u00e9faire des attentes sociales.\u00a0<\/p>\r\n<p>\u00c0 21\u00a0ans, Habiba concevait d\u00e9j\u00e0 des applications, anim\u00e9e par sa passion pour la technologie de l&#8217;information, surtout la programmation, l&#8217;analyse et le g\u00e9nie logiciel.\u00a0Elle s&#8217;est inscrite au programme TechWomen Factory de Cuso International pour progresser dans sa carri\u00e8re en codage et en science des donn\u00e9es. Ce partenariat avec le Cameroon Youth School Tech Incubator apprend aux femmes de 18 \u00e0 35 ans les comp\u00e9tences num\u00e9riques essentielles dans le march\u00e9 d&#8217;aujourd&#8217;hui.<\/p>\r\n<p>En plus d&#8217;avoir surpass\u00e9 ses pairs aux examens nationaux, Habiba s&#8217;est fait offrir un stage prestigieux. Elle est \u00e9galement la premi\u00e8re femme \u00e0 si\u00e9ger \u00e0 un conseil d&#8217;administration local. Elle est aujourd&#8217;hui conseill\u00e8re technique subalterne en couverture sant\u00e9 universelle et participe \u00e0 des \u00e9v\u00e9nements o\u00f9 elle parle de son exp\u00e9rience en tant que sp\u00e9cialiste de la gestion et de l&#8217;analyse des donn\u00e9es.<\/p>\r\n<p>Gr\u00e2ce \u00e0 vous, Habiba aspire \u00e0 un r\u00f4le o\u00f9 elle pourra prendre des d\u00e9cisions strat\u00e9giques pour les personnes marginalis\u00e9es de sa communaut\u00e9, surtout les femmes qui r\u00eavent de suivre ses bris\u00e9es.<\/p>\r\n\t\t\t\t\u00c9galit\u00e9 de genres\r\n                                        <img decoding=\"async\" src=\"https:\/\/cusointernational.org\/wp-content\/uploads\/story-2-image.png\" alt=\"Sami standing in front of a tree\"\/>                    <h3>Une meilleure \u00e9galit\u00e9 des sexes gr\u00e2ce \u00e0 vous<\/h3><p>Place \u00e0 la masculinit\u00e9 positive au Congo<\/p>\r\n<p>Plusieurs soci\u00e9t\u00e9s veulent que les hommes m\u00e8nent et que les femmes suivent. C&#8217;est le cas de la R\u00e9publique d\u00e9mocratique du Congo\u00a0(RDC). Mais Samy voit maintenant les choses diff\u00e9remment. <i>\u00ab\u00a0Les r\u00f4les sociaux ne sont pas immuables. Les hommes doivent aussi combattre les antivaleurs et les st\u00e9r\u00e9otypes qu&#8217;ils cr\u00e9ent\u00a0\u00bb,<\/i> affirme-t-il apr\u00e8s l&#8217;atelier de Cuso International sur le genre.<\/p>\r\n<p>Il est crucial de changer les mentalit\u00e9s entourant le genre dans des endroits o\u00f9 les normes ancr\u00e9es assujettissent les femmes \u00e0 un traitement in\u00e9gal et des pratiques nuisibles.<\/p>\r\n<p>Gr\u00e2ce \u00e0 vous, Samy et ses coll\u00e8gues de l&#8217;UCOOPMAKIN, l&#8217;un de nos partenaires \u00e0 la RDC, ont suivi une formation sur la masculinit\u00e9 positive et le leadership f\u00e9minin. Ces ateliers ont transform\u00e9 les attitudes des hommes et des femmes, promouvant le respect et ouvrant des portes auparavant ferm\u00e9es aux femmes.<\/p>\r\n<p>Merci de contribuer \u00e0 ces programmes et \u00e0 la cr\u00e9ation de communaut\u00e9s \u00e9quitables.<\/p>\r\n\t\t\t\tPossibilit\u00e9s \u00e9conomiques\r\n                                        <img decoding=\"async\" src=\"https:\/\/cusointernational.org\/wp-content\/uploads\/story-3-image.png\" alt=\"Caroline working with young women\"\/>                    <h3>Vos dons encouragent les jeunes en Colombie<\/h3><p>La libert\u00e9 \u00e9conomique par l&#8217;expression artistique<\/p>\r\n<p>En Colombie, le partenaire local de Cuso International, la fondation Kaby, cr\u00e9e des espaces culturels artistiques qui promeuvent la r\u00e9silience \u00e9conomique, l&#8217;autonomie et l&#8217;agentivit\u00e9. Gr\u00e2ce \u00e0 vous, les jeunes d&#8217;El\u00a0Trompito, en Colombie, ont pu participer \u00e0 des ateliers de s\u00e9rigraphie et de collage. Ils en sont sortis remplis d&#8217;espoir et munis de nouvelles comp\u00e9tences pour gagner un revenu, r\u00e9pondre aux besoins de leur famille et am\u00e9liorer leur qualit\u00e9 de vie!<\/p>\r\n\t\t\t\tCuso Recherche de mots\r\n                                        <img decoding=\"async\" src=\"https:\/\/cusointernational.org\/wp-content\/uploads\/story-4-image-Crossword-FR-Version.png\" alt=\"Crossword\"\/>                    <h3>Votre soutien atteint le monde entier\u00a0:<\/h3><p>D\u00e9couvrez o\u00f9 Cuso International travaille, gr\u00e2ce \u00e0 vous !<\/p>\r\n\t\t\t\t\t\t\t\t<a href=\"https:\/\/cusointernational.org\/wp-content\/uploads\/CUSO-NL2409-Digital-Crossword-FR.pdf\" target=\"_self\" rel=\"noopener\">\r\n\t\t\t\t\t\t\t\t\tCliquez ici pour t\u00e9l\u00e9charger votre recherche de mots  Cuso International\u00a0!\r\n\t\t\t\t\t\t\t\t<\/a>\r\n<h2>\r\n\t\t<a href=\"https:\/\/cusointernational.org\/cuso-publications\/#impact-newsletter\" title=\"voir les \u00e9ditions pass\u00e9es\" target=\"_self\" rel=\"noopener\">\r\n\t\tvoir les \u00e9ditions pass\u00e9es\r\n\t\t<\/a>\r\n\t<\/h2>\r\n<h2>\r\n\t\tENSEMBLE, CHANGEONS LE MONDE!\r\n\t<\/h2>\r\n<h4>\r\n\t\tAdh\u00e9rer \u00e0 notre programme de dons mensuels.\r\n\t<\/h4>\r\n\t<p>Engagez-vous d\u00e8s maintenant \u00e0 changer des vies. Devenez l&#8217;un des piliers de notre travail en nous aidant \u00e0 offrir des programmes qui inculquent aux personnes dans le besoin des comp\u00e9tences et des connaissances indispensables.<\/p>\r\n<p>Gr\u00e2ce \u00e0 un flux constant de soutien, nous pouvons consolider nos partenariats avec les communaut\u00e9s locales afin de changer le monde pour de bon. De plus, les dons mensuels maximisent chacune de vos contributions en r\u00e9duisant les co\u00fbts indirects.\u00a0<\/p>\r\n<p>Pour vous remercier de votre participation au programme, vous recevrez des nouvelles exclusives sur les changements durables apport\u00e9s gr\u00e2ce \u00e0 votre g\u00e9n\u00e9rosit\u00e9. Merci \u00e0 l&#8217;avance de votre appui!<\/p>\r\n\t\t\t\t<img loading=\"lazy\" decoding=\"async\" src=\"https:\/\/cusointernational.org\/wp-content\/uploads\/multiplie-7-1-1.png\" alt=\"multiplie-7 1 (1)\" itemprop=\"image\" height=\"114\" width=\"114\" title=\"multiplie-7 1 (1)\" onerror=\"this.style.display='none'\"  \/>\r\n\t\t\t\t<img decoding=\"async\" src=\"https:\/\/cusointernational.org\/wp-content\/plugins\/bb-plugin\/img\/pixel.png\" alt=\"\" itemprop=\"image\" onerror=\"this.style.display='none'\"  \/>\r\n\t<a href=\"#XPUPMJRN\"><\/a>\r\n\r\n","protected":false},"excerpt":{"rendered":"<p>IMPACT Vos dons en action &#8211; Automne 2024 Que ce soit en d\u00e9mantelant les obstacles au Cameroun ou en red\u00e9finissant les r\u00f4les au Congo, votre g\u00e9n\u00e9rosit\u00e9 change des vies! D\u00e9couvrez d&#8217;incroyables r\u00e9cits de transformation, comme celui d&#8217;Habiba, une jeune femme inspirante qui d\u00e9fie les st\u00e9r\u00e9otypes de genre dans le domaine de la technologie de l&#8217;information&hellip;<\/p>\n","protected":false},"author":39,"featured_media":0,"parent":0,"menu_order":0,"comment_status":"closed","ping_status":"closed","template":"","meta":{"_acf_changed":false,"footnotes":""},"tags":[],"class_list":["post-46344","page","type-page","status-publish","hentry"],"acf":[],"yoast_head":"<!-- This site is optimized with the Yoast SEO plugin v27.5 - https:\/\/yoast.com\/product\/yoast-seo-wordpress\/ -->\n<title>Automne 2024 Bulletin - Cuso International<\/title>\n<meta name=\"robots\" content=\"index, follow, max-snippet:-1, max-image-preview:large, max-video-preview:-1\" \/>\n<link rel=\"canonical\" href=\"https:\/\/cusointernational.org\/fr\/automne2024\/\" \/>\n<meta property=\"og:locale\" content=\"fr_FR\" \/>\n<meta property=\"og:type\" content=\"article\" \/>\n<meta property=\"og:title\" content=\"Automne 2024 Bulletin - Cuso International\" \/>\n<meta property=\"og:description\" content=\"IMPACT Vos dons en action &#8211; Automne 2024 Que ce soit en d\u00e9mantelant les obstacles au Cameroun ou en red\u00e9finissant les r\u00f4les au Congo, votre g\u00e9n\u00e9rosit\u00e9 change des vies! D\u00e9couvrez d&#8217;incroyables r\u00e9cits de transformation, comme celui d&#8217;Habiba, une jeune femme inspirante qui d\u00e9fie les st\u00e9r\u00e9otypes de genre dans le domaine de la technologie de l&#8217;information&hellip;\" \/>\n<meta property=\"og:url\" content=\"https:\/\/cusointernational.org\/fr\/automne2024\/\" \/>\n<meta property=\"og:site_name\" content=\"Cuso International\" \/>\n<meta property=\"article:modified_time\" content=\"2024-09-18T23:52:46+00:00\" \/>\n<meta property=\"og:image\" content=\"https:\/\/cusointernational.org\/wp-content\/uploads\/story-1-image.png\" \/>\n<meta name=\"twitter:card\" content=\"summary_large_image\" \/>\n<meta name=\"twitter:label1\" content=\"Dur\u00e9e de lecture estim\u00e9e\" \/>\n\t<meta name=\"twitter:data1\" content=\"5 minutes\" \/>\n<script type=\"application\/ld+json\" class=\"yoast-schema-graph\">{\"@context\":\"https:\\\/\\\/schema.org\",\"@graph\":[{\"@type\":\"WebPage\",\"@id\":\"https:\\\/\\\/cusointernational.org\\\/fr\\\/automne2024\\\/\",\"url\":\"https:\\\/\\\/cusointernational.org\\\/fr\\\/automne2024\\\/\",\"name\":\"Automne 2024 Bulletin - Cuso International\",\"isPartOf\":{\"@id\":\"https:\\\/\\\/cusointernational.org\\\/fr\\\/#website\"},\"primaryImageOfPage\":{\"@id\":\"https:\\\/\\\/cusointernational.org\\\/fr\\\/automne2024\\\/#primaryimage\"},\"image\":{\"@id\":\"https:\\\/\\\/cusointernational.org\\\/fr\\\/automne2024\\\/#primaryimage\"},\"thumbnailUrl\":\"https:\\\/\\\/cusointernational.org\\\/wp-content\\\/uploads\\\/story-1-image.png\",\"datePublished\":\"2024-09-12T19:05:24+00:00\",\"dateModified\":\"2024-09-18T23:52:46+00:00\",\"breadcrumb\":{\"@id\":\"https:\\\/\\\/cusointernational.org\\\/fr\\\/automne2024\\\/#breadcrumb\"},\"inLanguage\":\"fr-FR\",\"potentialAction\":[{\"@type\":\"ReadAction\",\"target\":[\"https:\\\/\\\/cusointernational.org\\\/fr\\\/automne2024\\\/\"]}]},{\"@type\":\"ImageObject\",\"inLanguage\":\"fr-FR\",\"@id\":\"https:\\\/\\\/cusointernational.org\\\/fr\\\/automne2024\\\/#primaryimage\",\"url\":\"https:\\\/\\\/cusointernational.org\\\/wp-content\\\/uploads\\\/story-1-image.png\",\"contentUrl\":\"https:\\\/\\\/cusointernational.org\\\/wp-content\\\/uploads\\\/story-1-image.png\"},{\"@type\":\"BreadcrumbList\",\"@id\":\"https:\\\/\\\/cusointernational.org\\\/fr\\\/automne2024\\\/#breadcrumb\",\"itemListElement\":[{\"@type\":\"ListItem\",\"position\":1,\"name\":\"Home\",\"item\":\"https:\\\/\\\/cusointernational.org\\\/fr\\\/\"},{\"@type\":\"ListItem\",\"position\":2,\"name\":\"Automne 2024 Bulletin\"}]},{\"@type\":\"WebSite\",\"@id\":\"https:\\\/\\\/cusointernational.org\\\/fr\\\/#website\",\"url\":\"https:\\\/\\\/cusointernational.org\\\/fr\\\/\",\"name\":\"Cuso International\",\"description\":\"Connecting communities around the world with skilled Canadians to help end poverty\",\"potentialAction\":[{\"@type\":\"SearchAction\",\"target\":{\"@type\":\"EntryPoint\",\"urlTemplate\":\"https:\\\/\\\/cusointernational.org\\\/fr\\\/?s={search_term_string}\"},\"query-input\":{\"@type\":\"PropertyValueSpecification\",\"valueRequired\":true,\"valueName\":\"search_term_string\"}}],\"inLanguage\":\"fr-FR\"}]}<\/script>\n<!-- \/ Yoast SEO plugin. -->","yoast_head_json":{"title":"Automne 2024 Bulletin - Cuso International","robots":{"index":"index","follow":"follow","max-snippet":"max-snippet:-1","max-image-preview":"max-image-preview:large","max-video-preview":"max-video-preview:-1"},"canonical":"https:\/\/cusointernational.org\/fr\/automne2024\/","og_locale":"fr_FR","og_type":"article","og_title":"Automne 2024 Bulletin - Cuso International","og_description":"IMPACT Vos dons en action &#8211; Automne 2024 Que ce soit en d\u00e9mantelant les obstacles au Cameroun ou en red\u00e9finissant les r\u00f4les au Congo, votre g\u00e9n\u00e9rosit\u00e9 change des vies! D\u00e9couvrez d&#8217;incroyables r\u00e9cits de transformation, comme celui d&#8217;Habiba, une jeune femme inspirante qui d\u00e9fie les st\u00e9r\u00e9otypes de genre dans le domaine de la technologie de l&#8217;information&hellip;","og_url":"https:\/\/cusointernational.org\/fr\/automne2024\/","og_site_name":"Cuso International","article_modified_time":"2024-09-18T23:52:46+00:00","og_image":[{"url":"https:\/\/cusointernational.org\/wp-content\/uploads\/story-1-image.png","type":"","width":"","height":""}],"twitter_card":"summary_large_image","twitter_misc":{"Dur\u00e9e de lecture estim\u00e9e":"5 minutes"},"schema":{"@context":"https:\/\/schema.org","@graph":[{"@type":"WebPage","@id":"https:\/\/cusointernational.org\/fr\/automne2024\/","url":"https:\/\/cusointernational.org\/fr\/automne2024\/","name":"Automne 2024 Bulletin - Cuso International","isPartOf":{"@id":"https:\/\/cusointernational.org\/fr\/#website"},"primaryImageOfPage":{"@id":"https:\/\/cusointernational.org\/fr\/automne2024\/#primaryimage"},"image":{"@id":"https:\/\/cusointernational.org\/fr\/automne2024\/#primaryimage"},"thumbnailUrl":"https:\/\/cusointernational.org\/wp-content\/uploads\/story-1-image.png","datePublished":"2024-09-12T19:05:24+00:00","dateModified":"2024-09-18T23:52:46+00:00","breadcrumb":{"@id":"https:\/\/cusointernational.org\/fr\/automne2024\/#breadcrumb"},"inLanguage":"fr-FR","potentialAction":[{"@type":"ReadAction","target":["https:\/\/cusointernational.org\/fr\/automne2024\/"]}]},{"@type":"ImageObject","inLanguage":"fr-FR","@id":"https:\/\/cusointernational.org\/fr\/automne2024\/#primaryimage","url":"https:\/\/cusointernational.org\/wp-content\/uploads\/story-1-image.png","contentUrl":"https:\/\/cusointernational.org\/wp-content\/uploads\/story-1-image.png"},{"@type":"BreadcrumbList","@id":"https:\/\/cusointernational.org\/fr\/automne2024\/#breadcrumb","itemListElement":[{"@type":"ListItem","position":1,"name":"Home","item":"https:\/\/cusointernational.org\/fr\/"},{"@type":"ListItem","position":2,"name":"Automne 2024 Bulletin"}]},{"@type":"WebSite","@id":"https:\/\/cusointernational.org\/fr\/#website","url":"https:\/\/cusointernational.org\/fr\/","name":"Cuso International","description":"Connecting communities around the world with skilled Canadians to help end poverty","potentialAction":[{"@type":"SearchAction","target":{"@type":"EntryPoint","urlTemplate":"https:\/\/cusointernational.org\/fr\/?s={search_term_string}"},"query-input":{"@type":"PropertyValueSpecification","valueRequired":true,"valueName":"search_term_string"}}],"inLanguage":"fr-FR"}]}},"_links":{"self":[{"href":"https:\/\/cusointernational.org\/fr\/wp-json\/wp\/v2\/pages\/46344","targetHints":{"allow":["GET"]}}],"collection":[{"href":"https:\/\/cusointernational.org\/fr\/wp-json\/wp\/v2\/pages"}],"about":[{"href":"https:\/\/cusointernational.org\/fr\/wp-json\/wp\/v2\/types\/page"}],"author":[{"embeddable":true,"href":"https:\/\/cusointernational.org\/fr\/wp-json\/wp\/v2\/users\/39"}],"replies":[{"embeddable":true,"href":"https:\/\/cusointernational.org\/fr\/wp-json\/wp\/v2\/comments?post=46344"}],"version-history":[{"count":0,"href":"https:\/\/cusointernational.org\/fr\/wp-json\/wp\/v2\/pages\/46344\/revisions"}],"wp:attachment":[{"href":"https:\/\/cusointernational.org\/fr\/wp-json\/wp\/v2\/media?parent=46344"}],"wp:term":[{"taxonomy":"post_tag","embeddable":true,"href":"https:\/\/cusointernational.org\/fr\/wp-json\/wp\/v2\/tags?post=46344"}],"curies":[{"name":"wp","href":"https:\/\/api.w.org\/{rel}","templated":true}]}}