{"id":45507,"date":"2024-06-20T11:47:31","date_gmt":"2024-06-20T15:47:31","guid":{"rendered":"https:\/\/cusointernational.org\/?page_id=45507"},"modified":"2024-10-04T15:01:14","modified_gmt":"2024-10-04T19:01:14","slug":"ete2024","status":"publish","type":"page","link":"https:\/\/cusointernational.org\/fr\/ete2024\/","title":{"rendered":"EAppeal Landing Page Summer 2024"},"content":{"rendered":"\r\n<h1>La technologie au service des agricultrices r\u00e9sistantes au changement climatique<\/h1>\r\n<p><img loading=\"lazy\" decoding=\"async\" title=\"Mme Ange Ngo Boumal - Tech for climate resilient women farmers\" src=\"https:\/\/cusointernational.org\/wp-content\/uploads\/Mme-Ange-Ngo-Boumal-Tech-for-climate-resilient-women-farmers.jpeg\" alt=\"Mme Ange Ngo Boumal - Tech for climate resilient women farmers\" width=\"780\" height=\"1040\" \/><\/p>\r\n<p>Madame Sabine doit composer avec des changements climatiques auxquels ses parents et ses grands-parents n&#8217;ont jamais eu \u00e0 faire face. Une situation m\u00e9t\u00e9o instable, des pr\u00e9cipitations irr\u00e9guli\u00e8res et un nombre accru de s\u00e9cheresses, d&#8217;inondations et de temp\u00eates de vent font de l&#8217;agriculture un moyen de subsistance de plus en plus pr\u00e9caire au Cameroun.<\/p>\r\n<p>Quand on ajoute la pand\u00e9mie de COVID-19 \u00e0 l&#8217;\u00e9quation, les cons\u00e9quences sont d\u00e9vastatrices, surtout pour les femmes. Il est donc plus important que jamais de continuer \u00e0 partager nos savoirs et nos savoir-faire avec ces cultivatrices. L&#8217;utilisation de semences r\u00e9sistantes \u00e0 la s\u00e9cheresse et de techniques agricoles durables et adapt\u00e9es aux changements climatiques sera essentielle pour assurer la survie de ces femmes et de leur famille apr\u00e8s la pand\u00e9mie.<\/p>\r\n<blockquote>\r\n<p>\u00ab Ce sont principalement les femmes qui \u0153uvrent en agriculture, explique Madame Sabine, dont la famille cultive la terre depuis des g\u00e9n\u00e9rations. Ce sont les femmes qui nourrissent leur famille. \u00bb<\/p>\r\n<\/blockquote>\r\n<p>Pourtant, elles n&#8217;ont pas acc\u00e8s \u00e0 l&#8217;information (comme des alertes m\u00e9t\u00e9o) aussi ais\u00e9ment que les hommes. R\u00e9sultat : la productivit\u00e9 et les profits des femmes sont moins \u00e9lev\u00e9s que ceux des hommes.<\/p>\r\n<p>Madame Benda, qui descend d&#8217;une longue lign\u00e9e de petits cultivateurs, peut en t\u00e9moigner. Elle se souvient encore de l&#8217;\u00e9poque o\u00f9 elle \u00e9tait capable de pr\u00e9voir la m\u00e9t\u00e9o\u2026 Ce n&#8217;est malheureusement plus le cas aujourd&#8217;hui.<\/p>\r\n<blockquote>\r\n<p>\u00ab Nous savions quand arriveraient de faibles pluies et quand nous pr\u00e9parer pour les pluies abondantes, explique-t-elle. Maintenant, la m\u00e9t\u00e9o est impr\u00e9visible. Je n&#8217;ai pas pu planter mon ma\u00efs \u00e0 la date pr\u00e9vue parce qu&#8217;il n&#8217;a pas plu. \u00bb<\/p>\r\n<\/blockquote>\r\n<p>Madame Sabine et Madame Benda sont parmi les 40 cultivatrices qui participent au projet Accro\u00eetre la r\u00e9silience des cultivatrices que Cuso International a mis en place dans la commune d&#8217;Awa\u00e9, \u00e0 une cinquantaine de kilom\u00e8tres de Yaound\u00e9, la capitale camerounaise.<\/p>\r\n<p>Le projet, l&#8217;un des trois choisis par les anciens de Cuso International dans le cadre du Fonds pour l&#8217;innovation, vise \u00e0 r\u00e9duire l&#8217;\u00e9cart entre les femmes et les hommes en agriculture.<\/p>\r\n<p>&nbsp;<\/p>\r\n<p><img loading=\"lazy\" decoding=\"async\" title=\"Mme Helene Dibokwe - Tech for climate resilient women farmers\" src=\"https:\/\/cusointernational.org\/wp-content\/uploads\/Mme-Helene-Dibokwe-Tech-for-climate-resilient-women-farmers.jpeg\" alt=\"Mme Helene Dibokwe - Tech for climate resilient women farmers\" width=\"1080\" height=\"810\" \/><\/p>\r\n<p>Nelly Rakotozafy, une coop\u00e9rante-volontaire de Cuso International, fait partie des t\u00eates dirigeantes du projet. Les participantes ont re\u00e7u des semences s\u00e9lectionn\u00e9es pour le climat changeant du pays, ainsi que de la formation sur des techniques agricoles plus performantes, dont une application pour t\u00e9l\u00e9phone intelligent!<\/p>\r\n<blockquote>\r\n<p>\u00ab Je travaille avec ces femmes depuis quelques mois d\u00e9j\u00e0. Elles ont beaucoup \u00e0 dire sur l&#8217;impact des changements climatiques sur leur vie, raconte Nelly. Cette application leur donne de l&#8217;information sur les pr\u00e9visions m\u00e9t\u00e9o pour la journ\u00e9e, et m\u00eame d&#8217;heure en heure. Si l&#8217;on pr\u00e9voit une temp\u00eate, elles peuvent d\u00e9cider d&#8217;ensemencer leur champ plus tard. \u00bb<\/p>\r\n<p>En plus des pr\u00e9visions m\u00e9t\u00e9o, l&#8217;application mobile propose l&#8217;information abord\u00e9e pendant les formations et permet aux cultivatrices de discuter de leurs exp\u00e9riences et de demander des conseils sur un forum de discussion. \u00ab Si l&#8217;une des femmes rencontre des difficult\u00e9s avec son ma\u00efs, elle peut en discuter avec le groupe. Une autre femme pourrait avoir des trucs \u00e0 lui donner \u00bb, souligne Nelly.<\/p>\r\n<\/blockquote>\r\n<p>Dans un pays o\u00f9 l&#8217;agriculture repr\u00e9sente pr\u00e8s de 70 % de l&#8217;\u00e9conomie, une croissance \u00e9conomique durable, l&#8217;inclusion et l&#8217;\u00e9galit\u00e9 homme-femme sont essentielles pour am\u00e9liorer la r\u00e9silience climatique et la s\u00e9curit\u00e9 alimentaire.<\/p>\r\n<p>Des stations m\u00e9t\u00e9orologiques mobiles ont \u00e9t\u00e9 install\u00e9es \u00e0 Awa\u00e9 et Ed\u00e9a afin que les cultivatrices puissent acc\u00e9der \u00e0 des donn\u00e9es fiables \u00e0 partir de leur t\u00e9l\u00e9phone.<\/p>\r\n<p>Le projet pilote de Cuso International est une initiative men\u00e9e conjointement avec le minist\u00e8re de l&#8217;Environnement et de la Protection de la nature et le minist\u00e8re de l&#8217;Agriculture, du d\u00e9veloppement durable et l&#8217;Institut de recherche agricole pour le d\u00e9veloppement du Cameroun.<\/p>\r\n<p>Vous pouvez aider encore plus de cultivatrices comme Madame Sabine et Madame Benda en\u00a0<a href=\"https:\/\/cusointernational.org\/?form=Special4\" rel=\"noopener noreferrer\">faisant un don en leur nom<\/a>. Dans la foul\u00e9e de la pand\u00e9mie de COVID-19, le travail de Cuso International est plus important que jamais.<\/p>\r\n<p>&nbsp;<\/p>\r\n","protected":false},"excerpt":{"rendered":"<p>La technologie au service des agricultrices r\u00e9sistantes au changement climatique Madame Sabine doit composer avec des changements climatiques auxquels ses parents et ses grands-parents n&#8217;ont jamais eu \u00e0 faire face. Une situation m\u00e9t\u00e9o instable, des pr\u00e9cipitations irr\u00e9guli\u00e8res et un nombre accru de s\u00e9cheresses, d&#8217;inondations et de temp\u00eates de vent font de l&#8217;agriculture un moyen de&hellip;<\/p>\n","protected":false},"author":38,"featured_media":45492,"parent":0,"menu_order":0,"comment_status":"closed","ping_status":"closed","template":"","meta":{"_acf_changed":false,"footnotes":""},"tags":[],"class_list":["post-45507","page","type-page","status-publish","has-post-thumbnail","hentry"],"acf":[],"yoast_head":"<!-- This site is optimized with the Yoast SEO plugin v27.4 - https:\/\/yoast.com\/product\/yoast-seo-wordpress\/ -->\n<title>\u00c9t\u00e9 2024 | Cuso International<\/title>\n<meta name=\"robots\" content=\"index, follow, max-snippet:-1, max-image-preview:large, max-video-preview:-1\" \/>\n<link rel=\"canonical\" href=\"https:\/\/cusointernational.org\/fr\/ete2024\/\" \/>\n<meta property=\"og:locale\" content=\"fr_FR\" \/>\n<meta property=\"og:type\" content=\"article\" \/>\n<meta property=\"og:title\" content=\"\u00c9t\u00e9 2024 | Cuso International\" \/>\n<meta property=\"og:description\" content=\"La technologie au service des agricultrices r\u00e9sistantes au changement climatique Madame Sabine doit composer avec des changements climatiques auxquels ses parents et ses grands-parents n&#8217;ont jamais eu \u00e0 faire face. Une situation m\u00e9t\u00e9o instable, des pr\u00e9cipitations irr\u00e9guli\u00e8res et un nombre accru de s\u00e9cheresses, d&#8217;inondations et de temp\u00eates de vent font de l&#8217;agriculture un moyen de&hellip;\" \/>\n<meta property=\"og:url\" content=\"https:\/\/cusointernational.org\/fr\/ete2024\/\" \/>\n<meta property=\"og:site_name\" content=\"Cuso International\" \/>\n<meta property=\"article:modified_time\" content=\"2024-10-04T19:01:14+00:00\" \/>\n<meta property=\"og:image\" content=\"https:\/\/cusointernational.org\/wp-content\/uploads\/Mme-Ange-Ngo-Boumal-Tech-for-climate-resilient-women-farmers.jpeg\" \/>\n\t<meta property=\"og:image:width\" content=\"780\" \/>\n\t<meta property=\"og:image:height\" content=\"1040\" \/>\n\t<meta property=\"og:image:type\" content=\"image\/jpeg\" \/>\n<meta name=\"twitter:card\" content=\"summary_large_image\" \/>\n<meta name=\"twitter:label1\" content=\"Dur\u00e9e de lecture estim\u00e9e\" \/>\n\t<meta name=\"twitter:data1\" content=\"3 minutes\" \/>\n<script type=\"application\/ld+json\" class=\"yoast-schema-graph\">{\"@context\":\"https:\\\/\\\/schema.org\",\"@graph\":[{\"@type\":\"WebPage\",\"@id\":\"https:\\\/\\\/cusointernational.org\\\/fr\\\/ete2024\\\/\",\"url\":\"https:\\\/\\\/cusointernational.org\\\/fr\\\/ete2024\\\/\",\"name\":\"\u00c9t\u00e9 2024 | Cuso International\",\"isPartOf\":{\"@id\":\"https:\\\/\\\/cusointernational.org\\\/fr\\\/#website\"},\"primaryImageOfPage\":{\"@id\":\"https:\\\/\\\/cusointernational.org\\\/fr\\\/ete2024\\\/#primaryimage\"},\"image\":{\"@id\":\"https:\\\/\\\/cusointernational.org\\\/fr\\\/ete2024\\\/#primaryimage\"},\"thumbnailUrl\":\"https:\\\/\\\/cusointernational.org\\\/wp-content\\\/uploads\\\/Mme-Ange-Ngo-Boumal-Tech-for-climate-resilient-women-farmers.jpeg\",\"datePublished\":\"2024-06-20T15:47:31+00:00\",\"dateModified\":\"2024-10-04T19:01:14+00:00\",\"breadcrumb\":{\"@id\":\"https:\\\/\\\/cusointernational.org\\\/fr\\\/ete2024\\\/#breadcrumb\"},\"inLanguage\":\"fr-FR\",\"potentialAction\":[{\"@type\":\"ReadAction\",\"target\":[\"https:\\\/\\\/cusointernational.org\\\/fr\\\/ete2024\\\/\"]}]},{\"@type\":\"ImageObject\",\"inLanguage\":\"fr-FR\",\"@id\":\"https:\\\/\\\/cusointernational.org\\\/fr\\\/ete2024\\\/#primaryimage\",\"url\":\"https:\\\/\\\/cusointernational.org\\\/wp-content\\\/uploads\\\/Mme-Ange-Ngo-Boumal-Tech-for-climate-resilient-women-farmers.jpeg\",\"contentUrl\":\"https:\\\/\\\/cusointernational.org\\\/wp-content\\\/uploads\\\/Mme-Ange-Ngo-Boumal-Tech-for-climate-resilient-women-farmers.jpeg\",\"width\":780,\"height\":1040,\"caption\":\"Mme Ange Ngo Boumal, rural farmer. Photo: M. Jacques Kevin Ngue, Radio Maria (Community radio station)\"},{\"@type\":\"BreadcrumbList\",\"@id\":\"https:\\\/\\\/cusointernational.org\\\/fr\\\/ete2024\\\/#breadcrumb\",\"itemListElement\":[{\"@type\":\"ListItem\",\"position\":1,\"name\":\"Home\",\"item\":\"https:\\\/\\\/cusointernational.org\\\/fr\\\/\"},{\"@type\":\"ListItem\",\"position\":2,\"name\":\"EAppeal Landing Page Summer 2024\"}]},{\"@type\":\"WebSite\",\"@id\":\"https:\\\/\\\/cusointernational.org\\\/fr\\\/#website\",\"url\":\"https:\\\/\\\/cusointernational.org\\\/fr\\\/\",\"name\":\"Cuso International\",\"description\":\"Connecting communities around the world with skilled Canadians to help end poverty\",\"potentialAction\":[{\"@type\":\"SearchAction\",\"target\":{\"@type\":\"EntryPoint\",\"urlTemplate\":\"https:\\\/\\\/cusointernational.org\\\/fr\\\/?s={search_term_string}\"},\"query-input\":{\"@type\":\"PropertyValueSpecification\",\"valueRequired\":true,\"valueName\":\"search_term_string\"}}],\"inLanguage\":\"fr-FR\"}]}<\/script>\n<!-- \/ Yoast SEO plugin. -->","yoast_head_json":{"title":"\u00c9t\u00e9 2024 | Cuso International","robots":{"index":"index","follow":"follow","max-snippet":"max-snippet:-1","max-image-preview":"max-image-preview:large","max-video-preview":"max-video-preview:-1"},"canonical":"https:\/\/cusointernational.org\/fr\/ete2024\/","og_locale":"fr_FR","og_type":"article","og_title":"\u00c9t\u00e9 2024 | Cuso International","og_description":"La technologie au service des agricultrices r\u00e9sistantes au changement climatique Madame Sabine doit composer avec des changements climatiques auxquels ses parents et ses grands-parents n&#8217;ont jamais eu \u00e0 faire face. Une situation m\u00e9t\u00e9o instable, des pr\u00e9cipitations irr\u00e9guli\u00e8res et un nombre accru de s\u00e9cheresses, d&#8217;inondations et de temp\u00eates de vent font de l&#8217;agriculture un moyen de&hellip;","og_url":"https:\/\/cusointernational.org\/fr\/ete2024\/","og_site_name":"Cuso International","article_modified_time":"2024-10-04T19:01:14+00:00","og_image":[{"width":780,"height":1040,"url":"https:\/\/cusointernational.org\/wp-content\/uploads\/Mme-Ange-Ngo-Boumal-Tech-for-climate-resilient-women-farmers.jpeg","type":"image\/jpeg"}],"twitter_card":"summary_large_image","twitter_misc":{"Dur\u00e9e de lecture estim\u00e9e":"3 minutes"},"schema":{"@context":"https:\/\/schema.org","@graph":[{"@type":"WebPage","@id":"https:\/\/cusointernational.org\/fr\/ete2024\/","url":"https:\/\/cusointernational.org\/fr\/ete2024\/","name":"\u00c9t\u00e9 2024 | Cuso International","isPartOf":{"@id":"https:\/\/cusointernational.org\/fr\/#website"},"primaryImageOfPage":{"@id":"https:\/\/cusointernational.org\/fr\/ete2024\/#primaryimage"},"image":{"@id":"https:\/\/cusointernational.org\/fr\/ete2024\/#primaryimage"},"thumbnailUrl":"https:\/\/cusointernational.org\/wp-content\/uploads\/Mme-Ange-Ngo-Boumal-Tech-for-climate-resilient-women-farmers.jpeg","datePublished":"2024-06-20T15:47:31+00:00","dateModified":"2024-10-04T19:01:14+00:00","breadcrumb":{"@id":"https:\/\/cusointernational.org\/fr\/ete2024\/#breadcrumb"},"inLanguage":"fr-FR","potentialAction":[{"@type":"ReadAction","target":["https:\/\/cusointernational.org\/fr\/ete2024\/"]}]},{"@type":"ImageObject","inLanguage":"fr-FR","@id":"https:\/\/cusointernational.org\/fr\/ete2024\/#primaryimage","url":"https:\/\/cusointernational.org\/wp-content\/uploads\/Mme-Ange-Ngo-Boumal-Tech-for-climate-resilient-women-farmers.jpeg","contentUrl":"https:\/\/cusointernational.org\/wp-content\/uploads\/Mme-Ange-Ngo-Boumal-Tech-for-climate-resilient-women-farmers.jpeg","width":780,"height":1040,"caption":"Mme Ange Ngo Boumal, rural farmer. Photo: M. Jacques Kevin Ngue, Radio Maria (Community radio station)"},{"@type":"BreadcrumbList","@id":"https:\/\/cusointernational.org\/fr\/ete2024\/#breadcrumb","itemListElement":[{"@type":"ListItem","position":1,"name":"Home","item":"https:\/\/cusointernational.org\/fr\/"},{"@type":"ListItem","position":2,"name":"EAppeal Landing Page Summer 2024"}]},{"@type":"WebSite","@id":"https:\/\/cusointernational.org\/fr\/#website","url":"https:\/\/cusointernational.org\/fr\/","name":"Cuso International","description":"Connecting communities around the world with skilled Canadians to help end poverty","potentialAction":[{"@type":"SearchAction","target":{"@type":"EntryPoint","urlTemplate":"https:\/\/cusointernational.org\/fr\/?s={search_term_string}"},"query-input":{"@type":"PropertyValueSpecification","valueRequired":true,"valueName":"search_term_string"}}],"inLanguage":"fr-FR"}]}},"_links":{"self":[{"href":"https:\/\/cusointernational.org\/fr\/wp-json\/wp\/v2\/pages\/45507","targetHints":{"allow":["GET"]}}],"collection":[{"href":"https:\/\/cusointernational.org\/fr\/wp-json\/wp\/v2\/pages"}],"about":[{"href":"https:\/\/cusointernational.org\/fr\/wp-json\/wp\/v2\/types\/page"}],"author":[{"embeddable":true,"href":"https:\/\/cusointernational.org\/fr\/wp-json\/wp\/v2\/users\/38"}],"replies":[{"embeddable":true,"href":"https:\/\/cusointernational.org\/fr\/wp-json\/wp\/v2\/comments?post=45507"}],"version-history":[{"count":0,"href":"https:\/\/cusointernational.org\/fr\/wp-json\/wp\/v2\/pages\/45507\/revisions"}],"wp:featuredmedia":[{"embeddable":true,"href":"https:\/\/cusointernational.org\/fr\/wp-json\/wp\/v2\/media\/45492"}],"wp:attachment":[{"href":"https:\/\/cusointernational.org\/fr\/wp-json\/wp\/v2\/media?parent=45507"}],"wp:term":[{"taxonomy":"post_tag","embeddable":true,"href":"https:\/\/cusointernational.org\/fr\/wp-json\/wp\/v2\/tags?post=45507"}],"curies":[{"name":"wp","href":"https:\/\/api.w.org\/{rel}","templated":true}]}}