{"id":44558,"date":"2023-11-10T11:41:14","date_gmt":"2023-11-10T16:41:14","guid":{"rendered":"https:\/\/cusointernational.org\/digital-campaigns-what-if-otg-2023-fr\/"},"modified":"2023-12-20T16:33:49","modified_gmt":"2023-12-20T21:33:49","slug":"etsi","status":"publish","type":"page","link":"https:\/\/cusointernational.org\/fr\/etsi\/","title":{"rendered":"Digital campaigns &#8211; What If &#8211; OTG-2023 FR"},"content":{"rendered":"\n\n\t[wplodf_insert_post ids=41617]\n\t<!-- Add Custom CSS override to cancel the CSS that's hiding the Enewsletter sign up in the WPOL form ID 42367 -->\n<style>\nhtml #newsletter {\n    display: block;\n}\nhtml .fl-node-zh8ks90nbmpy {\n    display: none; \/* Hide footer nav in French footer *\/\n}\n<\/style>\n\tCe site est prot\u00e9g\u00e9 par reCAPTCHA et la <a href=\"https:\/\/policies.google.com\/privacy\" target=\"_blank\" rel=\"noopener\">politique de confidentialit\u00e9<\/a> et les <a href=\"https:\/\/policies.google.com\/terms\" target=\"_blank\" rel=\"noopener\">conditions d&#8217;utilisation<\/a> de Google s&#8217;appliquent.\n<img decoding=\"async\" src=\"\/wp-content\/uploads\/multiplie-7.svg\"\/>\n            Est-ce s\u00e9curitaire de faire un don en ligne ?\n                Est-ce s\u00e9curitaire de faire un don en ligne?\n                Absolument! Nous utilisons GeoTrust, un fournisseur num\u00e9rique qui garantit la s\u00e9curit\u00e9 et la confidentialit\u00e9 de vos donn\u00e9es personnelles. \n           Pourrais-je recevoir un re\u00e7u aux fins d&#8217;imp\u00f4t ?\n                Pourrais-je recevoir un re\u00e7u aux fins d&#8217;imp\u00f4t?\n                Oui. Tous les dons sont d\u00e9ductibles d&#8217;imp\u00f4t*. Cuso International est un organisme de bienfaisance enregistr\u00e9 au Canada et aux \u00c9tats-Unis. Nous sommes donc autoris\u00e9s \u00e0 remettre des re\u00e7us officiels dans les deux pays. *Des re\u00e7us fiscaux pour les dons de moins de 10 $ peuvent \u00eatre remis sur demande.\n            Puis-je modifier le montant de mes dons mensuels en cours de route? ?\n                Puis-je modifier le montant de mes dons mensuels en cours de route?\n                Nous comprenons que les circonstances peut-\u00eatre ajuster vos dons mensuels.Vous n&#8217;avez qu&#8217;\u00e0 communiquer avec nous (1-888-434-2876, poste 222, ou support@cusointernational.org) et le tour sera jou\u00e9!\n\t\t\t\t<img loading=\"lazy\" decoding=\"async\" src=\"https:\/\/cusointernational.org\/wp-content\/uploads\/multiplie-7.svg\" alt=\"Red badge that says your gift matched with a maple leaf\" itemprop=\"image\" height=\"114\" width=\"114\" title=\"multiplie-7\" onerror=\"this.style.display='none'\"  \/>\n<h1>Et si vous pouviez aider les femmes et les filles \u00e0 acqu\u00e9rir de nouvelles comp\u00e9tences pour un avenir meilleur ?<\/h1>\n<p>Toutes les filles, o\u00f9 qu&#8217;elles soient, m\u00e9ritent d&#8217;\u00e9crire leur propre histoire, et toutes les femmes, o\u00f9 qu&#8217;elles soient, devraient avoir la possibilit\u00e9 de faire des choix.<\/p>\n<p>Avec votre soutien, nous pouvons nous rapprocher d&#8217;un monde o\u00f9 l&#8217;\u00e9galit\u00e9 des sexes devient une r\u00e9alit\u00e9.<\/p>\n<h3>\n\t\tEt si&#8230;\n\t<\/h3>\n\t<p>Alors que l&#8217;ann\u00e9e touche \u00e0 sa fin, nous faisons le point non seulement sur ce qui s&#8217;est pass\u00e9, mais aussi sur le potentiel qui s&#8217;offre \u00e0 nous.<\/p>\n<p>Nous envisageons un avenir o\u00f9 ces femmes qui travaillent dur ne sont pas d\u00e9finies par les d\u00e9fis auxquels elles sont confront\u00e9es, mais par la r\u00e9silience et l&#8217;ind\u00e9pendance qu&#8217;elles incarnent. Gr\u00e2ce \u00e0 votre partenariat, cette vision d&#8217;une croissance \u00e9quitable et durable peut devenir la norme pour chaque communaut\u00e9 que nous touchons. Votre soutien est la semence de ce changement transformateur.<\/p>\n<h2>\n\t\tC&#8217;est clair : investir dans les femmes a des retomb\u00e9es exponentielles.\n\t<\/h2>\n\t<p>Lorsque les femmes et les jeunes filles sont en mesure de participer pleinement \u00e0 la soci\u00e9t\u00e9, cela se r\u00e9percute au sein de leurs communaut\u00e9s et \u00e0 travers les g\u00e9n\u00e9rations. Cela signifie que l&#8217;impact de votre don sera \u00e0 la fois profond et durable. Et gr\u00e2ce \u00e0 la contribution \u00e9quivalente de 6 fois celle d&#8217;Affaires mondiales Canada, l&#8217;impact de votre don sera encore plus grand.<\/p>\n<style>\n    .fl-builder-content .fl-node-5f6b8d10e2bd4 > .fl-col-content {\n        min-height: calc(100vh - 90px);\n    }\n    body:not(.fl-builder-edit) .donate_column_right .donate_info{\n            padding-bottom: 30px;\n    }\n    .fl-node-5f6b8d10e2bd4 > .fl-col-content {\n    position: relative;\n    background-position: center -10%;\n    background-repeat:no-repeat;\n    background-color:#000;\n    background-size: cover;\n}\nh1.donate_infotxt {\n    font-size: 36px;\n    line-height: 38px;\n}\n    .fl-node-5f6b8d10e2bd4 > .fl-col-content:before {\n        position:absolute;\n        top:10px;\n        left:10px;\n        right:10px;\n        bottom:10px;\n        content:'';\n        border:2px solid #fff;\n        border-radius:10px;\n        background-repeat:no-repeat;\n        background-size:40px auto;\n        background-position:right 10px top 10px;\n    }\n    .donateLink {\n        margin-top:20px;\nborder-radius: 31px !important;\n    background: #ffca38 !important;\n    color: #2C2C2C !important;\n    box-shadow: 0px 3px 20px rgba(0, 0, 0, 0.16) !important;\n    border: none !important;\n    text-transform: uppercase !important;\n    font-family: \"Marr Sans Cond Web\" !important;\n    font-weight: bold !important;\n    font-size: 20px !important;\n    letter-spacing: 0.03em !important;\n    display: inline-block;\n    align-items: center;\n    justify-content: space-between;\n    height: 62px;\n    padding: 0 30px !important;\n    line-height: 62px;\n}\n@media screen and (min-width:993px){\n.fl-node-5f74983393189 .fl-module-content {\n    margin: 0px;\n    background-color: rgba(0,0,0,.5);\n    padding: 0 15px;\n    border-radius: 20px;\n}\n}\n.donation_tooltip_question {\n    margin-left:.5em;\n}\n@media screen and (max-width:768px){\n    body{\n    padding-top:0;\n}\n        .fl-builder-content .fl-node-5f6b8d10e2bd4 > .fl-col-content {\n        min-height: auto;\n    }\n}\n@media screen and (max-width:992px){\n    .matching-graphic {\n        display:none;\n    }\nbody{\n    padding-top:90px;\n}\n    .fl-col-group.fl-col-group-equal-height.fl-col-group-custom-width {\n        flex-direction:column-reverse;\n    }\n    body:not(.fl-builder-edit) .fl-col-group-equal-height .fl-col.donate_column_right {\n        height: initial;\n        position: relative;\n        top: 0;\n        max-width:600px;\n    }\n    body:not(.fl-builder-edit) .donate_column_right .donate_info {\n        bottom: 0;\n        left: -1px;\n        padding: 20px;\n        background: var(--light-blue);\n        right: -1px;\n        top:auto;\n        height: 100%;\n    }\n    .fl-node-5f6b8d10e2bd1 > div {\n        margin-top:0 !important;\n    }\n}\n@media screen and (max-width: 992px) {\n.donate_img_patch {\n    height:520px;\n}\n}\n.wp-image-37524 {\n    border:4px solid #fff;\n    border-radius:50%;\n}\n@media screen and (max-width:575px){ \n    html .donation_tooltip:before{\n        position: absolute;\n    content: '>';\n    display: block;\n    height: 20px;\n    left: 0;\n    top: -5px;\n    font-size: 20px;\n    font-weight: 500;\n    color: #008EBA;\n    transform: scale(.5, 1) rotate(0);\n    width: 21px;\n    }\n    html .donation_tooltip.tooltip_accordion_active:before{\n        transform: scale(1, .5) rotate(\n            90deg\n            );\n                top: 4px;\n                left: 3px;\n    }\n    .donate_info h1.donate_infotxt {\n      font-size: 26px !important;\n      line-height: 30px;\n      background-color: rgba(0,0,0, 0.4);\n      padding-top: 10px !important;\n    }\n}\n<\/style>\n\t\t\t\t\t<a href=\"javascript:void(0);\" id=\"fl-accordion--label-0\" tabindex=\"0\" aria-controls=\"fl-accordion--panel-0\">Sandra<\/a>\n\t\t\t\t\t<p><img loading=\"lazy\" decoding=\"async\" src=\"https:\/\/cusointernational.org\/wp-content\/uploads\/Sandra-Betanco-800x459.jpg\" alt=\"Agricultural program empowers women and girls in Honduras\" width=\"800\" height=\"459\" \/><\/p>\n<p>Lorsque nous soutenons des agricultrices comme Sandra au Honduras par des pratiques agricoles durables, nous catalysons un effet d&#8217;entra\u00eenement qui s&#8217;\u00e9tend au-del\u00e0 des champs et dans l&#8217;avenir. Votre don favorise la r\u00e9silience face au changement climatique, nourrit la croissance de la communaut\u00e9 et alimente l&#8217;avancement des g\u00e9n\u00e9rations. Et maintenant, avec chaque contribution \u00e9gal\u00e9e 6 fois par Affaires mondiales Canada, votre soutien a le pouvoir de cultiver une r\u00e9colte de changement durable et d&#8217;une grande port\u00e9e. <a href=\"https:\/\/cusointernational.org\/fr\/recit\/lautonomie-par-lagriculture-pour-les-femmes-et-les-filles-honduriennes\/\"><strong>En savoir plus sur l&#8217;histoire de Sandra.<\/strong><\/a><\/p>\n\t\t\t\t\t<a href=\"javascript:void(0);\" id=\"fl-accordion--label-1\" tabindex=\"0\" aria-controls=\"fl-accordion--panel-1\">Th\u00e9r\u00e8se<\/a>\n\t\t\t\t\t<p><img loading=\"lazy\" decoding=\"async\" src=\"https:\/\/cusointernational.org\/wp-content\/uploads\/Therese-800x533.jpg\" alt=\"Creating career opportunities for women in Cameroon\" width=\"800\" height=\"533\" \/><\/p>\n<p>Votre soutien g\u00e9n\u00e9reux transforme l&#8217;adversit\u00e9 en opportunit\u00e9 pour les femmes et les filles. Avec chaque don, vous investissez dans un avenir o\u00f9 des jeunes femmes comme Th\u00e9r\u00e8se peuvent passer de la prise en charge de leurs fr\u00e8res et s\u0153urs \u00e0 la direction d&#8217;une communaut\u00e9, affectueusement appel\u00e9e &#8220;docta&#8221;. Votre g\u00e9n\u00e9rosit\u00e9 ne se limite pas \u00e0 l&#8217;\u00e9ducation ; elle permet de r\u00e9aliser des r\u00eaves d&#8217;entreprenariat et de leadership. Chaque don est jumel\u00e9 six fois par Affaires mondiales Canada, ce qui multiplie l&#8217;impact de votre don et les r\u00eaves qu&#8217;il r\u00e9alise. <a href=\"https:\/\/cusointernational.org\/fr\/recit\/ameliorer-les-perspectives-davenir-des-camerounaises\/\"><strong>Pour en savoir plus sur l&#8217;histoire de Th\u00e9r\u00e8se.<\/strong><\/a><\/p>\n<p>&nbsp;<\/p>\n\t\t\t\t\t<a href=\"javascript:void(0);\" id=\"fl-accordion--label-2\" tabindex=\"0\" aria-controls=\"fl-accordion--panel-2\">Gedoni<\/a>\n\t\t\t\t\t<p><img loading=\"lazy\" decoding=\"async\" src=\"https:\/\/cusointernational.org\/wp-content\/uploads\/Gedoni.jpg\" alt=\"G\" width=\"700\" height=\"684\" \/><\/p>\n<p>Dans les r\u00e9gions comme l&#8217;\u00c9tat de Cross River, au Nigeria, les attentes sociales limitent les perspectives des femmes et les poussent vers le mariage et la d\u00e9pendance financi\u00e8re. Gedoni a repouss\u00e9 ces limites gr\u00e2ce \u00e0 un programme financ\u00e9 par les donateurs et les donatrices de Cuso International. Forte de sa formation en fabrication de savon et en d\u00e9marrage d&#8217;entreprise, Gedoni dirige maintenant une petite entreprise en pleine croissance, en plus de faire du mentorat aupr\u00e8s d&#8217;autres femmes. Comme chaque dollar de don re\u00e7u nous donne droit \u00e0 une contrepartie de 6 $ d&#8217;Affaires mondiales Canada, nous pouvons aider six fois plus de femmes comme Gedoni \u00e0 acqu\u00e9rir leur ind\u00e9pendance et \u00e0 subvenir \u00e0 leurs besoins.<\/p>\n\t<style>\n\/* Accordion custom styles *\/\n.fl-accordion-button .fl-module-content a, \n.fl-accordion-button .fl-module-content a:hover, \n.fl-accordion-button .fl-module-content a:focus {\n    text-decoration: none;\n}\n.fl-accordion-button-icon {\n  text-decoration: none;\n  color: #ffffff;\n  font-size: 20px;\n}\n.fl-accordion-button-label.noclick {\n  border: 0 !important;\n  color: #ffffff !important;\n}\ni.fl-accordion-button-icon {\n  position: relative;\n  vertical-align: unset;\n}\n.fl-accordion-button .fl-accordion-button-label:hover {\n  border-color: #ffffff;\n}\n<\/style>\n\t\t\t<a href=\"#top\" target=\"_self\" rel=\"noopener\">\n\t\t\t\t\t\tFaire un don\n\t\t\t\t\t<\/a>\n\t<iframe loading=\"lazy\" width=\"560\" height=\"315\" src=\"https:\/\/www.youtube.com\/embed\/rx5CcMEqb9E?autoplay=1\" title=\"YouTube video player\" frameborder=\"0\" allow=\"autoplay; accelerometer; clipboard-write; encrypted-media; gyroscope; picture-in-picture\" allowfullscreen><\/iframe>\n<h2>\n\t\tEt si nous pouvions changer le monde tous ensemble?\n\t<\/h2>\n\t<p>Nous le pouvons, et avec votre aide, nous le ferons. En ce moment, chaque dollar que vous donnez sera multipli\u00e9 par six par Affaires mondiales Canada. Ne manquez pas cette occasion de faire fructifier votre dollar l\u00e0 o\u00f9 il compte le plus.<\/p>\n\n","protected":false},"excerpt":{"rendered":"<p>[wplodf_insert_post ids=41617] Ce site est prot\u00e9g\u00e9 par reCAPTCHA et la politique de confidentialit\u00e9 et les conditions d&#8217;utilisation de Google s&#8217;appliquent. Est-ce s\u00e9curitaire de faire un don en ligne ? Est-ce s\u00e9curitaire de faire un don en ligne? Absolument! Nous utilisons GeoTrust, un fournisseur num\u00e9rique qui garantit la s\u00e9curit\u00e9 et la confidentialit\u00e9 de vos donn\u00e9es personnelles.&hellip;<\/p>\n","protected":false},"author":3,"featured_media":43808,"parent":0,"menu_order":0,"comment_status":"closed","ping_status":"closed","template":"","meta":{"_acf_changed":false,"footnotes":""},"tags":[],"class_list":["post-44558","page","type-page","status-publish","has-post-thumbnail","hentry"],"acf":[],"yoast_head":"<!-- This site is optimized with the Yoast SEO plugin v27.4 - https:\/\/yoast.com\/product\/yoast-seo-wordpress\/ -->\n<title>Faites un don aujourd&#039;hui : Lutter contre la pauvret\u00e9 dans le monde | Cuso International<\/title>\n<meta name=\"description\" content=\"Toutes les filles, o\u00f9 qu&#039;elles soient, m\u00e9ritent d&#039;\u00e9crire leur propre histoire, et toutes les femmes, o\u00f9 qu&#039;elles soient, devraient avoir la possibilit\u00e9 de faire des choix. Avec votre soutien, nous pouvons nous rapprocher d&#039;un monde o\u00f9 l&#039;\u00e9galit\u00e9 des sexes devient une r\u00e9alit\u00e9.\" \/>\n<meta name=\"robots\" content=\"index, follow, max-snippet:-1, max-image-preview:large, max-video-preview:-1\" \/>\n<link rel=\"canonical\" href=\"https:\/\/cusointernational.org\/fr\/etsi\/\" \/>\n<meta property=\"og:locale\" content=\"fr_FR\" \/>\n<meta property=\"og:type\" content=\"article\" \/>\n<meta property=\"og:title\" content=\"Faites un don aujourd&#039;hui : Lutter contre la pauvret\u00e9 dans le monde | Cuso International\" \/>\n<meta property=\"og:description\" content=\"Toutes les filles, o\u00f9 qu&#039;elles soient, m\u00e9ritent d&#039;\u00e9crire leur propre histoire, et toutes les femmes, o\u00f9 qu&#039;elles soient, devraient avoir la possibilit\u00e9 de faire des choix. Avec votre soutien, nous pouvons nous rapprocher d&#039;un monde o\u00f9 l&#039;\u00e9galit\u00e9 des sexes devient une r\u00e9alit\u00e9.\" \/>\n<meta property=\"og:url\" content=\"https:\/\/cusointernational.org\/fr\/etsi\/\" \/>\n<meta property=\"og:site_name\" content=\"Cuso International\" \/>\n<meta property=\"article:modified_time\" content=\"2023-12-20T21:33:49+00:00\" \/>\n<meta property=\"og:image\" content=\"https:\/\/cusointernational.org\/wp-content\/uploads\/Therese.jpg\" \/>\n\t<meta property=\"og:image:width\" content=\"2000\" \/>\n\t<meta property=\"og:image:height\" content=\"1333\" \/>\n\t<meta property=\"og:image:type\" content=\"image\/jpeg\" \/>\n<meta name=\"twitter:card\" content=\"summary_large_image\" \/>\n<meta name=\"twitter:label1\" content=\"Dur\u00e9e de lecture estim\u00e9e\" \/>\n\t<meta name=\"twitter:data1\" content=\"5 minutes\" \/>\n<script type=\"application\/ld+json\" class=\"yoast-schema-graph\">{\"@context\":\"https:\\\/\\\/schema.org\",\"@graph\":[{\"@type\":\"WebPage\",\"@id\":\"https:\\\/\\\/cusointernational.org\\\/fr\\\/etsi\\\/\",\"url\":\"https:\\\/\\\/cusointernational.org\\\/fr\\\/etsi\\\/\",\"name\":\"Faites un don aujourd'hui : Lutter contre la pauvret\u00e9 dans le monde | Cuso International\",\"isPartOf\":{\"@id\":\"https:\\\/\\\/cusointernational.org\\\/fr\\\/#website\"},\"primaryImageOfPage\":{\"@id\":\"https:\\\/\\\/cusointernational.org\\\/fr\\\/etsi\\\/#primaryimage\"},\"image\":{\"@id\":\"https:\\\/\\\/cusointernational.org\\\/fr\\\/etsi\\\/#primaryimage\"},\"thumbnailUrl\":\"https:\\\/\\\/cusointernational.org\\\/wp-content\\\/uploads\\\/Therese.jpg\",\"datePublished\":\"2023-11-10T16:41:14+00:00\",\"dateModified\":\"2023-12-20T21:33:49+00:00\",\"description\":\"Toutes les filles, o\u00f9 qu'elles soient, m\u00e9ritent d'\u00e9crire leur propre histoire, et toutes les femmes, o\u00f9 qu'elles soient, devraient avoir la possibilit\u00e9 de faire des choix. Avec votre soutien, nous pouvons nous rapprocher d'un monde o\u00f9 l'\u00e9galit\u00e9 des sexes devient une r\u00e9alit\u00e9.\",\"breadcrumb\":{\"@id\":\"https:\\\/\\\/cusointernational.org\\\/fr\\\/etsi\\\/#breadcrumb\"},\"inLanguage\":\"fr-FR\",\"potentialAction\":[{\"@type\":\"ReadAction\",\"target\":[\"https:\\\/\\\/cusointernational.org\\\/fr\\\/etsi\\\/\"]}]},{\"@type\":\"ImageObject\",\"inLanguage\":\"fr-FR\",\"@id\":\"https:\\\/\\\/cusointernational.org\\\/fr\\\/etsi\\\/#primaryimage\",\"url\":\"https:\\\/\\\/cusointernational.org\\\/wp-content\\\/uploads\\\/Therese.jpg\",\"contentUrl\":\"https:\\\/\\\/cusointernational.org\\\/wp-content\\\/uploads\\\/Therese.jpg\",\"width\":2000,\"height\":1333,\"caption\":\"Creating career opportunities for women in Cameroon\"},{\"@type\":\"BreadcrumbList\",\"@id\":\"https:\\\/\\\/cusointernational.org\\\/fr\\\/etsi\\\/#breadcrumb\",\"itemListElement\":[{\"@type\":\"ListItem\",\"position\":1,\"name\":\"Home\",\"item\":\"https:\\\/\\\/cusointernational.org\\\/fr\\\/\"},{\"@type\":\"ListItem\",\"position\":2,\"name\":\"Digital campaigns &#8211; What If &#8211; OTG-2023 FR\"}]},{\"@type\":\"WebSite\",\"@id\":\"https:\\\/\\\/cusointernational.org\\\/fr\\\/#website\",\"url\":\"https:\\\/\\\/cusointernational.org\\\/fr\\\/\",\"name\":\"Cuso International\",\"description\":\"Connecting communities around the world with skilled Canadians to help end poverty\",\"potentialAction\":[{\"@type\":\"SearchAction\",\"target\":{\"@type\":\"EntryPoint\",\"urlTemplate\":\"https:\\\/\\\/cusointernational.org\\\/fr\\\/?s={search_term_string}\"},\"query-input\":{\"@type\":\"PropertyValueSpecification\",\"valueRequired\":true,\"valueName\":\"search_term_string\"}}],\"inLanguage\":\"fr-FR\"}]}<\/script>\n<!-- \/ Yoast SEO plugin. -->","yoast_head_json":{"title":"Faites un don aujourd'hui : Lutter contre la pauvret\u00e9 dans le monde | Cuso International","description":"Toutes les filles, o\u00f9 qu'elles soient, m\u00e9ritent d'\u00e9crire leur propre histoire, et toutes les femmes, o\u00f9 qu'elles soient, devraient avoir la possibilit\u00e9 de faire des choix. Avec votre soutien, nous pouvons nous rapprocher d'un monde o\u00f9 l'\u00e9galit\u00e9 des sexes devient une r\u00e9alit\u00e9.","robots":{"index":"index","follow":"follow","max-snippet":"max-snippet:-1","max-image-preview":"max-image-preview:large","max-video-preview":"max-video-preview:-1"},"canonical":"https:\/\/cusointernational.org\/fr\/etsi\/","og_locale":"fr_FR","og_type":"article","og_title":"Faites un don aujourd'hui : Lutter contre la pauvret\u00e9 dans le monde | Cuso International","og_description":"Toutes les filles, o\u00f9 qu'elles soient, m\u00e9ritent d'\u00e9crire leur propre histoire, et toutes les femmes, o\u00f9 qu'elles soient, devraient avoir la possibilit\u00e9 de faire des choix. Avec votre soutien, nous pouvons nous rapprocher d'un monde o\u00f9 l'\u00e9galit\u00e9 des sexes devient une r\u00e9alit\u00e9.","og_url":"https:\/\/cusointernational.org\/fr\/etsi\/","og_site_name":"Cuso International","article_modified_time":"2023-12-20T21:33:49+00:00","og_image":[{"width":2000,"height":1333,"url":"https:\/\/cusointernational.org\/wp-content\/uploads\/Therese.jpg","type":"image\/jpeg"}],"twitter_card":"summary_large_image","twitter_misc":{"Dur\u00e9e de lecture estim\u00e9e":"5 minutes"},"schema":{"@context":"https:\/\/schema.org","@graph":[{"@type":"WebPage","@id":"https:\/\/cusointernational.org\/fr\/etsi\/","url":"https:\/\/cusointernational.org\/fr\/etsi\/","name":"Faites un don aujourd'hui : Lutter contre la pauvret\u00e9 dans le monde | Cuso International","isPartOf":{"@id":"https:\/\/cusointernational.org\/fr\/#website"},"primaryImageOfPage":{"@id":"https:\/\/cusointernational.org\/fr\/etsi\/#primaryimage"},"image":{"@id":"https:\/\/cusointernational.org\/fr\/etsi\/#primaryimage"},"thumbnailUrl":"https:\/\/cusointernational.org\/wp-content\/uploads\/Therese.jpg","datePublished":"2023-11-10T16:41:14+00:00","dateModified":"2023-12-20T21:33:49+00:00","description":"Toutes les filles, o\u00f9 qu'elles soient, m\u00e9ritent d'\u00e9crire leur propre histoire, et toutes les femmes, o\u00f9 qu'elles soient, devraient avoir la possibilit\u00e9 de faire des choix. Avec votre soutien, nous pouvons nous rapprocher d'un monde o\u00f9 l'\u00e9galit\u00e9 des sexes devient une r\u00e9alit\u00e9.","breadcrumb":{"@id":"https:\/\/cusointernational.org\/fr\/etsi\/#breadcrumb"},"inLanguage":"fr-FR","potentialAction":[{"@type":"ReadAction","target":["https:\/\/cusointernational.org\/fr\/etsi\/"]}]},{"@type":"ImageObject","inLanguage":"fr-FR","@id":"https:\/\/cusointernational.org\/fr\/etsi\/#primaryimage","url":"https:\/\/cusointernational.org\/wp-content\/uploads\/Therese.jpg","contentUrl":"https:\/\/cusointernational.org\/wp-content\/uploads\/Therese.jpg","width":2000,"height":1333,"caption":"Creating career opportunities for women in Cameroon"},{"@type":"BreadcrumbList","@id":"https:\/\/cusointernational.org\/fr\/etsi\/#breadcrumb","itemListElement":[{"@type":"ListItem","position":1,"name":"Home","item":"https:\/\/cusointernational.org\/fr\/"},{"@type":"ListItem","position":2,"name":"Digital campaigns &#8211; What If &#8211; OTG-2023 FR"}]},{"@type":"WebSite","@id":"https:\/\/cusointernational.org\/fr\/#website","url":"https:\/\/cusointernational.org\/fr\/","name":"Cuso International","description":"Connecting communities around the world with skilled Canadians to help end poverty","potentialAction":[{"@type":"SearchAction","target":{"@type":"EntryPoint","urlTemplate":"https:\/\/cusointernational.org\/fr\/?s={search_term_string}"},"query-input":{"@type":"PropertyValueSpecification","valueRequired":true,"valueName":"search_term_string"}}],"inLanguage":"fr-FR"}]}},"_links":{"self":[{"href":"https:\/\/cusointernational.org\/fr\/wp-json\/wp\/v2\/pages\/44558","targetHints":{"allow":["GET"]}}],"collection":[{"href":"https:\/\/cusointernational.org\/fr\/wp-json\/wp\/v2\/pages"}],"about":[{"href":"https:\/\/cusointernational.org\/fr\/wp-json\/wp\/v2\/types\/page"}],"author":[{"embeddable":true,"href":"https:\/\/cusointernational.org\/fr\/wp-json\/wp\/v2\/users\/3"}],"replies":[{"embeddable":true,"href":"https:\/\/cusointernational.org\/fr\/wp-json\/wp\/v2\/comments?post=44558"}],"version-history":[{"count":0,"href":"https:\/\/cusointernational.org\/fr\/wp-json\/wp\/v2\/pages\/44558\/revisions"}],"wp:featuredmedia":[{"embeddable":true,"href":"https:\/\/cusointernational.org\/fr\/wp-json\/wp\/v2\/media\/43808"}],"wp:attachment":[{"href":"https:\/\/cusointernational.org\/fr\/wp-json\/wp\/v2\/media?parent=44558"}],"wp:term":[{"taxonomy":"post_tag","embeddable":true,"href":"https:\/\/cusointernational.org\/fr\/wp-json\/wp\/v2\/tags?post=44558"}],"curies":[{"name":"wp","href":"https:\/\/api.w.org\/{rel}","templated":true}]}}