{"id":44346,"date":"2023-10-03T17:06:49","date_gmt":"2023-10-03T21:06:49","guid":{"rendered":"https:\/\/cusointernational.org\/?page_id=44346"},"modified":"2024-12-18T16:07:37","modified_gmt":"2024-12-18T21:07:37","slug":"programme-des-autochtones-du-canada","status":"publish","type":"page","link":"https:\/\/cusointernational.org\/fr\/programme-des-autochtones-du-canada\/","title":{"rendered":"Programme des Autochtones du Canada"},"content":{"rendered":"\n<h1>\n\t\tProgramme des Autochtones du Canada\n\t<\/h1>\n\t\t\t<a href=\"https:\/\/cusointernational.org\/indigenous-canada-program\/#microgrants-application\" target=\"_blank\" rel=\"noopener\">\n\t\t\t\t\t\tPostulez pour le programme de micro-subventions (EN ANGLAIS UNIQUEMENT)\n\t\t\t\t\t<\/a>\n\t\t\t\t<img loading=\"lazy\" decoding=\"async\" src=\"https:\/\/cusointernational.org\/wp-content\/uploads\/Jeremy-Rubin-1.jpeg\" alt=\"Young man smiling at the library\" itemprop=\"image\" height=\"427\" width=\"640\" title=\"Jeremy Rubin - Canadian Program Cuso International\" onerror=\"this.style.display='none'\"  \/>\n\t<ul>\n<li><strong>Ann\u00e9es de mise en \u0153uvre:<\/strong> D\u00e9marrage en 2015<\/li>\n<li><strong>Financement:<\/strong> Secteur priv\u00e9 et donateur priv\u00e9<\/li>\n<\/ul>\n<p>Chez Cuso International, nous collaborons depuis longtemps avec des peuples autochtones des quatre coins du monde. Car nous croyons fermement \u00e0 l&#8217;autod\u00e9termination des peuples autochtones, une valeur d&#8217;ailleurs au c\u0153ur de notre travail.<\/p>\n<p>Au Canada,<\/p>\n<ul>\n<li>Nous sensibilisons, engageons le dialogue et cherchons \u00e0 mieux comprendre les exp\u00e9riences des peuples autochtones au Canada.<\/li>\n<li>Nous nous informons sur les injustices historiques et les conditions socio-\u00e9conomiques actuelles.<\/li>\n<li>Nous nous effor\u00e7ons d&#8217;encourager le respect des cultures, des traditions et des connaissances autochtones. Ce partage des connaissances s&#8217;\u00e9tend \u00e0 notre conseil d&#8217;administration, \u00e0 notre direction, \u00e0 notre personnel et \u00e0 nos b\u00e9n\u00e9voles, ce qui favorise une organisation plus inclusive et mieux inform\u00e9e.<\/li>\n<\/ul>\n\t<p><strong>R\u00e9conciliation:<\/strong> Nous souhaitons \u00eatre des alli\u00e9s solidaires des organismes autochtones, ainsi que des facilitateurs pour les organismes non autochtones qui souhaitent s&#8217;engager sur le chemin de la r\u00e9conciliation. Nous misons sur la collaboration pour susciter un dialogue v\u00e9ritable et des actions significatives qui contribueront \u00e0 la gu\u00e9rison, \u00e0 la compr\u00e9hension et \u00e0 la justice.<\/p>\n<p><strong>\u00c9tablir des partenariats fructueux:<\/strong> Nous mettons \u00e0 profit notre solide strat\u00e9gie de mobilisation pour \u00e9tablir de nouveaux partenariats avec des organisations et des communaut\u00e9s autochtones, inuites et m\u00e9tisses. Nous cultivons nos relations afin de tisser des partenariats b\u00e9n\u00e9fiques et fructueux qui contribueront au mieux-\u00eatre et aux aspirations des communaut\u00e9s autochtones.<\/p>\n\t\t\t<a href=\"https:\/\/cusointernational.org\/fr\/passez-a-laction\/volontaire\/cooperation-volontaire\/\" target=\"_blank\" rel=\"noopener\">\n\t\t\t\t\t\tVOLUNTARY COOPERATION\n\t\t\t\t\t<\/a>\n<h2>\n\t\tPROGRAMME CANADIEN HISTOIRES \n\t<\/h2>\n\t\t\t\t<img loading=\"lazy\" decoding=\"async\" src=\"https:\/\/cusointernational.org\/wp-content\/uploads\/Supporting-education-in-Canadas-Northwest-Territories-scaled.jpg\" alt=\"Students in Canada's Northwest Territories\" itemprop=\"image\" height=\"1707\" width=\"2560\" title=\"Supporting education in Canada's Northwest Territories\" onerror=\"this.style.display='none'\"  \/>\n<h3>\n\t\tEncourager la r\u00e9ussite scolaire dans les Territoires du Nord-Ouest\n\t<\/h3>\n\t<p>\u00c0 Fort Resolution, dans les Territoires du Nord-Ouest, les difficult\u00e9s scolaires ne datent pas d&#8217;hier. De plus, la fr\u00e9quentation scolaire et la motivation des \u00e9l\u00e8ves y sont souvent an\u00e9miques. C&#8217;est pourquoi Parker\u202fWillis, un volontaire de Cuso International, fait tout pour donner un coup de pouce aux \u00e9l\u00e8ves de l&#8217;\u00e9cole Deninu.<\/p>\n\t\t\t<a href=\"https:\/\/cusointernational.org\/fr\/recit\/encourager-la-reussite-scolaire-dans-les-territoires-du-nord-ouest\/\" target=\"_blank\" rel=\"noopener\">\n\t\t\t\t\t\t\tLIRE CETTE HISTOIRE\n\t\t\t\t\t<\/a>\n<h3>\n\t\tContribuer \u00e0 l&#8217;\u00e9ducation des \u00e9l\u00e8ves des Territoires du Nord-Ouest\n\t<\/h3>\n\t<p>Plus famili\u00e8re avec des villes grouillantes de vie comme Toronto, Margot\u202fFerguson s&#8217;habitue tranquillement \u00e0 la qui\u00e9tude de Hay\u202fRiver, dans les Territoires du Nord-Ouest. Cette localit\u00e9 nordique offre un d\u00e9paysement \u00e0 tous les \u00e9gards\u202f: paysages, vie sociale et m\u00eame relation \u00e0 l&#8217;hiver.<\/p>\n\t\t\t<a href=\"https:\/\/cusointernational.org\/fr\/recit\/contribuer-a-leducation-des-eleves-des-territoires-du-nord-ouest\/\" target=\"_blank\" rel=\"noopener\">\n\t\t\t\t\t\t\tLIRE CETTE HISTOIRE\n\t\t\t\t\t<\/a>\n\t\t\t\t<img loading=\"lazy\" decoding=\"async\" src=\"https:\/\/cusointernational.org\/wp-content\/uploads\/Margot-Ferguson-Supporting-students-education-in-the-Northwest-Territories-.jpg\" alt=\"Margot Ferguson - Supporting students' education in the Northwest Territories\" itemprop=\"image\" height=\"1454\" width=\"1533\" title=\"Margot Ferguson - Supporting students' education in the Northwest Territories\" onerror=\"this.style.display='none'\"  \/>\n\t\t\t\t<img loading=\"lazy\" decoding=\"async\" src=\"https:\/\/cusointernational.org\/wp-content\/uploads\/Student-Kassius-Green-Paulatuk-NWT-Photographer-Patrick-Woodcock.jpeg\" alt=\"A young man in a hoodie standing in front of a book shelf\" itemprop=\"image\" height=\"427\" width=\"640\" title=\"Student, Kassius Green, Paulatuk, NWT Photographer Patrick Woodcock\" onerror=\"this.style.display='none'\"  \/>\n<h3>\n\t\tSoutenir les \u00e9l\u00e8ves dans les Territoires du Nord-Ouest pour \u00e9largir leurs perspectives d&#8217;avenir\n\t<\/h3>\n\t<p>Dans le hameau paisible de Paulatuk, dans les Territoires du Nord-Ouest, Patrick\u202fWoodcock a pris go\u00fbt au vent, au froid et aux longues nuits des mois d&#8217;hiver. Pendant l&#8217;\u00e9t\u00e9, les grizzlys s&#8217;approchent de la petite communaut\u00e9. En hiver, ce sont les loups qui la fr\u00e9quentent. Paulatuk surplombant la baie Darnley de la mer Beaufort, Patrick a souvent la chance de voir des phoques sur son trajet vers l&#8217;\u00e9cole.<\/p>\n\t\t\t<a href=\"https:\/\/cusointernational.org\/fr\/recit\/soutenir-les-eleves-dans-les-territoires-du-nord-ouest-pour-elargir-leurs-perspectives-davenir\/\" target=\"_blank\" rel=\"noopener\">\n\t\t\t\t\t\t\tLIRE CETTE HISTOIRE\n\t\t\t\t\t<\/a>\n<h2>\n\t\tInvestir dans des r\u00e9sultats durables\n\t<\/h2>\n\t<p>Vous contribuez \u00e0 r\u00e9duire la pauvret\u00e9 et les in\u00e9galit\u00e9s en nous permettant de jumeler des communaut\u00e9s dans le besoin et des coop\u00e9rants-volontaires qualifi\u00e9s. Vous \u00eates le point de d\u00e9part d&#8217;un avenir meilleur!<\/p>\n\t\t\t<a href=\"https:\/\/cusointernational.org\/fr\/faire-un-don\/\" target=\"_self\" rel=\"noopener\">\n\t\t\t\t\t\tFAIRE UN DON\n\t\t\t\t\t<\/a>\n\n","protected":false},"excerpt":{"rendered":"<p>Programme des Autochtones du Canada Postulez pour le programme de micro-subventions (EN ANGLAIS UNIQUEMENT) Ann\u00e9es de mise en \u0153uvre: D\u00e9marrage en 2015 Financement: Secteur priv\u00e9 et donateur priv\u00e9 Chez Cuso International, nous collaborons depuis longtemps avec des peuples autochtones des quatre coins du monde. Car nous croyons fermement \u00e0 l&#8217;autod\u00e9termination des peuples autochtones, une valeur&hellip;<\/p>\n","protected":false},"author":38,"featured_media":44131,"parent":0,"menu_order":0,"comment_status":"closed","ping_status":"closed","template":"","meta":{"_acf_changed":false,"footnotes":""},"tags":[],"class_list":["post-44346","page","type-page","status-publish","has-post-thumbnail","hentry"],"acf":[],"yoast_head":"<!-- This site is optimized with the Yoast SEO plugin v27.4 - https:\/\/yoast.com\/product\/yoast-seo-wordpress\/ -->\n<title>Programme des Autochtones du Canada | Cuso International<\/title>\n<meta name=\"description\" content=\"Chez Cuso International, nous collaborons depuis longtemps avec des peuples autochtones des quatre coins du monde.\" \/>\n<meta name=\"robots\" content=\"index, follow, max-snippet:-1, max-image-preview:large, max-video-preview:-1\" \/>\n<link rel=\"canonical\" href=\"https:\/\/cusointernational.org\/fr\/programme-des-autochtones-du-canada\/\" \/>\n<meta property=\"og:locale\" content=\"fr_FR\" \/>\n<meta property=\"og:type\" content=\"article\" \/>\n<meta property=\"og:title\" content=\"Programme des Autochtones du Canada | Cuso International\" \/>\n<meta property=\"og:description\" content=\"Chez Cuso International, nous collaborons depuis longtemps avec des peuples autochtones des quatre coins du monde.\" \/>\n<meta property=\"og:url\" content=\"https:\/\/cusointernational.org\/fr\/programme-des-autochtones-du-canada\/\" \/>\n<meta property=\"og:site_name\" content=\"Cuso International\" \/>\n<meta property=\"article:modified_time\" content=\"2024-12-18T21:07:37+00:00\" \/>\n<meta property=\"og:image\" content=\"https:\/\/cusointernational.org\/wp-content\/uploads\/IMG_6838-800x533.jpg\" \/>\n<meta name=\"twitter:card\" content=\"summary_large_image\" \/>\n<meta name=\"twitter:image\" content=\"https:\/\/cusointernational.org\/wp-content\/uploads\/IMG_6838-800x533.jpg\" \/>\n<meta name=\"twitter:label1\" content=\"Dur\u00e9e de lecture estim\u00e9e\" \/>\n\t<meta name=\"twitter:data1\" content=\"4 minutes\" \/>\n<script type=\"application\/ld+json\" class=\"yoast-schema-graph\">{\"@context\":\"https:\\\/\\\/schema.org\",\"@graph\":[{\"@type\":\"WebPage\",\"@id\":\"https:\\\/\\\/cusointernational.org\\\/fr\\\/programme-des-autochtones-du-canada\\\/\",\"url\":\"https:\\\/\\\/cusointernational.org\\\/fr\\\/programme-des-autochtones-du-canada\\\/\",\"name\":\"Programme des Autochtones du Canada | Cuso International\",\"isPartOf\":{\"@id\":\"https:\\\/\\\/cusointernational.org\\\/fr\\\/#website\"},\"primaryImageOfPage\":{\"@id\":\"https:\\\/\\\/cusointernational.org\\\/fr\\\/programme-des-autochtones-du-canada\\\/#primaryimage\"},\"image\":{\"@id\":\"https:\\\/\\\/cusointernational.org\\\/fr\\\/programme-des-autochtones-du-canada\\\/#primaryimage\"},\"thumbnailUrl\":\"https:\\\/\\\/cusointernational.org\\\/wp-content\\\/uploads\\\/IMG_6838-scaled.jpg\",\"datePublished\":\"2023-10-03T21:06:49+00:00\",\"dateModified\":\"2024-12-18T21:07:37+00:00\",\"description\":\"Chez Cuso International, nous collaborons depuis longtemps avec des peuples autochtones des quatre coins du monde.\",\"breadcrumb\":{\"@id\":\"https:\\\/\\\/cusointernational.org\\\/fr\\\/programme-des-autochtones-du-canada\\\/#breadcrumb\"},\"inLanguage\":\"fr-FR\",\"potentialAction\":[{\"@type\":\"ReadAction\",\"target\":[\"https:\\\/\\\/cusointernational.org\\\/fr\\\/programme-des-autochtones-du-canada\\\/\"]}]},{\"@type\":\"ImageObject\",\"inLanguage\":\"fr-FR\",\"@id\":\"https:\\\/\\\/cusointernational.org\\\/fr\\\/programme-des-autochtones-du-canada\\\/#primaryimage\",\"url\":\"https:\\\/\\\/cusointernational.org\\\/wp-content\\\/uploads\\\/IMG_6838-scaled.jpg\",\"contentUrl\":\"https:\\\/\\\/cusointernational.org\\\/wp-content\\\/uploads\\\/IMG_6838-scaled.jpg\",\"width\":2560,\"height\":1707,\"caption\":\"SHARE\"},{\"@type\":\"BreadcrumbList\",\"@id\":\"https:\\\/\\\/cusointernational.org\\\/fr\\\/programme-des-autochtones-du-canada\\\/#breadcrumb\",\"itemListElement\":[{\"@type\":\"ListItem\",\"position\":1,\"name\":\"Home\",\"item\":\"https:\\\/\\\/cusointernational.org\\\/fr\\\/\"},{\"@type\":\"ListItem\",\"position\":2,\"name\":\"Programme des Autochtones du Canada\"}]},{\"@type\":\"WebSite\",\"@id\":\"https:\\\/\\\/cusointernational.org\\\/fr\\\/#website\",\"url\":\"https:\\\/\\\/cusointernational.org\\\/fr\\\/\",\"name\":\"Cuso International\",\"description\":\"Connecting communities around the world with skilled Canadians to help end poverty\",\"potentialAction\":[{\"@type\":\"SearchAction\",\"target\":{\"@type\":\"EntryPoint\",\"urlTemplate\":\"https:\\\/\\\/cusointernational.org\\\/fr\\\/?s={search_term_string}\"},\"query-input\":{\"@type\":\"PropertyValueSpecification\",\"valueRequired\":true,\"valueName\":\"search_term_string\"}}],\"inLanguage\":\"fr-FR\"}]}<\/script>\n<!-- \/ Yoast SEO plugin. -->","yoast_head_json":{"title":"Programme des Autochtones du Canada | Cuso International","description":"Chez Cuso International, nous collaborons depuis longtemps avec des peuples autochtones des quatre coins du monde.","robots":{"index":"index","follow":"follow","max-snippet":"max-snippet:-1","max-image-preview":"max-image-preview:large","max-video-preview":"max-video-preview:-1"},"canonical":"https:\/\/cusointernational.org\/fr\/programme-des-autochtones-du-canada\/","og_locale":"fr_FR","og_type":"article","og_title":"Programme des Autochtones du Canada | Cuso International","og_description":"Chez Cuso International, nous collaborons depuis longtemps avec des peuples autochtones des quatre coins du monde.","og_url":"https:\/\/cusointernational.org\/fr\/programme-des-autochtones-du-canada\/","og_site_name":"Cuso International","article_modified_time":"2024-12-18T21:07:37+00:00","og_image":[{"url":"https:\/\/cusointernational.org\/wp-content\/uploads\/IMG_6838-800x533.jpg","type":"","width":"","height":""}],"twitter_card":"summary_large_image","twitter_image":"https:\/\/cusointernational.org\/wp-content\/uploads\/IMG_6838-800x533.jpg","twitter_misc":{"Dur\u00e9e de lecture estim\u00e9e":"4 minutes"},"schema":{"@context":"https:\/\/schema.org","@graph":[{"@type":"WebPage","@id":"https:\/\/cusointernational.org\/fr\/programme-des-autochtones-du-canada\/","url":"https:\/\/cusointernational.org\/fr\/programme-des-autochtones-du-canada\/","name":"Programme des Autochtones du Canada | Cuso International","isPartOf":{"@id":"https:\/\/cusointernational.org\/fr\/#website"},"primaryImageOfPage":{"@id":"https:\/\/cusointernational.org\/fr\/programme-des-autochtones-du-canada\/#primaryimage"},"image":{"@id":"https:\/\/cusointernational.org\/fr\/programme-des-autochtones-du-canada\/#primaryimage"},"thumbnailUrl":"https:\/\/cusointernational.org\/wp-content\/uploads\/IMG_6838-scaled.jpg","datePublished":"2023-10-03T21:06:49+00:00","dateModified":"2024-12-18T21:07:37+00:00","description":"Chez Cuso International, nous collaborons depuis longtemps avec des peuples autochtones des quatre coins du monde.","breadcrumb":{"@id":"https:\/\/cusointernational.org\/fr\/programme-des-autochtones-du-canada\/#breadcrumb"},"inLanguage":"fr-FR","potentialAction":[{"@type":"ReadAction","target":["https:\/\/cusointernational.org\/fr\/programme-des-autochtones-du-canada\/"]}]},{"@type":"ImageObject","inLanguage":"fr-FR","@id":"https:\/\/cusointernational.org\/fr\/programme-des-autochtones-du-canada\/#primaryimage","url":"https:\/\/cusointernational.org\/wp-content\/uploads\/IMG_6838-scaled.jpg","contentUrl":"https:\/\/cusointernational.org\/wp-content\/uploads\/IMG_6838-scaled.jpg","width":2560,"height":1707,"caption":"SHARE"},{"@type":"BreadcrumbList","@id":"https:\/\/cusointernational.org\/fr\/programme-des-autochtones-du-canada\/#breadcrumb","itemListElement":[{"@type":"ListItem","position":1,"name":"Home","item":"https:\/\/cusointernational.org\/fr\/"},{"@type":"ListItem","position":2,"name":"Programme des Autochtones du Canada"}]},{"@type":"WebSite","@id":"https:\/\/cusointernational.org\/fr\/#website","url":"https:\/\/cusointernational.org\/fr\/","name":"Cuso International","description":"Connecting communities around the world with skilled Canadians to help end poverty","potentialAction":[{"@type":"SearchAction","target":{"@type":"EntryPoint","urlTemplate":"https:\/\/cusointernational.org\/fr\/?s={search_term_string}"},"query-input":{"@type":"PropertyValueSpecification","valueRequired":true,"valueName":"search_term_string"}}],"inLanguage":"fr-FR"}]}},"_links":{"self":[{"href":"https:\/\/cusointernational.org\/fr\/wp-json\/wp\/v2\/pages\/44346","targetHints":{"allow":["GET"]}}],"collection":[{"href":"https:\/\/cusointernational.org\/fr\/wp-json\/wp\/v2\/pages"}],"about":[{"href":"https:\/\/cusointernational.org\/fr\/wp-json\/wp\/v2\/types\/page"}],"author":[{"embeddable":true,"href":"https:\/\/cusointernational.org\/fr\/wp-json\/wp\/v2\/users\/38"}],"replies":[{"embeddable":true,"href":"https:\/\/cusointernational.org\/fr\/wp-json\/wp\/v2\/comments?post=44346"}],"version-history":[{"count":0,"href":"https:\/\/cusointernational.org\/fr\/wp-json\/wp\/v2\/pages\/44346\/revisions"}],"wp:featuredmedia":[{"embeddable":true,"href":"https:\/\/cusointernational.org\/fr\/wp-json\/wp\/v2\/media\/44131"}],"wp:attachment":[{"href":"https:\/\/cusointernational.org\/fr\/wp-json\/wp\/v2\/media?parent=44346"}],"wp:term":[{"taxonomy":"post_tag","embeddable":true,"href":"https:\/\/cusointernational.org\/fr\/wp-json\/wp\/v2\/tags?post=44346"}],"curies":[{"name":"wp","href":"https:\/\/api.w.org\/{rel}","templated":true}]}}