{"id":44345,"date":"2023-10-03T16:55:01","date_gmt":"2023-10-03T20:55:01","guid":{"rendered":"https:\/\/cusointernational.org\/?page_id=44345"},"modified":"2024-02-12T13:43:36","modified_gmt":"2024-02-12T18:43:36","slug":"entrepreneuriat-durable-et-resilient","status":"publish","type":"page","link":"https:\/\/cusointernational.org\/fr\/entrepreneuriat-durable-et-resilient\/","title":{"rendered":"Entrepreneuriat durable et r\u00e9silient"},"content":{"rendered":"\n\n<h1>\n\t\tEntrepreneuriat durable et r\u00e9silient\n\t<\/h1>\n<h3>\n\t\tRenforcer les capacit\u00e9s entrepreneuriales pour accro\u00eetre la r\u00e9silience et la s\u00e9curit\u00e9 alimentaire des personnes migrantes et rapatri\u00e9es\n\t<\/h3>\n\t\t\t\t<img loading=\"lazy\" decoding=\"async\" src=\"https:\/\/cusointernational.org\/wp-content\/uploads\/Sustainable-and-resilient-entrepreneurship-2-scaled.jpg\" alt=\"Sustainable and resilient entrepreneurship\" itemprop=\"image\" height=\"1707\" width=\"2560\" title=\"Sustainable and resilient entrepreneurship 2\" onerror=\"this.style.display='none'\"  \/>\n\t<ul>\n<li><strong>Ann\u00e9es de mise en \u0153uvre :\u00a0<\/strong>2022-2023<\/li>\n<li><strong>Financeurs:<\/strong> <a href=\"https:\/\/fr.wfp.org\/homepage?_ga=2.123211144.2064436192.1707763043-1586554356.1707763043\" target=\"_blank\" rel=\"noopener\">Programme Alimentaire Mondial\u00a0<\/a><\/li>\n<\/ul>\n<p>En collaboration avec la population locale, le programme Entrepreneuriat durable et r\u00e9silient vise \u00e0 am\u00e9liorer l&#8217;acc\u00e8s \u00e0 des moyens de subsistance stables et \u00e0 att\u00e9nuer les cons\u00e9quences de la COVID-19 et des changements climatiques sur les familles de cinq municipalit\u00e9s des r\u00e9gions de La Paz et de Valle. Le programme destin\u00e9 aux chefs d&#8217;entreprise locaux a pour objectif de renforcer les comp\u00e9tences en affaires, en gestion des risques et en r\u00e9silience et adaptation aux changements climatiques. Le but ultime\u00a0: outiller les communaut\u00e9s pour qu&#8217;elles soient mieux pr\u00e9par\u00e9es \u00e0 faire face aux difficult\u00e9s du monde d&#8217;aujourd&#8217;hui.<\/p>\n<p>Le programme mise \u00e9galement sur l&#8217;autonomisation des femmes et leur ind\u00e9pendance financi\u00e8re. En cr\u00e9ant et en consolidant des groupes d&#8217;\u00e9pargne et de pr\u00eats solidaires, les femmes participent activement \u00e0 la prise de d\u00e9cisions qui ont une incidence sur leur famille et leur communaut\u00e9. Encourager l&#8217;autonomie et l&#8217;ind\u00e9pendance financi\u00e8re est un excellent moyen de b\u00e2tir une soci\u00e9t\u00e9 plus \u00e9quitable et plus inclusive.<\/p>\n\t<p>Le programme mise sur le d\u00e9veloppement communautaire et consid\u00e8re la participation des femmes, l&#8217;\u00e9galit\u00e9 des genres et l&#8217;inclusion comme des droits fondamentaux. L&#8217;objectif\u00a0: autonomiser les femmes pour provoquer des changements sociaux durables avantageux pour tout le monde.<\/p>\n\t\t\t<a href=\"https:\/\/cusointernational.org\/fr\/passez-a-laction\/volontaire\/cooperation-volontaire\/\" target=\"_blank\" rel=\"noopener\">\n\t\t\t\t\t\tVOLUNTARY COOPERATION\n\t\t\t\t\t<\/a>\n<h3>\n\t\tENTREPRENEURIAT DURABLE ET R\u00c9SILIENT HISTOIRES \n\t<\/h3>\n\t\t\t\t<img loading=\"lazy\" decoding=\"async\" src=\"https:\/\/cusointernational.org\/wp-content\/uploads\/LA-PAZ-Santos-Maria-Gomez3-scaled.jpg\" alt=\"LA PAZ - Santos Mar\u00eda G\u00f3mez3\" itemprop=\"image\" height=\"1707\" width=\"2560\" title=\"LA PAZ - Santos Mar\u00eda G\u00f3mez3\" onerror=\"this.style.display='none'\"  \/>\n<h3>\n\t\tD\u00e9velopper la fibre entrepreneuriale des Honduriennes\n\t<\/h3>\n\t<p>Mar\u00eda\u202fG\u00f3mez \u00c1ndres entretient avec beaucoup de soin un parterre de fleurs dans sa cour. En p\u00e9riode de grande chaleur, elle peut nager et se rafra\u00eechir dans la rivi\u00e8re qui coule tout pr\u00e8s. Mar\u00eda travaille d&#8217;arrache-pied pour nourrir ses sept enfants, malgr\u00e9 les difficult\u00e9s suppl\u00e9mentaires dues \u00e0 son manque d&#8217;\u00e9ducation.<\/p>\n\t\t\t<a href=\"https:\/\/cusointernational.org\/fr\/recit\/developper-la-fibre-entrepreneuriale-des-honduriennes\/\" target=\"_blank\" rel=\"noopener\">\n\t\t\t\t\t\t\tLIRE CETTE HISTOIRE\n\t\t\t\t\t<\/a>\n<h3>\n\t\tDes Honduriennes cultivent leurs connaissances en agriculture et en affaires\n\t<\/h3>\n\t<p>Sous des climats \u00e9touffants comme \u00e0 Palagua, au Honduras, la vie n&#8217;est pas de tout repos. C&#8217;est encore plus vrai en agriculture, puisque la s\u00e9cheresse et les vents estivaux nuisent parfois aux r\u00e9coltes. Pourtant, Mar\u00eda\u202fKenia\u202fGarcia\u202fG\u00f3mez voit de la beaut\u00e9 et des occasions uniques dans son environnement et sa communaut\u00e9.<\/p>\n\t\t\t<a href=\"https:\/\/cusointernational.org\/fr\/recit\/des-honduriennes-cultivent-leurs-connaissances-en-agriculture-et-en-affaires\/\" target=\"_blank\" rel=\"noopener\">\n\t\t\t\t\t\t\tLIRE CETTE HISTOIRE\n\t\t\t\t\t<\/a>\n\t\t\t\t<img loading=\"lazy\" decoding=\"async\" src=\"https:\/\/cusointernational.org\/wp-content\/uploads\/LA-PAZ-MARIA-KENIA-GARCIA7-scaled.jpg\" alt=\"Women in Honduras grow agricultural and entrepreneurial knowledge\" itemprop=\"image\" height=\"1707\" width=\"2560\" title=\"LA PAZ - MARIA KENIA GARCIA7 - Women in Honduras grow agricultural and entrepreneurial knowledge\" onerror=\"this.style.display='none'\"  \/>\n\t\t\t\t<img loading=\"lazy\" decoding=\"async\" src=\"https:\/\/cusointernational.org\/wp-content\/uploads\/LA-PAZ-Aleida-Garcia-Gomez17-scaled.jpg\" alt=\"Aleida Garc\u00eda G\u00f3mez - Strengthening capacities and participation of women in Honduras\" itemprop=\"image\" height=\"1707\" width=\"2560\" title=\"LA PAZ - Aleida Garc\u00eda G\u00f3mez17\" onerror=\"this.style.display='none'\"  \/>\n<h3>\n\t\tD\u00e9velopper l&#8217;expertise des femmes et accro\u00eetre leur participation \u00e0 la soci\u00e9t\u00e9 hondurienne\n\t<\/h3>\n\t<p>L&#8217;inclusion financi\u00e8re des femmes profite \u00e0 tout le monde. Aleida Garcia Gomez a \u00e9t\u00e9 personnellement t\u00e9moin de l&#8217;entraide f\u00e9minine en vue d&#8217;un meilleur acc\u00e8s aux ressources et d&#8217;une participation accrue \u00e0 la vie citoyenne.<\/p>\n\t\t\t<a href=\"https:\/\/cusointernational.org\/fr\/recit\/developper-lexpertise-des-femmes-et-accroitre-leur-participation-a-la-societe-hondurienne\/\" target=\"_blank\" rel=\"noopener\">\n\t\t\t\t\t\t\tLIRE CETTE HISTOIRE\n\t\t\t\t\t<\/a>\n<h2>\n\t\tInvestir dans les femmes et les filles\n\t<\/h2>\n\t<p>Votre contribution permet de promouvoir l&#8217;\u00e9galit\u00e9 entre les sexes et de mettre de l&#8217;avant des solutions durables et \u00e9quitables pour \u00e9liminer la pauvret\u00e9 \u00e0 travers le monde. Vous \u00eates le point de d\u00e9part d&#8217;un avenir inclusif!<\/p>\n\t\t\t<a href=\"https:\/\/cusointernational.org\/fr\/faire-un-don\/\" target=\"_self\" rel=\"noopener\">\n\t\t\t\t\t\tFAIRE UN DON\n\t\t\t\t\t<\/a>\n\n","protected":false},"excerpt":{"rendered":"<p>Entrepreneuriat durable et r\u00e9silient Renforcer les capacit\u00e9s entrepreneuriales pour accro\u00eetre la r\u00e9silience et la s\u00e9curit\u00e9 alimentaire des personnes migrantes et rapatri\u00e9es Ann\u00e9es de mise en \u0153uvre :\u00a02022-2023 Financeurs: Programme Alimentaire Mondial\u00a0 En collaboration avec la population locale, le programme Entrepreneuriat durable et r\u00e9silient vise \u00e0 am\u00e9liorer l&#8217;acc\u00e8s \u00e0 des moyens de subsistance stables et \u00e0&hellip;<\/p>\n","protected":false},"author":38,"featured_media":44279,"parent":0,"menu_order":0,"comment_status":"closed","ping_status":"closed","template":"","meta":{"_acf_changed":false,"footnotes":""},"tags":[],"class_list":["post-44345","page","type-page","status-publish","has-post-thumbnail","hentry"],"acf":[],"yoast_head":"<!-- This site is optimized with the Yoast SEO plugin v27.4 - https:\/\/yoast.com\/product\/yoast-seo-wordpress\/ -->\n<title>Entrepreneuriat durable et r\u00e9silient | Cuso International<\/title>\n<meta name=\"description\" content=\"Renforcement des capacit\u00e9s entrepreneuriales pour accro\u00eetre la r\u00e9silience et la s\u00e9curit\u00e9 alimentaire des migrants potentiels et des rapatri\u00e9s.\" \/>\n<meta name=\"robots\" content=\"index, follow, max-snippet:-1, max-image-preview:large, max-video-preview:-1\" \/>\n<link rel=\"canonical\" href=\"https:\/\/cusointernational.org\/fr\/entrepreneuriat-durable-et-resilient\/\" \/>\n<meta property=\"og:locale\" content=\"fr_FR\" \/>\n<meta property=\"og:type\" content=\"article\" \/>\n<meta property=\"og:title\" content=\"Entrepreneuriat durable et r\u00e9silient | Cuso International\" \/>\n<meta property=\"og:description\" content=\"Renforcement des capacit\u00e9s entrepreneuriales pour accro\u00eetre la r\u00e9silience et la s\u00e9curit\u00e9 alimentaire des migrants potentiels et des rapatri\u00e9s.\" \/>\n<meta property=\"og:url\" content=\"https:\/\/cusointernational.org\/fr\/entrepreneuriat-durable-et-resilient\/\" \/>\n<meta property=\"og:site_name\" content=\"Cuso International\" \/>\n<meta property=\"article:modified_time\" content=\"2024-02-12T18:43:36+00:00\" \/>\n<meta property=\"og:image\" content=\"https:\/\/cusointernational.org\/wp-content\/uploads\/Sustaianble-and-resilient-entrepeneurship-800x360.jpg\" \/>\n<meta name=\"twitter:card\" content=\"summary_large_image\" \/>\n<meta name=\"twitter:image\" content=\"https:\/\/cusointernational.org\/wp-content\/uploads\/Sustaianble-and-resilient-entrepeneurship-800x360.jpg\" \/>\n<meta name=\"twitter:label1\" content=\"Dur\u00e9e de lecture estim\u00e9e\" \/>\n\t<meta name=\"twitter:data1\" content=\"2 minutes\" \/>\n<script type=\"application\/ld+json\" class=\"yoast-schema-graph\">{\"@context\":\"https:\\\/\\\/schema.org\",\"@graph\":[{\"@type\":\"WebPage\",\"@id\":\"https:\\\/\\\/cusointernational.org\\\/fr\\\/entrepreneuriat-durable-et-resilient\\\/\",\"url\":\"https:\\\/\\\/cusointernational.org\\\/fr\\\/entrepreneuriat-durable-et-resilient\\\/\",\"name\":\"Entrepreneuriat durable et r\u00e9silient | Cuso International\",\"isPartOf\":{\"@id\":\"https:\\\/\\\/cusointernational.org\\\/fr\\\/#website\"},\"primaryImageOfPage\":{\"@id\":\"https:\\\/\\\/cusointernational.org\\\/fr\\\/entrepreneuriat-durable-et-resilient\\\/#primaryimage\"},\"image\":{\"@id\":\"https:\\\/\\\/cusointernational.org\\\/fr\\\/entrepreneuriat-durable-et-resilient\\\/#primaryimage\"},\"thumbnailUrl\":\"https:\\\/\\\/cusointernational.org\\\/wp-content\\\/uploads\\\/Sustaianble-and-resilient-entrepeneurship-scaled.jpg\",\"datePublished\":\"2023-10-03T20:55:01+00:00\",\"dateModified\":\"2024-02-12T18:43:36+00:00\",\"description\":\"Renforcement des capacit\u00e9s entrepreneuriales pour accro\u00eetre la r\u00e9silience et la s\u00e9curit\u00e9 alimentaire des migrants potentiels et des rapatri\u00e9s.\",\"breadcrumb\":{\"@id\":\"https:\\\/\\\/cusointernational.org\\\/fr\\\/entrepreneuriat-durable-et-resilient\\\/#breadcrumb\"},\"inLanguage\":\"fr-FR\",\"potentialAction\":[{\"@type\":\"ReadAction\",\"target\":[\"https:\\\/\\\/cusointernational.org\\\/fr\\\/entrepreneuriat-durable-et-resilient\\\/\"]}]},{\"@type\":\"ImageObject\",\"inLanguage\":\"fr-FR\",\"@id\":\"https:\\\/\\\/cusointernational.org\\\/fr\\\/entrepreneuriat-durable-et-resilient\\\/#primaryimage\",\"url\":\"https:\\\/\\\/cusointernational.org\\\/wp-content\\\/uploads\\\/Sustaianble-and-resilient-entrepeneurship-scaled.jpg\",\"contentUrl\":\"https:\\\/\\\/cusointernational.org\\\/wp-content\\\/uploads\\\/Sustaianble-and-resilient-entrepeneurship-scaled.jpg\",\"width\":2560,\"height\":1152,\"caption\":\"Sustaianable and resilient entrepreneurship\"},{\"@type\":\"BreadcrumbList\",\"@id\":\"https:\\\/\\\/cusointernational.org\\\/fr\\\/entrepreneuriat-durable-et-resilient\\\/#breadcrumb\",\"itemListElement\":[{\"@type\":\"ListItem\",\"position\":1,\"name\":\"Home\",\"item\":\"https:\\\/\\\/cusointernational.org\\\/fr\\\/\"},{\"@type\":\"ListItem\",\"position\":2,\"name\":\"Entrepreneuriat durable et r\u00e9silient\"}]},{\"@type\":\"WebSite\",\"@id\":\"https:\\\/\\\/cusointernational.org\\\/fr\\\/#website\",\"url\":\"https:\\\/\\\/cusointernational.org\\\/fr\\\/\",\"name\":\"Cuso International\",\"description\":\"Connecting communities around the world with skilled Canadians to help end poverty\",\"potentialAction\":[{\"@type\":\"SearchAction\",\"target\":{\"@type\":\"EntryPoint\",\"urlTemplate\":\"https:\\\/\\\/cusointernational.org\\\/fr\\\/?s={search_term_string}\"},\"query-input\":{\"@type\":\"PropertyValueSpecification\",\"valueRequired\":true,\"valueName\":\"search_term_string\"}}],\"inLanguage\":\"fr-FR\"}]}<\/script>\n<!-- \/ Yoast SEO plugin. -->","yoast_head_json":{"title":"Entrepreneuriat durable et r\u00e9silient | Cuso International","description":"Renforcement des capacit\u00e9s entrepreneuriales pour accro\u00eetre la r\u00e9silience et la s\u00e9curit\u00e9 alimentaire des migrants potentiels et des rapatri\u00e9s.","robots":{"index":"index","follow":"follow","max-snippet":"max-snippet:-1","max-image-preview":"max-image-preview:large","max-video-preview":"max-video-preview:-1"},"canonical":"https:\/\/cusointernational.org\/fr\/entrepreneuriat-durable-et-resilient\/","og_locale":"fr_FR","og_type":"article","og_title":"Entrepreneuriat durable et r\u00e9silient | Cuso International","og_description":"Renforcement des capacit\u00e9s entrepreneuriales pour accro\u00eetre la r\u00e9silience et la s\u00e9curit\u00e9 alimentaire des migrants potentiels et des rapatri\u00e9s.","og_url":"https:\/\/cusointernational.org\/fr\/entrepreneuriat-durable-et-resilient\/","og_site_name":"Cuso International","article_modified_time":"2024-02-12T18:43:36+00:00","og_image":[{"url":"https:\/\/cusointernational.org\/wp-content\/uploads\/Sustaianble-and-resilient-entrepeneurship-800x360.jpg","type":"","width":"","height":""}],"twitter_card":"summary_large_image","twitter_image":"https:\/\/cusointernational.org\/wp-content\/uploads\/Sustaianble-and-resilient-entrepeneurship-800x360.jpg","twitter_misc":{"Dur\u00e9e de lecture estim\u00e9e":"2 minutes"},"schema":{"@context":"https:\/\/schema.org","@graph":[{"@type":"WebPage","@id":"https:\/\/cusointernational.org\/fr\/entrepreneuriat-durable-et-resilient\/","url":"https:\/\/cusointernational.org\/fr\/entrepreneuriat-durable-et-resilient\/","name":"Entrepreneuriat durable et r\u00e9silient | Cuso International","isPartOf":{"@id":"https:\/\/cusointernational.org\/fr\/#website"},"primaryImageOfPage":{"@id":"https:\/\/cusointernational.org\/fr\/entrepreneuriat-durable-et-resilient\/#primaryimage"},"image":{"@id":"https:\/\/cusointernational.org\/fr\/entrepreneuriat-durable-et-resilient\/#primaryimage"},"thumbnailUrl":"https:\/\/cusointernational.org\/wp-content\/uploads\/Sustaianble-and-resilient-entrepeneurship-scaled.jpg","datePublished":"2023-10-03T20:55:01+00:00","dateModified":"2024-02-12T18:43:36+00:00","description":"Renforcement des capacit\u00e9s entrepreneuriales pour accro\u00eetre la r\u00e9silience et la s\u00e9curit\u00e9 alimentaire des migrants potentiels et des rapatri\u00e9s.","breadcrumb":{"@id":"https:\/\/cusointernational.org\/fr\/entrepreneuriat-durable-et-resilient\/#breadcrumb"},"inLanguage":"fr-FR","potentialAction":[{"@type":"ReadAction","target":["https:\/\/cusointernational.org\/fr\/entrepreneuriat-durable-et-resilient\/"]}]},{"@type":"ImageObject","inLanguage":"fr-FR","@id":"https:\/\/cusointernational.org\/fr\/entrepreneuriat-durable-et-resilient\/#primaryimage","url":"https:\/\/cusointernational.org\/wp-content\/uploads\/Sustaianble-and-resilient-entrepeneurship-scaled.jpg","contentUrl":"https:\/\/cusointernational.org\/wp-content\/uploads\/Sustaianble-and-resilient-entrepeneurship-scaled.jpg","width":2560,"height":1152,"caption":"Sustaianable and resilient entrepreneurship"},{"@type":"BreadcrumbList","@id":"https:\/\/cusointernational.org\/fr\/entrepreneuriat-durable-et-resilient\/#breadcrumb","itemListElement":[{"@type":"ListItem","position":1,"name":"Home","item":"https:\/\/cusointernational.org\/fr\/"},{"@type":"ListItem","position":2,"name":"Entrepreneuriat durable et r\u00e9silient"}]},{"@type":"WebSite","@id":"https:\/\/cusointernational.org\/fr\/#website","url":"https:\/\/cusointernational.org\/fr\/","name":"Cuso International","description":"Connecting communities around the world with skilled Canadians to help end poverty","potentialAction":[{"@type":"SearchAction","target":{"@type":"EntryPoint","urlTemplate":"https:\/\/cusointernational.org\/fr\/?s={search_term_string}"},"query-input":{"@type":"PropertyValueSpecification","valueRequired":true,"valueName":"search_term_string"}}],"inLanguage":"fr-FR"}]}},"_links":{"self":[{"href":"https:\/\/cusointernational.org\/fr\/wp-json\/wp\/v2\/pages\/44345","targetHints":{"allow":["GET"]}}],"collection":[{"href":"https:\/\/cusointernational.org\/fr\/wp-json\/wp\/v2\/pages"}],"about":[{"href":"https:\/\/cusointernational.org\/fr\/wp-json\/wp\/v2\/types\/page"}],"author":[{"embeddable":true,"href":"https:\/\/cusointernational.org\/fr\/wp-json\/wp\/v2\/users\/38"}],"replies":[{"embeddable":true,"href":"https:\/\/cusointernational.org\/fr\/wp-json\/wp\/v2\/comments?post=44345"}],"version-history":[{"count":0,"href":"https:\/\/cusointernational.org\/fr\/wp-json\/wp\/v2\/pages\/44345\/revisions"}],"wp:featuredmedia":[{"embeddable":true,"href":"https:\/\/cusointernational.org\/fr\/wp-json\/wp\/v2\/media\/44279"}],"wp:attachment":[{"href":"https:\/\/cusointernational.org\/fr\/wp-json\/wp\/v2\/media?parent=44345"}],"wp:term":[{"taxonomy":"post_tag","embeddable":true,"href":"https:\/\/cusointernational.org\/fr\/wp-json\/wp\/v2\/tags?post=44345"}],"curies":[{"name":"wp","href":"https:\/\/api.w.org\/{rel}","templated":true}]}}