{"id":44343,"date":"2023-10-03T16:46:03","date_gmt":"2023-10-03T20:46:03","guid":{"rendered":"https:\/\/cusointernational.org\/?page_id=44343"},"modified":"2024-02-12T12:05:03","modified_gmt":"2024-02-12T17:05:03","slug":"programme-de-developpement-inclusif-et-durable-pour-les-populations","status":"publish","type":"page","link":"https:\/\/cusointernational.org\/fr\/programme-de-developpement-inclusif-et-durable-pour-les-populations\/","title":{"rendered":"Programme de d\u00e9veloppement inclusif et durable pour les populations"},"content":{"rendered":"\n<h1>\n\t\tProgramme de d\u00e9veloppement inclusif et durable pour les populations vuln\u00e9rables (programme ISED-VP)\n\t<\/h1>\n\t\t\t\t<img loading=\"lazy\" decoding=\"async\" src=\"https:\/\/cusointernational.org\/wp-content\/uploads\/ISED-VP-2.jpg\" alt=\"Inclusive and Sustainable Development for Vulnerable Populations\" itemprop=\"image\" height=\"731\" width=\"1299\" title=\"ISED-VP 2\" onerror=\"this.style.display='none'\"  \/>\n\t<ul>\n<li><strong>Ann\u00e9es de mise en \u0153uvre :\u00a0<\/strong>2019-2023<\/li>\n<li><strong>Financeurs:<\/strong> <a href=\"https:\/\/european-union.europa.eu\/index_fr\" target=\"_blank\" rel=\"noopener\">Union europ\u00e9enne<\/a> et<a href=\"https:\/\/www.cbm.org\/\" target=\"_blank\" rel=\"noopener\"> CBM International<\/a>\u00a0<\/li>\n<\/ul>\n<p>Depuis 2019, le programme de d\u00e9veloppement inclusif et durable pour les populations vuln\u00e9rables\u00a0(programme ISED-VP) n&#8217;a qu&#8217;un seul objectif\u00a0: offrir plus de perspectives de revenus aux groupes marginalis\u00e9s du corridor de la s\u00e9cheresse du Honduras, particuli\u00e8rement aux personnes handicap\u00e9es.<\/p>\n\t<p>Le programme ISED-VP donne de la formation aux personnes handicap\u00e9es pour qu&#8217;elles d\u00e9marrent une micro ou petite entreprise (MPE) afin d&#8217;avoir une source de revenus et d&#8217;\u00e9viter l&#8217;ins\u00e9curit\u00e9 alimentaire. La cr\u00e9ation de centaines de MPE dans le corridor de la s\u00e9cheresse a stimul\u00e9 la production de nourriture et la cr\u00e9ation de nouveaux types d&#8217;emplois dans la r\u00e9gion. Pour faire face \u00e0 la crise climatique, ces chefs d&#8217;entreprise ont re\u00e7u une formation technique sur l&#8217;att\u00e9nuation des changements climatiques et la gestion durable des ressources naturelles. Enfin, le programme ISED-VP utilise une approche fond\u00e9e sur les droits de la personne pour veiller \u00e0 ce que tous et toutes comprennent et exercent leurs droits fondamentaux, sociaux et \u00e9conomiques.<\/p>\n<p>CBM International et le Programme alimentaire mondial\u00a0(PAM) au Honduras continuent \u00e0 investir dans le programme ISED-VP afin d&#8217;\u00e9largir l&#8217;offre d&#8217;activit\u00e9s et le nombre de participants et participantes.<\/p>\n\t\t\t<a href=\"https:\/\/cusointernational.org\/fr\/passez-a-laction\/volontaire\/cooperation-volontaire\/\" target=\"_blank\" rel=\"noopener\">\n\t\t\t\t\t\tVOLUNTARY COOPERATION\n\t\t\t\t\t<\/a>\n<h2>\n\t\tISED-VP HISTOIRES \n\t<\/h2>\n\t\t\t\t<img loading=\"lazy\" decoding=\"async\" src=\"https:\/\/cusointernational.org\/wp-content\/uploads\/20210218_Breaking-Down-Barriers-4-scaled.jpg\" alt=\"Breaking down barriers\" itemprop=\"image\" height=\"1152\" width=\"2560\" title=\"20210218_Breaking Down Barriers 4\" onerror=\"this.style.display='none'\"  \/>\n<h3>\n\t\t\u00c9liminer les obstacles\n\t<\/h3>\n\t<p>Karen Guadalupe Izaguirre enseigne dans un centre de formation \u00e0 Catacamas, au Honduras. C&#8217;est aussi la m\u00e8re de deux filles, Alejandra et Alexa. En tant qu&#8217;enseignante, elle est t\u00e9moin du manque de ressources pour les enfants \u00e0 besoins particuliers.<\/p>\n\t\t\t<a href=\"https:\/\/cusointernational.org\/fr\/recit\/eliminer-les-obstacles\/\" target=\"_blank\" rel=\"noopener\">\n\t\t\t\t\t\t\tLIRE CETTE HISTOIRE\n\t\t\t\t\t<\/a>\n<h2>\n\t\tInvestir dans l&#8217;inclusion\n\t<\/h2>\n\t<p>Votre soutien contribue \u00e0 r\u00e9duire la pauvret\u00e9 et les in\u00e9galit\u00e9s en am\u00e9liorant l&#8217;acc\u00e8s des communaut\u00e9s marginalis\u00e9es \u00e0 des opportunit\u00e9s \u00e9conomiques durables. Un avenir meilleur commence avec vous.<\/p>\n\t\t\t<a href=\"https:\/\/cusointernational.org\/fr\/faire-un-don\/\" target=\"_self\" rel=\"noopener\">\n\t\t\t\t\t\tFAIRE UN DON\n\t\t\t\t\t<\/a>\n\n","protected":false},"excerpt":{"rendered":"<p>Programme de d\u00e9veloppement inclusif et durable pour les populations vuln\u00e9rables (programme ISED-VP) Ann\u00e9es de mise en \u0153uvre :\u00a02019-2023 Financeurs: Union europ\u00e9enne et CBM International\u00a0 Depuis 2019, le programme de d\u00e9veloppement inclusif et durable pour les populations vuln\u00e9rables\u00a0(programme ISED-VP) n&#8217;a qu&#8217;un seul objectif\u00a0: offrir plus de perspectives de revenus aux groupes marginalis\u00e9s du corridor de la&hellip;<\/p>\n","protected":false},"author":38,"featured_media":44246,"parent":0,"menu_order":0,"comment_status":"closed","ping_status":"closed","template":"","meta":{"_acf_changed":false,"footnotes":""},"tags":[],"class_list":["post-44343","page","type-page","status-publish","has-post-thumbnail","hentry"],"acf":[],"yoast_head":"<!-- This site is optimized with the Yoast SEO plugin v27.4 - https:\/\/yoast.com\/product\/yoast-seo-wordpress\/ -->\n<title>ISED-VP | Cuso International<\/title>\n<meta name=\"description\" content=\"Le programme de d\u00e9veloppement inclusif et durable pour les populations vuln\u00e9rables (programme ISED-VP) n\u2019a qu\u2019un seul objectif : offrir plus de perspectives de revenus aux groupes marginalis\u00e9s\" \/>\n<meta name=\"robots\" content=\"index, follow, max-snippet:-1, max-image-preview:large, max-video-preview:-1\" \/>\n<link rel=\"canonical\" href=\"https:\/\/cusointernational.org\/fr\/programme-de-developpement-inclusif-et-durable-pour-les-populations\/\" \/>\n<meta property=\"og:locale\" content=\"fr_FR\" \/>\n<meta property=\"og:type\" content=\"article\" \/>\n<meta property=\"og:title\" content=\"ISED-VP | Cuso International\" \/>\n<meta property=\"og:description\" content=\"Le programme de d\u00e9veloppement inclusif et durable pour les populations vuln\u00e9rables (programme ISED-VP) n\u2019a qu\u2019un seul objectif : offrir plus de perspectives de revenus aux groupes marginalis\u00e9s\" \/>\n<meta property=\"og:url\" content=\"https:\/\/cusointernational.org\/fr\/programme-de-developpement-inclusif-et-durable-pour-les-populations\/\" \/>\n<meta property=\"og:site_name\" content=\"Cuso International\" \/>\n<meta property=\"article:modified_time\" content=\"2024-02-12T17:05:03+00:00\" \/>\n<meta property=\"og:image\" content=\"https:\/\/cusointernational.org\/wp-content\/uploads\/ISED-VP-scaled.jpg\" \/>\n\t<meta property=\"og:image:width\" content=\"2560\" \/>\n\t<meta property=\"og:image:height\" content=\"1183\" \/>\n\t<meta property=\"og:image:type\" content=\"image\/jpeg\" \/>\n<meta name=\"twitter:card\" content=\"summary_large_image\" \/>\n<meta name=\"twitter:label1\" content=\"Dur\u00e9e de lecture estim\u00e9e\" \/>\n\t<meta name=\"twitter:data1\" content=\"2 minutes\" \/>\n<script type=\"application\/ld+json\" class=\"yoast-schema-graph\">{\"@context\":\"https:\\\/\\\/schema.org\",\"@graph\":[{\"@type\":\"WebPage\",\"@id\":\"https:\\\/\\\/cusointernational.org\\\/fr\\\/programme-de-developpement-inclusif-et-durable-pour-les-populations\\\/\",\"url\":\"https:\\\/\\\/cusointernational.org\\\/fr\\\/programme-de-developpement-inclusif-et-durable-pour-les-populations\\\/\",\"name\":\"ISED-VP | Cuso International\",\"isPartOf\":{\"@id\":\"https:\\\/\\\/cusointernational.org\\\/fr\\\/#website\"},\"primaryImageOfPage\":{\"@id\":\"https:\\\/\\\/cusointernational.org\\\/fr\\\/programme-de-developpement-inclusif-et-durable-pour-les-populations\\\/#primaryimage\"},\"image\":{\"@id\":\"https:\\\/\\\/cusointernational.org\\\/fr\\\/programme-de-developpement-inclusif-et-durable-pour-les-populations\\\/#primaryimage\"},\"thumbnailUrl\":\"https:\\\/\\\/cusointernational.org\\\/wp-content\\\/uploads\\\/ISED-VP-scaled.jpg\",\"datePublished\":\"2023-10-03T20:46:03+00:00\",\"dateModified\":\"2024-02-12T17:05:03+00:00\",\"description\":\"Le programme de d\u00e9veloppement inclusif et durable pour les populations vuln\u00e9rables (programme ISED-VP) n\u2019a qu\u2019un seul objectif : offrir plus de perspectives de revenus aux groupes marginalis\u00e9s\",\"breadcrumb\":{\"@id\":\"https:\\\/\\\/cusointernational.org\\\/fr\\\/programme-de-developpement-inclusif-et-durable-pour-les-populations\\\/#breadcrumb\"},\"inLanguage\":\"fr-FR\",\"potentialAction\":[{\"@type\":\"ReadAction\",\"target\":[\"https:\\\/\\\/cusointernational.org\\\/fr\\\/programme-de-developpement-inclusif-et-durable-pour-les-populations\\\/\"]}]},{\"@type\":\"ImageObject\",\"inLanguage\":\"fr-FR\",\"@id\":\"https:\\\/\\\/cusointernational.org\\\/fr\\\/programme-de-developpement-inclusif-et-durable-pour-les-populations\\\/#primaryimage\",\"url\":\"https:\\\/\\\/cusointernational.org\\\/wp-content\\\/uploads\\\/ISED-VP-scaled.jpg\",\"contentUrl\":\"https:\\\/\\\/cusointernational.org\\\/wp-content\\\/uploads\\\/ISED-VP-scaled.jpg\",\"width\":2560,\"height\":1183,\"caption\":\"Inclusive and Sustainable Development for Vulnerable Populations\"},{\"@type\":\"BreadcrumbList\",\"@id\":\"https:\\\/\\\/cusointernational.org\\\/fr\\\/programme-de-developpement-inclusif-et-durable-pour-les-populations\\\/#breadcrumb\",\"itemListElement\":[{\"@type\":\"ListItem\",\"position\":1,\"name\":\"Home\",\"item\":\"https:\\\/\\\/cusointernational.org\\\/fr\\\/\"},{\"@type\":\"ListItem\",\"position\":2,\"name\":\"Programme de d\u00e9veloppement inclusif et durable pour les populations\"}]},{\"@type\":\"WebSite\",\"@id\":\"https:\\\/\\\/cusointernational.org\\\/fr\\\/#website\",\"url\":\"https:\\\/\\\/cusointernational.org\\\/fr\\\/\",\"name\":\"Cuso International\",\"description\":\"Connecting communities around the world with skilled Canadians to help end poverty\",\"potentialAction\":[{\"@type\":\"SearchAction\",\"target\":{\"@type\":\"EntryPoint\",\"urlTemplate\":\"https:\\\/\\\/cusointernational.org\\\/fr\\\/?s={search_term_string}\"},\"query-input\":{\"@type\":\"PropertyValueSpecification\",\"valueRequired\":true,\"valueName\":\"search_term_string\"}}],\"inLanguage\":\"fr-FR\"}]}<\/script>\n<!-- \/ Yoast SEO plugin. -->","yoast_head_json":{"title":"ISED-VP | Cuso International","description":"Le programme de d\u00e9veloppement inclusif et durable pour les populations vuln\u00e9rables (programme ISED-VP) n\u2019a qu\u2019un seul objectif : offrir plus de perspectives de revenus aux groupes marginalis\u00e9s","robots":{"index":"index","follow":"follow","max-snippet":"max-snippet:-1","max-image-preview":"max-image-preview:large","max-video-preview":"max-video-preview:-1"},"canonical":"https:\/\/cusointernational.org\/fr\/programme-de-developpement-inclusif-et-durable-pour-les-populations\/","og_locale":"fr_FR","og_type":"article","og_title":"ISED-VP | Cuso International","og_description":"Le programme de d\u00e9veloppement inclusif et durable pour les populations vuln\u00e9rables (programme ISED-VP) n\u2019a qu\u2019un seul objectif : offrir plus de perspectives de revenus aux groupes marginalis\u00e9s","og_url":"https:\/\/cusointernational.org\/fr\/programme-de-developpement-inclusif-et-durable-pour-les-populations\/","og_site_name":"Cuso International","article_modified_time":"2024-02-12T17:05:03+00:00","og_image":[{"width":2560,"height":1183,"url":"https:\/\/cusointernational.org\/wp-content\/uploads\/ISED-VP-scaled.jpg","type":"image\/jpeg"}],"twitter_card":"summary_large_image","twitter_misc":{"Dur\u00e9e de lecture estim\u00e9e":"2 minutes"},"schema":{"@context":"https:\/\/schema.org","@graph":[{"@type":"WebPage","@id":"https:\/\/cusointernational.org\/fr\/programme-de-developpement-inclusif-et-durable-pour-les-populations\/","url":"https:\/\/cusointernational.org\/fr\/programme-de-developpement-inclusif-et-durable-pour-les-populations\/","name":"ISED-VP | Cuso International","isPartOf":{"@id":"https:\/\/cusointernational.org\/fr\/#website"},"primaryImageOfPage":{"@id":"https:\/\/cusointernational.org\/fr\/programme-de-developpement-inclusif-et-durable-pour-les-populations\/#primaryimage"},"image":{"@id":"https:\/\/cusointernational.org\/fr\/programme-de-developpement-inclusif-et-durable-pour-les-populations\/#primaryimage"},"thumbnailUrl":"https:\/\/cusointernational.org\/wp-content\/uploads\/ISED-VP-scaled.jpg","datePublished":"2023-10-03T20:46:03+00:00","dateModified":"2024-02-12T17:05:03+00:00","description":"Le programme de d\u00e9veloppement inclusif et durable pour les populations vuln\u00e9rables (programme ISED-VP) n\u2019a qu\u2019un seul objectif : offrir plus de perspectives de revenus aux groupes marginalis\u00e9s","breadcrumb":{"@id":"https:\/\/cusointernational.org\/fr\/programme-de-developpement-inclusif-et-durable-pour-les-populations\/#breadcrumb"},"inLanguage":"fr-FR","potentialAction":[{"@type":"ReadAction","target":["https:\/\/cusointernational.org\/fr\/programme-de-developpement-inclusif-et-durable-pour-les-populations\/"]}]},{"@type":"ImageObject","inLanguage":"fr-FR","@id":"https:\/\/cusointernational.org\/fr\/programme-de-developpement-inclusif-et-durable-pour-les-populations\/#primaryimage","url":"https:\/\/cusointernational.org\/wp-content\/uploads\/ISED-VP-scaled.jpg","contentUrl":"https:\/\/cusointernational.org\/wp-content\/uploads\/ISED-VP-scaled.jpg","width":2560,"height":1183,"caption":"Inclusive and Sustainable Development for Vulnerable Populations"},{"@type":"BreadcrumbList","@id":"https:\/\/cusointernational.org\/fr\/programme-de-developpement-inclusif-et-durable-pour-les-populations\/#breadcrumb","itemListElement":[{"@type":"ListItem","position":1,"name":"Home","item":"https:\/\/cusointernational.org\/fr\/"},{"@type":"ListItem","position":2,"name":"Programme de d\u00e9veloppement inclusif et durable pour les populations"}]},{"@type":"WebSite","@id":"https:\/\/cusointernational.org\/fr\/#website","url":"https:\/\/cusointernational.org\/fr\/","name":"Cuso International","description":"Connecting communities around the world with skilled Canadians to help end poverty","potentialAction":[{"@type":"SearchAction","target":{"@type":"EntryPoint","urlTemplate":"https:\/\/cusointernational.org\/fr\/?s={search_term_string}"},"query-input":{"@type":"PropertyValueSpecification","valueRequired":true,"valueName":"search_term_string"}}],"inLanguage":"fr-FR"}]}},"_links":{"self":[{"href":"https:\/\/cusointernational.org\/fr\/wp-json\/wp\/v2\/pages\/44343","targetHints":{"allow":["GET"]}}],"collection":[{"href":"https:\/\/cusointernational.org\/fr\/wp-json\/wp\/v2\/pages"}],"about":[{"href":"https:\/\/cusointernational.org\/fr\/wp-json\/wp\/v2\/types\/page"}],"author":[{"embeddable":true,"href":"https:\/\/cusointernational.org\/fr\/wp-json\/wp\/v2\/users\/38"}],"replies":[{"embeddable":true,"href":"https:\/\/cusointernational.org\/fr\/wp-json\/wp\/v2\/comments?post=44343"}],"version-history":[{"count":0,"href":"https:\/\/cusointernational.org\/fr\/wp-json\/wp\/v2\/pages\/44343\/revisions"}],"wp:featuredmedia":[{"embeddable":true,"href":"https:\/\/cusointernational.org\/fr\/wp-json\/wp\/v2\/media\/44246"}],"wp:attachment":[{"href":"https:\/\/cusointernational.org\/fr\/wp-json\/wp\/v2\/media?parent=44343"}],"wp:term":[{"taxonomy":"post_tag","embeddable":true,"href":"https:\/\/cusointernational.org\/fr\/wp-json\/wp\/v2\/tags?post=44343"}],"curies":[{"name":"wp","href":"https:\/\/api.w.org\/{rel}","templated":true}]}}