{"id":44338,"date":"2023-10-03T17:06:25","date_gmt":"2023-10-03T21:06:25","guid":{"rendered":"https:\/\/cusointernational.org\/?page_id=44338"},"modified":"2024-03-25T16:26:31","modified_gmt":"2024-03-25T20:26:31","slug":"blueprints","status":"publish","type":"page","link":"https:\/\/cusointernational.org\/fr\/blueprints\/","title":{"rendered":"BLUEPRINTS"},"content":{"rendered":"\n<h1>\n\t\tBlueprints &#8211; Plan directeur pour l&#8217;\u00e9galit\u00e9 des genres\n\t<\/h1>\n\t\t\t\t<img loading=\"lazy\" decoding=\"async\" src=\"https:\/\/cusointernational.org\/wp-content\/uploads\/Blueprints-Cuso-International-2-scaled.jpg\" alt=\"Blueprints Cuso International\" itemprop=\"image\" height=\"1707\" width=\"2560\" title=\"Blueprints Cuso International (2)\" onerror=\"this.style.display='none'\"  \/>\n\t<ul>\n<li><strong>Ann\u00e9es de mise en \u0153uvre: <\/strong>2022-2026<\/li>\n<li><strong>Financement:<\/strong>\u00a0<a href=\"https:\/\/www.international.gc.ca\/global-affairs-affaires-mondiales\/home-accueil.aspx?lang=fra\" target=\"_blank\" rel=\"noopener\">Affaires Mondiales Canada<\/a><\/li>\n<\/ul>\n<p>Depuis 2022, Blueprints, le Plan directeur pour l&#8217;\u00e9galit\u00e9 des genres, offre de l&#8217;assistance technique \u00e0 des organismes gouvernementaux de la Dominique, de la Grenade, de Sainte-Lucie et de Saint-Vincent-et-les Grenadines. L&#8217;objectif : mieux int\u00e9grer l&#8217;\u00e9galit\u00e9 des genres et l&#8217;inclusion sociale dans les programmes, les politiques et les services destin\u00e9s aux femmes et aux groupes marginalis\u00e9s, dont les femmes autochtones, les femmes handicap\u00e9es et les personnes LGBTQI+.<\/p>\n\t<p>Blueprints soutient des m\u00e9canismes novateurs pour accro\u00eetre la mobilisation citoyenne, de sorte que les gouvernements locaux comprennent mieux les besoins, les int\u00e9r\u00eats, les perspectives et les droits des femmes et des groupes marginalis\u00e9s.<\/p>\n<p>Blueprints encourage aussi la coordination et la collaboration entre les gouvernements des Cara\u00efbes, ainsi que le partage des le\u00e7ons apprises et des pratiques exemplaires.<\/p>\n\t\t\t<a href=\"https:\/\/cusointernational.org\/fr\/passez-a-laction\/volontaire\/cooperation-volontaire\/\" target=\"_blank\" rel=\"noopener\">\n\t\t\t\t\t\tVOLUNTARY COOPERATION\n\t\t\t\t\t<\/a>\n<h2>\n\t\tBLUEPRINTS HISTOIRES \n\t<\/h2>\n\t\t\t\t<img loading=\"lazy\" decoding=\"async\" src=\"https:\/\/cusointernational.org\/wp-content\/uploads\/Blueprints-Launch.jpg\" alt=\"Blueprints Launch\" itemprop=\"image\" height=\"1080\" width=\"1080\" title=\"Blueprints Launch\" onerror=\"this.style.display='none'\"  \/>\n<h3>\n\t\tUn nouveau projet de Cuso International contribue \u00e0 l&#8217;\u00e9galit\u00e9 des genres et \u00e0 l&#8217;inclusion sociale des groupes marginalis\u00e9s dans les Cara\u00efbes\n\t<\/h3>\n\t<p>En concertation avec ses partenaires et les gouvernements locaux de la Dominique, de Sainte-Lucie et de Saint-Vincent-et-les Grenadines, Cuso International contribuera \u00e0 une plus grande int\u00e9gration de l&#8217;\u00e9galit\u00e9 des genres et de l&#8217;inclusion sociale dans les politiques, les programmes et les services destin\u00e9s aux femmes, aux personnes en situation de handicap et aux membres de la communaut\u00e9 LGBTQI+. Les r\u00e9sultats attendus de ce nouveau projet incluent des programmes et services qui soutiennent la g\u00e9n\u00e9ration de revenus, la pr\u00e9vention de la violence sexiste et un acc\u00e8s accru \u00e0 de l&#8217;aide psychosociale.<\/p>\n\t\t\t<a href=\"https:\/\/cusointernational.org\/fr\/nouvelle\/un-nouveau-projet-de-cuso-international-contribue-a-legalite-des-genres-et-a-linclusion-sociale-des-groupes-marginalises-dans-les-caraibes\/\" target=\"_blank\" rel=\"noopener\">\n\t\t\t\t\t\t\tLIRE CETTE HISTOIRE\n\t\t\t\t\t<\/a>\n<h2>\n\t\tInvestir dans les femmes et les filles\n\t<\/h2>\n\t<p>Votre contribution permet de promouvoir l&#8217;\u00e9galit\u00e9 entre les sexes et de mettre de l&#8217;avant des solutions durables et \u00e9quitables pour \u00e9liminer la pauvret\u00e9 \u00e0 travers le monde. Vous \u00eates le point de d\u00e9part d&#8217;un avenir inclusif!<\/p>\n\t\t\t<a href=\"https:\/\/cusointernational.org\/fr\/faire-un-don\/\" target=\"_self\" rel=\"noopener\">\n\t\t\t\t\t\tFAIRE UN DON\n\t\t\t\t\t<\/a>\n\n","protected":false},"excerpt":{"rendered":"<p>Blueprints &#8211; Plan directeur pour l&#8217;\u00e9galit\u00e9 des genres Ann\u00e9es de mise en \u0153uvre: 2022-2026 Financement:\u00a0Affaires Mondiales Canada Depuis 2022, Blueprints, le Plan directeur pour l&#8217;\u00e9galit\u00e9 des genres, offre de l&#8217;assistance technique \u00e0 des organismes gouvernementaux de la Dominique, de la Grenade, de Sainte-Lucie et de Saint-Vincent-et-les Grenadines. L&#8217;objectif : mieux int\u00e9grer l&#8217;\u00e9galit\u00e9 des genres et&hellip;<\/p>\n","protected":false},"author":38,"featured_media":44228,"parent":0,"menu_order":0,"comment_status":"closed","ping_status":"closed","template":"","meta":{"_acf_changed":false,"footnotes":""},"tags":[],"class_list":["post-44338","page","type-page","status-publish","has-post-thumbnail","hentry"],"acf":[],"yoast_head":"<!-- This site is optimized with the Yoast SEO plugin v27.3 - https:\/\/yoast.com\/product\/yoast-seo-wordpress\/ -->\n<title>BLUEPRINTS | Cuso International<\/title>\n<meta name=\"description\" content=\"Blueprints, le Plan directeur pour l\u2019\u00e9galit\u00e9 des genres, offre de l\u2019assistance technique cibl\u00e9e \u00e0 des organismes gouvernementaux.\" \/>\n<meta name=\"robots\" content=\"index, follow, max-snippet:-1, max-image-preview:large, max-video-preview:-1\" \/>\n<link rel=\"canonical\" href=\"https:\/\/cusointernational.org\/fr\/blueprints\/\" \/>\n<meta property=\"og:locale\" content=\"fr_FR\" \/>\n<meta property=\"og:type\" content=\"article\" \/>\n<meta property=\"og:title\" content=\"BLUEPRINTS | Cuso International\" \/>\n<meta property=\"og:description\" content=\"Blueprints, le Plan directeur pour l\u2019\u00e9galit\u00e9 des genres, offre de l\u2019assistance technique cibl\u00e9e \u00e0 des organismes gouvernementaux.\" \/>\n<meta property=\"og:url\" content=\"https:\/\/cusointernational.org\/fr\/blueprints\/\" \/>\n<meta property=\"og:site_name\" content=\"Cuso International\" \/>\n<meta property=\"article:modified_time\" content=\"2024-03-25T20:26:31+00:00\" \/>\n<meta property=\"og:image\" content=\"https:\/\/cusointernational.org\/wp-content\/uploads\/Cuso-International-Blueprints-scaled.jpg\" \/>\n\t<meta property=\"og:image:width\" content=\"2560\" \/>\n\t<meta property=\"og:image:height\" content=\"1707\" \/>\n\t<meta property=\"og:image:type\" content=\"image\/jpeg\" \/>\n<meta name=\"twitter:card\" content=\"summary_large_image\" \/>\n<meta name=\"twitter:label1\" content=\"Dur\u00e9e de lecture estim\u00e9e\" \/>\n\t<meta name=\"twitter:data1\" content=\"2 minutes\" \/>\n<script type=\"application\/ld+json\" class=\"yoast-schema-graph\">{\"@context\":\"https:\\\/\\\/schema.org\",\"@graph\":[{\"@type\":\"WebPage\",\"@id\":\"https:\\\/\\\/cusointernational.org\\\/fr\\\/blueprints\\\/\",\"url\":\"https:\\\/\\\/cusointernational.org\\\/fr\\\/blueprints\\\/\",\"name\":\"BLUEPRINTS | Cuso International\",\"isPartOf\":{\"@id\":\"https:\\\/\\\/cusointernational.org\\\/fr\\\/#website\"},\"primaryImageOfPage\":{\"@id\":\"https:\\\/\\\/cusointernational.org\\\/fr\\\/blueprints\\\/#primaryimage\"},\"image\":{\"@id\":\"https:\\\/\\\/cusointernational.org\\\/fr\\\/blueprints\\\/#primaryimage\"},\"thumbnailUrl\":\"https:\\\/\\\/cusointernational.org\\\/wp-content\\\/uploads\\\/Cuso-International-Blueprints-scaled.jpg\",\"datePublished\":\"2023-10-03T21:06:25+00:00\",\"dateModified\":\"2024-03-25T20:26:31+00:00\",\"description\":\"Blueprints, le Plan directeur pour l\u2019\u00e9galit\u00e9 des genres, offre de l\u2019assistance technique cibl\u00e9e \u00e0 des organismes gouvernementaux.\",\"breadcrumb\":{\"@id\":\"https:\\\/\\\/cusointernational.org\\\/fr\\\/blueprints\\\/#breadcrumb\"},\"inLanguage\":\"fr-FR\",\"potentialAction\":[{\"@type\":\"ReadAction\",\"target\":[\"https:\\\/\\\/cusointernational.org\\\/fr\\\/blueprints\\\/\"]}]},{\"@type\":\"ImageObject\",\"inLanguage\":\"fr-FR\",\"@id\":\"https:\\\/\\\/cusointernational.org\\\/fr\\\/blueprints\\\/#primaryimage\",\"url\":\"https:\\\/\\\/cusointernational.org\\\/wp-content\\\/uploads\\\/Cuso-International-Blueprints-scaled.jpg\",\"contentUrl\":\"https:\\\/\\\/cusointernational.org\\\/wp-content\\\/uploads\\\/Cuso-International-Blueprints-scaled.jpg\",\"width\":2560,\"height\":1707,\"caption\":\"Cuso International Blueprints\"},{\"@type\":\"BreadcrumbList\",\"@id\":\"https:\\\/\\\/cusointernational.org\\\/fr\\\/blueprints\\\/#breadcrumb\",\"itemListElement\":[{\"@type\":\"ListItem\",\"position\":1,\"name\":\"Home\",\"item\":\"https:\\\/\\\/cusointernational.org\\\/fr\\\/\"},{\"@type\":\"ListItem\",\"position\":2,\"name\":\"BLUEPRINTS\"}]},{\"@type\":\"WebSite\",\"@id\":\"https:\\\/\\\/cusointernational.org\\\/fr\\\/#website\",\"url\":\"https:\\\/\\\/cusointernational.org\\\/fr\\\/\",\"name\":\"Cuso International\",\"description\":\"Connecting communities around the world with skilled Canadians to help end poverty\",\"potentialAction\":[{\"@type\":\"SearchAction\",\"target\":{\"@type\":\"EntryPoint\",\"urlTemplate\":\"https:\\\/\\\/cusointernational.org\\\/fr\\\/?s={search_term_string}\"},\"query-input\":{\"@type\":\"PropertyValueSpecification\",\"valueRequired\":true,\"valueName\":\"search_term_string\"}}],\"inLanguage\":\"fr-FR\"}]}<\/script>\n<!-- \/ Yoast SEO plugin. -->","yoast_head_json":{"title":"BLUEPRINTS | Cuso International","description":"Blueprints, le Plan directeur pour l\u2019\u00e9galit\u00e9 des genres, offre de l\u2019assistance technique cibl\u00e9e \u00e0 des organismes gouvernementaux.","robots":{"index":"index","follow":"follow","max-snippet":"max-snippet:-1","max-image-preview":"max-image-preview:large","max-video-preview":"max-video-preview:-1"},"canonical":"https:\/\/cusointernational.org\/fr\/blueprints\/","og_locale":"fr_FR","og_type":"article","og_title":"BLUEPRINTS | Cuso International","og_description":"Blueprints, le Plan directeur pour l\u2019\u00e9galit\u00e9 des genres, offre de l\u2019assistance technique cibl\u00e9e \u00e0 des organismes gouvernementaux.","og_url":"https:\/\/cusointernational.org\/fr\/blueprints\/","og_site_name":"Cuso International","article_modified_time":"2024-03-25T20:26:31+00:00","og_image":[{"width":2560,"height":1707,"url":"https:\/\/cusointernational.org\/wp-content\/uploads\/Cuso-International-Blueprints-scaled.jpg","type":"image\/jpeg"}],"twitter_card":"summary_large_image","twitter_misc":{"Dur\u00e9e de lecture estim\u00e9e":"2 minutes"},"schema":{"@context":"https:\/\/schema.org","@graph":[{"@type":"WebPage","@id":"https:\/\/cusointernational.org\/fr\/blueprints\/","url":"https:\/\/cusointernational.org\/fr\/blueprints\/","name":"BLUEPRINTS | Cuso International","isPartOf":{"@id":"https:\/\/cusointernational.org\/fr\/#website"},"primaryImageOfPage":{"@id":"https:\/\/cusointernational.org\/fr\/blueprints\/#primaryimage"},"image":{"@id":"https:\/\/cusointernational.org\/fr\/blueprints\/#primaryimage"},"thumbnailUrl":"https:\/\/cusointernational.org\/wp-content\/uploads\/Cuso-International-Blueprints-scaled.jpg","datePublished":"2023-10-03T21:06:25+00:00","dateModified":"2024-03-25T20:26:31+00:00","description":"Blueprints, le Plan directeur pour l\u2019\u00e9galit\u00e9 des genres, offre de l\u2019assistance technique cibl\u00e9e \u00e0 des organismes gouvernementaux.","breadcrumb":{"@id":"https:\/\/cusointernational.org\/fr\/blueprints\/#breadcrumb"},"inLanguage":"fr-FR","potentialAction":[{"@type":"ReadAction","target":["https:\/\/cusointernational.org\/fr\/blueprints\/"]}]},{"@type":"ImageObject","inLanguage":"fr-FR","@id":"https:\/\/cusointernational.org\/fr\/blueprints\/#primaryimage","url":"https:\/\/cusointernational.org\/wp-content\/uploads\/Cuso-International-Blueprints-scaled.jpg","contentUrl":"https:\/\/cusointernational.org\/wp-content\/uploads\/Cuso-International-Blueprints-scaled.jpg","width":2560,"height":1707,"caption":"Cuso International Blueprints"},{"@type":"BreadcrumbList","@id":"https:\/\/cusointernational.org\/fr\/blueprints\/#breadcrumb","itemListElement":[{"@type":"ListItem","position":1,"name":"Home","item":"https:\/\/cusointernational.org\/fr\/"},{"@type":"ListItem","position":2,"name":"BLUEPRINTS"}]},{"@type":"WebSite","@id":"https:\/\/cusointernational.org\/fr\/#website","url":"https:\/\/cusointernational.org\/fr\/","name":"Cuso International","description":"Connecting communities around the world with skilled Canadians to help end poverty","potentialAction":[{"@type":"SearchAction","target":{"@type":"EntryPoint","urlTemplate":"https:\/\/cusointernational.org\/fr\/?s={search_term_string}"},"query-input":{"@type":"PropertyValueSpecification","valueRequired":true,"valueName":"search_term_string"}}],"inLanguage":"fr-FR"}]}},"_links":{"self":[{"href":"https:\/\/cusointernational.org\/fr\/wp-json\/wp\/v2\/pages\/44338","targetHints":{"allow":["GET"]}}],"collection":[{"href":"https:\/\/cusointernational.org\/fr\/wp-json\/wp\/v2\/pages"}],"about":[{"href":"https:\/\/cusointernational.org\/fr\/wp-json\/wp\/v2\/types\/page"}],"author":[{"embeddable":true,"href":"https:\/\/cusointernational.org\/fr\/wp-json\/wp\/v2\/users\/38"}],"replies":[{"embeddable":true,"href":"https:\/\/cusointernational.org\/fr\/wp-json\/wp\/v2\/comments?post=44338"}],"version-history":[{"count":0,"href":"https:\/\/cusointernational.org\/fr\/wp-json\/wp\/v2\/pages\/44338\/revisions"}],"wp:featuredmedia":[{"embeddable":true,"href":"https:\/\/cusointernational.org\/fr\/wp-json\/wp\/v2\/media\/44228"}],"wp:attachment":[{"href":"https:\/\/cusointernational.org\/fr\/wp-json\/wp\/v2\/media?parent=44338"}],"wp:term":[{"taxonomy":"post_tag","embeddable":true,"href":"https:\/\/cusointernational.org\/fr\/wp-json\/wp\/v2\/tags?post=44338"}],"curies":[{"name":"wp","href":"https:\/\/api.w.org\/{rel}","templated":true}]}}