{"id":44334,"date":"2023-10-03T17:06:40","date_gmt":"2023-10-03T21:06:40","guid":{"rendered":"https:\/\/cusointernational.org\/?page_id=44334"},"modified":"2024-02-12T13:56:24","modified_gmt":"2024-02-12T18:56:24","slug":"programme-voix-et-leadership-des-femmes-programme-vlf","status":"publish","type":"page","link":"https:\/\/cusointernational.org\/fr\/programme-voix-et-leadership-des-femmes-programme-vlf\/","title":{"rendered":"Programme Voix et leadership des femmes (programme VLF)"},"content":{"rendered":"\n<h1>\n\t\tProgramme Voix et leadership des femmes (programme VLF)\n\t<\/h1>\n<h3>\n\t\tOutiller les organismes de d\u00e9fense des droits des femmes et promouvoir l&#8217;\u00e9galit\u00e9 des genres au P\u00e9rou\n\t<\/h3>\n\t\t\t\t<img loading=\"lazy\" decoding=\"async\" src=\"https:\/\/cusointernational.org\/wp-content\/uploads\/Womens-voice-and-leadership-WVL-scaled.jpg\" alt=\"Women's voice and leadership WVL Peru\" itemprop=\"image\" height=\"1707\" width=\"2560\" title=\"Women's voice and leadership WVL\" onerror=\"this.style.display='none'\"  \/>\n\t<ul>\n<li><strong>Ann\u00e9es de mise en \u0153uvre :\u00a0<\/strong>2019-2024<\/li>\n<li><strong>Financeurs:<\/strong>\u00a0<a href=\"https:\/\/www.international.gc.ca\/global-affairs-affaires-mondiales\/home-accueil.aspx?lang=fra\" target=\"_blank\" rel=\"noopener\">Affaires Mondiales Canada<\/a><\/li>\n<\/ul>\n<p>Depuis 2019, le programme Voix et leadership des femmes\u00a0(programme VLF) fournit de l&#8217;assistance technique cibl\u00e9e \u00e0 des organismes de d\u00e9fense des droits des femmes dans plus de 10\u00a0d\u00e9partements p\u00e9ruviens afin d&#8217;am\u00e9liorer la gestion et la p\u00e9rennit\u00e9 de leurs programmes et de leurs activit\u00e9s de plaidoyer et d&#8217;\u00e9galit\u00e9 des genres. \u00c0 ce jour, le programme VLF a travaill\u00e9 avec pr\u00e8s de 7\u00a0000\u00a0activistes p\u00e9ruviennes.<\/p>\n\t<p>Quatre organismes de femmes dirigent la mise en \u0153uvre d&#8217;activit\u00e9s ax\u00e9es sur la pr\u00e9vention de la violence sexuelle et sexiste. Ces organismes con\u00e7oivent notamment des m\u00e9canismes de soutien pour les personnes qui luttent pour les droits et la protection des femmes et d&#8217;autres groupes marginalis\u00e9s, dont les femmes autochtones et les personnes LGBTQI+, en plus de militer pour la modification des lois sexistes et discriminatoires. Pour contribuer \u00e0 ces changements syst\u00e9miques, le programme VLF a aussi con\u00e7u des m\u00e9canismes nationaux et r\u00e9gionaux novateurs pour consolider les plateformes, les r\u00e9seaux et les alliances de d\u00e9fense des droits des femmes, faire circuler l&#8217;information, former de futurs leaders f\u00e9minins et promouvoir des r\u00e9formes politiques.<\/p>\n\t\t\t<a href=\"https:\/\/cusointernational.org\/fr\/passez-a-laction\/volontaire\/cooperation-volontaire\/\" target=\"_blank\" rel=\"noopener\">\n\t\t\t\t\t\tVOLUNTARY COOPERATION\n\t\t\t\t\t<\/a>\n<h2>\n\t\tWVL  HISTOIRES \n\t<\/h2>\n\t\t\t\t<img loading=\"lazy\" decoding=\"async\" src=\"https:\/\/cusointernational.org\/wp-content\/uploads\/Woman-and-a-girl-in-field.png\" alt=\"Growing crops and a better quality of life in Peru\" itemprop=\"image\" height=\"1260\" width=\"2240\" title=\"Woman and a girl in field\" onerror=\"this.style.display='none'\"  \/>\n<h3>\n\t\tLa culture hydroponique au service de l&#8217;ind\u00e9pendance financi\u00e8re des P\u00e9ruviennes\n\t<\/h3>\n\t<p>Au P\u00e9rou, le taux de pauvret\u00e9 et de ch\u00f4mage est beaucoup plus \u00e9lev\u00e9 chez les femmes que chez les hommes. Les femmes sont moins bien pay\u00e9es et ont peu acc\u00e8s \u00e0 la terre. Sans oublier le fait que bon nombre d&#8217;entre elles sont des survivantes de violence conjugale.<\/p>\n\t\t\t<a href=\"https:\/\/cusointernational.org\/fr\/recit\/la-culture-hydroponique-au-service-de-lindependance-financiere-des-peruviennes\/\" target=\"_blank\" rel=\"noopener\">\n\t\t\t\t\t\t\tLIRE CETTE HISTOIRE\n\t\t\t\t\t<\/a>\n<h3>\n\t\tLutter contre les in\u00e9galit\u00e9s entre les sexes au P\u00e9rou pour b\u00e2tir un monde meilleur\n\t<\/h3>\n\t<p>Bien des choses ont men\u00e9 Elena\u202fSoriano \u00e0 travailler avec Cuso International au P\u00e9rou afin de tisser des liens entre les organismes f\u00e9ministes p\u00e9ruviens qui luttent pour l&#8217;\u00e9galit\u00e9 entre les sexes. Mais sa principale source de motivation, c&#8217;est sa fille de deux ans.<\/p>\n\t\t\t<a href=\"https:\/\/cusointernational.org\/fr\/recit\/lutter-contre-les-inegalites-entre-les-sexes-au-perou-pour-batir-un-monde-meilleur\/\" target=\"_blank\" rel=\"noopener\">\n\t\t\t\t\t\t\tLIRE CETTE HISTOIRE\n\t\t\t\t\t<\/a>\n\t\t\t\t<img loading=\"lazy\" decoding=\"async\" src=\"https:\/\/cusointernational.org\/wp-content\/uploads\/Elena-web.jpg\" alt=\"Fighting gender inequality in Peru and working for a better world\" itemprop=\"image\" height=\"589\" width=\"1015\" title=\"Elena web\" onerror=\"this.style.display='none'\"  \/>\n<h2>\n\t\tInvestir dans les femmes et les filles\n\t<\/h2>\n\t<p>Votre contribution permet de promouvoir l&#8217;\u00e9galit\u00e9 entre les sexes et de mettre de l&#8217;avant des solutions durables et \u00e9quitables pour \u00e9liminer la pauvret\u00e9 \u00e0 travers le monde. Vous \u00eates le point de d\u00e9part d&#8217;un avenir inclusif!<\/p>\n\t\t\t<a href=\"https:\/\/cusointernational.org\/fr\/faire-un-don\/\" target=\"_self\" rel=\"noopener\">\n\t\t\t\t\t\tFAIRE UN DON\n\t\t\t\t\t<\/a>\n\n","protected":false},"excerpt":{"rendered":"<p>Programme Voix et leadership des femmes (programme VLF) Outiller les organismes de d\u00e9fense des droits des femmes et promouvoir l&#8217;\u00e9galit\u00e9 des genres au P\u00e9rou Ann\u00e9es de mise en \u0153uvre :\u00a02019-2024 Financeurs:\u00a0Affaires Mondiales Canada Depuis 2019, le programme Voix et leadership des femmes\u00a0(programme VLF) fournit de l&#8217;assistance technique cibl\u00e9e \u00e0 des organismes de d\u00e9fense des droits&hellip;<\/p>\n","protected":false},"author":38,"featured_media":44216,"parent":0,"menu_order":0,"comment_status":"closed","ping_status":"closed","template":"","meta":{"_acf_changed":false,"footnotes":""},"tags":[],"class_list":["post-44334","page","type-page","status-publish","has-post-thumbnail","hentry"],"acf":[],"yoast_head":"<!-- This site is optimized with the Yoast SEO plugin v27.4 - https:\/\/yoast.com\/product\/yoast-seo-wordpress\/ -->\n<title>Women\u2019s Voice and Leadership | Cuso International<\/title>\n<meta name=\"description\" content=\"Depuis 2019, Women&#039;s Voice and Leadership fournit une assistance technique cibl\u00e9e aux organisations locales de d\u00e9fense des droits des femmes au P\u00e9rou.\" \/>\n<meta name=\"robots\" content=\"index, follow, max-snippet:-1, max-image-preview:large, max-video-preview:-1\" \/>\n<link rel=\"canonical\" href=\"https:\/\/cusointernational.org\/fr\/programme-voix-et-leadership-des-femmes-programme-vlf\/\" \/>\n<meta property=\"og:locale\" content=\"fr_FR\" \/>\n<meta property=\"og:type\" content=\"article\" \/>\n<meta property=\"og:title\" content=\"Women\u2019s Voice and Leadership | Cuso International\" \/>\n<meta property=\"og:description\" content=\"Depuis 2019, Women&#039;s Voice and Leadership fournit une assistance technique cibl\u00e9e aux organisations locales de d\u00e9fense des droits des femmes au P\u00e9rou.\" \/>\n<meta property=\"og:url\" content=\"https:\/\/cusointernational.org\/fr\/programme-voix-et-leadership-des-femmes-programme-vlf\/\" \/>\n<meta property=\"og:site_name\" content=\"Cuso International\" \/>\n<meta property=\"article:modified_time\" content=\"2024-02-12T18:56:24+00:00\" \/>\n<meta property=\"og:image\" content=\"https:\/\/cusointernational.org\/wp-content\/uploads\/Womens-voice-and-leadership-scaled.jpg\" \/>\n\t<meta property=\"og:image:width\" content=\"2560\" \/>\n\t<meta property=\"og:image:height\" content=\"1707\" \/>\n\t<meta property=\"og:image:type\" content=\"image\/jpeg\" \/>\n<meta name=\"twitter:card\" content=\"summary_large_image\" \/>\n<meta name=\"twitter:label1\" content=\"Dur\u00e9e de lecture estim\u00e9e\" \/>\n\t<meta name=\"twitter:data1\" content=\"2 minutes\" \/>\n<script type=\"application\/ld+json\" class=\"yoast-schema-graph\">{\"@context\":\"https:\\\/\\\/schema.org\",\"@graph\":[{\"@type\":\"WebPage\",\"@id\":\"https:\\\/\\\/cusointernational.org\\\/fr\\\/programme-voix-et-leadership-des-femmes-programme-vlf\\\/\",\"url\":\"https:\\\/\\\/cusointernational.org\\\/fr\\\/programme-voix-et-leadership-des-femmes-programme-vlf\\\/\",\"name\":\"Women\u2019s Voice and Leadership | Cuso International\",\"isPartOf\":{\"@id\":\"https:\\\/\\\/cusointernational.org\\\/fr\\\/#website\"},\"primaryImageOfPage\":{\"@id\":\"https:\\\/\\\/cusointernational.org\\\/fr\\\/programme-voix-et-leadership-des-femmes-programme-vlf\\\/#primaryimage\"},\"image\":{\"@id\":\"https:\\\/\\\/cusointernational.org\\\/fr\\\/programme-voix-et-leadership-des-femmes-programme-vlf\\\/#primaryimage\"},\"thumbnailUrl\":\"https:\\\/\\\/cusointernational.org\\\/wp-content\\\/uploads\\\/Womens-voice-and-leadership-scaled.jpg\",\"datePublished\":\"2023-10-03T21:06:40+00:00\",\"dateModified\":\"2024-02-12T18:56:24+00:00\",\"description\":\"Depuis 2019, Women's Voice and Leadership fournit une assistance technique cibl\u00e9e aux organisations locales de d\u00e9fense des droits des femmes au P\u00e9rou.\",\"breadcrumb\":{\"@id\":\"https:\\\/\\\/cusointernational.org\\\/fr\\\/programme-voix-et-leadership-des-femmes-programme-vlf\\\/#breadcrumb\"},\"inLanguage\":\"fr-FR\",\"potentialAction\":[{\"@type\":\"ReadAction\",\"target\":[\"https:\\\/\\\/cusointernational.org\\\/fr\\\/programme-voix-et-leadership-des-femmes-programme-vlf\\\/\"]}]},{\"@type\":\"ImageObject\",\"inLanguage\":\"fr-FR\",\"@id\":\"https:\\\/\\\/cusointernational.org\\\/fr\\\/programme-voix-et-leadership-des-femmes-programme-vlf\\\/#primaryimage\",\"url\":\"https:\\\/\\\/cusointernational.org\\\/wp-content\\\/uploads\\\/Womens-voice-and-leadership-scaled.jpg\",\"contentUrl\":\"https:\\\/\\\/cusointernational.org\\\/wp-content\\\/uploads\\\/Womens-voice-and-leadership-scaled.jpg\",\"width\":2560,\"height\":1707,\"caption\":\"Women's voice and leadership\"},{\"@type\":\"BreadcrumbList\",\"@id\":\"https:\\\/\\\/cusointernational.org\\\/fr\\\/programme-voix-et-leadership-des-femmes-programme-vlf\\\/#breadcrumb\",\"itemListElement\":[{\"@type\":\"ListItem\",\"position\":1,\"name\":\"Home\",\"item\":\"https:\\\/\\\/cusointernational.org\\\/fr\\\/\"},{\"@type\":\"ListItem\",\"position\":2,\"name\":\"Programme Voix et leadership des femmes (programme VLF)\"}]},{\"@type\":\"WebSite\",\"@id\":\"https:\\\/\\\/cusointernational.org\\\/fr\\\/#website\",\"url\":\"https:\\\/\\\/cusointernational.org\\\/fr\\\/\",\"name\":\"Cuso International\",\"description\":\"Connecting communities around the world with skilled Canadians to help end poverty\",\"potentialAction\":[{\"@type\":\"SearchAction\",\"target\":{\"@type\":\"EntryPoint\",\"urlTemplate\":\"https:\\\/\\\/cusointernational.org\\\/fr\\\/?s={search_term_string}\"},\"query-input\":{\"@type\":\"PropertyValueSpecification\",\"valueRequired\":true,\"valueName\":\"search_term_string\"}}],\"inLanguage\":\"fr-FR\"}]}<\/script>\n<!-- \/ Yoast SEO plugin. -->","yoast_head_json":{"title":"Women\u2019s Voice and Leadership | Cuso International","description":"Depuis 2019, Women's Voice and Leadership fournit une assistance technique cibl\u00e9e aux organisations locales de d\u00e9fense des droits des femmes au P\u00e9rou.","robots":{"index":"index","follow":"follow","max-snippet":"max-snippet:-1","max-image-preview":"max-image-preview:large","max-video-preview":"max-video-preview:-1"},"canonical":"https:\/\/cusointernational.org\/fr\/programme-voix-et-leadership-des-femmes-programme-vlf\/","og_locale":"fr_FR","og_type":"article","og_title":"Women\u2019s Voice and Leadership | Cuso International","og_description":"Depuis 2019, Women's Voice and Leadership fournit une assistance technique cibl\u00e9e aux organisations locales de d\u00e9fense des droits des femmes au P\u00e9rou.","og_url":"https:\/\/cusointernational.org\/fr\/programme-voix-et-leadership-des-femmes-programme-vlf\/","og_site_name":"Cuso International","article_modified_time":"2024-02-12T18:56:24+00:00","og_image":[{"width":2560,"height":1707,"url":"https:\/\/cusointernational.org\/wp-content\/uploads\/Womens-voice-and-leadership-scaled.jpg","type":"image\/jpeg"}],"twitter_card":"summary_large_image","twitter_misc":{"Dur\u00e9e de lecture estim\u00e9e":"2 minutes"},"schema":{"@context":"https:\/\/schema.org","@graph":[{"@type":"WebPage","@id":"https:\/\/cusointernational.org\/fr\/programme-voix-et-leadership-des-femmes-programme-vlf\/","url":"https:\/\/cusointernational.org\/fr\/programme-voix-et-leadership-des-femmes-programme-vlf\/","name":"Women\u2019s Voice and Leadership | Cuso International","isPartOf":{"@id":"https:\/\/cusointernational.org\/fr\/#website"},"primaryImageOfPage":{"@id":"https:\/\/cusointernational.org\/fr\/programme-voix-et-leadership-des-femmes-programme-vlf\/#primaryimage"},"image":{"@id":"https:\/\/cusointernational.org\/fr\/programme-voix-et-leadership-des-femmes-programme-vlf\/#primaryimage"},"thumbnailUrl":"https:\/\/cusointernational.org\/wp-content\/uploads\/Womens-voice-and-leadership-scaled.jpg","datePublished":"2023-10-03T21:06:40+00:00","dateModified":"2024-02-12T18:56:24+00:00","description":"Depuis 2019, Women's Voice and Leadership fournit une assistance technique cibl\u00e9e aux organisations locales de d\u00e9fense des droits des femmes au P\u00e9rou.","breadcrumb":{"@id":"https:\/\/cusointernational.org\/fr\/programme-voix-et-leadership-des-femmes-programme-vlf\/#breadcrumb"},"inLanguage":"fr-FR","potentialAction":[{"@type":"ReadAction","target":["https:\/\/cusointernational.org\/fr\/programme-voix-et-leadership-des-femmes-programme-vlf\/"]}]},{"@type":"ImageObject","inLanguage":"fr-FR","@id":"https:\/\/cusointernational.org\/fr\/programme-voix-et-leadership-des-femmes-programme-vlf\/#primaryimage","url":"https:\/\/cusointernational.org\/wp-content\/uploads\/Womens-voice-and-leadership-scaled.jpg","contentUrl":"https:\/\/cusointernational.org\/wp-content\/uploads\/Womens-voice-and-leadership-scaled.jpg","width":2560,"height":1707,"caption":"Women's voice and leadership"},{"@type":"BreadcrumbList","@id":"https:\/\/cusointernational.org\/fr\/programme-voix-et-leadership-des-femmes-programme-vlf\/#breadcrumb","itemListElement":[{"@type":"ListItem","position":1,"name":"Home","item":"https:\/\/cusointernational.org\/fr\/"},{"@type":"ListItem","position":2,"name":"Programme Voix et leadership des femmes (programme VLF)"}]},{"@type":"WebSite","@id":"https:\/\/cusointernational.org\/fr\/#website","url":"https:\/\/cusointernational.org\/fr\/","name":"Cuso International","description":"Connecting communities around the world with skilled Canadians to help end poverty","potentialAction":[{"@type":"SearchAction","target":{"@type":"EntryPoint","urlTemplate":"https:\/\/cusointernational.org\/fr\/?s={search_term_string}"},"query-input":{"@type":"PropertyValueSpecification","valueRequired":true,"valueName":"search_term_string"}}],"inLanguage":"fr-FR"}]}},"_links":{"self":[{"href":"https:\/\/cusointernational.org\/fr\/wp-json\/wp\/v2\/pages\/44334","targetHints":{"allow":["GET"]}}],"collection":[{"href":"https:\/\/cusointernational.org\/fr\/wp-json\/wp\/v2\/pages"}],"about":[{"href":"https:\/\/cusointernational.org\/fr\/wp-json\/wp\/v2\/types\/page"}],"author":[{"embeddable":true,"href":"https:\/\/cusointernational.org\/fr\/wp-json\/wp\/v2\/users\/38"}],"replies":[{"embeddable":true,"href":"https:\/\/cusointernational.org\/fr\/wp-json\/wp\/v2\/comments?post=44334"}],"version-history":[{"count":0,"href":"https:\/\/cusointernational.org\/fr\/wp-json\/wp\/v2\/pages\/44334\/revisions"}],"wp:featuredmedia":[{"embeddable":true,"href":"https:\/\/cusointernational.org\/fr\/wp-json\/wp\/v2\/media\/44216"}],"wp:attachment":[{"href":"https:\/\/cusointernational.org\/fr\/wp-json\/wp\/v2\/media?parent=44334"}],"wp:term":[{"taxonomy":"post_tag","embeddable":true,"href":"https:\/\/cusointernational.org\/fr\/wp-json\/wp\/v2\/tags?post=44334"}],"curies":[{"name":"wp","href":"https:\/\/api.w.org\/{rel}","templated":true}]}}