{"id":44329,"date":"2023-10-03T17:00:40","date_gmt":"2023-10-03T21:00:40","guid":{"rendered":"https:\/\/cusointernational.org\/?page_id=44329"},"modified":"2024-02-21T12:04:49","modified_gmt":"2024-02-21T17:04:49","slug":"programme-les-filles-aussi-u-girls-2","status":"publish","type":"page","link":"https:\/\/cusointernational.org\/fr\/programme-les-filles-aussi-u-girls-2\/","title":{"rendered":"Programme Les filles aussi (U-GIRLS-2)"},"content":{"rendered":"\n<h1>\n\t\tU-GIRLS-2 Aider les filles \u00e0 faire des \u00e9tudes universitaires\n\t<\/h1>\n\t\t\t\t<img loading=\"lazy\" decoding=\"async\" src=\"https:\/\/cusointernational.org\/wp-content\/uploads\/U-GIRLS-2-Education-in-Ethiopia-scaled.jpg\" alt=\"Student in Ethiopia\" itemprop=\"image\" height=\"1707\" width=\"2560\" title=\"Awatif, student\" onerror=\"this.style.display='none'\"  \/>\n\t<ul>\n<li><strong>Ann\u00e9es de mise en \u0153uvre :\u00a0<\/strong>2022-2025<\/li>\n<li><strong>Financement:<\/strong>\u00a0<a href=\"https:\/\/www.international.gc.ca\/global-affairs-affaires-mondiales\/home-accueil.aspx?lang=fra\" target=\"_blank\" rel=\"noopener\">Affaires Mondiales Canada<\/a><\/li>\n<\/ul>\n<p>Depuis 2020, le programme Les filles aussi aide des \u00c9thiopiennes \u00e0 terminer leur secondaire\u00a0: 1)\u00a0en s&#8217;attaquant aux obstacles socio\u00e9conomiques qui favorisent le d\u00e9crochage scolaire; et 2)\u00a0en leur offrant un encadrement pendant leurs \u00e9tudes. Le programme leur donne acc\u00e8s \u00e0 du mat\u00e9riel p\u00e9dagogique, \u00e0 de la formation et \u00e0 de l&#8217;aide financi\u00e8re pour \u00e9viter qu&#8217;elles aient \u00e0 quitter les bancs d&#8217;\u00e9cole. En novembre\u00a02022, 131\u00a0participantes ont obtenu leur dipl\u00f4me d&#8217;\u00e9tudes secondaires.<\/p>\n\t<p>Le programme Les filles aussi adopte une approche holistique qui mise sur le renforcement des capacit\u00e9s des enseignants et la sensibilisation des parents et de la communaut\u00e9 afin qu&#8217;ils soutiennent les filles dans leur parcours d&#8217;apprentissage. Cette approche offre un milieu s\u00fbr et inclusif qui encourage les filles \u00e0 poursuivre des \u00e9tudes postsecondaires, \u00e0 l&#8217;universit\u00e9 ou dans une \u00e9cole de m\u00e9tier.<\/p>\n\t\t\t<a href=\"https:\/\/cusointernational.org\/fr\/passez-a-laction\/volontaire\/cooperation-volontaire\/\" target=\"_blank\" rel=\"noopener\">\n\t\t\t\t\t\tVOLUNTARY COOPERATION\n\t\t\t\t\t<\/a>\n<h2>\n\t\tU-GIRLS 2 HISTOIRES \n\t<\/h2>\n\t\t\t\t<img loading=\"lazy\" decoding=\"async\" src=\"https:\/\/cusointernational.org\/wp-content\/uploads\/Sebrina21-scaled.jpg\" alt=\"A woman in Ethiopia in high school\" itemprop=\"image\" height=\"1707\" width=\"2560\" title=\"Sebrina, student- Gender equality program in Ethiopian schools turns Sebrina into an aspiring lawyer\" onerror=\"this.style.display='none'\"  \/>\n<h3>\n\t\tUn programme pour l&#8217;\u00e9galit\u00e9 des femmes offert dans les \u00e9coles \u00e9thiopiennes permet \u00e0 Sebrina d&#8217;envisager des \u00e9tudes en droit\n\t<\/h3>\n\t<p>Au printemps dernier, Sebrina est mont\u00e9 sur la sc\u00e8ne pour recevoir son dipl\u00f4me sous les applaudissements nourris de sa famille, et ce, malgr\u00e9 ses d\u00e9buts difficiles au secondaire.<\/p>\n\t\t\t<a href=\"https:\/\/cusointernational.org\/fr\/recit\/un-programme-pour-legalite-des-femmes-offert-dans-les-ecoles-ethiopiennes-permet-a-sebrina-denvisager-des-etudes-en-droit\/\" target=\"_blank\" rel=\"noopener\">\n\t\t\t\t\t\t\tLIRE CETTE HISTOIRE\n\t\t\t\t\t<\/a>\n<h3>\n\t\tOffrir des outils pour transformer les mentalit\u00e9s et promouvoir l&#8217;\u00e9galit\u00e9 homme-femme\n\t<\/h3>\n\t<p>Alemitu, 35\u202fans, adore l&#8217;enseignement. Mais elle avoue avoir toujours suivi un mod\u00e8le d&#8217;une autre \u00e9poque, qui n&#8217;offre pas aux filles l&#8217;aide suppl\u00e9mentaire dont elles ont besoin.<\/p>\n\t\t\t<a href=\"https:\/\/cusointernational.org\/fr\/recit\/offrir-des-outils-pour-transformer-les-mentalites-et-promouvoir-legalite-homme-femme\/\" target=\"_blank\" rel=\"noopener\">\n\t\t\t\t\t\t\tLIRE CETTE HISTOIRE\n\t\t\t\t\t<\/a>\n\t\t\t\t<img loading=\"lazy\" decoding=\"async\" src=\"https:\/\/cusointernational.org\/wp-content\/uploads\/Alemitu-Providing-tools-to-shift-mindsets-and-promote-gender-equality.jpg\" alt=\"Teacher in a classroom\" itemprop=\"image\" height=\"706\" width=\"1056\" title=\"Alemitu - Providing tools to shift mindsets and promote gender equality\" onerror=\"this.style.display='none'\"  \/>\n\t\t\t\t<img loading=\"lazy\" decoding=\"async\" src=\"https:\/\/cusointernational.org\/wp-content\/uploads\/Adonayit-Mulugeta-18-is-a-12th-grade-Social-Science-student-at-Bambasi-Secondary-School..jpg\" alt=\"A group of young people having a conversation\" itemprop=\"image\" height=\"700\" width=\"1049\" title=\"Adonayit Mulugeta, 18, is a 12th grade Social Science student at Bambasi Secondary School.\" onerror=\"this.style.display='none'\"  \/>\n<h3>\n\t\tUn programme \u00e9ducatif encourage les jeunes \u00e9thiopiennes \u00e0 s&#8217;exprimer et \u00e0 poursuivre leurs r\u00eaves\n\t<\/h3>\n\t<p>Les notes d&#8217;Adonayit, une \u00e9l\u00e8ve de 12e\u202fann\u00e9e qui \u00e9tudie les sciences \u00e0 l&#8217;\u00e9cole secondaire de Bambasi, \u00e9taient en chute libre. La jeune femme de 18\u202fans admet d&#8217;ailleurs qu&#8217;elle entretenait peu d&#8217;espoir quant \u00e0 son avenir.<\/p>\n\t\t\t<a href=\"https:\/\/cusointernational.org\/fr\/recit\/un-programme-educatif-encourage-les-jeunes-ethiopiennes-a-sexprimer-et-a-poursuivre-leurs-reves\/\" target=\"_blank\" rel=\"noopener\">\n\t\t\t\t\t\t\tLIRE CETTE HISTOIRE\n\t\t\t\t\t<\/a>\n<h2>\n\t\tInvestir dans les femmes et les filles\n\t<\/h2>\n\t<p>Votre contribution permet de promouvoir l&#8217;\u00e9galit\u00e9 entre les sexes et de mettre de l&#8217;avant des solutions durables et \u00e9quitables pour \u00e9liminer la pauvret\u00e9 \u00e0 travers le monde. Vous \u00eates le point de d\u00e9part d&#8217;un avenir inclusif!<\/p>\n\t\t\t<a href=\"https:\/\/cusointernational.org\/fr\/faire-un-don\/\" target=\"_self\" rel=\"noopener\">\n\t\t\t\t\t\tFAIRE UN DON\n\t\t\t\t\t<\/a>\n\n","protected":false},"excerpt":{"rendered":"<p>U-GIRLS-2 Aider les filles \u00e0 faire des \u00e9tudes universitaires Ann\u00e9es de mise en \u0153uvre :\u00a02022-2025 Financement:\u00a0Affaires Mondiales Canada Depuis 2020, le programme Les filles aussi aide des \u00c9thiopiennes \u00e0 terminer leur secondaire\u00a0: 1)\u00a0en s&#8217;attaquant aux obstacles socio\u00e9conomiques qui favorisent le d\u00e9crochage scolaire; et 2)\u00a0en leur offrant un encadrement pendant leurs \u00e9tudes. Le programme leur donne&hellip;<\/p>\n","protected":false},"author":38,"featured_media":44188,"parent":0,"menu_order":0,"comment_status":"closed","ping_status":"closed","template":"","meta":{"_acf_changed":false,"footnotes":""},"tags":[],"class_list":["post-44329","page","type-page","status-publish","has-post-thumbnail","hentry"],"acf":[],"yoast_head":"<!-- This site is optimized with the Yoast SEO plugin v27.4 - https:\/\/yoast.com\/product\/yoast-seo-wordpress\/ -->\n<title>U-GIRLS 2 | Cuso International<\/title>\n<meta name=\"description\" content=\"Depuis 2020, U-GIRLS 2 en \u00c9thiopie a permis \u00e0 des jeunes filles d&#039;obtenir un soutien pour terminer leurs \u00e9tudes secondaires. En savoir plus.\" \/>\n<meta name=\"robots\" content=\"index, follow, max-snippet:-1, max-image-preview:large, max-video-preview:-1\" \/>\n<link rel=\"canonical\" href=\"https:\/\/cusointernational.org\/fr\/programme-les-filles-aussi-u-girls-2\/\" \/>\n<meta property=\"og:locale\" content=\"fr_FR\" \/>\n<meta property=\"og:type\" content=\"article\" \/>\n<meta property=\"og:title\" content=\"U-GIRLS 2 | Cuso International\" \/>\n<meta property=\"og:description\" content=\"Depuis 2020, U-GIRLS 2 en \u00c9thiopie a permis \u00e0 des jeunes filles d&#039;obtenir un soutien pour terminer leurs \u00e9tudes secondaires. En savoir plus.\" \/>\n<meta property=\"og:url\" content=\"https:\/\/cusointernational.org\/fr\/programme-les-filles-aussi-u-girls-2\/\" \/>\n<meta property=\"og:site_name\" content=\"Cuso International\" \/>\n<meta property=\"article:modified_time\" content=\"2024-02-21T17:04:49+00:00\" \/>\n<meta property=\"og:image\" content=\"https:\/\/cusointernational.org\/wp-content\/uploads\/Girls-education-scaled.jpg\" \/>\n\t<meta property=\"og:image:width\" content=\"2560\" \/>\n\t<meta property=\"og:image:height\" content=\"1707\" \/>\n\t<meta property=\"og:image:type\" content=\"image\/jpeg\" \/>\n<meta name=\"twitter:card\" content=\"summary_large_image\" \/>\n<meta name=\"twitter:label1\" content=\"Dur\u00e9e de lecture estim\u00e9e\" \/>\n\t<meta name=\"twitter:data1\" content=\"2 minutes\" \/>\n<script type=\"application\/ld+json\" class=\"yoast-schema-graph\">{\"@context\":\"https:\\\/\\\/schema.org\",\"@graph\":[{\"@type\":\"WebPage\",\"@id\":\"https:\\\/\\\/cusointernational.org\\\/fr\\\/programme-les-filles-aussi-u-girls-2\\\/\",\"url\":\"https:\\\/\\\/cusointernational.org\\\/fr\\\/programme-les-filles-aussi-u-girls-2\\\/\",\"name\":\"U-GIRLS 2 | Cuso International\",\"isPartOf\":{\"@id\":\"https:\\\/\\\/cusointernational.org\\\/fr\\\/#website\"},\"primaryImageOfPage\":{\"@id\":\"https:\\\/\\\/cusointernational.org\\\/fr\\\/programme-les-filles-aussi-u-girls-2\\\/#primaryimage\"},\"image\":{\"@id\":\"https:\\\/\\\/cusointernational.org\\\/fr\\\/programme-les-filles-aussi-u-girls-2\\\/#primaryimage\"},\"thumbnailUrl\":\"https:\\\/\\\/cusointernational.org\\\/wp-content\\\/uploads\\\/Girls-education-scaled.jpg\",\"datePublished\":\"2023-10-03T21:00:40+00:00\",\"dateModified\":\"2024-02-21T17:04:49+00:00\",\"description\":\"Depuis 2020, U-GIRLS 2 en \u00c9thiopie a permis \u00e0 des jeunes filles d'obtenir un soutien pour terminer leurs \u00e9tudes secondaires. En savoir plus.\",\"breadcrumb\":{\"@id\":\"https:\\\/\\\/cusointernational.org\\\/fr\\\/programme-les-filles-aussi-u-girls-2\\\/#breadcrumb\"},\"inLanguage\":\"fr-FR\",\"potentialAction\":[{\"@type\":\"ReadAction\",\"target\":[\"https:\\\/\\\/cusointernational.org\\\/fr\\\/programme-les-filles-aussi-u-girls-2\\\/\"]}]},{\"@type\":\"ImageObject\",\"inLanguage\":\"fr-FR\",\"@id\":\"https:\\\/\\\/cusointernational.org\\\/fr\\\/programme-les-filles-aussi-u-girls-2\\\/#primaryimage\",\"url\":\"https:\\\/\\\/cusointernational.org\\\/wp-content\\\/uploads\\\/Girls-education-scaled.jpg\",\"contentUrl\":\"https:\\\/\\\/cusointernational.org\\\/wp-content\\\/uploads\\\/Girls-education-scaled.jpg\",\"width\":2560,\"height\":1707,\"caption\":\"Girls education\"},{\"@type\":\"BreadcrumbList\",\"@id\":\"https:\\\/\\\/cusointernational.org\\\/fr\\\/programme-les-filles-aussi-u-girls-2\\\/#breadcrumb\",\"itemListElement\":[{\"@type\":\"ListItem\",\"position\":1,\"name\":\"Home\",\"item\":\"https:\\\/\\\/cusointernational.org\\\/fr\\\/\"},{\"@type\":\"ListItem\",\"position\":2,\"name\":\"Programme Les filles aussi (U-GIRLS-2)\"}]},{\"@type\":\"WebSite\",\"@id\":\"https:\\\/\\\/cusointernational.org\\\/fr\\\/#website\",\"url\":\"https:\\\/\\\/cusointernational.org\\\/fr\\\/\",\"name\":\"Cuso International\",\"description\":\"Connecting communities around the world with skilled Canadians to help end poverty\",\"potentialAction\":[{\"@type\":\"SearchAction\",\"target\":{\"@type\":\"EntryPoint\",\"urlTemplate\":\"https:\\\/\\\/cusointernational.org\\\/fr\\\/?s={search_term_string}\"},\"query-input\":{\"@type\":\"PropertyValueSpecification\",\"valueRequired\":true,\"valueName\":\"search_term_string\"}}],\"inLanguage\":\"fr-FR\"}]}<\/script>\n<!-- \/ Yoast SEO plugin. -->","yoast_head_json":{"title":"U-GIRLS 2 | Cuso International","description":"Depuis 2020, U-GIRLS 2 en \u00c9thiopie a permis \u00e0 des jeunes filles d'obtenir un soutien pour terminer leurs \u00e9tudes secondaires. En savoir plus.","robots":{"index":"index","follow":"follow","max-snippet":"max-snippet:-1","max-image-preview":"max-image-preview:large","max-video-preview":"max-video-preview:-1"},"canonical":"https:\/\/cusointernational.org\/fr\/programme-les-filles-aussi-u-girls-2\/","og_locale":"fr_FR","og_type":"article","og_title":"U-GIRLS 2 | Cuso International","og_description":"Depuis 2020, U-GIRLS 2 en \u00c9thiopie a permis \u00e0 des jeunes filles d'obtenir un soutien pour terminer leurs \u00e9tudes secondaires. En savoir plus.","og_url":"https:\/\/cusointernational.org\/fr\/programme-les-filles-aussi-u-girls-2\/","og_site_name":"Cuso International","article_modified_time":"2024-02-21T17:04:49+00:00","og_image":[{"width":2560,"height":1707,"url":"https:\/\/cusointernational.org\/wp-content\/uploads\/Girls-education-scaled.jpg","type":"image\/jpeg"}],"twitter_card":"summary_large_image","twitter_misc":{"Dur\u00e9e de lecture estim\u00e9e":"2 minutes"},"schema":{"@context":"https:\/\/schema.org","@graph":[{"@type":"WebPage","@id":"https:\/\/cusointernational.org\/fr\/programme-les-filles-aussi-u-girls-2\/","url":"https:\/\/cusointernational.org\/fr\/programme-les-filles-aussi-u-girls-2\/","name":"U-GIRLS 2 | Cuso International","isPartOf":{"@id":"https:\/\/cusointernational.org\/fr\/#website"},"primaryImageOfPage":{"@id":"https:\/\/cusointernational.org\/fr\/programme-les-filles-aussi-u-girls-2\/#primaryimage"},"image":{"@id":"https:\/\/cusointernational.org\/fr\/programme-les-filles-aussi-u-girls-2\/#primaryimage"},"thumbnailUrl":"https:\/\/cusointernational.org\/wp-content\/uploads\/Girls-education-scaled.jpg","datePublished":"2023-10-03T21:00:40+00:00","dateModified":"2024-02-21T17:04:49+00:00","description":"Depuis 2020, U-GIRLS 2 en \u00c9thiopie a permis \u00e0 des jeunes filles d'obtenir un soutien pour terminer leurs \u00e9tudes secondaires. En savoir plus.","breadcrumb":{"@id":"https:\/\/cusointernational.org\/fr\/programme-les-filles-aussi-u-girls-2\/#breadcrumb"},"inLanguage":"fr-FR","potentialAction":[{"@type":"ReadAction","target":["https:\/\/cusointernational.org\/fr\/programme-les-filles-aussi-u-girls-2\/"]}]},{"@type":"ImageObject","inLanguage":"fr-FR","@id":"https:\/\/cusointernational.org\/fr\/programme-les-filles-aussi-u-girls-2\/#primaryimage","url":"https:\/\/cusointernational.org\/wp-content\/uploads\/Girls-education-scaled.jpg","contentUrl":"https:\/\/cusointernational.org\/wp-content\/uploads\/Girls-education-scaled.jpg","width":2560,"height":1707,"caption":"Girls education"},{"@type":"BreadcrumbList","@id":"https:\/\/cusointernational.org\/fr\/programme-les-filles-aussi-u-girls-2\/#breadcrumb","itemListElement":[{"@type":"ListItem","position":1,"name":"Home","item":"https:\/\/cusointernational.org\/fr\/"},{"@type":"ListItem","position":2,"name":"Programme Les filles aussi (U-GIRLS-2)"}]},{"@type":"WebSite","@id":"https:\/\/cusointernational.org\/fr\/#website","url":"https:\/\/cusointernational.org\/fr\/","name":"Cuso International","description":"Connecting communities around the world with skilled Canadians to help end poverty","potentialAction":[{"@type":"SearchAction","target":{"@type":"EntryPoint","urlTemplate":"https:\/\/cusointernational.org\/fr\/?s={search_term_string}"},"query-input":{"@type":"PropertyValueSpecification","valueRequired":true,"valueName":"search_term_string"}}],"inLanguage":"fr-FR"}]}},"_links":{"self":[{"href":"https:\/\/cusointernational.org\/fr\/wp-json\/wp\/v2\/pages\/44329","targetHints":{"allow":["GET"]}}],"collection":[{"href":"https:\/\/cusointernational.org\/fr\/wp-json\/wp\/v2\/pages"}],"about":[{"href":"https:\/\/cusointernational.org\/fr\/wp-json\/wp\/v2\/types\/page"}],"author":[{"embeddable":true,"href":"https:\/\/cusointernational.org\/fr\/wp-json\/wp\/v2\/users\/38"}],"replies":[{"embeddable":true,"href":"https:\/\/cusointernational.org\/fr\/wp-json\/wp\/v2\/comments?post=44329"}],"version-history":[{"count":0,"href":"https:\/\/cusointernational.org\/fr\/wp-json\/wp\/v2\/pages\/44329\/revisions"}],"wp:featuredmedia":[{"embeddable":true,"href":"https:\/\/cusointernational.org\/fr\/wp-json\/wp\/v2\/media\/44188"}],"wp:attachment":[{"href":"https:\/\/cusointernational.org\/fr\/wp-json\/wp\/v2\/media?parent=44329"}],"wp:term":[{"taxonomy":"post_tag","embeddable":true,"href":"https:\/\/cusointernational.org\/fr\/wp-json\/wp\/v2\/tags?post=44329"}],"curies":[{"name":"wp","href":"https:\/\/api.w.org\/{rel}","templated":true}]}}