{"id":44327,"date":"2023-10-03T16:58:41","date_gmt":"2023-10-03T20:58:41","guid":{"rendered":"https:\/\/cusointernational.org\/?page_id=44327"},"modified":"2024-04-22T13:56:13","modified_gmt":"2024-04-22T17:56:13","slug":"programme-colombien-de-possibilites-de-consolidation-de-la-paix-et-demplois-durables-programme-scope","status":"publish","type":"page","link":"https:\/\/cusointernational.org\/fr\/programme-colombien-de-possibilites-de-consolidation-de-la-paix-et-demplois-durables-programme-scope\/","title":{"rendered":"Programme colombien de possibilit\u00e9s de consolidation de la paix et d\u2019emplois durables (programme SCOPE)"},"content":{"rendered":"\n<h1>\n\t\tProgramme colombien de possibilit\u00e9s de consolidation de la paix et d&#8217;emplois durables (programme SCOPE)\n\t<\/h1>\n\t\t\t\t<img loading=\"lazy\" decoding=\"async\" src=\"https:\/\/cusointernational.org\/wp-content\/uploads\/Colombia-Clevis-SCOPE.jpg\" alt=\"SCOPE\" itemprop=\"image\" height=\"875\" width=\"1331\" title=\"Colombia - Clevis - SCOPE\" onerror=\"this.style.display='none'\"  \/>\n\t<ul>\n<li><strong>Ann\u00e9es de mise en \u0153uvre :\u00a0<\/strong>2015-2024<\/li>\n<li><strong>Financement:<\/strong>\u00a0<a href=\"https:\/\/www.international.gc.ca\/global-affairs-affaires-mondiales\/home-accueil.aspx?lang=fra\" target=\"_blank\" rel=\"noopener\">Affaires Mondiales Canada<\/a><\/li>\n<\/ul>\n<p>Depuis neuf ans, le programme SCOPE offre aux femmes, aux jeunes, aux victimes de conflits et aux migrantes et migrants v\u00e9n\u00e9zu\u00e9liens en Colombie, en \u00c9quateur et au P\u00e9rou de la formation en emploi et en entrepreneuriat pour leur permettre de gagner leur vie.<\/p>\n<p>Pour garantir des milieux de travail plus s\u00fbrs et inclusifs aux groupes marginalis\u00e9s, le programme SCOPE a con\u00e7u la Ruta Inclusiva, une formation en \u00e9galit\u00e9 des genres et en inclusion sociale offerte \u00e0 plus de 500\u00a0000\u00a0personnes en emploi en Colombie. Le programme SCOPE collabore aussi avec les gouvernements pour les aider \u00e0 \u00e9laborer des politiques et des programmes plus inclusifs afin d&#8217;\u00e9liminer les obstacles \u00e0 l&#8217;emploi rencontr\u00e9s par les groupes marginalis\u00e9s.<\/p>\n\t<p>\u00c0 ce jour, le programme SCOPE a form\u00e9 pr\u00e8s de 20\u00a0000\u00a0personnes (dont 60\u00a0% de femmes) et jumel\u00e9 plus de 11\u00a0500\u00a0personnes \u00e0 des emplois de qualit\u00e9 en Colombie, en \u00c9quateur et au P\u00e9rou. Devant le succ\u00e8s du programme SCOPE, le Haut Commissariat des Nations Unies pour les r\u00e9fugi\u00e9s\u00a0(UNHCR) et le Programme alimentaire mondial\u00a0(PAM) en Colombie ont continu\u00e9 \u00e0 y investir afin d&#8217;\u00e9largir l&#8217;offre d&#8217;activit\u00e9s et le nombre de participants et participantes.<\/p>\n\t\t\t<a href=\"https:\/\/cusointernational.org\/fr\/passez-a-laction\/volontaire\/cooperation-volontaire\/\" target=\"_blank\" rel=\"noopener\">\n\t\t\t\t\t\tVOLUNTARY COOPERATION\n\t\t\t\t\t<\/a>\n<h2>\n\t\tSCOPE HISTOIRES \n\t<\/h2>\n\t\t\t\t<img loading=\"lazy\" decoding=\"async\" src=\"https:\/\/cusointernational.org\/wp-content\/uploads\/Becoming-an-immigrant-entrepreneur-in-Ecuador-Blog-banner.png\" alt=\"Immigrant Venezuelan\" itemprop=\"image\" height=\"1260\" width=\"2240\" title=\"Becoming an immigrant entrepreneur in Ecuador - Blog banner\" onerror=\"this.style.display='none'\"  \/>\n<h3>\n\t\tDevenir une immigrante entrepreneure en \u00c9quateur\n\t<\/h3>\n\t<p>Le conflit politique qui fait rage au V\u00e9n\u00e9zu\u00e9la a provoqu\u00e9 l&#8217;exil de millions de personnes, dont Mirna\u202fOlimpia\u202fLeal\u202fRamos, qui s&#8217;est install\u00e9e en \u00c9quateur avec ses trois enfants majeurs apr\u00e8s le d\u00e9c\u00e8s de son mari.<\/p>\n\t\t\t<a href=\"https:\/\/cusointernational.org\/fr\/recit\/devenir-une-immigrante-entrepreneure-en-equateur\/\" target=\"_blank\" rel=\"noopener\">\n\t\t\t\t\t\t\tLIRE CETTE HISTOIRE\n\t\t\t\t\t<\/a>\n<h3>\n\t\tAvoir les bons outils pour faire prosp\u00e9rer son entreprise\n\t<\/h3>\n\t<p>Le conflit politique qui secoue le V\u00e9n\u00e9zu\u00e9la a entra\u00een\u00e9 le d\u00e9placement de millions de personnes, dont Nidia Ramona et Carlos C\u00e1ceres et leurs deux adolescents qui ont trouv\u00e9 refuge \u00e0 Lima, au P\u00e9rou, en 2017.<\/p>\n\t\t\t<a href=\"https:\/\/cusointernational.org\/fr\/recit\/avoir-les-bons-outils-pour-faire-prosperer-son-entreprise\/\" target=\"_blank\" rel=\"noopener\">\n\t\t\t\t\t\t\tLIRE CETTE HISTOIRE\n\t\t\t\t\t<\/a>\n\t\t\t\t<img loading=\"lazy\" decoding=\"async\" src=\"https:\/\/cusointernational.org\/wp-content\/uploads\/Carlos-and-Nidia2-scaled.jpg\" alt=\"Entrepreneurs\" itemprop=\"image\" height=\"1707\" width=\"2560\" title=\"Carlos and Nydia, SCOPE participants, own a pizza parlour\" onerror=\"this.style.display='none'\"  \/>\n\t\t\t\t<img loading=\"lazy\" decoding=\"async\" src=\"https:\/\/cusointernational.org\/wp-content\/uploads\/AlexCastro_crop.jpg\" alt=\"Alex Castro Colombia\" itemprop=\"image\" height=\"1000\" width=\"1600\" title=\"AlexCastro_crop\" onerror=\"this.style.display='none'\"  \/>\n<h3>\n\t\tLe projet colombien offre de belles perspectives d&#8217;avenir aux jeunes LGBTQI+\n\t<\/h3>\n\t<p>Dans sa jeunesse, Alex\u202fCastro accompagnait souvent son p\u00e8re au travail \u00e0 Cali, en Colombie. Il l&#8217;observait alors poser les fondations d&#8217;une maison, r\u00e9nover une cuisine ou am\u00e9nager une cour arri\u00e8re.<\/p>\n\t\t\t<a href=\"https:\/\/cusointernational.org\/fr\/recit\/le-projet-colombien-offre-de-belles-perspectives-davenir-aux-jeunes-lgbtqi\/\" target=\"_blank\" rel=\"noopener\">\n\t\t\t\t\t\t\tLIRE CETTE HISTOIRE\n\t\t\t\t\t<\/a>\n<h2>\n\t\tInvestir dans l&#8217;inclusion\n\t<\/h2>\n\t<p>Votre soutien contribue \u00e0 r\u00e9duire la pauvret\u00e9 et les in\u00e9galit\u00e9s en am\u00e9liorant l&#8217;acc\u00e8s des communaut\u00e9s marginalis\u00e9es \u00e0 des opportunit\u00e9s \u00e9conomiques durables. Un avenir meilleur commence avec vous.<\/p>\n\t\t\t<a href=\"https:\/\/cusointernational.org\/fr\/faire-un-don\/\" target=\"_self\" rel=\"noopener\">\n\t\t\t\t\t\tFAIRE UN DON\n\t\t\t\t\t<\/a>\n\n","protected":false},"excerpt":{"rendered":"<p>Programme colombien de possibilit\u00e9s de consolidation de la paix et d&#8217;emplois durables (programme SCOPE) Ann\u00e9es de mise en \u0153uvre :\u00a02015-2024 Financement:\u00a0Affaires Mondiales Canada Depuis neuf ans, le programme SCOPE offre aux femmes, aux jeunes, aux victimes de conflits et aux migrantes et migrants v\u00e9n\u00e9zu\u00e9liens en Colombie, en \u00c9quateur et au P\u00e9rou de la formation en&hellip;<\/p>\n","protected":false},"author":38,"featured_media":42004,"parent":0,"menu_order":0,"comment_status":"closed","ping_status":"closed","template":"","meta":{"_acf_changed":false,"footnotes":""},"tags":[],"class_list":["post-44327","page","type-page","status-publish","has-post-thumbnail","hentry"],"acf":[],"yoast_head":"<!-- This site is optimized with the Yoast SEO plugin v27.4 - https:\/\/yoast.com\/product\/yoast-seo-wordpress\/ -->\n<title>SCOPE | Cuso International<\/title>\n<meta name=\"description\" content=\"Depuis neuf ans, SCOPE fournit des services aux femmes, aux jeunes, aux victimes de conflits et aux migrants v\u00e9n\u00e9zu\u00e9liens en Colombie, en \u00c9quateur et au P\u00e9rou.\" \/>\n<meta name=\"robots\" content=\"index, follow, max-snippet:-1, max-image-preview:large, max-video-preview:-1\" \/>\n<link rel=\"canonical\" href=\"https:\/\/cusointernational.org\/fr\/programme-colombien-de-possibilites-de-consolidation-de-la-paix-et-demplois-durables-programme-scope\/\" \/>\n<meta property=\"og:locale\" content=\"fr_FR\" \/>\n<meta property=\"og:type\" content=\"article\" \/>\n<meta property=\"og:title\" content=\"SCOPE | Cuso International\" \/>\n<meta property=\"og:description\" content=\"Depuis neuf ans, SCOPE fournit des services aux femmes, aux jeunes, aux victimes de conflits et aux migrants v\u00e9n\u00e9zu\u00e9liens en Colombie, en \u00c9quateur et au P\u00e9rou.\" \/>\n<meta property=\"og:url\" content=\"https:\/\/cusointernational.org\/fr\/programme-colombien-de-possibilites-de-consolidation-de-la-paix-et-demplois-durables-programme-scope\/\" \/>\n<meta property=\"og:site_name\" content=\"Cuso International\" \/>\n<meta property=\"article:modified_time\" content=\"2024-04-22T17:56:13+00:00\" \/>\n<meta property=\"og:image\" content=\"https:\/\/cusointernational.org\/wp-content\/uploads\/Roselin-1600x1067.jpg\" \/>\n\t<meta property=\"og:image:width\" content=\"1600\" \/>\n\t<meta property=\"og:image:height\" content=\"1067\" \/>\n\t<meta property=\"og:image:type\" content=\"image\/jpeg\" \/>\n<meta name=\"twitter:card\" content=\"summary_large_image\" \/>\n<meta name=\"twitter:label1\" content=\"Dur\u00e9e de lecture estim\u00e9e\" \/>\n\t<meta name=\"twitter:data1\" content=\"2 minutes\" \/>\n<script type=\"application\/ld+json\" class=\"yoast-schema-graph\">{\"@context\":\"https:\\\/\\\/schema.org\",\"@graph\":[{\"@type\":\"WebPage\",\"@id\":\"https:\\\/\\\/cusointernational.org\\\/fr\\\/programme-colombien-de-possibilites-de-consolidation-de-la-paix-et-demplois-durables-programme-scope\\\/\",\"url\":\"https:\\\/\\\/cusointernational.org\\\/fr\\\/programme-colombien-de-possibilites-de-consolidation-de-la-paix-et-demplois-durables-programme-scope\\\/\",\"name\":\"SCOPE | Cuso International\",\"isPartOf\":{\"@id\":\"https:\\\/\\\/cusointernational.org\\\/fr\\\/#website\"},\"primaryImageOfPage\":{\"@id\":\"https:\\\/\\\/cusointernational.org\\\/fr\\\/programme-colombien-de-possibilites-de-consolidation-de-la-paix-et-demplois-durables-programme-scope\\\/#primaryimage\"},\"image\":{\"@id\":\"https:\\\/\\\/cusointernational.org\\\/fr\\\/programme-colombien-de-possibilites-de-consolidation-de-la-paix-et-demplois-durables-programme-scope\\\/#primaryimage\"},\"thumbnailUrl\":\"https:\\\/\\\/cusointernational.org\\\/wp-content\\\/uploads\\\/Roselin.jpg\",\"datePublished\":\"2023-10-03T20:58:41+00:00\",\"dateModified\":\"2024-04-22T17:56:13+00:00\",\"description\":\"Depuis neuf ans, SCOPE fournit des services aux femmes, aux jeunes, aux victimes de conflits et aux migrants v\u00e9n\u00e9zu\u00e9liens en Colombie, en \u00c9quateur et au P\u00e9rou.\",\"breadcrumb\":{\"@id\":\"https:\\\/\\\/cusointernational.org\\\/fr\\\/programme-colombien-de-possibilites-de-consolidation-de-la-paix-et-demplois-durables-programme-scope\\\/#breadcrumb\"},\"inLanguage\":\"fr-FR\",\"potentialAction\":[{\"@type\":\"ReadAction\",\"target\":[\"https:\\\/\\\/cusointernational.org\\\/fr\\\/programme-colombien-de-possibilites-de-consolidation-de-la-paix-et-demplois-durables-programme-scope\\\/\"]}]},{\"@type\":\"ImageObject\",\"inLanguage\":\"fr-FR\",\"@id\":\"https:\\\/\\\/cusointernational.org\\\/fr\\\/programme-colombien-de-possibilites-de-consolidation-de-la-paix-et-demplois-durables-programme-scope\\\/#primaryimage\",\"url\":\"https:\\\/\\\/cusointernational.org\\\/wp-content\\\/uploads\\\/Roselin.jpg\",\"contentUrl\":\"https:\\\/\\\/cusointernational.org\\\/wp-content\\\/uploads\\\/Roselin.jpg\",\"width\":2507,\"height\":1672,\"caption\":\"Roselin\"},{\"@type\":\"BreadcrumbList\",\"@id\":\"https:\\\/\\\/cusointernational.org\\\/fr\\\/programme-colombien-de-possibilites-de-consolidation-de-la-paix-et-demplois-durables-programme-scope\\\/#breadcrumb\",\"itemListElement\":[{\"@type\":\"ListItem\",\"position\":1,\"name\":\"Home\",\"item\":\"https:\\\/\\\/cusointernational.org\\\/fr\\\/\"},{\"@type\":\"ListItem\",\"position\":2,\"name\":\"Programme colombien de possibilit\u00e9s de consolidation de la paix et d\u2019emplois durables (programme SCOPE)\"}]},{\"@type\":\"WebSite\",\"@id\":\"https:\\\/\\\/cusointernational.org\\\/fr\\\/#website\",\"url\":\"https:\\\/\\\/cusointernational.org\\\/fr\\\/\",\"name\":\"Cuso International\",\"description\":\"Connecting communities around the world with skilled Canadians to help end poverty\",\"potentialAction\":[{\"@type\":\"SearchAction\",\"target\":{\"@type\":\"EntryPoint\",\"urlTemplate\":\"https:\\\/\\\/cusointernational.org\\\/fr\\\/?s={search_term_string}\"},\"query-input\":{\"@type\":\"PropertyValueSpecification\",\"valueRequired\":true,\"valueName\":\"search_term_string\"}}],\"inLanguage\":\"fr-FR\"}]}<\/script>\n<!-- \/ Yoast SEO plugin. -->","yoast_head_json":{"title":"SCOPE | Cuso International","description":"Depuis neuf ans, SCOPE fournit des services aux femmes, aux jeunes, aux victimes de conflits et aux migrants v\u00e9n\u00e9zu\u00e9liens en Colombie, en \u00c9quateur et au P\u00e9rou.","robots":{"index":"index","follow":"follow","max-snippet":"max-snippet:-1","max-image-preview":"max-image-preview:large","max-video-preview":"max-video-preview:-1"},"canonical":"https:\/\/cusointernational.org\/fr\/programme-colombien-de-possibilites-de-consolidation-de-la-paix-et-demplois-durables-programme-scope\/","og_locale":"fr_FR","og_type":"article","og_title":"SCOPE | Cuso International","og_description":"Depuis neuf ans, SCOPE fournit des services aux femmes, aux jeunes, aux victimes de conflits et aux migrants v\u00e9n\u00e9zu\u00e9liens en Colombie, en \u00c9quateur et au P\u00e9rou.","og_url":"https:\/\/cusointernational.org\/fr\/programme-colombien-de-possibilites-de-consolidation-de-la-paix-et-demplois-durables-programme-scope\/","og_site_name":"Cuso International","article_modified_time":"2024-04-22T17:56:13+00:00","og_image":[{"width":1600,"height":1067,"url":"https:\/\/cusointernational.org\/wp-content\/uploads\/Roselin-1600x1067.jpg","type":"image\/jpeg"}],"twitter_card":"summary_large_image","twitter_misc":{"Dur\u00e9e de lecture estim\u00e9e":"2 minutes"},"schema":{"@context":"https:\/\/schema.org","@graph":[{"@type":"WebPage","@id":"https:\/\/cusointernational.org\/fr\/programme-colombien-de-possibilites-de-consolidation-de-la-paix-et-demplois-durables-programme-scope\/","url":"https:\/\/cusointernational.org\/fr\/programme-colombien-de-possibilites-de-consolidation-de-la-paix-et-demplois-durables-programme-scope\/","name":"SCOPE | Cuso International","isPartOf":{"@id":"https:\/\/cusointernational.org\/fr\/#website"},"primaryImageOfPage":{"@id":"https:\/\/cusointernational.org\/fr\/programme-colombien-de-possibilites-de-consolidation-de-la-paix-et-demplois-durables-programme-scope\/#primaryimage"},"image":{"@id":"https:\/\/cusointernational.org\/fr\/programme-colombien-de-possibilites-de-consolidation-de-la-paix-et-demplois-durables-programme-scope\/#primaryimage"},"thumbnailUrl":"https:\/\/cusointernational.org\/wp-content\/uploads\/Roselin.jpg","datePublished":"2023-10-03T20:58:41+00:00","dateModified":"2024-04-22T17:56:13+00:00","description":"Depuis neuf ans, SCOPE fournit des services aux femmes, aux jeunes, aux victimes de conflits et aux migrants v\u00e9n\u00e9zu\u00e9liens en Colombie, en \u00c9quateur et au P\u00e9rou.","breadcrumb":{"@id":"https:\/\/cusointernational.org\/fr\/programme-colombien-de-possibilites-de-consolidation-de-la-paix-et-demplois-durables-programme-scope\/#breadcrumb"},"inLanguage":"fr-FR","potentialAction":[{"@type":"ReadAction","target":["https:\/\/cusointernational.org\/fr\/programme-colombien-de-possibilites-de-consolidation-de-la-paix-et-demplois-durables-programme-scope\/"]}]},{"@type":"ImageObject","inLanguage":"fr-FR","@id":"https:\/\/cusointernational.org\/fr\/programme-colombien-de-possibilites-de-consolidation-de-la-paix-et-demplois-durables-programme-scope\/#primaryimage","url":"https:\/\/cusointernational.org\/wp-content\/uploads\/Roselin.jpg","contentUrl":"https:\/\/cusointernational.org\/wp-content\/uploads\/Roselin.jpg","width":2507,"height":1672,"caption":"Roselin"},{"@type":"BreadcrumbList","@id":"https:\/\/cusointernational.org\/fr\/programme-colombien-de-possibilites-de-consolidation-de-la-paix-et-demplois-durables-programme-scope\/#breadcrumb","itemListElement":[{"@type":"ListItem","position":1,"name":"Home","item":"https:\/\/cusointernational.org\/fr\/"},{"@type":"ListItem","position":2,"name":"Programme colombien de possibilit\u00e9s de consolidation de la paix et d\u2019emplois durables (programme SCOPE)"}]},{"@type":"WebSite","@id":"https:\/\/cusointernational.org\/fr\/#website","url":"https:\/\/cusointernational.org\/fr\/","name":"Cuso International","description":"Connecting communities around the world with skilled Canadians to help end poverty","potentialAction":[{"@type":"SearchAction","target":{"@type":"EntryPoint","urlTemplate":"https:\/\/cusointernational.org\/fr\/?s={search_term_string}"},"query-input":{"@type":"PropertyValueSpecification","valueRequired":true,"valueName":"search_term_string"}}],"inLanguage":"fr-FR"}]}},"_links":{"self":[{"href":"https:\/\/cusointernational.org\/fr\/wp-json\/wp\/v2\/pages\/44327","targetHints":{"allow":["GET"]}}],"collection":[{"href":"https:\/\/cusointernational.org\/fr\/wp-json\/wp\/v2\/pages"}],"about":[{"href":"https:\/\/cusointernational.org\/fr\/wp-json\/wp\/v2\/types\/page"}],"author":[{"embeddable":true,"href":"https:\/\/cusointernational.org\/fr\/wp-json\/wp\/v2\/users\/38"}],"replies":[{"embeddable":true,"href":"https:\/\/cusointernational.org\/fr\/wp-json\/wp\/v2\/comments?post=44327"}],"version-history":[{"count":0,"href":"https:\/\/cusointernational.org\/fr\/wp-json\/wp\/v2\/pages\/44327\/revisions"}],"wp:featuredmedia":[{"embeddable":true,"href":"https:\/\/cusointernational.org\/fr\/wp-json\/wp\/v2\/media\/42004"}],"wp:attachment":[{"href":"https:\/\/cusointernational.org\/fr\/wp-json\/wp\/v2\/media?parent=44327"}],"wp:term":[{"taxonomy":"post_tag","embeddable":true,"href":"https:\/\/cusointernational.org\/fr\/wp-json\/wp\/v2\/tags?post=44327"}],"curies":[{"name":"wp","href":"https:\/\/api.w.org\/{rel}","templated":true}]}}