{"id":44326,"date":"2023-10-03T16:54:20","date_gmt":"2023-10-03T20:54:20","guid":{"rendered":"https:\/\/cusointernational.org\/?page_id=44326"},"modified":"2024-05-06T15:30:39","modified_gmt":"2024-05-06T19:30:39","slug":"competences-pour-lamelioration-de-la-qualite-de-vie-et-des-moyens-de-subsistance-des-refugies","status":"publish","type":"page","link":"https:\/\/cusointernational.org\/fr\/competences-pour-lamelioration-de-la-qualite-de-vie-et-des-moyens-de-subsistance-des-refugies\/","title":{"rendered":"Comp\u00e9tences pour l\u2019am\u00e9lioration de la qualit\u00e9 de vie et des moyens de subsistance des r\u00e9fugi\u00e9s"},"content":{"rendered":"\n<h1>\n\t\tComp\u00e9tences pour l&#8217;am\u00e9lioration de la qualit\u00e9 de vie et des moyens de subsistance des r\u00e9fugi\u00e9s (SKILLS) \n\t<\/h1>\n\t\t\t\t<img loading=\"lazy\" decoding=\"async\" src=\"https:\/\/cusointernational.org\/wp-content\/uploads\/Refugees-Cuso-International-scaled.jpg\" alt=\"Refugees - Cuso International\" itemprop=\"image\" height=\"1928\" width=\"2560\" title=\"Refugees - Cuso International\" onerror=\"this.style.display='none'\"  \/>\n\t<ul>\n<li><strong>Ann\u00e9es de mise en \u0153uvre :\u00a0<\/strong>2019-2023<\/li>\n<li><strong>Financeurs:<\/strong> <a href=\"https:\/\/www.unhcr.org\/fr\" target=\"_blank\" rel=\"noopener\">L&#8217;Agence des Nations Unies pour les r\u00e9fugi\u00e9s (UNHCR)<\/a><\/li>\n<\/ul>\n<p>Depuis 2019, le programme SKILLS re\u00e7oit du financement du <a href=\"https:\/\/www.unhcr.org\/fr\" target=\"_blank\" rel=\"noopener\">L&#8217;Agence des Nations Unies pour les r\u00e9fugi\u00e9s (UNHCR)<\/a>\u00a0pour offrir de la formation en entrepreneuriat aux Camerounais et Camerounaises qui ont trouv\u00e9 refuge au Nigeria. Les personnes r\u00e9fugi\u00e9es re\u00e7oivent de la formation en affaires et en technologies de l&#8217;information pour lancer une micro ou petite entreprise (MPE). L&#8217;objectif : gagner de l&#8217;argent, lutter contre l&#8217;ins\u00e9curit\u00e9 alimentaire et profiter de l&#8217;univers num\u00e9rique pour r\u00e9ussir.<\/p>\n\t<p>Le programme SKILLS a d\u00e9j\u00e0 soutenu plus de 5\u00a0000\u00a0personnes, ainsi que la cr\u00e9ation de plus de 3\u00a0000\u00a0emplois et 1\u00a0700\u00a0MPE. Le programme aide aussi une \u00e9cole technique \u00e0 offrir des cours en agriculture \u00e0 des propri\u00e9taires d&#8217;agroentreprises. En 2023, plus de 1\u00a0600\u00a0personnes avaient suivi ces cours.<\/p>\n\t\t\t<a href=\"https:\/\/cusointernational.org\/fr\/passez-a-laction\/volontaire\/cooperation-volontaire\/\" target=\"_blank\" rel=\"noopener\">\n\t\t\t\t\t\tVOLUNTARY COOPERATION\n\t\t\t\t\t<\/a>\n<h2>\n\t\tSKILLS HISTOIRES \n\t<\/h2>\n\t\t\t\t<img loading=\"lazy\" decoding=\"async\" src=\"https:\/\/cusointernational.org\/wp-content\/uploads\/Annette-Nigerian-Program-helps-refugees-gain-right-tools-to-grow-their-business-scaled.jpeg\" alt=\"Entrepreneur refugee\" itemprop=\"image\" height=\"2560\" width=\"1920\" title=\"Annette - Nigerian Program helps refugees gain right tools to grow their business\" onerror=\"this.style.display='none'\"  \/>\n<h3>\n\t\tUn programme aide une r\u00e9fugi\u00e9e camerounaise \u00e0 acqu\u00e9rir les comp\u00e9tences n\u00e9cessaires pour d\u00e9velopper son entreprise\n\t<\/h3>\n\t<p>Depuis 2017, le conflit qui d\u00e9chire le Cameroun a pouss\u00e9 des milliers de personnes \u00e0 fuir leur domicile et \u00e0 s&#8217;installer dans le pays voisin, le Nigeria. C&#8217;est notamment le cas d&#8217;Annette.<\/p>\n\t\t\t<a href=\"https:\/\/cusointernational.org\/fr\/recit\/un-programme-aide-une-refugiee-camerounaise-a-acquerir-les-competences-necessaires-pour-developper-son-entreprise\/\" target=\"_blank\" rel=\"noopener\">\n\t\t\t\t\t\t\tLIRE CETTE HISTOIRE\n\t\t\t\t\t<\/a>\n<h3>\n\t\tUn programme aide une r\u00e9fugi\u00e9e camerounaise \u00e0 d\u00e9marrer une entreprise et \u00e0 former d&#8217;autres femmes comme elle\n\t<\/h3>\n\t<p>Le conflit qui d\u00e9chire le Cameroun a pouss\u00e9 des milliers de personnes \u00e0 fuir leur domicile et \u00e0 s&#8217;installer dans le pays voisin, le Nigeria. C&#8217;est notamment le cas de Vanessa Mbahwei.<\/p>\n\t\t\t<a href=\"https:\/\/cusointernational.org\/fr\/recit\/un-programme-aide-une-refugiee-camerounaise-a-demarrer-une-entreprise-et-a-former-dautres-femmes-comme-elle\/\" target=\"_blank\" rel=\"noopener\">\n\t\t\t\t\t\t\tLIRE CETTE HISTOIRE\n\t\t\t\t\t<\/a>\n\t\t\t\t<img loading=\"lazy\" decoding=\"async\" src=\"https:\/\/cusointernational.org\/wp-content\/uploads\/donate_side_vanessa.jpg\" alt=\"Refugee\" itemprop=\"image\" height=\"800\" width=\"1200\" title=\"donate_side_vanessa - Refugee\" onerror=\"this.style.display='none'\"  \/>\n\t\t\t\t<img loading=\"lazy\" decoding=\"async\" src=\"https:\/\/cusointernational.org\/wp-content\/uploads\/Louise2-1-scaled.jpg\" alt=\"Starting a new life in Nigeria\" itemprop=\"image\" height=\"1706\" width=\"2560\" title=\"Louise2 (1)\" onerror=\"this.style.display='none'\"  \/>\n<h3>\n\t\tRepartir \u00e0 z\u00e9ro au Nigeria\n\t<\/h3>\n\t<p>Repartir \u00e0 neuf dans un autre pays peut s&#8217;av\u00e9rer difficile. Certains r\u00e9fugi\u00e9s ne perdent pas seulement leur maison et leur communaut\u00e9, mais aussi leur emploi, leur s\u00e9curit\u00e9 financi\u00e8re et leur raison d&#8217;\u00eatre. Louise\u202fTchuntang\u202fEyong vivait \u00e0 Kumba, dans la r\u00e9gion du Sud-Ouest du Cameroun, avec son fils de 18\u202fans, Austin Enow Eyong, et sa fille adoptive de 20\u202fans, Imelda\u202fOkanda. Malheureusement, la guerre d&#8217;Ambazonie (que l&#8217;on appelle souvent \u00ab\u202fla crise\u202f\u00bb au Cameroun) les a oblig\u00e9s de fuir au Nigeria. Ayant tout perdu, la famille avait besoin d&#8217;aide pour repartir \u00e0 neuf.<\/p>\n\t\t\t<a href=\"https:\/\/cusointernational.org\/fr\/recit\/repartir-a-zero-au-nigeria\/\" target=\"_blank\" rel=\"noopener\">\n\t\t\t\t\t\t\tLIRE CETTE HISTOIRE\n\t\t\t\t\t<\/a>\n<h2>\n\t\tInvestir dans les r\u00e9fugi\u00e9s\n\t<\/h2>\n\t<p>Agissez d\u00e8s maintenant et soyez une lueur d&#8217;espoir pour ceux qui en ont le plus besoin. Ensemble, \u00e9crivons des histoires de triomphe et de r\u00e9silience. Votre soutien fait toute la diff\u00e9rence.<\/p>\n\t\t\t<a href=\"https:\/\/cusointernational.org\/fr\/faire-un-don\/\" target=\"_self\" rel=\"noopener\">\n\t\t\t\t\t\tFAIRE UN DON\n\t\t\t\t\t<\/a>\n\n","protected":false},"excerpt":{"rendered":"<p>Comp\u00e9tences pour l&#8217;am\u00e9lioration de la qualit\u00e9 de vie et des moyens de subsistance des r\u00e9fugi\u00e9s (SKILLS) Ann\u00e9es de mise en \u0153uvre :\u00a02019-2023 Financeurs: L&#8217;Agence des Nations Unies pour les r\u00e9fugi\u00e9s (UNHCR) Depuis 2019, le programme SKILLS re\u00e7oit du financement du L&#8217;Agence des Nations Unies pour les r\u00e9fugi\u00e9s (UNHCR)\u00a0pour offrir de la formation en entrepreneuriat aux&hellip;<\/p>\n","protected":false},"author":38,"featured_media":45301,"parent":0,"menu_order":0,"comment_status":"closed","ping_status":"closed","template":"","meta":{"_acf_changed":false,"footnotes":""},"tags":[],"class_list":["post-44326","page","type-page","status-publish","has-post-thumbnail","hentry"],"acf":[],"yoast_head":"<!-- This site is optimized with the Yoast SEO plugin v27.4 - https:\/\/yoast.com\/product\/yoast-seo-wordpress\/ -->\n<title>SKILLS | Cuso International<\/title>\n<meta name=\"description\" content=\"SKILLS a dispens\u00e9 une formation \u00e0 l&#039;entrepreneuriat \u00e0 des r\u00e9fugi\u00e9s camerounais r\u00e9sidant au Nigeria. En savoir plus sur ce programme.\" \/>\n<meta name=\"robots\" content=\"index, follow, max-snippet:-1, max-image-preview:large, max-video-preview:-1\" \/>\n<link rel=\"canonical\" href=\"https:\/\/cusointernational.org\/fr\/competences-pour-lamelioration-de-la-qualite-de-vie-et-des-moyens-de-subsistance-des-refugies\/\" \/>\n<meta property=\"og:locale\" content=\"fr_FR\" \/>\n<meta property=\"og:type\" content=\"article\" \/>\n<meta property=\"og:title\" content=\"SKILLS | Cuso International\" \/>\n<meta property=\"og:description\" content=\"SKILLS a dispens\u00e9 une formation \u00e0 l&#039;entrepreneuriat \u00e0 des r\u00e9fugi\u00e9s camerounais r\u00e9sidant au Nigeria. En savoir plus sur ce programme.\" \/>\n<meta property=\"og:url\" content=\"https:\/\/cusointernational.org\/fr\/competences-pour-lamelioration-de-la-qualite-de-vie-et-des-moyens-de-subsistance-des-refugies\/\" \/>\n<meta property=\"og:site_name\" content=\"Cuso International\" \/>\n<meta property=\"article:modified_time\" content=\"2024-05-06T19:30:39+00:00\" \/>\n<meta property=\"og:image\" content=\"https:\/\/cusointernational.org\/wp-content\/uploads\/SKILLS-Webpage-800x450.png\" \/>\n<meta name=\"twitter:card\" content=\"summary_large_image\" \/>\n<meta name=\"twitter:image\" content=\"https:\/\/cusointernational.org\/wp-content\/uploads\/SKILLS-Webpage-800x450.png\" \/>\n<meta name=\"twitter:label1\" content=\"Dur\u00e9e de lecture estim\u00e9e\" \/>\n\t<meta name=\"twitter:data1\" content=\"2 minutes\" \/>\n<script type=\"application\/ld+json\" class=\"yoast-schema-graph\">{\"@context\":\"https:\\\/\\\/schema.org\",\"@graph\":[{\"@type\":\"WebPage\",\"@id\":\"https:\\\/\\\/cusointernational.org\\\/fr\\\/competences-pour-lamelioration-de-la-qualite-de-vie-et-des-moyens-de-subsistance-des-refugies\\\/\",\"url\":\"https:\\\/\\\/cusointernational.org\\\/fr\\\/competences-pour-lamelioration-de-la-qualite-de-vie-et-des-moyens-de-subsistance-des-refugies\\\/\",\"name\":\"SKILLS | Cuso International\",\"isPartOf\":{\"@id\":\"https:\\\/\\\/cusointernational.org\\\/fr\\\/#website\"},\"primaryImageOfPage\":{\"@id\":\"https:\\\/\\\/cusointernational.org\\\/fr\\\/competences-pour-lamelioration-de-la-qualite-de-vie-et-des-moyens-de-subsistance-des-refugies\\\/#primaryimage\"},\"image\":{\"@id\":\"https:\\\/\\\/cusointernational.org\\\/fr\\\/competences-pour-lamelioration-de-la-qualite-de-vie-et-des-moyens-de-subsistance-des-refugies\\\/#primaryimage\"},\"thumbnailUrl\":\"https:\\\/\\\/cusointernational.org\\\/wp-content\\\/uploads\\\/Sharing-skills-for-improvement-of-lives-and-livelihoods-Cuso-International-scaled.jpg\",\"datePublished\":\"2023-10-03T20:54:20+00:00\",\"dateModified\":\"2024-05-06T19:30:39+00:00\",\"description\":\"SKILLS a dispens\u00e9 une formation \u00e0 l'entrepreneuriat \u00e0 des r\u00e9fugi\u00e9s camerounais r\u00e9sidant au Nigeria. En savoir plus sur ce programme.\",\"breadcrumb\":{\"@id\":\"https:\\\/\\\/cusointernational.org\\\/fr\\\/competences-pour-lamelioration-de-la-qualite-de-vie-et-des-moyens-de-subsistance-des-refugies\\\/#breadcrumb\"},\"inLanguage\":\"fr-FR\",\"potentialAction\":[{\"@type\":\"ReadAction\",\"target\":[\"https:\\\/\\\/cusointernational.org\\\/fr\\\/competences-pour-lamelioration-de-la-qualite-de-vie-et-des-moyens-de-subsistance-des-refugies\\\/\"]}]},{\"@type\":\"ImageObject\",\"inLanguage\":\"fr-FR\",\"@id\":\"https:\\\/\\\/cusointernational.org\\\/fr\\\/competences-pour-lamelioration-de-la-qualite-de-vie-et-des-moyens-de-subsistance-des-refugies\\\/#primaryimage\",\"url\":\"https:\\\/\\\/cusointernational.org\\\/wp-content\\\/uploads\\\/Sharing-skills-for-improvement-of-lives-and-livelihoods-Cuso-International-scaled.jpg\",\"contentUrl\":\"https:\\\/\\\/cusointernational.org\\\/wp-content\\\/uploads\\\/Sharing-skills-for-improvement-of-lives-and-livelihoods-Cuso-International-scaled.jpg\",\"width\":2560,\"height\":1907,\"caption\":\"Mokube Stella, 34 (middle, refugee) and her apprentices at her salon in Adagom 1, Ogoja, Nigeria\"},{\"@type\":\"BreadcrumbList\",\"@id\":\"https:\\\/\\\/cusointernational.org\\\/fr\\\/competences-pour-lamelioration-de-la-qualite-de-vie-et-des-moyens-de-subsistance-des-refugies\\\/#breadcrumb\",\"itemListElement\":[{\"@type\":\"ListItem\",\"position\":1,\"name\":\"Home\",\"item\":\"https:\\\/\\\/cusointernational.org\\\/fr\\\/\"},{\"@type\":\"ListItem\",\"position\":2,\"name\":\"Comp\u00e9tences pour l\u2019am\u00e9lioration de la qualit\u00e9 de vie et des moyens de subsistance des r\u00e9fugi\u00e9s\"}]},{\"@type\":\"WebSite\",\"@id\":\"https:\\\/\\\/cusointernational.org\\\/fr\\\/#website\",\"url\":\"https:\\\/\\\/cusointernational.org\\\/fr\\\/\",\"name\":\"Cuso International\",\"description\":\"Connecting communities around the world with skilled Canadians to help end poverty\",\"potentialAction\":[{\"@type\":\"SearchAction\",\"target\":{\"@type\":\"EntryPoint\",\"urlTemplate\":\"https:\\\/\\\/cusointernational.org\\\/fr\\\/?s={search_term_string}\"},\"query-input\":{\"@type\":\"PropertyValueSpecification\",\"valueRequired\":true,\"valueName\":\"search_term_string\"}}],\"inLanguage\":\"fr-FR\"}]}<\/script>\n<!-- \/ Yoast SEO plugin. -->","yoast_head_json":{"title":"SKILLS | Cuso International","description":"SKILLS a dispens\u00e9 une formation \u00e0 l'entrepreneuriat \u00e0 des r\u00e9fugi\u00e9s camerounais r\u00e9sidant au Nigeria. En savoir plus sur ce programme.","robots":{"index":"index","follow":"follow","max-snippet":"max-snippet:-1","max-image-preview":"max-image-preview:large","max-video-preview":"max-video-preview:-1"},"canonical":"https:\/\/cusointernational.org\/fr\/competences-pour-lamelioration-de-la-qualite-de-vie-et-des-moyens-de-subsistance-des-refugies\/","og_locale":"fr_FR","og_type":"article","og_title":"SKILLS | Cuso International","og_description":"SKILLS a dispens\u00e9 une formation \u00e0 l'entrepreneuriat \u00e0 des r\u00e9fugi\u00e9s camerounais r\u00e9sidant au Nigeria. En savoir plus sur ce programme.","og_url":"https:\/\/cusointernational.org\/fr\/competences-pour-lamelioration-de-la-qualite-de-vie-et-des-moyens-de-subsistance-des-refugies\/","og_site_name":"Cuso International","article_modified_time":"2024-05-06T19:30:39+00:00","og_image":[{"url":"https:\/\/cusointernational.org\/wp-content\/uploads\/SKILLS-Webpage-800x450.png","type":"","width":"","height":""}],"twitter_card":"summary_large_image","twitter_image":"https:\/\/cusointernational.org\/wp-content\/uploads\/SKILLS-Webpage-800x450.png","twitter_misc":{"Dur\u00e9e de lecture estim\u00e9e":"2 minutes"},"schema":{"@context":"https:\/\/schema.org","@graph":[{"@type":"WebPage","@id":"https:\/\/cusointernational.org\/fr\/competences-pour-lamelioration-de-la-qualite-de-vie-et-des-moyens-de-subsistance-des-refugies\/","url":"https:\/\/cusointernational.org\/fr\/competences-pour-lamelioration-de-la-qualite-de-vie-et-des-moyens-de-subsistance-des-refugies\/","name":"SKILLS | Cuso International","isPartOf":{"@id":"https:\/\/cusointernational.org\/fr\/#website"},"primaryImageOfPage":{"@id":"https:\/\/cusointernational.org\/fr\/competences-pour-lamelioration-de-la-qualite-de-vie-et-des-moyens-de-subsistance-des-refugies\/#primaryimage"},"image":{"@id":"https:\/\/cusointernational.org\/fr\/competences-pour-lamelioration-de-la-qualite-de-vie-et-des-moyens-de-subsistance-des-refugies\/#primaryimage"},"thumbnailUrl":"https:\/\/cusointernational.org\/wp-content\/uploads\/Sharing-skills-for-improvement-of-lives-and-livelihoods-Cuso-International-scaled.jpg","datePublished":"2023-10-03T20:54:20+00:00","dateModified":"2024-05-06T19:30:39+00:00","description":"SKILLS a dispens\u00e9 une formation \u00e0 l'entrepreneuriat \u00e0 des r\u00e9fugi\u00e9s camerounais r\u00e9sidant au Nigeria. En savoir plus sur ce programme.","breadcrumb":{"@id":"https:\/\/cusointernational.org\/fr\/competences-pour-lamelioration-de-la-qualite-de-vie-et-des-moyens-de-subsistance-des-refugies\/#breadcrumb"},"inLanguage":"fr-FR","potentialAction":[{"@type":"ReadAction","target":["https:\/\/cusointernational.org\/fr\/competences-pour-lamelioration-de-la-qualite-de-vie-et-des-moyens-de-subsistance-des-refugies\/"]}]},{"@type":"ImageObject","inLanguage":"fr-FR","@id":"https:\/\/cusointernational.org\/fr\/competences-pour-lamelioration-de-la-qualite-de-vie-et-des-moyens-de-subsistance-des-refugies\/#primaryimage","url":"https:\/\/cusointernational.org\/wp-content\/uploads\/Sharing-skills-for-improvement-of-lives-and-livelihoods-Cuso-International-scaled.jpg","contentUrl":"https:\/\/cusointernational.org\/wp-content\/uploads\/Sharing-skills-for-improvement-of-lives-and-livelihoods-Cuso-International-scaled.jpg","width":2560,"height":1907,"caption":"Mokube Stella, 34 (middle, refugee) and her apprentices at her salon in Adagom 1, Ogoja, Nigeria"},{"@type":"BreadcrumbList","@id":"https:\/\/cusointernational.org\/fr\/competences-pour-lamelioration-de-la-qualite-de-vie-et-des-moyens-de-subsistance-des-refugies\/#breadcrumb","itemListElement":[{"@type":"ListItem","position":1,"name":"Home","item":"https:\/\/cusointernational.org\/fr\/"},{"@type":"ListItem","position":2,"name":"Comp\u00e9tences pour l\u2019am\u00e9lioration de la qualit\u00e9 de vie et des moyens de subsistance des r\u00e9fugi\u00e9s"}]},{"@type":"WebSite","@id":"https:\/\/cusointernational.org\/fr\/#website","url":"https:\/\/cusointernational.org\/fr\/","name":"Cuso International","description":"Connecting communities around the world with skilled Canadians to help end poverty","potentialAction":[{"@type":"SearchAction","target":{"@type":"EntryPoint","urlTemplate":"https:\/\/cusointernational.org\/fr\/?s={search_term_string}"},"query-input":{"@type":"PropertyValueSpecification","valueRequired":true,"valueName":"search_term_string"}}],"inLanguage":"fr-FR"}]}},"_links":{"self":[{"href":"https:\/\/cusointernational.org\/fr\/wp-json\/wp\/v2\/pages\/44326","targetHints":{"allow":["GET"]}}],"collection":[{"href":"https:\/\/cusointernational.org\/fr\/wp-json\/wp\/v2\/pages"}],"about":[{"href":"https:\/\/cusointernational.org\/fr\/wp-json\/wp\/v2\/types\/page"}],"author":[{"embeddable":true,"href":"https:\/\/cusointernational.org\/fr\/wp-json\/wp\/v2\/users\/38"}],"replies":[{"embeddable":true,"href":"https:\/\/cusointernational.org\/fr\/wp-json\/wp\/v2\/comments?post=44326"}],"version-history":[{"count":0,"href":"https:\/\/cusointernational.org\/fr\/wp-json\/wp\/v2\/pages\/44326\/revisions"}],"wp:featuredmedia":[{"embeddable":true,"href":"https:\/\/cusointernational.org\/fr\/wp-json\/wp\/v2\/media\/45301"}],"wp:attachment":[{"href":"https:\/\/cusointernational.org\/fr\/wp-json\/wp\/v2\/media?parent=44326"}],"wp:term":[{"taxonomy":"post_tag","embeddable":true,"href":"https:\/\/cusointernational.org\/fr\/wp-json\/wp\/v2\/tags?post=44326"}],"curies":[{"name":"wp","href":"https:\/\/api.w.org\/{rel}","templated":true}]}}