{"id":43907,"date":"2023-06-02T13:23:19","date_gmt":"2023-06-02T17:23:19","guid":{"rendered":"https:\/\/cusointernational.org\/2024dnsg1\/"},"modified":"2023-06-26T15:08:59","modified_gmt":"2023-06-26T19:08:59","slug":"2024dnsg1_fr","status":"publish","type":"page","link":"https:\/\/cusointernational.org\/fr\/2024dnsg1_fr\/","title":{"rendered":"2024DNSG1"},"content":{"rendered":"\n\n\t[wplodf_insert_post ids=39876]\nThis site is protected by reCAPTCHA and the Google\n    <a href=\"https:\/\/policies.google.com\/privacy\" target=\"_blank\" rel=\"noopener\">Privacy Policy<\/a> and\n    <a href=\"https:\/\/policies.google.com\/terms\" target=\"_blank\" rel=\"noopener\">Terms of Service<\/a> apply.\n<img decoding=\"async\" src=\"\/wp-content\/uploads\/icon-6x-match.svg\"\/>\n            Is my donation secure ?\n                Is my donation secure?\n                Absolutely. Our donation platform uses GeoTrust, a digital provider that ensures your sensitive information stays private and secure. \n            Is my donation tax deductible? ?\n                Will I get a tax receipt?\n                Yes, all donations  are tax deductible*. Cuso International is a registered charity in Canada and the United States allowing us to issue official tax receipts for both countries. *Tax receipts for less than $10 are available upon request.\n            Can I modify my monthly donation? ?\n                Can I modify my monthly donation?\n                We understand circumstances change and you may need to adjust your monthly donation. Changes can be made by contacting us directly by phone at 1-888-434-2876 ext. 222 or by email at donorrelations@cusointernational.org\n            Can I make a donation in US currency??\n                Can I make a donation in US currency?\n                Yes, Cuso International is a registered charity in both Canada and the United States, therefore US donations are accepted and are eligible for an official US tax receipt. In order to make a donation in US currency, please use this <a href=\"http:\/\/cuso2.convio.net\/site\/Donation2?df_id=1481&#038;mfc_pref=T&#038;1481.donation=form1\" target=\"_blank\" rel=\"noopener\">link to access the form<\/a>. Our US charitable number is:<br \/> 30-0545486. \n            Can I make a donation in Honour or in Memory??\n                Can I make a donation in honour or In memory?\n                Yes, you can make a donation in memory or in honour of a loved one. We have created a specific page to help you complete this donation. <a href=\"https:\/\/cusointernational.org\/fr\/?page_id=39873\" target=\"_blank\" rel=\"noopener\">Please use this link to access the page<\/a>. \n\t\t\t\t<img loading=\"lazy\" decoding=\"async\" src=\"https:\/\/cusointernational.org\/wp-content\/uploads\/multiplie-7.svg\" alt=\"Red badge that says your gift matched with a maple leaf\" itemprop=\"image\" height=\"114\" width=\"114\" title=\"multiplie-7\" onerror=\"this.style.display='none'\"  \/>\n\t<h1>Aidez plus de femmes et de filles \u00e0 choisir leur destin\u00e9e.<\/h1>\n<h2>\n\t\tSur chaque dollar d\u00e9pens\u00e9, 82 cents vont directement \u00e0 des projets visant \u00e0 r\u00e9duire la pauvret\u00e9 et les in\u00e9galit\u00e9s.\n\t<\/h2>\n\t<p>De plus, votre don sera multipli\u00e9 par sept gr\u00e2ce \u00e0 la g\u00e9n\u00e9rosit\u00e9 de nos bailleurs de fonds. Imaginez l&#8217;impact de vos contributions sur le terrain! Investir dans le partage des comp\u00e9tences n&#8217;aura jamais \u00e9t\u00e9 si payant! L&#8217;an dernier, plus de 1,9 millions de personnes ont profit\u00e9 de nos programmes gr\u00e2ce \u00e0 la g\u00e9n\u00e9rosit\u00e9 de nos donateurs et de nos bailleurs de fonds.<\/p>\n<p><a href=\"https:\/\/cusointernational.org\/fr\/impact\/finances-et-reddition-de-comptes\/\">Consultez notre page<\/a>\u00a0sur la reddition de comptes pour plus d&#8217;information.<\/p>\n\t<!-- Hotjar Tracking Code for https:\/\/cusointernational.org\/ -->\n<style>\n@media screen and (max-width:575px){ \n    html .donation_tooltip:before{\n        position: absolute;\n    content: '>';\n    display: block;\n    height: 20px;\n    left: 0;\n    top: -5px;\n    font-size: 20px;\n    font-weight: 500;\n    color: #008EBA;\n    transform: scale(.5, 1) rotate(0);\n    width: 21px;\n    }\n    html .donation_tooltip.tooltip_accordion_active:before{\n        transform: scale(1, .5) rotate(\n            90deg\n            );\n                top: 4px;\n                left: 3px;\n    }\n    \/* Custom CSS to force side image header to show in mobile *\/\n    html .fl-builder-content .donate_column_right .fl-module-content .fl-rich-text {\n      position: relative;\n    }\n    html .fl-photo-content.fl-photo-img-svg > img {\n      width: 60px;\n    }\n    html .fl-builder-content .donate_column_right .fl-module-content .fl-rich-text p {\n      display: none;\n    }\n}\n<\/style>\n<h3>\n\t\tAutres fa\u00e7ons d&#8217;aider\n\t<\/h3>\n\t\t\t\t<img loading=\"lazy\" decoding=\"async\" src=\"https:\/\/cusointernational.org\/wp-content\/uploads\/icon-donate-stocks.svg\" alt=\"Ticket icon\" itemprop=\"image\" height=\"112\" width=\"112\" title=\"icon-donate-stocks\" onerror=\"this.style.display='none'\"  \/>\n<h4>\n\t\tDon d&#8217;actions\n\t<\/h4>\n\t<p>Contribuer \u00e0 b\u00e2tir un monde plus juste est le meilleur investissement qui soit.<\/p>\n\t\t\t<a href=\"https:\/\/cusointernational.org\/fr\/faire-un-don-dactions-ou-de-titres\/\" target=\"_self\" role=\"button\" rel=\"noopener\">\n\t\t\t\t\t\t\tEN SAVOIR PLUS\n\t\t\t\t\t<\/a>\n\t\t\t\t<img loading=\"lazy\" decoding=\"async\" src=\"https:\/\/cusointernational.org\/wp-content\/uploads\/icon-donate-lecagy.svg\" alt=\"Scroll and heart icon\" itemprop=\"image\" height=\"112\" width=\"112\" title=\"icon-donate-lecagy\" onerror=\"this.style.display='none'\"  \/>\n<h4>\n\t\tFaire un don testamentaire\n\t<\/h4>\n\t<p>Investissez dans un avenir meilleur en planifiant un don \u00e0 long terme \u00e0 Cuso.<\/p>\n\t\t\t<a href=\"https:\/\/cusointernational.org\/fr\/faites-un-don-testamentaire\/\" target=\"_self\" role=\"button\" rel=\"noopener\">\n\t\t\t\t\t\t\tEN SAVOIR PLUS\n\t\t\t\t\t<\/a>\n\t\t\t\t<img loading=\"lazy\" decoding=\"async\" src=\"https:\/\/cusointernational.org\/wp-content\/uploads\/icon-donate-fundraise.svg\" alt=\"Dollar sign icon\" itemprop=\"image\" height=\"112\" width=\"112\" title=\"icon-donate-fundraise\" onerror=\"this.style.display='none'\"  \/>\n<h4>\n\t\tCollecte de FUN!\n\t<\/h4>\n\t<p>Changer le monde, \u00e7a peut \u00eatre amusant! Joignez-vous \u00e0 notre \u00e9quipe de catalyseurs de changement. Mettez votre passion \u00e0 l&#8217;\u0153uvre!<\/p>\n\t\t\t<a href=\"https:\/\/cusointernational.org\/fr\/passez-a-laction\/recueillir-des-fonds-avec-nous\/\" target=\"_self\" role=\"button\" rel=\"noopener\">\n\t\t\t\t\t\t\tEN SAVOIR PLUS\n\t\t\t\t\t<\/a>\n\n","protected":false},"excerpt":{"rendered":"<p>[wplodf_insert_post ids=39876] This site is protected by reCAPTCHA and the Google Privacy Policy and Terms of Service apply. Is my donation secure ? Is my donation secure? Absolutely. Our donation platform uses GeoTrust, a digital provider that ensures your sensitive information stays private and secure. Is my donation tax deductible? ? Will I get a&hellip;<\/p>\n","protected":false},"author":3,"featured_media":43540,"parent":0,"menu_order":0,"comment_status":"closed","ping_status":"closed","template":"","meta":{"_acf_changed":false,"footnotes":""},"tags":[],"class_list":["post-43907","page","type-page","status-publish","has-post-thumbnail","hentry"],"acf":[],"yoast_head":"<!-- This site is optimized with the Yoast SEO plugin v27.4 - https:\/\/yoast.com\/product\/yoast-seo-wordpress\/ -->\n<title>Donate Today: Fight Poverty Worldwide | Cuso International<\/title>\n<meta name=\"description\" content=\"Cuso&#039;s development programs &amp; international volunteers work to advance gender equality &amp; improve economic opportunities for youth.\" \/>\n<meta name=\"robots\" content=\"index, follow, max-snippet:-1, max-image-preview:large, max-video-preview:-1\" \/>\n<link rel=\"canonical\" href=\"https:\/\/cusointernational.org\/fr\/2024dnsg1_fr\/\" \/>\n<meta property=\"og:locale\" content=\"fr_FR\" \/>\n<meta property=\"og:type\" content=\"article\" \/>\n<meta property=\"og:title\" content=\"Donate Today: Fight Poverty Worldwide | Cuso International\" \/>\n<meta property=\"og:description\" content=\"Cuso&#039;s development programs &amp; international volunteers work to advance gender equality &amp; improve economic opportunities for youth.\" \/>\n<meta property=\"og:url\" content=\"https:\/\/cusointernational.org\/fr\/2024dnsg1_fr\/\" \/>\n<meta property=\"og:site_name\" content=\"Cuso International\" \/>\n<meta property=\"article:modified_time\" content=\"2023-06-26T19:08:59+00:00\" \/>\n<meta property=\"og:image\" content=\"https:\/\/cusointernational.org\/wp-content\/uploads\/donate_side_queens.jpg\" \/>\n\t<meta property=\"og:image:width\" content=\"1200\" \/>\n\t<meta property=\"og:image:height\" content=\"1000\" \/>\n\t<meta property=\"og:image:type\" content=\"image\/jpeg\" \/>\n<meta name=\"twitter:card\" content=\"summary_large_image\" \/>\n<meta name=\"twitter:label1\" content=\"Dur\u00e9e de lecture estim\u00e9e\" \/>\n\t<meta name=\"twitter:data1\" content=\"4 minutes\" \/>\n<script type=\"application\/ld+json\" class=\"yoast-schema-graph\">{\"@context\":\"https:\\\/\\\/schema.org\",\"@graph\":[{\"@type\":\"WebPage\",\"@id\":\"https:\\\/\\\/cusointernational.org\\\/fr\\\/2024dnsg1_fr\\\/\",\"url\":\"https:\\\/\\\/cusointernational.org\\\/fr\\\/2024dnsg1_fr\\\/\",\"name\":\"Donate Today: Fight Poverty Worldwide | Cuso International\",\"isPartOf\":{\"@id\":\"https:\\\/\\\/cusointernational.org\\\/fr\\\/#website\"},\"primaryImageOfPage\":{\"@id\":\"https:\\\/\\\/cusointernational.org\\\/fr\\\/2024dnsg1_fr\\\/#primaryimage\"},\"image\":{\"@id\":\"https:\\\/\\\/cusointernational.org\\\/fr\\\/2024dnsg1_fr\\\/#primaryimage\"},\"thumbnailUrl\":\"https:\\\/\\\/cusointernational.org\\\/wp-content\\\/uploads\\\/donate_side_queens.jpg\",\"datePublished\":\"2023-06-02T17:23:19+00:00\",\"dateModified\":\"2023-06-26T19:08:59+00:00\",\"description\":\"Cuso's development programs & international volunteers work to advance gender equality & improve economic opportunities for youth.\",\"breadcrumb\":{\"@id\":\"https:\\\/\\\/cusointernational.org\\\/fr\\\/2024dnsg1_fr\\\/#breadcrumb\"},\"inLanguage\":\"fr-FR\",\"potentialAction\":[{\"@type\":\"ReadAction\",\"target\":[\"https:\\\/\\\/cusointernational.org\\\/fr\\\/2024dnsg1_fr\\\/\"]}]},{\"@type\":\"ImageObject\",\"inLanguage\":\"fr-FR\",\"@id\":\"https:\\\/\\\/cusointernational.org\\\/fr\\\/2024dnsg1_fr\\\/#primaryimage\",\"url\":\"https:\\\/\\\/cusointernational.org\\\/wp-content\\\/uploads\\\/donate_side_queens.jpg\",\"contentUrl\":\"https:\\\/\\\/cusointernational.org\\\/wp-content\\\/uploads\\\/donate_side_queens.jpg\",\"width\":1200,\"height\":1000,\"caption\":\"Queens\"},{\"@type\":\"BreadcrumbList\",\"@id\":\"https:\\\/\\\/cusointernational.org\\\/fr\\\/2024dnsg1_fr\\\/#breadcrumb\",\"itemListElement\":[{\"@type\":\"ListItem\",\"position\":1,\"name\":\"Home\",\"item\":\"https:\\\/\\\/cusointernational.org\\\/fr\\\/\"},{\"@type\":\"ListItem\",\"position\":2,\"name\":\"2024DNSG1\"}]},{\"@type\":\"WebSite\",\"@id\":\"https:\\\/\\\/cusointernational.org\\\/fr\\\/#website\",\"url\":\"https:\\\/\\\/cusointernational.org\\\/fr\\\/\",\"name\":\"Cuso International\",\"description\":\"Connecting communities around the world with skilled Canadians to help end poverty\",\"potentialAction\":[{\"@type\":\"SearchAction\",\"target\":{\"@type\":\"EntryPoint\",\"urlTemplate\":\"https:\\\/\\\/cusointernational.org\\\/fr\\\/?s={search_term_string}\"},\"query-input\":{\"@type\":\"PropertyValueSpecification\",\"valueRequired\":true,\"valueName\":\"search_term_string\"}}],\"inLanguage\":\"fr-FR\"}]}<\/script>\n<!-- \/ Yoast SEO plugin. -->","yoast_head_json":{"title":"Donate Today: Fight Poverty Worldwide | Cuso International","description":"Cuso's development programs & international volunteers work to advance gender equality & improve economic opportunities for youth.","robots":{"index":"index","follow":"follow","max-snippet":"max-snippet:-1","max-image-preview":"max-image-preview:large","max-video-preview":"max-video-preview:-1"},"canonical":"https:\/\/cusointernational.org\/fr\/2024dnsg1_fr\/","og_locale":"fr_FR","og_type":"article","og_title":"Donate Today: Fight Poverty Worldwide | Cuso International","og_description":"Cuso's development programs & international volunteers work to advance gender equality & improve economic opportunities for youth.","og_url":"https:\/\/cusointernational.org\/fr\/2024dnsg1_fr\/","og_site_name":"Cuso International","article_modified_time":"2023-06-26T19:08:59+00:00","og_image":[{"width":1200,"height":1000,"url":"https:\/\/cusointernational.org\/wp-content\/uploads\/donate_side_queens.jpg","type":"image\/jpeg"}],"twitter_card":"summary_large_image","twitter_misc":{"Dur\u00e9e de lecture estim\u00e9e":"4 minutes"},"schema":{"@context":"https:\/\/schema.org","@graph":[{"@type":"WebPage","@id":"https:\/\/cusointernational.org\/fr\/2024dnsg1_fr\/","url":"https:\/\/cusointernational.org\/fr\/2024dnsg1_fr\/","name":"Donate Today: Fight Poverty Worldwide | Cuso International","isPartOf":{"@id":"https:\/\/cusointernational.org\/fr\/#website"},"primaryImageOfPage":{"@id":"https:\/\/cusointernational.org\/fr\/2024dnsg1_fr\/#primaryimage"},"image":{"@id":"https:\/\/cusointernational.org\/fr\/2024dnsg1_fr\/#primaryimage"},"thumbnailUrl":"https:\/\/cusointernational.org\/wp-content\/uploads\/donate_side_queens.jpg","datePublished":"2023-06-02T17:23:19+00:00","dateModified":"2023-06-26T19:08:59+00:00","description":"Cuso's development programs & international volunteers work to advance gender equality & improve economic opportunities for youth.","breadcrumb":{"@id":"https:\/\/cusointernational.org\/fr\/2024dnsg1_fr\/#breadcrumb"},"inLanguage":"fr-FR","potentialAction":[{"@type":"ReadAction","target":["https:\/\/cusointernational.org\/fr\/2024dnsg1_fr\/"]}]},{"@type":"ImageObject","inLanguage":"fr-FR","@id":"https:\/\/cusointernational.org\/fr\/2024dnsg1_fr\/#primaryimage","url":"https:\/\/cusointernational.org\/wp-content\/uploads\/donate_side_queens.jpg","contentUrl":"https:\/\/cusointernational.org\/wp-content\/uploads\/donate_side_queens.jpg","width":1200,"height":1000,"caption":"Queens"},{"@type":"BreadcrumbList","@id":"https:\/\/cusointernational.org\/fr\/2024dnsg1_fr\/#breadcrumb","itemListElement":[{"@type":"ListItem","position":1,"name":"Home","item":"https:\/\/cusointernational.org\/fr\/"},{"@type":"ListItem","position":2,"name":"2024DNSG1"}]},{"@type":"WebSite","@id":"https:\/\/cusointernational.org\/fr\/#website","url":"https:\/\/cusointernational.org\/fr\/","name":"Cuso International","description":"Connecting communities around the world with skilled Canadians to help end poverty","potentialAction":[{"@type":"SearchAction","target":{"@type":"EntryPoint","urlTemplate":"https:\/\/cusointernational.org\/fr\/?s={search_term_string}"},"query-input":{"@type":"PropertyValueSpecification","valueRequired":true,"valueName":"search_term_string"}}],"inLanguage":"fr-FR"}]}},"_links":{"self":[{"href":"https:\/\/cusointernational.org\/fr\/wp-json\/wp\/v2\/pages\/43907","targetHints":{"allow":["GET"]}}],"collection":[{"href":"https:\/\/cusointernational.org\/fr\/wp-json\/wp\/v2\/pages"}],"about":[{"href":"https:\/\/cusointernational.org\/fr\/wp-json\/wp\/v2\/types\/page"}],"author":[{"embeddable":true,"href":"https:\/\/cusointernational.org\/fr\/wp-json\/wp\/v2\/users\/3"}],"replies":[{"embeddable":true,"href":"https:\/\/cusointernational.org\/fr\/wp-json\/wp\/v2\/comments?post=43907"}],"version-history":[{"count":0,"href":"https:\/\/cusointernational.org\/fr\/wp-json\/wp\/v2\/pages\/43907\/revisions"}],"wp:featuredmedia":[{"embeddable":true,"href":"https:\/\/cusointernational.org\/fr\/wp-json\/wp\/v2\/media\/43540"}],"wp:attachment":[{"href":"https:\/\/cusointernational.org\/fr\/wp-json\/wp\/v2\/media?parent=43907"}],"wp:term":[{"taxonomy":"post_tag","embeddable":true,"href":"https:\/\/cusointernational.org\/fr\/wp-json\/wp\/v2\/tags?post=43907"}],"curies":[{"name":"wp","href":"https:\/\/api.w.org\/{rel}","templated":true}]}}