{"id":43121,"date":"2022-12-21T15:14:27","date_gmt":"2022-12-21T20:14:27","guid":{"rendered":"https:\/\/cusointernational.org\/plan-strategique-2023\/"},"modified":"2024-03-13T12:02:26","modified_gmt":"2024-03-13T16:02:26","slug":"plan-strategique-2023","status":"publish","type":"page","link":"https:\/\/cusointernational.org\/fr\/plan-strategique-2023\/","title":{"rendered":"Plan Strat\u00e9gique 2023"},"content":{"rendered":"\n\n\t<p>&nbsp;<\/p>\n<p>&nbsp;<\/p>\n<p>&nbsp;<\/p>\n<p><strong>Plan Strat\u00e9gique 2023-2027<\/strong><\/p>\n<h1>\n\t\tSavoir-Faire \u00e0 Partager. Avenir \u00e0 B\u00e2tir.\n\t<\/h1>\n\t<p>Le plan strat\u00e9gique 2023-2027 de Cuso International est notre engagement renouvel\u00e9 \u00e0 tirer parti d&#8217;un h\u00e9ritage d&#8217;impact en mati\u00e8re de coop\u00e9ration internationale qui s&#8217;\u00e9tend sur six d\u00e9cennies. C&#8217;est un appel retentissant de toutes les parties de cette organisation pour s&#8217;attaquer aux causes profondes de l&#8217;in\u00e9galit\u00e9 et am\u00e9liorer les conditions \u00e9conomiques et sociales des plus marginalis\u00e9s.<\/p>\n\t\t\t<a href=\"https:\/\/cusointernational.org\/wp-content\/uploads\/Cuso-International-Strategic-Plan-2023-2027-FR-Web.pdf\" target=\"_blank\" rel=\"noopener\">\n\t\t\t\t\t\tT\u00c9L\u00c9CHARGER LE PLAN\n\t\t\t\t\t<\/a>\n<h2>\n\t\tPriorit\u00e9s strat\u00e9giques\n\t<\/h2>\n\t<p>Pour atteindre cet objectif primordial, nous nous concentrerons sur trois priorit\u00e9s strat\u00e9giques. Au cours des cinq prochaines ann\u00e9es, nous nous appuierons sur notre exp\u00e9rience pour :<\/p>\n<ul>\n<li>Accro\u00eetre l&#8217;\u00e9galit\u00e9 des genres et l&#8217;inclusion sociale<\/li>\n<li>Mettre de l&#8217;avant<br \/>\ndes solutions durables afin d&#8217;am\u00e9liorer la r\u00e9silience \u00e9conomique<\/li>\n<li>Promouvoir l&#8217;action climatique<\/li>\n<\/ul>\n<p>En utilisant notre capacit\u00e9 institutionnelle et notre r\u00e9seau de b\u00e9n\u00e9voles, d&#8217;anciens \u00e9l\u00e8ves et de sympathisants, nous renforcerons les soci\u00e9t\u00e9s civiles dans les pays o\u00f9 nous travaillons afin qu&#8217;elles puissent obtenir de meilleurs r\u00e9sultats.<\/p>\n<h3>\n\t\tPriorit\u00e9 1: Accro\u00eetre l&#8217;\u00e9galit\u00e9 des genres et l&#8217;inclusion sociale\n\t<\/h3>\n<p>Non seulement l&#8217;\u00e9galit\u00e9 des sexes et l&#8217;inclusion sociale sont des questions de droits humains, mais elles sont \u00e9galement essentielles pour vaincre la pauvret\u00e9 et ses effets. Nous luttons activement contre les in\u00e9galit\u00e9s, l&#8217;injustice etmarginalisation dans la poursuite de l&#8217;\u00e9galit\u00e9. Il s&#8217;agit \u00e9galement de non-discrimination, non seulement pour les femmes et les filles, mais aussi pour d&#8217;autres groupes marginalis\u00e9s tels que les LGBTQI+ et les personnes handicap\u00e9es, les migrants et les r\u00e9fugi\u00e9s.<\/p>\n<p>Nos approches de programmation favoriseront l&#8217;\u00e9galit\u00e9 des sexes et un d\u00e9veloppement plus complet, en donnant la priorit\u00e9 aux approches transformatrices en mati\u00e8re de genre dans la mesure du possible.<\/p>\n\t\t\t<a href=\"https:\/\/cusointernational.org\/fr\/egalite-des-genres-et-inclusion-sociale\/\" target=\"_blank\" rel=\"noopener\">\n\t\t\t\t\t\tLIRE LA SUITE\n\t\t\t\t\t<\/a>\n<h3>\n\t\tPriorit\u00e9 2: Mettre de l&#8217;avant des solutions durables afin d&#8217;am\u00e9liorer la r\u00e9silience \u00e9conomique\n\t<\/h3>\n<p>Au c\u0153ur de notre travail se trouve notre engagement \u00e0 engager et \u00e0 entretenir des partenariats qui aident les personnes et les communaut\u00e9s marginalis\u00e9es \u00e0 surmonter la pauvret\u00e9 et les in\u00e9galit\u00e9s en permettant l&#8217;acc\u00e8s \u00e0 un emploi \u00e9quitable et d\u00e9cent et en am\u00e9liorant les emplois existants. Notre objectif est de voir une meilleure int\u00e9gration socio-\u00e9conomique et une r\u00e9duction significative de la pauvret\u00e9 et des in\u00e9galit\u00e9s dans les communaut\u00e9s que nous servons, garantissant un mode de vie digne pour tous.<\/p>\n\t\t\t<a href=\"https:\/\/cusointernational.org\/fr\/ameliorer-la-resilience-economique\/\" target=\"_blank\" rel=\"noopener\">\n\t\t\t\t\t\tLIRE LA SUITE\n\t\t\t\t\t<\/a>\n<h3>\n\t\tPriorit\u00e9 3: Promouvoir l&#8217;action climatique\n\t<\/h3>\n<p>Le changement climatique est le d\u00e9fi d\u00e9terminant de l&#8217;humanit\u00e9 du 21e si\u00e8cle, avec ses impacts n\u00e9gatifs qui affectent de mani\u00e8re disproportionn\u00e9e les communaut\u00e9s marginalis\u00e9es \u00e0 travers le monde. Fort de notre exp\u00e9rience, nous allons promouvoir, d\u00e9fendre, innover et nous associer pour une action climatique inclusive et efficace. Nous soutiendrons la r\u00e9silience des moyens de subsistance et l&#8217;adaptation par et pour les communaut\u00e9s marginalis\u00e9es affect\u00e9es par le changement climatique. Nous nous engagerons \u00e9galement dans des partenariats strat\u00e9giques pour promouvoir les connaissances, l&#8217;expertise et l&#8217;influence dans l&#8217;\u00e9laboration de r\u00e9ponses au changement climatique.<\/p>\n\t\t\t<a href=\"https:\/\/cusointernational.org\/fr\/miser-sur-les-cooperants-volontaires\/\" target=\"_blank\" rel=\"noopener\">\n\t\t\t\t\t\tLIRE LA SUITE\n\t\t\t\t\t<\/a>\n<h3>\n\t\tLes comp\u00e9tences qui nous distinguent\n\t<\/h3>\n\t<p>Notre approche et nos fa\u00e7ons de travailler, qui constituent la valeur ajout\u00e9e de notre organisation, s&#8217;incarnent dans quatre savoir-faire qui nous distinguent.<\/p>\n<p><strong>La collaboration avec nos partenaires<\/strong><\/p>\n<p><strong>Le partage de connaissances<\/strong><\/p>\n<p><strong>L&#8217;\u00e9ducation et la sensibilisation du public<\/strong><\/p>\n<p><strong>Le plaidoyer et le leadership d&#8217;influence<\/strong><\/p>\n\t\t\t<a href=\"https:\/\/cusointernational.org\/our-core-competencies\/\" target=\"_blank\" rel=\"noopener\">\n\t\t\t\t\t\tEN SAVOIR PLUS\n\t\t\t\t\t<\/a>\n\t\t\t\t<img loading=\"lazy\" decoding=\"async\" src=\"https:\/\/cusointernational.org\/wp-content\/uploads\/Grace-Divine-Menelet-Ingabire-1.jpg\" alt=\"Grace Divine Menelet-Ingabire (1)\" itemprop=\"image\" height=\"933\" width=\"700\" title=\"Grace Divine Menelet-Ingabire (1)\" onerror=\"this.style.display='none'\"  \/>\n\n<h3>\n\t\tLA COOP\u00c9RATION VOLONTAIRE FAIT PARTIE DE NOTRE ADN\n\t<\/h3>\n<p>Notre approche du volontariat a \u00e9volu\u00e9 au fil du temps et partage des objectifs qui se recoupent avec notre travail d&#8217;assistance technique et de renforcement des capacit\u00e9s. Tous ces \u00e9l\u00e9ments refl\u00e8tent les concepts de partage et d&#8217;\u00e9change dans les deux sens. Au cours des 60 derni\u00e8res ann\u00e9es, plus de 14 000 personnes ont fait du b\u00e9n\u00e9volat aupr\u00e8s de Cuso International dans plus de 100 pays.<\/p>\n\t\t\t<a href=\"https:\/\/cusointernational.org\/fr\/passez-a-laction\/volontaire\/cooperation-volontaire\/\" target=\"_blank\" rel=\"noopener\">\n\t\t\t\t\t\tDEVENIR VOLONTAIRE\n\t\t\t\t\t<\/a>\n<h2>\n\t\tChangements organisationnels\n\t<\/h2>\n\t<p>Chaque partie de Cuso International joue un r\u00f4le cl\u00e9 dans la r\u00e9alisation de notre vision. Au cours des cinq prochaines ann\u00e9es, nous renforcerons notre organisation pour incarner v\u00e9ritablement &#8220;One Cuso&#8221; &#8211; une organisation mondiale o\u00f9 les personnes, les partenaires et les op\u00e9rations enracin\u00e9s dans diff\u00e9rents endroits travaillent vers nos objectifs strat\u00e9giques et qui, refl\u00e8tent leurs propres r\u00e9alit\u00e9s uniques, et travaillent efficacement ensemble. Nous renforcerons notre prise de d\u00e9cision \u00e0 l&#8217;\u00e9chelle de l&#8217;organisation, fournirons un meilleur soutien \u00e0 tous nos bureaux et organisations partenaires, et nous nous efforcerons activement d&#8217;assurer la diversit\u00e9 et l&#8217;inclusion dans chaque partie de notre organisation. On le fera:<\/p>\n\t\t\t\t<img loading=\"lazy\" decoding=\"async\" src=\"https:\/\/cusointernational.org\/wp-content\/uploads\/icon-focus-gender-equality.svg\" alt=\"Female icon\" itemprop=\"image\" height=\"112\" width=\"112\" title=\"icon-focus-gender-equality\" onerror=\"this.style.display='none'\"  \/>\n<h4>\n\t\tInclusion de champions\n\t<\/h4>\n\t<p>Cuso International reconna\u00eet le r\u00f4le des h\u00e9ritages coloniaux historiques dans la cr\u00e9ation et la perp\u00e9tuation des in\u00e9galit\u00e9s et des injustices mondiales que nous constatons aujourd&#8217;hui. Nous veillerons \u00e0 ce que tous les aspects de notre travail partagent mieux le pouvoir et augmentent les voix repr\u00e9sentatives et le leadership. Alors que nous poursuivons un nouvel \u00e9quilibre Sud-Nord, nous d\u00e9finirons le succ\u00e8s en fonctionsur le contexte local. Nous sommes d\u00e9di\u00e9s \u00e0 un parcours de croissance en tant qu&#8217;organisation inclusive, f\u00e9ministe et antiraciste. Il s&#8217;agit d&#8217;un engagement \u00e0 long terme qui n\u00e9cessite une \u00e9volution constante de nos processus, structures et politiques de gestion, ainsi que des termes et du langage que nous utilisons. Cela exige \u00e9galement de la transparence dans la fa\u00e7on dont nous mesurons notre performance en collaboration avec nos partenaires, les communaut\u00e9s o\u00f9 nous travaillons et les personnes avec lesquelles nous travaillons.<\/p>\n\t\t\t<a href=\"https:\/\/cusointernational.org\/organizational-shifts\/\" target=\"_self\" rel=\"noopener\">\n\t\t\t\t\t\tEN SAVOIR PLUS\n\t\t\t\t\t<\/a>\n\t\t\t\t<img loading=\"lazy\" decoding=\"async\" src=\"https:\/\/cusointernational.org\/wp-content\/uploads\/icon-focus-economic-opportunity.svg\" alt=\"Money icon\" itemprop=\"image\" height=\"112\" width=\"112\" title=\"icon-focus-economic-opportunity\" onerror=\"this.style.display='none'\"  \/>\n<h4>\n\t\tRenforcer notre capacit\u00e9 et nos connaissances pour effectuer le changement\n\t<\/h4>\n\t<p>Le monde autour de Cuso International \u00e9volue rapidement. Afin de continuer \u00e0 \u00eatre pertinents et \u00e0 soutenir nos partenaires et les communaut\u00e9s que nous servons, nous investirons des ressources dans le renforcement de l&#8217;expertise organisationnelle dans nos domaines prioritaires strat\u00e9giques. Nous poursuivrons nos efforts pour favoriser une culture d&#8217;apprentissage structur\u00e9e autour du partage d&#8217;informations internes ainsicomme une r\u00e9flexion \u00ab de l&#8217;ext\u00e9rieur vers l&#8217;int\u00e9rieur \u00bb \u00e0 l&#8217;appui de l&#8217;apprentissage pour les \u00e9quipes, les partenaires et les b\u00e9n\u00e9voles.<\/p>\n\t\t\t<a href=\"https:\/\/cusointernational.org\/organizational-shifts\/\" target=\"_self\" rel=\"noopener\">\n\t\t\t\t\t\tEN SAVOIR PLUS\n\t\t\t\t\t<\/a>\n\t\t\t\t<img loading=\"lazy\" decoding=\"async\" src=\"https:\/\/cusointernational.org\/wp-content\/uploads\/icon-focus-volunteerism.svg\" alt=\"Hand icon\" itemprop=\"image\" height=\"112\" width=\"112\" title=\"icon-focus-volunteerism\" onerror=\"this.style.display='none'\"  \/>\n<h4>\n\t\tAugmenter notre r\u00e9silience organisationnelle\n\t<\/h4>\n\t<p>Notre fonctionnement interne doit \u00eatre \u00e0 la hauteur de nos ambitions. Pour atteindre nos objectifs organisationnels au cours des cinq prochaines ann\u00e9es, Cuso International s&#8217;efforcera de renforcer les domaines suivants :<\/p>\n<ul>\n<li>Mesure du rendement fond\u00e9e sur des donn\u00e9es probantes<\/li>\n<li>Processus et technologie<\/li>\n<li>Culture du lieu de travail<\/li>\n<li>Des mod\u00e8les de financement innovants<\/li>\n<li>Bonnes pratiques du secteur<\/li>\n<li>Innovation et partenariats<\/li>\n<\/ul>\n\t\t\t<a href=\"https:\/\/cusointernational.org\/organizational-shifts\/\" target=\"_self\" rel=\"noopener\">\n\t\t\t\t\t\tEN SAVOIR PLUS\n\t\t\t\t\t<\/a>\n<h2>\n\t\tCe en quoi nous croyons\n\t<\/h2>\n<p><strong>DROITS HUMAINS<\/strong><\/p>\n<p>Nous d\u00e9fendons les droits de tous et d\u00e9fendons les principes de la D\u00e9claration universelle des droits de l&#8217;homme.<\/p>\n<p>&nbsp;<\/p>\n<p><strong> \u00c9GALIT\u00c9<\/strong><\/p>\n<p>Nous pensons que chaque individu m\u00e9rite une chance \u00e9gale de tirer le meilleur parti de sa vie et de ses talents.<\/p>\n<p>&nbsp;<\/p>\n<p><strong>\u00c9QUIT\u00c9<\/strong><\/p>\n<p>Nous reconnaissons que chaque personne a des circonstances diff\u00e9rentes. Poursuivre l&#8217;\u00e9quit\u00e9 signifie viser l&#8217;\u00e9galit\u00e9 des r\u00e9sultats et allouer les ressources n\u00e9cessaires pour atteindre cet objectif.<\/p>\n<p>&nbsp;<\/p>\n<p><strong>DIVERSIT\u00c9 ET INCLUSION<\/strong><\/p>\n<p>Nous respectons et appr\u00e9cions ce qui nous rend chacun unique et diff\u00e9rent. Nous croyons en l&#8217;\u00e9galit\u00e9 d&#8217;acc\u00e8s aux opportunit\u00e9s et aux ressources pour les personnes qui pourraient autrement \u00eatre exclues ou marginalis\u00e9es.<\/p>\n<p><strong>ACTION LOCALE ET GLOBALE<\/strong><\/p>\n<p>Nos engagements mondiaux sont fond\u00e9s sur des racines et un leadership locaux.<\/p>\n<p>&nbsp;<\/p>\n<p><strong>PRINCIPES F\u00c9MINISTES<\/strong><\/p>\n<p>Nous pla\u00e7ons la justice de genre au centre de notre travail et reconnaissons comment divers syst\u00e8mes de pouvoir, de hi\u00e9rarchie, de privil\u00e8ge et de vuln\u00e9rabilit\u00e9 interagissent dans les contextes sociaux.<\/p>\n<p>&nbsp;<\/p>\n<p><strong>LE POUVOIR DE LA SOCI\u00c9T\u00c9 CIVILE<\/strong><\/p>\n<p>Nous pensons qu&#8217;une soci\u00e9t\u00e9 civile dynamique est la pierre angulaire de civilisations saines, prosp\u00e8res, justes et durables. La soci\u00e9t\u00e9 civile est l&#8217;espace o\u00f9 les gens travaillent pour cr\u00e9er le changement et construire de meilleures soci\u00e9t\u00e9s.<\/p>\n<h3>\n\t\tNotre histoire\n\t<\/h3>\n<p>Nous avons commenc\u00e9 notre voyage en tant que Service universitaire canadien outre-mer (CUSO). Cr\u00e9\u00e9e en juin 1961 \u00e0 l&#8217;initiative de l&#8217;Association des universit\u00e9s et coll\u00e8ges du Canada (AUCC), aujourd&#8217;hui connue sous le nom d&#8217;Universit\u00e9s Canada, nos fondateurs croyaient en la possibilit\u00e9 d&#8217;un monde plus connect\u00e9 &#8211; un monde o\u00f9 les contraintes sociales dans lesquelles les gens naissent ne dicteraient pas l&#8217;int\u00e9gralit\u00e9 de leur vie.<\/p>\n<p>Avec le soutien de l&#8217;AUCC, un r\u00e9seau de comit\u00e9s locaux a \u00e9t\u00e9 cr\u00e9\u00e9 pour entreprendre le recrutement de nouveaux dipl\u00f4m\u00e9s int\u00e9ress\u00e9s \u00e0 partager leurs connaissances et leurs comp\u00e9tences pour aider les autres dans le nombre croissant d&#8217;\u00c9tats nouvellement ind\u00e9pendants.<\/p>\n<p>Les premiers volontaires, dont le nombre a rapidement augment\u00e9, ont pris tr\u00e8s au s\u00e9rieux leur r\u00f4le d&#8217;agents de changement positif. Ils ont aid\u00e9 \u00e0 combler les lacunes critiques en mati\u00e8re de personnel et de capacit\u00e9s dans les pays en d\u00e9veloppement, travaillant comme enseignants, infirmiers et agriculteurs. Pendant de nombreuses ann\u00e9es, les volontaires du Service universitaire canadien outre-mer (appel\u00e9s par la suite volontaires de CUSO) ont re\u00e7u un logement et un salaire local de leurs employeurs, principalement des gouvernements; ils ont ainsi servi dans les m\u00eames conditions que leurs homologues nationaux, devenant ainsi des citoyens du monde.<\/p>\n\t\t\t<a href=\"https:\/\/cusointernational.org\/fr\/a-propos\/#notre-histoire\" target=\"_blank\" rel=\"noopener\">\n\t\t\t\t\t\tEN SAVOIR PLUS\n\t\t\t\t\t<\/a>\n<h2>\n\t\tInvestir dans la prosp\u00e9rit\u00e9 mondiale\n\t<\/h2>\n<h5>\n\t\t<p>Vous aidez des gens \u00e0 acqu\u00e9rir des comp\u00e9tences et \u00e0 lutter contre la pauvret\u00e9 et les in\u00e9galit\u00e9s. Vous annoncez un avenir meilleur!<\/p>\n\t<\/h5>\n\t\t\t<a href=\"https:\/\/cusointernational.orghttps:\/\/cusointernational.donorsupport.co\/page\/Give\" target=\"_self\" rel=\"noopener\">\n\t\t\t\t\t\tFAIRE UN DON\n\t\t\t\t\t<\/a>\n\t\t\t<a href=\"https:\/\/cusointernational.org\/wp-content\/uploads\/Cuso-International-Strategic-Plan-2023-2027-EN-External-1.pdf\" target=\"_blank\" rel=\"noopener\">\n\t\t\t\t\t\tDownload Plan in ENGLISH\n\t\t\t\t\t<\/a>\n\t\t\t<a href=\"https:\/\/cusointernational.org\/wp-content\/uploads\/Cuso-International-Strategic-Plan-2023-2027-SP-Web.pdf\" target=\"_blank\" rel=\"noopener\">\n\t\t\t\t\t\tDownload Plan in SPANISH\n\t\t\t\t\t<\/a>\n\n","protected":false},"excerpt":{"rendered":"<p>&nbsp; &nbsp; &nbsp; Plan Strat\u00e9gique 2023-2027 Savoir-Faire \u00e0 Partager. Avenir \u00e0 B\u00e2tir. Le plan strat\u00e9gique 2023-2027 de Cuso International est notre engagement renouvel\u00e9 \u00e0 tirer parti d&#8217;un h\u00e9ritage d&#8217;impact en mati\u00e8re de coop\u00e9ration internationale qui s&#8217;\u00e9tend sur six d\u00e9cennies. C&#8217;est un appel retentissant de toutes les parties de cette organisation pour s&#8217;attaquer aux causes profondes&hellip;<\/p>\n","protected":false},"author":3,"featured_media":42827,"parent":0,"menu_order":0,"comment_status":"closed","ping_status":"closed","template":"","meta":{"_acf_changed":false,"footnotes":""},"tags":[],"class_list":["post-43121","page","type-page","status-publish","has-post-thumbnail","hentry"],"acf":[],"yoast_head":"<!-- This site is optimized with the Yoast SEO plugin v27.3 - https:\/\/yoast.com\/product\/yoast-seo-wordpress\/ -->\n<title>Notre travail en un coup d\u2019\u0153il | Cuso International<\/title>\n<meta name=\"description\" content=\"La g\u00e9n\u00e9rosit\u00e9 et la loyaut\u00e9 de nos bailleurs de fonds et de nos donateurs et donatrices du Canada et d&#039;ailleurs dans le monde soutiennent notre mission et nous permettent d\u2019obtenir des r\u00e9sultats concrets sur le terrain.\" \/>\n<meta name=\"robots\" content=\"index, follow, max-snippet:-1, max-image-preview:large, max-video-preview:-1\" \/>\n<link rel=\"canonical\" href=\"https:\/\/cusointernational.org\/fr\/plan-strategique-2023\/\" \/>\n<meta property=\"og:locale\" content=\"fr_FR\" \/>\n<meta property=\"og:type\" content=\"article\" \/>\n<meta property=\"og:title\" content=\"Notre travail en un coup d\u2019\u0153il | Cuso International\" \/>\n<meta property=\"og:description\" content=\"La g\u00e9n\u00e9rosit\u00e9 et la loyaut\u00e9 de nos bailleurs de fonds et de nos donateurs et donatrices du Canada et d&#039;ailleurs dans le monde soutiennent notre mission et nous permettent d\u2019obtenir des r\u00e9sultats concrets sur le terrain.\" \/>\n<meta property=\"og:url\" content=\"https:\/\/cusointernational.org\/fr\/plan-strategique-2023\/\" \/>\n<meta property=\"og:site_name\" content=\"Cuso International\" \/>\n<meta property=\"article:modified_time\" content=\"2024-03-13T16:02:26+00:00\" \/>\n<meta property=\"og:image\" content=\"https:\/\/cusointernational.org\/wp-content\/uploads\/Awae__394.jpg\" \/>\n\t<meta property=\"og:image:width\" content=\"1600\" \/>\n\t<meta property=\"og:image:height\" content=\"1068\" \/>\n\t<meta property=\"og:image:type\" content=\"image\/jpeg\" \/>\n<meta name=\"twitter:card\" content=\"summary_large_image\" \/>\n<meta name=\"twitter:label1\" content=\"Dur\u00e9e de lecture estim\u00e9e\" \/>\n\t<meta name=\"twitter:data1\" content=\"7 minutes\" \/>\n<script type=\"application\/ld+json\" class=\"yoast-schema-graph\">{\"@context\":\"https:\\\/\\\/schema.org\",\"@graph\":[{\"@type\":\"WebPage\",\"@id\":\"https:\\\/\\\/cusointernational.org\\\/fr\\\/plan-strategique-2023\\\/\",\"url\":\"https:\\\/\\\/cusointernational.org\\\/fr\\\/plan-strategique-2023\\\/\",\"name\":\"Notre travail en un coup d\u2019\u0153il | Cuso International\",\"isPartOf\":{\"@id\":\"https:\\\/\\\/cusointernational.org\\\/fr\\\/#website\"},\"primaryImageOfPage\":{\"@id\":\"https:\\\/\\\/cusointernational.org\\\/fr\\\/plan-strategique-2023\\\/#primaryimage\"},\"image\":{\"@id\":\"https:\\\/\\\/cusointernational.org\\\/fr\\\/plan-strategique-2023\\\/#primaryimage\"},\"thumbnailUrl\":\"https:\\\/\\\/cusointernational.org\\\/wp-content\\\/uploads\\\/Awae__394.jpg\",\"datePublished\":\"2022-12-21T20:14:27+00:00\",\"dateModified\":\"2024-03-13T16:02:26+00:00\",\"description\":\"La g\u00e9n\u00e9rosit\u00e9 et la loyaut\u00e9 de nos bailleurs de fonds et de nos donateurs et donatrices du Canada et d'ailleurs dans le monde soutiennent notre mission et nous permettent d\u2019obtenir des r\u00e9sultats concrets sur le terrain.\",\"breadcrumb\":{\"@id\":\"https:\\\/\\\/cusointernational.org\\\/fr\\\/plan-strategique-2023\\\/#breadcrumb\"},\"inLanguage\":\"fr-FR\",\"potentialAction\":[{\"@type\":\"ReadAction\",\"target\":[\"https:\\\/\\\/cusointernational.org\\\/fr\\\/plan-strategique-2023\\\/\"]}]},{\"@type\":\"ImageObject\",\"inLanguage\":\"fr-FR\",\"@id\":\"https:\\\/\\\/cusointernational.org\\\/fr\\\/plan-strategique-2023\\\/#primaryimage\",\"url\":\"https:\\\/\\\/cusointernational.org\\\/wp-content\\\/uploads\\\/Awae__394.jpg\",\"contentUrl\":\"https:\\\/\\\/cusointernational.org\\\/wp-content\\\/uploads\\\/Awae__394.jpg\",\"width\":1600,\"height\":1068,\"caption\":\"CUSO, Cameroon, Awae, 2018\"},{\"@type\":\"BreadcrumbList\",\"@id\":\"https:\\\/\\\/cusointernational.org\\\/fr\\\/plan-strategique-2023\\\/#breadcrumb\",\"itemListElement\":[{\"@type\":\"ListItem\",\"position\":1,\"name\":\"Home\",\"item\":\"https:\\\/\\\/cusointernational.org\\\/fr\\\/\"},{\"@type\":\"ListItem\",\"position\":2,\"name\":\"Plan Strat\u00e9gique 2023\"}]},{\"@type\":\"WebSite\",\"@id\":\"https:\\\/\\\/cusointernational.org\\\/fr\\\/#website\",\"url\":\"https:\\\/\\\/cusointernational.org\\\/fr\\\/\",\"name\":\"Cuso International\",\"description\":\"Connecting communities around the world with skilled Canadians to help end poverty\",\"potentialAction\":[{\"@type\":\"SearchAction\",\"target\":{\"@type\":\"EntryPoint\",\"urlTemplate\":\"https:\\\/\\\/cusointernational.org\\\/fr\\\/?s={search_term_string}\"},\"query-input\":{\"@type\":\"PropertyValueSpecification\",\"valueRequired\":true,\"valueName\":\"search_term_string\"}}],\"inLanguage\":\"fr-FR\"}]}<\/script>\n<!-- \/ Yoast SEO plugin. -->","yoast_head_json":{"title":"Notre travail en un coup d\u2019\u0153il | Cuso International","description":"La g\u00e9n\u00e9rosit\u00e9 et la loyaut\u00e9 de nos bailleurs de fonds et de nos donateurs et donatrices du Canada et d'ailleurs dans le monde soutiennent notre mission et nous permettent d\u2019obtenir des r\u00e9sultats concrets sur le terrain.","robots":{"index":"index","follow":"follow","max-snippet":"max-snippet:-1","max-image-preview":"max-image-preview:large","max-video-preview":"max-video-preview:-1"},"canonical":"https:\/\/cusointernational.org\/fr\/plan-strategique-2023\/","og_locale":"fr_FR","og_type":"article","og_title":"Notre travail en un coup d\u2019\u0153il | Cuso International","og_description":"La g\u00e9n\u00e9rosit\u00e9 et la loyaut\u00e9 de nos bailleurs de fonds et de nos donateurs et donatrices du Canada et d'ailleurs dans le monde soutiennent notre mission et nous permettent d\u2019obtenir des r\u00e9sultats concrets sur le terrain.","og_url":"https:\/\/cusointernational.org\/fr\/plan-strategique-2023\/","og_site_name":"Cuso International","article_modified_time":"2024-03-13T16:02:26+00:00","og_image":[{"width":1600,"height":1068,"url":"https:\/\/cusointernational.org\/wp-content\/uploads\/Awae__394.jpg","type":"image\/jpeg"}],"twitter_card":"summary_large_image","twitter_misc":{"Dur\u00e9e de lecture estim\u00e9e":"7 minutes"},"schema":{"@context":"https:\/\/schema.org","@graph":[{"@type":"WebPage","@id":"https:\/\/cusointernational.org\/fr\/plan-strategique-2023\/","url":"https:\/\/cusointernational.org\/fr\/plan-strategique-2023\/","name":"Notre travail en un coup d\u2019\u0153il | Cuso International","isPartOf":{"@id":"https:\/\/cusointernational.org\/fr\/#website"},"primaryImageOfPage":{"@id":"https:\/\/cusointernational.org\/fr\/plan-strategique-2023\/#primaryimage"},"image":{"@id":"https:\/\/cusointernational.org\/fr\/plan-strategique-2023\/#primaryimage"},"thumbnailUrl":"https:\/\/cusointernational.org\/wp-content\/uploads\/Awae__394.jpg","datePublished":"2022-12-21T20:14:27+00:00","dateModified":"2024-03-13T16:02:26+00:00","description":"La g\u00e9n\u00e9rosit\u00e9 et la loyaut\u00e9 de nos bailleurs de fonds et de nos donateurs et donatrices du Canada et d'ailleurs dans le monde soutiennent notre mission et nous permettent d\u2019obtenir des r\u00e9sultats concrets sur le terrain.","breadcrumb":{"@id":"https:\/\/cusointernational.org\/fr\/plan-strategique-2023\/#breadcrumb"},"inLanguage":"fr-FR","potentialAction":[{"@type":"ReadAction","target":["https:\/\/cusointernational.org\/fr\/plan-strategique-2023\/"]}]},{"@type":"ImageObject","inLanguage":"fr-FR","@id":"https:\/\/cusointernational.org\/fr\/plan-strategique-2023\/#primaryimage","url":"https:\/\/cusointernational.org\/wp-content\/uploads\/Awae__394.jpg","contentUrl":"https:\/\/cusointernational.org\/wp-content\/uploads\/Awae__394.jpg","width":1600,"height":1068,"caption":"CUSO, Cameroon, Awae, 2018"},{"@type":"BreadcrumbList","@id":"https:\/\/cusointernational.org\/fr\/plan-strategique-2023\/#breadcrumb","itemListElement":[{"@type":"ListItem","position":1,"name":"Home","item":"https:\/\/cusointernational.org\/fr\/"},{"@type":"ListItem","position":2,"name":"Plan Strat\u00e9gique 2023"}]},{"@type":"WebSite","@id":"https:\/\/cusointernational.org\/fr\/#website","url":"https:\/\/cusointernational.org\/fr\/","name":"Cuso International","description":"Connecting communities around the world with skilled Canadians to help end poverty","potentialAction":[{"@type":"SearchAction","target":{"@type":"EntryPoint","urlTemplate":"https:\/\/cusointernational.org\/fr\/?s={search_term_string}"},"query-input":{"@type":"PropertyValueSpecification","valueRequired":true,"valueName":"search_term_string"}}],"inLanguage":"fr-FR"}]}},"_links":{"self":[{"href":"https:\/\/cusointernational.org\/fr\/wp-json\/wp\/v2\/pages\/43121","targetHints":{"allow":["GET"]}}],"collection":[{"href":"https:\/\/cusointernational.org\/fr\/wp-json\/wp\/v2\/pages"}],"about":[{"href":"https:\/\/cusointernational.org\/fr\/wp-json\/wp\/v2\/types\/page"}],"author":[{"embeddable":true,"href":"https:\/\/cusointernational.org\/fr\/wp-json\/wp\/v2\/users\/3"}],"replies":[{"embeddable":true,"href":"https:\/\/cusointernational.org\/fr\/wp-json\/wp\/v2\/comments?post=43121"}],"version-history":[{"count":0,"href":"https:\/\/cusointernational.org\/fr\/wp-json\/wp\/v2\/pages\/43121\/revisions"}],"wp:featuredmedia":[{"embeddable":true,"href":"https:\/\/cusointernational.org\/fr\/wp-json\/wp\/v2\/media\/42827"}],"wp:attachment":[{"href":"https:\/\/cusointernational.org\/fr\/wp-json\/wp\/v2\/media?parent=43121"}],"wp:term":[{"taxonomy":"post_tag","embeddable":true,"href":"https:\/\/cusointernational.org\/fr\/wp-json\/wp\/v2\/tags?post=43121"}],"curies":[{"name":"wp","href":"https:\/\/api.w.org\/{rel}","templated":true}]}}