{"id":42655,"date":"2022-12-09T15:15:18","date_gmt":"2022-12-09T20:15:18","guid":{"rendered":"https:\/\/cusointernational.org\/?page_id=42655"},"modified":"2023-01-16T10:11:29","modified_gmt":"2023-01-16T15:11:29","slug":"rn1e_fr","status":"publish","type":"page","link":"https:\/\/cusointernational.org\/fr\/rn1e_fr\/","title":{"rendered":"Renewal 1 FR"},"content":{"rendered":"\n\n\t[wplodf_insert_post ids=40824]\n\tCe site est prot\u00e9g\u00e9 par reCAPTCHA et la <a href=\"https:\/\/policies.google.com\/privacy\" target=\"_blank\" rel=\"noopener\">politique de confidentialit\u00e9<\/a> et les <a href=\"https:\/\/policies.google.com\/terms\" target=\"_blank\" rel=\"noopener\">conditions d&#8217;utilisation<\/a> de Google s&#8217;appliquent.\nEst-ce s\u00e9curitaire de faire un don en ligne\n?\n\u00a0\nEst-ce s\u00e9curitaire de faire un don en ligne?\nAbsolument! Nous utilisons GeoTrust, un fournisseur num\u00e9rique qui garantit la s\u00e9curit\u00e9 et la confidentialit\u00e9 de vos donn\u00e9es personnelles.\nPourrais-je recevoir un re\u00e7u aux fins d&#8217;imp\u00f4t?\n?\n\u00a0\nPourrais-je recevoir un re\u00e7u aux fins d&#8217;imp\u00f4t?\nOui. Tous les dons sont d\u00e9ductibles d&#8217;imp\u00f4t*. Cuso International est un organisme de bienfaisance enregistr\u00e9 au Canada et aux \u00c9tats-Unis. Nous sommes donc autoris\u00e9s \u00e0 remettre des re\u00e7us officiels dans les deux pays. *Des re\u00e7us fiscaux pour les dons de moins de 10 $ peuvent \u00eatre remis sur demande.\nPuis-je modifier le montant de mes dons mensuels en cours de route?\n?\n\u00a0\nNous sommes parfaitement conscients que les circonstances peuvent vous obliger \u00e0 modifier le montant de vos dons mensuels. Vous n&#8217;avez qu&#8217;\u00e0 communiquer avec Sarah Worthen (1-888-434-2876, poste 227, ou sarah.worthen@cusointernational.org) et le tour sera jou\u00e9!\n\t\t\t\t<img loading=\"lazy\" decoding=\"async\" src=\"https:\/\/cusointernational.org\/wp-content\/uploads\/multiplie-7.svg\" alt=\"Red badge that says your gift matched with a maple leaf\" itemprop=\"image\" height=\"114\" width=\"114\" title=\"multiplie-7\" onerror=\"this.style.display='none'\"  \/>\n<p>Votre g\u00e9n\u00e9reux don permettra \u00e0 encore plus de femmes et de filles d&#8217;acqu\u00e9rir les outils et la confiance en soi n\u00e9cessaires pour devenir autosuffisantes et ind\u00e9pendantes. Vous contribuerez \u00e0 la transmission de savoirs et de savoir-faire afin que les g\u00e9n\u00e9rations futures suivent les traces de leurs m\u00e8res et de leurs grand-m\u00e8res. Renouvelez votre soutien aujourd&#8217;hui.<\/p>\n<h2>\n\t\tSur chaque dollar d\u00e9pens\u00e9, 83 cents vont directement \u00e0 des projets visant \u00e0 r\u00e9duire la pauvret\u00e9 et les in\u00e9galit\u00e9s.\n\t<\/h2>\n\t<p>De plus, votre don sera multipli\u00e9 par sept gr\u00e2ce \u00e0 la g\u00e9n\u00e9rosit\u00e9 de nos bailleurs de fonds. Imaginez l&#8217;impact de vos contributions sur le terrain! Investir dans le partage des comp\u00e9tences n&#8217;aura jamais \u00e9t\u00e9 si payant! L&#8217;an dernier, plus de 1,9 millions de personnes ont profit\u00e9 de nos programmes gr\u00e2ce \u00e0 la g\u00e9n\u00e9rosit\u00e9 de nos donateurs et de nos bailleurs de fonds. <a href=\"https:\/\/cusointernational.org\/fr\/impact\/finances-et-reddition-de-comptes\/\">Consultez notre page<\/a> sur la reddition de comptes pour plus d&#8217;information.<\/p>\n\t<!-- Hotjar Tracking Code for https:\/\/cusointernational.org\/ -->\n<style>\n@media screen and (max-width:575px){ \n    html .donation_tooltip:before{\n        position: absolute;\n    content: '>';\n    display: block;\n    height: 20px;\n    left: 0;\n    top: -5px;\n    font-size: 20px;\n    font-weight: 500;\n    color: #008EBA;\n    transform: scale(.5, 1) rotate(0);\n    width: 21px;\n    }\n    html .donation_tooltip.tooltip_accordion_active:before{\n        transform: scale(1, .5) rotate(\n            90deg\n            );\n                top: 4px;\n                left: 3px;\n    }\n}\n<\/style>\n<h3>\n\t\tAutres fa\u00e7ons d&#8217;aider\n\t<\/h3>\n\t\t\t\t<img loading=\"lazy\" decoding=\"async\" src=\"https:\/\/cusointernational.org\/wp-content\/uploads\/icon-donate-stocks.svg\" alt=\"Ticket icon\" itemprop=\"image\" height=\"112\" width=\"112\" title=\"icon-donate-stocks\" onerror=\"this.style.display='none'\"  \/>\n<h4>\n\t\tDon d&#8217;actions\n\t<\/h4>\n\t<p>Contribuer \u00e0 b\u00e2tir un monde plus juste est le meilleur investissement qui soit.<\/p>\n\t\t\t<a href=\"https:\/\/cusointernational.org\/fr\/faire-un-don-dactions-ou-de-titres\/\" target=\"_self\" role=\"button\" rel=\"noopener\">\n\t\t\t\t\t\t\tEN SAVOIR PLUS\n\t\t\t\t\t<\/a>\n\t\t\t\t<img loading=\"lazy\" decoding=\"async\" src=\"https:\/\/cusointernational.org\/wp-content\/uploads\/icon-donate-lecagy.svg\" alt=\"Scroll and heart icon\" itemprop=\"image\" height=\"112\" width=\"112\" title=\"icon-donate-lecagy\" onerror=\"this.style.display='none'\"  \/>\n<h4>\n\t\tFaire un don testamentaire\n\t<\/h4>\n\t<p>Investissez dans un avenir meilleur en planifiant un don \u00e0 long terme \u00e0 Cuso.<\/p>\n\t\t\t<a href=\"https:\/\/cusointernational.org\/fr\/faites-un-don-testamentaire\/\" target=\"_self\" role=\"button\" rel=\"noopener\">\n\t\t\t\t\t\t\tEN SAVOIR PLUS\n\t\t\t\t\t<\/a>\n\t\t\t\t<img loading=\"lazy\" decoding=\"async\" src=\"https:\/\/cusointernational.org\/wp-content\/uploads\/icon-donate-fundraise.svg\" alt=\"Dollar sign icon\" itemprop=\"image\" height=\"112\" width=\"112\" title=\"icon-donate-fundraise\" onerror=\"this.style.display='none'\"  \/>\n<h4>\n\t\tCollecte de FUN!\n\t<\/h4>\n\t<p>Changer le monde, \u00e7a peut \u00eatre amusant! Joignez-vous \u00e0 notre \u00e9quipe de catalyseurs de changement. Mettez votre passion \u00e0 l&#8217;\u0153uvre!<\/p>\n\t\t\t<a href=\"https:\/\/cusointernational.org\/fr\/passez-a-laction\/recueillir-des-fonds-avec-nous\/\" target=\"_self\" role=\"button\" rel=\"noopener\">\n\t\t\t\t\t\t\tEN SAVOIR PLUS\n\t\t\t\t\t<\/a>\n\n","protected":false},"excerpt":{"rendered":"<p>[wplodf_insert_post ids=40824] Ce site est prot\u00e9g\u00e9 par reCAPTCHA et la politique de confidentialit\u00e9 et les conditions d&#8217;utilisation de Google s&#8217;appliquent. Est-ce s\u00e9curitaire de faire un don en ligne ? \u00a0 Est-ce s\u00e9curitaire de faire un don en ligne? Absolument! Nous utilisons GeoTrust, un fournisseur num\u00e9rique qui garantit la s\u00e9curit\u00e9 et la confidentialit\u00e9 de vos donn\u00e9es&hellip;<\/p>\n","protected":false},"author":3,"featured_media":42884,"parent":0,"menu_order":0,"comment_status":"closed","ping_status":"closed","template":"","meta":{"_acf_changed":false,"footnotes":""},"tags":[],"class_list":["post-42655","page","type-page","status-publish","has-post-thumbnail","hentry"],"acf":[],"yoast_head":"<!-- This site is optimized with the Yoast SEO plugin v27.4 - https:\/\/yoast.com\/product\/yoast-seo-wordpress\/ -->\n<title>Faire un don : combattre la pauvret\u00e9 | Cuso International<\/title>\n<meta name=\"description\" content=\"Cuso&#039;s development programs &amp; international volunteers work to advance gender equality &amp; improve economic opportunities for youth.Les programmes de d\u00e9veloppement et les coop\u00e9rants-volontaires de Cuso visent \u00e0 promouvoir l\u2019\u00e9galit\u00e9 entre les sexes et \u00e0 offrir de nouvelles perspectives \u00e9conomiques aux jeunes de quatre continents.\" \/>\n<meta name=\"robots\" content=\"index, follow, max-snippet:-1, max-image-preview:large, max-video-preview:-1\" \/>\n<link rel=\"canonical\" href=\"https:\/\/cusointernational.org\/fr\/rn1e_fr\/\" \/>\n<meta property=\"og:locale\" content=\"fr_FR\" \/>\n<meta property=\"og:type\" content=\"article\" \/>\n<meta property=\"og:title\" content=\"Faire un don : combattre la pauvret\u00e9 | Cuso International\" \/>\n<meta property=\"og:description\" content=\"Cuso&#039;s development programs &amp; international volunteers work to advance gender equality &amp; improve economic opportunities for youth.Les programmes de d\u00e9veloppement et les coop\u00e9rants-volontaires de Cuso visent \u00e0 promouvoir l\u2019\u00e9galit\u00e9 entre les sexes et \u00e0 offrir de nouvelles perspectives \u00e9conomiques aux jeunes de quatre continents.\" \/>\n<meta property=\"og:url\" content=\"https:\/\/cusointernational.org\/fr\/rn1e_fr\/\" \/>\n<meta property=\"og:site_name\" content=\"Cuso International\" \/>\n<meta property=\"article:modified_time\" content=\"2023-01-16T15:11:29+00:00\" \/>\n<meta property=\"og:image\" content=\"https:\/\/cusointernational.org\/wp-content\/uploads\/Document10_page-0001-2.jpg\" \/>\n\t<meta property=\"og:image:width\" content=\"972\" \/>\n\t<meta property=\"og:image:height\" content=\"727\" \/>\n\t<meta property=\"og:image:type\" content=\"image\/jpeg\" \/>\n<meta name=\"twitter:card\" content=\"summary_large_image\" \/>\n<meta name=\"twitter:label1\" content=\"Dur\u00e9e de lecture estim\u00e9e\" \/>\n\t<meta name=\"twitter:data1\" content=\"2 minutes\" \/>\n<script type=\"application\/ld+json\" class=\"yoast-schema-graph\">{\"@context\":\"https:\\\/\\\/schema.org\",\"@graph\":[{\"@type\":\"WebPage\",\"@id\":\"https:\\\/\\\/cusointernational.org\\\/fr\\\/rn1e_fr\\\/\",\"url\":\"https:\\\/\\\/cusointernational.org\\\/fr\\\/rn1e_fr\\\/\",\"name\":\"Faire un don : combattre la pauvret\u00e9 | Cuso International\",\"isPartOf\":{\"@id\":\"https:\\\/\\\/cusointernational.org\\\/fr\\\/#website\"},\"primaryImageOfPage\":{\"@id\":\"https:\\\/\\\/cusointernational.org\\\/fr\\\/rn1e_fr\\\/#primaryimage\"},\"image\":{\"@id\":\"https:\\\/\\\/cusointernational.org\\\/fr\\\/rn1e_fr\\\/#primaryimage\"},\"thumbnailUrl\":\"https:\\\/\\\/cusointernational.org\\\/wp-content\\\/uploads\\\/Document10_page-0001-2.jpg\",\"datePublished\":\"2022-12-09T20:15:18+00:00\",\"dateModified\":\"2023-01-16T15:11:29+00:00\",\"description\":\"Cuso's development programs & international volunteers work to advance gender equality & improve economic opportunities for youth.Les programmes de d\u00e9veloppement et les coop\u00e9rants-volontaires de Cuso visent \u00e0 promouvoir l\u2019\u00e9galit\u00e9 entre les sexes et \u00e0 offrir de nouvelles perspectives \u00e9conomiques aux jeunes de quatre continents.\",\"breadcrumb\":{\"@id\":\"https:\\\/\\\/cusointernational.org\\\/fr\\\/rn1e_fr\\\/#breadcrumb\"},\"inLanguage\":\"fr-FR\",\"potentialAction\":[{\"@type\":\"ReadAction\",\"target\":[\"https:\\\/\\\/cusointernational.org\\\/fr\\\/rn1e_fr\\\/\"]}]},{\"@type\":\"ImageObject\",\"inLanguage\":\"fr-FR\",\"@id\":\"https:\\\/\\\/cusointernational.org\\\/fr\\\/rn1e_fr\\\/#primaryimage\",\"url\":\"https:\\\/\\\/cusointernational.org\\\/wp-content\\\/uploads\\\/Document10_page-0001-2.jpg\",\"contentUrl\":\"https:\\\/\\\/cusointernational.org\\\/wp-content\\\/uploads\\\/Document10_page-0001-2.jpg\",\"width\":972,\"height\":727,\"caption\":\"Cuso International Latin America\"},{\"@type\":\"BreadcrumbList\",\"@id\":\"https:\\\/\\\/cusointernational.org\\\/fr\\\/rn1e_fr\\\/#breadcrumb\",\"itemListElement\":[{\"@type\":\"ListItem\",\"position\":1,\"name\":\"Home\",\"item\":\"https:\\\/\\\/cusointernational.org\\\/fr\\\/\"},{\"@type\":\"ListItem\",\"position\":2,\"name\":\"Renewal 1 FR\"}]},{\"@type\":\"WebSite\",\"@id\":\"https:\\\/\\\/cusointernational.org\\\/fr\\\/#website\",\"url\":\"https:\\\/\\\/cusointernational.org\\\/fr\\\/\",\"name\":\"Cuso International\",\"description\":\"Connecting communities around the world with skilled Canadians to help end poverty\",\"potentialAction\":[{\"@type\":\"SearchAction\",\"target\":{\"@type\":\"EntryPoint\",\"urlTemplate\":\"https:\\\/\\\/cusointernational.org\\\/fr\\\/?s={search_term_string}\"},\"query-input\":{\"@type\":\"PropertyValueSpecification\",\"valueRequired\":true,\"valueName\":\"search_term_string\"}}],\"inLanguage\":\"fr-FR\"}]}<\/script>\n<!-- \/ Yoast SEO plugin. -->","yoast_head_json":{"title":"Faire un don : combattre la pauvret\u00e9 | Cuso International","description":"Cuso's development programs & international volunteers work to advance gender equality & improve economic opportunities for youth.Les programmes de d\u00e9veloppement et les coop\u00e9rants-volontaires de Cuso visent \u00e0 promouvoir l\u2019\u00e9galit\u00e9 entre les sexes et \u00e0 offrir de nouvelles perspectives \u00e9conomiques aux jeunes de quatre continents.","robots":{"index":"index","follow":"follow","max-snippet":"max-snippet:-1","max-image-preview":"max-image-preview:large","max-video-preview":"max-video-preview:-1"},"canonical":"https:\/\/cusointernational.org\/fr\/rn1e_fr\/","og_locale":"fr_FR","og_type":"article","og_title":"Faire un don : combattre la pauvret\u00e9 | Cuso International","og_description":"Cuso's development programs & international volunteers work to advance gender equality & improve economic opportunities for youth.Les programmes de d\u00e9veloppement et les coop\u00e9rants-volontaires de Cuso visent \u00e0 promouvoir l\u2019\u00e9galit\u00e9 entre les sexes et \u00e0 offrir de nouvelles perspectives \u00e9conomiques aux jeunes de quatre continents.","og_url":"https:\/\/cusointernational.org\/fr\/rn1e_fr\/","og_site_name":"Cuso International","article_modified_time":"2023-01-16T15:11:29+00:00","og_image":[{"width":972,"height":727,"url":"https:\/\/cusointernational.org\/wp-content\/uploads\/Document10_page-0001-2.jpg","type":"image\/jpeg"}],"twitter_card":"summary_large_image","twitter_misc":{"Dur\u00e9e de lecture estim\u00e9e":"2 minutes"},"schema":{"@context":"https:\/\/schema.org","@graph":[{"@type":"WebPage","@id":"https:\/\/cusointernational.org\/fr\/rn1e_fr\/","url":"https:\/\/cusointernational.org\/fr\/rn1e_fr\/","name":"Faire un don : combattre la pauvret\u00e9 | Cuso International","isPartOf":{"@id":"https:\/\/cusointernational.org\/fr\/#website"},"primaryImageOfPage":{"@id":"https:\/\/cusointernational.org\/fr\/rn1e_fr\/#primaryimage"},"image":{"@id":"https:\/\/cusointernational.org\/fr\/rn1e_fr\/#primaryimage"},"thumbnailUrl":"https:\/\/cusointernational.org\/wp-content\/uploads\/Document10_page-0001-2.jpg","datePublished":"2022-12-09T20:15:18+00:00","dateModified":"2023-01-16T15:11:29+00:00","description":"Cuso's development programs & international volunteers work to advance gender equality & improve economic opportunities for youth.Les programmes de d\u00e9veloppement et les coop\u00e9rants-volontaires de Cuso visent \u00e0 promouvoir l\u2019\u00e9galit\u00e9 entre les sexes et \u00e0 offrir de nouvelles perspectives \u00e9conomiques aux jeunes de quatre continents.","breadcrumb":{"@id":"https:\/\/cusointernational.org\/fr\/rn1e_fr\/#breadcrumb"},"inLanguage":"fr-FR","potentialAction":[{"@type":"ReadAction","target":["https:\/\/cusointernational.org\/fr\/rn1e_fr\/"]}]},{"@type":"ImageObject","inLanguage":"fr-FR","@id":"https:\/\/cusointernational.org\/fr\/rn1e_fr\/#primaryimage","url":"https:\/\/cusointernational.org\/wp-content\/uploads\/Document10_page-0001-2.jpg","contentUrl":"https:\/\/cusointernational.org\/wp-content\/uploads\/Document10_page-0001-2.jpg","width":972,"height":727,"caption":"Cuso International Latin America"},{"@type":"BreadcrumbList","@id":"https:\/\/cusointernational.org\/fr\/rn1e_fr\/#breadcrumb","itemListElement":[{"@type":"ListItem","position":1,"name":"Home","item":"https:\/\/cusointernational.org\/fr\/"},{"@type":"ListItem","position":2,"name":"Renewal 1 FR"}]},{"@type":"WebSite","@id":"https:\/\/cusointernational.org\/fr\/#website","url":"https:\/\/cusointernational.org\/fr\/","name":"Cuso International","description":"Connecting communities around the world with skilled Canadians to help end poverty","potentialAction":[{"@type":"SearchAction","target":{"@type":"EntryPoint","urlTemplate":"https:\/\/cusointernational.org\/fr\/?s={search_term_string}"},"query-input":{"@type":"PropertyValueSpecification","valueRequired":true,"valueName":"search_term_string"}}],"inLanguage":"fr-FR"}]}},"_links":{"self":[{"href":"https:\/\/cusointernational.org\/fr\/wp-json\/wp\/v2\/pages\/42655","targetHints":{"allow":["GET"]}}],"collection":[{"href":"https:\/\/cusointernational.org\/fr\/wp-json\/wp\/v2\/pages"}],"about":[{"href":"https:\/\/cusointernational.org\/fr\/wp-json\/wp\/v2\/types\/page"}],"author":[{"embeddable":true,"href":"https:\/\/cusointernational.org\/fr\/wp-json\/wp\/v2\/users\/3"}],"replies":[{"embeddable":true,"href":"https:\/\/cusointernational.org\/fr\/wp-json\/wp\/v2\/comments?post=42655"}],"version-history":[{"count":0,"href":"https:\/\/cusointernational.org\/fr\/wp-json\/wp\/v2\/pages\/42655\/revisions"}],"wp:featuredmedia":[{"embeddable":true,"href":"https:\/\/cusointernational.org\/fr\/wp-json\/wp\/v2\/media\/42884"}],"wp:attachment":[{"href":"https:\/\/cusointernational.org\/fr\/wp-json\/wp\/v2\/media?parent=42655"}],"wp:term":[{"taxonomy":"post_tag","embeddable":true,"href":"https:\/\/cusointernational.org\/fr\/wp-json\/wp\/v2\/tags?post=42655"}],"curies":[{"name":"wp","href":"https:\/\/api.w.org\/{rel}","templated":true}]}}