{"id":42425,"date":"2022-11-21T14:47:02","date_gmt":"2022-11-21T19:47:02","guid":{"rendered":"https:\/\/cusointernational.org\/?page_id=42425"},"modified":"2022-11-30T11:55:07","modified_gmt":"2022-11-30T16:55:07","slug":"etsi-sg","status":"publish","type":"page","link":"https:\/\/cusointernational.org\/fr\/etsi-sg\/","title":{"rendered":"Digital campaigns &#8211; What If &#8211; SG"},"content":{"rendered":"\n\n\t[wplodf_insert_post ids=42370]\n\tCe site est prot\u00e9g\u00e9 par reCAPTCHA et la <a href=\"https:\/\/policies.google.com\/privacy\" target=\"_blank\" rel=\"noopener\">politique de confidentialit\u00e9<\/a> et les <a href=\"https:\/\/policies.google.com\/terms\" target=\"_blank\" rel=\"noopener\">conditions d&#8217;utilisation<\/a> de Google s&#8217;appliquent.\n            Est-ce s\u00e9curitaire de faire un don en ligne ?\n                Est-ce s\u00e9curitaire de faire un don en ligne?\n                Absolument! Nous utilisons GeoTrust, un fournisseur num\u00e9rique qui garantit la s\u00e9curit\u00e9 et la confidentialit\u00e9 de vos donn\u00e9es personnelles. \n           Pourrais-je recevoir un re\u00e7u aux fins d&#8217;imp\u00f4t ?\n                Pourrais-je recevoir un re\u00e7u aux fins d&#8217;imp\u00f4t?\n                Oui. Tous les dons sont d\u00e9ductibles d&#8217;imp\u00f4t*. Cuso International est un organisme de bienfaisance enregistr\u00e9 au Canada et aux \u00c9tats-Unis. Nous sommes donc autoris\u00e9s \u00e0 remettre des re\u00e7us officiels dans les deux pays. *Des re\u00e7us fiscaux pour les dons de moins de 10 $ peuvent \u00eatre remis sur demande.\n            Puis-je modifier le montant de mes dons mensuels en cours de route? ?\n                Puis-je modifier le montant de mes dons mensuels en cours de route?\n                Nous comprenons que les circonstances peut-\u00eatre ajuster vos dons mensuels.Vous n&#8217;avez qu&#8217;\u00e0 communiquer avec nous (1-888-434-2876, poste 222, ou support@cusointernational.org) et le tour sera jou\u00e9!\n            Puis-je faire un don en devise am\u00e9ricaine ??\n                Puis-je faire un don en devise am\u00e9ricaine ?\n                Oui, Cuso International est un organisme de bienfaisance enregistr\u00e9 au Canada et aux \u00c9tats-Unis. Par cons\u00e9quent, les dons en devise am\u00e9ricaine sont accept\u00e9s et donnent droit \u00e0 un re\u00e7u fiscal officiel am\u00e9ricain. Afin de faire un don en devise am\u00e9ricaine, veuillez utiliser ce <a href=\"http:\/\/cuso2.convio.net\/site\/Donation2?df_id=1481&amp;mfc_pref=T&amp;1481.donation=form1\" target=\"_blank\" rel=\"noopener\">lien pour acc\u00e9der \u00e0 ce formulaire<\/a>. Notre num\u00e9ro d&#8217;organisme de bienfaisance am\u00e9ricain est le suivant <br \/>30-0545486. \n\t\t\t\t<img loading=\"lazy\" decoding=\"async\" src=\"https:\/\/cusointernational.org\/wp-content\/uploads\/multiplie-7.svg\" alt=\"Red badge that says your gift matched with a maple leaf\" itemprop=\"image\" height=\"114\" width=\"114\" title=\"multiplie-7\" onerror=\"this.style.display='none'\"  \/>\n<h1>Et si vous pouviez briser le cercle vicieux de la pauvret\u00e9 \u00e0 tout jamais?<\/h1>\n<p>Imaginez ce que Luzmila et ses concitoyennes pourraient accomplir si elles n&#8217;avaient plus jamais \u00e0 se demander comment nourrir leur famille. Car dans des communaut\u00e9s vuln\u00e9rables, la s\u00e9curit\u00e9 alimentaire ne se limite pas \u00e0 remplir les ventres vides. \u00c7a ouvre des portes. Et vous pouvez les aider!<\/p>\n\t<iframe loading=\"lazy\" width=\"560\" height=\"315\" src=\"https:\/\/www.youtube.com\/embed\/MtqI78KI514?autoplay=1\" title=\"YouTube video player\" frameborder=\"0\" allow=\"autoplay; accelerometer; clipboard-write; encrypted-media; gyroscope; picture-in-picture\" allowfullscreen><\/iframe>\n<h2>\n\t\tEt si nous pouvions changer le monde tous ensemble?\n\t<\/h2>\n\t<p>Nous le pouvons! Et avec votre aide, nous y arriverons. Actuellement, chaque dollar de don \u00e0 Cuso International nous donne droit \u00e0 une contrepartie de 6 $ d&#8217;Affaires mondiales Canada. Ne manquez pas cette occasion de multiplier l&#8217;impact de votre don l\u00e0 o\u00f9 \u00e7a compte.<\/p>\n\t\t\t\t<img loading=\"lazy\" decoding=\"async\" src=\"https:\/\/cusointernational.org\/wp-content\/uploads\/cuso_storywide_givingtuesday_luzmila_friends.jpg\" alt=\"Luzmila and Friends\" itemprop=\"image\" height=\"650\" width=\"1600\" title=\"cuso_storywide_givingtuesday_luzmila_friends\" onerror=\"this.style.display='none'\"  \/>\n<h2>\n\t\tEt si&#8230;\n\t<\/h2>\n\t<p>La fin de l&#8217;ann\u00e9e est le moment id\u00e9al de faire un bilan de nos r\u00e9alisations. M\u00eame si chez Cuso International, nos yeux sont toujours tourn\u00e9s vers l&#8217;avenir! En cette p\u00e9riode marqu\u00e9e par la g\u00e9n\u00e9rosit\u00e9, nous r\u00eavons d&#8217;un monde o\u00f9 l&#8217;\u00e9galit\u00e9 des genres ne serait plus un objectif lointain, mais une r\u00e9alit\u00e9 quotidienne aux quatre coins du monde. Nous savons que c&#8217;est possible. Et avec votre aide, nous y arriverons.<\/p>\n<h2>\n\t\tC&#8217;est clair : investir dans les femmes offre un rendement exponentiel.\n\t<\/h2>\n\t<p>Quand des femmes comme Luzmila parviennent \u00e0 sortir de la pauvret\u00e9, elles ont un effet d&#8217;entra\u00eenement dans toute leur communaut\u00e9 et sur plusieurs g\u00e9n\u00e9rations. En d&#8217;autres mots, votre don donnera lieu \u00e0 des changements profonds et durables. Et avec la contrepartie de 6\u00a0$ par dollar de don re\u00e7u d&#8217;Affaires mondiales Canada, votre don aura encore plus d&#8217;impact sur le terrain.<\/p>\n<style>\n    .fl-builder-content .fl-node-5f6b8d10e2bd4 > .fl-col-content {\n        min-height: calc(100vh - 90px);\n    }\n    body:not(.fl-builder-edit) .donate_column_right .donate_info{\n            padding-bottom: 30px;\n    }\n    .fl-node-5f6b8d10e2bd4 > .fl-col-content {\n    position: relative;\n    background-position: center -10%;\n    background-repeat:no-repeat;\n    background-color:#000;\n    background-size: cover;\n}\nh1.donate_infotxt {\n    font-size: 36px;\n    line-height: 38px;\n}\n    .fl-node-5f6b8d10e2bd4 > .fl-col-content:before {\n        position:absolute;\n        top:10px;\n        left:10px;\n        right:10px;\n        bottom:10px;\n        content:'';\n        border:2px solid #fff;\n        border-radius:10px;\n        background-repeat:no-repeat;\n        background-size:40px auto;\n        background-position:right 10px top 10px;\n    }\n    .donateLink {\n        margin-top:20px;\nborder-radius: 31px !important;\n    background: #ffca38 !important;\n    color: #2C2C2C !important;\n    box-shadow: 0px 3px 20px rgba(0, 0, 0, 0.16) !important;\n    border: none !important;\n    text-transform: uppercase !important;\n    font-family: \"Marr Sans Cond Web\" !important;\n    font-weight: bold !important;\n    font-size: 20px !important;\n    letter-spacing: 0.03em !important;\n    display: inline-block;\n    align-items: center;\n    justify-content: space-between;\n    height: 62px;\n    padding: 0 30px !important;\n    line-height: 62px;\n}\n@media screen and (min-width:993px){\n.fl-node-5f74983393189 .fl-module-content {\n    margin: 0px;\n    background-color: rgba(0,0,0,.5);\n    padding: 0 15px;\n    border-radius: 20px;\n}\n}\n.donation_tooltip_question {\n    margin-left:.5em;\n}\n@media screen and (max-width:768px){\n    body{\n    padding-top:0;\n}\n        .fl-builder-content .fl-node-5f6b8d10e2bd4 > .fl-col-content {\n        min-height: auto;\n    }\n}\n@media screen and (max-width:992px){\n    .matching-graphic {\n        display:none;\n    }\nbody{\n    padding-top:90px;\n}\n    .fl-col-group.fl-col-group-equal-height.fl-col-group-custom-width {\n        flex-direction:column-reverse;\n    }\n    body:not(.fl-builder-edit) .fl-col-group-equal-height .fl-col.donate_column_right {\n        height: initial;\n        position: relative;\n        top: 0;\n        max-width:600px;\n    }\n    body:not(.fl-builder-edit) .donate_column_right .donate_info {\n        bottom: 0;\n        left: -1px;\n        padding: 20px;\n        background: var(--light-blue);\n        right: -1px;\n        top:auto;\n        height: 100%;\n    }\n    .fl-node-5f6b8d10e2bd1 > div {\n        margin-top:0 !important;\n    }\n}\n@media screen and (max-width: 992px) {\n.donate_img_patch {\n    height:520px;\n}\n}\n.wp-image-37524 {\n    border:4px solid #fff;\n    border-radius:50%;\n}\n@media screen and (max-width:575px){ \n    html .donation_tooltip:before{\n        position: absolute;\n    content: '>';\n    display: block;\n    height: 20px;\n    left: 0;\n    top: -5px;\n    font-size: 20px;\n    font-weight: 500;\n    color: #008EBA;\n    transform: scale(.5, 1) rotate(0);\n    width: 21px;\n    }\n    html .donation_tooltip.tooltip_accordion_active:before{\n        transform: scale(1, .5) rotate(\n            90deg\n            );\n                top: 4px;\n                left: 3px;\n    }\n}\n<\/style>\n\t\t\t<a href=\"#\" id=\"fl-accordion--label-0\" tabindex=\"0\" aria-controls=\"fl-accordion--panel-0\">L&#8217;histoire de Luzmila<\/a>\n\t\t<p><img loading=\"lazy\" decoding=\"async\" src=\"https:\/\/cusointernational.org\/wp-content\/uploads\/Cuso_PageHero_Luzmila-800x667.png\" alt=\"Cuso_PageHero_Luzmila\" width=\"350\" height=\"292\" \/><\/p>\n<p>Avant la pand\u00e9mie de COVID-19, Luzmila arrivait p\u00e9niblement \u00e0 joindre les deux bouts. Cette m\u00e8re monoparentale de trois enfants habite \u00e0 Lima, au P\u00e9rou. Elle y vendait des tamales et r\u00eavait de reprendre ses \u00e9tudes en enseignement. Sa vie n&#8217;\u00e9tait pas facile, mais elle s&#8217;en sortait.<\/p>\n<p>La pand\u00e9mie est toutefois venue tout bouleverser. Pendant le confinement, Luzmila et des millions d&#8217;autres P\u00e9ruviens se sont retrouv\u00e9s sans revenu, incapables de nourrir leur famille. Si le nombre de personnes mal nourries a augment\u00e9 exponentiellement partout dans le monde pendant la pand\u00e9mie, la situation est particuli\u00e8rement difficile au P\u00e9rou, o\u00f9 le taux de pauvret\u00e9 a connu une hausse fulgurante.<\/p>\n<p>\u00ab Toutes les portes qui m&#8217;\u00e9taient ouvertes se sont referm\u00e9es. J&#8217;\u00e9tais d\u00e9sesp\u00e9r\u00e9e. J&#8217;avais l&#8217;impression d&#8217;avoir tout perdu \u00bb, explique Luzmila. <\/p>\n<p>Heureusement, avec l&#8217;appui de nos donateurs et donatrices et du programme de cuisine collective, Luzmila arrive \u00e0 nouveau \u00e0 nourrir sa famille et sa communaut\u00e9. Gr\u00e2ce \u00e0 vous, Luzmila et ses concitoyennes suivent des cours sur la culture mara\u00eech\u00e8re et la production alimentaire.<\/p>\n<p>Pour ces femmes, une v\u00e9ritable s\u00e9curit\u00e9 alimentaire ne se limite pas \u00e0 nourrir leur famille. \u00c7a ouvre aussi la porte \u00e0 de nouvelles perspectives et \u00e0 la possibilit\u00e9 de briser le cercle de la pauvret\u00e9 \u00e0 tout jamais. Merci pour votre r\u00f4le majeur dans la vie des Luzmila de ce monde.<\/p>\n\t\t\t<a href=\"#\" id=\"fl-accordion--label-1\" tabindex=\"0\" aria-controls=\"fl-accordion--panel-1\">L&#8217;histoire de Verediana<\/a>\n\t\t<p><img loading=\"lazy\" decoding=\"async\" src=\"https:\/\/cusointernational.org\/wp-content\/uploads\/Verediana2-003-800x534.jpg\" alt=\"Verediana\" width=\"350\" height=\"234\" \/><\/p>\n<p>Verediana vivait dans une peur constante, s&#8217;inqui\u00e9tant pour son avenir et se demandant si elle vivrait \u00e0 tout jamais dans la pauvret\u00e9. Comme ses parents, qui assuraient une maigre subsistance \u00e0 leurs sept enfants gr\u00e2ce \u00e0 leur petit lopin de terre.<\/p>\n<p>Lorsque Verediana est tomb\u00e9e enceinte, poursuivre ses \u00e9tudes n&#8217;\u00e9tait soudainement plus une option.<\/p>\n<p>R\u00e9sultat : cette jeune m\u00e8re monoparentale d&#8217;une fillette de 4 ans risquait dangereusement de faire partie des sombres statistiques de la r\u00e9gion de Shinyanga o\u00f9 78 % des femmes mari\u00e9es de 15 \u00e0 49 ans sont victimes de violence sexiste.<\/p>\n<p>De plus, cette r\u00e9gion \u00e9tablit \u00e9galement de tristes records avec 59 % des mariages pr\u00e9coces au pays et 34 % de grossesses chez les adolescentes de moins de 18 ans.<\/p>\n<p>\u00ab Pour tout dire, les femmes et les filles ne peuvent pas d\u00e9cider de leur vie, explique Verediana. On s&#8217;attend d&#8217;elles qu&#8217;elles se marient tr\u00e8s jeunes et qu&#8217;elles prennent soin de leur famille. \u00bb<\/p>\n<p>Faisant de son mieux pour prendre soin de sa fille, Verediana se demandait si elle pourrait un jour r\u00e9aliser son r\u00eave de poursuivre ses \u00e9tudes et de devenir pharmacienne.<\/p>\n<p>D\u00e9termin\u00e9e \u00e0 changer le cours de son destin, elle s&#8217;est inscrite au programme de l&#8217;AGAPE Knowledge Open School (AKOS) pour terminer ses \u00e9tudes secondaires. Or, rien de tout cela ne serait possible sans votre soutien.<\/p>\n<p>Votre g\u00e9n\u00e9rosit\u00e9 nous permet de continuer \u00e0 envoyer des volontaires enseigner \u00e0 l&#8217;AKOS pour que les filles puissent faire les \u00e9tudes qu&#8217;elles d\u00e9sirent et que le mariage pr\u00e9coce soit d\u00e9finitivement aboli.<\/p>\n<p>&nbsp;<\/p>\n\t<style>\n\/* Accordion custom styles *\/\n.fl-accordion-button .fl-module-content a, \n.fl-accordion-button .fl-module-content a:hover, \n.fl-accordion-button .fl-module-content a:focus {\n    text-decoration: none;\n}\n.fl-accordion-button-icon {\n  text-decoration: none;\n  color: #ffffff;\n  font-size: 20px;\n}\n.fl-accordion-button-label.noclick {\n  border: 0 !important;\n  color: #ffffff !important;\n}\ni.fl-accordion-button-icon {\n  position: relative;\n  vertical-align: unset;\n}\n<\/style>\n\n","protected":false},"excerpt":{"rendered":"<p>[wplodf_insert_post ids=42370] Ce site est prot\u00e9g\u00e9 par reCAPTCHA et la politique de confidentialit\u00e9 et les conditions d&#8217;utilisation de Google s&#8217;appliquent. Est-ce s\u00e9curitaire de faire un don en ligne ? Est-ce s\u00e9curitaire de faire un don en ligne? Absolument! Nous utilisons GeoTrust, un fournisseur num\u00e9rique qui garantit la s\u00e9curit\u00e9 et la confidentialit\u00e9 de vos donn\u00e9es personnelles.&hellip;<\/p>\n","protected":false},"author":33,"featured_media":41460,"parent":0,"menu_order":0,"comment_status":"closed","ping_status":"closed","template":"","meta":{"_acf_changed":false,"footnotes":""},"tags":[],"class_list":["post-42425","page","type-page","status-publish","has-post-thumbnail","hentry"],"acf":[],"yoast_head":"<!-- This site is optimized with the Yoast SEO plugin v27.4 - https:\/\/yoast.com\/product\/yoast-seo-wordpress\/ -->\n<title>Donate Today: Fight Poverty Worldwide | Cuso International<\/title>\n<meta name=\"description\" content=\"Cuso&#039;s development programs &amp; international volunteers work to advance gender equality &amp; improve economic opportunities for youth across four continents.\" \/>\n<meta name=\"robots\" content=\"index, follow, max-snippet:-1, max-image-preview:large, max-video-preview:-1\" \/>\n<link rel=\"canonical\" href=\"https:\/\/cusointernational.org\/fr\/etsi-sg\/\" \/>\n<meta property=\"og:locale\" content=\"fr_FR\" \/>\n<meta property=\"og:type\" content=\"article\" \/>\n<meta property=\"og:title\" content=\"Donate Today: Fight Poverty Worldwide | Cuso International\" \/>\n<meta property=\"og:description\" content=\"Cuso&#039;s development programs &amp; international volunteers work to advance gender equality &amp; improve economic opportunities for youth across four continents.\" \/>\n<meta property=\"og:url\" content=\"https:\/\/cusointernational.org\/fr\/etsi-sg\/\" \/>\n<meta property=\"og:site_name\" content=\"Cuso International\" \/>\n<meta property=\"article:modified_time\" content=\"2022-11-30T16:55:07+00:00\" \/>\n<meta property=\"og:image\" content=\"https:\/\/cusointernational.org\/wp-content\/uploads\/Honduran_fisherwomen-bg.jpg\" \/>\n\t<meta property=\"og:image:width\" content=\"1800\" \/>\n\t<meta property=\"og:image:height\" content=\"1200\" \/>\n\t<meta property=\"og:image:type\" content=\"image\/jpeg\" \/>\n<meta name=\"twitter:card\" content=\"summary_large_image\" \/>\n<meta name=\"twitter:label1\" content=\"Dur\u00e9e de lecture estim\u00e9e\" \/>\n\t<meta name=\"twitter:data1\" content=\"5 minutes\" \/>\n<script type=\"application\/ld+json\" class=\"yoast-schema-graph\">{\"@context\":\"https:\\\/\\\/schema.org\",\"@graph\":[{\"@type\":\"WebPage\",\"@id\":\"https:\\\/\\\/cusointernational.org\\\/fr\\\/etsi-sg\\\/\",\"url\":\"https:\\\/\\\/cusointernational.org\\\/fr\\\/etsi-sg\\\/\",\"name\":\"Donate Today: Fight Poverty Worldwide | Cuso International\",\"isPartOf\":{\"@id\":\"https:\\\/\\\/cusointernational.org\\\/fr\\\/#website\"},\"primaryImageOfPage\":{\"@id\":\"https:\\\/\\\/cusointernational.org\\\/fr\\\/etsi-sg\\\/#primaryimage\"},\"image\":{\"@id\":\"https:\\\/\\\/cusointernational.org\\\/fr\\\/etsi-sg\\\/#primaryimage\"},\"thumbnailUrl\":\"https:\\\/\\\/cusointernational.org\\\/wp-content\\\/uploads\\\/Honduran_fisherwomen-bg.jpg\",\"datePublished\":\"2022-11-21T19:47:02+00:00\",\"dateModified\":\"2022-11-30T16:55:07+00:00\",\"description\":\"Cuso's development programs & international volunteers work to advance gender equality & improve economic opportunities for youth across four continents.\",\"breadcrumb\":{\"@id\":\"https:\\\/\\\/cusointernational.org\\\/fr\\\/etsi-sg\\\/#breadcrumb\"},\"inLanguage\":\"fr-FR\",\"potentialAction\":[{\"@type\":\"ReadAction\",\"target\":[\"https:\\\/\\\/cusointernational.org\\\/fr\\\/etsi-sg\\\/\"]}]},{\"@type\":\"ImageObject\",\"inLanguage\":\"fr-FR\",\"@id\":\"https:\\\/\\\/cusointernational.org\\\/fr\\\/etsi-sg\\\/#primaryimage\",\"url\":\"https:\\\/\\\/cusointernational.org\\\/wp-content\\\/uploads\\\/Honduran_fisherwomen-bg.jpg\",\"contentUrl\":\"https:\\\/\\\/cusointernational.org\\\/wp-content\\\/uploads\\\/Honduran_fisherwomen-bg.jpg\",\"width\":1800,\"height\":1200,\"caption\":\"Honduran fisherwomen, Cuso International\"},{\"@type\":\"BreadcrumbList\",\"@id\":\"https:\\\/\\\/cusointernational.org\\\/fr\\\/etsi-sg\\\/#breadcrumb\",\"itemListElement\":[{\"@type\":\"ListItem\",\"position\":1,\"name\":\"Home\",\"item\":\"https:\\\/\\\/cusointernational.org\\\/fr\\\/\"},{\"@type\":\"ListItem\",\"position\":2,\"name\":\"Digital campaigns &#8211; What If &#8211; SG\"}]},{\"@type\":\"WebSite\",\"@id\":\"https:\\\/\\\/cusointernational.org\\\/fr\\\/#website\",\"url\":\"https:\\\/\\\/cusointernational.org\\\/fr\\\/\",\"name\":\"Cuso International\",\"description\":\"Connecting communities around the world with skilled Canadians to help end poverty\",\"potentialAction\":[{\"@type\":\"SearchAction\",\"target\":{\"@type\":\"EntryPoint\",\"urlTemplate\":\"https:\\\/\\\/cusointernational.org\\\/fr\\\/?s={search_term_string}\"},\"query-input\":{\"@type\":\"PropertyValueSpecification\",\"valueRequired\":true,\"valueName\":\"search_term_string\"}}],\"inLanguage\":\"fr-FR\"}]}<\/script>\n<!-- \/ Yoast SEO plugin. -->","yoast_head_json":{"title":"Donate Today: Fight Poverty Worldwide | Cuso International","description":"Cuso's development programs & international volunteers work to advance gender equality & improve economic opportunities for youth across four continents.","robots":{"index":"index","follow":"follow","max-snippet":"max-snippet:-1","max-image-preview":"max-image-preview:large","max-video-preview":"max-video-preview:-1"},"canonical":"https:\/\/cusointernational.org\/fr\/etsi-sg\/","og_locale":"fr_FR","og_type":"article","og_title":"Donate Today: Fight Poverty Worldwide | Cuso International","og_description":"Cuso's development programs & international volunteers work to advance gender equality & improve economic opportunities for youth across four continents.","og_url":"https:\/\/cusointernational.org\/fr\/etsi-sg\/","og_site_name":"Cuso International","article_modified_time":"2022-11-30T16:55:07+00:00","og_image":[{"width":1800,"height":1200,"url":"https:\/\/cusointernational.org\/wp-content\/uploads\/Honduran_fisherwomen-bg.jpg","type":"image\/jpeg"}],"twitter_card":"summary_large_image","twitter_misc":{"Dur\u00e9e de lecture estim\u00e9e":"5 minutes"},"schema":{"@context":"https:\/\/schema.org","@graph":[{"@type":"WebPage","@id":"https:\/\/cusointernational.org\/fr\/etsi-sg\/","url":"https:\/\/cusointernational.org\/fr\/etsi-sg\/","name":"Donate Today: Fight Poverty Worldwide | Cuso International","isPartOf":{"@id":"https:\/\/cusointernational.org\/fr\/#website"},"primaryImageOfPage":{"@id":"https:\/\/cusointernational.org\/fr\/etsi-sg\/#primaryimage"},"image":{"@id":"https:\/\/cusointernational.org\/fr\/etsi-sg\/#primaryimage"},"thumbnailUrl":"https:\/\/cusointernational.org\/wp-content\/uploads\/Honduran_fisherwomen-bg.jpg","datePublished":"2022-11-21T19:47:02+00:00","dateModified":"2022-11-30T16:55:07+00:00","description":"Cuso's development programs & international volunteers work to advance gender equality & improve economic opportunities for youth across four continents.","breadcrumb":{"@id":"https:\/\/cusointernational.org\/fr\/etsi-sg\/#breadcrumb"},"inLanguage":"fr-FR","potentialAction":[{"@type":"ReadAction","target":["https:\/\/cusointernational.org\/fr\/etsi-sg\/"]}]},{"@type":"ImageObject","inLanguage":"fr-FR","@id":"https:\/\/cusointernational.org\/fr\/etsi-sg\/#primaryimage","url":"https:\/\/cusointernational.org\/wp-content\/uploads\/Honduran_fisherwomen-bg.jpg","contentUrl":"https:\/\/cusointernational.org\/wp-content\/uploads\/Honduran_fisherwomen-bg.jpg","width":1800,"height":1200,"caption":"Honduran fisherwomen, Cuso International"},{"@type":"BreadcrumbList","@id":"https:\/\/cusointernational.org\/fr\/etsi-sg\/#breadcrumb","itemListElement":[{"@type":"ListItem","position":1,"name":"Home","item":"https:\/\/cusointernational.org\/fr\/"},{"@type":"ListItem","position":2,"name":"Digital campaigns &#8211; What If &#8211; SG"}]},{"@type":"WebSite","@id":"https:\/\/cusointernational.org\/fr\/#website","url":"https:\/\/cusointernational.org\/fr\/","name":"Cuso International","description":"Connecting communities around the world with skilled Canadians to help end poverty","potentialAction":[{"@type":"SearchAction","target":{"@type":"EntryPoint","urlTemplate":"https:\/\/cusointernational.org\/fr\/?s={search_term_string}"},"query-input":{"@type":"PropertyValueSpecification","valueRequired":true,"valueName":"search_term_string"}}],"inLanguage":"fr-FR"}]}},"_links":{"self":[{"href":"https:\/\/cusointernational.org\/fr\/wp-json\/wp\/v2\/pages\/42425","targetHints":{"allow":["GET"]}}],"collection":[{"href":"https:\/\/cusointernational.org\/fr\/wp-json\/wp\/v2\/pages"}],"about":[{"href":"https:\/\/cusointernational.org\/fr\/wp-json\/wp\/v2\/types\/page"}],"author":[{"embeddable":true,"href":"https:\/\/cusointernational.org\/fr\/wp-json\/wp\/v2\/users\/33"}],"replies":[{"embeddable":true,"href":"https:\/\/cusointernational.org\/fr\/wp-json\/wp\/v2\/comments?post=42425"}],"version-history":[{"count":0,"href":"https:\/\/cusointernational.org\/fr\/wp-json\/wp\/v2\/pages\/42425\/revisions"}],"wp:featuredmedia":[{"embeddable":true,"href":"https:\/\/cusointernational.org\/fr\/wp-json\/wp\/v2\/media\/41460"}],"wp:attachment":[{"href":"https:\/\/cusointernational.org\/fr\/wp-json\/wp\/v2\/media?parent=42425"}],"wp:term":[{"taxonomy":"post_tag","embeddable":true,"href":"https:\/\/cusointernational.org\/fr\/wp-json\/wp\/v2\/tags?post=42425"}],"curies":[{"name":"wp","href":"https:\/\/api.w.org\/{rel}","templated":true}]}}