{"id":42412,"date":"2022-11-18T14:41:46","date_gmt":"2022-11-18T19:41:46","guid":{"rendered":"https:\/\/cusointernational.org\/digital-campaigns-what-if-hjc\/"},"modified":"2023-11-16T11:10:47","modified_gmt":"2023-11-16T16:10:47","slug":"etsi-2022","status":"publish","type":"page","link":"https:\/\/cusointernational.org\/fr\/etsi-2022\/","title":{"rendered":"Digital campaigns &#8211; What If &#8211; OTG FR 2022"},"content":{"rendered":"\r\n\r\n\t[wplodf_insert_post ids=42368]\r\n\tCe site est prot\u00e9g\u00e9 par reCAPTCHA et la <a href=\"https:\/\/policies.google.com\/privacy\" target=\"_blank\" rel=\"noopener\">politique de confidentialit\u00e9<\/a> et les <a href=\"https:\/\/policies.google.com\/terms\" target=\"_blank\" rel=\"noopener\">conditions d&#8217;utilisation<\/a> de Google s&#8217;appliquent.\r\n            Est-ce s\u00e9curitaire de faire un don en ligne ?\r\n                Est-ce s\u00e9curitaire de faire un don en ligne?\r\n                Absolument! Nous utilisons GeoTrust, un fournisseur num\u00e9rique qui garantit la s\u00e9curit\u00e9 et la confidentialit\u00e9 de vos donn\u00e9es personnelles. \r\n           Pourrais-je recevoir un re\u00e7u aux fins d&#8217;imp\u00f4t ?\r\n                Pourrais-je recevoir un re\u00e7u aux fins d&#8217;imp\u00f4t?\r\n                Oui. Tous les dons sont d\u00e9ductibles d&#8217;imp\u00f4t*. Cuso International est un organisme de bienfaisance enregistr\u00e9 au Canada et aux \u00c9tats-Unis. Nous sommes donc autoris\u00e9s \u00e0 remettre des re\u00e7us officiels dans les deux pays. *Des re\u00e7us fiscaux pour les dons de moins de 10 $ peuvent \u00eatre remis sur demande.\r\n            Puis-je modifier le montant de mes dons mensuels en cours de route? ?\r\n                Puis-je modifier le montant de mes dons mensuels en cours de route?\r\n                Nous comprenons que les circonstances peut-\u00eatre ajuster vos dons mensuels.Vous n&#8217;avez qu&#8217;\u00e0 communiquer avec nous (1-888-434-2876, poste 222, ou support@cusointernational.org) et le tour sera jou\u00e9!\r\n            Puis-je faire un don en devise am\u00e9ricaine ??\r\n                Puis-je faire un don en devise am\u00e9ricaine ?\r\n                Oui, Cuso International est un organisme de bienfaisance enregistr\u00e9 au Canada et aux \u00c9tats-Unis. Par cons\u00e9quent, les dons en devise am\u00e9ricaine sont accept\u00e9s et donnent droit \u00e0 un re\u00e7u fiscal officiel am\u00e9ricain. Afin de faire un don en devise am\u00e9ricaine, veuillez utiliser ce <a href=\"http:\/\/cuso2.convio.net\/site\/Donation2?df_id=1481&#038;mfc_pref=T&#038;1481.donation=form1\" target=\"_blank\" rel=\"noopener\">lien pour acc\u00e9der \u00e0 ce formulaire<\/a>. Notre num\u00e9ro d&#8217;organisme de bienfaisance am\u00e9ricain est le suivant <br \/>30-0545486. \r\n\t\t\t\t<img loading=\"lazy\" decoding=\"async\" src=\"https:\/\/cusointernational.org\/wp-content\/uploads\/multiplie-7.svg\" alt=\"Red badge that says your gift matched with a maple leaf\" itemprop=\"image\" height=\"114\" width=\"114\" title=\"multiplie-7\" onerror=\"this.style.display='none'\"  \/>\r\n<h1>Et si vous pouviez aider les femmes et les filles \u00e0 r\u00eaver grand et \u00e0 am\u00e9liorer leurs conditions de vie?<\/h1>\r\n<p>Toutes les filles m\u00e9ritent de choisir leur voie d&#8217;avenir. Et toutes les femmes devraient pouvoir prendre les d\u00e9cisions qui les concernent. <\/p>\r\n<p>Avec votre soutien, nous pourrons faire un pas de plus vers une v\u00e9ritable \u00e9galit\u00e9 des genres.<\/p>\r\n\t<iframe loading=\"lazy\" width=\"560\" height=\"315\" src=\"https:\/\/www.youtube.com\/embed\/MtqI78KI514?autoplay=1\" title=\"YouTube video player\" frameborder=\"0\" allow=\"autoplay; accelerometer; clipboard-write; encrypted-media; gyroscope; picture-in-picture\" allowfullscreen><\/iframe>\r\n<h2>\r\n\t\tEt si nous pouvions changer le monde tous ensemble?\r\n\t<\/h2>\r\n\t<p>Nous le pouvons! Et avec votre aide, nous y arriverons. Actuellement, chaque dollar de don \u00e0 Cuso International nous donne droit \u00e0 une contrepartie de 6 $ d&#8217;Affaires mondiales Canada. Ne manquez pas cette occasion de multiplier l&#8217;impact de votre don l\u00e0 o\u00f9 \u00e7a compte.<\/p>\r\n\t\t\t\t<img loading=\"lazy\" decoding=\"async\" src=\"https:\/\/cusointernational.org\/wp-content\/uploads\/cuso_storywide_givingtuesday_luzmila_friends.jpg\" alt=\"Luzmila and Friends\" itemprop=\"image\" height=\"650\" width=\"1600\" title=\"cuso_storywide_givingtuesday_luzmila_friends\" onerror=\"this.style.display='none'\"  \/>\r\n<h2>\r\n\t\tEt si&#8230;\r\n\t<\/h2>\r\n\t<p>La fin de l&#8217;ann\u00e9e est le moment id\u00e9al de faire un bilan de nos r\u00e9alisations. M\u00eame si chez Cuso International, nos yeux sont toujours tourn\u00e9s vers l&#8217;avenir! Nous r\u00eavons d&#8217;un monde o\u00f9 l&#8217;\u00e9galit\u00e9 des genres ne serait plus un objectif lointain, mais une r\u00e9alit\u00e9 quotidienne aux quatre coins du monde. Nous savons que c&#8217;est possible. Et avec votre aide, nous y arriverons.<\/p>\r\n<h2>\r\n\t\tC&#8217;est clair : investir dans les femmes offre un rendement exponentiel.\r\n\t<\/h2>\r\n\t<p>Quand des femmes et des filles peuvent participer pleinement \u00e0 la soci\u00e9t\u00e9, elles ont un effet d&#8217;entra\u00eenement dans toute leur communaut\u00e9 et sur plusieurs g\u00e9n\u00e9rations. En d&#8217;autres mots, votre don donnera lieu \u00e0 des changements profonds et durables. Et avec la contrepartie de 6 $ par dollar de don re\u00e7u d&#8217;Affaires mondiales Canada, votre don aura encore plus d&#8217;impact sur le terrain.<\/p>\r\n<style>\r\n    .fl-builder-content .fl-node-5f6b8d10e2bd4 > .fl-col-content {\r\n        min-height: calc(100vh - 90px);\r\n    }\r\n    body:not(.fl-builder-edit) .donate_column_right .donate_info{\r\n            padding-bottom: 30px;\r\n    }\r\n    .fl-node-5f6b8d10e2bd4 > .fl-col-content {\r\n    position: relative;\r\n    background-position: center -10%;\r\n    background-repeat:no-repeat;\r\n    background-color:#000;\r\n    background-size: cover;\r\n}\r\nh1.donate_infotxt {\r\n    font-size: 36px;\r\n    line-height: 38px;\r\n}\r\n    .fl-node-5f6b8d10e2bd4 > .fl-col-content:before {\r\n        position:absolute;\r\n        top:10px;\r\n        left:10px;\r\n        right:10px;\r\n        bottom:10px;\r\n        content:'';\r\n        border:2px solid #fff;\r\n        border-radius:10px;\r\n        background-repeat:no-repeat;\r\n        background-size:40px auto;\r\n        background-position:right 10px top 10px;\r\n    }\r\n    .donateLink {\r\n        margin-top:20px;\r\nborder-radius: 31px !important;\r\n    background: #ffca38 !important;\r\n    color: #2C2C2C !important;\r\n    box-shadow: 0px 3px 20px rgba(0, 0, 0, 0.16) !important;\r\n    border: none !important;\r\n    text-transform: uppercase !important;\r\n    font-family: \"Marr Sans Cond Web\" !important;\r\n    font-weight: bold !important;\r\n    font-size: 20px !important;\r\n    letter-spacing: 0.03em !important;\r\n    display: inline-block;\r\n    align-items: center;\r\n    justify-content: space-between;\r\n    height: 62px;\r\n    padding: 0 30px !important;\r\n    line-height: 62px;\r\n}\r\n@media screen and (min-width:993px){\r\n.fl-node-5f74983393189 .fl-module-content {\r\n    margin: 0px;\r\n    background-color: rgba(0,0,0,.5);\r\n    padding: 0 15px;\r\n    border-radius: 20px;\r\n}\r\n}\r\n.donation_tooltip_question {\r\n    margin-left:.5em;\r\n}\r\n@media screen and (max-width:768px){\r\n    body{\r\n    padding-top:0;\r\n}\r\n        .fl-builder-content .fl-node-5f6b8d10e2bd4 > .fl-col-content {\r\n        min-height: auto;\r\n    }\r\n}\r\n@media screen and (max-width:992px){\r\n    .matching-graphic {\r\n        display:none;\r\n    }\r\nbody{\r\n    padding-top:90px;\r\n}\r\n    .fl-col-group.fl-col-group-equal-height.fl-col-group-custom-width {\r\n        flex-direction:column-reverse;\r\n    }\r\n    body:not(.fl-builder-edit) .fl-col-group-equal-height .fl-col.donate_column_right {\r\n        height: initial;\r\n        position: relative;\r\n        top: 0;\r\n        max-width:600px;\r\n    }\r\n    body:not(.fl-builder-edit) .donate_column_right .donate_info {\r\n        bottom: 0;\r\n        left: -1px;\r\n        padding: 20px;\r\n        background: var(--light-blue);\r\n        right: -1px;\r\n        top:auto;\r\n        height: 100%;\r\n    }\r\n    .fl-node-5f6b8d10e2bd1 > div {\r\n        margin-top:0 !important;\r\n    }\r\n}\r\n@media screen and (max-width: 992px) {\r\n.donate_img_patch {\r\n    height:520px;\r\n}\r\n}\r\n.wp-image-37524 {\r\n    border:4px solid #fff;\r\n    border-radius:50%;\r\n}\r\n@media screen and (max-width:575px){ \r\n    html .donation_tooltip:before{\r\n        position: absolute;\r\n    content: '>';\r\n    display: block;\r\n    height: 20px;\r\n    left: 0;\r\n    top: -5px;\r\n    font-size: 20px;\r\n    font-weight: 500;\r\n    color: #008EBA;\r\n    transform: scale(.5, 1) rotate(0);\r\n    width: 21px;\r\n    }\r\n    html .donation_tooltip.tooltip_accordion_active:before{\r\n        transform: scale(1, .5) rotate(\r\n            90deg\r\n            );\r\n                top: 4px;\r\n                left: 3px;\r\n    }\r\n}\r\n<\/style>\r\n\t\t\t<a href=\"#\" id=\"fl-accordion--label-0\" tabindex=\"0\" aria-controls=\"fl-accordion--panel-0\">L&#8217;histoire de Luzmila<\/a>\r\n\t\t<p><img loading=\"lazy\" decoding=\"async\" src=\"https:\/\/cusointernational.org\/wp-content\/uploads\/Cuso_PageHero_Luzmila-800x667.png\" alt=\"Cuso_PageHero_Luzmila\" width=\"350\" height=\"292\" \/><\/p>\r\n<p>Avant la pand\u00e9mie de COVID-19, Luzmila arrivait p\u00e9niblement \u00e0 joindre les deux bouts. Cette m\u00e8re monoparentale de trois enfants habite \u00e0 Lima, au P\u00e9rou. Elle y vendait des tamales et r\u00eavait de reprendre ses \u00e9tudes en enseignement. Sa vie n&#8217;\u00e9tait pas facile, mais elle s&#8217;en sortait.<\/p>\r\n<p>La pand\u00e9mie est toutefois venue tout bouleverser. Pendant le confinement, Luzmila et des millions d&#8217;autres P\u00e9ruviens se sont retrouv\u00e9s sans revenu, incapables de nourrir leur famille. Si le nombre de personnes mal nourries a augment\u00e9 exponentiellement partout dans le monde pendant la pand\u00e9mie, la situation est particuli\u00e8rement difficile au P\u00e9rou, o\u00f9 le taux de pauvret\u00e9 a connu une hausse fulgurante.<\/p>\r\n<p>\u00ab Toutes les portes qui m&#8217;\u00e9taient ouvertes se sont referm\u00e9es. J&#8217;\u00e9tais d\u00e9sesp\u00e9r\u00e9e. J&#8217;avais l&#8217;impression d&#8217;avoir tout perdu \u00bb, explique Luzmila. <\/p>\r\n<p>Heureusement, avec l&#8217;appui de nos donateurs et donatrices et du programme de cuisine collective, Luzmila arrive \u00e0 nouveau \u00e0 nourrir sa famille et sa communaut\u00e9. Gr\u00e2ce \u00e0 vous, Luzmila et ses concitoyennes suivent des cours sur la culture mara\u00eech\u00e8re et la production alimentaire.<\/p>\r\n<p>Pour ces femmes, une v\u00e9ritable s\u00e9curit\u00e9 alimentaire ne se limite pas \u00e0 nourrir leur famille. \u00c7a ouvre aussi la porte \u00e0 de nouvelles perspectives et \u00e0 la possibilit\u00e9 de briser le cercle de la pauvret\u00e9 \u00e0 tout jamais. Merci pour votre r\u00f4le majeur dans la vie des Luzmila de ce monde.<\/p>\r\n\t\t\t<a href=\"#\" id=\"fl-accordion--label-1\" tabindex=\"0\" aria-controls=\"fl-accordion--panel-1\">L&#8217;histoire de Verediana<\/a>\r\n\t\t<p><img loading=\"lazy\" decoding=\"async\" src=\"https:\/\/cusointernational.org\/wp-content\/uploads\/Verediana2-003-800x534.jpg\" alt=\"Verediana\" width=\"350\" height=\"234\" \/><\/p>\r\n<p>Verediana vivait dans une peur constante, s&#8217;inqui\u00e9tant pour son avenir et se demandant si elle vivrait \u00e0 tout jamais dans la pauvret\u00e9. Comme ses parents, qui assuraient une maigre subsistance \u00e0 leurs sept enfants gr\u00e2ce \u00e0 leur petit lopin de terre.<\/p>\r\n<p>Lorsque Verediana est tomb\u00e9e enceinte, poursuivre ses \u00e9tudes n&#8217;\u00e9tait soudainement plus une option.<\/p>\r\n<p>R\u00e9sultat : cette jeune m\u00e8re monoparentale d&#8217;une fillette de 4 ans risquait dangereusement de faire partie des sombres statistiques de la r\u00e9gion de Shinyanga o\u00f9 78 % des femmes mari\u00e9es de 15 \u00e0 49 ans sont victimes de violence sexiste.<\/p>\r\n<p>De plus, cette r\u00e9gion \u00e9tablit \u00e9galement de tristes records avec 59 % des mariages pr\u00e9coces au pays et 34 % de grossesses chez les adolescentes de moins de 18 ans.<\/p>\r\n<p>\u00ab Pour tout dire, les femmes et les filles ne peuvent pas d\u00e9cider de leur vie, explique Verediana. On s&#8217;attend d&#8217;elles qu&#8217;elles se marient tr\u00e8s jeunes et qu&#8217;elles prennent soin de leur famille. \u00bb<\/p>\r\n<p>Faisant de son mieux pour prendre soin de sa fille, Verediana se demandait si elle pourrait un jour r\u00e9aliser son r\u00eave de poursuivre ses \u00e9tudes et de devenir pharmacienne.<\/p>\r\n<p>D\u00e9termin\u00e9e \u00e0 changer le cours de son destin, elle s&#8217;est inscrite au programme de l&#8217;AGAPE Knowledge Open School (AKOS) pour terminer ses \u00e9tudes secondaires. Or, rien de tout cela ne serait possible sans votre soutien.<\/p>\r\n<p>Votre g\u00e9n\u00e9rosit\u00e9 nous permet de continuer \u00e0 envoyer des volontaires enseigner \u00e0 l&#8217;AKOS pour que les filles puissent faire les \u00e9tudes qu&#8217;elles d\u00e9sirent et que le mariage pr\u00e9coce soit d\u00e9finitivement aboli.<\/p>\r\n<p>&nbsp;<\/p>\r\n\t\t\t<a href=\"#\" id=\"fl-accordion--label-2\" tabindex=\"0\" aria-controls=\"fl-accordion--panel-2\">L&#8217;histoire de Saki<\/a>\r\n\t\t<p><img loading=\"lazy\" decoding=\"async\" src=\"https:\/\/cusointernational.org\/wp-content\/uploads\/saki_story.jpg\" alt=\"Saki\" width=\"350\" height=\"350\" \/><\/p>\r\n<p>Saki n&#8217;a que 17\u00a0ans. V\u00eatue d&#8217;une robe de mari\u00e9e aux couleurs vives, elle tremble en regardant son futur mari\u00e9 marcher en sa direction. Elle n&#8217;a pas choisi de marier cet homme, qui \u00e0 l&#8217;\u00e2ge de son p\u00e8re. Ses parents non plus ne souhaitaient pas vraiment ce mariage, auquel ils ont consenti en raison de leurs difficult\u00e9s financi\u00e8res. Ce n&#8217;est pas l&#8217;avenir que Salamatou, la m\u00e8re de Saki, envisageait pour sa fille.<\/p>\r\n<p>Heureusement, Saki a \u00e9vit\u00e9 cette union gr\u00e2ce au travail acharn\u00e9 de Queens for Peace, un groupe de d\u00e9fense des droits des Camerounaises. Et gr\u00e2ce \u00e0 nos g\u00e9n\u00e9reux donateurs et donatrices, Saki a pu poursuivre ses \u00e9tudes et obtenir son dipl\u00f4me d&#8217;\u00e9tudes secondaire, ce que seulement 48\u00a0% des Camerounaises parviennent \u00e0 faire.<\/p>\r\n<p>Malheureusement, pour une Saki il y a de nombreuses filles qui ne peuvent \u00e9viter le mariage forc\u00e9. Au Cameroun, 30\u00a0% des filles de 15\u00a0\u00e018\u00a0ans sont mari\u00e9es. C&#8217;est pourquoi nous avons besoin de votre aide pour mettre fin \u00e0 cette pratique inhumaine \u00e0 tout jamais. Partout dans le monde. Pour toujours.<\/p>\r\n\t\t\t<a href=\"#\" id=\"fl-accordion--label-3\" tabindex=\"0\" aria-controls=\"fl-accordion--panel-3\">L&#8217;histoire de Queen Moustafa<\/a>\r\n\t\t<p><img loading=\"lazy\" decoding=\"async\" src=\"https:\/\/cusointernational.org\/wp-content\/uploads\/Queen-Moustafa-1.jpeg\" alt=\"Queen Moustafa\" width=\"350\" height=\"350\" \/><\/p>\r\n<p>Nous ne pouvons vous raconter l&#8217;histoire de Saki sans vous parler de Queen Moustafa, une femme qui a aid\u00e9 Saki \u00e0 poursuivre ses \u00e9tudes et \u00e0 \u00e9viter un mariage forc\u00e9.<\/p>\r\n<p>Queen Moustafa est une militante active de Queens for Peace, un groupe qui s&#8217;efforce de mettre fin au mariage infantile, pr\u00e9coce et forc\u00e9 (MIPF) au Cameroun.<\/p>\r\n<p>En dotant les femmes influentes et les leaders traditionnelles des connaissances et des comp\u00e9tences n\u00e9cessaires pour informer leur entourage, Cuso International et ses partenaires locaux investissent dans des changements \u00e0 long terme. Des changements porteurs de libert\u00e9 pour les femmes et les filles qui pourront ainsi concr\u00e9tiser leurs projets d&#8217;avenir, ce qui favorisera ultimement l&#8217;\u00e9galit\u00e9 homme-femme au Cameroun. Or, ce travail serait impossible sans la g\u00e9n\u00e9rosit\u00e9 de nos donateurs et donatrices.<\/p>\r\n<p>Queen Moustafa est l&#8217;une de ces leaders traditionnelles, et c&#8217;est vers elle que s&#8217;est tourn\u00e9e Salamatou, la m\u00e8re de Saki. Queen Moustafa a pu assurer une aide financi\u00e8re pour payer les \u00e9tudes de Saki. Cette aide a diminu\u00e9 le stress financier de ses parents, qui ont ainsi r\u00e9alis\u00e9 que marier leur fille n&#8217;\u00e9tait plus la seule option possible.<\/p>\r\n<p>Pour Salamatou, c&#8217;est clair\u00a0: Queen Moustafa a \u00e9vit\u00e9 un mariage forc\u00e9 \u00e0 sa fille. \u00ab\u00a0Je suis reconnaissante \u00e0 Queen\u00a0Moustafa d&#8217;avoir ajust\u00e9 ma couronne et celle de ma fille. J&#8217;esp\u00e8re que Saki pourra devenir une femme forte et influente comme Queen Moustafa.\u00a0\u00bb<\/p>\r\n<p>Si vous souhaitez vous aussi ajuster la couronne de femmes et de filles du Cameroun et d&#8217;ailleurs dans le monde, vous \u00eates \u00e0 la bonne place! Merci de rendre possibles des histoires comme celle-ci.<\/p>\r\n\t<style>\r\n\/* Accordion custom styles *\/\r\n.fl-accordion-button .fl-module-content a, \r\n.fl-accordion-button .fl-module-content a:hover, \r\n.fl-accordion-button .fl-module-content a:focus {\r\n    text-decoration: none;\r\n}\r\n.fl-accordion-button-icon {\r\n  text-decoration: none;\r\n  color: #ffffff;\r\n  font-size: 20px;\r\n}\r\n.fl-accordion-button-label.noclick {\r\n  border: 0 !important;\r\n  color: #ffffff !important;\r\n}\r\ni.fl-accordion-button-icon {\r\n  position: relative;\r\n  vertical-align: unset;\r\n}\r\n<\/style>\r\n\r\n","protected":false},"excerpt":{"rendered":"<p>[wplodf_insert_post ids=42368] Ce site est prot\u00e9g\u00e9 par reCAPTCHA et la politique de confidentialit\u00e9 et les conditions d&#8217;utilisation de Google s&#8217;appliquent. Est-ce s\u00e9curitaire de faire un don en ligne ? Est-ce s\u00e9curitaire de faire un don en ligne? Absolument! Nous utilisons GeoTrust, un fournisseur num\u00e9rique qui garantit la s\u00e9curit\u00e9 et la confidentialit\u00e9 de vos donn\u00e9es personnelles.&hellip;<\/p>\n","protected":false},"author":33,"featured_media":42494,"parent":0,"menu_order":0,"comment_status":"closed","ping_status":"closed","template":"","meta":{"_acf_changed":false,"footnotes":""},"tags":[],"class_list":["post-42412","page","type-page","status-publish","has-post-thumbnail","hentry"],"acf":[],"yoast_head":"<!-- This site is optimized with the Yoast SEO plugin v27.4 - https:\/\/yoast.com\/product\/yoast-seo-wordpress\/ -->\n<title>Donate Today: Fight Poverty Worldwide | Cuso International<\/title>\n<meta name=\"description\" content=\"Cuso&#039;s development programs &amp; international volunteers work to advance gender equality &amp; improve economic opportunities for youth across four continents.\" \/>\n<meta name=\"robots\" content=\"index, follow, max-snippet:-1, max-image-preview:large, max-video-preview:-1\" \/>\n<link rel=\"canonical\" href=\"https:\/\/cusointernational.org\/fr\/etsi-2022\/\" \/>\n<meta property=\"og:locale\" content=\"fr_FR\" \/>\n<meta property=\"og:type\" content=\"article\" \/>\n<meta property=\"og:title\" content=\"Donate Today: Fight Poverty Worldwide | Cuso International\" \/>\n<meta property=\"og:description\" content=\"Cuso&#039;s development programs &amp; international volunteers work to advance gender equality &amp; improve economic opportunities for youth across four continents.\" \/>\n<meta property=\"og:url\" content=\"https:\/\/cusointernational.org\/fr\/etsi-2022\/\" \/>\n<meta property=\"og:site_name\" content=\"Cuso International\" \/>\n<meta property=\"article:modified_time\" content=\"2023-11-16T16:10:47+00:00\" \/>\n<meta property=\"og:image\" content=\"https:\/\/cusointernational.org\/wp-content\/uploads\/Verediana2-003-scaled.jpg\" \/>\n\t<meta property=\"og:image:width\" content=\"2560\" \/>\n\t<meta property=\"og:image:height\" content=\"1709\" \/>\n\t<meta property=\"og:image:type\" content=\"image\/jpeg\" \/>\n<meta name=\"twitter:card\" content=\"summary_large_image\" \/>\n<meta name=\"twitter:label1\" content=\"Dur\u00e9e de lecture estim\u00e9e\" \/>\n\t<meta name=\"twitter:data1\" content=\"8 minutes\" \/>\n<script type=\"application\/ld+json\" class=\"yoast-schema-graph\">{\"@context\":\"https:\\\/\\\/schema.org\",\"@graph\":[{\"@type\":\"WebPage\",\"@id\":\"https:\\\/\\\/cusointernational.org\\\/fr\\\/etsi-2022\\\/\",\"url\":\"https:\\\/\\\/cusointernational.org\\\/fr\\\/etsi-2022\\\/\",\"name\":\"Donate Today: Fight Poverty Worldwide | Cuso International\",\"isPartOf\":{\"@id\":\"https:\\\/\\\/cusointernational.org\\\/fr\\\/#website\"},\"primaryImageOfPage\":{\"@id\":\"https:\\\/\\\/cusointernational.org\\\/fr\\\/etsi-2022\\\/#primaryimage\"},\"image\":{\"@id\":\"https:\\\/\\\/cusointernational.org\\\/fr\\\/etsi-2022\\\/#primaryimage\"},\"thumbnailUrl\":\"https:\\\/\\\/cusointernational.org\\\/wp-content\\\/uploads\\\/Verediana2-003-scaled.jpg\",\"datePublished\":\"2022-11-18T19:41:46+00:00\",\"dateModified\":\"2023-11-16T16:10:47+00:00\",\"description\":\"Cuso's development programs & international volunteers work to advance gender equality & improve economic opportunities for youth across four continents.\",\"breadcrumb\":{\"@id\":\"https:\\\/\\\/cusointernational.org\\\/fr\\\/etsi-2022\\\/#breadcrumb\"},\"inLanguage\":\"fr-FR\",\"potentialAction\":[{\"@type\":\"ReadAction\",\"target\":[\"https:\\\/\\\/cusointernational.org\\\/fr\\\/etsi-2022\\\/\"]}]},{\"@type\":\"ImageObject\",\"inLanguage\":\"fr-FR\",\"@id\":\"https:\\\/\\\/cusointernational.org\\\/fr\\\/etsi-2022\\\/#primaryimage\",\"url\":\"https:\\\/\\\/cusointernational.org\\\/wp-content\\\/uploads\\\/Verediana2-003-scaled.jpg\",\"contentUrl\":\"https:\\\/\\\/cusointernational.org\\\/wp-content\\\/uploads\\\/Verediana2-003-scaled.jpg\",\"width\":2560,\"height\":1709,\"caption\":\"Verediana and Cuso International\"},{\"@type\":\"BreadcrumbList\",\"@id\":\"https:\\\/\\\/cusointernational.org\\\/fr\\\/etsi-2022\\\/#breadcrumb\",\"itemListElement\":[{\"@type\":\"ListItem\",\"position\":1,\"name\":\"Home\",\"item\":\"https:\\\/\\\/cusointernational.org\\\/fr\\\/\"},{\"@type\":\"ListItem\",\"position\":2,\"name\":\"Digital campaigns &#8211; What If &#8211; OTG FR 2022\"}]},{\"@type\":\"WebSite\",\"@id\":\"https:\\\/\\\/cusointernational.org\\\/fr\\\/#website\",\"url\":\"https:\\\/\\\/cusointernational.org\\\/fr\\\/\",\"name\":\"Cuso International\",\"description\":\"Connecting communities around the world with skilled Canadians to help end poverty\",\"potentialAction\":[{\"@type\":\"SearchAction\",\"target\":{\"@type\":\"EntryPoint\",\"urlTemplate\":\"https:\\\/\\\/cusointernational.org\\\/fr\\\/?s={search_term_string}\"},\"query-input\":{\"@type\":\"PropertyValueSpecification\",\"valueRequired\":true,\"valueName\":\"search_term_string\"}}],\"inLanguage\":\"fr-FR\"}]}<\/script>\n<!-- \/ Yoast SEO plugin. -->","yoast_head_json":{"title":"Donate Today: Fight Poverty Worldwide | Cuso International","description":"Cuso's development programs & international volunteers work to advance gender equality & improve economic opportunities for youth across four continents.","robots":{"index":"index","follow":"follow","max-snippet":"max-snippet:-1","max-image-preview":"max-image-preview:large","max-video-preview":"max-video-preview:-1"},"canonical":"https:\/\/cusointernational.org\/fr\/etsi-2022\/","og_locale":"fr_FR","og_type":"article","og_title":"Donate Today: Fight Poverty Worldwide | Cuso International","og_description":"Cuso's development programs & international volunteers work to advance gender equality & improve economic opportunities for youth across four continents.","og_url":"https:\/\/cusointernational.org\/fr\/etsi-2022\/","og_site_name":"Cuso International","article_modified_time":"2023-11-16T16:10:47+00:00","og_image":[{"width":2560,"height":1709,"url":"https:\/\/cusointernational.org\/wp-content\/uploads\/Verediana2-003-scaled.jpg","type":"image\/jpeg"}],"twitter_card":"summary_large_image","twitter_misc":{"Dur\u00e9e de lecture estim\u00e9e":"8 minutes"},"schema":{"@context":"https:\/\/schema.org","@graph":[{"@type":"WebPage","@id":"https:\/\/cusointernational.org\/fr\/etsi-2022\/","url":"https:\/\/cusointernational.org\/fr\/etsi-2022\/","name":"Donate Today: Fight Poverty Worldwide | Cuso International","isPartOf":{"@id":"https:\/\/cusointernational.org\/fr\/#website"},"primaryImageOfPage":{"@id":"https:\/\/cusointernational.org\/fr\/etsi-2022\/#primaryimage"},"image":{"@id":"https:\/\/cusointernational.org\/fr\/etsi-2022\/#primaryimage"},"thumbnailUrl":"https:\/\/cusointernational.org\/wp-content\/uploads\/Verediana2-003-scaled.jpg","datePublished":"2022-11-18T19:41:46+00:00","dateModified":"2023-11-16T16:10:47+00:00","description":"Cuso's development programs & international volunteers work to advance gender equality & improve economic opportunities for youth across four continents.","breadcrumb":{"@id":"https:\/\/cusointernational.org\/fr\/etsi-2022\/#breadcrumb"},"inLanguage":"fr-FR","potentialAction":[{"@type":"ReadAction","target":["https:\/\/cusointernational.org\/fr\/etsi-2022\/"]}]},{"@type":"ImageObject","inLanguage":"fr-FR","@id":"https:\/\/cusointernational.org\/fr\/etsi-2022\/#primaryimage","url":"https:\/\/cusointernational.org\/wp-content\/uploads\/Verediana2-003-scaled.jpg","contentUrl":"https:\/\/cusointernational.org\/wp-content\/uploads\/Verediana2-003-scaled.jpg","width":2560,"height":1709,"caption":"Verediana and Cuso International"},{"@type":"BreadcrumbList","@id":"https:\/\/cusointernational.org\/fr\/etsi-2022\/#breadcrumb","itemListElement":[{"@type":"ListItem","position":1,"name":"Home","item":"https:\/\/cusointernational.org\/fr\/"},{"@type":"ListItem","position":2,"name":"Digital campaigns &#8211; What If &#8211; OTG FR 2022"}]},{"@type":"WebSite","@id":"https:\/\/cusointernational.org\/fr\/#website","url":"https:\/\/cusointernational.org\/fr\/","name":"Cuso International","description":"Connecting communities around the world with skilled Canadians to help end poverty","potentialAction":[{"@type":"SearchAction","target":{"@type":"EntryPoint","urlTemplate":"https:\/\/cusointernational.org\/fr\/?s={search_term_string}"},"query-input":{"@type":"PropertyValueSpecification","valueRequired":true,"valueName":"search_term_string"}}],"inLanguage":"fr-FR"}]}},"_links":{"self":[{"href":"https:\/\/cusointernational.org\/fr\/wp-json\/wp\/v2\/pages\/42412","targetHints":{"allow":["GET"]}}],"collection":[{"href":"https:\/\/cusointernational.org\/fr\/wp-json\/wp\/v2\/pages"}],"about":[{"href":"https:\/\/cusointernational.org\/fr\/wp-json\/wp\/v2\/types\/page"}],"author":[{"embeddable":true,"href":"https:\/\/cusointernational.org\/fr\/wp-json\/wp\/v2\/users\/33"}],"replies":[{"embeddable":true,"href":"https:\/\/cusointernational.org\/fr\/wp-json\/wp\/v2\/comments?post=42412"}],"version-history":[{"count":0,"href":"https:\/\/cusointernational.org\/fr\/wp-json\/wp\/v2\/pages\/42412\/revisions"}],"wp:featuredmedia":[{"embeddable":true,"href":"https:\/\/cusointernational.org\/fr\/wp-json\/wp\/v2\/media\/42494"}],"wp:attachment":[{"href":"https:\/\/cusointernational.org\/fr\/wp-json\/wp\/v2\/media?parent=42412"}],"wp:term":[{"taxonomy":"post_tag","embeddable":true,"href":"https:\/\/cusointernational.org\/fr\/wp-json\/wp\/v2\/tags?post=42412"}],"curies":[{"name":"wp","href":"https:\/\/api.w.org\/{rel}","templated":true}]}}