{"id":41650,"date":"2022-07-26T11:41:11","date_gmt":"2022-07-26T15:41:11","guid":{"rendered":"https:\/\/cusointernational.org\/?page_id=41650"},"modified":"2022-11-22T15:10:20","modified_gmt":"2022-11-22T20:10:20","slug":"digital-campaigns-spe4","status":"publish","type":"page","link":"https:\/\/cusointernational.org\/fr\/digital-campaigns-spe4\/","title":{"rendered":"Digital campaigns &#8211; SpE4"},"content":{"rendered":"\r\n<p>[wplodf_insert_post ids=41603] Ce site est prot\u00e9g\u00e9 par reCAPTCHA et la <a href=\"https:\/\/policies.google.com\/privacy\" target=\"_blank\" rel=\"noopener\">politique de confidentialit\u00e9<\/a> et les <a href=\"https:\/\/policies.google.com\/terms\" target=\"_blank\" rel=\"noopener\">conditions d&#8217;utilisation<\/a> de Google s&#8217;appliquent. Est-ce s\u00e9curitaire de faire un don en ligne ? Est-ce s\u00e9curitaire de faire un don en ligne? Absolument! Nous utilisons GeoTrust, un fournisseur num\u00e9rique qui garantit la s\u00e9curit\u00e9 et la confidentialit\u00e9 de vos donn\u00e9es personnelles. Pourrais-je recevoir un re\u00e7u aux fins d&#8217;imp\u00f4t ? Pourrais-je recevoir un re\u00e7u aux fins d&#8217;imp\u00f4t? Oui. Tous les dons sont d\u00e9ductibles d&#8217;imp\u00f4t*. Cuso International est un organisme de bienfaisance enregistr\u00e9 au Canada et aux \u00c9tats-Unis. Nous sommes donc autoris\u00e9s \u00e0 remettre des re\u00e7us officiels dans les deux pays. *Des re\u00e7us fiscaux pour les dons de moins de 10 $ peuvent \u00eatre remis sur demande. Puis-je modifier le montant de mes dons mensuels en cours de route? ? Puis-je modifier le montant de mes dons mensuels en cours de route? Nous comprenons que les circonstances peut-\u00eatre ajuster vos dons mensuels.Vous n&#8217;avez qu&#8217;\u00e0 communiquer avec nous (1-888-434-2876, poste 222, ou support@cusointernational.org) et le tour sera jou\u00e9! Puis-je faire un don en devise am\u00e9ricaine ?? Puis-je faire un don en devise am\u00e9ricaine ? Oui, Cuso International est un organisme de bienfaisance enregistr\u00e9 au Canada et aux \u00c9tats-Unis. Par cons\u00e9quent, les dons en devise am\u00e9ricaine sont accept\u00e9s et donnent droit \u00e0 un re\u00e7u fiscal officiel am\u00e9ricain. Afin de faire un don en devise am\u00e9ricaine, veuillez utiliser ce <a href=\"http:\/\/cuso2.convio.net\/site\/Donation2?df_id=1481&amp;mfc_pref=T&amp;1481.donation=form1\" target=\"_blank\" rel=\"noopener\">lien pour acc\u00e9der \u00e0 ce formulaire<\/a>. Notre num\u00e9ro d&#8217;organisme de bienfaisance am\u00e9ricain est le suivant <br \/>30-0545486. <img loading=\"lazy\" decoding=\"async\" title=\"multiplie-7\" src=\"https:\/\/cusointernational.org\/wp-content\/uploads\/multiplie-7.svg\" alt=\"Red badge that says your gift matched with a maple leaf\" width=\"114\" height=\"114\" \/><\/p>\r\n<h1>Aidez Luzmila \u00e0 nourrir son quartier!<\/h1>\r\n<p>Votre g\u00e9n\u00e9rosit\u00e9 permet \u00e0 des P\u00e9ruviennes de Lima de suivre des formations en horticulture et en production alimentaire et d&#8217;acqu\u00e9rir les connaissances et les outils n\u00e9cessaires pour am\u00e9liorer leurs conditions de vie et celles de leur communaut\u00e9.<\/p>\r\n<h2>Sur chaque dollar d\u00e9pens\u00e9, 83 cents vont directement \u00e0 des projets visant \u00e0 r\u00e9duire la pauvret\u00e9 et les in\u00e9galit\u00e9s.<\/h2>\r\n<p>De plus, votre don sera multipli\u00e9 par sept gr\u00e2ce \u00e0 la g\u00e9n\u00e9rosit\u00e9 de nos bailleurs de fonds. Imaginez l&#8217;impact de vos contributions sur le terrain! Investir dans le partage des comp\u00e9tences n&#8217;aura jamais \u00e9t\u00e9 si payant! L&#8217;an dernier, plus de 1,9 millions de personnes ont profit\u00e9 de nos programmes gr\u00e2ce \u00e0 la g\u00e9n\u00e9rosit\u00e9 de nos donateurs et de nos bailleurs de fonds. Consultez notre page sur la reddition de comptes pour plus d&#8217;information.<\/p>\r\n<p><style>\r\n    .fl-builder-content .fl-node-5f6b8d10e2bd4 > .fl-col-content {\r\n        min-height: calc(100vh - 90px);\r\n    }\r\n    body:not(.fl-builder-edit) .donate_column_right .donate_info{\r\n            padding-bottom: 30px;\r\n    }\r\n    .fl-node-5f6b8d10e2bd4 > .fl-col-content {\r\n    position: relative;\r\n    background-position: center -10%;\r\n    background-repeat:no-repeat;\r\n    background-color:#000;\r\n    background-size: cover;\r\n}\r\nh1.donate_infotxt {\r\n    font-size: 36px;\r\n    line-height: 38px;\r\n}\r\n    .fl-node-5f6b8d10e2bd4 > .fl-col-content:before {\r\n        position:absolute;\r\n        top:10px;\r\n        left:10px;\r\n        right:10px;\r\n        bottom:10px;\r\n        content:'';\r\n        border:2px solid #fff;\r\n        border-radius:10px;\r\n        background-repeat:no-repeat;\r\n        background-size:40px auto;\r\n        background-position:right 10px top 10px;\r\n    }\r\n    .donateLink {\r\n        margin-top:20px;\r\nborder-radius: 31px !important;\r\n    background: #ffca38 !important;\r\n    color: #2C2C2C !important;\r\n    box-shadow: 0px 3px 20px rgba(0, 0, 0, 0.16) !important;\r\n    border: none !important;\r\n    text-transform: uppercase !important;\r\n    font-family: \"Marr Sans Cond Web\" !important;\r\n    font-weight: bold !important;\r\n    font-size: 20px !important;\r\n    letter-spacing: 0.03em !important;\r\n    display: inline-block;\r\n    align-items: center;\r\n    justify-content: space-between;\r\n    height: 62px;\r\n    padding: 0 30px !important;\r\n    line-height: 62px;\r\n}\r\n@media screen and (min-width:993px){\r\n.fl-node-5f74983393189 .fl-module-content {\r\n    margin: 0px;\r\n    background-color: rgba(0,0,0,.5);\r\n    padding: 0 15px;\r\n    border-radius: 20px;\r\n}\r\n}\r\n.donation_tooltip_question {\r\n    margin-left:.5em;\r\n}\r\n@media screen and (max-width:768px){\r\n    body{\r\n    padding-top:0;\r\n}\r\n        .fl-builder-content .fl-node-5f6b8d10e2bd4 > .fl-col-content {\r\n        min-height: auto;\r\n    }\r\n}\r\n@media screen and (max-width:992px){\r\n    .matching-graphic {\r\n        display:none;\r\n    }\r\nbody{\r\n    padding-top:90px;\r\n}\r\n    .fl-col-group.fl-col-group-equal-height.fl-col-group-custom-width {\r\n        flex-direction:column-reverse;\r\n    }\r\n    body:not(.fl-builder-edit) .fl-col-group-equal-height .fl-col.donate_column_right {\r\n        height: initial;\r\n        position: relative;\r\n        top: 0;\r\n        max-width:600px;\r\n    }\r\n    body:not(.fl-builder-edit) .donate_column_right .donate_info {\r\n        bottom: 0;\r\n        left: -1px;\r\n        padding: 20px;\r\n        background: var(--light-blue);\r\n        right: -1px;\r\n        top:auto;\r\n        height: 100%;\r\n    }\r\n    .fl-node-5f6b8d10e2bd1 > div {\r\n        margin-top:0 !important;\r\n    }\r\n}\r\n@media screen and (max-width: 992px) {\r\n.donate_img_patch {\r\n    height:520px;\r\n}\r\n}\r\n.wp-image-37524 {\r\n    border:4px solid #fff;\r\n    border-radius:50%;\r\n}\r\n@media screen and (max-width:575px){ \r\n    html .donation_tooltip:before{\r\n        position: absolute;\r\n    content: '>';\r\n    display: block;\r\n    height: 20px;\r\n    left: 0;\r\n    top: -5px;\r\n    font-size: 20px;\r\n    font-weight: 500;\r\n    color: #008EBA;\r\n    transform: scale(.5, 1) rotate(0);\r\n    width: 21px;\r\n    }\r\n    html .donation_tooltip.tooltip_accordion_active:before{\r\n        transform: scale(1, .5) rotate(\r\n            90deg\r\n            );\r\n                top: 4px;\r\n                left: 3px;\r\n    }\r\n}\r\n<\/style><\/p>\r\n","protected":false},"excerpt":{"rendered":"<p>[wplodf_insert_post ids=41603] Ce site est prot\u00e9g\u00e9 par reCAPTCHA et la politique de confidentialit\u00e9 et les conditions d&#8217;utilisation de Google s&#8217;appliquent. Est-ce s\u00e9curitaire de faire un don en ligne ? Est-ce s\u00e9curitaire de faire un don en ligne? Absolument! Nous utilisons GeoTrust, un fournisseur num\u00e9rique qui garantit la s\u00e9curit\u00e9 et la confidentialit\u00e9 de vos donn\u00e9es personnelles.&hellip;<\/p>\n","protected":false},"author":3,"featured_media":41460,"parent":0,"menu_order":0,"comment_status":"closed","ping_status":"closed","template":"","meta":{"_acf_changed":false,"footnotes":""},"tags":[],"class_list":["post-41650","page","type-page","status-publish","has-post-thumbnail","hentry"],"acf":[],"yoast_head":"<!-- This site is optimized with the Yoast SEO plugin v27.4 - https:\/\/yoast.com\/product\/yoast-seo-wordpress\/ -->\n<title>Donate Today: Fight Poverty Worldwide | Cuso International<\/title>\n<meta name=\"description\" content=\"Cuso&#039;s development programs &amp; international volunteers work to advance gender equality &amp; improve economic opportunities for youth across four continents.\" \/>\n<meta name=\"robots\" content=\"index, follow, max-snippet:-1, max-image-preview:large, max-video-preview:-1\" \/>\n<link rel=\"canonical\" href=\"https:\/\/cusointernational.org\/fr\/digital-campaigns-spe4\/\" \/>\n<meta property=\"og:locale\" content=\"fr_FR\" \/>\n<meta property=\"og:type\" content=\"article\" \/>\n<meta property=\"og:title\" content=\"Donate Today: Fight Poverty Worldwide | Cuso International\" \/>\n<meta property=\"og:description\" content=\"Cuso&#039;s development programs &amp; international volunteers work to advance gender equality &amp; improve economic opportunities for youth across four continents.\" \/>\n<meta property=\"og:url\" content=\"https:\/\/cusointernational.org\/fr\/digital-campaigns-spe4\/\" \/>\n<meta property=\"og:site_name\" content=\"Cuso International\" \/>\n<meta property=\"article:modified_time\" content=\"2022-11-22T20:10:20+00:00\" \/>\n<meta property=\"og:image\" content=\"https:\/\/cusointernational.org\/wp-content\/uploads\/Honduran_fisherwomen-bg.jpg\" \/>\n\t<meta property=\"og:image:width\" content=\"1800\" \/>\n\t<meta property=\"og:image:height\" content=\"1200\" \/>\n\t<meta property=\"og:image:type\" content=\"image\/jpeg\" \/>\n<meta name=\"twitter:card\" content=\"summary_large_image\" \/>\n<meta name=\"twitter:label1\" content=\"Dur\u00e9e de lecture estim\u00e9e\" \/>\n\t<meta name=\"twitter:data1\" content=\"2 minutes\" \/>\n<script type=\"application\/ld+json\" class=\"yoast-schema-graph\">{\"@context\":\"https:\\\/\\\/schema.org\",\"@graph\":[{\"@type\":\"WebPage\",\"@id\":\"https:\\\/\\\/cusointernational.org\\\/fr\\\/digital-campaigns-spe4\\\/\",\"url\":\"https:\\\/\\\/cusointernational.org\\\/fr\\\/digital-campaigns-spe4\\\/\",\"name\":\"Donate Today: Fight Poverty Worldwide | Cuso International\",\"isPartOf\":{\"@id\":\"https:\\\/\\\/cusointernational.org\\\/fr\\\/#website\"},\"primaryImageOfPage\":{\"@id\":\"https:\\\/\\\/cusointernational.org\\\/fr\\\/digital-campaigns-spe4\\\/#primaryimage\"},\"image\":{\"@id\":\"https:\\\/\\\/cusointernational.org\\\/fr\\\/digital-campaigns-spe4\\\/#primaryimage\"},\"thumbnailUrl\":\"https:\\\/\\\/cusointernational.org\\\/wp-content\\\/uploads\\\/Honduran_fisherwomen-bg.jpg\",\"datePublished\":\"2022-07-26T15:41:11+00:00\",\"dateModified\":\"2022-11-22T20:10:20+00:00\",\"description\":\"Cuso's development programs & international volunteers work to advance gender equality & improve economic opportunities for youth across four continents.\",\"breadcrumb\":{\"@id\":\"https:\\\/\\\/cusointernational.org\\\/fr\\\/digital-campaigns-spe4\\\/#breadcrumb\"},\"inLanguage\":\"fr-FR\",\"potentialAction\":[{\"@type\":\"ReadAction\",\"target\":[\"https:\\\/\\\/cusointernational.org\\\/fr\\\/digital-campaigns-spe4\\\/\"]}]},{\"@type\":\"ImageObject\",\"inLanguage\":\"fr-FR\",\"@id\":\"https:\\\/\\\/cusointernational.org\\\/fr\\\/digital-campaigns-spe4\\\/#primaryimage\",\"url\":\"https:\\\/\\\/cusointernational.org\\\/wp-content\\\/uploads\\\/Honduran_fisherwomen-bg.jpg\",\"contentUrl\":\"https:\\\/\\\/cusointernational.org\\\/wp-content\\\/uploads\\\/Honduran_fisherwomen-bg.jpg\",\"width\":1800,\"height\":1200,\"caption\":\"Honduran fisherwomen, Cuso International\"},{\"@type\":\"BreadcrumbList\",\"@id\":\"https:\\\/\\\/cusointernational.org\\\/fr\\\/digital-campaigns-spe4\\\/#breadcrumb\",\"itemListElement\":[{\"@type\":\"ListItem\",\"position\":1,\"name\":\"Home\",\"item\":\"https:\\\/\\\/cusointernational.org\\\/fr\\\/\"},{\"@type\":\"ListItem\",\"position\":2,\"name\":\"Digital campaigns &#8211; SpE4\"}]},{\"@type\":\"WebSite\",\"@id\":\"https:\\\/\\\/cusointernational.org\\\/fr\\\/#website\",\"url\":\"https:\\\/\\\/cusointernational.org\\\/fr\\\/\",\"name\":\"Cuso International\",\"description\":\"Connecting communities around the world with skilled Canadians to help end poverty\",\"potentialAction\":[{\"@type\":\"SearchAction\",\"target\":{\"@type\":\"EntryPoint\",\"urlTemplate\":\"https:\\\/\\\/cusointernational.org\\\/fr\\\/?s={search_term_string}\"},\"query-input\":{\"@type\":\"PropertyValueSpecification\",\"valueRequired\":true,\"valueName\":\"search_term_string\"}}],\"inLanguage\":\"fr-FR\"}]}<\/script>\n<!-- \/ Yoast SEO plugin. -->","yoast_head_json":{"title":"Donate Today: Fight Poverty Worldwide | Cuso International","description":"Cuso's development programs & international volunteers work to advance gender equality & improve economic opportunities for youth across four continents.","robots":{"index":"index","follow":"follow","max-snippet":"max-snippet:-1","max-image-preview":"max-image-preview:large","max-video-preview":"max-video-preview:-1"},"canonical":"https:\/\/cusointernational.org\/fr\/digital-campaigns-spe4\/","og_locale":"fr_FR","og_type":"article","og_title":"Donate Today: Fight Poverty Worldwide | Cuso International","og_description":"Cuso's development programs & international volunteers work to advance gender equality & improve economic opportunities for youth across four continents.","og_url":"https:\/\/cusointernational.org\/fr\/digital-campaigns-spe4\/","og_site_name":"Cuso International","article_modified_time":"2022-11-22T20:10:20+00:00","og_image":[{"width":1800,"height":1200,"url":"https:\/\/cusointernational.org\/wp-content\/uploads\/Honduran_fisherwomen-bg.jpg","type":"image\/jpeg"}],"twitter_card":"summary_large_image","twitter_misc":{"Dur\u00e9e de lecture estim\u00e9e":"2 minutes"},"schema":{"@context":"https:\/\/schema.org","@graph":[{"@type":"WebPage","@id":"https:\/\/cusointernational.org\/fr\/digital-campaigns-spe4\/","url":"https:\/\/cusointernational.org\/fr\/digital-campaigns-spe4\/","name":"Donate Today: Fight Poverty Worldwide | Cuso International","isPartOf":{"@id":"https:\/\/cusointernational.org\/fr\/#website"},"primaryImageOfPage":{"@id":"https:\/\/cusointernational.org\/fr\/digital-campaigns-spe4\/#primaryimage"},"image":{"@id":"https:\/\/cusointernational.org\/fr\/digital-campaigns-spe4\/#primaryimage"},"thumbnailUrl":"https:\/\/cusointernational.org\/wp-content\/uploads\/Honduran_fisherwomen-bg.jpg","datePublished":"2022-07-26T15:41:11+00:00","dateModified":"2022-11-22T20:10:20+00:00","description":"Cuso's development programs & international volunteers work to advance gender equality & improve economic opportunities for youth across four continents.","breadcrumb":{"@id":"https:\/\/cusointernational.org\/fr\/digital-campaigns-spe4\/#breadcrumb"},"inLanguage":"fr-FR","potentialAction":[{"@type":"ReadAction","target":["https:\/\/cusointernational.org\/fr\/digital-campaigns-spe4\/"]}]},{"@type":"ImageObject","inLanguage":"fr-FR","@id":"https:\/\/cusointernational.org\/fr\/digital-campaigns-spe4\/#primaryimage","url":"https:\/\/cusointernational.org\/wp-content\/uploads\/Honduran_fisherwomen-bg.jpg","contentUrl":"https:\/\/cusointernational.org\/wp-content\/uploads\/Honduran_fisherwomen-bg.jpg","width":1800,"height":1200,"caption":"Honduran fisherwomen, Cuso International"},{"@type":"BreadcrumbList","@id":"https:\/\/cusointernational.org\/fr\/digital-campaigns-spe4\/#breadcrumb","itemListElement":[{"@type":"ListItem","position":1,"name":"Home","item":"https:\/\/cusointernational.org\/fr\/"},{"@type":"ListItem","position":2,"name":"Digital campaigns &#8211; SpE4"}]},{"@type":"WebSite","@id":"https:\/\/cusointernational.org\/fr\/#website","url":"https:\/\/cusointernational.org\/fr\/","name":"Cuso International","description":"Connecting communities around the world with skilled Canadians to help end poverty","potentialAction":[{"@type":"SearchAction","target":{"@type":"EntryPoint","urlTemplate":"https:\/\/cusointernational.org\/fr\/?s={search_term_string}"},"query-input":{"@type":"PropertyValueSpecification","valueRequired":true,"valueName":"search_term_string"}}],"inLanguage":"fr-FR"}]}},"_links":{"self":[{"href":"https:\/\/cusointernational.org\/fr\/wp-json\/wp\/v2\/pages\/41650","targetHints":{"allow":["GET"]}}],"collection":[{"href":"https:\/\/cusointernational.org\/fr\/wp-json\/wp\/v2\/pages"}],"about":[{"href":"https:\/\/cusointernational.org\/fr\/wp-json\/wp\/v2\/types\/page"}],"author":[{"embeddable":true,"href":"https:\/\/cusointernational.org\/fr\/wp-json\/wp\/v2\/users\/3"}],"replies":[{"embeddable":true,"href":"https:\/\/cusointernational.org\/fr\/wp-json\/wp\/v2\/comments?post=41650"}],"version-history":[{"count":0,"href":"https:\/\/cusointernational.org\/fr\/wp-json\/wp\/v2\/pages\/41650\/revisions"}],"wp:featuredmedia":[{"embeddable":true,"href":"https:\/\/cusointernational.org\/fr\/wp-json\/wp\/v2\/media\/41460"}],"wp:attachment":[{"href":"https:\/\/cusointernational.org\/fr\/wp-json\/wp\/v2\/media?parent=41650"}],"wp:term":[{"taxonomy":"post_tag","embeddable":true,"href":"https:\/\/cusointernational.org\/fr\/wp-json\/wp\/v2\/tags?post=41650"}],"curies":[{"name":"wp","href":"https:\/\/api.w.org\/{rel}","templated":true}]}}