{"id":41169,"date":"2022-04-25T13:30:52","date_gmt":"2022-04-25T17:30:52","guid":{"rendered":"https:\/\/cusointernational.org\/?page_id=41169"},"modified":"2022-04-25T17:14:14","modified_gmt":"2022-04-25T21:14:14","slug":"catalyseur-extra-magazine-de-cuso-international-printemps-2022","status":"publish","type":"page","link":"https:\/\/cusointernational.org\/fr\/catalyseur-extra-magazine-de-cuso-international-printemps-2022\/","title":{"rendered":"CATALYSEUR Extra &#8211; Magazine de Cuso International &#8211; Printemps 2022"},"content":{"rendered":"\n<h3>\n\t\tCATALYSEUR Extra\n\t<\/h3>\n\t<p>Magazine de Cuso International Printemps 2022<\/p>\n<h1>\n\t\tRevenir sur le pass\u00e9<br \/>et le pr\u00e9sent de Cuso\u202f \n\t<\/h1>\n\t<p>Bonjour chers lecteurs et ch\u00e8res lectrices! Dans cette \u00e9dition enti\u00e8rement num\u00e9rique, nous faisons un retour en arri\u00e8re sur les d\u00e9buts de Cuso, nous abordons les d\u00e9fis auxquels doit faire face le secteur de la coop\u00e9ration internationale et nous d\u00e9couvrons les r\u00e9cits et les r\u00e9ussites de nos coop\u00e9rants-volontaires pass\u00e9s et actuels.<\/p>\n<h2>\n\t\tCONTENU\n\t<\/h2>\n\t<ul>\n<li><a href=\"#welcome\">Bienvenue<\/a><\/li>\n<li><a href=\"#features\">Articles<\/a><\/li>\n<li><a href=\"#iamcuso\">#JesuisCuso<\/a><\/li>\n<li><a href=\"#challenge\">D\u00e9fi Cuso<\/a><\/li>\n<li><a href=\"#donate\">L\u00e9guer l&#8217;espoir en h\u00e9ritage<\/a><\/li>\n<\/ul>\n\t\t\t\t<img loading=\"lazy\" decoding=\"async\" src=\"https:\/\/cusointernational.org\/wp-content\/uploads\/CATALYSEUR_cover-Spring_2022-800x720.jpg\" alt=\"CATALYSEUR Printemps 2022\" itemprop=\"image\" height=\"720\" width=\"800\" title=\"CATALYSEUR_cover-Spring_2022\" onerror=\"this.style.display='none'\"  \/>\n\t<p><strong>Page couverture<\/strong> : Le projet du Fonds pour l&#8217;innovation de Cuso International au Cameroun<\/p>\n<p><strong>Photo<\/strong>: Brian Atkinson<\/p>\n<h2>\n\t\tCoup d&#8217;\u0153il sur le pass\u00e9 et coup de barre vers l&#8217;avenir\u202f \n\t<\/h2>\n\t<p>L&#8217;an dernier, Cuso International f\u00eatait son 60e anniversaire. Un jalon important qui nous a permis de revenir sur nos d\u00e9buts et de r\u00e9fl\u00e9chir \u00e0 notre avenir. Ce fut aussi l&#8217;occasion de braquer les projecteurs sur nos bons coups et sur les changements auxquels nous avons contribu\u00e9 aux quatre coins du monde. Tout \u00e7a en grande partie gr\u00e2ce \u00e0 vos g\u00e9n\u00e9reuses contributions.<\/p>\n<p>Dans ce num\u00e9ro bien sp\u00e9cial du Catalyseur, nous vous invitons \u00e0 d\u00e9couvrir certaines de nos r\u00e9ussites, tout particuli\u00e8rement des projets agroalimentaires qui transforment la vie des habitants de nombreux villages tanzaniens. Vous y d\u00e9couvrirez \u00e9galement les r\u00e9flexions d&#8217;Ann Speak, une ancienne coop\u00e9rante-volontaire qui a d\u00e9cid\u00e9 de faire un don testamentaire \u00e0 Cuso.<\/p>\n<p>Merci de votre soutien \u00e0 notre mission! Gr\u00e2ce \u00e0 vous, nous am\u00e9liorons les conditions de vie des gens et b\u00e2tissons un monde plus juste et plus \u00e9quitable.<\/p>\n<p>&nbsp;<\/p>\n<h2>\n\t\tARTICLES\n\t<\/h2>\n\t\t\t\t<img loading=\"lazy\" decoding=\"async\" src=\"https:\/\/cusointernational.org\/wp-content\/uploads\/March2022-Martha_Nixon_1964_Balarampur-West_Bengal-800x500.jpg\" alt=\"Cuso Alumni Martha Nixon, 1964-Balarampur, West Bengal\" itemprop=\"image\" height=\"500\" width=\"800\" title=\"March2022-Martha_Nixon_1964_Balarampur-West_Bengal\" onerror=\"this.style.display='none'\"  \/>\n<h3>\n\t\tLa force de la compassion et de la compr\u00e9hension des dynamiques mondiales \n\t<\/h3>\n\t<p>Des coop\u00e9rants-volontaires de la premi\u00e8re heure reviennent sur leur exp\u00e9rience transformatrice et sur les fondateurs ayant donn\u00e9 naissance \u00e0 l&#8217;organisation<\/p>\n\t\t\t<a href=\"https:\/\/cusointernational.org\/fr\/?post_type=stories&#038;p=40852\" target=\"_self\" role=\"button\" rel=\"noopener\">\n\t\t\t\t\t\t\tLIRE CETTE HISTOIRE\n\t\t\t\t\t<\/a>\n<h3>\n\t\tExplorer les possibilit\u00e9s\n\t<\/h3>\n\t<p>Des employ\u00e9s, des cadres et des coop\u00e9rants-volontaires de Cuso d&#8217;hier et d&#8217;aujourd&#8217;hui se penchent sur les enjeux et les d\u00e9fis de la coop\u00e9ration internationale.<\/p>\n\t\t\t<a href=\"https:\/\/cusointernational.org\/fr\/?post_type=stories&#038;p=40857\" target=\"_self\" role=\"button\" rel=\"noopener\">\n\t\t\t\t\t\t\tLIRE CETTE HISTOIRE\n\t\t\t\t\t<\/a>\n\t\t\t\t<img loading=\"lazy\" decoding=\"async\" src=\"https:\/\/cusointernational.org\/wp-content\/uploads\/March2022-Thinkpiece-Peru-800x500.jpg\" alt=\"Cuso International, Peru\" itemprop=\"image\" height=\"500\" width=\"800\" title=\"March2022-Thinkpiece-Peru\" onerror=\"this.style.display='none'\"  \/>\n\t\t\t\t<img loading=\"lazy\" decoding=\"async\" src=\"https:\/\/cusointernational.org\/wp-content\/uploads\/March2022-Richard_Simoni-Kolping-800x600.jpg\" alt=\"Richard Simoni, Kolping-Cuso International\" itemprop=\"image\" height=\"600\" width=\"800\" title=\"March2022-Richard_Simoni-Kolping\" onerror=\"this.style.display='none'\"  \/>\n<h3>\n\t\tTout un village sous l&#8217;effet stimulant caf\u00e9 \n\t<\/h3>\n\t<p>Depuis 10\u202fans, des cultivateurs tanzaniens am\u00e9liorent le quotidien de leur famille gr\u00e2ce \u00e0 la prosp\u00e9rit\u00e9 et \u00e0 la stabilit\u00e9 du secteur du caf\u00e9.<\/p>\n\t\t\t<a href=\"https:\/\/cusointernational.org\/fr\/?post_type=stories&#038;p=40847\" target=\"_self\" role=\"button\" rel=\"noopener\">\n\t\t\t\t\t\t\tLIRE CETTE HISTOIRE\n\t\t\t\t\t<\/a>\n<h3>\n\t\tSemer l&#8217;espoir en Tanzanie gr\u00e2ce \u00e0 de meilleurs gagne-pain\n\t<\/h3>\n\t<p>Le projet Mod\u00e8le d&#8217;affaires kizimba engage les femmes et les jeunes dans l&#8217;agriculture et l&#8217;agrobusiness.<\/p>\n\t\t\t<a href=\"https:\/\/cusointernational.org\/fr\/?post_type=stories&#038;p=40842\" target=\"_self\" role=\"button\" rel=\"noopener\">\n\t\t\t\t\t\t\tLIRE CETTE HISTOIRE\n\t\t\t\t\t<\/a>\n\t\t\t\t<img loading=\"lazy\" decoding=\"async\" src=\"https:\/\/cusointernational.org\/wp-content\/uploads\/March2022-Tanzania-Marcelina-Lubuva-800x500.jpg\" alt=\"Marcelina Lubuva-Tanzania\/Cuso\" itemprop=\"image\" height=\"500\" width=\"800\" title=\"March2022-Tanzania-Marcelina Lubuva\" onerror=\"this.style.display='none'\"  \/>\n<h2>\n\t\tPLEINS FEUX\n\t<\/h2>\n\t\t\t\t<img loading=\"lazy\" decoding=\"async\" src=\"https:\/\/cusointernational.org\/wp-content\/uploads\/March2022-IamCuso-German-Chique-Alfonzo-2-800x600.jpg\" alt=\"amCuso-German-Chique-Alfonzo\" itemprop=\"image\" height=\"600\" width=\"800\" title=\"March2022-IamCuso-German Chique-Alfonzo-2\" onerror=\"this.style.display='none'\"  \/>\n<h3>\n\t\t#JesuisCuso\n\t<\/h3>\n\t<p><strong>German\u202fChique-Alfonzo<\/strong><br \/>Coop\u00e9rant-volontaire en ligne<br \/>Am\u00e9rique latine et Cara\u00efbes, 2021-2022<\/p>\n<p><strong>#JeSuisCuso<\/strong>\u00a0parce que, en tant que m\u00e9decin et chercheur, je souhaite ardemment aider les gens et que je me soucie du bien-\u00eatre des communaut\u00e9s et des coop\u00e9rants-volontaires qui travaillent sur le terrain pendant la pand\u00e9mie de COVID-19.<\/p>\n<h3>\n\t\t#JesuisCuso\n\t<\/h3>\n\t<p><strong>Marcelina\u202fMartine\u202fLubuva<\/strong><br \/>Coop\u00e9rante-volontaire locale<br \/>Tanzanie, 2022<\/p>\n<p><strong>#JeSuisCuso<\/strong>\u00a0parce que j&#8217;ai la possibilit\u00e9 d&#8217;accompagner les femmes et les jeunes dans leur qu\u00eate de savoirs et de comp\u00e9tences en agroalimentaire afin qu&#8217;ils puissent avoir un bon gagne-pain et am\u00e9liorer leurs conditions de vie et la situation de leur communaut\u00e9.<\/p>\n<p>Marcelina\u202fMartine\u202fLubuva travaille en horticulture et g\u00e8re une ferme \u00e0 Morogoro, en Tanzanie.<\/p>\n\t\t\t\t<img loading=\"lazy\" decoding=\"async\" src=\"https:\/\/cusointernational.org\/wp-content\/uploads\/March2022-IamCuso-Marcelina-2-800x600.jpg\" alt=\"#IamCuso - Marcelina Martine Lubuva\" itemprop=\"image\" height=\"600\" width=\"800\" title=\"March2022-IamCuso-Marcelina-2\" onerror=\"this.style.display='none'\"  \/>\n<h2>\n\t\tD\u00c9FI CUSO : D\u00c9PASSEZ-VOUS! MARCHEZ POUR UN MONDE MEILLEU\n\t<\/h2>\n\t<p><strong>24 septembre au 2 octobre 2022<\/strong><\/p>\n<p><strong>Machu Picchu, au P\u00e9rou<\/strong><\/p>\n<p>L&#8217;aventure vous int\u00e9resse?<\/p>\n<p>Vous aimeriez en savoir plus?<\/p>\n<p>Communiquez avec Amie Gibson sans tarder<\/p>\n<p>(amie.gibson@cusointernational.org<\/p>\n<p>ou 1-888-434-2876, poste 245).<\/p>\n\t\t\t<a href=\"https:\/\/cusointernational.org\/fr\/passez-a-laction\/recueillir-des-fonds-avec-nous\/defi-cuso-2020\/\" target=\"_blank\" role=\"button\" rel=\"noopener\">\n\t\t\t\t\t\tEN SAVOIR PLUS\n\t\t\t\t\t<\/a>\n<h2>\n\t\tLA JOIE D&#8217;APPRENDRE ET DE RENDRE LA PAREILLE\n\t<\/h2>\n\t<p>Ann\u202fSpeak nous raconte en quoi son exp\u00e9rience sur le terrain l&#8217;a transform\u00e9e, tout comme sa d\u00e9cision de faire un don testamentaire.<\/p>\n\t\t\t<a href=\"https:\/\/cusointernational.org\/fr\/?post_type=stories&#038;p=40836\" target=\"_self\" role=\"button\" rel=\"noopener\">\n\t\t\t\t\t\tLISEZ COMMENT\n\t\t\t\t\t<\/a>\n\n","protected":false},"excerpt":{"rendered":"<p>CATALYSEUR Extra Magazine de Cuso International Printemps 2022 Revenir sur le pass\u00e9et le pr\u00e9sent de Cuso\u202f Bonjour chers lecteurs et ch\u00e8res lectrices! Dans cette \u00e9dition enti\u00e8rement num\u00e9rique, nous faisons un retour en arri\u00e8re sur les d\u00e9buts de Cuso, nous abordons les d\u00e9fis auxquels doit faire face le secteur de la coop\u00e9ration internationale et nous d\u00e9couvrons&hellip;<\/p>\n","protected":false},"author":3,"featured_media":40962,"parent":0,"menu_order":0,"comment_status":"closed","ping_status":"closed","template":"","meta":{"_acf_changed":false,"footnotes":""},"tags":[],"class_list":["post-41169","page","type-page","status-publish","has-post-thumbnail","hentry"],"acf":[],"yoast_head":"<!-- This site is optimized with the Yoast SEO plugin v27.3 - https:\/\/yoast.com\/product\/yoast-seo-wordpress\/ -->\n<title>CATALYSEUR Extra - Magazine de Cuso International - Printemps 2022 - Cuso International<\/title>\n<meta name=\"description\" content=\"Des employ\u00e9s, des cadres et des coop\u00e9rants-volontaires de Cuso d\u2019hier et d\u2019aujourd\u2019hui se penchent sur les enjeux et les d\u00e9fis de la coop\u00e9ration internationale.\" \/>\n<meta name=\"robots\" content=\"index, follow, max-snippet:-1, max-image-preview:large, max-video-preview:-1\" \/>\n<link rel=\"canonical\" href=\"https:\/\/cusointernational.org\/fr\/catalyseur-extra-magazine-de-cuso-international-printemps-2022\/\" \/>\n<meta property=\"og:locale\" content=\"fr_FR\" \/>\n<meta property=\"og:type\" content=\"article\" \/>\n<meta property=\"og:title\" content=\"CATALYSEUR Extra - Magazine de Cuso International - Printemps 2022 - Cuso International\" \/>\n<meta property=\"og:description\" content=\"Des employ\u00e9s, des cadres et des coop\u00e9rants-volontaires de Cuso d\u2019hier et d\u2019aujourd\u2019hui se penchent sur les enjeux et les d\u00e9fis de la coop\u00e9ration internationale.\" \/>\n<meta property=\"og:url\" content=\"https:\/\/cusointernational.org\/fr\/catalyseur-extra-magazine-de-cuso-international-printemps-2022\/\" \/>\n<meta property=\"og:site_name\" content=\"Cuso International\" \/>\n<meta property=\"article:modified_time\" content=\"2022-04-25T21:14:14+00:00\" \/>\n<meta property=\"og:image\" content=\"https:\/\/cusointernational.org\/wp-content\/uploads\/Catalyst_cover-Spring_2022.jpg\" \/>\n\t<meta property=\"og:image:width\" content=\"1000\" \/>\n\t<meta property=\"og:image:height\" content=\"900\" \/>\n\t<meta property=\"og:image:type\" content=\"image\/jpeg\" \/>\n<meta name=\"twitter:card\" content=\"summary_large_image\" \/>\n<meta name=\"twitter:label1\" content=\"Dur\u00e9e de lecture estim\u00e9e\" \/>\n\t<meta name=\"twitter:data1\" content=\"3 minutes\" \/>\n<script type=\"application\/ld+json\" class=\"yoast-schema-graph\">{\"@context\":\"https:\\\/\\\/schema.org\",\"@graph\":[{\"@type\":\"WebPage\",\"@id\":\"https:\\\/\\\/cusointernational.org\\\/fr\\\/catalyseur-extra-magazine-de-cuso-international-printemps-2022\\\/\",\"url\":\"https:\\\/\\\/cusointernational.org\\\/fr\\\/catalyseur-extra-magazine-de-cuso-international-printemps-2022\\\/\",\"name\":\"CATALYSEUR Extra - Magazine de Cuso International - Printemps 2022 - Cuso International\",\"isPartOf\":{\"@id\":\"https:\\\/\\\/cusointernational.org\\\/fr\\\/#website\"},\"primaryImageOfPage\":{\"@id\":\"https:\\\/\\\/cusointernational.org\\\/fr\\\/catalyseur-extra-magazine-de-cuso-international-printemps-2022\\\/#primaryimage\"},\"image\":{\"@id\":\"https:\\\/\\\/cusointernational.org\\\/fr\\\/catalyseur-extra-magazine-de-cuso-international-printemps-2022\\\/#primaryimage\"},\"thumbnailUrl\":\"https:\\\/\\\/cusointernational.org\\\/wp-content\\\/uploads\\\/Catalyst_cover-Spring_2022.jpg\",\"datePublished\":\"2022-04-25T17:30:52+00:00\",\"dateModified\":\"2022-04-25T21:14:14+00:00\",\"description\":\"Des employ\u00e9s, des cadres et des coop\u00e9rants-volontaires de Cuso d\u2019hier et d\u2019aujourd\u2019hui se penchent sur les enjeux et les d\u00e9fis de la coop\u00e9ration internationale.\",\"breadcrumb\":{\"@id\":\"https:\\\/\\\/cusointernational.org\\\/fr\\\/catalyseur-extra-magazine-de-cuso-international-printemps-2022\\\/#breadcrumb\"},\"inLanguage\":\"fr-FR\",\"potentialAction\":[{\"@type\":\"ReadAction\",\"target\":[\"https:\\\/\\\/cusointernational.org\\\/fr\\\/catalyseur-extra-magazine-de-cuso-international-printemps-2022\\\/\"]}]},{\"@type\":\"ImageObject\",\"inLanguage\":\"fr-FR\",\"@id\":\"https:\\\/\\\/cusointernational.org\\\/fr\\\/catalyseur-extra-magazine-de-cuso-international-printemps-2022\\\/#primaryimage\",\"url\":\"https:\\\/\\\/cusointernational.org\\\/wp-content\\\/uploads\\\/Catalyst_cover-Spring_2022.jpg\",\"contentUrl\":\"https:\\\/\\\/cusointernational.org\\\/wp-content\\\/uploads\\\/Catalyst_cover-Spring_2022.jpg\",\"width\":1000,\"height\":900,\"caption\":\"Catalyst magazine Spring 2022\"},{\"@type\":\"BreadcrumbList\",\"@id\":\"https:\\\/\\\/cusointernational.org\\\/fr\\\/catalyseur-extra-magazine-de-cuso-international-printemps-2022\\\/#breadcrumb\",\"itemListElement\":[{\"@type\":\"ListItem\",\"position\":1,\"name\":\"Home\",\"item\":\"https:\\\/\\\/cusointernational.org\\\/fr\\\/\"},{\"@type\":\"ListItem\",\"position\":2,\"name\":\"CATALYSEUR Extra &#8211; Magazine de Cuso International &#8211; Printemps 2022\"}]},{\"@type\":\"WebSite\",\"@id\":\"https:\\\/\\\/cusointernational.org\\\/fr\\\/#website\",\"url\":\"https:\\\/\\\/cusointernational.org\\\/fr\\\/\",\"name\":\"Cuso International\",\"description\":\"Connecting communities around the world with skilled Canadians to help end poverty\",\"potentialAction\":[{\"@type\":\"SearchAction\",\"target\":{\"@type\":\"EntryPoint\",\"urlTemplate\":\"https:\\\/\\\/cusointernational.org\\\/fr\\\/?s={search_term_string}\"},\"query-input\":{\"@type\":\"PropertyValueSpecification\",\"valueRequired\":true,\"valueName\":\"search_term_string\"}}],\"inLanguage\":\"fr-FR\"}]}<\/script>\n<!-- \/ Yoast SEO plugin. -->","yoast_head_json":{"title":"CATALYSEUR Extra - Magazine de Cuso International - Printemps 2022 - Cuso International","description":"Des employ\u00e9s, des cadres et des coop\u00e9rants-volontaires de Cuso d\u2019hier et d\u2019aujourd\u2019hui se penchent sur les enjeux et les d\u00e9fis de la coop\u00e9ration internationale.","robots":{"index":"index","follow":"follow","max-snippet":"max-snippet:-1","max-image-preview":"max-image-preview:large","max-video-preview":"max-video-preview:-1"},"canonical":"https:\/\/cusointernational.org\/fr\/catalyseur-extra-magazine-de-cuso-international-printemps-2022\/","og_locale":"fr_FR","og_type":"article","og_title":"CATALYSEUR Extra - Magazine de Cuso International - Printemps 2022 - Cuso International","og_description":"Des employ\u00e9s, des cadres et des coop\u00e9rants-volontaires de Cuso d\u2019hier et d\u2019aujourd\u2019hui se penchent sur les enjeux et les d\u00e9fis de la coop\u00e9ration internationale.","og_url":"https:\/\/cusointernational.org\/fr\/catalyseur-extra-magazine-de-cuso-international-printemps-2022\/","og_site_name":"Cuso International","article_modified_time":"2022-04-25T21:14:14+00:00","og_image":[{"width":1000,"height":900,"url":"https:\/\/cusointernational.org\/wp-content\/uploads\/Catalyst_cover-Spring_2022.jpg","type":"image\/jpeg"}],"twitter_card":"summary_large_image","twitter_misc":{"Dur\u00e9e de lecture estim\u00e9e":"3 minutes"},"schema":{"@context":"https:\/\/schema.org","@graph":[{"@type":"WebPage","@id":"https:\/\/cusointernational.org\/fr\/catalyseur-extra-magazine-de-cuso-international-printemps-2022\/","url":"https:\/\/cusointernational.org\/fr\/catalyseur-extra-magazine-de-cuso-international-printemps-2022\/","name":"CATALYSEUR Extra - Magazine de Cuso International - Printemps 2022 - Cuso International","isPartOf":{"@id":"https:\/\/cusointernational.org\/fr\/#website"},"primaryImageOfPage":{"@id":"https:\/\/cusointernational.org\/fr\/catalyseur-extra-magazine-de-cuso-international-printemps-2022\/#primaryimage"},"image":{"@id":"https:\/\/cusointernational.org\/fr\/catalyseur-extra-magazine-de-cuso-international-printemps-2022\/#primaryimage"},"thumbnailUrl":"https:\/\/cusointernational.org\/wp-content\/uploads\/Catalyst_cover-Spring_2022.jpg","datePublished":"2022-04-25T17:30:52+00:00","dateModified":"2022-04-25T21:14:14+00:00","description":"Des employ\u00e9s, des cadres et des coop\u00e9rants-volontaires de Cuso d\u2019hier et d\u2019aujourd\u2019hui se penchent sur les enjeux et les d\u00e9fis de la coop\u00e9ration internationale.","breadcrumb":{"@id":"https:\/\/cusointernational.org\/fr\/catalyseur-extra-magazine-de-cuso-international-printemps-2022\/#breadcrumb"},"inLanguage":"fr-FR","potentialAction":[{"@type":"ReadAction","target":["https:\/\/cusointernational.org\/fr\/catalyseur-extra-magazine-de-cuso-international-printemps-2022\/"]}]},{"@type":"ImageObject","inLanguage":"fr-FR","@id":"https:\/\/cusointernational.org\/fr\/catalyseur-extra-magazine-de-cuso-international-printemps-2022\/#primaryimage","url":"https:\/\/cusointernational.org\/wp-content\/uploads\/Catalyst_cover-Spring_2022.jpg","contentUrl":"https:\/\/cusointernational.org\/wp-content\/uploads\/Catalyst_cover-Spring_2022.jpg","width":1000,"height":900,"caption":"Catalyst magazine Spring 2022"},{"@type":"BreadcrumbList","@id":"https:\/\/cusointernational.org\/fr\/catalyseur-extra-magazine-de-cuso-international-printemps-2022\/#breadcrumb","itemListElement":[{"@type":"ListItem","position":1,"name":"Home","item":"https:\/\/cusointernational.org\/fr\/"},{"@type":"ListItem","position":2,"name":"CATALYSEUR Extra &#8211; Magazine de Cuso International &#8211; Printemps 2022"}]},{"@type":"WebSite","@id":"https:\/\/cusointernational.org\/fr\/#website","url":"https:\/\/cusointernational.org\/fr\/","name":"Cuso International","description":"Connecting communities around the world with skilled Canadians to help end poverty","potentialAction":[{"@type":"SearchAction","target":{"@type":"EntryPoint","urlTemplate":"https:\/\/cusointernational.org\/fr\/?s={search_term_string}"},"query-input":{"@type":"PropertyValueSpecification","valueRequired":true,"valueName":"search_term_string"}}],"inLanguage":"fr-FR"}]}},"_links":{"self":[{"href":"https:\/\/cusointernational.org\/fr\/wp-json\/wp\/v2\/pages\/41169","targetHints":{"allow":["GET"]}}],"collection":[{"href":"https:\/\/cusointernational.org\/fr\/wp-json\/wp\/v2\/pages"}],"about":[{"href":"https:\/\/cusointernational.org\/fr\/wp-json\/wp\/v2\/types\/page"}],"author":[{"embeddable":true,"href":"https:\/\/cusointernational.org\/fr\/wp-json\/wp\/v2\/users\/3"}],"replies":[{"embeddable":true,"href":"https:\/\/cusointernational.org\/fr\/wp-json\/wp\/v2\/comments?post=41169"}],"version-history":[{"count":0,"href":"https:\/\/cusointernational.org\/fr\/wp-json\/wp\/v2\/pages\/41169\/revisions"}],"wp:featuredmedia":[{"embeddable":true,"href":"https:\/\/cusointernational.org\/fr\/wp-json\/wp\/v2\/media\/40962"}],"wp:attachment":[{"href":"https:\/\/cusointernational.org\/fr\/wp-json\/wp\/v2\/media?parent=41169"}],"wp:term":[{"taxonomy":"post_tag","embeddable":true,"href":"https:\/\/cusointernational.org\/fr\/wp-json\/wp\/v2\/tags?post=41169"}],"curies":[{"name":"wp","href":"https:\/\/api.w.org\/{rel}","templated":true}]}}