{"id":38769,"date":"2021-02-25T14:19:48","date_gmt":"2021-02-25T19:19:48","guid":{"rendered":"https:\/\/cusointernational.org\/?page_id=38769"},"modified":"2021-02-26T10:26:38","modified_gmt":"2021-02-26T15:26:38","slug":"adherer-aux-dons-mensuels-2","status":"publish","type":"page","link":"https:\/\/cusointernational.org\/fr\/adherer-aux-dons-mensuels-2\/","title":{"rendered":"Adh\u00e9rer aux dons mensuels"},"content":{"rendered":"\n\n\t[wplodf_insert_post ids=38765]\n\tCe site est prot\u00e9g\u00e9 par reCAPTCHA et la <a href=\"https:\/\/policies.google.com\/privacy\" target=\"_blank\" rel=\"noopener\">politique de confidentialit\u00e9<\/a> et les <a href=\"https:\/\/policies.google.com\/terms\" target=\"_blank\" rel=\"noopener\">conditions d&#8217;utilisation<\/a> de Google s&#8217;appliquent.\nEst-ce s\u00e9curitaire de faire un don en ligne\n?\nEst-ce s\u00e9curitaire de faire un don en ligne?\nAbsolument! Nous utilisons GeoTrust, un fournisseur num\u00e9rique qui garantit la s\u00e9curit\u00e9 et la confidentialit\u00e9 de vos donn\u00e9es personnelles.\nPourrais-je recevoir un re\u00e7u aux fins d&#8217;imp\u00f4t\n?\nPourrais-je recevoir un re\u00e7u aux fins d&#8217;imp\u00f4t?\nOui. Tous les dons sont d\u00e9ductibles d&#8217;imp\u00f4t*. Cuso International est un organisme de bienfaisance enregistr\u00e9 au Canada et aux \u00c9tats-Unis. Nous sommes donc autoris\u00e9s \u00e0 remettre des re\u00e7us officiels dans les deux pays. *Des re\u00e7us fiscaux pour les dons de moins de 10 $ peuvent \u00eatre remis sur demande.\nPuis-je modifier le montant de mes dons mensuels en cours de route?\n?\nPuis-je modifier le montant de mes dons mensuels en cours de route?\nNous sommes parfaitement conscients que les circonstances peuvent vous obliger \u00e0 modifier le montant de vos dons mensuels. Vous n&#8217;avez qu&#8217;\u00e0 communiquer avec Sarah Worthen (1-888-434-2876, poste 227, ou sarah.worthen@cusointernational.org) et le tour sera jou\u00e9!\n\t\t\t\t<img loading=\"lazy\" decoding=\"async\" src=\"https:\/\/cusointernational.org\/wp-content\/uploads\/match-6.svg\" alt=\"6X badge icon\" itemprop=\"image\" height=\"114\" width=\"114\" height=\"400\" width=\"400\" height=\"800\" width=\"800\" height=\"1600\" width=\"1600\" title=\"match-6\" onerror=\"this.style.display='none'\"  \/>\n<h2>Adh\u00e9rer aux dons mensuels<\/h2>\n<p>Joignez-vous \u00e0 notre Cercle d&#8217;entraide mensuelle. Devenez un acteur puissant de la lutte \u00e0 la pauvret\u00e9 et aux in\u00e9galit\u00e9s, mois apr\u00e8s mois. Offrez-vous le bonheur de r\u00e9pandre l&#8217;espoir 365 jours par ann\u00e9e.<\/p>\n\tThis is an HTML module with a &#8220;utm_content&#8221; script. \n<br \/>This row won&#8217;t be visibile on the front then but the script will still load normally.\n<h3>\n\t\tPourquoi adh\u00e9rer aux dons mensuels\n\t<\/h3>\n\t<p>Donner fait du bien. Donner \u00e0 une cause qui nous tient vraiment \u00e0 c\u0153ur fait encore plus de bien! Vous pouvez changer le cours des choses pour les femmes et les filles des quatre coins du monde pour seulement 25 $ par mois. C&#8217;est seulement 85 cents par jour! Pas mal moins cher qu&#8217;un caf\u00e9!<\/p>\n<p>En adh\u00e9rant au Cercle d&#8217;entraide mensuelle de Cuso, vous garantirez aux femmes et aux filles un acc\u00e8s \u00e0 des soins de sant\u00e9 de qualit\u00e9 ainsi qu&#8217;\u00e0 l&#8217;\u00e9ducation et aux comp\u00e9tences n\u00e9cessaires s&#8217;\u00e9panouir et sortir de la pauvret\u00e9. De plus, gr\u00e2ce \u00e0 la g\u00e9n\u00e9rosit\u00e9 de nos bailleurs de fonds, votre don mensuel sera multipli\u00e9 par sept. Ensemble, nous pouvons contribuer durablement \u00e0 la lutte contre la pauvret\u00e9 et les in\u00e9galit\u00e9s.<\/p>\n<h2>\n\t\tVous adorerez notre programme de dons mensuels!\n\t<\/h2>\n\t\t\t\t\t\t<h5 tabindex=\"0\">Agir dans la dur\u00e9e<\/h5>\n\t\t\t<p>Vos dons mensuels permettront \u00e0 Cuso d&#8217;avoir acc\u00e8s au financement stable n\u00e9cessaire pour planifier des projets \u00e0 long terme. Des projets misant sur le d\u00e9veloppement des comp\u00e9tences, le partage de connaissances et des solutions durables. Mais ce n&#8217;est pas tout! Les dons mensuels entra\u00eenent moins de frais administratifs que les autres m\u00e9thodes de collecte de fonds. Votre don aura donc encore plus d&#8217;impact sur le terrain!<\/p>\n\t\t\t\t\t\t<h5 tabindex=\"0\">Joindre le geste \u00e0 la parole<\/h5>\n\t\t\t<p>Lorsque vous faites un don \u00e0 Cuso, vous posez un geste concret pour un avenir exempt de pauvret\u00e9 et d&#8217;in\u00e9galit\u00e9s. Vos dons mensuels donneront un fier coup de main \u00e0 des projets \u00e0 long terme venant en aide aux femmes et aux filles et contribuant \u00e0 des changements durables.<\/p>\n\t\t\t\t\t\t<h5 tabindex=\"0\">Planifier<\/h5>\n\t\t\t<p>Opter pour des dons mensuels facilite la planification et le respect de votre budget. Votre don se concr\u00e9tisera en changements concrets mois apr\u00e8s mois.<\/p>\n\n","protected":false},"excerpt":{"rendered":"<p>[wplodf_insert_post ids=38765] Ce site est prot\u00e9g\u00e9 par reCAPTCHA et la politique de confidentialit\u00e9 et les conditions d&#8217;utilisation de Google s&#8217;appliquent. Est-ce s\u00e9curitaire de faire un don en ligne ? Est-ce s\u00e9curitaire de faire un don en ligne? Absolument! Nous utilisons GeoTrust, un fournisseur num\u00e9rique qui garantit la s\u00e9curit\u00e9 et la confidentialit\u00e9 de vos donn\u00e9es personnelles.&hellip;<\/p>\n","protected":false},"author":7,"featured_media":36676,"parent":0,"menu_order":0,"comment_status":"closed","ping_status":"closed","template":"","meta":{"_acf_changed":false,"footnotes":""},"tags":[],"class_list":["post-38769","page","type-page","status-publish","has-post-thumbnail","hentry"],"acf":[],"yoast_head":"<!-- This site is optimized with the Yoast SEO plugin v27.4 - https:\/\/yoast.com\/product\/yoast-seo-wordpress\/ -->\n<title>Adh\u00e9rer aux dons mensuels - Cuso International<\/title>\n<meta name=\"description\" content=\"Les programmes de d\u00e9veloppement et les coop\u00e9rants-volontaires de Cuso visent \u00e0 promouvoir l\u2019\u00e9galit\u00e9 entre les sexes et \u00e0 offrir de nouvelles perspectives \u00e9conomiques aux jeunes de quatre continents.\" \/>\n<meta name=\"robots\" content=\"index, follow, max-snippet:-1, max-image-preview:large, max-video-preview:-1\" \/>\n<link rel=\"canonical\" href=\"https:\/\/cusointernational.org\/fr\/adherer-aux-dons-mensuels-2\/\" \/>\n<meta property=\"og:locale\" content=\"fr_FR\" \/>\n<meta property=\"og:type\" content=\"article\" \/>\n<meta property=\"og:title\" content=\"Adh\u00e9rer aux dons mensuels - Cuso International\" \/>\n<meta property=\"og:description\" content=\"Les programmes de d\u00e9veloppement et les coop\u00e9rants-volontaires de Cuso visent \u00e0 promouvoir l\u2019\u00e9galit\u00e9 entre les sexes et \u00e0 offrir de nouvelles perspectives \u00e9conomiques aux jeunes de quatre continents.\" \/>\n<meta property=\"og:url\" content=\"https:\/\/cusointernational.org\/fr\/adherer-aux-dons-mensuels-2\/\" \/>\n<meta property=\"og:site_name\" content=\"Cuso International\" \/>\n<meta property=\"article:modified_time\" content=\"2021-02-26T15:26:38+00:00\" \/>\n<meta property=\"og:image\" content=\"https:\/\/cusointernational.org\/wp-content\/uploads\/monthly-donate-1.jpg\" \/>\n\t<meta property=\"og:image:width\" content=\"1200\" \/>\n\t<meta property=\"og:image:height\" content=\"1000\" \/>\n\t<meta property=\"og:image:type\" content=\"image\/jpeg\" \/>\n<meta name=\"twitter:card\" content=\"summary_large_image\" \/>\n<meta name=\"twitter:label1\" content=\"Dur\u00e9e de lecture estim\u00e9e\" \/>\n\t<meta name=\"twitter:data1\" content=\"3 minutes\" \/>\n<script type=\"application\/ld+json\" class=\"yoast-schema-graph\">{\"@context\":\"https:\\\/\\\/schema.org\",\"@graph\":[{\"@type\":\"WebPage\",\"@id\":\"https:\\\/\\\/cusointernational.org\\\/fr\\\/adherer-aux-dons-mensuels-2\\\/\",\"url\":\"https:\\\/\\\/cusointernational.org\\\/fr\\\/adherer-aux-dons-mensuels-2\\\/\",\"name\":\"Adh\u00e9rer aux dons mensuels - Cuso International\",\"isPartOf\":{\"@id\":\"https:\\\/\\\/cusointernational.org\\\/fr\\\/#website\"},\"primaryImageOfPage\":{\"@id\":\"https:\\\/\\\/cusointernational.org\\\/fr\\\/adherer-aux-dons-mensuels-2\\\/#primaryimage\"},\"image\":{\"@id\":\"https:\\\/\\\/cusointernational.org\\\/fr\\\/adherer-aux-dons-mensuels-2\\\/#primaryimage\"},\"thumbnailUrl\":\"https:\\\/\\\/cusointernational.org\\\/wp-content\\\/uploads\\\/monthly-donate-1.jpg\",\"datePublished\":\"2021-02-25T19:19:48+00:00\",\"dateModified\":\"2021-02-26T15:26:38+00:00\",\"description\":\"Les programmes de d\u00e9veloppement et les coop\u00e9rants-volontaires de Cuso visent \u00e0 promouvoir l\u2019\u00e9galit\u00e9 entre les sexes et \u00e0 offrir de nouvelles perspectives \u00e9conomiques aux jeunes de quatre continents.\",\"breadcrumb\":{\"@id\":\"https:\\\/\\\/cusointernational.org\\\/fr\\\/adherer-aux-dons-mensuels-2\\\/#breadcrumb\"},\"inLanguage\":\"fr-FR\",\"potentialAction\":[{\"@type\":\"ReadAction\",\"target\":[\"https:\\\/\\\/cusointernational.org\\\/fr\\\/adherer-aux-dons-mensuels-2\\\/\"]}]},{\"@type\":\"ImageObject\",\"inLanguage\":\"fr-FR\",\"@id\":\"https:\\\/\\\/cusointernational.org\\\/fr\\\/adherer-aux-dons-mensuels-2\\\/#primaryimage\",\"url\":\"https:\\\/\\\/cusointernational.org\\\/wp-content\\\/uploads\\\/monthly-donate-1.jpg\",\"contentUrl\":\"https:\\\/\\\/cusointernational.org\\\/wp-content\\\/uploads\\\/monthly-donate-1.jpg\",\"width\":1200,\"height\":1000,\"caption\":\"A young girl in a blue dress and braids looking at the camera\"},{\"@type\":\"BreadcrumbList\",\"@id\":\"https:\\\/\\\/cusointernational.org\\\/fr\\\/adherer-aux-dons-mensuels-2\\\/#breadcrumb\",\"itemListElement\":[{\"@type\":\"ListItem\",\"position\":1,\"name\":\"Home\",\"item\":\"https:\\\/\\\/cusointernational.org\\\/fr\\\/\"},{\"@type\":\"ListItem\",\"position\":2,\"name\":\"Adh\u00e9rer aux dons mensuels\"}]},{\"@type\":\"WebSite\",\"@id\":\"https:\\\/\\\/cusointernational.org\\\/fr\\\/#website\",\"url\":\"https:\\\/\\\/cusointernational.org\\\/fr\\\/\",\"name\":\"Cuso International\",\"description\":\"Connecting communities around the world with skilled Canadians to help end poverty\",\"potentialAction\":[{\"@type\":\"SearchAction\",\"target\":{\"@type\":\"EntryPoint\",\"urlTemplate\":\"https:\\\/\\\/cusointernational.org\\\/fr\\\/?s={search_term_string}\"},\"query-input\":{\"@type\":\"PropertyValueSpecification\",\"valueRequired\":true,\"valueName\":\"search_term_string\"}}],\"inLanguage\":\"fr-FR\"}]}<\/script>\n<!-- \/ Yoast SEO plugin. -->","yoast_head_json":{"title":"Adh\u00e9rer aux dons mensuels - Cuso International","description":"Les programmes de d\u00e9veloppement et les coop\u00e9rants-volontaires de Cuso visent \u00e0 promouvoir l\u2019\u00e9galit\u00e9 entre les sexes et \u00e0 offrir de nouvelles perspectives \u00e9conomiques aux jeunes de quatre continents.","robots":{"index":"index","follow":"follow","max-snippet":"max-snippet:-1","max-image-preview":"max-image-preview:large","max-video-preview":"max-video-preview:-1"},"canonical":"https:\/\/cusointernational.org\/fr\/adherer-aux-dons-mensuels-2\/","og_locale":"fr_FR","og_type":"article","og_title":"Adh\u00e9rer aux dons mensuels - Cuso International","og_description":"Les programmes de d\u00e9veloppement et les coop\u00e9rants-volontaires de Cuso visent \u00e0 promouvoir l\u2019\u00e9galit\u00e9 entre les sexes et \u00e0 offrir de nouvelles perspectives \u00e9conomiques aux jeunes de quatre continents.","og_url":"https:\/\/cusointernational.org\/fr\/adherer-aux-dons-mensuels-2\/","og_site_name":"Cuso International","article_modified_time":"2021-02-26T15:26:38+00:00","og_image":[{"width":1200,"height":1000,"url":"https:\/\/cusointernational.org\/wp-content\/uploads\/monthly-donate-1.jpg","type":"image\/jpeg"}],"twitter_card":"summary_large_image","twitter_misc":{"Dur\u00e9e de lecture estim\u00e9e":"3 minutes"},"schema":{"@context":"https:\/\/schema.org","@graph":[{"@type":"WebPage","@id":"https:\/\/cusointernational.org\/fr\/adherer-aux-dons-mensuels-2\/","url":"https:\/\/cusointernational.org\/fr\/adherer-aux-dons-mensuels-2\/","name":"Adh\u00e9rer aux dons mensuels - Cuso International","isPartOf":{"@id":"https:\/\/cusointernational.org\/fr\/#website"},"primaryImageOfPage":{"@id":"https:\/\/cusointernational.org\/fr\/adherer-aux-dons-mensuels-2\/#primaryimage"},"image":{"@id":"https:\/\/cusointernational.org\/fr\/adherer-aux-dons-mensuels-2\/#primaryimage"},"thumbnailUrl":"https:\/\/cusointernational.org\/wp-content\/uploads\/monthly-donate-1.jpg","datePublished":"2021-02-25T19:19:48+00:00","dateModified":"2021-02-26T15:26:38+00:00","description":"Les programmes de d\u00e9veloppement et les coop\u00e9rants-volontaires de Cuso visent \u00e0 promouvoir l\u2019\u00e9galit\u00e9 entre les sexes et \u00e0 offrir de nouvelles perspectives \u00e9conomiques aux jeunes de quatre continents.","breadcrumb":{"@id":"https:\/\/cusointernational.org\/fr\/adherer-aux-dons-mensuels-2\/#breadcrumb"},"inLanguage":"fr-FR","potentialAction":[{"@type":"ReadAction","target":["https:\/\/cusointernational.org\/fr\/adherer-aux-dons-mensuels-2\/"]}]},{"@type":"ImageObject","inLanguage":"fr-FR","@id":"https:\/\/cusointernational.org\/fr\/adherer-aux-dons-mensuels-2\/#primaryimage","url":"https:\/\/cusointernational.org\/wp-content\/uploads\/monthly-donate-1.jpg","contentUrl":"https:\/\/cusointernational.org\/wp-content\/uploads\/monthly-donate-1.jpg","width":1200,"height":1000,"caption":"A young girl in a blue dress and braids looking at the camera"},{"@type":"BreadcrumbList","@id":"https:\/\/cusointernational.org\/fr\/adherer-aux-dons-mensuels-2\/#breadcrumb","itemListElement":[{"@type":"ListItem","position":1,"name":"Home","item":"https:\/\/cusointernational.org\/fr\/"},{"@type":"ListItem","position":2,"name":"Adh\u00e9rer aux dons mensuels"}]},{"@type":"WebSite","@id":"https:\/\/cusointernational.org\/fr\/#website","url":"https:\/\/cusointernational.org\/fr\/","name":"Cuso International","description":"Connecting communities around the world with skilled Canadians to help end poverty","potentialAction":[{"@type":"SearchAction","target":{"@type":"EntryPoint","urlTemplate":"https:\/\/cusointernational.org\/fr\/?s={search_term_string}"},"query-input":{"@type":"PropertyValueSpecification","valueRequired":true,"valueName":"search_term_string"}}],"inLanguage":"fr-FR"}]}},"_links":{"self":[{"href":"https:\/\/cusointernational.org\/fr\/wp-json\/wp\/v2\/pages\/38769","targetHints":{"allow":["GET"]}}],"collection":[{"href":"https:\/\/cusointernational.org\/fr\/wp-json\/wp\/v2\/pages"}],"about":[{"href":"https:\/\/cusointernational.org\/fr\/wp-json\/wp\/v2\/types\/page"}],"author":[{"embeddable":true,"href":"https:\/\/cusointernational.org\/fr\/wp-json\/wp\/v2\/users\/7"}],"replies":[{"embeddable":true,"href":"https:\/\/cusointernational.org\/fr\/wp-json\/wp\/v2\/comments?post=38769"}],"version-history":[{"count":0,"href":"https:\/\/cusointernational.org\/fr\/wp-json\/wp\/v2\/pages\/38769\/revisions"}],"wp:featuredmedia":[{"embeddable":true,"href":"https:\/\/cusointernational.org\/fr\/wp-json\/wp\/v2\/media\/36676"}],"wp:attachment":[{"href":"https:\/\/cusointernational.org\/fr\/wp-json\/wp\/v2\/media?parent=38769"}],"wp:term":[{"taxonomy":"post_tag","embeddable":true,"href":"https:\/\/cusointernational.org\/fr\/wp-json\/wp\/v2\/tags?post=38769"}],"curies":[{"name":"wp","href":"https:\/\/api.w.org\/{rel}","templated":true}]}}