{"id":38705,"date":"2021-02-08T14:57:30","date_gmt":"2021-02-08T19:57:30","guid":{"rendered":"https:\/\/cusointernational.org\/?page_id=38705"},"modified":"2021-02-08T15:10:54","modified_gmt":"2021-02-08T20:10:54","slug":"faire-un-don-new-subscriber","status":"publish","type":"page","link":"https:\/\/cusointernational.org\/fr\/faire-un-don-new-subscriber\/","title":{"rendered":"Faire un don &#8211; New Donor Series"},"content":{"rendered":"\r\n<p>[wplodf_insert_post ids=37615] Ce site est prot\u00e9g\u00e9 par reCAPTCHA et la <a href=\"https:\/\/policies.google.com\/privacy\" target=\"_blank\" rel=\"noopener noreferrer\">politique de confidentialit\u00e9<\/a> et les <a href=\"https:\/\/policies.google.com\/terms\" target=\"_blank\" rel=\"noopener noreferrer\">conditions d&#8217;utilisation<\/a> de Google s&#8217;appliquent. <img decoding=\"async\" src=\"\/wp-content\/uploads\/multiplie-7.svg\" \/> Est-ce s\u00e9curitaire de faire un don en ligne ? \u00a0 Est-ce s\u00e9curitaire de faire un don en ligne? Absolument! Nous utilisons GeoTrust, un fournisseur num\u00e9rique qui garantit la s\u00e9curit\u00e9 et la confidentialit\u00e9 de vos donn\u00e9es personnelles. Pourrais-je recevoir un re\u00e7u aux fins d&#8217;imp\u00f4t? ? \u00a0 Pourrais-je recevoir un re\u00e7u aux fins d&#8217;imp\u00f4t? Oui. Tous les dons sont d\u00e9ductibles d&#8217;imp\u00f4t*. Cuso International est un organisme de bienfaisance enregistr\u00e9 au Canada et aux \u00c9tats-Unis. Nous sommes donc autoris\u00e9s \u00e0 remettre des re\u00e7us officiels dans les deux pays. *Des re\u00e7us fiscaux pour les dons de moins de 10 $ peuvent \u00eatre remis sur demande. Puis-je modifier le montant de mes dons mensuels en cours de route? ? \u00a0 Nous sommes parfaitement conscients que les circonstances peuvent vous obliger \u00e0 modifier le montant de vos dons mensuels. Vous n&#8217;avez qu&#8217;\u00e0 communiquer avec Sarah Worthen (1-888-434-2876, poste 227, ou sarah.worthen@cusointernational.org) et le tour sera jou\u00e9! <img loading=\"lazy\" decoding=\"async\" title=\"multiplie-7\" src=\"https:\/\/cusointernational.org\/wp-content\/uploads\/multiplie-7.svg\" alt=\"Red badge that says your gift matched with a maple leaf\" width=\"114\" height=\"114\" \/><\/p>\r\n<h1>Votre investissement peut contribuer \u00e0 mettre fin \u00e0 la pauvret\u00e9<\/h1>\r\n<p>En soutenant la mission de Cuso, vous permettez \u00e0 des femmes et des filles des quatre coins du monde de collaborer avec des Canadiennes et des Canadiens hautement qualifi\u00e9s. Leur objectif : acqu\u00e9rir les connaissances n\u00e9cessaires pour am\u00e9liorer les aspects majeurs de leur vie, soit la sant\u00e9, l&#8217;ind\u00e9pendance financi\u00e8re et l&#8217;\u00e9galit\u00e9.<\/p>\r\n<h2>Sur chaque dollar d\u00e9pens\u00e9, 89 cents vont directement \u00e0 des projets visant \u00e0 r\u00e9duire la pauvret\u00e9 et les in\u00e9galit\u00e9s.<\/h2>\r\n<p>De plus, votre don sera multipli\u00e9 par sept gr\u00e2ce \u00e0 la g\u00e9n\u00e9rosit\u00e9 de nos bailleurs de fonds. Imaginez l&#8217;impact de vos contributions sur le terrain! Investir dans le partage des comp\u00e9tences n&#8217;aura jamais \u00e9t\u00e9 si payant! L&#8217;an dernier, plus de 4,5 millions de personnes ont profit\u00e9 de nos programmes gr\u00e2ce \u00e0 la g\u00e9n\u00e9rosit\u00e9 de nos donateurs et de nos bailleurs de fonds. Consultez notre page sur la reddition de comptes pour plus d&#8217;information.<\/p>\r\n<h3>Autres fa\u00e7ons d&#8217;aider<\/h3>\r\n<p><img loading=\"lazy\" decoding=\"async\" title=\"icon-donate-stocks\" src=\"https:\/\/cusointernational.org\/wp-content\/uploads\/icon-donate-stocks.svg\" alt=\"Ticket icon\" width=\"112\" height=\"112\" \/><\/p>\r\n<h4>Don d&#8217;actions<\/h4>\r\n<p>Contribuer \u00e0 b\u00e2tir un monde plus juste est le meilleur investissement qui soit.<\/p>\r\n<p><a role=\"button\" href=\"https:\/\/cusointernational.org\/fr\/faire-un-don-dactions-ou-de-titres\/\" target=\"_self\" rel=\"noopener noreferrer\"> EN SAVOIR PLUS <\/a> <img loading=\"lazy\" decoding=\"async\" title=\"icon-donate-lecagy\" src=\"https:\/\/cusointernational.org\/wp-content\/uploads\/icon-donate-lecagy.svg\" alt=\"Scroll and heart icon\" width=\"112\" height=\"112\" \/><\/p>\r\n<h4>Faire un don testamentaire<\/h4>\r\n<p>Investissez dans un avenir meilleur en planifiant un don \u00e0 long terme \u00e0 Cuso.<\/p>\r\n<p><a role=\"button\" href=\"https:\/\/cusointernational.org\/fr\/faites-un-don-testamentaire\/\" target=\"_self\" rel=\"noopener noreferrer\"> EN SAVOIR PLUS <\/a> <img loading=\"lazy\" decoding=\"async\" title=\"icon-donate-fundraise\" src=\"https:\/\/cusointernational.org\/wp-content\/uploads\/icon-donate-fundraise.svg\" alt=\"Dollar sign icon\" width=\"112\" height=\"112\" \/><\/p>\r\n<h4>Collecte de FUN!<\/h4>\r\n<p>Changer le monde, \u00e7a peut \u00eatre amusant! Joignez-vous \u00e0 notre \u00e9quipe de catalyseurs de changement. Mettez votre passion \u00e0 l&#8217;\u0153uvre!<\/p>\r\n<p><a role=\"button\" href=\"https:\/\/cusointernational.org\/fr\/recueillir-des-fonds-avec-nous\/\" target=\"_self\" rel=\"noopener noreferrer\"> EN SAVOIR PLUS <\/a><\/p>\r\n","protected":false},"excerpt":{"rendered":"<p>[wplodf_insert_post ids=37615] Ce site est prot\u00e9g\u00e9 par reCAPTCHA et la politique de confidentialit\u00e9 et les conditions d&#8217;utilisation de Google s&#8217;appliquent. Est-ce s\u00e9curitaire de faire un don en ligne ? \u00a0 Est-ce s\u00e9curitaire de faire un don en ligne? Absolument! Nous utilisons GeoTrust, un fournisseur num\u00e9rique qui garantit la s\u00e9curit\u00e9 et la confidentialit\u00e9 de vos donn\u00e9es&hellip;<\/p>\n","protected":false},"author":7,"featured_media":0,"parent":0,"menu_order":0,"comment_status":"closed","ping_status":"closed","template":"","meta":{"_acf_changed":false,"footnotes":""},"tags":[],"class_list":["post-38705","page","type-page","status-publish","hentry"],"acf":[],"yoast_head":"<!-- This site is optimized with the Yoast SEO plugin v27.4 - https:\/\/yoast.com\/product\/yoast-seo-wordpress\/ -->\n<title>Faire un don : combattre la pauvret\u00e9 | Cuso International<\/title>\n<meta name=\"description\" content=\"Les programmes de d\u00e9veloppement et les coop\u00e9rants-volontaires de Cuso visent \u00e0 promouvoir l\u2019\u00e9galit\u00e9 entre les sexes et \u00e0 offrir de nouvelles perspectives \u00e9conomiques aux jeunes de quatre continents.\" \/>\n<meta name=\"robots\" content=\"index, follow, max-snippet:-1, max-image-preview:large, max-video-preview:-1\" \/>\n<link rel=\"canonical\" href=\"https:\/\/cusointernational.org\/fr\/faire-un-don-new-subscriber\/\" \/>\n<meta property=\"og:locale\" content=\"fr_FR\" \/>\n<meta property=\"og:type\" content=\"article\" \/>\n<meta property=\"og:title\" content=\"Faire un don : combattre la pauvret\u00e9 | Cuso International\" \/>\n<meta property=\"og:description\" content=\"Les programmes de d\u00e9veloppement et les coop\u00e9rants-volontaires de Cuso visent \u00e0 promouvoir l\u2019\u00e9galit\u00e9 entre les sexes et \u00e0 offrir de nouvelles perspectives \u00e9conomiques aux jeunes de quatre continents.\" \/>\n<meta property=\"og:url\" content=\"https:\/\/cusointernational.org\/fr\/faire-un-don-new-subscriber\/\" \/>\n<meta property=\"og:site_name\" content=\"Cuso International\" \/>\n<meta property=\"article:modified_time\" content=\"2021-02-08T20:10:54+00:00\" \/>\n<meta property=\"og:image\" content=\"https:\/\/cusointernational.org\/wp-content\/uploads\/multiplie-7.svg\" \/>\n<meta name=\"twitter:card\" content=\"summary_large_image\" \/>\n<meta name=\"twitter:label1\" content=\"Dur\u00e9e de lecture estim\u00e9e\" \/>\n\t<meta name=\"twitter:data1\" content=\"2 minutes\" \/>\n<script type=\"application\/ld+json\" class=\"yoast-schema-graph\">{\"@context\":\"https:\\\/\\\/schema.org\",\"@graph\":[{\"@type\":\"WebPage\",\"@id\":\"https:\\\/\\\/cusointernational.org\\\/fr\\\/faire-un-don-new-subscriber\\\/\",\"url\":\"https:\\\/\\\/cusointernational.org\\\/fr\\\/faire-un-don-new-subscriber\\\/\",\"name\":\"Faire un don : combattre la pauvret\u00e9 | Cuso International\",\"isPartOf\":{\"@id\":\"https:\\\/\\\/cusointernational.org\\\/fr\\\/#website\"},\"primaryImageOfPage\":{\"@id\":\"https:\\\/\\\/cusointernational.org\\\/fr\\\/faire-un-don-new-subscriber\\\/#primaryimage\"},\"image\":{\"@id\":\"https:\\\/\\\/cusointernational.org\\\/fr\\\/faire-un-don-new-subscriber\\\/#primaryimage\"},\"thumbnailUrl\":\"https:\\\/\\\/cusointernational.org\\\/wp-content\\\/uploads\\\/multiplie-7.svg\",\"datePublished\":\"2021-02-08T19:57:30+00:00\",\"dateModified\":\"2021-02-08T20:10:54+00:00\",\"description\":\"Les programmes de d\u00e9veloppement et les coop\u00e9rants-volontaires de Cuso visent \u00e0 promouvoir l\u2019\u00e9galit\u00e9 entre les sexes et \u00e0 offrir de nouvelles perspectives \u00e9conomiques aux jeunes de quatre continents.\",\"breadcrumb\":{\"@id\":\"https:\\\/\\\/cusointernational.org\\\/fr\\\/faire-un-don-new-subscriber\\\/#breadcrumb\"},\"inLanguage\":\"fr-FR\",\"potentialAction\":[{\"@type\":\"ReadAction\",\"target\":[\"https:\\\/\\\/cusointernational.org\\\/fr\\\/faire-un-don-new-subscriber\\\/\"]}]},{\"@type\":\"ImageObject\",\"inLanguage\":\"fr-FR\",\"@id\":\"https:\\\/\\\/cusointernational.org\\\/fr\\\/faire-un-don-new-subscriber\\\/#primaryimage\",\"url\":\"https:\\\/\\\/cusointernational.org\\\/wp-content\\\/uploads\\\/multiplie-7.svg\",\"contentUrl\":\"https:\\\/\\\/cusointernational.org\\\/wp-content\\\/uploads\\\/multiplie-7.svg\"},{\"@type\":\"BreadcrumbList\",\"@id\":\"https:\\\/\\\/cusointernational.org\\\/fr\\\/faire-un-don-new-subscriber\\\/#breadcrumb\",\"itemListElement\":[{\"@type\":\"ListItem\",\"position\":1,\"name\":\"Home\",\"item\":\"https:\\\/\\\/cusointernational.org\\\/fr\\\/\"},{\"@type\":\"ListItem\",\"position\":2,\"name\":\"Faire un don &#8211; New Donor Series\"}]},{\"@type\":\"WebSite\",\"@id\":\"https:\\\/\\\/cusointernational.org\\\/fr\\\/#website\",\"url\":\"https:\\\/\\\/cusointernational.org\\\/fr\\\/\",\"name\":\"Cuso International\",\"description\":\"Connecting communities around the world with skilled Canadians to help end poverty\",\"potentialAction\":[{\"@type\":\"SearchAction\",\"target\":{\"@type\":\"EntryPoint\",\"urlTemplate\":\"https:\\\/\\\/cusointernational.org\\\/fr\\\/?s={search_term_string}\"},\"query-input\":{\"@type\":\"PropertyValueSpecification\",\"valueRequired\":true,\"valueName\":\"search_term_string\"}}],\"inLanguage\":\"fr-FR\"}]}<\/script>\n<!-- \/ Yoast SEO plugin. -->","yoast_head_json":{"title":"Faire un don : combattre la pauvret\u00e9 | Cuso International","description":"Les programmes de d\u00e9veloppement et les coop\u00e9rants-volontaires de Cuso visent \u00e0 promouvoir l\u2019\u00e9galit\u00e9 entre les sexes et \u00e0 offrir de nouvelles perspectives \u00e9conomiques aux jeunes de quatre continents.","robots":{"index":"index","follow":"follow","max-snippet":"max-snippet:-1","max-image-preview":"max-image-preview:large","max-video-preview":"max-video-preview:-1"},"canonical":"https:\/\/cusointernational.org\/fr\/faire-un-don-new-subscriber\/","og_locale":"fr_FR","og_type":"article","og_title":"Faire un don : combattre la pauvret\u00e9 | Cuso International","og_description":"Les programmes de d\u00e9veloppement et les coop\u00e9rants-volontaires de Cuso visent \u00e0 promouvoir l\u2019\u00e9galit\u00e9 entre les sexes et \u00e0 offrir de nouvelles perspectives \u00e9conomiques aux jeunes de quatre continents.","og_url":"https:\/\/cusointernational.org\/fr\/faire-un-don-new-subscriber\/","og_site_name":"Cuso International","article_modified_time":"2021-02-08T20:10:54+00:00","og_image":[{"url":"https:\/\/cusointernational.org\/wp-content\/uploads\/multiplie-7.svg","type":"","width":"","height":""}],"twitter_card":"summary_large_image","twitter_misc":{"Dur\u00e9e de lecture estim\u00e9e":"2 minutes"},"schema":{"@context":"https:\/\/schema.org","@graph":[{"@type":"WebPage","@id":"https:\/\/cusointernational.org\/fr\/faire-un-don-new-subscriber\/","url":"https:\/\/cusointernational.org\/fr\/faire-un-don-new-subscriber\/","name":"Faire un don : combattre la pauvret\u00e9 | Cuso International","isPartOf":{"@id":"https:\/\/cusointernational.org\/fr\/#website"},"primaryImageOfPage":{"@id":"https:\/\/cusointernational.org\/fr\/faire-un-don-new-subscriber\/#primaryimage"},"image":{"@id":"https:\/\/cusointernational.org\/fr\/faire-un-don-new-subscriber\/#primaryimage"},"thumbnailUrl":"https:\/\/cusointernational.org\/wp-content\/uploads\/multiplie-7.svg","datePublished":"2021-02-08T19:57:30+00:00","dateModified":"2021-02-08T20:10:54+00:00","description":"Les programmes de d\u00e9veloppement et les coop\u00e9rants-volontaires de Cuso visent \u00e0 promouvoir l\u2019\u00e9galit\u00e9 entre les sexes et \u00e0 offrir de nouvelles perspectives \u00e9conomiques aux jeunes de quatre continents.","breadcrumb":{"@id":"https:\/\/cusointernational.org\/fr\/faire-un-don-new-subscriber\/#breadcrumb"},"inLanguage":"fr-FR","potentialAction":[{"@type":"ReadAction","target":["https:\/\/cusointernational.org\/fr\/faire-un-don-new-subscriber\/"]}]},{"@type":"ImageObject","inLanguage":"fr-FR","@id":"https:\/\/cusointernational.org\/fr\/faire-un-don-new-subscriber\/#primaryimage","url":"https:\/\/cusointernational.org\/wp-content\/uploads\/multiplie-7.svg","contentUrl":"https:\/\/cusointernational.org\/wp-content\/uploads\/multiplie-7.svg"},{"@type":"BreadcrumbList","@id":"https:\/\/cusointernational.org\/fr\/faire-un-don-new-subscriber\/#breadcrumb","itemListElement":[{"@type":"ListItem","position":1,"name":"Home","item":"https:\/\/cusointernational.org\/fr\/"},{"@type":"ListItem","position":2,"name":"Faire un don &#8211; New Donor Series"}]},{"@type":"WebSite","@id":"https:\/\/cusointernational.org\/fr\/#website","url":"https:\/\/cusointernational.org\/fr\/","name":"Cuso International","description":"Connecting communities around the world with skilled Canadians to help end poverty","potentialAction":[{"@type":"SearchAction","target":{"@type":"EntryPoint","urlTemplate":"https:\/\/cusointernational.org\/fr\/?s={search_term_string}"},"query-input":{"@type":"PropertyValueSpecification","valueRequired":true,"valueName":"search_term_string"}}],"inLanguage":"fr-FR"}]}},"_links":{"self":[{"href":"https:\/\/cusointernational.org\/fr\/wp-json\/wp\/v2\/pages\/38705","targetHints":{"allow":["GET"]}}],"collection":[{"href":"https:\/\/cusointernational.org\/fr\/wp-json\/wp\/v2\/pages"}],"about":[{"href":"https:\/\/cusointernational.org\/fr\/wp-json\/wp\/v2\/types\/page"}],"author":[{"embeddable":true,"href":"https:\/\/cusointernational.org\/fr\/wp-json\/wp\/v2\/users\/7"}],"replies":[{"embeddable":true,"href":"https:\/\/cusointernational.org\/fr\/wp-json\/wp\/v2\/comments?post=38705"}],"version-history":[{"count":0,"href":"https:\/\/cusointernational.org\/fr\/wp-json\/wp\/v2\/pages\/38705\/revisions"}],"wp:attachment":[{"href":"https:\/\/cusointernational.org\/fr\/wp-json\/wp\/v2\/media?parent=38705"}],"wp:term":[{"taxonomy":"post_tag","embeddable":true,"href":"https:\/\/cusointernational.org\/fr\/wp-json\/wp\/v2\/tags?post=38705"}],"curies":[{"name":"wp","href":"https:\/\/api.w.org\/{rel}","templated":true}]}}