{"id":37728,"date":"2020-10-28T12:31:55","date_gmt":"2020-10-28T16:31:55","guid":{"rendered":"https:\/\/cuso.wpengine.com\/?page_id=37728"},"modified":"2020-12-23T07:32:28","modified_gmt":"2020-12-23T12:32:28","slug":"sauverdesvies2020","status":"publish","type":"page","link":"https:\/\/cusointernational.org\/fr\/sauverdesvies2020\/","title":{"rendered":"Sauver Des Vies 2020"},"content":{"rendered":"\n\n\t<p>[wplodf_insert_post ids=37767]<\/p>\n\tCe site est prot\u00e9g\u00e9 par reCAPTCHA et la <a href=\"https:\/\/policies.google.com\/privacy\" target=\"_blank\" rel=\"noopener noreferrer\">politique de confidentialit\u00e9<\/a> et les <a href=\"https:\/\/policies.google.com\/terms\" target=\"_blank\" rel=\"noopener noreferrer\">conditions d&#8217;utilisation<\/a> de Google s&#8217;appliquent.\nEst-ce s\u00e9curitaire de faire un don en ligne\n?\n\u00a0\nEst-ce s\u00e9curitaire de faire un don en ligne?\nAbsolument! Nous utilisons GeoTrust, un fournisseur num\u00e9rique qui garantit la s\u00e9curit\u00e9 et la confidentialit\u00e9 de vos donn\u00e9es personnelles.\nPourrais-je recevoir un re\u00e7u aux fins d&#8217;imp\u00f4t?\n?\n\u00a0\nPourrais-je recevoir un re\u00e7u aux fins d&#8217;imp\u00f4t?\nOui. Tous les dons sont d\u00e9ductibles d&#8217;imp\u00f4t*. Cuso International est un organisme de bienfaisance enregistr\u00e9 au Canada et aux \u00c9tats-Unis. Nous sommes donc autoris\u00e9s \u00e0 remettre des re\u00e7us officiels dans les deux pays. *Des re\u00e7us fiscaux pour les dons de moins de 10 $ peuvent \u00eatre remis sur demande.\nPuis-je modifier le montant de mes dons mensuels en cours de route?\n?\n\u00a0\nNous sommes parfaitement conscients que les circonstances peuvent vous obliger \u00e0 modifier le montant de vos dons mensuels. Vous n&#8217;avez qu&#8217;\u00e0 communiquer avec Sarah Worthen (1-888-434-2876, poste 227, ou sarah.worthen@cusointernational.org) et le tour sera jou\u00e9!\n<h1><strong>C&#8217;est le temps des f\u00eates! Offrez le changement en cadeau!<\/strong><\/h1>\n<p>Donnez localement. Rayonnez mondialement.<\/p>\n<h3>\n\t\tEn donnant localement \u00e0 Cuso International pendant le temps des f\u00eates, vous contribuerez \u00e0 concr\u00e9tiser notre r\u00eave d&#8217;un monde exempt de pauvret\u00e9 et d&#8217;in\u00e9galit\u00e9s.\n\t<\/h3>\n\t\n<p><strong>Il faut l&#8217;avouer, 2020 n&#8217;a pas \u00e9t\u00e9 une ann\u00e9e comme les autres&#8230;<\/strong> La pand\u00e9mie de COVID-19 nous a oblig\u00e9 \u00e0 redoubler d&#8217;efforts pour assurer la s\u00e9curit\u00e9 de l&#8217;\u00e9quipe de Cuso tout en continuant d&#8217;offrir nos programmes essentiels \u00e0 la promotion de l&#8217;\u00e9galit\u00e9 homme-femme, \u00e0 l&#8217;am\u00e9lioration des soins de sant\u00e9 et \u00e0 la cr\u00e9ation de perspectives \u00e9conomiques pour la jeune g\u00e9n\u00e9ration.<\/p>\n\n\n\n\t<style>.fl-builder-content .fl-node-5f6b8d10e2bd4 > .fl-col-content {\n        min-height: calc(100vh - 90px);\n    }\n    body:not(.fl-builder-edit) .donate_column_right .donate_info{\n            padding-bottom: 30px;\n    }\n     .fl-node-5f6b8d10e2bd4 > .fl-col-content {\n        background-image:url('https:\/\/cusointernational.org\/wp-content\/uploads\/Holiday-Donation-Page-Hero-Image.jpg');\n        position:relative;\n        background-position: center;\n    }\nh1.donate_infotxt {\n    font-size: 36px;\n    line-height: 38px;\n}\n    .matching-graphic {\n        display: block;\n        position: absolute;\n        top: 30px;\n        right: 5%;\n        width: 18%;\n        padding-bottom: 18%;\n        background-size: contain;\n        background-repeat: no-repeat;\n        transform: rotate(5deg);\n        background-image: url(https:\/\/cusointernational.org\/wp-content\/uploads\/multiplie-7.svg);\n    }\n    .fl-node-5f6b8d10e2bd4 > .fl-col-content:before {\n        position:absolute;\n        top:10px;\n        left:10px;\n        right:10px;\n        bottom:10px;\n        content:'';\n        border:2px solid #fff;\n        border-radius:10px;\n        background-repeat:no-repeat;\n        background-size:40px auto;\n        background-position:right 10px top 10px;\n    }\n    .fl-node-5f6b8d10e2bd4 > .fl-col-content:after {\n    display:block;\n    content:'';\n    position: absolute;\n    top:0;\n    left:0;\n    bottom:0;\n    right:0;\n    background-image:url('https:\/\/cusointernational.org\/wp-content\/uploads\/Bow-e1605027615491.png');\n    background-position:left top;\n    background-repeat:no-repeat;\n    }\n    .donateLink {\n        margin-top:20px;\nborder-radius: 31px !important;\n    background: #ffca38 !important;\n    color: #2C2C2C !important;\n    box-shadow: 0px 3px 20px rgba(0, 0, 0, 0.16) !important;\n    border: none !important;\n    text-transform: uppercase !important;\n    font-family: \"Marr Sans Cond Web\" !important;\n    font-weight: bold !important;\n    font-size: 20px !important;\n    letter-spacing: 0.03em !important;\n    display: inline-block;\n    align-items: center;\n    justify-content: space-between;\n    height: 62px;\n    padding: 0 30px !important;\n    line-height: 62px;\n}\n@media screen and (min-width:993px){\n.fl-node-5f74983393189 .fl-module-content {\n    margin: 0px;\n    background-color: rgba(0,0,0,.5);\n    padding: 0 15px;\n    border-radius: 20px;\n}\n}\n.donation_tooltip_question {\n    margin-left:.5em;\n}\n@media screen and (max-width:768px){\n    body{\n    padding-top:0;\n}\n        .fl-builder-content .fl-node-5f6b8d10e2bd4 > .fl-col-content {\n        min-height: auto;\n    }\n}\n@media screen and (max-width:992px){\n    .matching-graphic {\n        display:none;\n    }\n    body{\n    padding-top:90px;\n}\n    .fl-col-group.fl-col-group-equal-height.fl-col-group-custom-width {\n        flex-direction:column-reverse;\n    }\n    body:not(.fl-builder-edit) .fl-col-group-equal-height .fl-col.donate_column_right {\n        height: initial;\n        position: relative;\n        top: 0;\n        max-width:600px;\n    }\n    body:not(.fl-builder-edit) .donate_column_right .donate_info {\n        bottom: 0;\n        left: -1px;\n        padding: 20px;\n        background: var(--light-blue);\n        right: -1px;\n         top:auto;\n         height: 100%;\n    }\n    .fl-node-5f6b8d10e2bd1 > div {\n        margin-top:0 !important;\n    }\n}\n<\/style>\n<h3>\n\t\tAutres fa\u00e7ons d&#8217;aider\n\t<\/h3>\n\t\t\t\t<img loading=\"lazy\" decoding=\"async\" src=\"https:\/\/cusointernational.org\/wp-content\/uploads\/icon-donate-stocks.svg\" alt=\"Ticket icon\" itemprop=\"image\" height=\"112\" width=\"112\" height=\"400\" width=\"400\" height=\"800\" width=\"800\" height=\"1600\" width=\"1600\" title=\"icon-donate-stocks\" onerror=\"this.style.display='none'\"  \/>\n<h4>\n\t\tDon d&#8217;actions\n\t<\/h4>\n\t<p>Contribuer \u00e0 b\u00e2tir un monde plus juste est le meilleur investissement qui soit.<\/p>\n\t\t\t<a href=\"https:\/\/cusointernational.org\/fr\/faire-un-don-dactions-ou-de-titres\/\" target=\"_self\" role=\"button\" rel=\"noopener noreferrer\">\n\t\t\t\t\t\t\tEN SAVOIR PLUS\n\t\t\t\t\t<\/a>\n\t\t\t\t<img loading=\"lazy\" decoding=\"async\" src=\"https:\/\/cusointernational.org\/wp-content\/uploads\/icon-donate-lecagy.svg\" alt=\"Scroll and heart icon\" itemprop=\"image\" height=\"112\" width=\"112\" height=\"400\" width=\"400\" height=\"800\" width=\"800\" height=\"1600\" width=\"1600\" title=\"icon-donate-lecagy\" onerror=\"this.style.display='none'\"  \/>\n<h4>\n\t\tFaire un don testamentaire\n\t<\/h4>\n\t<p>Investissez dans un avenir meilleur en planifiant un don \u00e0 long terme \u00e0 Cuso.<\/p>\n\t\t\t<a href=\"https:\/\/cusointernational.org\/fr\/faites-un-don-testamentaire\/\" target=\"_self\" role=\"button\" rel=\"noopener noreferrer\">\n\t\t\t\t\t\t\tEN SAVOIR PLUS\n\t\t\t\t\t<\/a>\n\t\t\t\t<img loading=\"lazy\" decoding=\"async\" src=\"https:\/\/cusointernational.org\/wp-content\/uploads\/icon-donate-fundraise.svg\" alt=\"Dollar sign icon\" itemprop=\"image\" height=\"112\" width=\"112\" height=\"400\" width=\"400\" height=\"800\" width=\"800\" height=\"1600\" width=\"1600\" title=\"icon-donate-fundraise\" onerror=\"this.style.display='none'\"  \/>\n<h4>\n\t\tCollecte de FUN!\n\t<\/h4>\n\t<p>Changer le monde, \u00e7a peut \u00eatre amusant! Joignez-vous \u00e0 notre \u00e9quipe de catalyseurs de changement. Mettez votre passion \u00e0 l&#8217;\u0153uvre!<\/p>\n\t\t\t<a href=\"https:\/\/cusointernational.org\/fr\/passez-a-laction\/recueillir-des-fonds-avec-nous\/\" target=\"_self\" role=\"button\" rel=\"noopener noreferrer\">\n\t\t\t\t\t\t\tEN SAVOIR PLUS\n\t\t\t\t\t<\/a>\n\n","protected":false},"excerpt":{"rendered":"<p>[wplodf_insert_post ids=37767] Ce site est prot\u00e9g\u00e9 par reCAPTCHA et la politique de confidentialit\u00e9 et les conditions d&#8217;utilisation de Google s&#8217;appliquent. Est-ce s\u00e9curitaire de faire un don en ligne ? \u00a0 Est-ce s\u00e9curitaire de faire un don en ligne? Absolument! Nous utilisons GeoTrust, un fournisseur num\u00e9rique qui garantit la s\u00e9curit\u00e9 et la confidentialit\u00e9 de vos donn\u00e9es&hellip;<\/p>\n","protected":false},"author":6,"featured_media":0,"parent":0,"menu_order":0,"comment_status":"closed","ping_status":"closed","template":"","meta":{"_acf_changed":false,"footnotes":""},"tags":[],"class_list":["post-37728","page","type-page","status-publish","hentry"],"acf":[],"yoast_head":"<!-- This site is optimized with the Yoast SEO plugin v27.3 - https:\/\/yoast.com\/product\/yoast-seo-wordpress\/ -->\n<title>Sauver Des Vies 2020 | Cuso International<\/title>\n<meta name=\"description\" content=\"Les programmes de d\u00e9veloppement et les coop\u00e9rants-volontaires de Cuso visent \u00e0 promouvoir l\u2019\u00e9galit\u00e9 entre les sexes et \u00e0 offrir de nouvelles perspectives \u00e9conomiques aux jeunes de quatre continents.\" \/>\n<meta name=\"robots\" content=\"index, follow, max-snippet:-1, max-image-preview:large, max-video-preview:-1\" \/>\n<link rel=\"canonical\" href=\"https:\/\/cusointernational.org\/fr\/sauverdesvies2020\/\" \/>\n<meta property=\"og:locale\" content=\"fr_FR\" \/>\n<meta property=\"og:type\" content=\"article\" \/>\n<meta property=\"og:title\" content=\"Sauver Des Vies 2020 | Cuso International\" \/>\n<meta property=\"og:description\" content=\"Les programmes de d\u00e9veloppement et les coop\u00e9rants-volontaires de Cuso visent \u00e0 promouvoir l\u2019\u00e9galit\u00e9 entre les sexes et \u00e0 offrir de nouvelles perspectives \u00e9conomiques aux jeunes de quatre continents.\" \/>\n<meta property=\"og:url\" content=\"https:\/\/cusointernational.org\/fr\/sauverdesvies2020\/\" \/>\n<meta property=\"og:site_name\" content=\"Cuso International\" \/>\n<meta property=\"article:modified_time\" content=\"2020-12-23T12:32:28+00:00\" \/>\n<meta property=\"og:image\" content=\"https:\/\/cusointernational.org\/wp-content\/uploads\/icon-donate-stocks.svg\" \/>\n<meta name=\"twitter:card\" content=\"summary_large_image\" \/>\n<meta name=\"twitter:label1\" content=\"Dur\u00e9e de lecture estim\u00e9e\" \/>\n\t<meta name=\"twitter:data1\" content=\"2 minutes\" \/>\n<script type=\"application\/ld+json\" class=\"yoast-schema-graph\">{\"@context\":\"https:\\\/\\\/schema.org\",\"@graph\":[{\"@type\":\"WebPage\",\"@id\":\"https:\\\/\\\/cusointernational.org\\\/fr\\\/sauverdesvies2020\\\/\",\"url\":\"https:\\\/\\\/cusointernational.org\\\/fr\\\/sauverdesvies2020\\\/\",\"name\":\"Sauver Des Vies 2020 | Cuso International\",\"isPartOf\":{\"@id\":\"https:\\\/\\\/cusointernational.org\\\/fr\\\/#website\"},\"primaryImageOfPage\":{\"@id\":\"https:\\\/\\\/cusointernational.org\\\/fr\\\/sauverdesvies2020\\\/#primaryimage\"},\"image\":{\"@id\":\"https:\\\/\\\/cusointernational.org\\\/fr\\\/sauverdesvies2020\\\/#primaryimage\"},\"thumbnailUrl\":\"https:\\\/\\\/cusointernational.org\\\/wp-content\\\/uploads\\\/icon-donate-stocks.svg\",\"datePublished\":\"2020-10-28T16:31:55+00:00\",\"dateModified\":\"2020-12-23T12:32:28+00:00\",\"description\":\"Les programmes de d\u00e9veloppement et les coop\u00e9rants-volontaires de Cuso visent \u00e0 promouvoir l\u2019\u00e9galit\u00e9 entre les sexes et \u00e0 offrir de nouvelles perspectives \u00e9conomiques aux jeunes de quatre continents.\",\"breadcrumb\":{\"@id\":\"https:\\\/\\\/cusointernational.org\\\/fr\\\/sauverdesvies2020\\\/#breadcrumb\"},\"inLanguage\":\"fr-FR\",\"potentialAction\":[{\"@type\":\"ReadAction\",\"target\":[\"https:\\\/\\\/cusointernational.org\\\/fr\\\/sauverdesvies2020\\\/\"]}]},{\"@type\":\"ImageObject\",\"inLanguage\":\"fr-FR\",\"@id\":\"https:\\\/\\\/cusointernational.org\\\/fr\\\/sauverdesvies2020\\\/#primaryimage\",\"url\":\"https:\\\/\\\/cusointernational.org\\\/wp-content\\\/uploads\\\/icon-donate-stocks.svg\",\"contentUrl\":\"https:\\\/\\\/cusointernational.org\\\/wp-content\\\/uploads\\\/icon-donate-stocks.svg\"},{\"@type\":\"BreadcrumbList\",\"@id\":\"https:\\\/\\\/cusointernational.org\\\/fr\\\/sauverdesvies2020\\\/#breadcrumb\",\"itemListElement\":[{\"@type\":\"ListItem\",\"position\":1,\"name\":\"Home\",\"item\":\"https:\\\/\\\/cusointernational.org\\\/fr\\\/\"},{\"@type\":\"ListItem\",\"position\":2,\"name\":\"Sauver Des Vies 2020\"}]},{\"@type\":\"WebSite\",\"@id\":\"https:\\\/\\\/cusointernational.org\\\/fr\\\/#website\",\"url\":\"https:\\\/\\\/cusointernational.org\\\/fr\\\/\",\"name\":\"Cuso International\",\"description\":\"Connecting communities around the world with skilled Canadians to help end poverty\",\"potentialAction\":[{\"@type\":\"SearchAction\",\"target\":{\"@type\":\"EntryPoint\",\"urlTemplate\":\"https:\\\/\\\/cusointernational.org\\\/fr\\\/?s={search_term_string}\"},\"query-input\":{\"@type\":\"PropertyValueSpecification\",\"valueRequired\":true,\"valueName\":\"search_term_string\"}}],\"inLanguage\":\"fr-FR\"}]}<\/script>\n<!-- \/ Yoast SEO plugin. -->","yoast_head_json":{"title":"Sauver Des Vies 2020 | Cuso International","description":"Les programmes de d\u00e9veloppement et les coop\u00e9rants-volontaires de Cuso visent \u00e0 promouvoir l\u2019\u00e9galit\u00e9 entre les sexes et \u00e0 offrir de nouvelles perspectives \u00e9conomiques aux jeunes de quatre continents.","robots":{"index":"index","follow":"follow","max-snippet":"max-snippet:-1","max-image-preview":"max-image-preview:large","max-video-preview":"max-video-preview:-1"},"canonical":"https:\/\/cusointernational.org\/fr\/sauverdesvies2020\/","og_locale":"fr_FR","og_type":"article","og_title":"Sauver Des Vies 2020 | Cuso International","og_description":"Les programmes de d\u00e9veloppement et les coop\u00e9rants-volontaires de Cuso visent \u00e0 promouvoir l\u2019\u00e9galit\u00e9 entre les sexes et \u00e0 offrir de nouvelles perspectives \u00e9conomiques aux jeunes de quatre continents.","og_url":"https:\/\/cusointernational.org\/fr\/sauverdesvies2020\/","og_site_name":"Cuso International","article_modified_time":"2020-12-23T12:32:28+00:00","og_image":[{"url":"https:\/\/cusointernational.org\/wp-content\/uploads\/icon-donate-stocks.svg","type":"","width":"","height":""}],"twitter_card":"summary_large_image","twitter_misc":{"Dur\u00e9e de lecture estim\u00e9e":"2 minutes"},"schema":{"@context":"https:\/\/schema.org","@graph":[{"@type":"WebPage","@id":"https:\/\/cusointernational.org\/fr\/sauverdesvies2020\/","url":"https:\/\/cusointernational.org\/fr\/sauverdesvies2020\/","name":"Sauver Des Vies 2020 | Cuso International","isPartOf":{"@id":"https:\/\/cusointernational.org\/fr\/#website"},"primaryImageOfPage":{"@id":"https:\/\/cusointernational.org\/fr\/sauverdesvies2020\/#primaryimage"},"image":{"@id":"https:\/\/cusointernational.org\/fr\/sauverdesvies2020\/#primaryimage"},"thumbnailUrl":"https:\/\/cusointernational.org\/wp-content\/uploads\/icon-donate-stocks.svg","datePublished":"2020-10-28T16:31:55+00:00","dateModified":"2020-12-23T12:32:28+00:00","description":"Les programmes de d\u00e9veloppement et les coop\u00e9rants-volontaires de Cuso visent \u00e0 promouvoir l\u2019\u00e9galit\u00e9 entre les sexes et \u00e0 offrir de nouvelles perspectives \u00e9conomiques aux jeunes de quatre continents.","breadcrumb":{"@id":"https:\/\/cusointernational.org\/fr\/sauverdesvies2020\/#breadcrumb"},"inLanguage":"fr-FR","potentialAction":[{"@type":"ReadAction","target":["https:\/\/cusointernational.org\/fr\/sauverdesvies2020\/"]}]},{"@type":"ImageObject","inLanguage":"fr-FR","@id":"https:\/\/cusointernational.org\/fr\/sauverdesvies2020\/#primaryimage","url":"https:\/\/cusointernational.org\/wp-content\/uploads\/icon-donate-stocks.svg","contentUrl":"https:\/\/cusointernational.org\/wp-content\/uploads\/icon-donate-stocks.svg"},{"@type":"BreadcrumbList","@id":"https:\/\/cusointernational.org\/fr\/sauverdesvies2020\/#breadcrumb","itemListElement":[{"@type":"ListItem","position":1,"name":"Home","item":"https:\/\/cusointernational.org\/fr\/"},{"@type":"ListItem","position":2,"name":"Sauver Des Vies 2020"}]},{"@type":"WebSite","@id":"https:\/\/cusointernational.org\/fr\/#website","url":"https:\/\/cusointernational.org\/fr\/","name":"Cuso International","description":"Connecting communities around the world with skilled Canadians to help end poverty","potentialAction":[{"@type":"SearchAction","target":{"@type":"EntryPoint","urlTemplate":"https:\/\/cusointernational.org\/fr\/?s={search_term_string}"},"query-input":{"@type":"PropertyValueSpecification","valueRequired":true,"valueName":"search_term_string"}}],"inLanguage":"fr-FR"}]}},"_links":{"self":[{"href":"https:\/\/cusointernational.org\/fr\/wp-json\/wp\/v2\/pages\/37728","targetHints":{"allow":["GET"]}}],"collection":[{"href":"https:\/\/cusointernational.org\/fr\/wp-json\/wp\/v2\/pages"}],"about":[{"href":"https:\/\/cusointernational.org\/fr\/wp-json\/wp\/v2\/types\/page"}],"author":[{"embeddable":true,"href":"https:\/\/cusointernational.org\/fr\/wp-json\/wp\/v2\/users\/6"}],"replies":[{"embeddable":true,"href":"https:\/\/cusointernational.org\/fr\/wp-json\/wp\/v2\/comments?post=37728"}],"version-history":[{"count":0,"href":"https:\/\/cusointernational.org\/fr\/wp-json\/wp\/v2\/pages\/37728\/revisions"}],"wp:attachment":[{"href":"https:\/\/cusointernational.org\/fr\/wp-json\/wp\/v2\/media?parent=37728"}],"wp:term":[{"taxonomy":"post_tag","embeddable":true,"href":"https:\/\/cusointernational.org\/fr\/wp-json\/wp\/v2\/tags?post=37728"}],"curies":[{"name":"wp","href":"https:\/\/api.w.org\/{rel}","templated":true}]}}