{"id":37627,"date":"2020-10-13T10:37:01","date_gmt":"2020-10-13T14:37:01","guid":{"rendered":"https:\/\/cuso.wpengine.com\/cooperation-volontaire\/affectations-disponibles-recevoir-des-alertes\/"},"modified":"2026-01-22T18:49:34","modified_gmt":"2026-01-22T23:49:34","slug":"affectations-disponibles-recevoir-des-alertes","status":"publish","type":"page","link":"https:\/\/cusointernational.org\/fr\/passez-a-laction\/volontaire\/affectations-disponibles-recevoir-des-alertes\/","title":{"rendered":"Affectations disponibles : recevoir des alertes"},"content":{"rendered":"\r\n<h6>\r\n\t\tCOOP\u00c9RATION VOLONTAIRE\r\n\t<\/h6>\r\n<h1>\r\n\t\tAffectations disponibles : recevoir des alertes\r\n\t<\/h1>\r\n<h3>\r\n\t\tSouhaitez-vous recevoir une alerte par e-mail avec de nouveaux placements de b\u00e9n\u00e9voles? Veuillez vous inscrire ci-dessous!\r\n\t<\/h3>\r\n\t<p>[wplosurvey_insert_post ids=37621]<\/p>\r\n\t<p>Si vous r\u00e9pondez et que vous n&#8217;\u00eates pas encore inscrit, vous recevrez des mises \u00e0 jour et des communications p\u00e9riodiques de Cuso International.<\/p>\r\n","protected":false},"excerpt":{"rendered":"<p>COOP\u00c9RATION VOLONTAIRE Affectations disponibles : recevoir des alertes Souhaitez-vous recevoir une alerte par e-mail avec de nouveaux placements de b\u00e9n\u00e9voles? Veuillez vous inscrire ci-dessous! [wplosurvey_insert_post ids=37621] Si vous r\u00e9pondez et que vous n&#8217;\u00eates pas encore inscrit, vous recevrez des mises \u00e0 jour et des communications p\u00e9riodiques de Cuso International.<\/p>\n","protected":false},"author":6,"featured_media":34119,"parent":37007,"menu_order":0,"comment_status":"closed","ping_status":"closed","template":"","meta":{"_acf_changed":false,"footnotes":""},"tags":[],"class_list":["post-37627","page","type-page","status-publish","has-post-thumbnail","hentry"],"acf":[],"yoast_head":"<!-- This site is optimized with the Yoast SEO plugin v27.4 - https:\/\/yoast.com\/product\/yoast-seo-wordpress\/ -->\n<title>Affectations disponibles : recevoir des alertes | Cuso International<\/title>\n<meta name=\"description\" content=\"Les programmes de d\u00e9veloppement et les coop\u00e9rants-volontaires de Cuso visent \u00e0 promouvoir l\u2019\u00e9galit\u00e9 entre les sexes et \u00e0 offrir de nouvelles perspectives \u00e9conomiques aux jeunes de quatre continents.\" \/>\n<meta name=\"robots\" content=\"index, follow, max-snippet:-1, max-image-preview:large, max-video-preview:-1\" \/>\n<link rel=\"canonical\" href=\"https:\/\/cusointernational.org\/fr\/passez-a-laction\/volontaire\/affectations-disponibles-recevoir-des-alertes\/\" \/>\n<meta property=\"og:locale\" content=\"fr_FR\" \/>\n<meta property=\"og:type\" content=\"article\" \/>\n<meta property=\"og:title\" content=\"Affectations disponibles : recevoir des alertes | Cuso International\" \/>\n<meta property=\"og:description\" content=\"Les programmes de d\u00e9veloppement et les coop\u00e9rants-volontaires de Cuso visent \u00e0 promouvoir l\u2019\u00e9galit\u00e9 entre les sexes et \u00e0 offrir de nouvelles perspectives \u00e9conomiques aux jeunes de quatre continents.\" \/>\n<meta property=\"og:url\" content=\"https:\/\/cusointernational.org\/fr\/passez-a-laction\/volontaire\/affectations-disponibles-recevoir-des-alertes\/\" \/>\n<meta property=\"og:site_name\" content=\"Cuso International\" \/>\n<meta property=\"article:modified_time\" content=\"2026-01-22T23:49:34+00:00\" \/>\n<meta property=\"og:image\" content=\"https:\/\/cusointernational.org\/wp-content\/uploads\/Sharing-skills.png\" \/>\n\t<meta property=\"og:image:width\" content=\"856\" \/>\n\t<meta property=\"og:image:height\" content=\"546\" \/>\n\t<meta property=\"og:image:type\" content=\"image\/png\" \/>\n<meta name=\"twitter:card\" content=\"summary_large_image\" \/>\n<meta name=\"twitter:label1\" content=\"Dur\u00e9e de lecture estim\u00e9e\" \/>\n\t<meta name=\"twitter:data1\" content=\"1 minute\" \/>\n<script type=\"application\/ld+json\" class=\"yoast-schema-graph\">{\"@context\":\"https:\\\/\\\/schema.org\",\"@graph\":[{\"@type\":\"WebPage\",\"@id\":\"https:\\\/\\\/cusointernational.org\\\/fr\\\/passez-a-laction\\\/volontaire\\\/affectations-disponibles-recevoir-des-alertes\\\/\",\"url\":\"https:\\\/\\\/cusointernational.org\\\/fr\\\/passez-a-laction\\\/volontaire\\\/affectations-disponibles-recevoir-des-alertes\\\/\",\"name\":\"Affectations disponibles : recevoir des alertes | Cuso International\",\"isPartOf\":{\"@id\":\"https:\\\/\\\/cusointernational.org\\\/fr\\\/#website\"},\"primaryImageOfPage\":{\"@id\":\"https:\\\/\\\/cusointernational.org\\\/fr\\\/passez-a-laction\\\/volontaire\\\/affectations-disponibles-recevoir-des-alertes\\\/#primaryimage\"},\"image\":{\"@id\":\"https:\\\/\\\/cusointernational.org\\\/fr\\\/passez-a-laction\\\/volontaire\\\/affectations-disponibles-recevoir-des-alertes\\\/#primaryimage\"},\"thumbnailUrl\":\"https:\\\/\\\/cusointernational.org\\\/wp-content\\\/uploads\\\/Sharing-skills.png\",\"datePublished\":\"2020-10-13T14:37:01+00:00\",\"dateModified\":\"2026-01-22T23:49:34+00:00\",\"description\":\"Les programmes de d\u00e9veloppement et les coop\u00e9rants-volontaires de Cuso visent \u00e0 promouvoir l\u2019\u00e9galit\u00e9 entre les sexes et \u00e0 offrir de nouvelles perspectives \u00e9conomiques aux jeunes de quatre continents.\",\"breadcrumb\":{\"@id\":\"https:\\\/\\\/cusointernational.org\\\/fr\\\/passez-a-laction\\\/volontaire\\\/affectations-disponibles-recevoir-des-alertes\\\/#breadcrumb\"},\"inLanguage\":\"fr-FR\",\"potentialAction\":[{\"@type\":\"ReadAction\",\"target\":[\"https:\\\/\\\/cusointernational.org\\\/fr\\\/passez-a-laction\\\/volontaire\\\/affectations-disponibles-recevoir-des-alertes\\\/\"]}]},{\"@type\":\"ImageObject\",\"inLanguage\":\"fr-FR\",\"@id\":\"https:\\\/\\\/cusointernational.org\\\/fr\\\/passez-a-laction\\\/volontaire\\\/affectations-disponibles-recevoir-des-alertes\\\/#primaryimage\",\"url\":\"https:\\\/\\\/cusointernational.org\\\/wp-content\\\/uploads\\\/Sharing-skills.png\",\"contentUrl\":\"https:\\\/\\\/cusointernational.org\\\/wp-content\\\/uploads\\\/Sharing-skills.png\",\"width\":856,\"height\":546,\"caption\":\"||||Women botanical producers from the co-operative APAMA in Bolivia\"},{\"@type\":\"BreadcrumbList\",\"@id\":\"https:\\\/\\\/cusointernational.org\\\/fr\\\/passez-a-laction\\\/volontaire\\\/affectations-disponibles-recevoir-des-alertes\\\/#breadcrumb\",\"itemListElement\":[{\"@type\":\"ListItem\",\"position\":1,\"name\":\"Home\",\"item\":\"https:\\\/\\\/cusointernational.org\\\/fr\\\/\"},{\"@type\":\"ListItem\",\"position\":2,\"name\":\"Passez \u00e0 l\u2019action\",\"item\":\"https:\\\/\\\/cusointernational.org\\\/fr\\\/passez-a-laction\\\/\"},{\"@type\":\"ListItem\",\"position\":3,\"name\":\"Volontaire\",\"item\":\"https:\\\/\\\/cusointernational.org\\\/fr\\\/passez-a-laction\\\/volontaire\\\/\"},{\"@type\":\"ListItem\",\"position\":4,\"name\":\"Affectations disponibles : recevoir des alertes\"}]},{\"@type\":\"WebSite\",\"@id\":\"https:\\\/\\\/cusointernational.org\\\/fr\\\/#website\",\"url\":\"https:\\\/\\\/cusointernational.org\\\/fr\\\/\",\"name\":\"Cuso International\",\"description\":\"Connecting communities around the world with skilled Canadians to help end poverty\",\"potentialAction\":[{\"@type\":\"SearchAction\",\"target\":{\"@type\":\"EntryPoint\",\"urlTemplate\":\"https:\\\/\\\/cusointernational.org\\\/fr\\\/?s={search_term_string}\"},\"query-input\":{\"@type\":\"PropertyValueSpecification\",\"valueRequired\":true,\"valueName\":\"search_term_string\"}}],\"inLanguage\":\"fr-FR\"}]}<\/script>\n<!-- \/ Yoast SEO plugin. -->","yoast_head_json":{"title":"Affectations disponibles : recevoir des alertes | Cuso International","description":"Les programmes de d\u00e9veloppement et les coop\u00e9rants-volontaires de Cuso visent \u00e0 promouvoir l\u2019\u00e9galit\u00e9 entre les sexes et \u00e0 offrir de nouvelles perspectives \u00e9conomiques aux jeunes de quatre continents.","robots":{"index":"index","follow":"follow","max-snippet":"max-snippet:-1","max-image-preview":"max-image-preview:large","max-video-preview":"max-video-preview:-1"},"canonical":"https:\/\/cusointernational.org\/fr\/passez-a-laction\/volontaire\/affectations-disponibles-recevoir-des-alertes\/","og_locale":"fr_FR","og_type":"article","og_title":"Affectations disponibles : recevoir des alertes | Cuso International","og_description":"Les programmes de d\u00e9veloppement et les coop\u00e9rants-volontaires de Cuso visent \u00e0 promouvoir l\u2019\u00e9galit\u00e9 entre les sexes et \u00e0 offrir de nouvelles perspectives \u00e9conomiques aux jeunes de quatre continents.","og_url":"https:\/\/cusointernational.org\/fr\/passez-a-laction\/volontaire\/affectations-disponibles-recevoir-des-alertes\/","og_site_name":"Cuso International","article_modified_time":"2026-01-22T23:49:34+00:00","og_image":[{"width":856,"height":546,"url":"https:\/\/cusointernational.org\/wp-content\/uploads\/Sharing-skills.png","type":"image\/png"}],"twitter_card":"summary_large_image","twitter_misc":{"Dur\u00e9e de lecture estim\u00e9e":"1 minute"},"schema":{"@context":"https:\/\/schema.org","@graph":[{"@type":"WebPage","@id":"https:\/\/cusointernational.org\/fr\/passez-a-laction\/volontaire\/affectations-disponibles-recevoir-des-alertes\/","url":"https:\/\/cusointernational.org\/fr\/passez-a-laction\/volontaire\/affectations-disponibles-recevoir-des-alertes\/","name":"Affectations disponibles : recevoir des alertes | Cuso International","isPartOf":{"@id":"https:\/\/cusointernational.org\/fr\/#website"},"primaryImageOfPage":{"@id":"https:\/\/cusointernational.org\/fr\/passez-a-laction\/volontaire\/affectations-disponibles-recevoir-des-alertes\/#primaryimage"},"image":{"@id":"https:\/\/cusointernational.org\/fr\/passez-a-laction\/volontaire\/affectations-disponibles-recevoir-des-alertes\/#primaryimage"},"thumbnailUrl":"https:\/\/cusointernational.org\/wp-content\/uploads\/Sharing-skills.png","datePublished":"2020-10-13T14:37:01+00:00","dateModified":"2026-01-22T23:49:34+00:00","description":"Les programmes de d\u00e9veloppement et les coop\u00e9rants-volontaires de Cuso visent \u00e0 promouvoir l\u2019\u00e9galit\u00e9 entre les sexes et \u00e0 offrir de nouvelles perspectives \u00e9conomiques aux jeunes de quatre continents.","breadcrumb":{"@id":"https:\/\/cusointernational.org\/fr\/passez-a-laction\/volontaire\/affectations-disponibles-recevoir-des-alertes\/#breadcrumb"},"inLanguage":"fr-FR","potentialAction":[{"@type":"ReadAction","target":["https:\/\/cusointernational.org\/fr\/passez-a-laction\/volontaire\/affectations-disponibles-recevoir-des-alertes\/"]}]},{"@type":"ImageObject","inLanguage":"fr-FR","@id":"https:\/\/cusointernational.org\/fr\/passez-a-laction\/volontaire\/affectations-disponibles-recevoir-des-alertes\/#primaryimage","url":"https:\/\/cusointernational.org\/wp-content\/uploads\/Sharing-skills.png","contentUrl":"https:\/\/cusointernational.org\/wp-content\/uploads\/Sharing-skills.png","width":856,"height":546,"caption":"||||Women botanical producers from the co-operative APAMA in Bolivia"},{"@type":"BreadcrumbList","@id":"https:\/\/cusointernational.org\/fr\/passez-a-laction\/volontaire\/affectations-disponibles-recevoir-des-alertes\/#breadcrumb","itemListElement":[{"@type":"ListItem","position":1,"name":"Home","item":"https:\/\/cusointernational.org\/fr\/"},{"@type":"ListItem","position":2,"name":"Passez \u00e0 l\u2019action","item":"https:\/\/cusointernational.org\/fr\/passez-a-laction\/"},{"@type":"ListItem","position":3,"name":"Volontaire","item":"https:\/\/cusointernational.org\/fr\/passez-a-laction\/volontaire\/"},{"@type":"ListItem","position":4,"name":"Affectations disponibles : recevoir des alertes"}]},{"@type":"WebSite","@id":"https:\/\/cusointernational.org\/fr\/#website","url":"https:\/\/cusointernational.org\/fr\/","name":"Cuso International","description":"Connecting communities around the world with skilled Canadians to help end poverty","potentialAction":[{"@type":"SearchAction","target":{"@type":"EntryPoint","urlTemplate":"https:\/\/cusointernational.org\/fr\/?s={search_term_string}"},"query-input":{"@type":"PropertyValueSpecification","valueRequired":true,"valueName":"search_term_string"}}],"inLanguage":"fr-FR"}]}},"_links":{"self":[{"href":"https:\/\/cusointernational.org\/fr\/wp-json\/wp\/v2\/pages\/37627","targetHints":{"allow":["GET"]}}],"collection":[{"href":"https:\/\/cusointernational.org\/fr\/wp-json\/wp\/v2\/pages"}],"about":[{"href":"https:\/\/cusointernational.org\/fr\/wp-json\/wp\/v2\/types\/page"}],"author":[{"embeddable":true,"href":"https:\/\/cusointernational.org\/fr\/wp-json\/wp\/v2\/users\/6"}],"replies":[{"embeddable":true,"href":"https:\/\/cusointernational.org\/fr\/wp-json\/wp\/v2\/comments?post=37627"}],"version-history":[{"count":0,"href":"https:\/\/cusointernational.org\/fr\/wp-json\/wp\/v2\/pages\/37627\/revisions"}],"up":[{"embeddable":true,"href":"https:\/\/cusointernational.org\/fr\/wp-json\/wp\/v2\/pages\/37007"}],"wp:featuredmedia":[{"embeddable":true,"href":"https:\/\/cusointernational.org\/fr\/wp-json\/wp\/v2\/media\/34119"}],"wp:attachment":[{"href":"https:\/\/cusointernational.org\/fr\/wp-json\/wp\/v2\/media?parent=37627"}],"wp:term":[{"taxonomy":"post_tag","embeddable":true,"href":"https:\/\/cusointernational.org\/fr\/wp-json\/wp\/v2\/tags?post=37627"}],"curies":[{"name":"wp","href":"https:\/\/api.w.org\/{rel}","templated":true}]}}