{"id":37607,"date":"2022-04-01T16:57:10","date_gmt":"2022-04-01T20:57:10","guid":{"rendered":"https:\/\/cuso.wpengine.com\/recueillir-des-fonds-avec-nous\/defi-cuso-2020\/"},"modified":"2022-04-07T15:35:59","modified_gmt":"2022-04-07T19:35:59","slug":"defi-cuso-2020","status":"publish","type":"page","link":"https:\/\/cusointernational.org\/fr\/passez-a-laction\/recueillir-des-fonds-avec-nous\/defi-cuso-2020\/","title":{"rendered":"D\u00e9fi Cuso 2020"},"content":{"rendered":"\n\n<h1>\n\t\tD\u00e9fi Cuso 2022\n\t<\/h1>\n<h5>\n\t\tMarcher pour un monde meilleur (Machu Picchu, P\u00e9rou).<br \/>24 septembre 24 &#8211; 2 octobre, 2022<br \/><br \/>Le dernier jour pour s&#8217;inscrire est le 17 juin!\n\t<\/h5>\n\t\t\t<a href=\"https:\/\/www.charitychallenge.ca\/expedition2.html?id=2168&#038;cid=3073\" target=\"_blank\" role=\"button\" rel=\"noopener\">\n\t\t\t\t\t\t\tS&#8217;INSCRIRE MAINTENANT\n\t\t\t\t\t<\/a>\n<h2>\n\t\tParticipez \u00e0 notre randonn\u00e9e sur le Machu Picchu\n\t<\/h2>\n\t<p>Combinez le voyage, l&#8217;aventure et la philanthropie lors de cette randonn\u00e9e inoubliable vers le sommet du Machu Picchu, au P\u00e9rou. Pendant ces 9 jours d&#8217;excursion, vous emprunterez des sentiers peu fr\u00e9quent\u00e9s, visiterez des projets de Cuso et explorerez le fabuleux monde des Incas. Le tout en soutenant notre mission, \u00e0 savoir \u00e9radiquer la pauvret\u00e9 et les in\u00e9galit\u00e9s. D\u00e9passez-vous en marchant pour un monde meilleur!<\/p>\n<p>L&#8217;aventure vous int\u00e9resse? Vous aimeriez en savoir plus?<\/p>\n<p>Communiquez avec Amie Gibson sans tarder (amie.gibson@cusointernational.org ou 1-888-434-2876, poste 245).<\/p>\n\t\t\t<a href=\"https:\/\/www.charitychallenge.ca\/expedition2.html?id=2168&#038;cid=3073\" target=\"_blank\" role=\"button\" rel=\"noopener\">\n\t\t\t\t\t\t\tS&#8217;INSCRIRE MAINTENANT\n\t\t\t\t\t<\/a>\n<h3>\n\t\tTout savoir sur le D\u00e9fi\n\t<\/h3>\n\t<p>Cuso est pr\u00e9sent depuis tr\u00e8s longtemps dans la r\u00e9gion andine. Vous aurez l&#8217;occasion d&#8217;observer notre travail en action lors d&#8217;une visite d&#8217;une journ\u00e9e chez l&#8217;un de nos partenaires.<\/p>\n<p>En participant au D\u00e9fi Cuso, vous aiderez des femmes et des filles \u00e0 acqu\u00e9rir les comp\u00e9tences n\u00e9cessaires pour obtenir des emplois stables et vous contribuerez \u00e0 la promotion d&#8217;un d\u00e9veloppement \u00e9conomique durable et \u00e0 la pr\u00e9servation du mode de vie andin.<\/p>\n\t\t\t<a href=\"http:\/\/connect.cusointernational.org\/site\/TR?fr_id=1070&#038;pg=entry\" target=\"_blank\" role=\"button\" rel=\"noopener\">\n\t\t\t\t\t\tFAIRE UN DON \u00c0 UNE PERSONNE DU GROUPE\n\t\t\t\t\t<\/a>\n\t\t\t<a href=\"https:\/\/secure2.convio.net\/cuso\/site\/Donation2;jsessionid=00000000.app262a?idb=2081529775&#038;df_id=2402&#038;FR_ID=1070&#038;mfc_pref=T&#038;PROXY_ID=2402&#038;PROXY_TYPE=21&#038;2402.donation=form1&#038;NONCE_TOKEN=ED82B9891D403C085EDCBDCFCB8CEE1F&#038;_gac=1.217329314.1576521497.EAIaIQobChMIsrzfnOi65gIVkYFaBR3NDQQUEAAYASAAEgLklPD_BwE&#038;_ga=2.95544468.926602010.1578922301-32923328.1574431278\" target=\"_blank\" role=\"button\" rel=\"noopener\">\n\t\t\t\t\t\tFaire un don \u00e0 l&#8217;exp\u00e9dition\n\t\t\t\t\t<\/a>\n<h5>\n\t\t R\u00eavez avec nous! Laissez deux des responsables de l&#8217;organisation du D\u00e9fi Cuso vous expliquer tous les d\u00e9tails de cette fabuleuse exp\u00e9dition.\n\t<\/h5>\n\t\t\t<a href=\"void(0)\" target=\"_self\" aria-label=\"REGARDER : WEBINAIRE SUR LE D\u00c9FI CUSO\" rel=\"noopener\">\n\t\t\t\t\t\t\tREGARDER : WEBINAIRE SUR LE D\u00c9FI CUSO\n\t\t<\/a>\n<h2>\n\t\tVous avez des questions?\n\t<\/h2>\n<h2>\n\t\tNous avons les r\u00e9ponses!\n\t<\/h2>\n\t\t\t\t\t\t<h5 tabindex=\"0\">Quand le D\u00e9fi Cuso aura-t-il lieu?<\/h5>\n\t\t\t<p>Le D\u00e9fi 2022 aura lieu du 24 septembre 24 &#8211; 2 octobre, 2022. Cinq des neuf jours de l&#8217;aventure seront consacr\u00e9s \u00e0 la randonn\u00e9e.<\/p>\n\t\t\t\t\t\t<h5 tabindex=\"0\">Dois-je \u00eatre en super forme?<\/h5>\n\t\t\t<p>Si vous \u00eates d\u00e9j\u00e0 relativement actif et que vous avez un mode de vie sain, vous ne devriez pas avoir de probl\u00e8mes! La force est importante, bien s\u00fbr, mais la cl\u00e9, c&#8217;est l&#8217;endurance. La randonn\u00e9e aura lieu en altitude (4 400 m\u00e8tres). Nous vous recommandons donc de vous entra\u00eener pour augmenter votre endurance cardiovasculaire.<\/p>\n\t\t\t\t\t\t<h5 tabindex=\"0\">Imposez-vous une limite d&#8217;\u00e2ge?<\/h5>\n\t\t\t<p>L&#8217;\u00e2ge est un facteur moins important que l&#8217;endurance physique. Les participants du D\u00e9fi 2018 avaient entre 20 ans et 70 ans!<\/p>\n\t\t\t\t\t\t<h5 tabindex=\"0\">De quoi aura l&#8217;air une journ\u00e9e de randonn\u00e9e type?<\/h5>\n\t\t\t<p>Vous d\u00e9jeunerez t\u00f4t avant de prendre la route. Vous marcherez entre 6 et 8 heures par jour. Vous aurez l&#8217;occasion de prendre des pauses et de profiter du paysage. Vous prendrez votre d\u00eener et votre souper sur la route. Le soir, vous dormirez sous la tente (2 personnes par tente d\u00f4me), \u00e0 l&#8217;ombre des montagnes.<\/p>\n\t\t\t\t\t\t<h5 tabindex=\"0\">Est-ce que je devrai porter mon \u00e9quipement?<\/h5>\n\t\t\t<p>Non! Vous ne vous occuperez de rien d&#8217;autre que de marcher! Rien : pas de transport de bagages, pas de montage de tente, pas de cuisine&#8230; Vous aurez toute une \u00e9quipe de guides, de porteurs et de cuisiniers \u00e0 votre disposition!<\/p>\n\t\t\t\t\t\t<h5 tabindex=\"0\">Que devrais-je faire pour me pr\u00e9parer en vue du voyage?<\/h5>\n\t\t\t<p>Marcher en montagne et monter des escaliers pourrait aider \u00e0 pr\u00e9parer le bas de votre corps. Vous pourriez aussi faire de longues randonn\u00e9es avec un sac \u00e0 dos sur des collines ou de petites montagnes, en prenant bien soin d&#8217;ajouter du poids avec le temps.<\/p>\n\t\t\t\t\t\t<h5 tabindex=\"0\">De quoi aura l&#8217;air le programme?<\/h5>\n\t\t\t<p>Vous aurez le temps d&#8217;explorer la ville de Cusco, l&#8217;ancienne capitale inca. Vous rencontrerez des participants \u00e0 un projet local de Cuso et aurez l&#8217;occasion de rencontrer des coop\u00e9rants-volontaires et des b\u00e9n\u00e9ficiaires. Vous traverserez de petits villages et d\u00e9couvrirez le mode de vie andin. Vous verrez des lacs glaciaires d&#8217;un bleu tr\u00e8s pur, des sommets enneig\u00e9s et les magnifiques ruines du Machu Picchu.<\/p>\n\t\t\t\t\t\t<h5 tabindex=\"0\">J&#8217;embarque! Combien \u00e7a co\u00fbte?<\/h5>\n\t\t\t<p>Les frais de voyage varient entre 1 650 $ et 2 650 $, selon l&#8217;option de paiement choisie. Les engagements de collecte de fonds varient entre 2 500 $ et 4 000 $. Tout est inclus (h\u00f4tel, repas, transport, etc.), sauf les billets d&#8217;avion. Mais communiquez avec nous avant de r\u00e9server votre vol, nous pourrions vous aider \u00e0 avoir un bon prix!<\/p>\n\t\t\t\t\t\t<h5 tabindex=\"0\">Aurais-je de l&#8217;aide pour la collecte de fonds?<\/h5>\n\t\t\t<p>Oui! Nous serons l\u00e0 pour vous aider \u00e0 atteindre votre objectif. Vous aurez votre propre page de collecte de fonds et recevrez du soutien personnalis\u00e9 de notre \u00e9quipe de professionnels. De plus, nous vous aiderons \u00e0 concevoir des activit\u00e9s et des campagnes de collecte de fonds \u00e0 votre image.<\/p>\n\t\t\t\t\t\t<h5 tabindex=\"0\">Qui organisera le voyage?<\/h5>\n\t\t\t<p>Nous travaillons avec Charity Challenge, un voyagiste r\u00e9put\u00e9 et exp\u00e9riment\u00e9. C&#8217;est le troisi\u00e8me voyage que nous organisons avec eux. Nous pouvons donc attester de la qualit\u00e9, du sens de l&#8217;organisation et du professionnalisme de leurs guides, de leurs m\u00e9decins et de leur personnel sur le terrain. Charity Challenge milite pour un tourisme responsable et collabore avec des partenaires tels que Rainforest Alliance et Climate Care.<\/p>\n<h2>\n\t\tAider une personne \u00e0 gravir cette montagne\n\t<\/h2>\n<h5>\n\t\tVous ne pouvez pas participer au D\u00e9fi Cuso, mais avez envie d&#8217;agir? Vous pouvez aider une personne \u00e0 atteindre son objectif de collecte de fonds!\n\t<\/h5>\n\t\t\t<a href=\"http:\/\/connect.cusointernational.org\/site\/TR?fr_id=1070&#038;pg=entry\" target=\"_blank\" role=\"button\" rel=\"noopener\">\n\t\t\t\t\t\tFAIRE UN DON \u00c0 UNE PERSONNE DU GROUPE\n\t\t\t\t\t<\/a>\n\n","protected":false},"excerpt":{"rendered":"<p>D\u00e9fi Cuso 2022 Marcher pour un monde meilleur (Machu Picchu, P\u00e9rou).24 septembre 24 &#8211; 2 octobre, 2022 Le dernier jour pour s&#8217;inscrire est le 17 juin! S&#8217;INSCRIRE MAINTENANT Participez \u00e0 notre randonn\u00e9e sur le Machu Picchu Combinez le voyage, l&#8217;aventure et la philanthropie lors de cette randonn\u00e9e inoubliable vers le sommet du Machu Picchu, au&hellip;<\/p>\n","protected":false},"author":6,"featured_media":32491,"parent":37599,"menu_order":0,"comment_status":"closed","ping_status":"closed","template":"","meta":{"_acf_changed":false,"footnotes":""},"tags":[],"class_list":["post-37607","page","type-page","status-publish","has-post-thumbnail","hentry"],"acf":[],"yoast_head":"<!-- This site is optimized with the Yoast SEO plugin v27.4 - https:\/\/yoast.com\/product\/yoast-seo-wordpress\/ -->\n<title>D\u00e9fi Cuso 2020 | CUSO International<\/title>\n<meta name=\"description\" content=\"Cuso&#039;s development programs &amp; international volunteers work to advance gender equality &amp; improve economic opportunities for youth across four continents.\" \/>\n<meta name=\"robots\" content=\"index, follow, max-snippet:-1, max-image-preview:large, max-video-preview:-1\" \/>\n<link rel=\"canonical\" href=\"https:\/\/cusointernational.org\/fr\/passez-a-laction\/recueillir-des-fonds-avec-nous\/defi-cuso-2020\/\" \/>\n<meta property=\"og:locale\" content=\"fr_FR\" \/>\n<meta property=\"og:type\" content=\"article\" \/>\n<meta property=\"og:title\" content=\"D\u00e9fi Cuso 2020 | CUSO International\" \/>\n<meta property=\"og:description\" content=\"Cuso&#039;s development programs &amp; international volunteers work to advance gender equality &amp; improve economic opportunities for youth across four continents.\" \/>\n<meta property=\"og:url\" content=\"https:\/\/cusointernational.org\/fr\/passez-a-laction\/recueillir-des-fonds-avec-nous\/defi-cuso-2020\/\" \/>\n<meta property=\"og:site_name\" content=\"Cuso International\" \/>\n<meta property=\"article:modified_time\" content=\"2022-04-07T19:35:59+00:00\" \/>\n<meta property=\"og:image\" content=\"https:\/\/cusointernational.org\/wp-content\/uploads\/cuso-challenge-hero.jpg\" \/>\n\t<meta property=\"og:image:width\" content=\"1600\" \/>\n\t<meta property=\"og:image:height\" content=\"1000\" \/>\n\t<meta property=\"og:image:type\" content=\"image\/jpeg\" \/>\n<meta name=\"twitter:card\" content=\"summary_large_image\" \/>\n<meta name=\"twitter:label1\" content=\"Dur\u00e9e de lecture estim\u00e9e\" \/>\n\t<meta name=\"twitter:data1\" content=\"4 minutes\" \/>\n<script type=\"application\/ld+json\" class=\"yoast-schema-graph\">{\"@context\":\"https:\\\/\\\/schema.org\",\"@graph\":[{\"@type\":\"WebPage\",\"@id\":\"https:\\\/\\\/cusointernational.org\\\/fr\\\/passez-a-laction\\\/recueillir-des-fonds-avec-nous\\\/defi-cuso-2020\\\/\",\"url\":\"https:\\\/\\\/cusointernational.org\\\/fr\\\/passez-a-laction\\\/recueillir-des-fonds-avec-nous\\\/defi-cuso-2020\\\/\",\"name\":\"D\u00e9fi Cuso 2020 | CUSO International\",\"isPartOf\":{\"@id\":\"https:\\\/\\\/cusointernational.org\\\/fr\\\/#website\"},\"primaryImageOfPage\":{\"@id\":\"https:\\\/\\\/cusointernational.org\\\/fr\\\/passez-a-laction\\\/recueillir-des-fonds-avec-nous\\\/defi-cuso-2020\\\/#primaryimage\"},\"image\":{\"@id\":\"https:\\\/\\\/cusointernational.org\\\/fr\\\/passez-a-laction\\\/recueillir-des-fonds-avec-nous\\\/defi-cuso-2020\\\/#primaryimage\"},\"thumbnailUrl\":\"https:\\\/\\\/cusointernational.org\\\/wp-content\\\/uploads\\\/cuso-challenge-hero.jpg\",\"datePublished\":\"2022-04-01T20:57:10+00:00\",\"dateModified\":\"2022-04-07T19:35:59+00:00\",\"description\":\"Cuso's development programs & international volunteers work to advance gender equality & improve economic opportunities for youth across four continents.\",\"breadcrumb\":{\"@id\":\"https:\\\/\\\/cusointernational.org\\\/fr\\\/passez-a-laction\\\/recueillir-des-fonds-avec-nous\\\/defi-cuso-2020\\\/#breadcrumb\"},\"inLanguage\":\"fr-FR\",\"potentialAction\":[{\"@type\":\"ReadAction\",\"target\":[\"https:\\\/\\\/cusointernational.org\\\/fr\\\/passez-a-laction\\\/recueillir-des-fonds-avec-nous\\\/defi-cuso-2020\\\/\"]}]},{\"@type\":\"ImageObject\",\"inLanguage\":\"fr-FR\",\"@id\":\"https:\\\/\\\/cusointernational.org\\\/fr\\\/passez-a-laction\\\/recueillir-des-fonds-avec-nous\\\/defi-cuso-2020\\\/#primaryimage\",\"url\":\"https:\\\/\\\/cusointernational.org\\\/wp-content\\\/uploads\\\/cuso-challenge-hero.jpg\",\"contentUrl\":\"https:\\\/\\\/cusointernational.org\\\/wp-content\\\/uploads\\\/cuso-challenge-hero.jpg\",\"width\":1600,\"height\":1000,\"caption\":\"Woman hiking in mountains\"},{\"@type\":\"BreadcrumbList\",\"@id\":\"https:\\\/\\\/cusointernational.org\\\/fr\\\/passez-a-laction\\\/recueillir-des-fonds-avec-nous\\\/defi-cuso-2020\\\/#breadcrumb\",\"itemListElement\":[{\"@type\":\"ListItem\",\"position\":1,\"name\":\"Home\",\"item\":\"https:\\\/\\\/cusointernational.org\\\/fr\\\/\"},{\"@type\":\"ListItem\",\"position\":2,\"name\":\"Passez \u00e0 l\u2019action\",\"item\":\"https:\\\/\\\/cusointernational.org\\\/fr\\\/passez-a-laction\\\/\"},{\"@type\":\"ListItem\",\"position\":3,\"name\":\"Recueillir des fonds avec nous\",\"item\":\"https:\\\/\\\/cusointernational.org\\\/fr\\\/passez-a-laction\\\/recueillir-des-fonds-avec-nous\\\/\"},{\"@type\":\"ListItem\",\"position\":4,\"name\":\"D\u00e9fi Cuso 2020\"}]},{\"@type\":\"WebSite\",\"@id\":\"https:\\\/\\\/cusointernational.org\\\/fr\\\/#website\",\"url\":\"https:\\\/\\\/cusointernational.org\\\/fr\\\/\",\"name\":\"Cuso International\",\"description\":\"Connecting communities around the world with skilled Canadians to help end poverty\",\"potentialAction\":[{\"@type\":\"SearchAction\",\"target\":{\"@type\":\"EntryPoint\",\"urlTemplate\":\"https:\\\/\\\/cusointernational.org\\\/fr\\\/?s={search_term_string}\"},\"query-input\":{\"@type\":\"PropertyValueSpecification\",\"valueRequired\":true,\"valueName\":\"search_term_string\"}}],\"inLanguage\":\"fr-FR\"}]}<\/script>\n<!-- \/ Yoast SEO plugin. -->","yoast_head_json":{"title":"D\u00e9fi Cuso 2020 | CUSO International","description":"Cuso's development programs & international volunteers work to advance gender equality & improve economic opportunities for youth across four continents.","robots":{"index":"index","follow":"follow","max-snippet":"max-snippet:-1","max-image-preview":"max-image-preview:large","max-video-preview":"max-video-preview:-1"},"canonical":"https:\/\/cusointernational.org\/fr\/passez-a-laction\/recueillir-des-fonds-avec-nous\/defi-cuso-2020\/","og_locale":"fr_FR","og_type":"article","og_title":"D\u00e9fi Cuso 2020 | CUSO International","og_description":"Cuso's development programs & international volunteers work to advance gender equality & improve economic opportunities for youth across four continents.","og_url":"https:\/\/cusointernational.org\/fr\/passez-a-laction\/recueillir-des-fonds-avec-nous\/defi-cuso-2020\/","og_site_name":"Cuso International","article_modified_time":"2022-04-07T19:35:59+00:00","og_image":[{"width":1600,"height":1000,"url":"https:\/\/cusointernational.org\/wp-content\/uploads\/cuso-challenge-hero.jpg","type":"image\/jpeg"}],"twitter_card":"summary_large_image","twitter_misc":{"Dur\u00e9e de lecture estim\u00e9e":"4 minutes"},"schema":{"@context":"https:\/\/schema.org","@graph":[{"@type":"WebPage","@id":"https:\/\/cusointernational.org\/fr\/passez-a-laction\/recueillir-des-fonds-avec-nous\/defi-cuso-2020\/","url":"https:\/\/cusointernational.org\/fr\/passez-a-laction\/recueillir-des-fonds-avec-nous\/defi-cuso-2020\/","name":"D\u00e9fi Cuso 2020 | CUSO International","isPartOf":{"@id":"https:\/\/cusointernational.org\/fr\/#website"},"primaryImageOfPage":{"@id":"https:\/\/cusointernational.org\/fr\/passez-a-laction\/recueillir-des-fonds-avec-nous\/defi-cuso-2020\/#primaryimage"},"image":{"@id":"https:\/\/cusointernational.org\/fr\/passez-a-laction\/recueillir-des-fonds-avec-nous\/defi-cuso-2020\/#primaryimage"},"thumbnailUrl":"https:\/\/cusointernational.org\/wp-content\/uploads\/cuso-challenge-hero.jpg","datePublished":"2022-04-01T20:57:10+00:00","dateModified":"2022-04-07T19:35:59+00:00","description":"Cuso's development programs & international volunteers work to advance gender equality & improve economic opportunities for youth across four continents.","breadcrumb":{"@id":"https:\/\/cusointernational.org\/fr\/passez-a-laction\/recueillir-des-fonds-avec-nous\/defi-cuso-2020\/#breadcrumb"},"inLanguage":"fr-FR","potentialAction":[{"@type":"ReadAction","target":["https:\/\/cusointernational.org\/fr\/passez-a-laction\/recueillir-des-fonds-avec-nous\/defi-cuso-2020\/"]}]},{"@type":"ImageObject","inLanguage":"fr-FR","@id":"https:\/\/cusointernational.org\/fr\/passez-a-laction\/recueillir-des-fonds-avec-nous\/defi-cuso-2020\/#primaryimage","url":"https:\/\/cusointernational.org\/wp-content\/uploads\/cuso-challenge-hero.jpg","contentUrl":"https:\/\/cusointernational.org\/wp-content\/uploads\/cuso-challenge-hero.jpg","width":1600,"height":1000,"caption":"Woman hiking in mountains"},{"@type":"BreadcrumbList","@id":"https:\/\/cusointernational.org\/fr\/passez-a-laction\/recueillir-des-fonds-avec-nous\/defi-cuso-2020\/#breadcrumb","itemListElement":[{"@type":"ListItem","position":1,"name":"Home","item":"https:\/\/cusointernational.org\/fr\/"},{"@type":"ListItem","position":2,"name":"Passez \u00e0 l\u2019action","item":"https:\/\/cusointernational.org\/fr\/passez-a-laction\/"},{"@type":"ListItem","position":3,"name":"Recueillir des fonds avec nous","item":"https:\/\/cusointernational.org\/fr\/passez-a-laction\/recueillir-des-fonds-avec-nous\/"},{"@type":"ListItem","position":4,"name":"D\u00e9fi Cuso 2020"}]},{"@type":"WebSite","@id":"https:\/\/cusointernational.org\/fr\/#website","url":"https:\/\/cusointernational.org\/fr\/","name":"Cuso International","description":"Connecting communities around the world with skilled Canadians to help end poverty","potentialAction":[{"@type":"SearchAction","target":{"@type":"EntryPoint","urlTemplate":"https:\/\/cusointernational.org\/fr\/?s={search_term_string}"},"query-input":{"@type":"PropertyValueSpecification","valueRequired":true,"valueName":"search_term_string"}}],"inLanguage":"fr-FR"}]}},"_links":{"self":[{"href":"https:\/\/cusointernational.org\/fr\/wp-json\/wp\/v2\/pages\/37607","targetHints":{"allow":["GET"]}}],"collection":[{"href":"https:\/\/cusointernational.org\/fr\/wp-json\/wp\/v2\/pages"}],"about":[{"href":"https:\/\/cusointernational.org\/fr\/wp-json\/wp\/v2\/types\/page"}],"author":[{"embeddable":true,"href":"https:\/\/cusointernational.org\/fr\/wp-json\/wp\/v2\/users\/6"}],"replies":[{"embeddable":true,"href":"https:\/\/cusointernational.org\/fr\/wp-json\/wp\/v2\/comments?post=37607"}],"version-history":[{"count":0,"href":"https:\/\/cusointernational.org\/fr\/wp-json\/wp\/v2\/pages\/37607\/revisions"}],"up":[{"embeddable":true,"href":"https:\/\/cusointernational.org\/fr\/wp-json\/wp\/v2\/pages\/37599"}],"wp:featuredmedia":[{"embeddable":true,"href":"https:\/\/cusointernational.org\/fr\/wp-json\/wp\/v2\/media\/32491"}],"wp:attachment":[{"href":"https:\/\/cusointernational.org\/fr\/wp-json\/wp\/v2\/media?parent=37607"}],"wp:term":[{"taxonomy":"post_tag","embeddable":true,"href":"https:\/\/cusointernational.org\/fr\/wp-json\/wp\/v2\/tags?post=37607"}],"curies":[{"name":"wp","href":"https:\/\/api.w.org\/{rel}","templated":true}]}}