{"id":37599,"date":"2020-09-18T16:56:43","date_gmt":"2020-09-18T20:56:43","guid":{"rendered":"https:\/\/cuso.wpengine.com\/recueillir-des-fonds-avec-nous\/"},"modified":"2025-07-25T12:14:54","modified_gmt":"2025-07-25T16:14:54","slug":"recueillir-des-fonds-avec-nous","status":"publish","type":"page","link":"https:\/\/cusointernational.org\/fr\/passez-a-laction\/recueillir-des-fonds-avec-nous\/","title":{"rendered":"Recueillir des fonds avec nous"},"content":{"rendered":"\n\n<h1>\n\t\t\tRecueillir des fonds avec nous\t<\/h1>\n\t<p>Rejoignez le mouvement. Trouvez l&#8217;inspiration. Changez le monde.<\/p>\n\t\t\t<a href=\"\" target=\"_self\">\n\t\t\t\t\t\t\t EN SAVOIR PLUS\n\t\t\t\t\t<\/a>\n<h2>\n\t\t\tChaque id\u00e9e a le pouvoir de changer le monde \t<\/h2>\n\t<p>Toutes les id\u00e9es sont bonnes pour amasser des fonds avec Cuso International. De la plus simple \u00e0 la plus farfelue, l&#8217;important, c&#8217;est d&#8217;avoir du plaisir en faisant conna\u00eetre notre mission. Que vous organisiez un tricot-o-don ou un <em>Bed<\/em>&#8211;<em>in<\/em> pour la cause, ou encore que vous vous mettiez au d\u00e9fi de gravir une montagne c\u00e9l\u00e8bre, informez-nous de votre initiative! Il nous fera plaisir de vous soutenir avec des conseils, des outils, et tous nos encouragements.<\/p>\n<h2>\n\t\t\tFaites comme Barbara\t<\/h2>\n\t<p>\u00c0 l&#8217;aube de ses 80 ans, cette ancienne volontaire avait envie de r\u00e9it\u00e9rer sa flamme pour Cuso.<\/p>\n<p><strong><em>\u00ab <\/em>Facebook m&#8217;a sugg\u00e9r\u00e9 de d\u00e9dier ma f\u00eate \u00e0 une cause, et \u00e7a a tout de suite fait sens de choisir Cuso. Ma fille \u00e9tait de passage et m&#8217;a aid\u00e9e. C&#8217;\u00e9tait simple, significatif, et une belle mani\u00e8re de renouer avec des gens et des valeurs qui m&#8217;ont fa\u00e7onn\u00e9e. J&#8217;ai soutenu Cuso \u00e0 plusieurs reprises dans ma vie, mais cette fois, c&#8217;\u00e9tait diff\u00e9rent\u202f: c&#8217;\u00e9tait public et festif. D&#8217;autres anciens pourraient aussi le faire. C&#8217;est une super fa\u00e7on de continuer \u00e0 donner, m\u00eame quand on n&#8217;est plus sur le terrain.\u00bb<\/strong><\/p>\n<p>&nbsp;<\/p>\n\t\t\t\t<img decoding=\"async\" src=\"https:\/\/cusointernational.org\/wp-content\/uploads\/image-1.jpeg\" alt=\"image\" itemprop=\"image\" height=\"600\" width=\"800\" title=\"image\" onerror=\"this.style.display='none'\" loading=\"lazy\" \/>\n\t<p><em>Barbara Kincaid Moore\u00a0<\/em><\/p>\n<h3>\n\t\t\tCollecte 101 : lancez votre campagne en 3 \u00e9tapes faciles\t<\/h3>\n\t\t\t\t<img decoding=\"async\" src=\"https:\/\/cusointernational.org\/wp-content\/uploads\/icon-partner-giving.svg\" alt=\"Giving icon\" itemprop=\"image\" height=\"112\" width=\"112\" title=\"icon-partner-giving\" onerror=\"this.style.display='none'\" loading=\"lazy\" \/>\n<h4>\n\t\t\tCr\u00e9ez votre page de collecte de fonds \t<\/h4>\n\tEn moins de deux, cr\u00e9ez votre page au moyen d&#8217;un court message personnalis\u00e9, d&#8217;un objectif de collecte de fonds et d&#8217;une photo. Pourquoi la coop\u00e9ration internationale et le travail de Cuso vous touchent? Qu&#8217;est-ce qui, dans notre mission, r\u00e9sonne avec votre histoire? Plus votre page sera personnelle, plus vous aurez de chance d&#8217;atteindre votre objectif!<br \/>\n<!--EndFragment -->\n\t\t\t\t<img decoding=\"async\" src=\"https:\/\/cusointernational.org\/wp-content\/uploads\/icon-alumni-ambassador.svg\" alt=\"Speech bubbles icon\" itemprop=\"image\" height=\"112\" width=\"112\" title=\"icon-alumni-ambassador\" onerror=\"this.style.display='none'\" loading=\"lazy\" \/>\n<h4>\n\t\t\tPartagez-la aupr\u00e8s de votre r\u00e9seau \t<\/h4>\n\t<p><!--StartFragment --><\/p>\n<p>C&#8217;est le moment de faire du bruit pour faire conna\u00eetre votre campagne! Partagez le lien de votre page \u00e0 vos amis, vos proches, vos coll\u00e8gues et vos voisins, par courriel et via vos plateformes sociales pr\u00e9f\u00e9r\u00e9es. Vous pouvez m\u00eame le faire par SMS! Rappelez-vous qu&#8217;en collecte de fonds, une r\u00e8gle prime sur toutes les autres : demandez un montant pr\u00e9cis et faites des demandes individuelles. Vous aurez plus de succ\u00e8s qu&#8217;en passant par un message de groupe.<\/p>\n<p><!--EndFragment --><\/p>\n\t\t\t\t<img decoding=\"async\" src=\"https:\/\/cusointernational.org\/wp-content\/uploads\/icon-alumni-legacy.svg\" alt=\"Scroll and heard icon\" itemprop=\"image\" height=\"112\" width=\"112\" title=\"icon-alumni-legacy\" onerror=\"this.style.display='none'\" loading=\"lazy\" \/>\n<h4>\n\t\t\tRemerciez vos donateurs\t<\/h4>\n\tDerni\u00e8re \u00e9tape, mais non la moindre : prenez le temps de bien remercier ceux et celles qui appuient votre campagne par un don. C&#8217;est ce qui leur donnera une belle exp\u00e9rience et les incitera peut-\u00eatre \u00e0 recommencer, ou m\u00eame \u00e0 cr\u00e9er leur campagne \u00e0 leur tour, qui sait!? Dites-vous aussi que vous jouez un peu le r\u00f4le d&#8217;un ambassadeur de Cuso pour ceux et celles qui ne nous connaissent pas, alors laissez-les sur une belle premi\u00e8re impression!<br \/>\n<!--EndFragment -->\n\t\t\t<a href=\"https:\/\/cusointernational.donorsupport.co\/-\/XGGFEXLN%20\" target=\"_self\">\n\t\t\t\t\t\t\tCOMMENCEZ VOTRE CAMPAGNE\n\t\t\t\t\t<\/a>\n<h3>\n\t\t\tEnvie de vous lancer, mais besoin d&#8217;accompagnement? \t<\/h3>\n\t<p>Il nous fera plaisir d&#8217;\u00e9changer avec vous pour mettre toutes les chances de succ\u00e8s de votre c\u00f4t\u00e9. Remplissez notre formulaire d&#8217;information ou communiquez sans frais avec Arianne Cardinal +1 888 434-2876, poste 217, ou <a href=\"arianne.cardinal@cusointernational.org\">arianne.cardinal@cusointernational.org<\/a>.<\/p>\n\t<div class=\"wpforms-container wpforms-container-full\" id=\"wpforms-36434\"><form id=\"wpforms-form-36434\" class=\"wpforms-validate wpforms-form wpforms-ajax-form\" data-formid=\"36434\" method=\"post\" enctype=\"multipart\/form-data\" action=\"\/fr\/wp-json\/wp\/v2\/pages\/37599\" data-token=\"11a8f84655e93ae708ead9ee0f22d1a0\" data-token-time=\"1776774697\"><noscript class=\"wpforms-error-noscript\">Veuillez activer JavaScript dans votre navigateur pour remplir ce formulaire.<\/noscript><div class=\"wpforms-field-container\"><div id=\"wpforms-36434-field_0-container\" class=\"wpforms-field wpforms-field-name wpforms-one-half wpforms-first\" data-field-id=\"0\"><label class=\"wpforms-field-label wpforms-label-hide\" for=\"wpforms-36434-field_0\">Pr\u00e9nom * <span class=\"wpforms-required-label\">*<\/span><\/label><input type=\"text\" id=\"wpforms-36434-field_0\" class=\"wpforms-field-large wpforms-field-required\" name=\"wpforms[fields][0]\" placeholder=\"Nom de famille *\" required><\/div><div id=\"wpforms-36434-field_3-container\" class=\"wpforms-field wpforms-field-name wpforms-one-half\" data-field-id=\"3\"><label class=\"wpforms-field-label wpforms-label-hide\" for=\"wpforms-36434-field_3\">Pr\u00e9nom * <span class=\"wpforms-required-label\">*<\/span><\/label><input type=\"text\" id=\"wpforms-36434-field_3\" class=\"wpforms-field-large wpforms-field-required\" name=\"wpforms[fields][3]\" placeholder=\"Nom de famille *\" required><\/div><div id=\"wpforms-36434-field_1-container\" class=\"wpforms-field wpforms-field-email\" data-field-id=\"1\"><label class=\"wpforms-field-label wpforms-label-hide\" for=\"wpforms-36434-field_1\">E-mail <span class=\"wpforms-required-label\">*<\/span><\/label><input type=\"email\" id=\"wpforms-36434-field_1\" class=\"wpforms-field-large wpforms-field-required\" name=\"wpforms[fields][1]\" placeholder=\"E-mail\" spellcheck=\"false\" required><\/div><div id=\"wpforms-36434-field_2-container\" class=\"wpforms-field wpforms-field-textarea\" data-field-id=\"2\"><label class=\"wpforms-field-label\" for=\"wpforms-36434-field_2\">Parlez-nous de vos id\u00e9es de collecte de fonds et dites-nous ce que nous pouvons faire pour vous aider. <span class=\"wpforms-required-label\">*<\/span><\/label><textarea id=\"wpforms-36434-field_2\" class=\"wpforms-field-medium wpforms-field-required\" name=\"wpforms[fields][2]\" required><\/textarea><\/div><\/div><!-- .wpforms-field-container --><div class=\"wpforms-recaptcha-container wpforms-is-recaptcha wpforms-is-recaptcha-type-v3\" ><input type=\"hidden\" name=\"wpforms[recaptcha]\" value=\"\"><\/div><div class=\"wpforms-submit-container\" ><input type=\"hidden\" name=\"wpforms[id]\" value=\"36434\"><input type=\"hidden\" name=\"page_title\" value=\"\"><input type=\"hidden\" name=\"page_url\" value=\"https:\/\/cusointernational.org\/fr\/wp-json\/wp\/v2\/pages\/37599\"><input type=\"hidden\" name=\"url_referer\" value=\"\"><button type=\"submit\" name=\"wpforms[submit]\" id=\"wpforms-submit-36434\" class=\"wpforms-submit\" data-alt-text=\"Envoi...\" data-submit-text=\"ENVOYEZ-MOI DE L\u2019INFORMATION\" aria-live=\"assertive\" value=\"wpforms-submit\">ENVOYEZ-MOI DE L\u2019INFORMATION<\/button><img loading=\"lazy\" decoding=\"async\" src=\"https:\/\/cusointernational.org\/wp-content\/plugins\/wpforms\/assets\/images\/submit-spin.svg\" class=\"wpforms-submit-spinner\" style=\"display: none;\" width=\"26\" height=\"26\" alt=\"Chargement en cours\"><\/div><\/form><\/div>  <!-- .wpforms-container -->\n\n","protected":false},"excerpt":{"rendered":"<p>Recueillir des fonds avec nous Rejoignez le mouvement. Trouvez l&#8217;inspiration. Changez le monde. EN SAVOIR PLUS Chaque id\u00e9e a le pouvoir de changer le monde Toutes les id\u00e9es sont bonnes pour amasser des fonds avec Cuso International. De la plus simple \u00e0 la plus farfelue, l&#8217;important, c&#8217;est d&#8217;avoir du plaisir en faisant conna\u00eetre notre mission.&hellip;<\/p>\n","protected":false},"author":6,"featured_media":32542,"parent":37685,"menu_order":0,"comment_status":"closed","ping_status":"closed","template":"","meta":{"_acf_changed":false,"footnotes":""},"tags":[],"class_list":["post-37599","page","type-page","status-publish","has-post-thumbnail","hentry"],"acf":[],"yoast_head":"<!-- This site is optimized with the Yoast SEO plugin v27.4 - https:\/\/yoast.com\/product\/yoast-seo-wordpress\/ -->\n<title>Recueillir des fonds avec nous | CUSO International<\/title>\n<meta name=\"description\" content=\"Cuso&#039;s development programs &amp; international volunteers work to advance gender equality &amp; improve economic opportunities for youth across four continents.\" \/>\n<meta name=\"robots\" content=\"index, follow, max-snippet:-1, max-image-preview:large, max-video-preview:-1\" \/>\n<link rel=\"canonical\" href=\"https:\/\/cusointernational.org\/fr\/passez-a-laction\/recueillir-des-fonds-avec-nous\/\" \/>\n<meta property=\"og:locale\" content=\"fr_FR\" \/>\n<meta property=\"og:type\" content=\"article\" \/>\n<meta property=\"og:title\" content=\"Recueillir des fonds avec nous | CUSO International\" \/>\n<meta property=\"og:description\" content=\"Cuso&#039;s development programs &amp; international volunteers work to advance gender equality &amp; improve economic opportunities for youth across four continents.\" \/>\n<meta property=\"og:url\" content=\"https:\/\/cusointernational.org\/fr\/passez-a-laction\/recueillir-des-fonds-avec-nous\/\" \/>\n<meta property=\"og:site_name\" content=\"Cuso International\" \/>\n<meta property=\"article:modified_time\" content=\"2025-07-25T16:14:54+00:00\" \/>\n<meta property=\"og:image\" content=\"https:\/\/cusointernational.org\/wp-content\/uploads\/fundraise-hero.jpg\" \/>\n\t<meta property=\"og:image:width\" content=\"1600\" \/>\n\t<meta property=\"og:image:height\" content=\"1000\" \/>\n\t<meta property=\"og:image:type\" content=\"image\/jpeg\" \/>\n<meta name=\"twitter:card\" content=\"summary_large_image\" \/>\n<meta name=\"twitter:label1\" content=\"Dur\u00e9e de lecture estim\u00e9e\" \/>\n\t<meta name=\"twitter:data1\" content=\"3 minutes\" \/>\n<script type=\"application\/ld+json\" class=\"yoast-schema-graph\">{\"@context\":\"https:\\\/\\\/schema.org\",\"@graph\":[{\"@type\":\"WebPage\",\"@id\":\"https:\\\/\\\/cusointernational.org\\\/fr\\\/passez-a-laction\\\/recueillir-des-fonds-avec-nous\\\/\",\"url\":\"https:\\\/\\\/cusointernational.org\\\/fr\\\/passez-a-laction\\\/recueillir-des-fonds-avec-nous\\\/\",\"name\":\"Recueillir des fonds avec nous | CUSO International\",\"isPartOf\":{\"@id\":\"https:\\\/\\\/cusointernational.org\\\/fr\\\/#website\"},\"primaryImageOfPage\":{\"@id\":\"https:\\\/\\\/cusointernational.org\\\/fr\\\/passez-a-laction\\\/recueillir-des-fonds-avec-nous\\\/#primaryimage\"},\"image\":{\"@id\":\"https:\\\/\\\/cusointernational.org\\\/fr\\\/passez-a-laction\\\/recueillir-des-fonds-avec-nous\\\/#primaryimage\"},\"thumbnailUrl\":\"https:\\\/\\\/cusointernational.org\\\/wp-content\\\/uploads\\\/fundraise-hero.jpg\",\"datePublished\":\"2020-09-18T20:56:43+00:00\",\"dateModified\":\"2025-07-25T16:14:54+00:00\",\"description\":\"Cuso's development programs & international volunteers work to advance gender equality & improve economic opportunities for youth across four continents.\",\"breadcrumb\":{\"@id\":\"https:\\\/\\\/cusointernational.org\\\/fr\\\/passez-a-laction\\\/recueillir-des-fonds-avec-nous\\\/#breadcrumb\"},\"inLanguage\":\"fr-FR\",\"potentialAction\":[{\"@type\":\"ReadAction\",\"target\":[\"https:\\\/\\\/cusointernational.org\\\/fr\\\/passez-a-laction\\\/recueillir-des-fonds-avec-nous\\\/\"]}]},{\"@type\":\"ImageObject\",\"inLanguage\":\"fr-FR\",\"@id\":\"https:\\\/\\\/cusointernational.org\\\/fr\\\/passez-a-laction\\\/recueillir-des-fonds-avec-nous\\\/#primaryimage\",\"url\":\"https:\\\/\\\/cusointernational.org\\\/wp-content\\\/uploads\\\/fundraise-hero.jpg\",\"contentUrl\":\"https:\\\/\\\/cusointernational.org\\\/wp-content\\\/uploads\\\/fundraise-hero.jpg\",\"width\":1600,\"height\":1000},{\"@type\":\"BreadcrumbList\",\"@id\":\"https:\\\/\\\/cusointernational.org\\\/fr\\\/passez-a-laction\\\/recueillir-des-fonds-avec-nous\\\/#breadcrumb\",\"itemListElement\":[{\"@type\":\"ListItem\",\"position\":1,\"name\":\"Home\",\"item\":\"https:\\\/\\\/cusointernational.org\\\/fr\\\/\"},{\"@type\":\"ListItem\",\"position\":2,\"name\":\"Passez \u00e0 l\u2019action\",\"item\":\"https:\\\/\\\/cusointernational.org\\\/fr\\\/passez-a-laction\\\/\"},{\"@type\":\"ListItem\",\"position\":3,\"name\":\"Recueillir des fonds avec nous\"}]},{\"@type\":\"WebSite\",\"@id\":\"https:\\\/\\\/cusointernational.org\\\/fr\\\/#website\",\"url\":\"https:\\\/\\\/cusointernational.org\\\/fr\\\/\",\"name\":\"Cuso International\",\"description\":\"Connecting communities around the world with skilled Canadians to help end poverty\",\"potentialAction\":[{\"@type\":\"SearchAction\",\"target\":{\"@type\":\"EntryPoint\",\"urlTemplate\":\"https:\\\/\\\/cusointernational.org\\\/fr\\\/?s={search_term_string}\"},\"query-input\":{\"@type\":\"PropertyValueSpecification\",\"valueRequired\":true,\"valueName\":\"search_term_string\"}}],\"inLanguage\":\"fr-FR\"}]}<\/script>\n<!-- \/ Yoast SEO plugin. -->","yoast_head_json":{"title":"Recueillir des fonds avec nous | CUSO International","description":"Cuso's development programs & international volunteers work to advance gender equality & improve economic opportunities for youth across four continents.","robots":{"index":"index","follow":"follow","max-snippet":"max-snippet:-1","max-image-preview":"max-image-preview:large","max-video-preview":"max-video-preview:-1"},"canonical":"https:\/\/cusointernational.org\/fr\/passez-a-laction\/recueillir-des-fonds-avec-nous\/","og_locale":"fr_FR","og_type":"article","og_title":"Recueillir des fonds avec nous | CUSO International","og_description":"Cuso's development programs & international volunteers work to advance gender equality & improve economic opportunities for youth across four continents.","og_url":"https:\/\/cusointernational.org\/fr\/passez-a-laction\/recueillir-des-fonds-avec-nous\/","og_site_name":"Cuso International","article_modified_time":"2025-07-25T16:14:54+00:00","og_image":[{"width":1600,"height":1000,"url":"https:\/\/cusointernational.org\/wp-content\/uploads\/fundraise-hero.jpg","type":"image\/jpeg"}],"twitter_card":"summary_large_image","twitter_misc":{"Dur\u00e9e de lecture estim\u00e9e":"3 minutes"},"schema":{"@context":"https:\/\/schema.org","@graph":[{"@type":"WebPage","@id":"https:\/\/cusointernational.org\/fr\/passez-a-laction\/recueillir-des-fonds-avec-nous\/","url":"https:\/\/cusointernational.org\/fr\/passez-a-laction\/recueillir-des-fonds-avec-nous\/","name":"Recueillir des fonds avec nous | CUSO International","isPartOf":{"@id":"https:\/\/cusointernational.org\/fr\/#website"},"primaryImageOfPage":{"@id":"https:\/\/cusointernational.org\/fr\/passez-a-laction\/recueillir-des-fonds-avec-nous\/#primaryimage"},"image":{"@id":"https:\/\/cusointernational.org\/fr\/passez-a-laction\/recueillir-des-fonds-avec-nous\/#primaryimage"},"thumbnailUrl":"https:\/\/cusointernational.org\/wp-content\/uploads\/fundraise-hero.jpg","datePublished":"2020-09-18T20:56:43+00:00","dateModified":"2025-07-25T16:14:54+00:00","description":"Cuso's development programs & international volunteers work to advance gender equality & improve economic opportunities for youth across four continents.","breadcrumb":{"@id":"https:\/\/cusointernational.org\/fr\/passez-a-laction\/recueillir-des-fonds-avec-nous\/#breadcrumb"},"inLanguage":"fr-FR","potentialAction":[{"@type":"ReadAction","target":["https:\/\/cusointernational.org\/fr\/passez-a-laction\/recueillir-des-fonds-avec-nous\/"]}]},{"@type":"ImageObject","inLanguage":"fr-FR","@id":"https:\/\/cusointernational.org\/fr\/passez-a-laction\/recueillir-des-fonds-avec-nous\/#primaryimage","url":"https:\/\/cusointernational.org\/wp-content\/uploads\/fundraise-hero.jpg","contentUrl":"https:\/\/cusointernational.org\/wp-content\/uploads\/fundraise-hero.jpg","width":1600,"height":1000},{"@type":"BreadcrumbList","@id":"https:\/\/cusointernational.org\/fr\/passez-a-laction\/recueillir-des-fonds-avec-nous\/#breadcrumb","itemListElement":[{"@type":"ListItem","position":1,"name":"Home","item":"https:\/\/cusointernational.org\/fr\/"},{"@type":"ListItem","position":2,"name":"Passez \u00e0 l\u2019action","item":"https:\/\/cusointernational.org\/fr\/passez-a-laction\/"},{"@type":"ListItem","position":3,"name":"Recueillir des fonds avec nous"}]},{"@type":"WebSite","@id":"https:\/\/cusointernational.org\/fr\/#website","url":"https:\/\/cusointernational.org\/fr\/","name":"Cuso International","description":"Connecting communities around the world with skilled Canadians to help end poverty","potentialAction":[{"@type":"SearchAction","target":{"@type":"EntryPoint","urlTemplate":"https:\/\/cusointernational.org\/fr\/?s={search_term_string}"},"query-input":{"@type":"PropertyValueSpecification","valueRequired":true,"valueName":"search_term_string"}}],"inLanguage":"fr-FR"}]}},"_links":{"self":[{"href":"https:\/\/cusointernational.org\/fr\/wp-json\/wp\/v2\/pages\/37599","targetHints":{"allow":["GET"]}}],"collection":[{"href":"https:\/\/cusointernational.org\/fr\/wp-json\/wp\/v2\/pages"}],"about":[{"href":"https:\/\/cusointernational.org\/fr\/wp-json\/wp\/v2\/types\/page"}],"author":[{"embeddable":true,"href":"https:\/\/cusointernational.org\/fr\/wp-json\/wp\/v2\/users\/6"}],"replies":[{"embeddable":true,"href":"https:\/\/cusointernational.org\/fr\/wp-json\/wp\/v2\/comments?post=37599"}],"version-history":[{"count":0,"href":"https:\/\/cusointernational.org\/fr\/wp-json\/wp\/v2\/pages\/37599\/revisions"}],"up":[{"embeddable":true,"href":"https:\/\/cusointernational.org\/fr\/wp-json\/wp\/v2\/pages\/37685"}],"wp:featuredmedia":[{"embeddable":true,"href":"https:\/\/cusointernational.org\/fr\/wp-json\/wp\/v2\/media\/32542"}],"wp:attachment":[{"href":"https:\/\/cusointernational.org\/fr\/wp-json\/wp\/v2\/media?parent=37599"}],"wp:term":[{"taxonomy":"post_tag","embeddable":true,"href":"https:\/\/cusointernational.org\/fr\/wp-json\/wp\/v2\/tags?post=37599"}],"curies":[{"name":"wp","href":"https:\/\/api.w.org\/{rel}","templated":true}]}}