{"id":37598,"date":"2020-09-18T16:56:17","date_gmt":"2020-09-18T20:56:17","guid":{"rendered":"https:\/\/cuso.wpengine.com\/devenir-un-partenaire\/"},"modified":"2026-03-30T22:47:27","modified_gmt":"2026-03-31T02:47:27","slug":"devenir-un-partenaire","status":"publish","type":"page","link":"https:\/\/cusointernational.org\/fr\/passez-a-laction\/devenir-un-partenaire\/","title":{"rendered":"Devenir un partenaire"},"content":{"rendered":"\n\n<h1>\n\t\tDevenir un partenaire\n\t<\/h1>\n\t<p>Ensemble, notre potentiel est sans limites.<\/p>\n\t\t\t<a href=\"#connect\" target=\"_self\" rel=\"noopener\">\n\t\t\t\t\t\t\tCOMMUNIQUEZ AVEC NOUS!\n\t\t\t\t\t<\/a>\n<h2>\n\t\tPourquoi devenir partenaire de Cuso International\n\t<\/h2>\n\t<p>Les r\u00e9sultats sont importants pour vous. Pour nous aussi. Devenir partenaire de Cuso International, c&#8217;est contribuer \u00e0 b\u00e2tir un monde plus prosp\u00e8re et plus \u00e9galitaire tout en consolidant son image de marque comme chef de file de la responsabilit\u00e9 sociale. Nos partenaires nous ont confi\u00e9 que leur collaboration avec Cuso International leur avait permis de consolider l&#8217;engagement de leur personnel et de leur client\u00e8le, d&#8217;avoir acc\u00e8s \u00e0 de nouveaux march\u00e9s et d&#8217;ajouter des cordes \u00e0 leur arc. \u00c0 titre de partenaire, vous travaillerez \u00e9troitement avec un membre de l&#8217;\u00e9quipe de Cuso International et aurez droit \u00e0 des rapports personnalis\u00e9s et \u00e0 des r\u00e9cits d\u00e9taill\u00e9s du travail effectu\u00e9 sur le terrain. Nous b\u00e2tirons un programme taill\u00e9 sur mesure pour votre entreprise et serons pr\u00e9sents \u00e0 vos c\u00f4t\u00e9s \u00e0 toutes les \u00e9tapes de cette belle aventure.<\/p>\n\t\t\t<a href=\"#connect\" target=\"_self\" rel=\"noopener\">\n\t\t\t\t\t\t\tCOMMUNIQUEZ AVEC NOUS!\n\t\t\t\t\t<\/a>\n<h3>\n\t\tAvantages d&#8217;un partenariat avec Cuso International\n\t<\/h3>\n\t<p>Vous vivrez une exp\u00e9rience unique et personnalis\u00e9e avec un organisme canadien de d\u00e9veloppement international dont les preuves ne sont plus \u00e0 faire. Voici pourquoi nos partenaires aiment travailler avec nous :<\/p>\n<ul>\n<li>des programmes d&#8217;une efficacit\u00e9 redoutable;<\/li>\n<li>un r\u00e9seau mondial de coop\u00e9rants-volontaires et de donateurs passionn\u00e9s;<\/li>\n<li>une meilleure performance de recrutement et de r\u00e9tention de personnel;<\/li>\n<li>des employ\u00e9s plus mobilis\u00e9s et inspir\u00e9s<\/li>\n<\/ul>\n<h3>\n\t\tOptions de collaboration\n\t<\/h3>\n\t\t\t\t<img loading=\"lazy\" decoding=\"async\" src=\"https:\/\/cusointernational.org\/wp-content\/uploads\/icon-partner-giving.svg\" alt=\"Giving icon\" itemprop=\"image\" height=\"112\" width=\"112\" title=\"icon-partner-giving\" onerror=\"this.style.display='none'\"  \/>\n<h4>\n\t\tDon d&#8217;entreprise\n\t<\/h4>\n\t<p>Vous pouvez faire un don direct pour l&#8217;un de nos projets ou de nos programmes en fonction des objectifs de responsabilit\u00e9 sociale de votre entreprise. \u00c9galit\u00e9 homme-femme et inclusion sociale, \u00e9ducation, environnement, entrepreneuriat jeunesse ou sant\u00e9 maternelle : nous trouverons une cause \u00e0 votre mesure!<\/p>\n\t\t\t\t<img loading=\"lazy\" decoding=\"async\" src=\"https:\/\/cusointernational.org\/wp-content\/uploads\/icon-partner-volunteering.svg\" alt=\"Volunteer icon\" itemprop=\"image\" height=\"112\" width=\"112\" title=\"icon-partner-volunteering\" onerror=\"this.style.display='none'\"  \/>\n<h4>\n\t\tAffectations sur le terrain\n\t<\/h4>\n\t<p>Nous pouvons cr\u00e9er des affectations qui correspondent parfaitement \u00e0 l&#8217;expertise de vos employ\u00e9s et aux objectifs de votre entreprise. Donner \u00e0 vos employ\u00e9s la possibilit\u00e9 de faire de la coop\u00e9ration volontaire (en groupe ou en solo) est un bon moyen de les mobiliser, de les retenir et d&#8217;encourager leur sens de l&#8217;initiative. Le tout avec le soutien ind\u00e9fectible de l&#8217;\u00e9quipe de Cuso International!<\/p>\n\t\t\t\t<img loading=\"lazy\" decoding=\"async\" src=\"https:\/\/cusointernational.org\/wp-content\/uploads\/icon-partner-evolunteer.svg\" alt=\"Wifi icon\" itemprop=\"image\" height=\"112\" width=\"112\" title=\"icon-partner-evolunteer\" onerror=\"this.style.display='none'\"  \/>\n<h4>\n\t\tCoop\u00e9ration volontaire en ligne\n\t<\/h4>\n\t<p>Vos employ\u00e9s peuvent mettre leurs comp\u00e9tences \u00e0 profit pour aider nos partenaires sur le terrain sans m\u00eame quitter leur bureau! En plus d&#8217;offrir des retomb\u00e9es similaires aux affectations \u00e0 l&#8217;\u00e9tranger, ce programme novateur pr\u00e9sente l&#8217;avantage d&#8217;\u00eatre mieux adapt\u00e9s aux heures de travail habituelles.<\/p>\n<h2>\n\t\tContribuez \u00e0 la mission de Cuso International : luttons ensemble contre la pauvret\u00e9 et les in\u00e9galit\u00e9s\n\t<\/h2>\n\t<p>Faire le bien, c&#8217;est l&#8217;affaire de tous. Votre investissement contribuera \u00e0 b\u00e2tir un avenir plus prosp\u00e8re et un monde meilleur.<\/p>\n\t\t\t<a href=\"https:\/\/cusointernational.org\/fr\/faire-un-don\/\" target=\"_self\" rel=\"noopener\">\n\t\t\t\t\t\tFAIRE UN DON\n\t\t\t\t\t<\/a>\n<h3>\n\t\tPartenaires de changement\n\t<\/h3>\n<h4>\n\t\tPower Corporation du Canada\n\t<\/h4>\n\t<p>Cuso International est fier de son partenariat avec Power Corporation du Canada. Gr\u00e2ce \u00e0 leur soutien, nous pouvons partager des ressources, des savoirs et des savoir-faire en sol canadien. Power Corporation a permis l&#8217;envoi de 49 coop\u00e9rants-volontaires dans 11 communaut\u00e9s des Territoires du Nord-Ouest, o\u00f9 nous travaillons de concert avec les Autochtones pour augmenter le taux de diplomation, am\u00e9liorer la r\u00e9ussite scolaire et promouvoir le processus de v\u00e9rit\u00e9 et r\u00e9conciliation avec la population non autochtone.<\/p>\n\t\t\t\t<img loading=\"lazy\" decoding=\"async\" src=\"https:\/\/cusointernational.org\/wp-content\/uploads\/pcc-logo-cuso-fr.svg\" alt=\"PCC Logo\" itemprop=\"image\" height=\"131\" width=\"328\" title=\"pcc-logo-cuso-fr\" onerror=\"this.style.display='none'\"  \/>\n<h4>\n\t\tDistrict 7070 du Club Rotary International\n\t<\/h4>\n\t<p>Le District 7070 du Club Rotary International a jou\u00e9 un r\u00f4le crucial dans nos efforts pour maximiser les retomb\u00e9es du projet Les Sages-femmes sauvent des vies (projet MSL). Leur don de 45 000 $ a financ\u00e9 l&#8217;achat d&#8217;\u00e9quipement essentiel au travail des sages-femmes dans les villages \u00e9loign\u00e9s d&#8217;\u00c9thiopie. Gr\u00e2ce \u00e0 la contribution de 14 $ du gouvernement du Canada pour chaque 1 $ de don des Rotariens, l&#8217;argent vers\u00e9 par le District 7070 est l&#8217;un des plus gros dons re\u00e7us pour notre projet MSL.<\/p>\n\t\t\t\t<img loading=\"lazy\" decoding=\"async\" src=\"https:\/\/cusointernational.org\/wp-content\/uploads\/rotary-logo-cuso-small.svg\" alt=\"Rotary logo\" itemprop=\"image\" height=\"899\" width=\"2394\" title=\"rotary-logo-cuso-small\" onerror=\"this.style.display='none'\"  \/>\n<h3>\n\t\tVous souhaitez devenir partenaire? Communiquez avec nous!\n\t<\/h3>\n\t<p>N&#8217;h\u00e9sitez pas \u00e0 communiquer avec Sally Douglas <a href=\"mailto:sally.douglas@cusointernational.org\" target=\"_blank\" rel=\"noopener\">sally.douglas@cusointernational.org<\/a> pour en savoir plus!<\/p>\n\n","protected":false},"excerpt":{"rendered":"<p>Devenir un partenaire Ensemble, notre potentiel est sans limites. COMMUNIQUEZ AVEC NOUS! Pourquoi devenir partenaire de Cuso International Les r\u00e9sultats sont importants pour vous. Pour nous aussi. Devenir partenaire de Cuso International, c&#8217;est contribuer \u00e0 b\u00e2tir un monde plus prosp\u00e8re et plus \u00e9galitaire tout en consolidant son image de marque comme chef de file de&hellip;<\/p>\n","protected":false},"author":6,"featured_media":32623,"parent":37685,"menu_order":0,"comment_status":"closed","ping_status":"closed","template":"","meta":{"_acf_changed":false,"footnotes":""},"tags":[],"class_list":["post-37598","page","type-page","status-publish","has-post-thumbnail","hentry"],"acf":[],"yoast_head":"<!-- This site is optimized with the Yoast SEO plugin v27.4 - https:\/\/yoast.com\/product\/yoast-seo-wordpress\/ -->\n<title>Devenir un partenaire | CUSO International<\/title>\n<meta name=\"description\" content=\"Les programmes de d\u00e9veloppement et les coop\u00e9rants-volontaires de Cuso visent \u00e0 promouvoir l\u2019\u00e9galit\u00e9 entre les sexes et \u00e0 offrir de nouvelles perspectives \u00e9conomiques aux jeunes de quatre continents.\" \/>\n<meta name=\"robots\" content=\"index, follow, max-snippet:-1, max-image-preview:large, max-video-preview:-1\" \/>\n<link rel=\"canonical\" href=\"https:\/\/cusointernational.org\/fr\/passez-a-laction\/devenir-un-partenaire\/\" \/>\n<meta property=\"og:locale\" content=\"fr_FR\" \/>\n<meta property=\"og:type\" content=\"article\" \/>\n<meta property=\"og:title\" content=\"Devenir un partenaire | CUSO International\" \/>\n<meta property=\"og:description\" content=\"Les programmes de d\u00e9veloppement et les coop\u00e9rants-volontaires de Cuso visent \u00e0 promouvoir l\u2019\u00e9galit\u00e9 entre les sexes et \u00e0 offrir de nouvelles perspectives \u00e9conomiques aux jeunes de quatre continents.\" \/>\n<meta property=\"og:url\" content=\"https:\/\/cusointernational.org\/fr\/passez-a-laction\/devenir-un-partenaire\/\" \/>\n<meta property=\"og:site_name\" content=\"Cuso International\" \/>\n<meta property=\"article:modified_time\" content=\"2026-03-31T02:47:27+00:00\" \/>\n<meta property=\"og:image\" content=\"https:\/\/cusointernational.org\/wp-content\/uploads\/partner-hero.jpg\" \/>\n\t<meta property=\"og:image:width\" content=\"1600\" \/>\n\t<meta property=\"og:image:height\" content=\"1000\" \/>\n\t<meta property=\"og:image:type\" content=\"image\/jpeg\" \/>\n<meta name=\"twitter:card\" content=\"summary_large_image\" \/>\n<meta name=\"twitter:label1\" content=\"Dur\u00e9e de lecture estim\u00e9e\" \/>\n\t<meta name=\"twitter:data1\" content=\"3 minutes\" \/>\n<script type=\"application\/ld+json\" class=\"yoast-schema-graph\">{\"@context\":\"https:\\\/\\\/schema.org\",\"@graph\":[{\"@type\":\"WebPage\",\"@id\":\"https:\\\/\\\/cusointernational.org\\\/fr\\\/passez-a-laction\\\/devenir-un-partenaire\\\/\",\"url\":\"https:\\\/\\\/cusointernational.org\\\/fr\\\/passez-a-laction\\\/devenir-un-partenaire\\\/\",\"name\":\"Devenir un partenaire | CUSO International\",\"isPartOf\":{\"@id\":\"https:\\\/\\\/cusointernational.org\\\/fr\\\/#website\"},\"primaryImageOfPage\":{\"@id\":\"https:\\\/\\\/cusointernational.org\\\/fr\\\/passez-a-laction\\\/devenir-un-partenaire\\\/#primaryimage\"},\"image\":{\"@id\":\"https:\\\/\\\/cusointernational.org\\\/fr\\\/passez-a-laction\\\/devenir-un-partenaire\\\/#primaryimage\"},\"thumbnailUrl\":\"https:\\\/\\\/cusointernational.org\\\/wp-content\\\/uploads\\\/partner-hero.jpg\",\"datePublished\":\"2020-09-18T20:56:17+00:00\",\"dateModified\":\"2026-03-31T02:47:27+00:00\",\"description\":\"Les programmes de d\u00e9veloppement et les coop\u00e9rants-volontaires de Cuso visent \u00e0 promouvoir l\u2019\u00e9galit\u00e9 entre les sexes et \u00e0 offrir de nouvelles perspectives \u00e9conomiques aux jeunes de quatre continents.\",\"breadcrumb\":{\"@id\":\"https:\\\/\\\/cusointernational.org\\\/fr\\\/passez-a-laction\\\/devenir-un-partenaire\\\/#breadcrumb\"},\"inLanguage\":\"fr-FR\",\"potentialAction\":[{\"@type\":\"ReadAction\",\"target\":[\"https:\\\/\\\/cusointernational.org\\\/fr\\\/passez-a-laction\\\/devenir-un-partenaire\\\/\"]}]},{\"@type\":\"ImageObject\",\"inLanguage\":\"fr-FR\",\"@id\":\"https:\\\/\\\/cusointernational.org\\\/fr\\\/passez-a-laction\\\/devenir-un-partenaire\\\/#primaryimage\",\"url\":\"https:\\\/\\\/cusointernational.org\\\/wp-content\\\/uploads\\\/partner-hero.jpg\",\"contentUrl\":\"https:\\\/\\\/cusointernational.org\\\/wp-content\\\/uploads\\\/partner-hero.jpg\",\"width\":1600,\"height\":1000,\"caption\":\"Woman working on computer\"},{\"@type\":\"BreadcrumbList\",\"@id\":\"https:\\\/\\\/cusointernational.org\\\/fr\\\/passez-a-laction\\\/devenir-un-partenaire\\\/#breadcrumb\",\"itemListElement\":[{\"@type\":\"ListItem\",\"position\":1,\"name\":\"Home\",\"item\":\"https:\\\/\\\/cusointernational.org\\\/fr\\\/\"},{\"@type\":\"ListItem\",\"position\":2,\"name\":\"Passez \u00e0 l\u2019action\",\"item\":\"https:\\\/\\\/cusointernational.org\\\/fr\\\/passez-a-laction\\\/\"},{\"@type\":\"ListItem\",\"position\":3,\"name\":\"Devenir un partenaire\"}]},{\"@type\":\"WebSite\",\"@id\":\"https:\\\/\\\/cusointernational.org\\\/fr\\\/#website\",\"url\":\"https:\\\/\\\/cusointernational.org\\\/fr\\\/\",\"name\":\"Cuso International\",\"description\":\"Connecting communities around the world with skilled Canadians to help end poverty\",\"potentialAction\":[{\"@type\":\"SearchAction\",\"target\":{\"@type\":\"EntryPoint\",\"urlTemplate\":\"https:\\\/\\\/cusointernational.org\\\/fr\\\/?s={search_term_string}\"},\"query-input\":{\"@type\":\"PropertyValueSpecification\",\"valueRequired\":true,\"valueName\":\"search_term_string\"}}],\"inLanguage\":\"fr-FR\"}]}<\/script>\n<!-- \/ Yoast SEO plugin. -->","yoast_head_json":{"title":"Devenir un partenaire | CUSO International","description":"Les programmes de d\u00e9veloppement et les coop\u00e9rants-volontaires de Cuso visent \u00e0 promouvoir l\u2019\u00e9galit\u00e9 entre les sexes et \u00e0 offrir de nouvelles perspectives \u00e9conomiques aux jeunes de quatre continents.","robots":{"index":"index","follow":"follow","max-snippet":"max-snippet:-1","max-image-preview":"max-image-preview:large","max-video-preview":"max-video-preview:-1"},"canonical":"https:\/\/cusointernational.org\/fr\/passez-a-laction\/devenir-un-partenaire\/","og_locale":"fr_FR","og_type":"article","og_title":"Devenir un partenaire | CUSO International","og_description":"Les programmes de d\u00e9veloppement et les coop\u00e9rants-volontaires de Cuso visent \u00e0 promouvoir l\u2019\u00e9galit\u00e9 entre les sexes et \u00e0 offrir de nouvelles perspectives \u00e9conomiques aux jeunes de quatre continents.","og_url":"https:\/\/cusointernational.org\/fr\/passez-a-laction\/devenir-un-partenaire\/","og_site_name":"Cuso International","article_modified_time":"2026-03-31T02:47:27+00:00","og_image":[{"width":1600,"height":1000,"url":"https:\/\/cusointernational.org\/wp-content\/uploads\/partner-hero.jpg","type":"image\/jpeg"}],"twitter_card":"summary_large_image","twitter_misc":{"Dur\u00e9e de lecture estim\u00e9e":"3 minutes"},"schema":{"@context":"https:\/\/schema.org","@graph":[{"@type":"WebPage","@id":"https:\/\/cusointernational.org\/fr\/passez-a-laction\/devenir-un-partenaire\/","url":"https:\/\/cusointernational.org\/fr\/passez-a-laction\/devenir-un-partenaire\/","name":"Devenir un partenaire | CUSO International","isPartOf":{"@id":"https:\/\/cusointernational.org\/fr\/#website"},"primaryImageOfPage":{"@id":"https:\/\/cusointernational.org\/fr\/passez-a-laction\/devenir-un-partenaire\/#primaryimage"},"image":{"@id":"https:\/\/cusointernational.org\/fr\/passez-a-laction\/devenir-un-partenaire\/#primaryimage"},"thumbnailUrl":"https:\/\/cusointernational.org\/wp-content\/uploads\/partner-hero.jpg","datePublished":"2020-09-18T20:56:17+00:00","dateModified":"2026-03-31T02:47:27+00:00","description":"Les programmes de d\u00e9veloppement et les coop\u00e9rants-volontaires de Cuso visent \u00e0 promouvoir l\u2019\u00e9galit\u00e9 entre les sexes et \u00e0 offrir de nouvelles perspectives \u00e9conomiques aux jeunes de quatre continents.","breadcrumb":{"@id":"https:\/\/cusointernational.org\/fr\/passez-a-laction\/devenir-un-partenaire\/#breadcrumb"},"inLanguage":"fr-FR","potentialAction":[{"@type":"ReadAction","target":["https:\/\/cusointernational.org\/fr\/passez-a-laction\/devenir-un-partenaire\/"]}]},{"@type":"ImageObject","inLanguage":"fr-FR","@id":"https:\/\/cusointernational.org\/fr\/passez-a-laction\/devenir-un-partenaire\/#primaryimage","url":"https:\/\/cusointernational.org\/wp-content\/uploads\/partner-hero.jpg","contentUrl":"https:\/\/cusointernational.org\/wp-content\/uploads\/partner-hero.jpg","width":1600,"height":1000,"caption":"Woman working on computer"},{"@type":"BreadcrumbList","@id":"https:\/\/cusointernational.org\/fr\/passez-a-laction\/devenir-un-partenaire\/#breadcrumb","itemListElement":[{"@type":"ListItem","position":1,"name":"Home","item":"https:\/\/cusointernational.org\/fr\/"},{"@type":"ListItem","position":2,"name":"Passez \u00e0 l\u2019action","item":"https:\/\/cusointernational.org\/fr\/passez-a-laction\/"},{"@type":"ListItem","position":3,"name":"Devenir un partenaire"}]},{"@type":"WebSite","@id":"https:\/\/cusointernational.org\/fr\/#website","url":"https:\/\/cusointernational.org\/fr\/","name":"Cuso International","description":"Connecting communities around the world with skilled Canadians to help end poverty","potentialAction":[{"@type":"SearchAction","target":{"@type":"EntryPoint","urlTemplate":"https:\/\/cusointernational.org\/fr\/?s={search_term_string}"},"query-input":{"@type":"PropertyValueSpecification","valueRequired":true,"valueName":"search_term_string"}}],"inLanguage":"fr-FR"}]}},"_links":{"self":[{"href":"https:\/\/cusointernational.org\/fr\/wp-json\/wp\/v2\/pages\/37598","targetHints":{"allow":["GET"]}}],"collection":[{"href":"https:\/\/cusointernational.org\/fr\/wp-json\/wp\/v2\/pages"}],"about":[{"href":"https:\/\/cusointernational.org\/fr\/wp-json\/wp\/v2\/types\/page"}],"author":[{"embeddable":true,"href":"https:\/\/cusointernational.org\/fr\/wp-json\/wp\/v2\/users\/6"}],"replies":[{"embeddable":true,"href":"https:\/\/cusointernational.org\/fr\/wp-json\/wp\/v2\/comments?post=37598"}],"version-history":[{"count":1,"href":"https:\/\/cusointernational.org\/fr\/wp-json\/wp\/v2\/pages\/37598\/revisions"}],"predecessor-version":[{"id":51149,"href":"https:\/\/cusointernational.org\/fr\/wp-json\/wp\/v2\/pages\/37598\/revisions\/51149"}],"up":[{"embeddable":true,"href":"https:\/\/cusointernational.org\/fr\/wp-json\/wp\/v2\/pages\/37685"}],"wp:featuredmedia":[{"embeddable":true,"href":"https:\/\/cusointernational.org\/fr\/wp-json\/wp\/v2\/media\/32623"}],"wp:attachment":[{"href":"https:\/\/cusointernational.org\/fr\/wp-json\/wp\/v2\/media?parent=37598"}],"wp:term":[{"taxonomy":"post_tag","embeddable":true,"href":"https:\/\/cusointernational.org\/fr\/wp-json\/wp\/v2\/tags?post=37598"}],"curies":[{"name":"wp","href":"https:\/\/api.w.org\/{rel}","templated":true}]}}