{"id":37596,"date":"2020-09-17T17:08:43","date_gmt":"2020-09-17T21:08:43","guid":{"rendered":"https:\/\/cuso.wpengine.com\/cooperation-volontaire\/cooperation-volontaire\/"},"modified":"2025-03-06T14:39:48","modified_gmt":"2025-03-06T19:39:48","slug":"cooperation-volontaire","status":"publish","type":"page","link":"https:\/\/cusointernational.org\/fr\/passez-a-laction\/volontaire\/cooperation-volontaire\/","title":{"rendered":"Coop\u00e9ration volontaire"},"content":{"rendered":"\n\n\t<p>COOP\u00c9RATION VOLONTAIRE<\/p>\n<h1>\n\t\tCoop\u00e9ration volontaire\n\t<\/h1>\n\t<p>Vous pouvez devenir un moteur de changement<\/p>\n\t\t\t<a href=\"https:\/\/apply.workable.com\/cuso-international\/?lng=fr\" target=\"_blank\" rel=\"noopener\">\n\t\t\t\t\t\tVOIR LES AFFECTATIONS\n\t\t\t\t\t<\/a>\nALLER\n<a title=\"\" href=\"#Why-Volunteer\">Pourquoi faire de la coop\u00e9ration volontaire?<\/a>\n<a title=\"\" href=\"#What-To-Expect\">\u00c0 quoi s&#8217;attendre?<\/a>\n<a title=\"\" href=\"#Volunteer-Types\">Cat\u00e9gories<\/a>\n<a title=\"\" href=\"#Eligibility\">Crit\u00e8res d&#8217;admissibilit\u00e9<\/a>\n<a title=\"\" href=\"#The-Process\">Proc\u00e9dures<\/a>\n<a title=\"\" href=\"#stories\">R\u00e9cits<\/a>\n<a title=\"\" href=\"https:\/\/cusointernational.org\/fr\/passez-a-laction\/volontaire\/cooperation-volontaire-faq\/\">FAQ<\/a>\n<h2>\n\t\tVoici pourquoi vous devriez faire de la coop\u00e9ration volontaire avec Cuso International!\n\t<\/h2>\n\t<p>Nous savons que l&#8217;entraide est la meilleure fa\u00e7on de r\u00e9pondre aux besoins actuels en mati\u00e8re de d\u00e9veloppement. C&#8217;est pourquoi la coop\u00e9ration volontaire est au c\u0153ur de notre mission. Vous avez l&#8217;occasion de faire partie d&#8217;un mouvement qui change le monde, une personne \u00e0 la fois. Faites de la coop\u00e9ration volontaire avec Cuso International!<\/p>\n\t\t\t<a href=\"https:\/\/cusointernational.org\/fr\/passez-a-laction\/volontaire\/affectations-disponibles-recevoir-des-alertes\/\" target=\"_self\">\n\t\t\t\t\t\t\u00caTRE AVERTI DES NOUVELLES AFFECTATIONS\n\t\t\t\t\t<\/a>\n<h3>\n\t\tL&#8217;ABC des affectations de Cuso International\n\t<\/h3>\n\t<p>Pendant votre affectation, vous contribuerez \u00e0 une vague de changements durables. Vous vivrez au sein m\u00eame de la communaut\u00e9 et vous travaillerez de concert avec vos coll\u00e8gues locaux pour trouver des solutions durables aux enjeux majeurs de d\u00e9veloppement international. L&#8217;impact de votre travail se poursuivra longtemps apr\u00e8s votre retour au pays.<\/p>\n<h4>\n\t\tUtilisez vos comp\u00e9tences pour changer le monde!\n\t<\/h4>\n\t<p>Nos coop\u00e9rants-volontaires hautement qualifi\u00e9s collaborent \u00e9troitement avec nos partenaires d&#8217;Afrique, d&#8217;Am\u00e9rique latine, des Cara\u00efbes et du Nord du Canada afin de maximiser leur impact et de cr\u00e9er des changements durables. En tant que coop\u00e9rant-volontaire de Cuso International, vous aurez la chance :<\/p>\n<ul>\n<li>de partager vos connaissances et votre expertise afin de r\u00e9duire la pauvret\u00e9 et les in\u00e9galit\u00e9s;<\/li>\n<li>de mettre vos comp\u00e9tences \u00e0 profit pour \u00e9largir les perspectives d&#8217;avenir dans les pays en d\u00e9veloppement;<\/li>\n<li>de soutenir et accompagner la population locale dans l&#8217;atteinte de ses objectifs;<\/li>\n<li>de d\u00e9couvrir de nouvelles cultures de travail et d&#8217;acqu\u00e9rir une expertise interculturelle.<\/li>\n<\/ul>\n<h4>\n\t\tD\u00e9veloppez votre expertise et \u00e9largissez vos horizons\n\t<\/h4>\n\t<p>Faire de la coop\u00e9ration volontaire avec Cuso International est une exp\u00e9rience inoubliable. Non seulement vous contribuerez \u00e0 des changements positifs et durables, mais vous reviendrez riche de nouvelles techniques et de nouveaux outils. Avec nous, vous pourrez :<\/p>\n<ul>\n<li>acqu\u00e9rir une pr\u00e9cieuse exp\u00e9rience internationale dans votre champ d&#8217;expertise;<\/li>\n<li>collaborer \u00e0 des projets de port\u00e9e mondiale;<\/li>\n<li>acqu\u00e9rir de l&#8217;exp\u00e9rience en services-conseils et en consultation professionnelle;<\/li>\n<li>apprendre de vos coll\u00e8gues locaux et \u00e9tendre votre r\u00e9seau mondial.<\/li>\n<\/ul>\n<h4>\n\t\tDu soutien \u00e0 toutes les \u00e9tapes\n\t<\/h4>\n\t<p>Nous vous offrirons une formation pr\u00e9d\u00e9part, une orientation sur le terrain et une formation post-affectation, ainsi que le soutien financier requis pour vous assurer une exp\u00e9rience sous le signe de la sant\u00e9 et de la s\u00e9curit\u00e9. Vous aurez aussi acc\u00e8s \u00e0 du personnel de soutien professionnel tout au long de votre s\u00e9jour sur le terrain, de m\u00eame qu&#8217;\u00e0 votre retour au pays.<\/p>\n<h3>\n\t\tTrois formes de coop\u00e9ration volontaire\n\t<\/h3>\n\t\t\t\t<img loading=\"lazy\" decoding=\"async\" src=\"https:\/\/cusointernational.org\/wp-content\/uploads\/icon-alumni-volunteer-again.svg\" alt=\"Volunteer icon\" itemprop=\"image\" height=\"112\" width=\"112\" title=\"icon-alumni-volunteer-again\" onerror=\"this.style.display='none'\"  \/>\n<h4>\n\t\t\u00c0 l&#8217;international\n\t<\/h4>\n\t<p>Obtenez de l&#8217;exp\u00e9rience \u00e0 l&#8217;international en travaillant en Afrique, en Am\u00e9rique latine ou dans les Cara\u00efbes. Partagez vos comp\u00e9tences avec vos coll\u00e8gues locaux pour contribuer \u00e0 la lutte contre la pauvret\u00e9 et les in\u00e9galit\u00e9s.<\/p>\n\t\t\t<a href=\"https:\/\/apply.workable.com\/cuso-international\/?lng=fr\" target=\"_blank\" rel=\"noopener\">\n\t\t\t\t\t\t\tVOIR LES AFFECTATIONS DISPONIBLES\n\t\t\t\t\t<\/a>\n\t\t\t\t<img loading=\"lazy\" decoding=\"async\" src=\"https:\/\/cusointernational.org\/wp-content\/uploads\/icon-partner-evolunteer.svg\" alt=\"Wifi icon\" itemprop=\"image\" height=\"112\" width=\"112\" title=\"icon-partner-evolunteer\" onerror=\"this.style.display='none'\"  \/>\n<h4>\n\t\tEn ligne\n\t<\/h4>\n\t<p>Aucun passeport requis. Travaillez \u00e0 distance avec nos partenaires sur le terrain pour les aider \u00e0 atteindre leurs objectifs. Le tout du confort de votre foyer!<\/p>\n\t\t\t<a href=\"https:\/\/apply.workable.com\/cuso-international\/?lng=fr\" target=\"_blank\" rel=\"noopener\">\n\t\t\t\t\t\t\tVOIR LES AFFECTATIONS DISPONIBLES\n\t\t\t\t\t<\/a>\n\t\t\t\t<img loading=\"lazy\" decoding=\"async\" src=\"https:\/\/cusointernational.org\/wp-content\/uploads\/icon-career-intention.svg\" alt=\"Flag and heart icon\" itemprop=\"image\" height=\"112\" width=\"112\" title=\"icon-career-intention\" onerror=\"this.style.display='none'\"  \/>\n<h4>\n\t\tAu Canada\n\t<\/h4>\n\t<p>Vivez et travaillez dans une communaut\u00e9 \u00e9loign\u00e9e afin de pr\u00eater main-forte aux jeunes autochtones des Territoires du Nord-Ouest.<\/p>\n\t\t\t<a href=\"https:\/\/apply.workable.com\/cuso-international\/?lng=fr\" target=\"_blank\" rel=\"noopener\">\n\t\t\t\t\t\t\tVOIR LES AFFECTATIONS DISPONIBLES\n\t\t\t\t\t<\/a>\n<h3>\n\t\tSuis-je admissible?\n\t<\/h3>\n\t<p>Vous devez r\u00e9pondre aux crit\u00e8res suivants pour faire de la coop\u00e9ration volontaire avec Cuso International :<\/p>\n<ul>\n<li>\u00eatre citoyen canadien ou r\u00e9sident permanent;<\/li>\n<li>\u00eatre disponible de 6 \u00e0 12 mois;<\/li>\n<li>avoir un dipl\u00f4me reconnu;<\/li>\n<li>avoir au moins 2 ans d&#8217;exp\u00e9rience dans un domaine pertinent;<\/li>\n<li>accepter de recevoir une allocation de subsistance modeste et de respecter le mode de vie local;<\/li>\n<li>poss\u00e9der les savoir-\u00eatre requis (engagement positif et r\u00e9aliste, volont\u00e9 d&#8217;apprendre, souplesse et capacit\u00e9 d&#8217;adaptation, capacit\u00e9 \u00e0 travailler en \u00e9quipe et sensibilit\u00e9 aux besoins des autres);<\/li>\n<li>obtenir l&#8217;aval du m\u00e9decin;<\/li>\n<li>satisfaire aux exigences pour l&#8217;obtention d&#8217;un visa et d&#8217;un permis de travail du pays d&#8217;affectation.<\/li>\n<\/ul>\n\t\t\t<a href=\"https:\/\/cusointernational.org\/fr\/passez-a-laction\/volontaire\/cooperation-volontaire-faq\/\" target=\"_self\">\n\t\t\t\t\t\t\tCOOP\u00c9RATION VOLONTAIRE : FAQ\n\t\t\t\t\t<\/a>\n\t<p>\u00ab Je me suis dit que j&#8217;allais partir pour un an, pas plus. Trois ans plus tard, je suis encore l\u00e0! \u00bb Faire de la coop\u00e9ration volontaire avec Cuso International, c&#8217;est faire partie d&#8217;un mouvement de transformation en vue de b\u00e2tir un avenir meilleur. Pour vous comme pour les autres.<\/p>\n\tREGARDER : COOP\u00c9RANTS-VOLONTAIRES AU HONDURAS\n<h2>\n\t\tPr\u00eat pour la prochaine \u00e9tape?\n\t<\/h2>\n<h2>\n\t\tVoici la marche \u00e0 suivre.\n\t<\/h2>\n\t\t\t\t\t\t<h5>Soumission de votre candidature<\/h5>\n\t\t\t<p>Consultez les affectations disponibles et postulez en ligne. Nous \u00e9tudierons votre dossier de candidature et vous donnerons une r\u00e9ponse trois \u00e0 quatre semaines plus tard.<\/p>\n\t\t\t\t\t\t<h5>Entrevue pr\u00e9liminaire<\/h5>\n\t\t\t<p>Si nous retenons votre candidature, nous \u00e9valuerons votre exp\u00e9rience et vos motivations lors d&#8217;une entrevue t\u00e9l\u00e9phonique. Cette entrevue vous donnera \u00e9galement l&#8217;occasion de discuter avec nous et de nous poser toutes vos questions.<\/p>\n\t\t\t\t\t\t<h5>Rencontre avec le comit\u00e9 de s\u00e9lection<\/h5>\n\t\t\t<p>Cette \u00e9tape sert \u00e0 d\u00e9terminer si vous avez les comp\u00e9tences interpersonnelles requises pour r\u00e9ussir votre affectation. Ces comp\u00e9tences sont : la confiance en soi, la souplesse et la capacit\u00e9 d&#8217;adaptation, la sensibilit\u00e9 aux besoins des autres, la capacit\u00e9 \u00e0 travailler en \u00e9quipe, la volont\u00e9 d&#8217;apprendre et d&#8217;aider les autres \u00e0 apprendre et l&#8217;engagement positif et r\u00e9aliste \u00e0 l&#8217;\u00e9gard de la coop\u00e9ration volontaire.<\/p>\n\t\t\t\t\t\t<h5>Approbation de notre partenaire<\/h5>\n\t\t\t<p>La d\u00e9cision ultime revient au bureau de programmes et \u00e0 notre partenaire sur le terrain. Nous vous informerons de leur d\u00e9cision le plus rapidement possible.<\/p>\n\t\t\t\t\t\t<h5>Formation et pr\u00e9paration pr\u00e9d\u00e9part<\/h5>\n\t\t\t<p>Si vous \u00eates choisi, vous devrez entreprendre toutes les d\u00e9marches pr\u00e9d\u00e9part requises (certificat m\u00e9dical, billets d&#8217;avion, visa, etc.). Vous devrez aussi participer \u00e0 notre formation pr\u00e9d\u00e9part.<\/p>\n\t\t\t\t\t\t<h5>D\u00e9part sur le terrain<\/h5>\n\t\t\t<p>Le bureau national de programmes organisera une s\u00e9ance d&#8217;orientation sur le terrain et vous aidera \u00e0 vous installer. L&#8217;\u00e9quipe vous assistera \u00e9galement si vous \u00e9prouvez des difficult\u00e9s majeures sur le plan personnel, m\u00e9dical ou s\u00e9curitaire. Toutefois, votre principale ressource pendant votre affectation sera votre organisme partenaire.<\/p>\n\t\t\t\t\t\t<h5>R\u00e9int\u00e9gration et implication au Canada<\/h5>\n\t\t\t<p>Cuso International vous aidera \u00e0 pr\u00e9parer votre retour au pays. Tous les coop\u00e9rants-volontaires sont invit\u00e9s \u00e0 participer \u00e0 un atelier de r\u00e9int\u00e9gration, qui a g\u00e9n\u00e9ralement lieu 3 \u00e0 12 mois apr\u00e8s leur retour au pays.<\/p>\n\t\t\t<a href=\"https:\/\/apply.workable.com\/cuso-international\/?lng=fr\" target=\"_blank\" rel=\"noopener\">\n\t\t\t\t\t\tVOIR LES AFFECTATIONS\n\t\t\t\t\t<\/a>\n<h2>\n\t\tPerspectives du terrain\n\t<\/h2>\n\t<div class=\"stories_all grid_wrapper latest_two\"><div class=\"story_card_wrapper\"><div class=\"story_card_wrapper_content ken_burns\" style=\"background: url('https:\/\/cusointernational.org\/wp-content\/uploads\/SHARE-program-and-Ucoopmakin-.jpg') no-repeat\"><a style=\"display:block\" href=https:\/\/cusointernational.org\/fr\/recit\/le-programme-share-accueille-a-nouveau-marc-cyrille-kamdem-en-tant-que-vol-expert-en-mobilisation-de-fonds-aupres-de-ucoopmakin\/><div class=\"story_card\"><div class=\"story_meta\"><span class=\"story_badge latest_two_badge\">Story<\/span><span class=\"story_date\">juillet 24, 2025<\/span><\/div><div class=\"story_title\"><h3 class=\"h4 white\">Le Programme SHARE accueille \u00e0 nouveau Marc Cyrille Kamdem en tant qu\u2019E-Vol, expert en mobilisation de fonds aupr\u00e8s de Ucoopmakin<\/h3><\/div><\/div><\/div><\/a><\/div><div class=\"story_card_wrapper\"><div class=\"story_card_wrapper_content ken_burns\" style=\"background: url('https:\/\/cusointernational.org\/wp-content\/uploads\/Enoch-Cuso-International-volunteer-since-2022.jpg') no-repeat\"><a style=\"display:block\" href=https:\/\/cusointernational.org\/fr\/recit\/regards-sur-nos-communautes-nordiques\/><div class=\"story_card\"><div class=\"story_meta\"><span class=\"story_badge latest_two_badge\">Story<\/span><span class=\"story_date\">juin 12, 2025<\/span><\/div><div class=\"story_title\"><h3 class=\"h4 white\">Regards sur nos communaut\u00e9s nordiques<\/h3><\/div><\/div><\/div><\/a><\/div><\/div>\n\t\t\t<a href=\"https:\/\/cusointernational.org\/fr\/recits\/?theme=volunteering\" target=\"_self\">\n\t\t\t\t\t\t\tVOIR PLUS DE R\u00c9CITS\n\t\t\t\t\t<\/a>\n<h2>\n\t\tVoir la suite\n\t<\/h2>\n<h3>\n\t\t<a href=\"https:\/\/cusointernational.org\/fr\/passez-a-laction\/volontaire\/cooperation-volontaire-faq\/\" title=\"COOP\u00c9RATION VOLONTAIRE: FAQ\"  target=\"_self\">\n\t\tCOOP\u00c9RATION VOLONTAIRE: FAQ\n\t\t<\/a>\n\t<\/h3>\n<h3>\n\t\t<a href=\"https:\/\/cusointernational.org\/fr\/passez-a-laction\/volontaire\/affectations-disponibles-recevoir-des-alertes\/\" title=\"\u00caTRE AVERTI DES NOUVELLES AFFECTATIONS\"  target=\"_self\">\n\t\t\u00caTRE AVERTI DES NOUVELLES AFFECTATIONS\n\t\t<\/a>\n\t<\/h3>\n<h3>\n\t\t<a href=\"mailto:cuso.recruitment@cusointernational.org\" title=\"NOUS JOINDRE\"  target=\"_self\">\n\t\tNOUS JOINDRE\n\t\t<\/a>\n\t<\/h3>\n\n","protected":false},"excerpt":{"rendered":"<p>COOP\u00c9RATION VOLONTAIRE Coop\u00e9ration volontaire Vous pouvez devenir un moteur de changement VOIR LES AFFECTATIONS ALLER Pourquoi faire de la coop\u00e9ration volontaire? \u00c0 quoi s&#8217;attendre? Cat\u00e9gories Crit\u00e8res d&#8217;admissibilit\u00e9 Proc\u00e9dures R\u00e9cits FAQ Voici pourquoi vous devriez faire de la coop\u00e9ration volontaire avec Cuso International! Nous savons que l&#8217;entraide est la meilleure fa\u00e7on de r\u00e9pondre aux besoins actuels&hellip;<\/p>\n","protected":false},"author":3,"featured_media":36601,"parent":37007,"menu_order":0,"comment_status":"closed","ping_status":"closed","template":"","meta":{"_acf_changed":false,"footnotes":""},"tags":[],"class_list":["post-37596","page","type-page","status-publish","has-post-thumbnail","hentry"],"acf":[],"yoast_head":"<!-- This site is optimized with the Yoast SEO plugin v27.5 - https:\/\/yoast.com\/product\/yoast-seo-wordpress\/ -->\n<title>Coop\u00e9ration volontaire | Cuso International<\/title>\n<meta name=\"description\" content=\"Les programmes de d\u00e9veloppement et les coop\u00e9rants-volontaires de Cuso visent \u00e0 promouvoir l\u2019\u00e9galit\u00e9 entre les sexes et \u00e0 offrir de nouvelles perspectives \u00e9conomiques aux jeunes de quatre continents.\" \/>\n<meta name=\"robots\" content=\"index, follow, max-snippet:-1, max-image-preview:large, max-video-preview:-1\" \/>\n<link rel=\"canonical\" href=\"https:\/\/cusointernational.org\/fr\/passez-a-laction\/volontaire\/cooperation-volontaire\/\" \/>\n<meta property=\"og:locale\" content=\"fr_FR\" \/>\n<meta property=\"og:type\" content=\"article\" \/>\n<meta property=\"og:title\" content=\"Coop\u00e9ration volontaire | Cuso International\" \/>\n<meta property=\"og:description\" content=\"Les programmes de d\u00e9veloppement et les coop\u00e9rants-volontaires de Cuso visent \u00e0 promouvoir l\u2019\u00e9galit\u00e9 entre les sexes et \u00e0 offrir de nouvelles perspectives \u00e9conomiques aux jeunes de quatre continents.\" \/>\n<meta property=\"og:url\" content=\"https:\/\/cusointernational.org\/fr\/passez-a-laction\/volontaire\/cooperation-volontaire\/\" \/>\n<meta property=\"og:site_name\" content=\"Cuso International\" \/>\n<meta property=\"article:modified_time\" content=\"2025-03-06T19:39:48+00:00\" \/>\n<meta property=\"og:image\" content=\"https:\/\/cusointernational.org\/wp-content\/uploads\/Awae__017-12.png\" \/>\n\t<meta property=\"og:image:width\" content=\"1600\" \/>\n\t<meta property=\"og:image:height\" content=\"1000\" \/>\n\t<meta property=\"og:image:type\" content=\"image\/png\" \/>\n<meta name=\"twitter:card\" content=\"summary_large_image\" \/>\n<meta name=\"twitter:label1\" content=\"Dur\u00e9e de lecture estim\u00e9e\" \/>\n\t<meta name=\"twitter:data1\" content=\"5 minutes\" \/>\n<script type=\"application\/ld+json\" class=\"yoast-schema-graph\">{\"@context\":\"https:\\\/\\\/schema.org\",\"@graph\":[{\"@type\":\"WebPage\",\"@id\":\"https:\\\/\\\/cusointernational.org\\\/fr\\\/passez-a-laction\\\/volontaire\\\/cooperation-volontaire\\\/\",\"url\":\"https:\\\/\\\/cusointernational.org\\\/fr\\\/passez-a-laction\\\/volontaire\\\/cooperation-volontaire\\\/\",\"name\":\"Coop\u00e9ration volontaire | Cuso International\",\"isPartOf\":{\"@id\":\"https:\\\/\\\/cusointernational.org\\\/fr\\\/#website\"},\"primaryImageOfPage\":{\"@id\":\"https:\\\/\\\/cusointernational.org\\\/fr\\\/passez-a-laction\\\/volontaire\\\/cooperation-volontaire\\\/#primaryimage\"},\"image\":{\"@id\":\"https:\\\/\\\/cusointernational.org\\\/fr\\\/passez-a-laction\\\/volontaire\\\/cooperation-volontaire\\\/#primaryimage\"},\"thumbnailUrl\":\"https:\\\/\\\/cusointernational.org\\\/wp-content\\\/uploads\\\/Awae__017-12.png\",\"datePublished\":\"2020-09-17T21:08:43+00:00\",\"dateModified\":\"2025-03-06T19:39:48+00:00\",\"description\":\"Les programmes de d\u00e9veloppement et les coop\u00e9rants-volontaires de Cuso visent \u00e0 promouvoir l\u2019\u00e9galit\u00e9 entre les sexes et \u00e0 offrir de nouvelles perspectives \u00e9conomiques aux jeunes de quatre continents.\",\"breadcrumb\":{\"@id\":\"https:\\\/\\\/cusointernational.org\\\/fr\\\/passez-a-laction\\\/volontaire\\\/cooperation-volontaire\\\/#breadcrumb\"},\"inLanguage\":\"fr-FR\",\"potentialAction\":[{\"@type\":\"ReadAction\",\"target\":[\"https:\\\/\\\/cusointernational.org\\\/fr\\\/passez-a-laction\\\/volontaire\\\/cooperation-volontaire\\\/\"]}]},{\"@type\":\"ImageObject\",\"inLanguage\":\"fr-FR\",\"@id\":\"https:\\\/\\\/cusointernational.org\\\/fr\\\/passez-a-laction\\\/volontaire\\\/cooperation-volontaire\\\/#primaryimage\",\"url\":\"https:\\\/\\\/cusointernational.org\\\/wp-content\\\/uploads\\\/Awae__017-12.png\",\"contentUrl\":\"https:\\\/\\\/cusointernational.org\\\/wp-content\\\/uploads\\\/Awae__017-12.png\",\"width\":1600,\"height\":1000,\"caption\":\"a young woman in a red headband writing on a board in front of a group of women\"},{\"@type\":\"BreadcrumbList\",\"@id\":\"https:\\\/\\\/cusointernational.org\\\/fr\\\/passez-a-laction\\\/volontaire\\\/cooperation-volontaire\\\/#breadcrumb\",\"itemListElement\":[{\"@type\":\"ListItem\",\"position\":1,\"name\":\"Home\",\"item\":\"https:\\\/\\\/cusointernational.org\\\/fr\\\/\"},{\"@type\":\"ListItem\",\"position\":2,\"name\":\"Passez \u00e0 l\u2019action\",\"item\":\"https:\\\/\\\/cusointernational.org\\\/fr\\\/passez-a-laction\\\/\"},{\"@type\":\"ListItem\",\"position\":3,\"name\":\"Volontaire\",\"item\":\"https:\\\/\\\/cusointernational.org\\\/fr\\\/passez-a-laction\\\/volontaire\\\/\"},{\"@type\":\"ListItem\",\"position\":4,\"name\":\"Coop\u00e9ration volontaire\"}]},{\"@type\":\"WebSite\",\"@id\":\"https:\\\/\\\/cusointernational.org\\\/fr\\\/#website\",\"url\":\"https:\\\/\\\/cusointernational.org\\\/fr\\\/\",\"name\":\"Cuso International\",\"description\":\"Connecting communities around the world with skilled Canadians to help end poverty\",\"potentialAction\":[{\"@type\":\"SearchAction\",\"target\":{\"@type\":\"EntryPoint\",\"urlTemplate\":\"https:\\\/\\\/cusointernational.org\\\/fr\\\/?s={search_term_string}\"},\"query-input\":{\"@type\":\"PropertyValueSpecification\",\"valueRequired\":true,\"valueName\":\"search_term_string\"}}],\"inLanguage\":\"fr-FR\"}]}<\/script>\n<!-- \/ Yoast SEO plugin. -->","yoast_head_json":{"title":"Coop\u00e9ration volontaire | Cuso International","description":"Les programmes de d\u00e9veloppement et les coop\u00e9rants-volontaires de Cuso visent \u00e0 promouvoir l\u2019\u00e9galit\u00e9 entre les sexes et \u00e0 offrir de nouvelles perspectives \u00e9conomiques aux jeunes de quatre continents.","robots":{"index":"index","follow":"follow","max-snippet":"max-snippet:-1","max-image-preview":"max-image-preview:large","max-video-preview":"max-video-preview:-1"},"canonical":"https:\/\/cusointernational.org\/fr\/passez-a-laction\/volontaire\/cooperation-volontaire\/","og_locale":"fr_FR","og_type":"article","og_title":"Coop\u00e9ration volontaire | Cuso International","og_description":"Les programmes de d\u00e9veloppement et les coop\u00e9rants-volontaires de Cuso visent \u00e0 promouvoir l\u2019\u00e9galit\u00e9 entre les sexes et \u00e0 offrir de nouvelles perspectives \u00e9conomiques aux jeunes de quatre continents.","og_url":"https:\/\/cusointernational.org\/fr\/passez-a-laction\/volontaire\/cooperation-volontaire\/","og_site_name":"Cuso International","article_modified_time":"2025-03-06T19:39:48+00:00","og_image":[{"url":"https:\/\/cusointernational.org\/wp-content\/uploads\/Awae__017-12.png","width":1600,"height":1000,"type":"image\/png"}],"twitter_card":"summary_large_image","twitter_misc":{"Dur\u00e9e de lecture estim\u00e9e":"5 minutes"},"schema":{"@context":"https:\/\/schema.org","@graph":[{"@type":"WebPage","@id":"https:\/\/cusointernational.org\/fr\/passez-a-laction\/volontaire\/cooperation-volontaire\/","url":"https:\/\/cusointernational.org\/fr\/passez-a-laction\/volontaire\/cooperation-volontaire\/","name":"Coop\u00e9ration volontaire | Cuso International","isPartOf":{"@id":"https:\/\/cusointernational.org\/fr\/#website"},"primaryImageOfPage":{"@id":"https:\/\/cusointernational.org\/fr\/passez-a-laction\/volontaire\/cooperation-volontaire\/#primaryimage"},"image":{"@id":"https:\/\/cusointernational.org\/fr\/passez-a-laction\/volontaire\/cooperation-volontaire\/#primaryimage"},"thumbnailUrl":"https:\/\/cusointernational.org\/wp-content\/uploads\/Awae__017-12.png","datePublished":"2020-09-17T21:08:43+00:00","dateModified":"2025-03-06T19:39:48+00:00","description":"Les programmes de d\u00e9veloppement et les coop\u00e9rants-volontaires de Cuso visent \u00e0 promouvoir l\u2019\u00e9galit\u00e9 entre les sexes et \u00e0 offrir de nouvelles perspectives \u00e9conomiques aux jeunes de quatre continents.","breadcrumb":{"@id":"https:\/\/cusointernational.org\/fr\/passez-a-laction\/volontaire\/cooperation-volontaire\/#breadcrumb"},"inLanguage":"fr-FR","potentialAction":[{"@type":"ReadAction","target":["https:\/\/cusointernational.org\/fr\/passez-a-laction\/volontaire\/cooperation-volontaire\/"]}]},{"@type":"ImageObject","inLanguage":"fr-FR","@id":"https:\/\/cusointernational.org\/fr\/passez-a-laction\/volontaire\/cooperation-volontaire\/#primaryimage","url":"https:\/\/cusointernational.org\/wp-content\/uploads\/Awae__017-12.png","contentUrl":"https:\/\/cusointernational.org\/wp-content\/uploads\/Awae__017-12.png","width":1600,"height":1000,"caption":"a young woman in a red headband writing on a board in front of a group of women"},{"@type":"BreadcrumbList","@id":"https:\/\/cusointernational.org\/fr\/passez-a-laction\/volontaire\/cooperation-volontaire\/#breadcrumb","itemListElement":[{"@type":"ListItem","position":1,"name":"Home","item":"https:\/\/cusointernational.org\/fr\/"},{"@type":"ListItem","position":2,"name":"Passez \u00e0 l\u2019action","item":"https:\/\/cusointernational.org\/fr\/passez-a-laction\/"},{"@type":"ListItem","position":3,"name":"Volontaire","item":"https:\/\/cusointernational.org\/fr\/passez-a-laction\/volontaire\/"},{"@type":"ListItem","position":4,"name":"Coop\u00e9ration volontaire"}]},{"@type":"WebSite","@id":"https:\/\/cusointernational.org\/fr\/#website","url":"https:\/\/cusointernational.org\/fr\/","name":"Cuso International","description":"Connecting communities around the world with skilled Canadians to help end poverty","potentialAction":[{"@type":"SearchAction","target":{"@type":"EntryPoint","urlTemplate":"https:\/\/cusointernational.org\/fr\/?s={search_term_string}"},"query-input":{"@type":"PropertyValueSpecification","valueRequired":true,"valueName":"search_term_string"}}],"inLanguage":"fr-FR"}]}},"_links":{"self":[{"href":"https:\/\/cusointernational.org\/fr\/wp-json\/wp\/v2\/pages\/37596","targetHints":{"allow":["GET"]}}],"collection":[{"href":"https:\/\/cusointernational.org\/fr\/wp-json\/wp\/v2\/pages"}],"about":[{"href":"https:\/\/cusointernational.org\/fr\/wp-json\/wp\/v2\/types\/page"}],"author":[{"embeddable":true,"href":"https:\/\/cusointernational.org\/fr\/wp-json\/wp\/v2\/users\/3"}],"replies":[{"embeddable":true,"href":"https:\/\/cusointernational.org\/fr\/wp-json\/wp\/v2\/comments?post=37596"}],"version-history":[{"count":0,"href":"https:\/\/cusointernational.org\/fr\/wp-json\/wp\/v2\/pages\/37596\/revisions"}],"up":[{"embeddable":true,"href":"https:\/\/cusointernational.org\/fr\/wp-json\/wp\/v2\/pages\/37007"}],"wp:featuredmedia":[{"embeddable":true,"href":"https:\/\/cusointernational.org\/fr\/wp-json\/wp\/v2\/media\/36601"}],"wp:attachment":[{"href":"https:\/\/cusointernational.org\/fr\/wp-json\/wp\/v2\/media?parent=37596"}],"wp:term":[{"taxonomy":"post_tag","embeddable":true,"href":"https:\/\/cusointernational.org\/fr\/wp-json\/wp\/v2\/tags?post=37596"}],"curies":[{"name":"wp","href":"https:\/\/api.w.org\/{rel}","templated":true}]}}