{"id":36986,"date":"2020-09-20T22:17:45","date_gmt":"2020-09-21T02:17:45","guid":{"rendered":"https:\/\/cuso.wpengine.com\/reponse-de-cuso-international-au-coronavirus\/"},"modified":"2021-02-05T12:01:53","modified_gmt":"2021-02-05T17:01:53","slug":"reponse-de-cuso-international-au-coronavirus","status":"publish","type":"page","link":"https:\/\/cusointernational.org\/fr\/reponse-de-cuso-international-au-coronavirus\/","title":{"rendered":"R\u00e9ponse de Cuso International au coronavirus"},"content":{"rendered":"\n\n<h1>\n\t\tCOVID-19\n\t<\/h1>\n<h5>\n\t\tR\u00e9ponse de Cuso International au coronavirus\n\t<\/h5>\n\t\t\t<a href=\"https:\/\/cusointernational.org\/fr\/faire-un-don-covid-19\/\" target=\"_blank\" role=\"button\" rel=\"noopener\">\n\t\t\t\t\t\tFAIRE UN DON\n\t\t\t\t\t<\/a>\n<h2>\n\t\tVos questions sur le COVID-19\n\t<\/h2>\n\t\t\t\t\t\t<h5 tabindex=\"0\">Quelle est la r\u00e9ponse de Cuso \u00e0 la pand\u00e9mie de COVID-19?<\/h5>\n\t\t\t<p>Alors que tous les pays combattent la propagation de la COVID-19, Cuso prend les mesures n\u00e9cessaires pour assurer la sant\u00e9 et la s\u00e9curit\u00e9 de ses coop\u00e9rants-volontaires, de ses employ\u00e9s, de ses partenaires et de ses b\u00e9n\u00e9ficiaires. Cette pand\u00e9mie est particuli\u00e8rement d\u00e9vastatrice dans les communaut\u00e9s les plus vuln\u00e9rables, qui sont, pour la plupart, d\u00e9pourvues des ressources et des soins de sant\u00e9 de base dont nous jouissons au Canada. Toutefois, en mars 2020, devant le risque accru de fermeture de nouvelles fronti\u00e8res, Cuso a pris la d\u00e9cision d&#8217;acc\u00e9l\u00e9rer le retour au pays de tous ses coop\u00e9rants-volontaires. Nos \u00e9quipes \u00e0 travers le monde travaillent sans rel\u00e2che \u00e0 la mise en place de mesures pour r\u00e9duire le risque de propagation de la COVID-19. Quelques volontaires locaux ont commenc\u00e9 \u00e0 travailler avec nos partenaires sur le terrain. Tous nos employ\u00e9s et nos volontaires font du t\u00e9l\u00e9travail et nous faisons tout en notre pouvoir pour r\u00e9duire les cons\u00e9quences de cette r\u00e9organisation du travail sur nos activit\u00e9s. D\u00e8s que la situation s&#8217;am\u00e9liorera suffisamment pour permettre \u00e0 nos employ\u00e9s et \u00e0 nos coop\u00e9rants-volontaires de recommencer \u00e0 travailler \u00ab en personne \u00bb, nous prendrons toutes les mesures n\u00e9cessaires pour assurer leur s\u00e9curit\u00e9.<\/p>\n\t\t\t\t\t\t<h5 tabindex=\"0\">Qu&#8217;a fait Cuso pour adapter sa programmation et ses projets?<\/h5>\n\t\t\t<p>Devant la situation actuelle, Cuso a modul\u00e9 ses activit\u00e9s afin de pouvoir continuer \u00e0 offrir ses programmes et soutenir ses partenaires. Nous avons notamment mis\u00e9 sur le recrutement de volontaires nationaux et de coop\u00e9rants-volontaires canadiens en ligne. Nous sommes aussi en train de concevoir des outils de partenariat et de programmation qui pourront \u00eatre utilis\u00e9s de fa\u00e7on autonome ou avec un soutien \u00e0 distance. Dans certains pays, nous avons aid\u00e9 nos partenaires \u00e0 adapter leurs activit\u00e9s \u00e0 la situation, notamment en offrant leurs formations \u00e0 de plus petits groupes ou en optant pour de la formation en ligne.<\/p>\n\t\t\t\t\t\t<h5 tabindex=\"0\">Que fait Cuso pour continuer \u00e0 soutenir ses partenaires sur le terrain pendant la pand\u00e9mie de COVID-19?<\/h5>\n\t\t\t<p>Cuso a lanc\u00e9 deux projets d&#8217;intervention rapide afin de venir en aide aux femmes et aux filles, qui sont beaucoup plus durement touch\u00e9es par la pand\u00e9mie. Aider les villages camerounais \u00e0 r\u00e9agir \u00e0 la COVID-19 :<\/p>\n<p><strong>Ce projet d&#8217;intervention rapide en sol camerounais vise les femmes<\/strong>, qui sont traditionnellement moins expos\u00e9es \u00e0 l&#8217;information et qui, en raison de leurs va-et-vient \u00e0 l&#8217;ext\u00e9rieur \u00e0 la recherche de nourriture, sont plus \u00e0 risque de contracter la COVID-19. Cuso travaille avec des centres d&#8217;autonomisation des femmes, le personnel de la sant\u00e9, des stations de radio et des \u00e9coles pour minimiser les risques et sensibiliser la population aux risques.<\/p>\n<p><strong>Projet Voix et leadership des femmes (projet VLF) :<\/strong> Avec notre projet VLF au P\u00e9rou, nous offrons du financement d&#8217;urgence lors de situations o\u00f9 les droits des femmes sont en p\u00e9ril. Depuis le d\u00e9but de la pand\u00e9mie, ces fonds ont aid\u00e9 les quatre organismes dirig\u00e9s par des femmes qui participent au Projet VLF \u00e0 intervenir dans des situations d&#8217;urgences li\u00e9es \u00e0 la COVID-19. Ces fonds leur ont notamment permis de distribuer de la nourriture, des produits d&#8217;hygi\u00e8ne et de l&#8217;\u00e9quipement de protection personnelle. Ils ont \u00e9galement diffus\u00e9 \u00e0 la radio des messages de pr\u00e9vention sur la COVID-19 et la violence sexiste en espagnol et en quechua. Enfin, ils ont offert de l&#8217;aide juridique et du soutien psychosocial aux victimes de violence sexiste et aux membres de la communaut\u00e9 LGBTQ.<\/p>\n\t\t\t\t\t\t<h5 tabindex=\"0\">Puis-je encore donner mon nom pour faire de la coop\u00e9ration volontaire?<\/h5>\n\t\t\t<p>Cuso continue \u00e0 suivre de pr\u00e8s l&#8217;\u00e9volution de la pand\u00e9mie de COVID-19 et de ses cons\u00e9quences au Canada et ailleurs dans le monde. Compte tenu des circonstances actuelles, nous avons pris la d\u00e9cision de reporter le d\u00e9ploiement de nos coop\u00e9rants-volontaires sur le terrain. Notre obligation de diligence \u00e0 l&#8217;endroit de nos coop\u00e9rants-volontaires est notre priorit\u00e9 absolue. Nous reprendrons donc les affectations uniquement lorsque nous serons persuad\u00e9s de pouvoir respecter les normes de prudence et de limiter les risques encourus par notre personnel, nos partenaires, nos coop\u00e9rants-volontaires et les communaut\u00e9s que nous servons. Dans l&#8217;intervalle, veuillez consulter notre babillard pour conna\u00eetre les possibilit\u00e9s de coop\u00e9ration volontaire en ligne correspondant \u00e0 votre profil. Cette formule est une excellente fa\u00e7on d&#8217;aider nos partenaires et nos projets \u00e0 distance et de poser les jalons d&#8217;une affectation sur le terrain lorsque la situation sanitaire le permettra.<\/p>\n\t\t\t\t\t\t<h5 tabindex=\"0\">Comment puis-je donner un coup de main?<\/h5>\n\t\t\t\n\t\t\t<a href=\"https:\/\/cusointernational.org\/fr\/faire-un-don-covid-19\/\" target=\"_blank\" role=\"button\" rel=\"noopener\">\n\t\t\t\t\t\tFAIRE UN DON\n\t\t\t\t\t<\/a>\n<h2>\n\t\tMises \u00e0 jour\n\t<\/h2>\n<h4>\n\t\tL&#8217;entraide en p\u00e9riode de pand\u00e9mie\n\t<\/h4>\n\t<p>La cr\u00e9ativit\u00e9 et la collaboration sont deux caract\u00e9ristiques qui d\u00e9crivent bien la strat\u00e9gie adopt\u00e9e par Cuso pendant la crise de la COVID-19 pour r\u00e9pondre aux besoins changeants des communaut\u00e9s vuln\u00e9rables \u00e0 travers le monde.<\/p>\n<p>\u00ab\u202fLa COVID-19 s&#8217;accompagne de difficult\u00e9s jamais vues, tant dans leur diversit\u00e9 que dans leur intensit\u00e9, souligne Glenn\u202fMifflin, chef de la direction de Cuso. La cr\u00e9ativit\u00e9 dont nous avons fait preuve est un exemple puissant de l&#8217;importance que nous accordons \u00e0 notre leitmotiv en toutes situations, \u00e0 savoir l&#8217;entraide comme moteur de changement.\u202f\u00bb<\/p>\n\t\t\t<a href=\"https:\/\/cusointernational.org\/fr\/recit\/lentraide-en-periode-de-pandemie\/\" target=\"_self\" role=\"button\" rel=\"noopener\">\n\t\t\t\t\t\t\tLIRE PLUS\n\t\t\t\t\t<\/a>\n<h4>\n\t\tEntrevue avec David Forest, directeur des programmes pour l&#8217;afrique\n\t<\/h4>\n\t<p>David\u00a0Forest est directeur des programmes de Cuso International en Afrique. En septembre\u00a02019, il a quitt\u00e9 Ottawa pour s&#8217;installer au B\u00e9nin avec sa conjointe et leurs deux jeunes enfants. La petite famille a \u00e9t\u00e9 oblig\u00e9e de revenir plus t\u00f4t en raison de la pand\u00e9mie de COVID-19. Le coronavirus s&#8217;\u00e9tant rapidement propag\u00e9 en Europe et en Am\u00e9rique du Nord, le gouvernement canadien a press\u00e9 ses ressortissants \u00e0 revenir au pays. David a gentiment accept\u00e9 de faire une entrevue t\u00e9l\u00e9phonique avec nous pour nous parler de l&#8217;impact du coronavirus sur son travail.<\/p>\n\t\t\t<a href=\"https:\/\/cusointernational.org\/stories\/qa-with-david-forest-head-of-programs-africa\/\" target=\"_self\" role=\"button\" rel=\"noopener\">\n\t\t\t\t\t\t\tLIRE PLUS\n\t\t\t\t\t<\/a>\n<h4>\n\t\tCompassion au temps du COVID-19\n\t<\/h4>\n\t<p>Tout le monde est affect\u00e9 par la COVID-19 d&#8217;une fa\u00e7on ou d&#8217;une autre. Mais certaines personnes sont beaucoup plus touch\u00e9es que d&#8217;autres. Les femmes sont affect\u00e9es de fa\u00e7on disproportionn\u00e9e par toutes les catastrophes, et celle-ci ne fait pas exception.\u00a0Lire plus de Sarah Pentlow, Consultante en \u00c9galit\u00e9 Femmes Hommes et Inclusion Sociale.<\/p>\n\t\t\t<a href=\"https:\/\/cusointernational.org\/fr\/recit\/compassion-au-temps-du-covid-19\/\" target=\"_self\" role=\"button\" rel=\"noopener\">\n\t\t\t\t\t\t\tLIRE PLUS\n\t\t\t\t\t<\/a>\n<h5>\n\t\tKaren Pavon est la repr\u00e9sentante de Cuso International pour les programmes internationaux au Honduras. Elle nous rejoint de Tegucigalpa pour partager une mise \u00e0 jour sur les d\u00e9fis que les communaut\u00e9s vuln\u00e9rables rencontrent face \u00e0 la pand\u00e9mie de COVID-19.\n\t<\/h5>\n\t Cliquez ici\n\n","protected":false},"excerpt":{"rendered":"<p>COVID-19 R\u00e9ponse de Cuso International au coronavirus FAIRE UN DON Vos questions sur le COVID-19 Quelle est la r\u00e9ponse de Cuso \u00e0 la pand\u00e9mie de COVID-19? Alors que tous les pays combattent la propagation de la COVID-19, Cuso prend les mesures n\u00e9cessaires pour assurer la sant\u00e9 et la s\u00e9curit\u00e9 de ses coop\u00e9rants-volontaires, de ses employ\u00e9s,&hellip;<\/p>\n","protected":false},"author":6,"featured_media":0,"parent":0,"menu_order":0,"comment_status":"closed","ping_status":"closed","template":"","meta":{"_acf_changed":false,"footnotes":""},"tags":[],"class_list":["post-36986","page","type-page","status-publish","hentry"],"acf":[],"yoast_head":"<!-- This site is optimized with the Yoast SEO plugin v27.4 - https:\/\/yoast.com\/product\/yoast-seo-wordpress\/ -->\n<title>R\u00e9ponse de Cuso International au coronavirus | Cuso International<\/title>\n<meta name=\"description\" content=\"Les programmes de d\u00e9veloppement et les coop\u00e9rants-volontaires de Cuso visent \u00e0 promouvoir l\u2019\u00e9galit\u00e9 entre les sexes et \u00e0 offrir de nouvelles perspectives \u00e9conomiques aux jeunes de quatre continents.\" \/>\n<meta name=\"robots\" content=\"index, follow, max-snippet:-1, max-image-preview:large, max-video-preview:-1\" \/>\n<link rel=\"canonical\" href=\"https:\/\/cusointernational.org\/fr\/reponse-de-cuso-international-au-coronavirus\/\" \/>\n<meta property=\"og:locale\" content=\"fr_FR\" \/>\n<meta property=\"og:type\" content=\"article\" \/>\n<meta property=\"og:title\" content=\"R\u00e9ponse de Cuso International au coronavirus | Cuso International\" \/>\n<meta property=\"og:description\" content=\"Les programmes de d\u00e9veloppement et les coop\u00e9rants-volontaires de Cuso visent \u00e0 promouvoir l\u2019\u00e9galit\u00e9 entre les sexes et \u00e0 offrir de nouvelles perspectives \u00e9conomiques aux jeunes de quatre continents.\" \/>\n<meta property=\"og:url\" content=\"https:\/\/cusointernational.org\/fr\/reponse-de-cuso-international-au-coronavirus\/\" \/>\n<meta property=\"og:site_name\" content=\"Cuso International\" \/>\n<meta property=\"article:modified_time\" content=\"2021-02-05T17:01:53+00:00\" \/>\n<meta name=\"twitter:card\" content=\"summary_large_image\" \/>\n<meta name=\"twitter:label1\" content=\"Dur\u00e9e de lecture estim\u00e9e\" \/>\n\t<meta name=\"twitter:data1\" content=\"6 minutes\" \/>\n<script type=\"application\/ld+json\" class=\"yoast-schema-graph\">{\"@context\":\"https:\\\/\\\/schema.org\",\"@graph\":[{\"@type\":\"WebPage\",\"@id\":\"https:\\\/\\\/cusointernational.org\\\/fr\\\/reponse-de-cuso-international-au-coronavirus\\\/\",\"url\":\"https:\\\/\\\/cusointernational.org\\\/fr\\\/reponse-de-cuso-international-au-coronavirus\\\/\",\"name\":\"R\u00e9ponse de Cuso International au coronavirus | Cuso International\",\"isPartOf\":{\"@id\":\"https:\\\/\\\/cusointernational.org\\\/fr\\\/#website\"},\"datePublished\":\"2020-09-21T02:17:45+00:00\",\"dateModified\":\"2021-02-05T17:01:53+00:00\",\"description\":\"Les programmes de d\u00e9veloppement et les coop\u00e9rants-volontaires de Cuso visent \u00e0 promouvoir l\u2019\u00e9galit\u00e9 entre les sexes et \u00e0 offrir de nouvelles perspectives \u00e9conomiques aux jeunes de quatre continents.\",\"breadcrumb\":{\"@id\":\"https:\\\/\\\/cusointernational.org\\\/fr\\\/reponse-de-cuso-international-au-coronavirus\\\/#breadcrumb\"},\"inLanguage\":\"fr-FR\",\"potentialAction\":[{\"@type\":\"ReadAction\",\"target\":[\"https:\\\/\\\/cusointernational.org\\\/fr\\\/reponse-de-cuso-international-au-coronavirus\\\/\"]}]},{\"@type\":\"BreadcrumbList\",\"@id\":\"https:\\\/\\\/cusointernational.org\\\/fr\\\/reponse-de-cuso-international-au-coronavirus\\\/#breadcrumb\",\"itemListElement\":[{\"@type\":\"ListItem\",\"position\":1,\"name\":\"Home\",\"item\":\"https:\\\/\\\/cusointernational.org\\\/fr\\\/\"},{\"@type\":\"ListItem\",\"position\":2,\"name\":\"R\u00e9ponse de Cuso International au coronavirus\"}]},{\"@type\":\"WebSite\",\"@id\":\"https:\\\/\\\/cusointernational.org\\\/fr\\\/#website\",\"url\":\"https:\\\/\\\/cusointernational.org\\\/fr\\\/\",\"name\":\"Cuso International\",\"description\":\"Connecting communities around the world with skilled Canadians to help end poverty\",\"potentialAction\":[{\"@type\":\"SearchAction\",\"target\":{\"@type\":\"EntryPoint\",\"urlTemplate\":\"https:\\\/\\\/cusointernational.org\\\/fr\\\/?s={search_term_string}\"},\"query-input\":{\"@type\":\"PropertyValueSpecification\",\"valueRequired\":true,\"valueName\":\"search_term_string\"}}],\"inLanguage\":\"fr-FR\"}]}<\/script>\n<!-- \/ Yoast SEO plugin. -->","yoast_head_json":{"title":"R\u00e9ponse de Cuso International au coronavirus | Cuso International","description":"Les programmes de d\u00e9veloppement et les coop\u00e9rants-volontaires de Cuso visent \u00e0 promouvoir l\u2019\u00e9galit\u00e9 entre les sexes et \u00e0 offrir de nouvelles perspectives \u00e9conomiques aux jeunes de quatre continents.","robots":{"index":"index","follow":"follow","max-snippet":"max-snippet:-1","max-image-preview":"max-image-preview:large","max-video-preview":"max-video-preview:-1"},"canonical":"https:\/\/cusointernational.org\/fr\/reponse-de-cuso-international-au-coronavirus\/","og_locale":"fr_FR","og_type":"article","og_title":"R\u00e9ponse de Cuso International au coronavirus | Cuso International","og_description":"Les programmes de d\u00e9veloppement et les coop\u00e9rants-volontaires de Cuso visent \u00e0 promouvoir l\u2019\u00e9galit\u00e9 entre les sexes et \u00e0 offrir de nouvelles perspectives \u00e9conomiques aux jeunes de quatre continents.","og_url":"https:\/\/cusointernational.org\/fr\/reponse-de-cuso-international-au-coronavirus\/","og_site_name":"Cuso International","article_modified_time":"2021-02-05T17:01:53+00:00","twitter_card":"summary_large_image","twitter_misc":{"Dur\u00e9e de lecture estim\u00e9e":"6 minutes"},"schema":{"@context":"https:\/\/schema.org","@graph":[{"@type":"WebPage","@id":"https:\/\/cusointernational.org\/fr\/reponse-de-cuso-international-au-coronavirus\/","url":"https:\/\/cusointernational.org\/fr\/reponse-de-cuso-international-au-coronavirus\/","name":"R\u00e9ponse de Cuso International au coronavirus | Cuso International","isPartOf":{"@id":"https:\/\/cusointernational.org\/fr\/#website"},"datePublished":"2020-09-21T02:17:45+00:00","dateModified":"2021-02-05T17:01:53+00:00","description":"Les programmes de d\u00e9veloppement et les coop\u00e9rants-volontaires de Cuso visent \u00e0 promouvoir l\u2019\u00e9galit\u00e9 entre les sexes et \u00e0 offrir de nouvelles perspectives \u00e9conomiques aux jeunes de quatre continents.","breadcrumb":{"@id":"https:\/\/cusointernational.org\/fr\/reponse-de-cuso-international-au-coronavirus\/#breadcrumb"},"inLanguage":"fr-FR","potentialAction":[{"@type":"ReadAction","target":["https:\/\/cusointernational.org\/fr\/reponse-de-cuso-international-au-coronavirus\/"]}]},{"@type":"BreadcrumbList","@id":"https:\/\/cusointernational.org\/fr\/reponse-de-cuso-international-au-coronavirus\/#breadcrumb","itemListElement":[{"@type":"ListItem","position":1,"name":"Home","item":"https:\/\/cusointernational.org\/fr\/"},{"@type":"ListItem","position":2,"name":"R\u00e9ponse de Cuso International au coronavirus"}]},{"@type":"WebSite","@id":"https:\/\/cusointernational.org\/fr\/#website","url":"https:\/\/cusointernational.org\/fr\/","name":"Cuso International","description":"Connecting communities around the world with skilled Canadians to help end poverty","potentialAction":[{"@type":"SearchAction","target":{"@type":"EntryPoint","urlTemplate":"https:\/\/cusointernational.org\/fr\/?s={search_term_string}"},"query-input":{"@type":"PropertyValueSpecification","valueRequired":true,"valueName":"search_term_string"}}],"inLanguage":"fr-FR"}]}},"_links":{"self":[{"href":"https:\/\/cusointernational.org\/fr\/wp-json\/wp\/v2\/pages\/36986","targetHints":{"allow":["GET"]}}],"collection":[{"href":"https:\/\/cusointernational.org\/fr\/wp-json\/wp\/v2\/pages"}],"about":[{"href":"https:\/\/cusointernational.org\/fr\/wp-json\/wp\/v2\/types\/page"}],"author":[{"embeddable":true,"href":"https:\/\/cusointernational.org\/fr\/wp-json\/wp\/v2\/users\/6"}],"replies":[{"embeddable":true,"href":"https:\/\/cusointernational.org\/fr\/wp-json\/wp\/v2\/comments?post=36986"}],"version-history":[{"count":0,"href":"https:\/\/cusointernational.org\/fr\/wp-json\/wp\/v2\/pages\/36986\/revisions"}],"wp:attachment":[{"href":"https:\/\/cusointernational.org\/fr\/wp-json\/wp\/v2\/media?parent=36986"}],"wp:term":[{"taxonomy":"post_tag","embeddable":true,"href":"https:\/\/cusointernational.org\/fr\/wp-json\/wp\/v2\/tags?post=36986"}],"curies":[{"name":"wp","href":"https:\/\/api.w.org\/{rel}","templated":true}]}}