{"id":36970,"date":"2020-09-21T10:18:59","date_gmt":"2020-09-21T14:18:59","guid":{"rendered":"https:\/\/cuso.wpengine.com\/agir-ensemble-pour-batir-lavenir\/"},"modified":"2020-12-07T13:19:05","modified_gmt":"2020-12-07T18:19:05","slug":"agir-ensemble-pour-batir-lavenir","status":"publish","type":"page","link":"https:\/\/cusointernational.org\/fr\/agir-ensemble-pour-batir-lavenir\/","title":{"rendered":"Agir ensemble pour b\u00e2tir l\u2019avenir"},"content":{"rendered":"\n\n<h1>\n\t\tAgir ensemble pour b\u00e2tir l&#8217;avenir\n\t<\/h1>\n<h2>\n\t\tEnsemble, nous pouvons cr\u00e9er un monde meilleur.\n\t<\/h2>\n\t\t\t<a href=\"void(0)\" target=\"_self\" rel=\"noopener noreferrer\">\n\t\t<\/a>\n<h2>\n\t\tLe changement commence par le partage de ce que vous savez\n\t<\/h2>\n\t\n\t\t\t<a href=\"#newsletter\" target=\"_self\" role=\"button\" rel=\"noopener noreferrer\">\n\t\t\t\t\t\t\tABONNEZ-VOUS \u00c0 NOTRE BULLETIN\n\t\t\t\t\t<\/a>\n<h3>\n\t\tLutter pour l&#8217;\u00e9galit\u00e9\n\t<\/h3>\n\t\n\t\t\t<a href=\"https:\/\/cusointernational.org\/fr\/r\u00e9cit\/lunion-fait-la-force-la-lutte-pour-les-droits-des-femmes-au-perou\/\" target=\"_self\" role=\"button\" rel=\"noopener noreferrer\">\n\t\t\t\t\t\t\tRENCONTRER JULIE\n\t\t\t\t\t<\/a>\n<h3>\n\t\tAlimenter l&#8217;espoir\n\t<\/h3>\n\t\n\t\t\t<a href=\"https:\/\/cusointernational.org\/fr\/r\u00e9cit\/recette-du-changement-birmanes\/\" target=\"_self\" role=\"button\" rel=\"noopener noreferrer\">\n\t\t\t\t\t\t\tRENCONTRER LES FEMMES\n\t\t\t\t\t<\/a>\n<h3>\n\t\tL&#8217;amour du travail\n\t<\/h3>\n\t\n\t\t\t<a href=\"https:\/\/cusointernational.org\/fr\/r\u00e9cit\/lamour-du-travail\/\" target=\"_self\" role=\"button\" rel=\"noopener noreferrer\">\n\t\t\t\t\t\t\tRENCONTRER FATUMA\n\t\t\t\t\t<\/a>\n<h3>\n\t\tCultiver l&#8217;espoir\n\t<\/h3>\n\t\n\t\t\t<a href=\"https:\/\/cusointernational.org\/fr\/r\u00e9cit\/semer-le-changement-recolter-la-securite-alimentaire\/\" target=\"_self\" role=\"button\" rel=\"noopener noreferrer\">\n\t\t\t\t\t\t\tRENCONTRER TERESA\n\t\t\t\t\t<\/a>\n<h3>\n\t\tPleins feux sur notre impact\n\t<\/h3>\n\t<p>En pr\u00e8s de 60 ans, Cuso International a envoy\u00e9 plus de 14 000 coop\u00e9rants-volontaires dans une centaine de pays afin d&#8217;accompagner les gens dans leurs efforts pour assurer leur subsistance et vivre dans la dignit\u00e9, particuli\u00e8rement les femmes et les filles. Au cours de la derni\u00e8re ann\u00e9e :<\/p>\n\t\t<!-- Comment to fix spacing issue\n\t-->\n\t\t<h2>0M+<\/h2>\n\t<!-- Comment to fix spacing issue\n\t-->\t\n\t<p>pays de personnes touch\u00e9es par les programmes et les partenariats de Cuso International.<\/p>\n\t\t<!-- Comment to fix spacing issue\n\t-->\n\t\t<h2>0<\/h2>\n\t<!-- Comment to fix spacing issue\n\t-->\t\n\t<p>employ\u00e9s, partenaires, coop\u00e9rant(e)s-volontaires et donateurs travaillent \u00e0 changer le monde.<\/p>\n\t\t<!-- Comment to fix spacing issue\n\t-->\n\t\t<h2>0%<\/h2>\n\t<!-- Comment to fix spacing issue\n\t-->\t\n\t<p>de nos b\u00e9n\u00e9ficiaires sont des femmes et des enfants, soit les membres les plus vuln\u00e9rables de la soci\u00e9t\u00e9.<\/p>\n<h3>\n\t\t\u00ab Ces femmes m&#8217;ont appris plus sur la r\u00e9silience et la pers\u00e9v\u00e9rance que jamais auparavant. Ce fut un cadeau de pouvoir \u00eatre t\u00e9moin de leur d\u00e9brouillardise et de leur dynamisme. Aujourd&#8217;hui, je suis fermement convaincue que rien ne pourra m&#8217;emp\u00eacher d&#8217;aller de l&#8217;avant si j&#8217;ai la bonne attitude. \u00bb\n\t<\/h3>\n\n","protected":false},"excerpt":{"rendered":"<p>Agir ensemble pour b\u00e2tir l&#8217;avenir Ensemble, nous pouvons cr\u00e9er un monde meilleur. Le changement commence par le partage de ce que vous savez ABONNEZ-VOUS \u00c0 NOTRE BULLETIN Lutter pour l&#8217;\u00e9galit\u00e9 RENCONTRER JULIE Alimenter l&#8217;espoir RENCONTRER LES FEMMES L&#8217;amour du travail RENCONTRER FATUMA Cultiver l&#8217;espoir RENCONTRER TERESA Pleins feux sur notre impact En pr\u00e8s de 60&hellip;<\/p>\n","protected":false},"author":6,"featured_media":0,"parent":0,"menu_order":0,"comment_status":"closed","ping_status":"closed","template":"","meta":{"_acf_changed":false,"footnotes":""},"tags":[],"class_list":["post-36970","page","type-page","status-publish","hentry"],"acf":[],"yoast_head":"<!-- This site is optimized with the Yoast SEO plugin v27.4 - https:\/\/yoast.com\/product\/yoast-seo-wordpress\/ -->\n<title>Agir ensemble pour b\u00e2tir l\u2019avenir - Cuso International<\/title>\n<meta name=\"description\" content=\"Les programmes de d\u00e9veloppement et les coop\u00e9rants-volontaires de Cuso visent \u00e0 promouvoir l\u2019\u00e9galit\u00e9 entre les sexes et \u00e0 offrir de nouvelles perspectives \u00e9conomiques aux jeunes de quatre continents.\" \/>\n<meta name=\"robots\" content=\"index, follow, max-snippet:-1, max-image-preview:large, max-video-preview:-1\" \/>\n<link rel=\"canonical\" href=\"https:\/\/cusointernational.org\/fr\/agir-ensemble-pour-batir-lavenir\/\" \/>\n<meta property=\"og:locale\" content=\"fr_FR\" \/>\n<meta property=\"og:type\" content=\"article\" \/>\n<meta property=\"og:title\" content=\"Agir ensemble pour b\u00e2tir l\u2019avenir - Cuso International\" \/>\n<meta property=\"og:description\" content=\"Les programmes de d\u00e9veloppement et les coop\u00e9rants-volontaires de Cuso visent \u00e0 promouvoir l\u2019\u00e9galit\u00e9 entre les sexes et \u00e0 offrir de nouvelles perspectives \u00e9conomiques aux jeunes de quatre continents.\" \/>\n<meta property=\"og:url\" content=\"https:\/\/cusointernational.org\/fr\/agir-ensemble-pour-batir-lavenir\/\" \/>\n<meta property=\"og:site_name\" content=\"Cuso International\" \/>\n<meta property=\"article:modified_time\" content=\"2020-12-07T18:19:05+00:00\" \/>\n<meta name=\"twitter:card\" content=\"summary_large_image\" \/>\n<meta name=\"twitter:label1\" content=\"Dur\u00e9e de lecture estim\u00e9e\" \/>\n\t<meta name=\"twitter:data1\" content=\"1 minute\" \/>\n<script type=\"application\/ld+json\" class=\"yoast-schema-graph\">{\"@context\":\"https:\\\/\\\/schema.org\",\"@graph\":[{\"@type\":\"WebPage\",\"@id\":\"https:\\\/\\\/cusointernational.org\\\/fr\\\/agir-ensemble-pour-batir-lavenir\\\/\",\"url\":\"https:\\\/\\\/cusointernational.org\\\/fr\\\/agir-ensemble-pour-batir-lavenir\\\/\",\"name\":\"Agir ensemble pour b\u00e2tir l\u2019avenir - Cuso International\",\"isPartOf\":{\"@id\":\"https:\\\/\\\/cusointernational.org\\\/fr\\\/#website\"},\"datePublished\":\"2020-09-21T14:18:59+00:00\",\"dateModified\":\"2020-12-07T18:19:05+00:00\",\"description\":\"Les programmes de d\u00e9veloppement et les coop\u00e9rants-volontaires de Cuso visent \u00e0 promouvoir l\u2019\u00e9galit\u00e9 entre les sexes et \u00e0 offrir de nouvelles perspectives \u00e9conomiques aux jeunes de quatre continents.\",\"breadcrumb\":{\"@id\":\"https:\\\/\\\/cusointernational.org\\\/fr\\\/agir-ensemble-pour-batir-lavenir\\\/#breadcrumb\"},\"inLanguage\":\"fr-FR\",\"potentialAction\":[{\"@type\":\"ReadAction\",\"target\":[\"https:\\\/\\\/cusointernational.org\\\/fr\\\/agir-ensemble-pour-batir-lavenir\\\/\"]}]},{\"@type\":\"BreadcrumbList\",\"@id\":\"https:\\\/\\\/cusointernational.org\\\/fr\\\/agir-ensemble-pour-batir-lavenir\\\/#breadcrumb\",\"itemListElement\":[{\"@type\":\"ListItem\",\"position\":1,\"name\":\"Home\",\"item\":\"https:\\\/\\\/cusointernational.org\\\/fr\\\/\"},{\"@type\":\"ListItem\",\"position\":2,\"name\":\"Agir ensemble pour b\u00e2tir l\u2019avenir\"}]},{\"@type\":\"WebSite\",\"@id\":\"https:\\\/\\\/cusointernational.org\\\/fr\\\/#website\",\"url\":\"https:\\\/\\\/cusointernational.org\\\/fr\\\/\",\"name\":\"Cuso International\",\"description\":\"Connecting communities around the world with skilled Canadians to help end poverty\",\"potentialAction\":[{\"@type\":\"SearchAction\",\"target\":{\"@type\":\"EntryPoint\",\"urlTemplate\":\"https:\\\/\\\/cusointernational.org\\\/fr\\\/?s={search_term_string}\"},\"query-input\":{\"@type\":\"PropertyValueSpecification\",\"valueRequired\":true,\"valueName\":\"search_term_string\"}}],\"inLanguage\":\"fr-FR\"}]}<\/script>\n<!-- \/ Yoast SEO plugin. -->","yoast_head_json":{"title":"Agir ensemble pour b\u00e2tir l\u2019avenir - Cuso International","description":"Les programmes de d\u00e9veloppement et les coop\u00e9rants-volontaires de Cuso visent \u00e0 promouvoir l\u2019\u00e9galit\u00e9 entre les sexes et \u00e0 offrir de nouvelles perspectives \u00e9conomiques aux jeunes de quatre continents.","robots":{"index":"index","follow":"follow","max-snippet":"max-snippet:-1","max-image-preview":"max-image-preview:large","max-video-preview":"max-video-preview:-1"},"canonical":"https:\/\/cusointernational.org\/fr\/agir-ensemble-pour-batir-lavenir\/","og_locale":"fr_FR","og_type":"article","og_title":"Agir ensemble pour b\u00e2tir l\u2019avenir - Cuso International","og_description":"Les programmes de d\u00e9veloppement et les coop\u00e9rants-volontaires de Cuso visent \u00e0 promouvoir l\u2019\u00e9galit\u00e9 entre les sexes et \u00e0 offrir de nouvelles perspectives \u00e9conomiques aux jeunes de quatre continents.","og_url":"https:\/\/cusointernational.org\/fr\/agir-ensemble-pour-batir-lavenir\/","og_site_name":"Cuso International","article_modified_time":"2020-12-07T18:19:05+00:00","twitter_card":"summary_large_image","twitter_misc":{"Dur\u00e9e de lecture estim\u00e9e":"1 minute"},"schema":{"@context":"https:\/\/schema.org","@graph":[{"@type":"WebPage","@id":"https:\/\/cusointernational.org\/fr\/agir-ensemble-pour-batir-lavenir\/","url":"https:\/\/cusointernational.org\/fr\/agir-ensemble-pour-batir-lavenir\/","name":"Agir ensemble pour b\u00e2tir l\u2019avenir - Cuso International","isPartOf":{"@id":"https:\/\/cusointernational.org\/fr\/#website"},"datePublished":"2020-09-21T14:18:59+00:00","dateModified":"2020-12-07T18:19:05+00:00","description":"Les programmes de d\u00e9veloppement et les coop\u00e9rants-volontaires de Cuso visent \u00e0 promouvoir l\u2019\u00e9galit\u00e9 entre les sexes et \u00e0 offrir de nouvelles perspectives \u00e9conomiques aux jeunes de quatre continents.","breadcrumb":{"@id":"https:\/\/cusointernational.org\/fr\/agir-ensemble-pour-batir-lavenir\/#breadcrumb"},"inLanguage":"fr-FR","potentialAction":[{"@type":"ReadAction","target":["https:\/\/cusointernational.org\/fr\/agir-ensemble-pour-batir-lavenir\/"]}]},{"@type":"BreadcrumbList","@id":"https:\/\/cusointernational.org\/fr\/agir-ensemble-pour-batir-lavenir\/#breadcrumb","itemListElement":[{"@type":"ListItem","position":1,"name":"Home","item":"https:\/\/cusointernational.org\/fr\/"},{"@type":"ListItem","position":2,"name":"Agir ensemble pour b\u00e2tir l\u2019avenir"}]},{"@type":"WebSite","@id":"https:\/\/cusointernational.org\/fr\/#website","url":"https:\/\/cusointernational.org\/fr\/","name":"Cuso International","description":"Connecting communities around the world with skilled Canadians to help end poverty","potentialAction":[{"@type":"SearchAction","target":{"@type":"EntryPoint","urlTemplate":"https:\/\/cusointernational.org\/fr\/?s={search_term_string}"},"query-input":{"@type":"PropertyValueSpecification","valueRequired":true,"valueName":"search_term_string"}}],"inLanguage":"fr-FR"}]}},"_links":{"self":[{"href":"https:\/\/cusointernational.org\/fr\/wp-json\/wp\/v2\/pages\/36970","targetHints":{"allow":["GET"]}}],"collection":[{"href":"https:\/\/cusointernational.org\/fr\/wp-json\/wp\/v2\/pages"}],"about":[{"href":"https:\/\/cusointernational.org\/fr\/wp-json\/wp\/v2\/types\/page"}],"author":[{"embeddable":true,"href":"https:\/\/cusointernational.org\/fr\/wp-json\/wp\/v2\/users\/6"}],"replies":[{"embeddable":true,"href":"https:\/\/cusointernational.org\/fr\/wp-json\/wp\/v2\/comments?post=36970"}],"version-history":[{"count":0,"href":"https:\/\/cusointernational.org\/fr\/wp-json\/wp\/v2\/pages\/36970\/revisions"}],"wp:attachment":[{"href":"https:\/\/cusointernational.org\/fr\/wp-json\/wp\/v2\/media?parent=36970"}],"wp:term":[{"taxonomy":"post_tag","embeddable":true,"href":"https:\/\/cusointernational.org\/fr\/wp-json\/wp\/v2\/tags?post=36970"}],"curies":[{"name":"wp","href":"https:\/\/api.w.org\/{rel}","templated":true}]}}