{"id":36933,"date":"2020-09-17T17:23:37","date_gmt":"2020-09-17T21:23:37","guid":{"rendered":"https:\/\/cuso.wpengine.com\/publications-de-cuso\/"},"modified":"2026-04-14T15:58:10","modified_gmt":"2026-04-14T19:58:10","slug":"publications-de-cuso","status":"publish","type":"page","link":"https:\/\/cusointernational.org\/fr\/publications-de-cuso\/","title":{"rendered":"Publications de Cuso International"},"content":{"rendered":"\r\n<h1>PUBLICATIONS DE CUSO INTERNATIONAL<\/h1>\r\n<h2>Les t\u00e9moignages et r\u00e9cits personnels nous rapprochent, peu importe notre parcours et notre milieu de vie. Consultez les r\u00e9cits et les t\u00e9moignages personnels et d\u00e9couvrez les r\u00e9sultats durables que nous obtenons.<\/h2>\r\n<div class=\"cuso-magazine annual-reports\">        <!--   Do something...   -->\n        Oops! looks like we are still adding reports to this section.    \n    <\/div>\r\n<h2>Panorama &#8211; Notre Infolettre Mensuelle<\/h2>\r\n<p><a href=\"https:\/\/cusointernational.org\/fr\/sinscrire-et-rester-informe\/\" target=\"_blank\" rel=\"noopener\"> S&#8217;INSCRIRE <\/a><\/p>\r\n<p>&nbsp;<\/p>\r\n<p>&nbsp;<\/p>\r\n<p>&nbsp;<\/p>\r\n<p><div class=\"cuso-magazine impact\"><h2>Bulletin - IMPACT<\/h2><ul class=\"cuso-magazine--ul\"><li class=\"cuso-magazine--single\"><a href=\"https:\/\/cusointernational.org\/wp-content\/uploads\/SP1_Newsletter_26_FR_Web.pdf\" target=\"_blank\"><img decoding=\"async\" src=\"https:\/\/cusointernational.org\/wp-content\/uploads\/SP1_Newsletter_26_FR_Web_Page_1.jpg\"><h3 class=\"h4 black\">Oser se lancer<\/h3><div class=\"h4 black\">Printemps 2026<\/div><\/a><\/li><li class=\"cuso-magazine--single\"><a href=\"\" target=\"_blank\"><img decoding=\"async\" src=\"\"><h3 class=\"h4 black\"><\/h3><div class=\"h4 black\"><\/div><\/a><\/li><\/ul><\/div> <div class=\"cuso-magazine catalyst\">        <!--   Do something...   -->\n        Oops! looks like we are still adding magazines to this section.    \n    <\/div><\/p>\r\n<h3>Racontez votre exp\u00e9rience<\/h3>\r\n<p>Vous aimeriez faire l&#8217;objet d&#8217;un article dans une publication de Cuso International? Communiquez avec Laura Beamish <a href=\"mailto:laura.beamish@cusointernational.org\">laura.beamish@cusointernational.org<\/a><\/p>\r\n","protected":false},"excerpt":{"rendered":"<p>PUBLICATIONS DE CUSO INTERNATIONAL Les t\u00e9moignages et r\u00e9cits personnels nous rapprochent, peu importe notre parcours et notre milieu de vie. Consultez les r\u00e9cits et les t\u00e9moignages personnels et d\u00e9couvrez les r\u00e9sultats durables que nous obtenons. Panorama &#8211; Notre Infolettre Mensuelle S&#8217;INSCRIRE &nbsp; &nbsp; &nbsp; Racontez votre exp\u00e9rience Vous aimeriez faire l&#8217;objet d&#8217;un article dans une&hellip;<\/p>\n","protected":false},"author":3,"featured_media":0,"parent":0,"menu_order":0,"comment_status":"closed","ping_status":"closed","template":"","meta":{"_acf_changed":false,"footnotes":""},"tags":[],"class_list":["post-36933","page","type-page","status-publish","hentry"],"acf":[],"yoast_head":"<!-- This site is optimized with the Yoast SEO plugin v27.4 - https:\/\/yoast.com\/product\/yoast-seo-wordpress\/ -->\n<title>Publications de Cuso International | Cuso International<\/title>\n<meta name=\"description\" content=\"Les t\u00e9moignages et r\u00e9cits personnels nous rapprochent, peu importe notre parcours et notre milieu de vie. Consultez les r\u00e9cits et les t\u00e9moignages personnels et d\u00e9couvrez les r\u00e9sultats durables que nous obtenons.\" \/>\n<meta name=\"robots\" content=\"index, follow, max-snippet:-1, max-image-preview:large, max-video-preview:-1\" \/>\n<link rel=\"canonical\" href=\"https:\/\/cusointernational.org\/fr\/publications-de-cuso\/\" \/>\n<meta property=\"og:locale\" content=\"fr_FR\" \/>\n<meta property=\"og:type\" content=\"article\" \/>\n<meta property=\"og:title\" content=\"Publications de Cuso International | Cuso International\" \/>\n<meta property=\"og:description\" content=\"Les t\u00e9moignages et r\u00e9cits personnels nous rapprochent, peu importe notre parcours et notre milieu de vie. Consultez les r\u00e9cits et les t\u00e9moignages personnels et d\u00e9couvrez les r\u00e9sultats durables que nous obtenons.\" \/>\n<meta property=\"og:url\" content=\"https:\/\/cusointernational.org\/fr\/publications-de-cuso\/\" \/>\n<meta property=\"og:site_name\" content=\"Cuso International\" \/>\n<meta property=\"article:modified_time\" content=\"2026-04-14T19:58:10+00:00\" \/>\n<meta name=\"twitter:card\" content=\"summary_large_image\" \/>\n<meta name=\"twitter:label1\" content=\"Dur\u00e9e de lecture estim\u00e9e\" \/>\n\t<meta name=\"twitter:data1\" content=\"1 minute\" \/>\n<script type=\"application\/ld+json\" class=\"yoast-schema-graph\">{\"@context\":\"https:\\\/\\\/schema.org\",\"@graph\":[{\"@type\":\"WebPage\",\"@id\":\"https:\\\/\\\/cusointernational.org\\\/fr\\\/publications-de-cuso\\\/\",\"url\":\"https:\\\/\\\/cusointernational.org\\\/fr\\\/publications-de-cuso\\\/\",\"name\":\"Publications de Cuso International | Cuso International\",\"isPartOf\":{\"@id\":\"https:\\\/\\\/cusointernational.org\\\/fr\\\/#website\"},\"datePublished\":\"2020-09-17T21:23:37+00:00\",\"dateModified\":\"2026-04-14T19:58:10+00:00\",\"description\":\"Les t\u00e9moignages et r\u00e9cits personnels nous rapprochent, peu importe notre parcours et notre milieu de vie. Consultez les r\u00e9cits et les t\u00e9moignages personnels et d\u00e9couvrez les r\u00e9sultats durables que nous obtenons.\",\"breadcrumb\":{\"@id\":\"https:\\\/\\\/cusointernational.org\\\/fr\\\/publications-de-cuso\\\/#breadcrumb\"},\"inLanguage\":\"fr-FR\",\"potentialAction\":[{\"@type\":\"ReadAction\",\"target\":[\"https:\\\/\\\/cusointernational.org\\\/fr\\\/publications-de-cuso\\\/\"]}]},{\"@type\":\"BreadcrumbList\",\"@id\":\"https:\\\/\\\/cusointernational.org\\\/fr\\\/publications-de-cuso\\\/#breadcrumb\",\"itemListElement\":[{\"@type\":\"ListItem\",\"position\":1,\"name\":\"Home\",\"item\":\"https:\\\/\\\/cusointernational.org\\\/fr\\\/\"},{\"@type\":\"ListItem\",\"position\":2,\"name\":\"Publications de Cuso International\"}]},{\"@type\":\"WebSite\",\"@id\":\"https:\\\/\\\/cusointernational.org\\\/fr\\\/#website\",\"url\":\"https:\\\/\\\/cusointernational.org\\\/fr\\\/\",\"name\":\"Cuso International\",\"description\":\"Connecting communities around the world with skilled Canadians to help end poverty\",\"potentialAction\":[{\"@type\":\"SearchAction\",\"target\":{\"@type\":\"EntryPoint\",\"urlTemplate\":\"https:\\\/\\\/cusointernational.org\\\/fr\\\/?s={search_term_string}\"},\"query-input\":{\"@type\":\"PropertyValueSpecification\",\"valueRequired\":true,\"valueName\":\"search_term_string\"}}],\"inLanguage\":\"fr-FR\"}]}<\/script>\n<!-- \/ Yoast SEO plugin. -->","yoast_head_json":{"title":"Publications de Cuso International | Cuso International","description":"Les t\u00e9moignages et r\u00e9cits personnels nous rapprochent, peu importe notre parcours et notre milieu de vie. Consultez les r\u00e9cits et les t\u00e9moignages personnels et d\u00e9couvrez les r\u00e9sultats durables que nous obtenons.","robots":{"index":"index","follow":"follow","max-snippet":"max-snippet:-1","max-image-preview":"max-image-preview:large","max-video-preview":"max-video-preview:-1"},"canonical":"https:\/\/cusointernational.org\/fr\/publications-de-cuso\/","og_locale":"fr_FR","og_type":"article","og_title":"Publications de Cuso International | Cuso International","og_description":"Les t\u00e9moignages et r\u00e9cits personnels nous rapprochent, peu importe notre parcours et notre milieu de vie. Consultez les r\u00e9cits et les t\u00e9moignages personnels et d\u00e9couvrez les r\u00e9sultats durables que nous obtenons.","og_url":"https:\/\/cusointernational.org\/fr\/publications-de-cuso\/","og_site_name":"Cuso International","article_modified_time":"2026-04-14T19:58:10+00:00","twitter_card":"summary_large_image","twitter_misc":{"Dur\u00e9e de lecture estim\u00e9e":"1 minute"},"schema":{"@context":"https:\/\/schema.org","@graph":[{"@type":"WebPage","@id":"https:\/\/cusointernational.org\/fr\/publications-de-cuso\/","url":"https:\/\/cusointernational.org\/fr\/publications-de-cuso\/","name":"Publications de Cuso International | Cuso International","isPartOf":{"@id":"https:\/\/cusointernational.org\/fr\/#website"},"datePublished":"2020-09-17T21:23:37+00:00","dateModified":"2026-04-14T19:58:10+00:00","description":"Les t\u00e9moignages et r\u00e9cits personnels nous rapprochent, peu importe notre parcours et notre milieu de vie. Consultez les r\u00e9cits et les t\u00e9moignages personnels et d\u00e9couvrez les r\u00e9sultats durables que nous obtenons.","breadcrumb":{"@id":"https:\/\/cusointernational.org\/fr\/publications-de-cuso\/#breadcrumb"},"inLanguage":"fr-FR","potentialAction":[{"@type":"ReadAction","target":["https:\/\/cusointernational.org\/fr\/publications-de-cuso\/"]}]},{"@type":"BreadcrumbList","@id":"https:\/\/cusointernational.org\/fr\/publications-de-cuso\/#breadcrumb","itemListElement":[{"@type":"ListItem","position":1,"name":"Home","item":"https:\/\/cusointernational.org\/fr\/"},{"@type":"ListItem","position":2,"name":"Publications de Cuso International"}]},{"@type":"WebSite","@id":"https:\/\/cusointernational.org\/fr\/#website","url":"https:\/\/cusointernational.org\/fr\/","name":"Cuso International","description":"Connecting communities around the world with skilled Canadians to help end poverty","potentialAction":[{"@type":"SearchAction","target":{"@type":"EntryPoint","urlTemplate":"https:\/\/cusointernational.org\/fr\/?s={search_term_string}"},"query-input":{"@type":"PropertyValueSpecification","valueRequired":true,"valueName":"search_term_string"}}],"inLanguage":"fr-FR"}]}},"_links":{"self":[{"href":"https:\/\/cusointernational.org\/fr\/wp-json\/wp\/v2\/pages\/36933","targetHints":{"allow":["GET"]}}],"collection":[{"href":"https:\/\/cusointernational.org\/fr\/wp-json\/wp\/v2\/pages"}],"about":[{"href":"https:\/\/cusointernational.org\/fr\/wp-json\/wp\/v2\/types\/page"}],"author":[{"embeddable":true,"href":"https:\/\/cusointernational.org\/fr\/wp-json\/wp\/v2\/users\/3"}],"replies":[{"embeddable":true,"href":"https:\/\/cusointernational.org\/fr\/wp-json\/wp\/v2\/comments?post=36933"}],"version-history":[{"count":1,"href":"https:\/\/cusointernational.org\/fr\/wp-json\/wp\/v2\/pages\/36933\/revisions"}],"predecessor-version":[{"id":51209,"href":"https:\/\/cusointernational.org\/fr\/wp-json\/wp\/v2\/pages\/36933\/revisions\/51209"}],"wp:attachment":[{"href":"https:\/\/cusointernational.org\/fr\/wp-json\/wp\/v2\/media?parent=36933"}],"wp:term":[{"taxonomy":"post_tag","embeddable":true,"href":"https:\/\/cusointernational.org\/fr\/wp-json\/wp\/v2\/tags?post=36933"}],"curies":[{"name":"wp","href":"https:\/\/api.w.org\/{rel}","templated":true}]}}