{"id":36784,"date":"2020-09-29T10:50:05","date_gmt":"2020-09-29T14:50:05","guid":{"rendered":"https:\/\/cuso.wpengine.com\/evenements\/evenements-passes\/"},"modified":"2020-10-15T09:55:49","modified_gmt":"2020-10-15T13:55:49","slug":"evenements-passes","status":"publish","type":"page","link":"https:\/\/cusointernational.org\/fr\/evenements\/evenements-passes\/","title":{"rendered":"\u00c9v\u00e8nements pass\u00e9s"},"content":{"rendered":"","protected":false},"excerpt":{"rendered":"","protected":false},"author":3,"featured_media":0,"parent":36385,"menu_order":0,"comment_status":"closed","ping_status":"closed","template":"","meta":{"_acf_changed":false,"footnotes":""},"tags":[],"class_list":["post-36784","page","type-page","status-publish","hentry"],"acf":[],"yoast_head":"<!-- This site is optimized with the Yoast SEO plugin v27.5 - https:\/\/yoast.com\/product\/yoast-seo-wordpress\/ -->\n<title>\u00c9v\u00e8nements pass\u00e9s - Cuso International<\/title>\n<meta name=\"description\" content=\"Les programmes de d\u00e9veloppement et les coop\u00e9rants-volontaires de Cuso visent \u00e0 promouvoir l\u2019\u00e9galit\u00e9 entre les sexes et \u00e0 offrir de nouvelles perspectives \u00e9conomiques aux jeunes de quatre continents.\" \/>\n<meta name=\"robots\" content=\"index, follow, max-snippet:-1, max-image-preview:large, max-video-preview:-1\" \/>\n<link rel=\"canonical\" href=\"https:\/\/cusointernational.org\/fr\/evenements\/evenements-passes\/\" \/>\n<meta property=\"og:locale\" content=\"fr_FR\" \/>\n<meta property=\"og:type\" content=\"article\" \/>\n<meta property=\"og:title\" content=\"\u00c9v\u00e8nements pass\u00e9s - Cuso International\" \/>\n<meta property=\"og:description\" content=\"Les programmes de d\u00e9veloppement et les coop\u00e9rants-volontaires de Cuso visent \u00e0 promouvoir l\u2019\u00e9galit\u00e9 entre les sexes et \u00e0 offrir de nouvelles perspectives \u00e9conomiques aux jeunes de quatre continents.\" \/>\n<meta property=\"og:url\" content=\"https:\/\/cusointernational.org\/fr\/evenements\/evenements-passes\/\" \/>\n<meta property=\"og:site_name\" content=\"Cuso International\" \/>\n<meta property=\"article:modified_time\" content=\"2020-10-15T13:55:49+00:00\" \/>\n<meta name=\"twitter:card\" content=\"summary_large_image\" \/>\n<script type=\"application\/ld+json\" class=\"yoast-schema-graph\">{\"@context\":\"https:\\\/\\\/schema.org\",\"@graph\":[{\"@type\":\"WebPage\",\"@id\":\"https:\\\/\\\/cusointernational.org\\\/fr\\\/evenements\\\/evenements-passes\\\/\",\"url\":\"https:\\\/\\\/cusointernational.org\\\/fr\\\/evenements\\\/evenements-passes\\\/\",\"name\":\"\u00c9v\u00e8nements pass\u00e9s - Cuso International\",\"isPartOf\":{\"@id\":\"https:\\\/\\\/cusointernational.org\\\/fr\\\/#website\"},\"datePublished\":\"2020-09-29T14:50:05+00:00\",\"dateModified\":\"2020-10-15T13:55:49+00:00\",\"description\":\"Les programmes de d\u00e9veloppement et les coop\u00e9rants-volontaires de Cuso visent \u00e0 promouvoir l\u2019\u00e9galit\u00e9 entre les sexes et \u00e0 offrir de nouvelles perspectives \u00e9conomiques aux jeunes de quatre continents.\",\"breadcrumb\":{\"@id\":\"https:\\\/\\\/cusointernational.org\\\/fr\\\/evenements\\\/evenements-passes\\\/#breadcrumb\"},\"inLanguage\":\"fr-FR\",\"potentialAction\":[{\"@type\":\"ReadAction\",\"target\":[\"https:\\\/\\\/cusointernational.org\\\/fr\\\/evenements\\\/evenements-passes\\\/\"]}]},{\"@type\":\"BreadcrumbList\",\"@id\":\"https:\\\/\\\/cusointernational.org\\\/fr\\\/evenements\\\/evenements-passes\\\/#breadcrumb\",\"itemListElement\":[{\"@type\":\"ListItem\",\"position\":1,\"name\":\"Home\",\"item\":\"https:\\\/\\\/cusointernational.org\\\/fr\\\/\"},{\"@type\":\"ListItem\",\"position\":2,\"name\":\"\u00c9v\u00e8nements\",\"item\":\"https:\\\/\\\/cusointernational.org\\\/fr\\\/evenements\\\/\"},{\"@type\":\"ListItem\",\"position\":3,\"name\":\"\u00c9v\u00e8nements pass\u00e9s\"}]},{\"@type\":\"WebSite\",\"@id\":\"https:\\\/\\\/cusointernational.org\\\/fr\\\/#website\",\"url\":\"https:\\\/\\\/cusointernational.org\\\/fr\\\/\",\"name\":\"Cuso International\",\"description\":\"Connecting communities around the world with skilled Canadians to help end poverty\",\"potentialAction\":[{\"@type\":\"SearchAction\",\"target\":{\"@type\":\"EntryPoint\",\"urlTemplate\":\"https:\\\/\\\/cusointernational.org\\\/fr\\\/?s={search_term_string}\"},\"query-input\":{\"@type\":\"PropertyValueSpecification\",\"valueRequired\":true,\"valueName\":\"search_term_string\"}}],\"inLanguage\":\"fr-FR\"}]}<\/script>\n<!-- \/ Yoast SEO plugin. -->","yoast_head_json":{"title":"\u00c9v\u00e8nements pass\u00e9s - Cuso International","description":"Les programmes de d\u00e9veloppement et les coop\u00e9rants-volontaires de Cuso visent \u00e0 promouvoir l\u2019\u00e9galit\u00e9 entre les sexes et \u00e0 offrir de nouvelles perspectives \u00e9conomiques aux jeunes de quatre continents.","robots":{"index":"index","follow":"follow","max-snippet":"max-snippet:-1","max-image-preview":"max-image-preview:large","max-video-preview":"max-video-preview:-1"},"canonical":"https:\/\/cusointernational.org\/fr\/evenements\/evenements-passes\/","og_locale":"fr_FR","og_type":"article","og_title":"\u00c9v\u00e8nements pass\u00e9s - Cuso International","og_description":"Les programmes de d\u00e9veloppement et les coop\u00e9rants-volontaires de Cuso visent \u00e0 promouvoir l\u2019\u00e9galit\u00e9 entre les sexes et \u00e0 offrir de nouvelles perspectives \u00e9conomiques aux jeunes de quatre continents.","og_url":"https:\/\/cusointernational.org\/fr\/evenements\/evenements-passes\/","og_site_name":"Cuso International","article_modified_time":"2020-10-15T13:55:49+00:00","twitter_card":"summary_large_image","schema":{"@context":"https:\/\/schema.org","@graph":[{"@type":"WebPage","@id":"https:\/\/cusointernational.org\/fr\/evenements\/evenements-passes\/","url":"https:\/\/cusointernational.org\/fr\/evenements\/evenements-passes\/","name":"\u00c9v\u00e8nements pass\u00e9s - Cuso International","isPartOf":{"@id":"https:\/\/cusointernational.org\/fr\/#website"},"datePublished":"2020-09-29T14:50:05+00:00","dateModified":"2020-10-15T13:55:49+00:00","description":"Les programmes de d\u00e9veloppement et les coop\u00e9rants-volontaires de Cuso visent \u00e0 promouvoir l\u2019\u00e9galit\u00e9 entre les sexes et \u00e0 offrir de nouvelles perspectives \u00e9conomiques aux jeunes de quatre continents.","breadcrumb":{"@id":"https:\/\/cusointernational.org\/fr\/evenements\/evenements-passes\/#breadcrumb"},"inLanguage":"fr-FR","potentialAction":[{"@type":"ReadAction","target":["https:\/\/cusointernational.org\/fr\/evenements\/evenements-passes\/"]}]},{"@type":"BreadcrumbList","@id":"https:\/\/cusointernational.org\/fr\/evenements\/evenements-passes\/#breadcrumb","itemListElement":[{"@type":"ListItem","position":1,"name":"Home","item":"https:\/\/cusointernational.org\/fr\/"},{"@type":"ListItem","position":2,"name":"\u00c9v\u00e8nements","item":"https:\/\/cusointernational.org\/fr\/evenements\/"},{"@type":"ListItem","position":3,"name":"\u00c9v\u00e8nements pass\u00e9s"}]},{"@type":"WebSite","@id":"https:\/\/cusointernational.org\/fr\/#website","url":"https:\/\/cusointernational.org\/fr\/","name":"Cuso International","description":"Connecting communities around the world with skilled Canadians to help end poverty","potentialAction":[{"@type":"SearchAction","target":{"@type":"EntryPoint","urlTemplate":"https:\/\/cusointernational.org\/fr\/?s={search_term_string}"},"query-input":{"@type":"PropertyValueSpecification","valueRequired":true,"valueName":"search_term_string"}}],"inLanguage":"fr-FR"}]}},"_links":{"self":[{"href":"https:\/\/cusointernational.org\/fr\/wp-json\/wp\/v2\/pages\/36784","targetHints":{"allow":["GET"]}}],"collection":[{"href":"https:\/\/cusointernational.org\/fr\/wp-json\/wp\/v2\/pages"}],"about":[{"href":"https:\/\/cusointernational.org\/fr\/wp-json\/wp\/v2\/types\/page"}],"author":[{"embeddable":true,"href":"https:\/\/cusointernational.org\/fr\/wp-json\/wp\/v2\/users\/3"}],"replies":[{"embeddable":true,"href":"https:\/\/cusointernational.org\/fr\/wp-json\/wp\/v2\/comments?post=36784"}],"version-history":[{"count":0,"href":"https:\/\/cusointernational.org\/fr\/wp-json\/wp\/v2\/pages\/36784\/revisions"}],"up":[{"embeddable":true,"href":"https:\/\/cusointernational.org\/fr\/wp-json\/wp\/v2\/pages\/36385"}],"wp:attachment":[{"href":"https:\/\/cusointernational.org\/fr\/wp-json\/wp\/v2\/media?parent=36784"}],"wp:term":[{"taxonomy":"post_tag","embeddable":true,"href":"https:\/\/cusointernational.org\/fr\/wp-json\/wp\/v2\/tags?post=36784"}],"curies":[{"name":"wp","href":"https:\/\/api.w.org\/{rel}","templated":true}]}}