{"id":36687,"date":"2020-09-18T16:42:04","date_gmt":"2020-09-18T20:42:04","guid":{"rendered":"https:\/\/cuso.wpengine.com\/ameliorer-les-perspectives-des-jeunes\/"},"modified":"2023-03-12T10:50:20","modified_gmt":"2023-03-12T14:50:20","slug":"ameliorer-la-resilience-economique","status":"publish","type":"page","link":"https:\/\/cusointernational.org\/fr\/ameliorer-la-resilience-economique\/","title":{"rendered":"Am\u00e9liorer la r\u00e9silience \u00e9conomique"},"content":{"rendered":"\r\n<p>Notre objectif<\/p>\r\n<h1>METTRE DE L&#8217;AVANT DES SOLUTIONS DURABLES AFIN D&#8217;AM\u00c9LIORER LA R\u00c9SILIENCE \u00c9CONOMIQUE<\/h1>\r\n<p>Nous aidons les personnes et communaut\u00e9s marginalis\u00e9es \u00e0 lutter contre la pauvret\u00e9 et les in\u00e9galit\u00e9s en facilitant l&#8217;acc\u00e8s \u00e0 un emploi d\u00e9cent et bien r\u00e9mun\u00e9r\u00e9.\u00a0\u00a0<\/p>\r\n<p><a role=\"button\" href=\"https:\/\/cusointernational.org\/fr\/faire-un-don\/\" target=\"_self\" rel=\"noopener\"> FAIRE UN DON <\/a><\/p>\r\n<h2>La r\u00e9silience \u00e9conomique\u202f: la cl\u00e9 d&#8217;un avenir radieux<\/h2>\r\n<p>Nous sommes beaucoup plus r\u00e9silients lorsque nous occupons un emploi bien pay\u00e9 et satisfaisant. Pour mettre fin \u00e0 la pauvret\u00e9 et aux in\u00e9galit\u00e9s, il est vital de faciliter l&#8217;acc\u00e8s \u00e0 un emploi d\u00e9cent et bien r\u00e9mun\u00e9r\u00e9 et d&#8217;am\u00e9liorer les conditions de travail des emplois existants. C&#8217;est pourquoi nous misons sur le partage de comp\u00e9tences et l&#8217;\u00e9tablissement de partenariats fructueux. Notre objectif\u202f: assurer la r\u00e9ussite des gens et, ultimement, la prosp\u00e9rit\u00e9 de leur communaut\u00e9.\u00a0<\/p>\r\n<h3>L&#8217;importance de la r\u00e9silience \u00e9conomique<\/h3>\r\n<!-- Comment to fix spacing issue\r\n\t-->\r\n<h2>0 M<\/h2>\r\n<!-- Comment to fix spacing issue\r\n\t-->\r\n<p>\u00a0 \u00a0 \u00a0 \u00a0 \u00a0 \u00a0 \u00a0 \u00a0 \u00a0 \u00a0 \u00a0 <strong>\u00a0 \u00a0 \u00e0 <\/strong><\/p>\r\n<!-- Comment to fix spacing issue\r\n\t-->\r\n<h2>0 M<\/h2>\r\n<!-- Comment to fix spacing issue\r\n\t-->\r\n<p>de personnes vivent dans l&#8217;extr\u00eame pauvret\u00e9. La pand\u00e9mie de coronavirus a fait r\u00e9gresser la lutte \u00e0 la pauvret\u00e9. R\u00e9sultat\u202f: on observe une augmentation du nombre de personnes vivant dans l&#8217;extr\u00eame pauvret\u00e9 pour la premi\u00e8re fois depuis une g\u00e9n\u00e9ration. Nous encourageons l&#8217;int\u00e9gration socio\u00e9conomique des communaut\u00e9s o\u00f9 nous \u0153uvrons afin d&#8217;assurer des moyens de subsistance dignes pour tous et toutes.\u00a0<\/p>\r\n<!-- Comment to fix spacing issue\r\n\t-->\r\n<h2>0 millions<\/h2>\r\n<!-- Comment to fix spacing issue\r\n\t-->\r\n<p>de personnes sans emplois dans le monde. Nous travaillons donc avec les \u00e9ducateurs, les employeurs, les gouvernements et les organismes de la soci\u00e9t\u00e9 civile pour augmenter la fr\u00e9quentation scolaire. Nous encourageons \u00e9galement l&#8217;entrepreneuriat en facilitant l&#8217;acc\u00e8s \u00e0 des fonds de d\u00e9marrage et en offrant des cours de gestion des affaires et de la formation th\u00e9orique et pratique.\u00a0\u00a0<\/p>\r\n<!-- Comment to fix spacing issue\r\n\t-->\r\n<h2>0%<\/h2>\r\n<!-- Comment to fix spacing issue\r\n\t-->\r\n<p>des jeunes travailleurs des pays en d\u00e9veloppement \u0153uvrent dans le secteur informel, avec peu ou pas de protection d&#8217;emploi. Nous collaborons donc avec les populations vuln\u00e9rables pour faire reconna\u00eetre leurs droits sociaux et \u00e9conomiques. Nous leur offrons de l&#8217;aide et des formations pratiques et th\u00e9oriques pour am\u00e9liorer leur employabilit\u00e9. Des outils pr\u00e9cieux qui contribuent \u00e0 leur r\u00e9ussite.<\/p>\r\n<h2>Des projets qui fonctionnent<\/h2>\r\n<p>Nous collaborons avec des entreprises priv\u00e9es, des gouvernements, des organismes de la soci\u00e9t\u00e9 civile et d&#8217;autres intervenants pour offrir des d\u00e9bouch\u00e9s inclusifs et durables dans le domaine de l&#8217;emploi, de l&#8217;entrepreneuriat, de la gestion des ressources naturelles et de la s\u00e9curit\u00e9 alimentaire.\u00a0<\/p>\r\n<p>&nbsp;<\/p>\r\n<div class=\"cuso-project youth-opportunities\">            \n                <div class=\"project-single\" style=\"background-color:#effafd\">\n                    \n                    <div class=\"project-single--header\"><div class=\"project-single--header-icon\"><i class=\"ua-icon ua-icon-plus2\" aria-hidden=\"true\"><\/i><i class=\"ua-icon ua-icon-minus2\" aria-hidden=\"true\"><\/i><\/div><div class=\"project-single--header-title\"><h4>Autonomiser les entrepreneures au Honduras<\/h4><\/div><div class=\"project-single--header-thumbnail\"><img decoding=\"async\" src=\"https:\/\/cusointernational.org\/wp-content\/uploads\/home-story-theresa.jpg\"><\/div><\/div><div class=\"project-single--body\"><div class=\"project-single--body-about\"><p>Les femmes et les autres groupes vuln\u00e9rables rencontrent plus d\u2019obstacles et subissent plus de discrimination sur le march\u00e9 du travail. Cuso International s\u2019associe avec des communaut\u00e9s et des organisations des secteurs priv\u00e9 et public pour offrir de la formation en cr\u00e9ation d\u2019entreprises, des cours sur l\u2019embauche inclusive et des ateliers sur l\u2019instauration d\u2019un milieu plus accueillant pour les femmes en affaires.<\/p><\/div><div class=\"project-single--body-link\"><a href=\"\/fr\/faire-un-don\/\"><i class=\"fas fa-heart\" aria-hidden=\"true\"><\/i> SOUTENIR CE PROJET<\/a><\/div><\/div>    \n                <\/div>\n                \n                            \n                <div class=\"project-single\" style=\"background-color:#effafd\">\n                    \n                    <div class=\"project-single--header\"><div class=\"project-single--header-icon\"><i class=\"ua-icon ua-icon-plus2\" aria-hidden=\"true\"><\/i><i class=\"ua-icon ua-icon-minus2\" aria-hidden=\"true\"><\/i><\/div><div class=\"project-single--header-title\"><h4>S\u2019attaquer \u00e0 la pauvret\u00e9 gr\u00e2ce \u00e0 l\u2019engagement canadien<\/h4><\/div><div class=\"project-single--header-thumbnail\"><img decoding=\"async\" src=\"https:\/\/cusointernational.org\/wp-content\/uploads\/project-gender-equality.jpg\"><\/div><\/div><div class=\"project-single--body\"><div class=\"project-single--body-about\"><p>Notre vision d\u2019un monde exempt de pauvret\u00e9 implique la contribution de tout le monde. Nos coop\u00e9rants-volontaires hautement qualifi\u00e9s travaillent de concert avec des organismes de pays en d\u00e9veloppement afin d\u2019apporter des changements concrets et durables sur le terrain. Notre projet SHARE, qui vise principalement \u00e0 promouvoir l\u2019\u00e9galit\u00e9 entre les sexes, a pour objectif d\u2019atteindre 1,8 million de personnes au cours des 7 prochaines ann\u00e9es (2020-2027) au B\u00e9nin, au Cameroun, en Colombie, en \u00c9thiopie, au Honduras, en Jama\u00efque, au Nigeria, au P\u00e9rou, en R\u00e9publique d\u00e9mocratique du Congo et en Tanzanie. Nous enverrons des coop\u00e9rants-volontaires canadiens aider nos partenaires locaux \u00e0 faire avancer les Objectifs de d\u00e9veloppement strat\u00e9gique.<\/p><\/div><div class=\"project-single--body-link\"><a href=\"\/fr\/faire-un-don\/\"><i class=\"fas fa-heart\" aria-hidden=\"true\"><\/i> SOUTENIR CE PROJET<\/a><\/div><\/div>    \n                <\/div>\n                \n                            \n                <div class=\"project-single\" style=\"background-color:#effafd\">\n                    \n                    <div class=\"project-single--header\"><div class=\"project-single--header-icon\"><i class=\"ua-icon ua-icon-plus2\" aria-hidden=\"true\"><\/i><i class=\"ua-icon ua-icon-minus2\" aria-hidden=\"true\"><\/i><\/div><div class=\"project-single--header-title\"><h4>Offrir des perspectives d\u2019avenir aux jeunes r\u00e9fugi\u00e9s au Nigeria<\/h4><\/div><div class=\"project-single--header-thumbnail\"><img decoding=\"async\" src=\"https:\/\/cusointernational.org\/wp-content\/uploads\/project-nigeria-refugee.jpg\"><\/div><\/div><div class=\"project-single--body\"><div class=\"project-single--body-about\"><p>Depuis 2017, des milliers de Camerounais ont fui leur pays et trouv\u00e9 refuge au Nigeria dans l\u2019espoir d\u2019une vie meilleure, plus stable et plus s\u00e9curitaire. Avec ce projet, nous offrons aux r\u00e9fugi\u00e9s un acc\u00e8s \u00e0 du capital de d\u00e9marrage et \u00e0 de la formation g\u00e9n\u00e9rale, technique et entrepreneuriale en agriculture, en \u00e9levage et en pisciculture.<\/p><\/div><div class=\"project-single--body-link\"><a href=\"\/fr\/faire-un-don\/\"><i class=\"fas fa-heart\" aria-hidden=\"true\"><\/i> SOUTENIR CE PROJET<\/a><\/div><\/div>    \n                <\/div>\n                \n                            \n                <div class=\"project-single\" style=\"background-color:#effafd\">\n                    \n                    <div class=\"project-single--header\"><div class=\"project-single--header-icon\"><i class=\"ua-icon ua-icon-plus2\" aria-hidden=\"true\"><\/i><i class=\"ua-icon ua-icon-minus2\" aria-hidden=\"true\"><\/i><\/div><div class=\"project-single--header-title\"><h4>Accompagner les jeunes autochtones du Nord du Canada<\/h4><\/div><div class=\"project-single--header-thumbnail\"><img decoding=\"async\" src=\"https:\/\/cusointernational.org\/wp-content\/uploads\/project-youth-nwt.jpg\"><\/div><\/div><div class=\"project-single--body\"><div class=\"project-single--body-about\"><p>Les coop\u00e9rants-volontaires de Cuso International travaillent de concert avec des communaut\u00e9s autochtones des Territoires du Nord-Ouest pour augmenter le taux de diplomation, am\u00e9liorer la r\u00e9ussite scolaire et promouvoir le processus de v\u00e9rit\u00e9 et r\u00e9conciliation avec la population non autochtone. Notre programme canadien vise \u00e9galement \u00e0 \u00e9liminer les obstacles \u00e0 l\u2019apprentissage en ligne chez les \u00e9l\u00e8ves du secondaire des communaut\u00e9s autochtones, m\u00e9tisses et inuites.<\/p><\/div><div class=\"project-single--body-link\"><a href=\"\/fr\/faire-un-don\/\"><i class=\"fas fa-heart\" aria-hidden=\"true\"><\/i> SOUTENIR CE PROJET<\/a><\/div><\/div>    \n                <\/div>\n                \n                            \n                <div class=\"project-single\" style=\"background-color:#effafd\">\n                    \n                    <div class=\"project-single--header\"><div class=\"project-single--header-icon\"><i class=\"ua-icon ua-icon-plus2\" aria-hidden=\"true\"><\/i><i class=\"ua-icon ua-icon-minus2\" aria-hidden=\"true\"><\/i><\/div><div class=\"project-single--header-title\"><h4>Offrir des perspectives d\u2019avenir aux migrants et aux victimes de conflits en Colombie<\/h4><\/div><div class=\"project-single--header-thumbnail\"><img decoding=\"async\" src=\"https:\/\/cusointernational.org\/wp-content\/uploads\/project-peacebuilding-colombia.jpg\"><\/div><\/div><div class=\"project-single--body\"><div class=\"project-single--body-about\"><p>Le climat politique, \u00e9conomique et social instable met des b\u00e2tons dans les roues de la population colombienne \u00e0 la recherche d\u2019un emploi stable. Et c\u2019est encore plus vrai pour les migrants v\u00e9n\u00e9zu\u00e9liens. En plus d\u2019aider les municipalit\u00e9s \u00e0 mettre en place des politiques et des programmes d\u2019employabilit\u00e9 inclusifs, les employ\u00e9s et les coop\u00e9rants-volontaires de Cuso International offrent de la formation th\u00e9orique et technique aux petits entrepreneurs, ainsi que des ateliers sur la diversit\u00e9 aux grandes entreprises. En 2019, notre projet SCOPE a re\u00e7u la mention de projet le plus novateur du pays de la part de l\u2019Agence pr\u00e9sidentielle colombienne de la coop\u00e9ration internationale.<\/p><\/div><div class=\"project-single--body-link\"><a href=\"\/fr\/faire-un-don\/\"><i class=\"fas fa-heart\" aria-hidden=\"true\"><\/i> SOUTENIR CE PROJET<\/a><\/div><\/div>    \n                <\/div>\n                \n                <\/div>\r\n<p>Cuso International tient \u00e9galement \u00e0 souligner le pr\u00e9cieux soutien financier du gouvernement du Canada, par l&#8217;entremise d&#8217;Affaires mondiales Canada, ainsi que de ses autres bailleurs de fonds, donateurs et alli\u00e9s.<\/p>\r\n<p><img loading=\"lazy\" decoding=\"async\" title=\"partners-partenaires-colors-fr_Resized\" src=\"https:\/\/cusointernational.org\/wp-content\/uploads\/partners-partenaires-colors-fr_Resized.jpg\" alt=\"partners-partenaires-colors-fr_Resized\" width=\"250\" height=\"100\" \/><\/p>\r\n<h2>Des t\u00e9moignages inspirants<\/h2>\r\n<div class=\"stories_all grid_wrapper latest_two\"><div class=\"story_card_wrapper\"><div class=\"story_card_wrapper_content ken_burns\" style=\"background: url('https:\/\/cusointernational.org\/wp-content\/uploads\/Grace-BULENGELA-CVN-en-employabilite-a-Lubumbashi-entrain-de-presenter-le-portail-web-aux-etudiants.-.jpg') no-repeat\"><a style=\"display:block\" href=https:\/\/cusointernational.org\/fr\/recit\/participation-de-cuso-au-stage-dimpregnation-a-luniversite-de-lubumbashi\/><div class=\"story_card\"><div class=\"story_meta\"><span class=\"story_badge latest_two_badge\">Story<\/span><span class=\"story_date\">juillet 24, 2025<\/span><\/div><div class=\"story_title\"><h3 class=\"h4 white\">07 Juillet: Participation de Cuso au Stage d'Impr\u00e9gnation \u00e0 l'Universit\u00e9 de Lubumbashi<\/h3><\/div><\/div><\/div><\/a><\/div><div class=\"story_card_wrapper\"><div class=\"story_card_wrapper_content ken_burns\" style=\"background: url('https:\/\/cusointernational.org\/wp-content\/uploads\/Opening-message-pic.jpg') no-repeat\"><a style=\"display:block\" href=https:\/\/cusointernational.org\/fr\/recit\/mots-de-bienvenue-reconnaissance-territoriale-et-reflexions\/><div class=\"story_card\"><div class=\"story_meta\"><span class=\"story_badge latest_two_badge\">Story<\/span><span class=\"story_date\">juin 19, 2025<\/span><\/div><div class=\"story_title\"><h3 class=\"h4 white\">Mots de bienvenue | Reconnaissance territoriale et r\u00e9flexions<\/h3><\/div><\/div><\/div><\/a><\/div><\/div>\r\n<h2>Investir dans la jeunesse<\/h2>\r\n<p>Votre contribution aide \u00e0 r\u00e9duire la pauvret\u00e9 et les in\u00e9galit\u00e9s en offrant aux jeunes des perspectives \u00e9conomiques durables. Vous \u00eates le point de d\u00e9part d&#8217;un avenir meilleur!<\/p>\r\n<p><a role=\"button\" href=\"https:\/\/cusointernational.org\/fr\/faire-un-don\/\" target=\"_self\" rel=\"noopener\"> FAIRE UN DON <\/a><\/p>\r\n","protected":false},"excerpt":{"rendered":"<p>Notre objectif METTRE DE L&#8217;AVANT DES SOLUTIONS DURABLES AFIN D&#8217;AM\u00c9LIORER LA R\u00c9SILIENCE \u00c9CONOMIQUE Nous aidons les personnes et communaut\u00e9s marginalis\u00e9es \u00e0 lutter contre la pauvret\u00e9 et les in\u00e9galit\u00e9s en facilitant l&#8217;acc\u00e8s \u00e0 un emploi d\u00e9cent et bien r\u00e9mun\u00e9r\u00e9.\u00a0\u00a0 FAIRE UN DON La r\u00e9silience \u00e9conomique\u202f: la cl\u00e9 d&#8217;un avenir radieux Nous sommes beaucoup plus r\u00e9silients lorsque&hellip;<\/p>\n","protected":false},"author":6,"featured_media":32608,"parent":0,"menu_order":0,"comment_status":"closed","ping_status":"closed","template":"","meta":{"_acf_changed":false,"footnotes":""},"tags":[],"class_list":["post-36687","page","type-page","status-publish","has-post-thumbnail","hentry"],"acf":[],"yoast_head":"<!-- This site is optimized with the Yoast SEO plugin v27.4 - https:\/\/yoast.com\/product\/yoast-seo-wordpress\/ -->\n<title>Am\u00ad\u00e9liorer les perspectives des jeunes | Cuso International<\/title>\n<meta name=\"description\" content=\"Cuso&#039;s development programs &amp; international volunteers work to advance gender equality &amp; improve economic opportunities for youth across four continents.\" \/>\n<meta name=\"robots\" content=\"index, follow, max-snippet:-1, max-image-preview:large, max-video-preview:-1\" \/>\n<link rel=\"canonical\" href=\"https:\/\/cusointernational.org\/fr\/ameliorer-la-resilience-economique\/\" \/>\n<meta property=\"og:locale\" content=\"fr_FR\" \/>\n<meta property=\"og:type\" content=\"article\" \/>\n<meta property=\"og:title\" content=\"Am\u00ad\u00e9liorer les perspectives des jeunes | Cuso International\" \/>\n<meta property=\"og:description\" content=\"Cuso&#039;s development programs &amp; international volunteers work to advance gender equality &amp; improve economic opportunities for youth across four continents.\" \/>\n<meta property=\"og:url\" content=\"https:\/\/cusointernational.org\/fr\/ameliorer-la-resilience-economique\/\" \/>\n<meta property=\"og:site_name\" content=\"Cuso International\" \/>\n<meta property=\"article:modified_time\" content=\"2023-03-12T14:50:20+00:00\" \/>\n<meta property=\"og:image\" content=\"https:\/\/cusointernational.org\/wp-content\/uploads\/opportunities-youth-hero.jpg\" \/>\n\t<meta property=\"og:image:width\" content=\"1600\" \/>\n\t<meta property=\"og:image:height\" content=\"1000\" \/>\n\t<meta property=\"og:image:type\" content=\"image\/jpeg\" \/>\n<meta name=\"twitter:card\" content=\"summary_large_image\" \/>\n<meta name=\"twitter:label1\" content=\"Dur\u00e9e de lecture estim\u00e9e\" \/>\n\t<meta name=\"twitter:data1\" content=\"2 minutes\" \/>\n<script type=\"application\/ld+json\" class=\"yoast-schema-graph\">{\"@context\":\"https:\\\/\\\/schema.org\",\"@graph\":[{\"@type\":\"WebPage\",\"@id\":\"https:\\\/\\\/cusointernational.org\\\/fr\\\/ameliorer-la-resilience-economique\\\/\",\"url\":\"https:\\\/\\\/cusointernational.org\\\/fr\\\/ameliorer-la-resilience-economique\\\/\",\"name\":\"Am\u00ad\u00e9liorer les perspectives des jeunes | Cuso International\",\"isPartOf\":{\"@id\":\"https:\\\/\\\/cusointernational.org\\\/fr\\\/#website\"},\"primaryImageOfPage\":{\"@id\":\"https:\\\/\\\/cusointernational.org\\\/fr\\\/ameliorer-la-resilience-economique\\\/#primaryimage\"},\"image\":{\"@id\":\"https:\\\/\\\/cusointernational.org\\\/fr\\\/ameliorer-la-resilience-economique\\\/#primaryimage\"},\"thumbnailUrl\":\"https:\\\/\\\/cusointernational.org\\\/wp-content\\\/uploads\\\/opportunities-youth-hero.jpg\",\"datePublished\":\"2020-09-18T20:42:04+00:00\",\"dateModified\":\"2023-03-12T14:50:20+00:00\",\"description\":\"Cuso's development programs & international volunteers work to advance gender equality & improve economic opportunities for youth across four continents.\",\"breadcrumb\":{\"@id\":\"https:\\\/\\\/cusointernational.org\\\/fr\\\/ameliorer-la-resilience-economique\\\/#breadcrumb\"},\"inLanguage\":\"fr-FR\",\"potentialAction\":[{\"@type\":\"ReadAction\",\"target\":[\"https:\\\/\\\/cusointernational.org\\\/fr\\\/ameliorer-la-resilience-economique\\\/\"]}]},{\"@type\":\"ImageObject\",\"inLanguage\":\"fr-FR\",\"@id\":\"https:\\\/\\\/cusointernational.org\\\/fr\\\/ameliorer-la-resilience-economique\\\/#primaryimage\",\"url\":\"https:\\\/\\\/cusointernational.org\\\/wp-content\\\/uploads\\\/opportunities-youth-hero.jpg\",\"contentUrl\":\"https:\\\/\\\/cusointernational.org\\\/wp-content\\\/uploads\\\/opportunities-youth-hero.jpg\",\"width\":1600,\"height\":1000},{\"@type\":\"BreadcrumbList\",\"@id\":\"https:\\\/\\\/cusointernational.org\\\/fr\\\/ameliorer-la-resilience-economique\\\/#breadcrumb\",\"itemListElement\":[{\"@type\":\"ListItem\",\"position\":1,\"name\":\"Home\",\"item\":\"https:\\\/\\\/cusointernational.org\\\/fr\\\/\"},{\"@type\":\"ListItem\",\"position\":2,\"name\":\"Am\u00e9liorer la r\u00e9silience \u00e9conomique\"}]},{\"@type\":\"WebSite\",\"@id\":\"https:\\\/\\\/cusointernational.org\\\/fr\\\/#website\",\"url\":\"https:\\\/\\\/cusointernational.org\\\/fr\\\/\",\"name\":\"Cuso International\",\"description\":\"Connecting communities around the world with skilled Canadians to help end poverty\",\"potentialAction\":[{\"@type\":\"SearchAction\",\"target\":{\"@type\":\"EntryPoint\",\"urlTemplate\":\"https:\\\/\\\/cusointernational.org\\\/fr\\\/?s={search_term_string}\"},\"query-input\":{\"@type\":\"PropertyValueSpecification\",\"valueRequired\":true,\"valueName\":\"search_term_string\"}}],\"inLanguage\":\"fr-FR\"}]}<\/script>\n<!-- \/ Yoast SEO plugin. -->","yoast_head_json":{"title":"Am\u00ad\u00e9liorer les perspectives des jeunes | Cuso International","description":"Cuso's development programs & international volunteers work to advance gender equality & improve economic opportunities for youth across four continents.","robots":{"index":"index","follow":"follow","max-snippet":"max-snippet:-1","max-image-preview":"max-image-preview:large","max-video-preview":"max-video-preview:-1"},"canonical":"https:\/\/cusointernational.org\/fr\/ameliorer-la-resilience-economique\/","og_locale":"fr_FR","og_type":"article","og_title":"Am\u00ad\u00e9liorer les perspectives des jeunes | Cuso International","og_description":"Cuso's development programs & international volunteers work to advance gender equality & improve economic opportunities for youth across four continents.","og_url":"https:\/\/cusointernational.org\/fr\/ameliorer-la-resilience-economique\/","og_site_name":"Cuso International","article_modified_time":"2023-03-12T14:50:20+00:00","og_image":[{"width":1600,"height":1000,"url":"https:\/\/cusointernational.org\/wp-content\/uploads\/opportunities-youth-hero.jpg","type":"image\/jpeg"}],"twitter_card":"summary_large_image","twitter_misc":{"Dur\u00e9e de lecture estim\u00e9e":"2 minutes"},"schema":{"@context":"https:\/\/schema.org","@graph":[{"@type":"WebPage","@id":"https:\/\/cusointernational.org\/fr\/ameliorer-la-resilience-economique\/","url":"https:\/\/cusointernational.org\/fr\/ameliorer-la-resilience-economique\/","name":"Am\u00ad\u00e9liorer les perspectives des jeunes | Cuso International","isPartOf":{"@id":"https:\/\/cusointernational.org\/fr\/#website"},"primaryImageOfPage":{"@id":"https:\/\/cusointernational.org\/fr\/ameliorer-la-resilience-economique\/#primaryimage"},"image":{"@id":"https:\/\/cusointernational.org\/fr\/ameliorer-la-resilience-economique\/#primaryimage"},"thumbnailUrl":"https:\/\/cusointernational.org\/wp-content\/uploads\/opportunities-youth-hero.jpg","datePublished":"2020-09-18T20:42:04+00:00","dateModified":"2023-03-12T14:50:20+00:00","description":"Cuso's development programs & international volunteers work to advance gender equality & improve economic opportunities for youth across four continents.","breadcrumb":{"@id":"https:\/\/cusointernational.org\/fr\/ameliorer-la-resilience-economique\/#breadcrumb"},"inLanguage":"fr-FR","potentialAction":[{"@type":"ReadAction","target":["https:\/\/cusointernational.org\/fr\/ameliorer-la-resilience-economique\/"]}]},{"@type":"ImageObject","inLanguage":"fr-FR","@id":"https:\/\/cusointernational.org\/fr\/ameliorer-la-resilience-economique\/#primaryimage","url":"https:\/\/cusointernational.org\/wp-content\/uploads\/opportunities-youth-hero.jpg","contentUrl":"https:\/\/cusointernational.org\/wp-content\/uploads\/opportunities-youth-hero.jpg","width":1600,"height":1000},{"@type":"BreadcrumbList","@id":"https:\/\/cusointernational.org\/fr\/ameliorer-la-resilience-economique\/#breadcrumb","itemListElement":[{"@type":"ListItem","position":1,"name":"Home","item":"https:\/\/cusointernational.org\/fr\/"},{"@type":"ListItem","position":2,"name":"Am\u00e9liorer la r\u00e9silience \u00e9conomique"}]},{"@type":"WebSite","@id":"https:\/\/cusointernational.org\/fr\/#website","url":"https:\/\/cusointernational.org\/fr\/","name":"Cuso International","description":"Connecting communities around the world with skilled Canadians to help end poverty","potentialAction":[{"@type":"SearchAction","target":{"@type":"EntryPoint","urlTemplate":"https:\/\/cusointernational.org\/fr\/?s={search_term_string}"},"query-input":{"@type":"PropertyValueSpecification","valueRequired":true,"valueName":"search_term_string"}}],"inLanguage":"fr-FR"}]}},"_links":{"self":[{"href":"https:\/\/cusointernational.org\/fr\/wp-json\/wp\/v2\/pages\/36687","targetHints":{"allow":["GET"]}}],"collection":[{"href":"https:\/\/cusointernational.org\/fr\/wp-json\/wp\/v2\/pages"}],"about":[{"href":"https:\/\/cusointernational.org\/fr\/wp-json\/wp\/v2\/types\/page"}],"author":[{"embeddable":true,"href":"https:\/\/cusointernational.org\/fr\/wp-json\/wp\/v2\/users\/6"}],"replies":[{"embeddable":true,"href":"https:\/\/cusointernational.org\/fr\/wp-json\/wp\/v2\/comments?post=36687"}],"version-history":[{"count":0,"href":"https:\/\/cusointernational.org\/fr\/wp-json\/wp\/v2\/pages\/36687\/revisions"}],"wp:featuredmedia":[{"embeddable":true,"href":"https:\/\/cusointernational.org\/fr\/wp-json\/wp\/v2\/media\/32608"}],"wp:attachment":[{"href":"https:\/\/cusointernational.org\/fr\/wp-json\/wp\/v2\/media?parent=36687"}],"wp:term":[{"taxonomy":"post_tag","embeddable":true,"href":"https:\/\/cusointernational.org\/fr\/wp-json\/wp\/v2\/tags?post=36687"}],"curies":[{"name":"wp","href":"https:\/\/api.w.org\/{rel}","templated":true}]}}