{"id":36684,"date":"2020-09-18T16:40:05","date_gmt":"2020-09-18T20:40:05","guid":{"rendered":"https:\/\/cuso.wpengine.com\/miser-sur-les-cooperants-volontaires\/"},"modified":"2024-01-29T11:15:20","modified_gmt":"2024-01-29T16:15:20","slug":"miser-sur-les-cooperants-volontaires","status":"publish","type":"page","link":"https:\/\/cusointernational.org\/fr\/miser-sur-les-cooperants-volontaires\/","title":{"rendered":"Miser sur les coop\u00e9rants-volontaires"},"content":{"rendered":"\r\n<p>Notre Objectif<\/p>\r\n<h1>Faire progresser l&#8217;action en faveur du climat<\/h1>\r\n<p>Nous promouvons, d\u00e9fendons, innovons et \u00e9tablissons des partenariats pour une action climatique inclusive et efficace.<\/p>\r\n<p><a href=\"https:\/\/cusointernational.org\/fr\/faire-un-don\/\" target=\"_self\" rel=\"noopener\"> FAIRE UN DON <\/a><\/p>\r\n<h2>\u00c9laborer des r\u00e9ponses au changement climatique<\/h2>\r\n<p>Le changement climatique est le d\u00e9fi majeur de l&#8217;humanit\u00e9 au XXIe si\u00e8cle, et ses impacts n\u00e9gatifs affectent de mani\u00e8re disproportionn\u00e9e les communaut\u00e9s marginalis\u00e9es du monde entier. Nous soutenons la r\u00e9silience et l&#8217;adaptation des moyens de subsistance par et pour les communaut\u00e9s marginalis\u00e9es affect\u00e9es par le changement climatique. Nous engageons des partenariats strat\u00e9giques afin de promouvoir la connaissance, l&#8217;expertise et l&#8217;influence dans l&#8217;\u00e9laboration de solutions.<\/p>\r\n<h3>Pourquoi l&#8217;action en faveur du climat est-elle importante<\/h3>\r\n<!-- Comment to fix spacing issue\r\n\t-->\r\n<h2>0<\/h2>\r\n<!-- Comment to fix spacing issue\r\n\t-->\r\n<p>de personnes risqueront d&#8217;\u00eatre d\u00e9plac\u00e9es uniquement \u00e0 cause de la s\u00e9cheresse d&#8217;ici 2030. Les communaut\u00e9s subissent les impacts significatifs du changement climatique, notamment les changements m\u00e9t\u00e9orologiques, l&#8217;\u00e9l\u00e9vation du niveau de la mer et la multiplication des ph\u00e9nom\u00e8nes m\u00e9t\u00e9orologiques extr\u00eames.\u202fLes personnes les plus pauvres et les plus vuln\u00e9rables sont les plus touch\u00e9es. Le rythme du changement s&#8217;acc\u00e9l\u00e8re car de plus en plus de personnes se tournent vers les \u00e9nergies renouvelables et toute une s\u00e9rie d&#8217;autres mesures qui r\u00e9duiront les \u00e9missions et augmenteront les efforts d&#8217;adaptation.<\/p>\r\n<!-- Comment to fix spacing issue\r\n\t-->\r\n<h2>0<\/h2>\r\n<!-- Comment to fix spacing issue\r\n\t-->\r\n<p>L&#8217;objectif de d\u00e9veloppement durable de l&#8217;Union europ\u00e9enne appelle \u00e0 une action urgente pour lutter contre le changement climatique et ses cons\u00e9quences. Nous travaillons avec nos partenaires et les communaut\u00e9s de 17 pays pour mieux comprendre les principaux probl\u00e8mes li\u00e9s au climat et les moyens de les r\u00e9soudre.<\/p>\r\n<!-- Comment to fix spacing issue\r\n\t-->\r\n<h2>0%<\/h2>\r\n<!-- Comment to fix spacing issue\r\n\t-->\r\n<p>de la population mondiale est d\u00e9j\u00e0 affect\u00e9e par le changement climatique. Il est donc n\u00e9cessaire de modifier durablement les attitudes et les comportements pour mettre fin \u00e0 la pauvret\u00e9, combattre les in\u00e9galit\u00e9s et lutter contre le changement climatique d&#8217;ici \u00e0 2030.<\/p>\r\n<h2>Des projets qui fonctionnent<\/h2>\r\n<p>La lutte contre le changement climatique et son impact sur les communaut\u00e9s o\u00f9 nous travaillons implique nos partenaires, notre personnel et nos b\u00e9n\u00e9voles. \u00a0C&#8217;est un engagement que nous d\u00e9fendons avec fiert\u00e9.<\/p>\r\n<div class=\"cuso-project volunteerism\">            \n                <div class=\"project-single\" style=\"background-color:#effafd\">\n                    \n                    <div class=\"project-single--header\"><div class=\"project-single--header-icon\"><i class=\"ua-icon ua-icon-plus2\" aria-hidden=\"true\"><\/i><i class=\"ua-icon ua-icon-minus2\" aria-hidden=\"true\"><\/i><\/div><div class=\"project-single--header-title\"><h4>S\u2019attaquer \u00e0 la pauvret\u00e9 gr\u00e2ce \u00e0 l\u2019engagement canadien<\/h4><\/div><div class=\"project-single--header-thumbnail\"><img decoding=\"async\" src=\"https:\/\/cusointernational.org\/wp-content\/uploads\/project-gender-equality.jpg\"><\/div><\/div><div class=\"project-single--body\"><div class=\"project-single--body-about\"><p>Notre vision d\u2019un monde exempt de pauvret\u00e9 implique la contribution de tout le monde. Nos coop\u00e9rants-volontaires hautement qualifi\u00e9s travaillent de concert avec des organismes de pays en d\u00e9veloppement afin d\u2019apporter des changements concrets et durables sur le terrain. Notre projet SHARE, qui vise principalement \u00e0 promouvoir l\u2019\u00e9galit\u00e9 entre les sexes, a pour objectif d\u2019atteindre 1,8 million de personnes au cours des 7 prochaines ann\u00e9es (2020-2027) au B\u00e9nin, au Cameroun, en Colombie, en \u00c9thiopie, au Honduras, en Jama\u00efque, au Nigeria, au P\u00e9rou, en R\u00e9publique d\u00e9mocratique du Congo et en Tanzanie. Nous enverrons des coop\u00e9rants-volontaires canadiens aider nos partenaires locaux \u00e0 faire avancer les Objectifs de d\u00e9veloppement strat\u00e9gique.<\/p><\/div><div class=\"project-single--body-link\"><a href=\"\/fr\/faire-un-don\/\"><i class=\"fas fa-heart\" aria-hidden=\"true\"><\/i> SOUTENIR CE PROJET<\/a><\/div><\/div>    \n                <\/div>\n                \n                            \n                <div class=\"project-single\" style=\"background-color:#effafd\">\n                    \n                    <div class=\"project-single--header\"><div class=\"project-single--header-icon\"><i class=\"ua-icon ua-icon-plus2\" aria-hidden=\"true\"><\/i><i class=\"ua-icon ua-icon-minus2\" aria-hidden=\"true\"><\/i><\/div><div class=\"project-single--header-title\"><h4>Accompagner les jeunes autochtones du Nord du Canada<\/h4><\/div><div class=\"project-single--header-thumbnail\"><img decoding=\"async\" src=\"https:\/\/cusointernational.org\/wp-content\/uploads\/project-youth-nwt.jpg\"><\/div><\/div><div class=\"project-single--body\"><div class=\"project-single--body-about\"><p>Les coop\u00e9rants-volontaires de Cuso International travaillent de concert avec des communaut\u00e9s autochtones des Territoires du Nord-Ouest pour augmenter le taux de diplomation, am\u00e9liorer la r\u00e9ussite scolaire et promouvoir le processus de v\u00e9rit\u00e9 et r\u00e9conciliation avec la population non autochtone. Notre programme canadien vise \u00e9galement \u00e0 \u00e9liminer les obstacles \u00e0 l\u2019apprentissage en ligne chez les \u00e9l\u00e8ves du secondaire des communaut\u00e9s autochtones, m\u00e9tisses et inuites.<\/p><\/div><div class=\"project-single--body-link\"><a href=\"\/fr\/faire-un-don\/\"><i class=\"fas fa-heart\" aria-hidden=\"true\"><\/i> SOUTENIR CE PROJET<\/a><\/div><\/div>    \n                <\/div>\n                \n                            \n                <div class=\"project-single\" style=\"background-color:#effafd\">\n                    \n                    <div class=\"project-single--header\"><div class=\"project-single--header-icon\"><i class=\"ua-icon ua-icon-plus2\" aria-hidden=\"true\"><\/i><i class=\"ua-icon ua-icon-minus2\" aria-hidden=\"true\"><\/i><\/div><div class=\"project-single--header-title\"><h4>Offrir des perspectives d\u2019avenir aux migrants et aux victimes de conflits en Colombie<\/h4><\/div><div class=\"project-single--header-thumbnail\"><img decoding=\"async\" src=\"https:\/\/cusointernational.org\/wp-content\/uploads\/project-peacebuilding-colombia.jpg\"><\/div><\/div><div class=\"project-single--body\"><div class=\"project-single--body-about\"><p>Le climat politique, \u00e9conomique et social instable met des b\u00e2tons dans les roues de la population colombienne \u00e0 la recherche d\u2019un emploi stable. Et c\u2019est encore plus vrai pour les migrants v\u00e9n\u00e9zu\u00e9liens. En plus d\u2019aider les municipalit\u00e9s \u00e0 mettre en place des politiques et des programmes d\u2019employabilit\u00e9 inclusifs, les employ\u00e9s et les coop\u00e9rants-volontaires de Cuso International offrent de la formation th\u00e9orique et technique aux petits entrepreneurs, ainsi que des ateliers sur la diversit\u00e9 aux grandes entreprises. En 2019, notre projet SCOPE a re\u00e7u la mention de projet le plus novateur du pays de la part de l\u2019Agence pr\u00e9sidentielle colombienne de la coop\u00e9ration internationale.<\/p><\/div><div class=\"project-single--body-link\"><a href=\"\/fr\/faire-un-don\/\"><i class=\"fas fa-heart\" aria-hidden=\"true\"><\/i> SOUTENIR CE PROJET<\/a><\/div><\/div>    \n                <\/div>\n                \n                <\/div>\r\n<p>Cuso International tient \u00e9galement \u00e0 souligner le pr\u00e9cieux soutien financier du gouvernement du Canada, par l&#8217;entremise d&#8217;Affaires mondiales Canada, ainsi que de ses autres bailleurs de fonds, donateurs et alli\u00e9s.<\/p>\r\n<p><img loading=\"lazy\" decoding=\"async\" title=\"partners-partenaires-colors-fr_Resized\" src=\"https:\/\/cusointernational.org\/wp-content\/uploads\/partners-partenaires-colors-fr_Resized.jpg\" alt=\"partners-partenaires-colors-fr_Resized\" width=\"250\" height=\"100\" \/><\/p>\r\n<h2>Des t\u00e9moignages inspirants<\/h2>\r\n<div class=\"stories_all grid_wrapper latest_two\"><div class=\"story_card_wrapper\"><div class=\"story_card_wrapper_content ken_burns\" style=\"background: url('https:\/\/cusointernational.org\/wp-content\/uploads\/SHARE-program-and-Ucoopmakin-.jpg') no-repeat\"><a style=\"display:block\" href=https:\/\/cusointernational.org\/fr\/recit\/le-programme-share-accueille-a-nouveau-marc-cyrille-kamdem-en-tant-que-vol-expert-en-mobilisation-de-fonds-aupres-de-ucoopmakin\/><div class=\"story_card\"><div class=\"story_meta\"><span class=\"story_badge latest_two_badge\">Story<\/span><span class=\"story_date\">juillet 24, 2025<\/span><\/div><div class=\"story_title\"><h3 class=\"h4 white\">Le Programme SHARE accueille \u00e0 nouveau Marc Cyrille Kamdem en tant qu\u2019E-Vol, expert en mobilisation de fonds aupr\u00e8s de Ucoopmakin<\/h3><\/div><\/div><\/div><\/a><\/div><div class=\"story_card_wrapper\"><div class=\"story_card_wrapper_content ken_burns\" style=\"background: url('https:\/\/cusointernational.org\/wp-content\/uploads\/Enoch-Cuso-International-volunteer-since-2022.jpg') no-repeat\"><a style=\"display:block\" href=https:\/\/cusointernational.org\/fr\/recit\/regards-sur-nos-communautes-nordiques\/><div class=\"story_card\"><div class=\"story_meta\"><span class=\"story_badge latest_two_badge\">Story<\/span><span class=\"story_date\">juin 12, 2025<\/span><\/div><div class=\"story_title\"><h3 class=\"h4 white\">Regards sur nos communaut\u00e9s nordiques<\/h3><\/div><\/div><\/div><\/a><\/div><div class=\"story_card_wrapper\"><div class=\"story_card_wrapper_content ken_burns\" style=\"background: url('https:\/\/cusointernational.org\/wp-content\/uploads\/Elizabeths-Journey-with-Cuso-International-A-Volunteer-Story-of-Impact-and-Growth-Volunteer.png') no-repeat\"><a style=\"display:block\" href=https:\/\/cusointernational.org\/fr\/recit\/elisabeth-yunga-une-carriere-de-benevolat-engagee-avec-cuso-international\/><div class=\"story_card\"><div class=\"story_meta\"><span class=\"story_badge latest_two_badge\">Story<\/span><span class=\"story_date\">avril 23, 2025<\/span><\/div><div class=\"story_title\"><h3 class=\"h4 white\">\u00c9lisabeth Yunga : une carri\u00e8re de b\u00e9n\u00e9volat engag\u00e9e avec Cuso International<\/h3><\/div><\/div><\/div><\/a><\/div><div class=\"story_card_wrapper\"><div class=\"story_card_wrapper_content ken_burns\" style=\"background: url('https:\/\/cusointernational.org\/wp-content\/uploads\/Code-Queens-program-paves-the-way-for-future-generations-of-skilled-confident-young-women-in-STEM-in-Jamaica-scaled.jpg') no-repeat\"><a style=\"display:block\" href=https:\/\/cusointernational.org\/fr\/recit\/le-programme-code-queens-prepare-une-nouvelle-generation-de-jeunes-femmes-qualifiees-et-confiantes-a-exceller-dans-les-stem-en-jamaique\/><div class=\"story_card\"><div class=\"story_meta\"><span class=\"story_badge latest_two_badge\">Story<\/span><span class=\"story_date\">f\u00e9vrier 12, 2025<\/span><\/div><div class=\"story_title\"><h3 class=\"h4 white\">Le programme Code Queens pr\u00e9pare une nouvelle g\u00e9n\u00e9ration de jeunes femmes qualifi\u00e9es et confiantes \u00e0 exceller dans les STEM en Jama\u00efque.<\/h3><\/div><\/div><\/div><\/a><\/div><\/div>\r\n<h2>Investir dans des r\u00e9sultats durables<\/h2>\r\n<p>Vous contribuez \u00e0 r\u00e9duire la pauvret\u00e9 et les in\u00e9galit\u00e9s en nous permettant de jumeler des communaut\u00e9s dans le besoin et des coop\u00e9rants-volontaires qualifi\u00e9s. Vous \u00eates le point de d\u00e9part d&#8217;un avenir meilleur!<\/p>\r\n<p><a href=\"https:\/\/cusointernational.org\/fr\/faire-un-don\/\" target=\"_self\" rel=\"noopener\"> FAIRE UN DON <\/a><\/p>\r\n","protected":false},"excerpt":{"rendered":"<p>Notre Objectif Faire progresser l&#8217;action en faveur du climat Nous promouvons, d\u00e9fendons, innovons et \u00e9tablissons des partenariats pour une action climatique inclusive et efficace. FAIRE UN DON \u00c9laborer des r\u00e9ponses au changement climatique Le changement climatique est le d\u00e9fi majeur de l&#8217;humanit\u00e9 au XXIe si\u00e8cle, et ses impacts n\u00e9gatifs affectent de mani\u00e8re disproportionn\u00e9e les communaut\u00e9s&hellip;<\/p>\n","protected":false},"author":6,"featured_media":36637,"parent":0,"menu_order":0,"comment_status":"closed","ping_status":"closed","template":"","meta":{"_acf_changed":false,"footnotes":""},"tags":[],"class_list":["post-36684","page","type-page","status-publish","has-post-thumbnail","hentry"],"acf":[],"yoast_head":"<!-- This site is optimized with the Yoast SEO plugin v27.3 - https:\/\/yoast.com\/product\/yoast-seo-wordpress\/ -->\n<title>Faire Progresser L&#039;action En Faveur Du Climat | Cuso International<\/title>\n<meta name=\"description\" content=\"Nous promouvons, d\u00e9fendons, innovons et \u00e9tablissons des partenariats pour une action climatique inclusive et efficace. En savoir plus.\" \/>\n<meta name=\"robots\" content=\"index, follow, max-snippet:-1, max-image-preview:large, max-video-preview:-1\" \/>\n<link rel=\"canonical\" href=\"https:\/\/cusointernational.org\/fr\/miser-sur-les-cooperants-volontaires\/\" \/>\n<meta property=\"og:locale\" content=\"fr_FR\" \/>\n<meta property=\"og:type\" content=\"article\" \/>\n<meta property=\"og:title\" content=\"Faire Progresser L&#039;action En Faveur Du Climat | Cuso International\" \/>\n<meta property=\"og:description\" content=\"Nous promouvons, d\u00e9fendons, innovons et \u00e9tablissons des partenariats pour une action climatique inclusive et efficace. En savoir plus.\" \/>\n<meta property=\"og:url\" content=\"https:\/\/cusointernational.org\/fr\/miser-sur-les-cooperants-volontaires\/\" \/>\n<meta property=\"og:site_name\" content=\"Cuso International\" \/>\n<meta property=\"article:modified_time\" content=\"2024-01-29T16:15:20+00:00\" \/>\n<meta property=\"og:image\" content=\"https:\/\/cusointernational.org\/wp-content\/uploads\/IMG_4998-web2.png\" \/>\n\t<meta property=\"og:image:width\" content=\"1600\" \/>\n\t<meta property=\"og:image:height\" content=\"1000\" \/>\n\t<meta property=\"og:image:type\" content=\"image\/png\" \/>\n<meta name=\"twitter:card\" content=\"summary_large_image\" \/>\n<meta name=\"twitter:label1\" content=\"Dur\u00e9e de lecture estim\u00e9e\" \/>\n\t<meta name=\"twitter:data1\" content=\"3 minutes\" \/>\n<script type=\"application\/ld+json\" class=\"yoast-schema-graph\">{\"@context\":\"https:\\\/\\\/schema.org\",\"@graph\":[{\"@type\":\"WebPage\",\"@id\":\"https:\\\/\\\/cusointernational.org\\\/fr\\\/miser-sur-les-cooperants-volontaires\\\/\",\"url\":\"https:\\\/\\\/cusointernational.org\\\/fr\\\/miser-sur-les-cooperants-volontaires\\\/\",\"name\":\"Faire Progresser L'action En Faveur Du Climat | Cuso International\",\"isPartOf\":{\"@id\":\"https:\\\/\\\/cusointernational.org\\\/fr\\\/#website\"},\"primaryImageOfPage\":{\"@id\":\"https:\\\/\\\/cusointernational.org\\\/fr\\\/miser-sur-les-cooperants-volontaires\\\/#primaryimage\"},\"image\":{\"@id\":\"https:\\\/\\\/cusointernational.org\\\/fr\\\/miser-sur-les-cooperants-volontaires\\\/#primaryimage\"},\"thumbnailUrl\":\"https:\\\/\\\/cusointernational.org\\\/wp-content\\\/uploads\\\/IMG_4998-web2.png\",\"datePublished\":\"2020-09-18T20:40:05+00:00\",\"dateModified\":\"2024-01-29T16:15:20+00:00\",\"description\":\"Nous promouvons, d\u00e9fendons, innovons et \u00e9tablissons des partenariats pour une action climatique inclusive et efficace. En savoir plus.\",\"breadcrumb\":{\"@id\":\"https:\\\/\\\/cusointernational.org\\\/fr\\\/miser-sur-les-cooperants-volontaires\\\/#breadcrumb\"},\"inLanguage\":\"fr-FR\",\"potentialAction\":[{\"@type\":\"ReadAction\",\"target\":[\"https:\\\/\\\/cusointernational.org\\\/fr\\\/miser-sur-les-cooperants-volontaires\\\/\"]}]},{\"@type\":\"ImageObject\",\"inLanguage\":\"fr-FR\",\"@id\":\"https:\\\/\\\/cusointernational.org\\\/fr\\\/miser-sur-les-cooperants-volontaires\\\/#primaryimage\",\"url\":\"https:\\\/\\\/cusointernational.org\\\/wp-content\\\/uploads\\\/IMG_4998-web2.png\",\"contentUrl\":\"https:\\\/\\\/cusointernational.org\\\/wp-content\\\/uploads\\\/IMG_4998-web2.png\",\"width\":1600,\"height\":1000,\"caption\":\"A volunteer with a red headband taking a selfie with a group of people in a forest\"},{\"@type\":\"BreadcrumbList\",\"@id\":\"https:\\\/\\\/cusointernational.org\\\/fr\\\/miser-sur-les-cooperants-volontaires\\\/#breadcrumb\",\"itemListElement\":[{\"@type\":\"ListItem\",\"position\":1,\"name\":\"Home\",\"item\":\"https:\\\/\\\/cusointernational.org\\\/fr\\\/\"},{\"@type\":\"ListItem\",\"position\":2,\"name\":\"Miser sur les coop\u00e9rants-volontaires\"}]},{\"@type\":\"WebSite\",\"@id\":\"https:\\\/\\\/cusointernational.org\\\/fr\\\/#website\",\"url\":\"https:\\\/\\\/cusointernational.org\\\/fr\\\/\",\"name\":\"Cuso International\",\"description\":\"Connecting communities around the world with skilled Canadians to help end poverty\",\"potentialAction\":[{\"@type\":\"SearchAction\",\"target\":{\"@type\":\"EntryPoint\",\"urlTemplate\":\"https:\\\/\\\/cusointernational.org\\\/fr\\\/?s={search_term_string}\"},\"query-input\":{\"@type\":\"PropertyValueSpecification\",\"valueRequired\":true,\"valueName\":\"search_term_string\"}}],\"inLanguage\":\"fr-FR\"}]}<\/script>\n<!-- \/ Yoast SEO plugin. -->","yoast_head_json":{"title":"Faire Progresser L'action En Faveur Du Climat | Cuso International","description":"Nous promouvons, d\u00e9fendons, innovons et \u00e9tablissons des partenariats pour une action climatique inclusive et efficace. En savoir plus.","robots":{"index":"index","follow":"follow","max-snippet":"max-snippet:-1","max-image-preview":"max-image-preview:large","max-video-preview":"max-video-preview:-1"},"canonical":"https:\/\/cusointernational.org\/fr\/miser-sur-les-cooperants-volontaires\/","og_locale":"fr_FR","og_type":"article","og_title":"Faire Progresser L'action En Faveur Du Climat | Cuso International","og_description":"Nous promouvons, d\u00e9fendons, innovons et \u00e9tablissons des partenariats pour une action climatique inclusive et efficace. En savoir plus.","og_url":"https:\/\/cusointernational.org\/fr\/miser-sur-les-cooperants-volontaires\/","og_site_name":"Cuso International","article_modified_time":"2024-01-29T16:15:20+00:00","og_image":[{"url":"https:\/\/cusointernational.org\/wp-content\/uploads\/IMG_4998-web2.png","width":1600,"height":1000,"type":"image\/png"}],"twitter_card":"summary_large_image","twitter_misc":{"Dur\u00e9e de lecture estim\u00e9e":"3 minutes"},"schema":{"@context":"https:\/\/schema.org","@graph":[{"@type":"WebPage","@id":"https:\/\/cusointernational.org\/fr\/miser-sur-les-cooperants-volontaires\/","url":"https:\/\/cusointernational.org\/fr\/miser-sur-les-cooperants-volontaires\/","name":"Faire Progresser L'action En Faveur Du Climat | Cuso International","isPartOf":{"@id":"https:\/\/cusointernational.org\/fr\/#website"},"primaryImageOfPage":{"@id":"https:\/\/cusointernational.org\/fr\/miser-sur-les-cooperants-volontaires\/#primaryimage"},"image":{"@id":"https:\/\/cusointernational.org\/fr\/miser-sur-les-cooperants-volontaires\/#primaryimage"},"thumbnailUrl":"https:\/\/cusointernational.org\/wp-content\/uploads\/IMG_4998-web2.png","datePublished":"2020-09-18T20:40:05+00:00","dateModified":"2024-01-29T16:15:20+00:00","description":"Nous promouvons, d\u00e9fendons, innovons et \u00e9tablissons des partenariats pour une action climatique inclusive et efficace. En savoir plus.","breadcrumb":{"@id":"https:\/\/cusointernational.org\/fr\/miser-sur-les-cooperants-volontaires\/#breadcrumb"},"inLanguage":"fr-FR","potentialAction":[{"@type":"ReadAction","target":["https:\/\/cusointernational.org\/fr\/miser-sur-les-cooperants-volontaires\/"]}]},{"@type":"ImageObject","inLanguage":"fr-FR","@id":"https:\/\/cusointernational.org\/fr\/miser-sur-les-cooperants-volontaires\/#primaryimage","url":"https:\/\/cusointernational.org\/wp-content\/uploads\/IMG_4998-web2.png","contentUrl":"https:\/\/cusointernational.org\/wp-content\/uploads\/IMG_4998-web2.png","width":1600,"height":1000,"caption":"A volunteer with a red headband taking a selfie with a group of people in a forest"},{"@type":"BreadcrumbList","@id":"https:\/\/cusointernational.org\/fr\/miser-sur-les-cooperants-volontaires\/#breadcrumb","itemListElement":[{"@type":"ListItem","position":1,"name":"Home","item":"https:\/\/cusointernational.org\/fr\/"},{"@type":"ListItem","position":2,"name":"Miser sur les coop\u00e9rants-volontaires"}]},{"@type":"WebSite","@id":"https:\/\/cusointernational.org\/fr\/#website","url":"https:\/\/cusointernational.org\/fr\/","name":"Cuso International","description":"Connecting communities around the world with skilled Canadians to help end poverty","potentialAction":[{"@type":"SearchAction","target":{"@type":"EntryPoint","urlTemplate":"https:\/\/cusointernational.org\/fr\/?s={search_term_string}"},"query-input":{"@type":"PropertyValueSpecification","valueRequired":true,"valueName":"search_term_string"}}],"inLanguage":"fr-FR"}]}},"_links":{"self":[{"href":"https:\/\/cusointernational.org\/fr\/wp-json\/wp\/v2\/pages\/36684","targetHints":{"allow":["GET"]}}],"collection":[{"href":"https:\/\/cusointernational.org\/fr\/wp-json\/wp\/v2\/pages"}],"about":[{"href":"https:\/\/cusointernational.org\/fr\/wp-json\/wp\/v2\/types\/page"}],"author":[{"embeddable":true,"href":"https:\/\/cusointernational.org\/fr\/wp-json\/wp\/v2\/users\/6"}],"replies":[{"embeddable":true,"href":"https:\/\/cusointernational.org\/fr\/wp-json\/wp\/v2\/comments?post=36684"}],"version-history":[{"count":0,"href":"https:\/\/cusointernational.org\/fr\/wp-json\/wp\/v2\/pages\/36684\/revisions"}],"wp:featuredmedia":[{"embeddable":true,"href":"https:\/\/cusointernational.org\/fr\/wp-json\/wp\/v2\/media\/36637"}],"wp:attachment":[{"href":"https:\/\/cusointernational.org\/fr\/wp-json\/wp\/v2\/media?parent=36684"}],"wp:term":[{"taxonomy":"post_tag","embeddable":true,"href":"https:\/\/cusointernational.org\/fr\/wp-json\/wp\/v2\/tags?post=36684"}],"curies":[{"name":"wp","href":"https:\/\/api.w.org\/{rel}","templated":true}]}}