{"id":36670,"date":"2020-08-17T21:58:44","date_gmt":"2020-08-18T01:58:44","guid":{"rendered":"https:\/\/cuso.wpengine.com\/a-propos\/"},"modified":"2025-05-26T13:02:09","modified_gmt":"2025-05-26T17:02:09","slug":"a-propos","status":"publish","type":"page","link":"https:\/\/cusointernational.org\/fr\/a-propos\/","title":{"rendered":"\u00c0 propos"},"content":{"rendered":"\n\n<h1>\n\t\t\tQui nous sommes\t<\/h1>\n\t<p>Nous sommes un organisme de bienfaisance canadien \u0153uvrant \u00e0 l&#8217;\u00e9chelle mondiale pour mettre fin \u00e0 la pauvret\u00e9 et aux in\u00e9galit\u00e9s. Nous partageons nos comp\u00e9tences pour b\u00e2tir un avenir plus fort.<\/p>\n\t\t\t<a href=\"https:\/\/cusointernational.org\/fr\/sinscrire-et-rester-informe\/\" target=\"_blank\" rel=\"noopener\">\n\t\t\t\t\t\tS&#8217;INSCRIRE \u00c0 NOTRE INFOLETTRE\n\t\t\t\t\t<\/a>\n<h2>\n\t\t\tQui nous sommes \t<\/h2>\n\t<p>Cuso International (Cuso) est une organisation de coop\u00e9ration internationale et de bienfaisance bas\u00e9e au Canada, engag\u00e9e \u00e0 mettre fin \u00e0 la pauvret\u00e9 et aux in\u00e9galit\u00e9s. Forts de plus de 60 ans d&#8217;impact significatif, nous relevons les d\u00e9fis mondiaux en nous attaquant aux causes profondes des in\u00e9galit\u00e9s. Guid\u00e9s par nos valeurs fondamentales de courage, d&#8217;inclusion, de durabilit\u00e9 et de responsabilit\u00e9, nous combinons des strat\u00e9gies novatrices et des partenariats durables pour cr\u00e9er un changement significatif et durable dans les communaut\u00e9s d&#8217;Afrique, d&#8217;Am\u00e9rique latine, des Cara\u00efbes et du Canada.\u00a0<\/p>\n<p>Nous croyons en la localisation, convaincus que les communaut\u00e9s elles-m\u00eames d\u00e9tiennent les solutions \u00e0 leurs d\u00e9fis. En collaborant avec les leaders locaux et les repr\u00e9sentants communautaires, nous garantissons que nos initiatives sont adapt\u00e9es, inclusives et con\u00e7ues pour favoriser l&#8217;autonomie et la r\u00e9silience.\u00a0<\/p>\n<h3>\n\t\t\tNotre vision, mission et objectif strat\u00e9gique \t<\/h3>\n\t<ul>\n<li><b>Notre vision :<\/b> Un monde \u00e9quitable, inclusif et durable o\u00f9 toutes les personnes sont trait\u00e9es avec dignit\u00e9 et peuvent participer pleinement \u00e0 la soci\u00e9t\u00e9.\u00a0<\/li>\n<li><b>Notre mission :<\/b> Partager des comp\u00e9tences pour un avenir meilleur.\u00a0<\/li>\n<li><b>Notre objectif strat\u00e9gique :<\/b> Collaborer avec nos partenaires pour s&#8217;attaquer aux causes profondes des in\u00e9galit\u00e9s et am\u00e9liorer les conditions \u00e9conomiques et sociales des groupes d\u00e9savantag\u00e9s.\u00a0<\/li>\n<\/ul>\n<p>Gr\u00e2ce \u00e0 des d\u00e9cennies d&#8217;exp\u00e9rience, nous continuons \u00e0 investir dans les relations pour garantir une durabilit\u00e9 accrue et des avantages mutuels. Nous adaptons notre travail \u00e0 un monde en constante \u00e9volution, r\u00e9pondant aux besoins imm\u00e9diats tout en proposant des solutions pour les g\u00e9n\u00e9rations futures.\u00a0<\/p>\n<h2>\n\t\t\tCe que nous faisons \t<\/h2>\n\t<p>&nbsp;<\/p>\n<p>Cuso agit en <strong>Afrique<\/strong>, en <strong>Am\u00e9rique latine<\/strong>, dans <strong>les Cara\u00efbes<\/strong> et au<strong> Canada<\/strong> pour r\u00e9pondre \u00e0 des enjeux critiques tels que\u202f:<\/p>\n<ul>\n<li data-leveltext=\"\uf0b7\" data-font=\"Symbol\" data-listid=\"1\" data-list-defn-props=\"{&quot;335552541&quot;:1,&quot;335559685&quot;:720,&quot;335559991&quot;:360,&quot;469769226&quot;:&quot;Symbol&quot;,&quot;469769242&quot;:[8226],&quot;469777803&quot;:&quot;left&quot;,&quot;469777804&quot;:&quot;\uf0b7&quot;,&quot;469777815&quot;:&quot;hybridMultilevel&quot;}\" aria-setsize=\"-1\" data-aria-posinset=\"1\" data-aria-level=\"1\">Pr\u00e9parer les jeunes au march\u00e9 du travail et r\u00e9duire le ch\u00f4mage gr\u00e2ce \u00e0 des formations et des programmes d&#8217;employabilit\u00e9.\u00a0<\/li>\n<li data-leveltext=\"\uf0b7\" data-font=\"Symbol\" data-listid=\"1\" data-list-defn-props=\"{&quot;335552541&quot;:1,&quot;335559685&quot;:720,&quot;335559991&quot;:360,&quot;469769226&quot;:&quot;Symbol&quot;,&quot;469769242&quot;:[8226],&quot;469777803&quot;:&quot;left&quot;,&quot;469777804&quot;:&quot;\uf0b7&quot;,&quot;469777815&quot;:&quot;hybridMultilevel&quot;}\" aria-setsize=\"-1\" data-aria-posinset=\"1\" data-aria-level=\"1\">Renforcer les \u00e9conomies locales en soutenant les moyens de subsistance durables et les opportunit\u00e9s commerciales innovantes.\u00a0<\/li>\n<li data-leveltext=\"\uf0b7\" data-font=\"Symbol\" data-listid=\"1\" data-list-defn-props=\"{&quot;335552541&quot;:1,&quot;335559685&quot;:720,&quot;335559991&quot;:360,&quot;469769226&quot;:&quot;Symbol&quot;,&quot;469769242&quot;:[8226],&quot;469777803&quot;:&quot;left&quot;,&quot;469777804&quot;:&quot;\uf0b7&quot;,&quot;469777815&quot;:&quot;hybridMultilevel&quot;}\" aria-setsize=\"-1\" data-aria-posinset=\"1\" data-aria-level=\"1\">Promouvoir l&#8217;\u00e9quit\u00e9 et l&#8217;inclusion en autonomisant les groupes sous-repr\u00e9sent\u00e9s pour qu&#8217;ils contribuent pleinement \u00e0 la soci\u00e9t\u00e9.\u00a0<\/li>\n<li data-leveltext=\"\uf0b7\" data-font=\"Symbol\" data-listid=\"1\" data-list-defn-props=\"{&quot;335552541&quot;:1,&quot;335559685&quot;:720,&quot;335559991&quot;:360,&quot;469769226&quot;:&quot;Symbol&quot;,&quot;469769242&quot;:[8226],&quot;469777803&quot;:&quot;left&quot;,&quot;469777804&quot;:&quot;\uf0b7&quot;,&quot;469777815&quot;:&quot;hybridMultilevel&quot;}\" aria-setsize=\"-1\" data-aria-posinset=\"1\" data-aria-level=\"1\">Encourager l&#8217;entrepreneuriat pour stimuler la croissance \u00e9conomique locale et l&#8217;autonomie.\u00a0<\/li>\n<li data-leveltext=\"\uf0b7\" data-font=\"Symbol\" data-listid=\"1\" data-list-defn-props=\"{&quot;335552541&quot;:1,&quot;335559685&quot;:720,&quot;335559991&quot;:360,&quot;469769226&quot;:&quot;Symbol&quot;,&quot;469769242&quot;:[8226],&quot;469777803&quot;:&quot;left&quot;,&quot;469777804&quot;:&quot;\uf0b7&quot;,&quot;469777815&quot;:&quot;hybridMultilevel&quot;}\" aria-setsize=\"-1\" data-aria-posinset=\"1\" data-aria-level=\"1\">Repr\u00e9senter le Canada en renfor\u00e7ant les partenariats mondiaux et en contribuant activement \u00e0 la communaut\u00e9 internationale.\u00a0<\/li>\n<\/ul>\n<p>Nos programmes, en collaboration avec des partenaires locaux, fournissent aux personnes des outils, des comp\u00e9tences et de la confiance pour b\u00e2tir un avenir prometteur gr\u00e2ce \u00e0 l&#8217;\u00e9ducation, la formation professionnelle et le mentorat. Ces comp\u00e9tences encouragent l&#8217;innovation, soutiennent des entreprises durables et favorisent une croissance \u00e9conomique \u00e0 long terme.\u00a0<\/p>\n\t\t\t<a href=\"https:\/\/cusointernational.org\/fr\/travail\/\" target=\"_self\">\n\t\t\t\t\t\t\tD\u00c9COUVREZ NOTRE TRAVAIL\n\t\t\t\t\t<\/a>\n\t\t\t<a href=\"https:\/\/cusointernational.org\/fr\/travail\/regions-desservies\/\" target=\"_self\">\n\t\t\t\t\t\t\tVOIR NOTRE CARTE DES PAYS\n\t\t\t\t\t<\/a>\n<h3  id=\"competences\">\n\t\t\tNos comp\u00e9tences cl\u00e9s \t<\/h3>\n\t\t\t\t<img decoding=\"async\" src=\"https:\/\/cusointernational.org\/wp-content\/uploads\/icon-focus-volunteerism.svg\" alt=\"Hand icon\" itemprop=\"image\" height=\"112\" width=\"112\" title=\"icon-focus-volunteerism\" onerror=\"this.style.display='none'\" loading='lazy' \/>\n<h4>\n\t\t\tExpertise en b\u00e9n\u00e9volat national et international \t<\/h4>\n\t<p>Avec plus de 60 ans d&#8217;exp\u00e9rience, Cuso excelle dans la pr\u00e9paration, le d\u00e9ploiement et le soutien des b\u00e9n\u00e9voles avant, pendant et apr\u00e8s leurs missions au Canada et \u00e0 l&#8217;\u00e9tranger.\u00a0<\/p>\n\t<p><strong>LEARN MORE<\/strong><\/p>\n\t\t\t\t<img decoding=\"async\" src=\"https:\/\/cusointernational.org\/wp-content\/uploads\/icon-about-partnership.svg\" alt=\"Hands and heart icon\" itemprop=\"image\" height=\"112\" width=\"112\" title=\"icon-about-partnership\" onerror=\"this.style.display='none'\" loading='lazy' \/>\n<h4>\n\t\t\tPartage de comp\u00e9tences \t<\/h4>\n\t<p>Le partage des comp\u00e9tences est au c\u0153ur de notre mission. \u00c0 travers des initiatives comme SCOPE, SHARE, Talents Pluriels et SKILLS, nous aidons les individus \u00e0 acqu\u00e9rir les outils n\u00e9cessaires pour trouver un emploi, construire des moyens de subsistance et renforcer la r\u00e9silience \u00e9conomique.\u00a0<\/p>\n\t\t\t\t<img decoding=\"async\" src=\"https:\/\/cusointernational.org\/wp-content\/uploads\/icon-about-accountability.svg\" alt=\"Scroll and check mark icon\" itemprop=\"image\" height=\"112\" width=\"112\" title=\"icon-about-accountability\" onerror=\"this.style.display='none'\" loading='lazy' \/>\n<h4>\n\t\t\t\u00c9ducation et sensibilisation \t<\/h4>\n\t<p>Avec des programmes comme SHARE et le Programme autochtone au Canada, nous sensibilisons aux d\u00e9fis mondiaux et au r\u00f4le du Canada dans leur r\u00e9solution. Ces efforts inspirent des actions concr\u00e8tes et un plaidoyer au sein des communaut\u00e9s locales et internationales.\u00a0<\/p>\n<h3>\n\t\t\tRencontrez notre \u00e9quipe\t<\/h3>\n\t<p>Derri\u00e8re la mission de Cuso International se trouve une \u00e9quipe d\u00e9vou\u00e9e de dirigeants et de membres du conseil d&#8217;administration qui s&#8217;engagent \u00e0 cr\u00e9er un changement durable. Notre \u00e9quipe de direction et notre conseil d&#8217;administration apportent une expertise diversifi\u00e9e et une vision commune pour un monde plus inclusif et durable .<\/p>\n\t\t\t<a href=\"https:\/\/cusointernational.org\/fr\/a-propos\/rencontrer-notre-equipe\/#equipes-base\" target=\"_self\">\n\t\t\t\t\t\t\tRencontrez notre \u00e9quipe\n\t\t\t\t\t<\/a>\n<h3  data-animation-delay=\"0\" data-animation-duration=\"1\">\n\t\t\tPatronage de Cuso International \t<\/h3>\n\t<p>Son Excellence la tr\u00e8s honorable Mary Simon, gouverneure g\u00e9n\u00e9rale du Canada, a accord\u00e9 son patronage vice-royal \u00e0 Cuso International. Cuso est honor\u00e9 de figurer parmi les associations et organisations reconnues par la gouverneure g\u00e9n\u00e9rale pour leurs contributions exceptionnelles \u00e0 la soci\u00e9t\u00e9.\u00a0<\/p>\n<p>Cuso partage plusieurs des priorit\u00e9s de Son Excellence, notamment la r\u00e9conciliation, la diversit\u00e9 et l&#8217;inclusion, la jeunesse et l&#8217;\u00e9ducation, les changements climatiques et la protection de notre monde naturel, ainsi que la sant\u00e9 mentale et le bien-\u00eatre.\u00a0<\/p>\n<p>Nous nous r\u00e9jouissons de soutenir l&#8217;engagement de Son Excellence envers la collaboration mondiale, conform\u00e9ment \u00e0 notre mission de r\u00e9duire la pauvret\u00e9 et les in\u00e9galit\u00e9s dans le monde entier.\u00a0<\/p>\n\t\t\t<a href=\"https:\/\/www.gg.ca\/fr\/gouverneur-general\/gouverneure-generale-mary-may-simon\/biographie\" target=\"_self\">\n\t\t\t\t\t\t\tEn savoir plus\n\t\t\t\t\t<\/a>\n<h2>\n\t\t\tVoir la suite\t<\/h2>\n<h3>\n\t\t<a href=\"https:\/\/cusointernational.org\/fr\/publications-de-cuso\/\" title=\"PUBLICATIONS DE CUSO INTERNATIONAL\"  target=\"_self\">\n\t\t\tPUBLICATIONS DE CUSO INTERNATIONAL\t\t<\/a>\n\t<\/h3>\n<h3>\n\t\t<a href=\"https:\/\/cusointernational.org\/fr\/travailler-chez-cuso\/\" title=\"TRAVAILLER CHEZ CUSO INTERNATIONAL\"  target=\"_self\">\n\t\t\tTRAVAILLER CHEZ CUSO INTERNATIONAL\t\t<\/a>\n\t<\/h3>\n<h3>\n\t\t<a href=\"https:\/\/cusointernational.org\/fr\/recits\/\" title=\"LIRE DES T\u00c9MOIGNAGES INSPIRANTS\"  target=\"_self\">\n\t\t\tLIRE DES T\u00c9MOIGNAGES INSPIRANTS\t\t<\/a>\n\t<\/h3>\n<h2>\n\t\t\tInvestir dans la prosp\u00e9rit\u00e9\t<\/h2>\n\t<p>Your support helps more people access skills and create opportunity to end poverty and inequality. Brighter futures start with you.<\/p>\n\t\t\t<a href=\"https:\/\/cusointernational.org\/fr\/faire-un-don\/\" target=\"_self\">\n\t\t\t\t\t\tFAIRE UN DON\n\t\t\t\t\t<\/a>\n\n","protected":false},"excerpt":{"rendered":"<p>Qui nous sommes Nous sommes un organisme de bienfaisance canadien \u0153uvrant \u00e0 l&#8217;\u00e9chelle mondiale pour mettre fin \u00e0 la pauvret\u00e9 et aux in\u00e9galit\u00e9s. Nous partageons nos comp\u00e9tences pour b\u00e2tir un avenir plus fort. S&#8217;INSCRIRE \u00c0 NOTRE INFOLETTRE Qui nous sommes Cuso International (Cuso) est une organisation de coop\u00e9ration internationale et de bienfaisance bas\u00e9e au Canada,&hellip;<\/p>\n","protected":false},"author":3,"featured_media":32383,"parent":0,"menu_order":0,"comment_status":"closed","ping_status":"closed","template":"","meta":{"_acf_changed":false,"footnotes":""},"tags":[],"class_list":["post-36670","page","type-page","status-publish","has-post-thumbnail","hentry"],"acf":[],"yoast_head":"<!-- This site is optimized with the Yoast SEO plugin v27.3 - https:\/\/yoast.com\/product\/yoast-seo-wordpress\/ -->\n<title>\u00c0 propos | Cuso International<\/title>\n<meta name=\"description\" content=\"Les programmes de d\u00e9veloppement et les coop\u00e9rants-volontaires de Cuso visent \u00e0 promouvoir l\u2019\u00e9galit\u00e9 entre les sexes et \u00e0 offrir de nouvelles perspectives \u00e9conomiques aux jeunes de quatre continents.\" \/>\n<meta name=\"robots\" content=\"index, follow, max-snippet:-1, max-image-preview:large, max-video-preview:-1\" \/>\n<link rel=\"canonical\" href=\"https:\/\/cusointernational.org\/fr\/a-propos\/\" \/>\n<meta property=\"og:locale\" content=\"fr_FR\" \/>\n<meta property=\"og:type\" content=\"article\" \/>\n<meta property=\"og:title\" content=\"\u00c0 propos | Cuso International\" \/>\n<meta property=\"og:description\" content=\"Les programmes de d\u00e9veloppement et les coop\u00e9rants-volontaires de Cuso visent \u00e0 promouvoir l\u2019\u00e9galit\u00e9 entre les sexes et \u00e0 offrir de nouvelles perspectives \u00e9conomiques aux jeunes de quatre continents.\" \/>\n<meta property=\"og:url\" content=\"https:\/\/cusointernational.org\/fr\/a-propos\/\" \/>\n<meta property=\"og:site_name\" content=\"Cuso International\" \/>\n<meta property=\"article:modified_time\" content=\"2025-05-26T17:02:09+00:00\" \/>\n<meta property=\"og:image\" content=\"https:\/\/cusointernational.org\/wp-content\/uploads\/icon-focus-volunteerism.svg\" \/>\n<meta name=\"twitter:card\" content=\"summary_large_image\" \/>\n<meta name=\"twitter:label1\" content=\"Dur\u00e9e de lecture estim\u00e9e\" \/>\n\t<meta name=\"twitter:data1\" content=\"4 minutes\" \/>\n<script type=\"application\/ld+json\" class=\"yoast-schema-graph\">{\"@context\":\"https:\\\/\\\/schema.org\",\"@graph\":[{\"@type\":\"WebPage\",\"@id\":\"https:\\\/\\\/cusointernational.org\\\/fr\\\/a-propos\\\/\",\"url\":\"https:\\\/\\\/cusointernational.org\\\/fr\\\/a-propos\\\/\",\"name\":\"\u00c0 propos | Cuso International\",\"isPartOf\":{\"@id\":\"https:\\\/\\\/cusointernational.org\\\/fr\\\/#website\"},\"primaryImageOfPage\":{\"@id\":\"https:\\\/\\\/cusointernational.org\\\/fr\\\/a-propos\\\/#primaryimage\"},\"image\":{\"@id\":\"https:\\\/\\\/cusointernational.org\\\/fr\\\/a-propos\\\/#primaryimage\"},\"thumbnailUrl\":\"https:\\\/\\\/cusointernational.org\\\/wp-content\\\/uploads\\\/about-us-hero.jpg\",\"datePublished\":\"2020-08-18T01:58:44+00:00\",\"dateModified\":\"2025-05-26T17:02:09+00:00\",\"description\":\"Les programmes de d\u00e9veloppement et les coop\u00e9rants-volontaires de Cuso visent \u00e0 promouvoir l\u2019\u00e9galit\u00e9 entre les sexes et \u00e0 offrir de nouvelles perspectives \u00e9conomiques aux jeunes de quatre continents.\",\"breadcrumb\":{\"@id\":\"https:\\\/\\\/cusointernational.org\\\/fr\\\/a-propos\\\/#breadcrumb\"},\"inLanguage\":\"fr-FR\",\"potentialAction\":[{\"@type\":\"ReadAction\",\"target\":[\"https:\\\/\\\/cusointernational.org\\\/fr\\\/a-propos\\\/\"]}]},{\"@type\":\"ImageObject\",\"inLanguage\":\"fr-FR\",\"@id\":\"https:\\\/\\\/cusointernational.org\\\/fr\\\/a-propos\\\/#primaryimage\",\"url\":\"https:\\\/\\\/cusointernational.org\\\/wp-content\\\/uploads\\\/about-us-hero.jpg\",\"contentUrl\":\"https:\\\/\\\/cusointernational.org\\\/wp-content\\\/uploads\\\/about-us-hero.jpg\",\"width\":1600,\"height\":1000,\"caption\":\"Woman smiling\"},{\"@type\":\"BreadcrumbList\",\"@id\":\"https:\\\/\\\/cusointernational.org\\\/fr\\\/a-propos\\\/#breadcrumb\",\"itemListElement\":[{\"@type\":\"ListItem\",\"position\":1,\"name\":\"Home\",\"item\":\"https:\\\/\\\/cusointernational.org\\\/fr\\\/\"},{\"@type\":\"ListItem\",\"position\":2,\"name\":\"\u00c0 propos\"}]},{\"@type\":\"WebSite\",\"@id\":\"https:\\\/\\\/cusointernational.org\\\/fr\\\/#website\",\"url\":\"https:\\\/\\\/cusointernational.org\\\/fr\\\/\",\"name\":\"Cuso International\",\"description\":\"Connecting communities around the world with skilled Canadians to help end poverty\",\"potentialAction\":[{\"@type\":\"SearchAction\",\"target\":{\"@type\":\"EntryPoint\",\"urlTemplate\":\"https:\\\/\\\/cusointernational.org\\\/fr\\\/?s={search_term_string}\"},\"query-input\":{\"@type\":\"PropertyValueSpecification\",\"valueRequired\":true,\"valueName\":\"search_term_string\"}}],\"inLanguage\":\"fr-FR\"}]}<\/script>\n<!-- \/ Yoast SEO plugin. -->","yoast_head_json":{"title":"\u00c0 propos | Cuso International","description":"Les programmes de d\u00e9veloppement et les coop\u00e9rants-volontaires de Cuso visent \u00e0 promouvoir l\u2019\u00e9galit\u00e9 entre les sexes et \u00e0 offrir de nouvelles perspectives \u00e9conomiques aux jeunes de quatre continents.","robots":{"index":"index","follow":"follow","max-snippet":"max-snippet:-1","max-image-preview":"max-image-preview:large","max-video-preview":"max-video-preview:-1"},"canonical":"https:\/\/cusointernational.org\/fr\/a-propos\/","og_locale":"fr_FR","og_type":"article","og_title":"\u00c0 propos | Cuso International","og_description":"Les programmes de d\u00e9veloppement et les coop\u00e9rants-volontaires de Cuso visent \u00e0 promouvoir l\u2019\u00e9galit\u00e9 entre les sexes et \u00e0 offrir de nouvelles perspectives \u00e9conomiques aux jeunes de quatre continents.","og_url":"https:\/\/cusointernational.org\/fr\/a-propos\/","og_site_name":"Cuso International","article_modified_time":"2025-05-26T17:02:09+00:00","og_image":[{"url":"https:\/\/cusointernational.org\/wp-content\/uploads\/icon-focus-volunteerism.svg","type":"","width":"","height":""}],"twitter_card":"summary_large_image","twitter_misc":{"Dur\u00e9e de lecture estim\u00e9e":"4 minutes"},"schema":{"@context":"https:\/\/schema.org","@graph":[{"@type":"WebPage","@id":"https:\/\/cusointernational.org\/fr\/a-propos\/","url":"https:\/\/cusointernational.org\/fr\/a-propos\/","name":"\u00c0 propos | Cuso International","isPartOf":{"@id":"https:\/\/cusointernational.org\/fr\/#website"},"primaryImageOfPage":{"@id":"https:\/\/cusointernational.org\/fr\/a-propos\/#primaryimage"},"image":{"@id":"https:\/\/cusointernational.org\/fr\/a-propos\/#primaryimage"},"thumbnailUrl":"https:\/\/cusointernational.org\/wp-content\/uploads\/about-us-hero.jpg","datePublished":"2020-08-18T01:58:44+00:00","dateModified":"2025-05-26T17:02:09+00:00","description":"Les programmes de d\u00e9veloppement et les coop\u00e9rants-volontaires de Cuso visent \u00e0 promouvoir l\u2019\u00e9galit\u00e9 entre les sexes et \u00e0 offrir de nouvelles perspectives \u00e9conomiques aux jeunes de quatre continents.","breadcrumb":{"@id":"https:\/\/cusointernational.org\/fr\/a-propos\/#breadcrumb"},"inLanguage":"fr-FR","potentialAction":[{"@type":"ReadAction","target":["https:\/\/cusointernational.org\/fr\/a-propos\/"]}]},{"@type":"ImageObject","inLanguage":"fr-FR","@id":"https:\/\/cusointernational.org\/fr\/a-propos\/#primaryimage","url":"https:\/\/cusointernational.org\/wp-content\/uploads\/about-us-hero.jpg","contentUrl":"https:\/\/cusointernational.org\/wp-content\/uploads\/about-us-hero.jpg","width":1600,"height":1000,"caption":"Woman smiling"},{"@type":"BreadcrumbList","@id":"https:\/\/cusointernational.org\/fr\/a-propos\/#breadcrumb","itemListElement":[{"@type":"ListItem","position":1,"name":"Home","item":"https:\/\/cusointernational.org\/fr\/"},{"@type":"ListItem","position":2,"name":"\u00c0 propos"}]},{"@type":"WebSite","@id":"https:\/\/cusointernational.org\/fr\/#website","url":"https:\/\/cusointernational.org\/fr\/","name":"Cuso International","description":"Connecting communities around the world with skilled Canadians to help end poverty","potentialAction":[{"@type":"SearchAction","target":{"@type":"EntryPoint","urlTemplate":"https:\/\/cusointernational.org\/fr\/?s={search_term_string}"},"query-input":{"@type":"PropertyValueSpecification","valueRequired":true,"valueName":"search_term_string"}}],"inLanguage":"fr-FR"}]}},"_links":{"self":[{"href":"https:\/\/cusointernational.org\/fr\/wp-json\/wp\/v2\/pages\/36670","targetHints":{"allow":["GET"]}}],"collection":[{"href":"https:\/\/cusointernational.org\/fr\/wp-json\/wp\/v2\/pages"}],"about":[{"href":"https:\/\/cusointernational.org\/fr\/wp-json\/wp\/v2\/types\/page"}],"author":[{"embeddable":true,"href":"https:\/\/cusointernational.org\/fr\/wp-json\/wp\/v2\/users\/3"}],"replies":[{"embeddable":true,"href":"https:\/\/cusointernational.org\/fr\/wp-json\/wp\/v2\/comments?post=36670"}],"version-history":[{"count":0,"href":"https:\/\/cusointernational.org\/fr\/wp-json\/wp\/v2\/pages\/36670\/revisions"}],"wp:featuredmedia":[{"embeddable":true,"href":"https:\/\/cusointernational.org\/fr\/wp-json\/wp\/v2\/media\/32383"}],"wp:attachment":[{"href":"https:\/\/cusointernational.org\/fr\/wp-json\/wp\/v2\/media?parent=36670"}],"wp:term":[{"taxonomy":"post_tag","embeddable":true,"href":"https:\/\/cusointernational.org\/fr\/wp-json\/wp\/v2\/tags?post=36670"}],"curies":[{"name":"wp","href":"https:\/\/api.w.org\/{rel}","templated":true}]}}