{"id":36646,"date":"2020-09-18T16:41:12","date_gmt":"2020-09-18T20:41:12","guid":{"rendered":"https:\/\/cuso.wpengine.com\/autonomiser-les-femmes-et-les-filles\/"},"modified":"2023-03-04T08:25:57","modified_gmt":"2023-03-04T13:25:57","slug":"egalite-des-genres-et-inclusion-sociale","status":"publish","type":"page","link":"https:\/\/cusointernational.org\/fr\/egalite-des-genres-et-inclusion-sociale\/","title":{"rendered":"\u00c9galit\u00e9 des genres et inclusion sociale"},"content":{"rendered":"\r\n<p>NOTRE OBJECTIF<\/p>\r\n<h1>ACCRO\u00ceTRE L&#8217;\u00c9GALIT\u00c9 DES GENRES ET L&#8217;INCLUSION SOCIAL<\/h1>\r\n<p>Nous luttons activement contre les in\u00e9galit\u00e9s, l&#8217;injustice et la marginalisation afin d&#8217;atteindre l&#8217;\u00e9galit\u00e9 des chances.<\/p>\r\n<p><a role=\"button\" href=\"https:\/\/cusointernational.org\/fr\/faire-un-don\/\" target=\"_self\" rel=\"noopener\"> FAIRE UN DON <\/a><\/p>\r\n<h2>Militer pour l&#8217;\u00e9galit\u00e9 et l&#8217;inclusion<\/h2>\r\n<p>L&#8217;\u00e9galit\u00e9 des genres et l&#8217;inclusion sociale ne sont pas uniquement des droits fondamentaux, ce sont aussi les \u00e9l\u00e9ments essentiels de la lutte \u00e0 la pauvret\u00e9 et aux in\u00e9galit\u00e9s. Nous luttons activement contre les in\u00e9galit\u00e9s, l&#8217;injustice et la marginalisation afin d&#8217;atteindre l&#8217;\u00e9galit\u00e9 des chances et d&#8217;assurer la prosp\u00e9rit\u00e9 de tout le monde. C&#8217;est l&#8217;ensemble de la communaut\u00e9 qui en profite lorsque tous ses membres ont la possibilit\u00e9 de participer librement \u00e0 la soci\u00e9t\u00e9, y compris les femmes, les filles et les personnes LGBTQI+, handicap\u00e9es, migrantes et r\u00e9fugi\u00e9es.<\/p>\r\n<h3>L&#8217;importance de l&#8217;\u00e9galit\u00e9 des genres et de l&#8217;inclusion sociale<\/h3>\r\n<!-- Comment to fix spacing issue\r\n\t-->\r\n<h2>0 millions<\/h2>\r\n<!-- Comment to fix spacing issue\r\n\t-->\r\n<p>de personnes r\u00e9fugi\u00e9es sur la plan\u00e8te (dont pr\u00e8s de la moiti\u00e9 ont moins de 18 ans) n&#8217;ont pas acc\u00e8s \u00e0 l&#8217;\u00e9ducation, \u00e0 des soins de sant\u00e9 et \u00e0 un emploi d\u00e9cent. Nous collaborons \u00e9troitement avec des organisations priv\u00e9es, publiques et communautaires en Colombie, en \u00c9quateur et au P\u00e9rou pour offrir aux personnes migrantes venues du V\u00e9n\u00e9zu\u00e9la des possibilit\u00e9s d&#8217;emploi et de cr\u00e9ation d&#8217;entreprises.<\/p>\r\n<!-- Comment to fix spacing issue\r\n\t-->\r\n<h2>0 femme sur 3<\/h2>\r\n<!-- Comment to fix spacing issue\r\n\t-->\r\n<p>subira de la violence sexiste au cours de sa vie. Nous collaborons avec des partenaires de 16 pays afin de militer pour les droits des femmes et des filles, de promouvoir les politiques de d\u00e9fense de leurs droits et de mobiliser les communaut\u00e9s pour mettre fin \u00e0 la violence sexiste.<\/p>\r\n<!-- Comment to fix spacing issue\r\n\t-->\r\n<h2>0<\/h2>\r\n<!-- Comment to fix spacing issue\r\n\t-->\r\n<p>pays criminalisent toujours l&#8217;homosexualit\u00e9. Les droits de la personne sont universels et indivisibles. Tout le monde devrait pouvoir jouir des m\u00eames droits fondamentaux, sans \u00e9gard \u00e0 l&#8217;orientation sexuelle ou \u00e0 l&#8217;identit\u00e9 ou l&#8217;expression de genre. Nous collaborons avec nos partenaires de la R\u00e9publique d\u00e9mocratique du Congo (RDC) pour offrir une croissance \u00e9conomique s\u00e9curitaire, inclusive et \u00e9quitable aux jeunes vuln\u00e9rables, particuli\u00e8rement aux jeunes femmes et aux jeunes de la communaut\u00e9 LGBTQ+.<\/p>\r\n<h2>Des projets qui fonctionnent<\/h2>\r\n<p>Promouvoir l&#8217;\u00e9galit\u00e9 des genres gr\u00e2ce \u00e0 une approche f\u00e9ministe est au c\u0153ur de nos valeurs d&#8217;\u00e9quit\u00e9 de justice sociale. Nous luttons donc activement contre les in\u00e9galit\u00e9s, l&#8217;injustice et la marginalisation afin d&#8217;atteindre l&#8217;\u00e9galit\u00e9 des chances. Mais ce n&#8217;est pas tout : nous luttons \u00e9galement contre toute forme de discrimination \u00e0 l&#8217;endroit des femmes et des filles, bien s\u00fbr, mais \u00e9galement envers les membres d&#8217;autres groupes marginalis\u00e9s, comme les personnes LGBTQ2IA+, handicap\u00e9es, migrantes ou r\u00e9fugi\u00e9es. Nos m\u00e9thodes d&#8217;intervention visent l&#8217;\u00e9galit\u00e9 des genres et le d\u00e9veloppement du plein potentiel des femmes, des filles et des membres d&#8217;autres groupes marginalis\u00e9s, tout en misant sur des approches transformatrices de genre dans la mesure du possible.<\/p>\r\n<div class=\"cuso-project empowering-women\">            \n                <div class=\"project-single\" style=\"background-color:#EFFAFD\">\n                    \n                    <div class=\"project-single--header\"><div class=\"project-single--header-icon\"><i class=\"ua-icon ua-icon-plus2\" aria-hidden=\"true\"><\/i><i class=\"ua-icon ua-icon-minus2\" aria-hidden=\"true\"><\/i><\/div><div class=\"project-single--header-title\"><h4>Championing change for women in Peru<\/h4><\/div><div class=\"project-single--header-thumbnail\"><img decoding=\"async\" src=\"https:\/\/cusointernational.org\/wp-content\/uploads\/Melania-Canales-Onamiap-scaled-e1673985184592.jpg\"><\/div><\/div><div class=\"project-single--body\"><div class=\"project-single--body-about\"><p>Our work in Peru is focused on reducing inequality through inclusive initiatives in response to the local needs of vulnerable groups and communities. We\u2019re delivering programs that address issues such as policy, legal and social change.<\/p><\/div><div class=\"project-single--body-link\"><a href=\"\/fr\/faire-un-don\/\"><i class=\"fas fa-heart\" aria-hidden=\"true\"><\/i> SOUTENIR CE PROJET<\/a><\/div><\/div>    \n                <\/div>\n                \n                            \n                <div class=\"project-single\" style=\"background-color:#EFFAFD\">\n                    \n                    <div class=\"project-single--header\"><div class=\"project-single--header-icon\"><i class=\"ua-icon ua-icon-plus2\" aria-hidden=\"true\"><\/i><i class=\"ua-icon ua-icon-minus2\" aria-hidden=\"true\"><\/i><\/div><div class=\"project-single--header-title\"><h4>Autonomiser les entrepreneures au Honduras<\/h4><\/div><div class=\"project-single--header-thumbnail\"><img decoding=\"async\" src=\"https:\/\/cusointernational.org\/wp-content\/uploads\/home-story-theresa.jpg\"><\/div><\/div><div class=\"project-single--body\"><div class=\"project-single--body-about\"><p>Les femmes et les autres groupes vuln\u00e9rables rencontrent plus d\u2019obstacles et subissent plus de discrimination sur le march\u00e9 du travail. Cuso International s\u2019associe avec des communaut\u00e9s et des organisations des secteurs priv\u00e9 et public pour offrir de la formation en cr\u00e9ation d\u2019entreprises, des cours sur l\u2019embauche inclusive et des ateliers sur l\u2019instauration d\u2019un milieu plus accueillant pour les femmes en affaires.<\/p><\/div><div class=\"project-single--body-link\"><a href=\"\/fr\/faire-un-don\/\"><i class=\"fas fa-heart\" aria-hidden=\"true\"><\/i> SOUTENIR CE PROJET<\/a><\/div><\/div>    \n                <\/div>\n                \n                            \n                <div class=\"project-single\" style=\"background-color:#EFFAFD\">\n                    \n                    <div class=\"project-single--header\"><div class=\"project-single--header-icon\"><i class=\"ua-icon ua-icon-plus2\" aria-hidden=\"true\"><\/i><i class=\"ua-icon ua-icon-minus2\" aria-hidden=\"true\"><\/i><\/div><div class=\"project-single--header-title\"><h4>S\u2019attaquer \u00e0 la pauvret\u00e9 gr\u00e2ce \u00e0 l\u2019engagement canadien<\/h4><\/div><div class=\"project-single--header-thumbnail\"><img decoding=\"async\" src=\"https:\/\/cusointernational.org\/wp-content\/uploads\/project-gender-equality.jpg\"><\/div><\/div><div class=\"project-single--body\"><div class=\"project-single--body-about\"><p>Notre vision d\u2019un monde exempt de pauvret\u00e9 implique la contribution de tout le monde. Nos coop\u00e9rants-volontaires hautement qualifi\u00e9s travaillent de concert avec des organismes de pays en d\u00e9veloppement afin d\u2019apporter des changements concrets et durables sur le terrain. Notre projet SHARE, qui vise principalement \u00e0 promouvoir l\u2019\u00e9galit\u00e9 entre les sexes, a pour objectif d\u2019atteindre 1,8 million de personnes au cours des 7 prochaines ann\u00e9es (2020-2027) au B\u00e9nin, au Cameroun, en Colombie, en \u00c9thiopie, au Honduras, en Jama\u00efque, au Nigeria, au P\u00e9rou, en R\u00e9publique d\u00e9mocratique du Congo et en Tanzanie. Nous enverrons des coop\u00e9rants-volontaires canadiens aider nos partenaires locaux \u00e0 faire avancer les Objectifs de d\u00e9veloppement strat\u00e9gique.<\/p><\/div><div class=\"project-single--body-link\"><a href=\"\/fr\/faire-un-don\/\"><i class=\"fas fa-heart\" aria-hidden=\"true\"><\/i> SOUTENIR CE PROJET<\/a><\/div><\/div>    \n                <\/div>\n                \n                            \n                <div class=\"project-single\" style=\"background-color:#EFFAFD\">\n                    \n                    <div class=\"project-single--header\"><div class=\"project-single--header-icon\"><i class=\"ua-icon ua-icon-plus2\" aria-hidden=\"true\"><\/i><i class=\"ua-icon ua-icon-minus2\" aria-hidden=\"true\"><\/i><\/div><div class=\"project-single--header-title\"><h4>Removing the Barriers to Girls Education in Ethiopia <\/h4><\/div><div class=\"project-single--header-thumbnail\"><img decoding=\"async\" src=\"https:\/\/cusointernational.org\/wp-content\/uploads\/project-education-ethiopia.jpg\"><\/div><\/div><div class=\"project-single--body\"><div class=\"project-single--body-about\"><p>The number of girls enrolled in primary school in Ethiopia has more than doubled in the past 20 years but remains below half the population. In secondary school, girls from rural areas have an average education of Grade 8, while their urban counterparts increase slightly to Grade 10. Only 27 per cent of students at the post-secondary level are women. We are partnering with the Institute of International Education to ensure all girls receive an education. Over the next five years (2020-25), we're enhancing academic, social and soft skills for adolescent girls, including those with disabilities. We're strengthening the capacity of teachers and education institutions to deliver quality and gender-sensitive education and we're boosting the enrolment of girls at the post-secondary level.<\/p><\/div><div class=\"project-single--body-link\"><a href=\"\/fr\/faire-un-don\/\"><i class=\"fas fa-heart\" aria-hidden=\"true\"><\/i> SOUTENIR CE PROJET<\/a><\/div><\/div>    \n                <\/div>\n                \n                            \n                <div class=\"project-single\" style=\"background-color:#EFFAFD\">\n                    \n                    <div class=\"project-single--header\"><div class=\"project-single--header-icon\"><i class=\"ua-icon ua-icon-plus2\" aria-hidden=\"true\"><\/i><i class=\"ua-icon ua-icon-minus2\" aria-hidden=\"true\"><\/i><\/div><div class=\"project-single--header-title\"><h4>Supporting women with disabilities<\/h4><\/div><div class=\"project-single--header-thumbnail\"><img decoding=\"async\" src=\"https:\/\/cusointernational.org\/wp-content\/uploads\/20220714_104712-1-rotated-e1673985329543.jpg\"><\/div><\/div><div class=\"project-single--body\"><div class=\"project-single--body-about\"><p>Misunderstandings about persons with intellectual disabilities can make interactions in the community more difficult. Cuso International, along with local partners in Jamaica, is providing women with disabilities the skills training to grow their own food through sustainable farming methods and hydroponic farming enabling greater food security.<\/p><\/div><div class=\"project-single--body-link\"><a href=\"\/fr\/faire-un-don\/\"><i class=\"fas fa-heart\" aria-hidden=\"true\"><\/i> SOUTENIR CE PROJET<\/a><\/div><\/div>    \n                <\/div>\n                \n                <\/div>\r\n<p>Cuso International tient \u00e9galement \u00e0 souligner le pr\u00e9cieux soutien financier du gouvernement du Canada, par l&#8217;entremise d&#8217;Affaires mondiales Canada, ainsi que de ses autres bailleurs de fonds, donateurs et alli\u00e9s.<\/p>\r\n<p><img loading=\"lazy\" decoding=\"async\" title=\"partners-partenaires-colors-fr_Resized\" src=\"https:\/\/cusointernational.org\/wp-content\/uploads\/partners-partenaires-colors-fr_Resized.jpg\" alt=\"partners-partenaires-colors-fr_Resized\" width=\"250\" height=\"100\" \/><\/p>\r\n<h2>Des t\u00e9moignages inspirants<\/h2>\r\n\r\n<h2>Investir dans les femmes et les filles<\/h2>\r\n<p>Votre contribution permet de promouvoir l&#8217;\u00e9galit\u00e9 entre les sexes et de mettre de l&#8217;avant des solutions durables et \u00e9quitables pour \u00e9liminer la pauvret\u00e9 \u00e0 travers le monde. Vous \u00eates le point de d\u00e9part d&#8217;un avenir inclusif!<\/p>\r\n<p><a role=\"button\" href=\"https:\/\/cusointernational.org\/fr\/faire-un-don\/\" target=\"_self\" rel=\"noopener\"> FAIRE UN DON <\/a><\/p>\r\n","protected":false},"excerpt":{"rendered":"<p>NOTRE OBJECTIF ACCRO\u00ceTRE L&#8217;\u00c9GALIT\u00c9 DES GENRES ET L&#8217;INCLUSION SOCIAL Nous luttons activement contre les in\u00e9galit\u00e9s, l&#8217;injustice et la marginalisation afin d&#8217;atteindre l&#8217;\u00e9galit\u00e9 des chances. FAIRE UN DON Militer pour l&#8217;\u00e9galit\u00e9 et l&#8217;inclusion L&#8217;\u00e9galit\u00e9 des genres et l&#8217;inclusion sociale ne sont pas uniquement des droits fondamentaux, ce sont aussi les \u00e9l\u00e9ments essentiels de la lutte \u00e0&hellip;<\/p>\n","protected":false},"author":6,"featured_media":32518,"parent":0,"menu_order":0,"comment_status":"closed","ping_status":"closed","template":"","meta":{"_acf_changed":false,"footnotes":""},"tags":[],"class_list":["post-36646","page","type-page","status-publish","has-post-thumbnail","hentry"],"acf":[],"yoast_head":"<!-- This site is optimized with the Yoast SEO plugin v27.4 - https:\/\/yoast.com\/product\/yoast-seo-wordpress\/ -->\n<title>Autonomiser les femmes et les filles | Cuso International<\/title>\n<meta name=\"description\" content=\"Cuso&#039;s development programs &amp; international volunteers work to advance gender equality &amp; improve economic opportunities for youth across four continents.\" \/>\n<meta name=\"robots\" content=\"index, follow, max-snippet:-1, max-image-preview:large, max-video-preview:-1\" \/>\n<link rel=\"canonical\" href=\"https:\/\/cusointernational.org\/fr\/egalite-des-genres-et-inclusion-sociale\/\" \/>\n<meta property=\"og:locale\" content=\"fr_FR\" \/>\n<meta property=\"og:type\" content=\"article\" \/>\n<meta property=\"og:title\" content=\"Autonomiser les femmes et les filles | Cuso International\" \/>\n<meta property=\"og:description\" content=\"Cuso&#039;s development programs &amp; international volunteers work to advance gender equality &amp; improve economic opportunities for youth across four continents.\" \/>\n<meta property=\"og:url\" content=\"https:\/\/cusointernational.org\/fr\/egalite-des-genres-et-inclusion-sociale\/\" \/>\n<meta property=\"og:site_name\" content=\"Cuso International\" \/>\n<meta property=\"article:modified_time\" content=\"2023-03-04T13:25:57+00:00\" \/>\n<meta property=\"og:image\" content=\"https:\/\/cusointernational.org\/wp-content\/uploads\/empowering-women-hero.jpg\" \/>\n\t<meta property=\"og:image:width\" content=\"1600\" \/>\n\t<meta property=\"og:image:height\" content=\"1000\" \/>\n\t<meta property=\"og:image:type\" content=\"image\/jpeg\" \/>\n<meta name=\"twitter:card\" content=\"summary_large_image\" \/>\n<meta name=\"twitter:label1\" content=\"Dur\u00e9e de lecture estim\u00e9e\" \/>\n\t<meta name=\"twitter:data1\" content=\"3 minutes\" \/>\n<script type=\"application\/ld+json\" class=\"yoast-schema-graph\">{\"@context\":\"https:\\\/\\\/schema.org\",\"@graph\":[{\"@type\":\"WebPage\",\"@id\":\"https:\\\/\\\/cusointernational.org\\\/fr\\\/egalite-des-genres-et-inclusion-sociale\\\/\",\"url\":\"https:\\\/\\\/cusointernational.org\\\/fr\\\/egalite-des-genres-et-inclusion-sociale\\\/\",\"name\":\"Autonomiser les femmes et les filles | Cuso International\",\"isPartOf\":{\"@id\":\"https:\\\/\\\/cusointernational.org\\\/fr\\\/#website\"},\"primaryImageOfPage\":{\"@id\":\"https:\\\/\\\/cusointernational.org\\\/fr\\\/egalite-des-genres-et-inclusion-sociale\\\/#primaryimage\"},\"image\":{\"@id\":\"https:\\\/\\\/cusointernational.org\\\/fr\\\/egalite-des-genres-et-inclusion-sociale\\\/#primaryimage\"},\"thumbnailUrl\":\"https:\\\/\\\/cusointernational.org\\\/wp-content\\\/uploads\\\/empowering-women-hero.jpg\",\"datePublished\":\"2020-09-18T20:41:12+00:00\",\"dateModified\":\"2023-03-04T13:25:57+00:00\",\"description\":\"Cuso's development programs & international volunteers work to advance gender equality & improve economic opportunities for youth across four continents.\",\"breadcrumb\":{\"@id\":\"https:\\\/\\\/cusointernational.org\\\/fr\\\/egalite-des-genres-et-inclusion-sociale\\\/#breadcrumb\"},\"inLanguage\":\"fr-FR\",\"potentialAction\":[{\"@type\":\"ReadAction\",\"target\":[\"https:\\\/\\\/cusointernational.org\\\/fr\\\/egalite-des-genres-et-inclusion-sociale\\\/\"]}]},{\"@type\":\"ImageObject\",\"inLanguage\":\"fr-FR\",\"@id\":\"https:\\\/\\\/cusointernational.org\\\/fr\\\/egalite-des-genres-et-inclusion-sociale\\\/#primaryimage\",\"url\":\"https:\\\/\\\/cusointernational.org\\\/wp-content\\\/uploads\\\/empowering-women-hero.jpg\",\"contentUrl\":\"https:\\\/\\\/cusointernational.org\\\/wp-content\\\/uploads\\\/empowering-women-hero.jpg\",\"width\":1600,\"height\":1000,\"caption\":\"Woman with infant\"},{\"@type\":\"BreadcrumbList\",\"@id\":\"https:\\\/\\\/cusointernational.org\\\/fr\\\/egalite-des-genres-et-inclusion-sociale\\\/#breadcrumb\",\"itemListElement\":[{\"@type\":\"ListItem\",\"position\":1,\"name\":\"Home\",\"item\":\"https:\\\/\\\/cusointernational.org\\\/fr\\\/\"},{\"@type\":\"ListItem\",\"position\":2,\"name\":\"\u00c9galit\u00e9 des genres et inclusion sociale\"}]},{\"@type\":\"WebSite\",\"@id\":\"https:\\\/\\\/cusointernational.org\\\/fr\\\/#website\",\"url\":\"https:\\\/\\\/cusointernational.org\\\/fr\\\/\",\"name\":\"Cuso International\",\"description\":\"Connecting communities around the world with skilled Canadians to help end poverty\",\"potentialAction\":[{\"@type\":\"SearchAction\",\"target\":{\"@type\":\"EntryPoint\",\"urlTemplate\":\"https:\\\/\\\/cusointernational.org\\\/fr\\\/?s={search_term_string}\"},\"query-input\":{\"@type\":\"PropertyValueSpecification\",\"valueRequired\":true,\"valueName\":\"search_term_string\"}}],\"inLanguage\":\"fr-FR\"}]}<\/script>\n<!-- \/ Yoast SEO plugin. -->","yoast_head_json":{"title":"Autonomiser les femmes et les filles | Cuso International","description":"Cuso's development programs & international volunteers work to advance gender equality & improve economic opportunities for youth across four continents.","robots":{"index":"index","follow":"follow","max-snippet":"max-snippet:-1","max-image-preview":"max-image-preview:large","max-video-preview":"max-video-preview:-1"},"canonical":"https:\/\/cusointernational.org\/fr\/egalite-des-genres-et-inclusion-sociale\/","og_locale":"fr_FR","og_type":"article","og_title":"Autonomiser les femmes et les filles | Cuso International","og_description":"Cuso's development programs & international volunteers work to advance gender equality & improve economic opportunities for youth across four continents.","og_url":"https:\/\/cusointernational.org\/fr\/egalite-des-genres-et-inclusion-sociale\/","og_site_name":"Cuso International","article_modified_time":"2023-03-04T13:25:57+00:00","og_image":[{"width":1600,"height":1000,"url":"https:\/\/cusointernational.org\/wp-content\/uploads\/empowering-women-hero.jpg","type":"image\/jpeg"}],"twitter_card":"summary_large_image","twitter_misc":{"Dur\u00e9e de lecture estim\u00e9e":"3 minutes"},"schema":{"@context":"https:\/\/schema.org","@graph":[{"@type":"WebPage","@id":"https:\/\/cusointernational.org\/fr\/egalite-des-genres-et-inclusion-sociale\/","url":"https:\/\/cusointernational.org\/fr\/egalite-des-genres-et-inclusion-sociale\/","name":"Autonomiser les femmes et les filles | Cuso International","isPartOf":{"@id":"https:\/\/cusointernational.org\/fr\/#website"},"primaryImageOfPage":{"@id":"https:\/\/cusointernational.org\/fr\/egalite-des-genres-et-inclusion-sociale\/#primaryimage"},"image":{"@id":"https:\/\/cusointernational.org\/fr\/egalite-des-genres-et-inclusion-sociale\/#primaryimage"},"thumbnailUrl":"https:\/\/cusointernational.org\/wp-content\/uploads\/empowering-women-hero.jpg","datePublished":"2020-09-18T20:41:12+00:00","dateModified":"2023-03-04T13:25:57+00:00","description":"Cuso's development programs & international volunteers work to advance gender equality & improve economic opportunities for youth across four continents.","breadcrumb":{"@id":"https:\/\/cusointernational.org\/fr\/egalite-des-genres-et-inclusion-sociale\/#breadcrumb"},"inLanguage":"fr-FR","potentialAction":[{"@type":"ReadAction","target":["https:\/\/cusointernational.org\/fr\/egalite-des-genres-et-inclusion-sociale\/"]}]},{"@type":"ImageObject","inLanguage":"fr-FR","@id":"https:\/\/cusointernational.org\/fr\/egalite-des-genres-et-inclusion-sociale\/#primaryimage","url":"https:\/\/cusointernational.org\/wp-content\/uploads\/empowering-women-hero.jpg","contentUrl":"https:\/\/cusointernational.org\/wp-content\/uploads\/empowering-women-hero.jpg","width":1600,"height":1000,"caption":"Woman with infant"},{"@type":"BreadcrumbList","@id":"https:\/\/cusointernational.org\/fr\/egalite-des-genres-et-inclusion-sociale\/#breadcrumb","itemListElement":[{"@type":"ListItem","position":1,"name":"Home","item":"https:\/\/cusointernational.org\/fr\/"},{"@type":"ListItem","position":2,"name":"\u00c9galit\u00e9 des genres et inclusion sociale"}]},{"@type":"WebSite","@id":"https:\/\/cusointernational.org\/fr\/#website","url":"https:\/\/cusointernational.org\/fr\/","name":"Cuso International","description":"Connecting communities around the world with skilled Canadians to help end poverty","potentialAction":[{"@type":"SearchAction","target":{"@type":"EntryPoint","urlTemplate":"https:\/\/cusointernational.org\/fr\/?s={search_term_string}"},"query-input":{"@type":"PropertyValueSpecification","valueRequired":true,"valueName":"search_term_string"}}],"inLanguage":"fr-FR"}]}},"_links":{"self":[{"href":"https:\/\/cusointernational.org\/fr\/wp-json\/wp\/v2\/pages\/36646","targetHints":{"allow":["GET"]}}],"collection":[{"href":"https:\/\/cusointernational.org\/fr\/wp-json\/wp\/v2\/pages"}],"about":[{"href":"https:\/\/cusointernational.org\/fr\/wp-json\/wp\/v2\/types\/page"}],"author":[{"embeddable":true,"href":"https:\/\/cusointernational.org\/fr\/wp-json\/wp\/v2\/users\/6"}],"replies":[{"embeddable":true,"href":"https:\/\/cusointernational.org\/fr\/wp-json\/wp\/v2\/comments?post=36646"}],"version-history":[{"count":0,"href":"https:\/\/cusointernational.org\/fr\/wp-json\/wp\/v2\/pages\/36646\/revisions"}],"wp:featuredmedia":[{"embeddable":true,"href":"https:\/\/cusointernational.org\/fr\/wp-json\/wp\/v2\/media\/32518"}],"wp:attachment":[{"href":"https:\/\/cusointernational.org\/fr\/wp-json\/wp\/v2\/media?parent=36646"}],"wp:term":[{"taxonomy":"post_tag","embeddable":true,"href":"https:\/\/cusointernational.org\/fr\/wp-json\/wp\/v2\/tags?post=36646"}],"curies":[{"name":"wp","href":"https:\/\/api.w.org\/{rel}","templated":true}]}}