{"id":36643,"date":"2020-09-18T16:52:54","date_gmt":"2020-09-18T20:52:54","guid":{"rendered":"https:\/\/cuso.wpengine.com\/faites-un-don-testamentaire\/"},"modified":"2025-04-22T14:58:37","modified_gmt":"2025-04-22T18:58:37","slug":"don-testamentaire","status":"publish","type":"page","link":"https:\/\/cusointernational.org\/fr\/don-testamentaire\/","title":{"rendered":"Faites un don testamentaire"},"content":{"rendered":"\n\n<h1>\n\t\tFaites un don pour les g\u00e9n\u00e9rations futures\n\t<\/h1>\n\t<p>L\u00e9guez un avenir meilleur aux femmes et aux filles des quatre coins du monde. Faire un don testamentaire, c&#8217;est laisser un h\u00e9ritage aux g\u00e9n\u00e9rations futures.<\/p>\n\t\t\t<a href=\"#connect\" target=\"_self\">\n\t\t\t\t\t\t\tEN SAVOIR PLUS\n\t\t\t\t\t<\/a>\n<h2>\n\t\tPourquoi faire un don testamentaire\n\t<\/h2>\n\t<p>Un don testamentaire est un engagement solennel envers l&#8217;autonomisation des communaut\u00e9s et la lutte \u00e0 la pauvret\u00e9. Votre g\u00e9n\u00e9rosit\u00e9 sera vitale pour la cr\u00e9ation d&#8217;un monde \u00e9quitable et durable pour tous et pour toutes, tout particuli\u00e8rement pour les femmes et les filles. Des transformations de ce genre n&#8217;ont pas lieu en un jour. Elles s&#8217;installent sur des d\u00e9cennies.<\/p>\n<h3>\n\t\tDes d\u00e9cennies de solidarit\u00e9\n\t<\/h3>\n\t<p>Au d\u00e9but de leur vie commune, Darlene et Mark\u202fJohnson ont pris le temps de r\u00e9fl\u00e9chir \u00e0 leurs valeurs et aux fa\u00e7ons de les incarner au quotidien.<\/p>\n<p>C&#8217;est alors qu&#8217;est n\u00e9e une longue tradition de solidarit\u00e9. Plus de 46\u202fans plus tard, Darlene et Mark continuent \u00e0 contribuer financi\u00e8rement \u00e0 la mission de Cuso International.<\/p>\n<p><strong><a href=\"https:\/\/cusointernational.org\/fr\/recit\/des-decennies-de-solidarite\/\">En Savoir Plus<\/a><\/strong><\/p>\n<h2>\n\t\tPossibilit\u00e9s de don testamentaire\n\t<\/h2>\n\t\t\t\t\t\t<h5>Legs r\u00e9siduel<\/h5>\n\t\t\t<p>Le legs r\u00e9siduel est la partie restante de votre succession lorsque tous les legs particuliers (dont ceux de vos proches) ont \u00e9t\u00e9 acquitt\u00e9s. Le montant r\u00e9siduel est alors vers\u00e9 \u00e0 Cuso International.<\/p>\n<p>Voici un exemple de libell\u00e9 \u00e0 utiliser si vous d\u00e9cidez d&#8217;ajouter Cuso International \u00e0 votre testament apr\u00e8s consultation avec votre planificateur financier : \u00ab Je laisse \u00e0 Cuso International cent pour cent (100 %) de ma succession, apr\u00e8s le paiement des dettes et des legs sp\u00e9cifiques, dont Cuso International pourra faire usage librement. \u00bb<\/p>\n\t\t\t\t\t\t<h5>Pourcentage de votre succession<\/h5>\n\t\t\t<p>Cette option vous permet de diviser votre succession en parties \u00e9gales, en laissant l&#8217;une d&#8217;elles \u00e0 Cuso International. De cette fa\u00e7on, Cuso International sera trait\u00e9 comme un membre de la famille lors de votre succession.<\/p>\n<p>Voici un exemple de libell\u00e9 \u00e0 utiliser si vous d\u00e9cidez d&#8217;ajouter Cuso International \u00e0 votre testament apr\u00e8s consultation avec votre planificateur financier : \u00ab Je laisse \u00e0 Cuso International _____ pour cent de la valeur de ma succession dont il pourra faire usage librement. \u00bb<\/p>\n\t\t\t\t\t\t<h5>Legs sp\u00e9cifique<\/h5>\n\t\t\t<p>Un legs sp\u00e9cifique vous permet de l\u00e9guer un montant pr\u00e9cis \u00e0 Cuso International. C&#8217;est une bonne option si vous \u00eates certain de pouvoir respecter toutes les priorit\u00e9s et les engagements de votre succession.<\/p>\n<p>Voici un exemple de libell\u00e9 \u00e0 utiliser si vous d\u00e9cidez d&#8217;ajouter Cuso International \u00e0 votre testament apr\u00e8s consultation avec votre planificateur financier : \u00ab Je laisse \u00e0 Cuso International la somme de _____ $ dont il pourra faire usage librement. \u00bb<\/p>\n\t\t\t\t\t\t<h5>Don d&#8217;assurance-vie<\/h5>\n\t\t\t<p>On l&#8217;oublie souvent, mais une assurance-vie est un actif. C&#8217;est aussi une fa\u00e7on simple et efficace de faire un don de vie aux personnes d\u00e9favoris\u00e9es. Mieux encore, c&#8217;est avantageux pour votre succession! Bref, un don d&#8217;assurance-vie est une fa\u00e7on peu co\u00fbteuse de changer le monde \u00e0 long terme.<\/p>\n<p>\u00a0<\/p>\n<p>Diff\u00e9rentes options sont possibles :<\/p>\n<ul>\n<li><strong>Transf\u00e9rer la propri\u00e9t\u00e9 d&#8217;une police acquitt\u00e9e (int\u00e9gralement pay\u00e9e)<\/strong> en d\u00e9signant Cuso International comme b\u00e9n\u00e9ficiaire. Vous pourrez alors recevoir un re\u00e7u d&#8217;imp\u00f4t pour don de bienfaisance pour la juste valeur marchande de votre police, ou demander qu&#8217;il soit appliqu\u00e9 ult\u00e9rieurement \u00e0 votre succession.<\/li>\n<li><strong>Transf\u00e9rer la propri\u00e9t\u00e9 d&#8217;une police partiellement acquitt\u00e9e<\/strong> en d\u00e9signant Cuso International comme b\u00e9n\u00e9ficiaire. Vous recevrez un re\u00e7u d&#8217;imp\u00f4t pour don de bienfaisance pour la juste valeur marchande de votre police, ainsi qu&#8217;un re\u00e7u d&#8217;imp\u00f4t annuel pour vos futurs versements de primes.<\/li>\n<li><strong>Prendre une nouvelle police en d\u00e9signant<\/strong> Cuso International comme b\u00e9n\u00e9ficiaire, ce qui vous permettra de recevoir un re\u00e7u d&#8217;imp\u00f4t annuel pour vos futurs versements de primes.<\/li>\n<li><strong>D\u00e9signer Cuso International comme b\u00e9n\u00e9ficiaire<\/strong> de la police d&#8217;assurance individuelle ou collective pay\u00e9e par votre employeur. Votre succession recevra alors un re\u00e7u d&#8217;imp\u00f4t pour don de bienfaisance.<\/li>\n<\/ul>\n<h3>\n\t\tMod\u00e8le de r\u00e9ponse et num\u00e9ro d&#8217;organisme de bienfaisance\n\t<\/h3>\n\t<p>J&#8217;envoie, verse ou transf\u00e8re la somme de _____ $ (_____ % de ma succession) \u00e0 Cuso International (dont le bureau principal est actuellement situ\u00e9 au 123 rue Slater, bureau 800, Ottawa, ON K1P 5H2 afin qu&#8217;il en fasse usage librement. Le re\u00e7u \u00e9mis par un employ\u00e9 responsable de Cuso International constituera une quittance valable pour mes fiduciaires.<\/p>\n<p><strong>Num\u00e9ro d&#8217;organisme de bienfaisance\u00a0: 81111 6813 RR0001<\/strong><\/p>\n<h3>\n\t\tNous vous accompagnerons \u00e0 chaque \u00e9tape\n\t<\/h3>\n\t<p>L\u00e9guer des communaut\u00e9s solides, des familles en sant\u00e9 et des gagne-pain durables vous tient \u00e0 c\u0153ur? Communiquez avec nous! N&#8217;h\u00e9sitez pas \u00e0 communiquer par email at <a href=\"mailto:nicole.burgess@cusointernational.org\">info@cusointernational.org<\/a>.)<\/p>\n<p>&nbsp;<\/p>\n<p><strong>D\u00e9nomination sociale :<\/strong> Cuso International<\/p>\n<p><strong>No d&#8217;organisme de charit\u00e9 (CAN) :<\/strong> 81111 6813 RR0001<\/p>\n<p><strong>No d&#8217;organisme de charit\u00e9 (USA) :<\/strong> EIN 30-0545486<\/p>\n\n","protected":false},"excerpt":{"rendered":"<p>Faites un don pour les g\u00e9n\u00e9rations futures L\u00e9guez un avenir meilleur aux femmes et aux filles des quatre coins du monde. Faire un don testamentaire, c&#8217;est laisser un h\u00e9ritage aux g\u00e9n\u00e9rations futures. EN SAVOIR PLUS Pourquoi faire un don testamentaire Un don testamentaire est un engagement solennel envers l&#8217;autonomisation des communaut\u00e9s et la lutte \u00e0&hellip;<\/p>\n","protected":false},"author":6,"featured_media":32587,"parent":0,"menu_order":0,"comment_status":"closed","ping_status":"closed","template":"","meta":{"_acf_changed":false,"footnotes":""},"tags":[],"class_list":["post-36643","page","type-page","status-publish","has-post-thumbnail","hentry"],"acf":[],"yoast_head":"<!-- This site is optimized with the Yoast SEO plugin v27.4 - https:\/\/yoast.com\/product\/yoast-seo-wordpress\/ -->\n<title>Faites un don testamentaire | Cuso International<\/title>\n<meta name=\"description\" content=\"Les programmes de d\u00e9veloppement et les coop\u00e9rants-volontaires de Cuso visent \u00e0 promouvoir l\u2019\u00e9galit\u00e9 entre les sexes et \u00e0 offrir de nouvelles perspectives \u00e9conomiques aux jeunes de quatre continents.\" \/>\n<meta name=\"robots\" content=\"index, follow, max-snippet:-1, max-image-preview:large, max-video-preview:-1\" \/>\n<link rel=\"canonical\" href=\"https:\/\/cusointernational.org\/fr\/don-testamentaire\/\" \/>\n<meta property=\"og:locale\" content=\"fr_FR\" \/>\n<meta property=\"og:type\" content=\"article\" \/>\n<meta property=\"og:title\" content=\"Faites un don testamentaire | Cuso International\" \/>\n<meta property=\"og:description\" content=\"Les programmes de d\u00e9veloppement et les coop\u00e9rants-volontaires de Cuso visent \u00e0 promouvoir l\u2019\u00e9galit\u00e9 entre les sexes et \u00e0 offrir de nouvelles perspectives \u00e9conomiques aux jeunes de quatre continents.\" \/>\n<meta property=\"og:url\" content=\"https:\/\/cusointernational.org\/fr\/don-testamentaire\/\" \/>\n<meta property=\"og:site_name\" content=\"Cuso International\" \/>\n<meta property=\"article:modified_time\" content=\"2025-04-22T18:58:37+00:00\" \/>\n<meta property=\"og:image\" content=\"https:\/\/cusointernational.org\/wp-content\/uploads\/legacy-hero.jpg\" \/>\n\t<meta property=\"og:image:width\" content=\"1600\" \/>\n\t<meta property=\"og:image:height\" content=\"1000\" \/>\n\t<meta property=\"og:image:type\" content=\"image\/jpeg\" \/>\n<meta name=\"twitter:card\" content=\"summary_large_image\" \/>\n<meta name=\"twitter:label1\" content=\"Dur\u00e9e de lecture estim\u00e9e\" \/>\n\t<meta name=\"twitter:data1\" content=\"4 minutes\" \/>\n<script type=\"application\/ld+json\" class=\"yoast-schema-graph\">{\"@context\":\"https:\\\/\\\/schema.org\",\"@graph\":[{\"@type\":\"WebPage\",\"@id\":\"https:\\\/\\\/cusointernational.org\\\/fr\\\/don-testamentaire\\\/\",\"url\":\"https:\\\/\\\/cusointernational.org\\\/fr\\\/don-testamentaire\\\/\",\"name\":\"Faites un don testamentaire | Cuso International\",\"isPartOf\":{\"@id\":\"https:\\\/\\\/cusointernational.org\\\/fr\\\/#website\"},\"primaryImageOfPage\":{\"@id\":\"https:\\\/\\\/cusointernational.org\\\/fr\\\/don-testamentaire\\\/#primaryimage\"},\"image\":{\"@id\":\"https:\\\/\\\/cusointernational.org\\\/fr\\\/don-testamentaire\\\/#primaryimage\"},\"thumbnailUrl\":\"https:\\\/\\\/cusointernational.org\\\/wp-content\\\/uploads\\\/legacy-hero.jpg\",\"datePublished\":\"2020-09-18T20:52:54+00:00\",\"dateModified\":\"2025-04-22T18:58:37+00:00\",\"description\":\"Les programmes de d\u00e9veloppement et les coop\u00e9rants-volontaires de Cuso visent \u00e0 promouvoir l\u2019\u00e9galit\u00e9 entre les sexes et \u00e0 offrir de nouvelles perspectives \u00e9conomiques aux jeunes de quatre continents.\",\"breadcrumb\":{\"@id\":\"https:\\\/\\\/cusointernational.org\\\/fr\\\/don-testamentaire\\\/#breadcrumb\"},\"inLanguage\":\"fr-FR\",\"potentialAction\":[{\"@type\":\"ReadAction\",\"target\":[\"https:\\\/\\\/cusointernational.org\\\/fr\\\/don-testamentaire\\\/\"]}]},{\"@type\":\"ImageObject\",\"inLanguage\":\"fr-FR\",\"@id\":\"https:\\\/\\\/cusointernational.org\\\/fr\\\/don-testamentaire\\\/#primaryimage\",\"url\":\"https:\\\/\\\/cusointernational.org\\\/wp-content\\\/uploads\\\/legacy-hero.jpg\",\"contentUrl\":\"https:\\\/\\\/cusointernational.org\\\/wp-content\\\/uploads\\\/legacy-hero.jpg\",\"width\":1600,\"height\":1000},{\"@type\":\"BreadcrumbList\",\"@id\":\"https:\\\/\\\/cusointernational.org\\\/fr\\\/don-testamentaire\\\/#breadcrumb\",\"itemListElement\":[{\"@type\":\"ListItem\",\"position\":1,\"name\":\"Home\",\"item\":\"https:\\\/\\\/cusointernational.org\\\/fr\\\/\"},{\"@type\":\"ListItem\",\"position\":2,\"name\":\"Faites un don testamentaire\"}]},{\"@type\":\"WebSite\",\"@id\":\"https:\\\/\\\/cusointernational.org\\\/fr\\\/#website\",\"url\":\"https:\\\/\\\/cusointernational.org\\\/fr\\\/\",\"name\":\"Cuso International\",\"description\":\"Connecting communities around the world with skilled Canadians to help end poverty\",\"potentialAction\":[{\"@type\":\"SearchAction\",\"target\":{\"@type\":\"EntryPoint\",\"urlTemplate\":\"https:\\\/\\\/cusointernational.org\\\/fr\\\/?s={search_term_string}\"},\"query-input\":{\"@type\":\"PropertyValueSpecification\",\"valueRequired\":true,\"valueName\":\"search_term_string\"}}],\"inLanguage\":\"fr-FR\"}]}<\/script>\n<!-- \/ Yoast SEO plugin. -->","yoast_head_json":{"title":"Faites un don testamentaire | Cuso International","description":"Les programmes de d\u00e9veloppement et les coop\u00e9rants-volontaires de Cuso visent \u00e0 promouvoir l\u2019\u00e9galit\u00e9 entre les sexes et \u00e0 offrir de nouvelles perspectives \u00e9conomiques aux jeunes de quatre continents.","robots":{"index":"index","follow":"follow","max-snippet":"max-snippet:-1","max-image-preview":"max-image-preview:large","max-video-preview":"max-video-preview:-1"},"canonical":"https:\/\/cusointernational.org\/fr\/don-testamentaire\/","og_locale":"fr_FR","og_type":"article","og_title":"Faites un don testamentaire | Cuso International","og_description":"Les programmes de d\u00e9veloppement et les coop\u00e9rants-volontaires de Cuso visent \u00e0 promouvoir l\u2019\u00e9galit\u00e9 entre les sexes et \u00e0 offrir de nouvelles perspectives \u00e9conomiques aux jeunes de quatre continents.","og_url":"https:\/\/cusointernational.org\/fr\/don-testamentaire\/","og_site_name":"Cuso International","article_modified_time":"2025-04-22T18:58:37+00:00","og_image":[{"width":1600,"height":1000,"url":"https:\/\/cusointernational.org\/wp-content\/uploads\/legacy-hero.jpg","type":"image\/jpeg"}],"twitter_card":"summary_large_image","twitter_misc":{"Dur\u00e9e de lecture estim\u00e9e":"4 minutes"},"schema":{"@context":"https:\/\/schema.org","@graph":[{"@type":"WebPage","@id":"https:\/\/cusointernational.org\/fr\/don-testamentaire\/","url":"https:\/\/cusointernational.org\/fr\/don-testamentaire\/","name":"Faites un don testamentaire | Cuso International","isPartOf":{"@id":"https:\/\/cusointernational.org\/fr\/#website"},"primaryImageOfPage":{"@id":"https:\/\/cusointernational.org\/fr\/don-testamentaire\/#primaryimage"},"image":{"@id":"https:\/\/cusointernational.org\/fr\/don-testamentaire\/#primaryimage"},"thumbnailUrl":"https:\/\/cusointernational.org\/wp-content\/uploads\/legacy-hero.jpg","datePublished":"2020-09-18T20:52:54+00:00","dateModified":"2025-04-22T18:58:37+00:00","description":"Les programmes de d\u00e9veloppement et les coop\u00e9rants-volontaires de Cuso visent \u00e0 promouvoir l\u2019\u00e9galit\u00e9 entre les sexes et \u00e0 offrir de nouvelles perspectives \u00e9conomiques aux jeunes de quatre continents.","breadcrumb":{"@id":"https:\/\/cusointernational.org\/fr\/don-testamentaire\/#breadcrumb"},"inLanguage":"fr-FR","potentialAction":[{"@type":"ReadAction","target":["https:\/\/cusointernational.org\/fr\/don-testamentaire\/"]}]},{"@type":"ImageObject","inLanguage":"fr-FR","@id":"https:\/\/cusointernational.org\/fr\/don-testamentaire\/#primaryimage","url":"https:\/\/cusointernational.org\/wp-content\/uploads\/legacy-hero.jpg","contentUrl":"https:\/\/cusointernational.org\/wp-content\/uploads\/legacy-hero.jpg","width":1600,"height":1000},{"@type":"BreadcrumbList","@id":"https:\/\/cusointernational.org\/fr\/don-testamentaire\/#breadcrumb","itemListElement":[{"@type":"ListItem","position":1,"name":"Home","item":"https:\/\/cusointernational.org\/fr\/"},{"@type":"ListItem","position":2,"name":"Faites un don testamentaire"}]},{"@type":"WebSite","@id":"https:\/\/cusointernational.org\/fr\/#website","url":"https:\/\/cusointernational.org\/fr\/","name":"Cuso International","description":"Connecting communities around the world with skilled Canadians to help end poverty","potentialAction":[{"@type":"SearchAction","target":{"@type":"EntryPoint","urlTemplate":"https:\/\/cusointernational.org\/fr\/?s={search_term_string}"},"query-input":{"@type":"PropertyValueSpecification","valueRequired":true,"valueName":"search_term_string"}}],"inLanguage":"fr-FR"}]}},"_links":{"self":[{"href":"https:\/\/cusointernational.org\/fr\/wp-json\/wp\/v2\/pages\/36643","targetHints":{"allow":["GET"]}}],"collection":[{"href":"https:\/\/cusointernational.org\/fr\/wp-json\/wp\/v2\/pages"}],"about":[{"href":"https:\/\/cusointernational.org\/fr\/wp-json\/wp\/v2\/types\/page"}],"author":[{"embeddable":true,"href":"https:\/\/cusointernational.org\/fr\/wp-json\/wp\/v2\/users\/6"}],"replies":[{"embeddable":true,"href":"https:\/\/cusointernational.org\/fr\/wp-json\/wp\/v2\/comments?post=36643"}],"version-history":[{"count":0,"href":"https:\/\/cusointernational.org\/fr\/wp-json\/wp\/v2\/pages\/36643\/revisions"}],"wp:featuredmedia":[{"embeddable":true,"href":"https:\/\/cusointernational.org\/fr\/wp-json\/wp\/v2\/media\/32587"}],"wp:attachment":[{"href":"https:\/\/cusointernational.org\/fr\/wp-json\/wp\/v2\/media?parent=36643"}],"wp:term":[{"taxonomy":"post_tag","embeddable":true,"href":"https:\/\/cusointernational.org\/fr\/wp-json\/wp\/v2\/tags?post=36643"}],"curies":[{"name":"wp","href":"https:\/\/api.w.org\/{rel}","templated":true}]}}